{"id":2276,"date":"2025-06-08T18:28:57","date_gmt":"2025-06-08T18:28:57","guid":{"rendered":"https:\/\/www.electronicajnc.com\/web\/?page_id=2276"},"modified":"2025-06-16T23:31:44","modified_gmt":"2025-06-16T23:31:44","slug":"cursos-de-robotica","status":"publish","type":"page","link":"https:\/\/www.electronicajnc.com\/web\/cursos-de-robotica\/","title":{"rendered":"Cursos de Rob\u00f3tica"},"content":{"rendered":"\n<h1 class=\"wp-block-heading has-text-align-center\"><strong><mark style=\"background-color:rgba(0, 0, 0, 0)\" class=\"has-inline-color has-kubio-color-4-color\"><em>Cursos de Rob\u00f3tica en Ecuador con Metodolog\u00eda STEAM: Donde la Creatividad Conquista la Tecnolog\u00eda<\/em><\/mark><\/strong>.<strong><mark style=\"background-color:rgba(0, 0, 0, 0)\" class=\"has-inline-color has-kubio-color-4-color\"> <\/mark><\/strong><\/h1>\n\n\n\n<p class=\"has-kubio-color-6-color has-text-color has-link-color has-medium-font-size wp-elements-8b34a4a545c9e4b75a6d52ffbb969a97\"><em>Aprende rob\u00f3tica integrando Ciencia, Tecnolog\u00eda, Ingenier\u00eda, Arte y Matem\u00e1ticas. Desarrolla soluciones innovadoras mientras construyes robots fascinantes.<\/em><\/p>\n\n\n\n<div class=\"wp-block-media-text is-stacked-on-mobile\" style=\"grid-template-columns:41% auto\"><figure class=\"wp-block-media-text__media\"><img fetchpriority=\"high\" decoding=\"async\" width=\"576\" height=\"1024\" src=\"https:\/\/www.electronicajnc.com\/web\/wp-content\/uploads\/2025\/06\/MDIG-Maria-Lopez-Sanchez-1-576x1024.jpg\" alt=\"Cursos de rob\u00f3tica\" class=\"wp-image-2280 size-full\" srcset=\"https:\/\/www.electronicajnc.com\/web\/wp-content\/uploads\/2025\/06\/MDIG-Maria-Lopez-Sanchez-1-576x1024.jpg 576w, https:\/\/www.electronicajnc.com\/web\/wp-content\/uploads\/2025\/06\/MDIG-Maria-Lopez-Sanchez-1-600x1066.jpg 600w, https:\/\/www.electronicajnc.com\/web\/wp-content\/uploads\/2025\/06\/MDIG-Maria-Lopez-Sanchez-1-169x300.jpg 169w, https:\/\/www.electronicajnc.com\/web\/wp-content\/uploads\/2025\/06\/MDIG-Maria-Lopez-Sanchez-1-608x1080.jpg 608w, https:\/\/www.electronicajnc.com\/web\/wp-content\/uploads\/2025\/06\/MDIG-Maria-Lopez-Sanchez-1.jpg 736w\" sizes=\"(max-width: 576px) 100vw, 576px\" \/><\/figure><div class=\"wp-block-media-text__content\">\n<p class=\"has-text-align-center has-kubio-color-6-color has-text-color has-link-color has-huge-font-size wp-elements-88e33f96a9da1a8e6c4de3780a2a11c0\"><strong><em>Abre tu mente al mundo de la&nbsp;<\/em><\/strong><mark><mark style=\"background-color:rgba(0, 0, 0, 0)\" class=\"has-inline-color has-kubio-color-4-color\">rob\u00f3tica<\/mark><\/mark><strong><em>, nuestros profesores con mas de<\/em><mark style=\"background-color:rgba(0, 0, 0, 0)\" class=\"has-inline-color has-kubio-color-4-color\"><em>&nbsp;<\/em><\/mark><\/strong><mark><mark style=\"background-color:rgba(0, 0, 0, 0)\" class=\"has-inline-color has-kubio-color-4-color\">25 a\u00f1os de experiencia<\/mark><\/mark><strong><em>&nbsp;te guiaran en esta traves\u00eda.<\/em><\/strong><\/p>\n<\/div><\/div>\n\n\n\n\n\n\n\n\n\n\n\n\n\n\n","protected":false},"excerpt":{"rendered":"<p>Cursos de Rob\u00f3tica en Ecuador con Metodolog\u00eda STEAM: Donde la Creatividad Conquista la Tecnolog\u00eda. Aprende rob\u00f3tica integrando Ciencia, Tecnolog\u00eda, Ingenier\u00eda, Arte y Matem\u00e1ticas. Desarrolla soluciones innovadoras mientras construyes robots fascinantes. Abre tu mente al mundo de la&nbsp;rob\u00f3tica, nuestros profesores con mas de&nbsp;25 a\u00f1os de experiencia&nbsp;te guiaran en esta traves\u00eda.<\/p>\n","protected":false},"author":86,"featured_media":0,"parent":0,"menu_order":0,"comment_status":"closed","ping_status":"closed","template":"","meta":{"saved_in_kubio":true,"_joinchat":[],"footnotes":""},"class_list":["post-2276","page","type-page","status-publish","hentry"],"kubio_ai_page_context":{"short_desc":"","purpose":"general"},"yoast_head":"<!-- This site is optimized with the Yoast SEO plugin v27.6 - https:\/\/yoast.com\/product\/yoast-seo-wordpress\/ -->\n<title>Cursos de Rob\u00f3tica - Electronica JNC<\/title>\n<meta name=\"description\" content=\"Descubre cursos de rob\u00f3tica en Electr\u00f3nica JNC. Desde LEGO Mindstorms hasta brazos industriales, con proyectos reales.\" \/>\n<meta name=\"robots\" content=\"index, follow, max-snippet:-1, max-image-preview:large, max-video-preview:-1\" \/>\n<link rel=\"canonical\" href=\"https:\/\/www.electronicajnc.com\/web\/cursos-de-robotica\/\" \/>\n<meta property=\"og:locale\" content=\"es_ES\" \/>\n<meta property=\"og:type\" content=\"article\" \/>\n<meta property=\"og:title\" content=\"Cursos de Rob\u00f3tica - Electronica JNC\" \/>\n<meta property=\"og:description\" content=\"Descubre cursos de rob\u00f3tica en Electr\u00f3nica JNC. Desde LEGO Mindstorms hasta brazos industriales, con proyectos reales.\" \/>\n<meta property=\"og:url\" content=\"https:\/\/www.electronicajnc.com\/web\/cursos-de-robotica\/\" \/>\n<meta property=\"og:site_name\" content=\"Electronica JNC\" \/>\n<meta property=\"article:modified_time\" content=\"2025-06-16T23:31:44+00:00\" \/>\n<meta property=\"og:image\" content=\"https:\/\/www.electronicajnc.com\/web\/wp-content\/uploads\/2025\/06\/MDIG-Maria-Lopez-Sanchez-1.jpg\" \/>\n\t<meta property=\"og:image:width\" content=\"736\" \/>\n\t<meta property=\"og:image:height\" content=\"1308\" \/>\n\t<meta property=\"og:image:type\" content=\"image\/jpeg\" \/>\n<meta name=\"twitter:card\" content=\"summary_large_image\" \/>\n<meta name=\"twitter:label1\" content=\"Tiempo de lectura\" \/>\n\t<meta name=\"twitter:data1\" content=\"2 minutos\" \/>\n<script type=\"application\/ld+json\" class=\"yoast-schema-graph\">{\"@context\":\"https:\\\/\\\/schema.org\",\"@graph\":[{\"@type\":\"WebPage\",\"@id\":\"https:\\\/\\\/www.electronicajnc.com\\\/web\\\/cursos-de-robotica\\\/\",\"url\":\"https:\\\/\\\/www.electronicajnc.com\\\/web\\\/cursos-de-robotica\\\/\",\"name\":\"Cursos de Rob\u00f3tica - Electronica JNC\",\"isPartOf\":{\"@id\":\"https:\\\/\\\/www.electronicajnc.com\\\/web\\\/#website\"},\"primaryImageOfPage\":{\"@id\":\"https:\\\/\\\/www.electronicajnc.com\\\/web\\\/cursos-de-robotica\\\/#primaryimage\"},\"image\":{\"@id\":\"https:\\\/\\\/www.electronicajnc.com\\\/web\\\/cursos-de-robotica\\\/#primaryimage\"},\"thumbnailUrl\":\"https:\\\/\\\/www.electronicajnc.com\\\/web\\\/wp-content\\\/uploads\\\/2025\\\/06\\\/MDIG-Maria-Lopez-Sanchez-1-576x1024.jpg\",\"datePublished\":\"2025-06-08T18:28:57+00:00\",\"dateModified\":\"2025-06-16T23:31:44+00:00\",\"description\":\"Descubre cursos de rob\u00f3tica en Electr\u00f3nica JNC. Desde LEGO Mindstorms hasta brazos industriales, con proyectos reales.\",\"breadcrumb\":{\"@id\":\"https:\\\/\\\/www.electronicajnc.com\\\/web\\\/cursos-de-robotica\\\/#breadcrumb\"},\"inLanguage\":\"es\",\"potentialAction\":[{\"@type\":\"ReadAction\",\"target\":[\"https:\\\/\\\/www.electronicajnc.com\\\/web\\\/cursos-de-robotica\\\/\"]}]},{\"@type\":\"ImageObject\",\"inLanguage\":\"es\",\"@id\":\"https:\\\/\\\/www.electronicajnc.com\\\/web\\\/cursos-de-robotica\\\/#primaryimage\",\"url\":\"https:\\\/\\\/www.electronicajnc.com\\\/web\\\/wp-content\\\/uploads\\\/2025\\\/06\\\/MDIG-Maria-Lopez-Sanchez-1.jpg\",\"contentUrl\":\"https:\\\/\\\/www.electronicajnc.com\\\/web\\\/wp-content\\\/uploads\\\/2025\\\/06\\\/MDIG-Maria-Lopez-Sanchez-1.jpg\",\"width\":736,\"height\":1308,\"caption\":\"Cursos de rob\u00f3tica\"},{\"@type\":\"BreadcrumbList\",\"@id\":\"https:\\\/\\\/www.electronicajnc.com\\\/web\\\/cursos-de-robotica\\\/#breadcrumb\",\"itemListElement\":[{\"@type\":\"ListItem\",\"position\":1,\"name\":\"Portada\",\"item\":\"https:\\\/\\\/www.electronicajnc.com\\\/web\\\/\"},{\"@type\":\"ListItem\",\"position\":2,\"name\":\"Cursos de Rob\u00f3tica\"}]},{\"@type\":\"WebSite\",\"@id\":\"https:\\\/\\\/www.electronicajnc.com\\\/web\\\/#website\",\"url\":\"https:\\\/\\\/www.electronicajnc.com\\\/web\\\/\",\"name\":\"Electronica JNC\",\"description\":\"Robotica Tecnologia Mecatronica en Ecuador\",\"publisher\":{\"@id\":\"https:\\\/\\\/www.electronicajnc.com\\\/web\\\/#organization\"},\"potentialAction\":[{\"@type\":\"SearchAction\",\"target\":{\"@type\":\"EntryPoint\",\"urlTemplate\":\"https:\\\/\\\/www.electronicajnc.com\\\/web\\\/?s={search_term_string}\"},\"query-input\":{\"@type\":\"PropertyValueSpecification\",\"valueRequired\":true,\"valueName\":\"search_term_string\"}}],\"inLanguage\":\"es\"},{\"@type\":\"Organization\",\"@id\":\"https:\\\/\\\/www.electronicajnc.com\\\/web\\\/#organization\",\"name\":\"Electronica JNC\",\"url\":\"https:\\\/\\\/www.electronicajnc.com\\\/web\\\/\",\"logo\":{\"@type\":\"ImageObject\",\"inLanguage\":\"es\",\"@id\":\"https:\\\/\\\/www.electronicajnc.com\\\/web\\\/#\\\/schema\\\/logo\\\/image\\\/\",\"url\":\"https:\\\/\\\/www.electronicajnc.com\\\/web\\\/wp-content\\\/uploads\\\/2023\\\/06\\\/nuevo-logo.jpg\",\"contentUrl\":\"https:\\\/\\\/www.electronicajnc.com\\\/web\\\/wp-content\\\/uploads\\\/2023\\\/06\\\/nuevo-logo.jpg\",\"width\":1256,\"height\":612,\"caption\":\"Electronica JNC\"},\"image\":{\"@id\":\"https:\\\/\\\/www.electronicajnc.com\\\/web\\\/#\\\/schema\\\/logo\\\/image\\\/\"}}]}<\/script>\n<!-- \/ Yoast SEO plugin. -->","yoast_head_json":{"title":"Cursos de Rob\u00f3tica - Electronica JNC","description":"Descubre cursos de rob\u00f3tica en Electr\u00f3nica JNC. Desde LEGO Mindstorms hasta brazos industriales, con proyectos reales.","robots":{"index":"index","follow":"follow","max-snippet":"max-snippet:-1","max-image-preview":"max-image-preview:large","max-video-preview":"max-video-preview:-1"},"canonical":"https:\/\/www.electronicajnc.com\/web\/cursos-de-robotica\/","og_locale":"es_ES","og_type":"article","og_title":"Cursos de Rob\u00f3tica - Electronica JNC","og_description":"Descubre cursos de rob\u00f3tica en Electr\u00f3nica JNC. Desde LEGO Mindstorms hasta brazos industriales, con proyectos reales.","og_url":"https:\/\/www.electronicajnc.com\/web\/cursos-de-robotica\/","og_site_name":"Electronica JNC","article_modified_time":"2025-06-16T23:31:44+00:00","og_image":[{"width":736,"height":1308,"url":"https:\/\/www.electronicajnc.com\/web\/wp-content\/uploads\/2025\/06\/MDIG-Maria-Lopez-Sanchez-1.jpg","type":"image\/jpeg"}],"twitter_card":"summary_large_image","twitter_misc":{"Tiempo de lectura":"2 minutos"},"schema":{"@context":"https:\/\/schema.org","@graph":[{"@type":"WebPage","@id":"https:\/\/www.electronicajnc.com\/web\/cursos-de-robotica\/","url":"https:\/\/www.electronicajnc.com\/web\/cursos-de-robotica\/","name":"Cursos de Rob\u00f3tica - Electronica JNC","isPartOf":{"@id":"https:\/\/www.electronicajnc.com\/web\/#website"},"primaryImageOfPage":{"@id":"https:\/\/www.electronicajnc.com\/web\/cursos-de-robotica\/#primaryimage"},"image":{"@id":"https:\/\/www.electronicajnc.com\/web\/cursos-de-robotica\/#primaryimage"},"thumbnailUrl":"https:\/\/www.electronicajnc.com\/web\/wp-content\/uploads\/2025\/06\/MDIG-Maria-Lopez-Sanchez-1-576x1024.jpg","datePublished":"2025-06-08T18:28:57+00:00","dateModified":"2025-06-16T23:31:44+00:00","description":"Descubre cursos de rob\u00f3tica en Electr\u00f3nica JNC. Desde LEGO Mindstorms hasta brazos industriales, con proyectos reales.","breadcrumb":{"@id":"https:\/\/www.electronicajnc.com\/web\/cursos-de-robotica\/#breadcrumb"},"inLanguage":"es","potentialAction":[{"@type":"ReadAction","target":["https:\/\/www.electronicajnc.com\/web\/cursos-de-robotica\/"]}]},{"@type":"ImageObject","inLanguage":"es","@id":"https:\/\/www.electronicajnc.com\/web\/cursos-de-robotica\/#primaryimage","url":"https:\/\/www.electronicajnc.com\/web\/wp-content\/uploads\/2025\/06\/MDIG-Maria-Lopez-Sanchez-1.jpg","contentUrl":"https:\/\/www.electronicajnc.com\/web\/wp-content\/uploads\/2025\/06\/MDIG-Maria-Lopez-Sanchez-1.jpg","width":736,"height":1308,"caption":"Cursos de rob\u00f3tica"},{"@type":"BreadcrumbList","@id":"https:\/\/www.electronicajnc.com\/web\/cursos-de-robotica\/#breadcrumb","itemListElement":[{"@type":"ListItem","position":1,"name":"Portada","item":"https:\/\/www.electronicajnc.com\/web\/"},{"@type":"ListItem","position":2,"name":"Cursos de Rob\u00f3tica"}]},{"@type":"WebSite","@id":"https:\/\/www.electronicajnc.com\/web\/#website","url":"https:\/\/www.electronicajnc.com\/web\/","name":"Electronica JNC","description":"Robotica Tecnologia Mecatronica en Ecuador","publisher":{"@id":"https:\/\/www.electronicajnc.com\/web\/#organization"},"potentialAction":[{"@type":"SearchAction","target":{"@type":"EntryPoint","urlTemplate":"https:\/\/www.electronicajnc.com\/web\/?s={search_term_string}"},"query-input":{"@type":"PropertyValueSpecification","valueRequired":true,"valueName":"search_term_string"}}],"inLanguage":"es"},{"@type":"Organization","@id":"https:\/\/www.electronicajnc.com\/web\/#organization","name":"Electronica JNC","url":"https:\/\/www.electronicajnc.com\/web\/","logo":{"@type":"ImageObject","inLanguage":"es","@id":"https:\/\/www.electronicajnc.com\/web\/#\/schema\/logo\/image\/","url":"https:\/\/www.electronicajnc.com\/web\/wp-content\/uploads\/2023\/06\/nuevo-logo.jpg","contentUrl":"https:\/\/www.electronicajnc.com\/web\/wp-content\/uploads\/2023\/06\/nuevo-logo.jpg","width":1256,"height":612,"caption":"Electronica JNC"},"image":{"@id":"https:\/\/www.electronicajnc.com\/web\/#\/schema\/logo\/image\/"}}]}},"_links":{"self":[{"href":"https:\/\/www.electronicajnc.com\/web\/wp-json\/wp\/v2\/pages\/2276","targetHints":{"allow":["GET"]}}],"collection":[{"href":"https:\/\/www.electronicajnc.com\/web\/wp-json\/wp\/v2\/pages"}],"about":[{"href":"https:\/\/www.electronicajnc.com\/web\/wp-json\/wp\/v2\/types\/page"}],"author":[{"embeddable":true,"href":"https:\/\/www.electronicajnc.com\/web\/wp-json\/wp\/v2\/users\/86"}],"replies":[{"embeddable":true,"href":"https:\/\/www.electronicajnc.com\/web\/wp-json\/wp\/v2\/comments?post=2276"}],"version-history":[{"count":9,"href":"https:\/\/www.electronicajnc.com\/web\/wp-json\/wp\/v2\/pages\/2276\/revisions"}],"predecessor-version":[{"id":2338,"href":"https:\/\/www.electronicajnc.com\/web\/wp-json\/wp\/v2\/pages\/2276\/revisions\/2338"}],"wp:attachment":[{"href":"https:\/\/www.electronicajnc.com\/web\/wp-json\/wp\/v2\/media?parent=2276"}],"curies":[{"name":"wp","href":"https:\/\/api.w.org\/{rel}","templated":true}]}}