{"id":2320,"date":"2025-06-13T00:58:04","date_gmt":"2025-06-13T00:58:04","guid":{"rendered":"https:\/\/www.electronicajnc.com\/web\/?page_id=2320"},"modified":"2025-06-24T18:41:24","modified_gmt":"2025-06-24T18:41:24","slug":"proyectos-steam","status":"publish","type":"page","link":"https:\/\/www.electronicajnc.com\/web\/proyectos-steam\/","title":{"rendered":"Proyectos STEAM"},"content":{"rendered":"\n<h1 class=\"wp-block-heading has-text-align-center\"><mark style=\"background-color:rgba(0, 0, 0, 0)\" class=\"has-inline-color has-kubio-color-3-color\">\u00a1Inspira la Innovaci\u00f3n con Nuestros Proyectos STEAM!<\/mark><\/h1>\n\n\n\n<p class=\"has-text-align-left has-kubio-color-6-color has-text-color has-link-color has-medium-font-size wp-elements-d47a52677f1b1ff99f50e21565a24bb9\"><strong><em>Descubre kits educativos y recursos para impulsar el aprendizaje en Ciencia, Tecnolog\u00eda, Ingenier\u00eda, Arte y Matem\u00e1ticas.<\/em><\/strong><\/p>\n\n\n\n<div class=\"wp-block-media-text is-stacked-on-mobile\" style=\"grid-template-columns:58% auto\"><figure class=\"wp-block-media-text__media\"><img fetchpriority=\"high\" decoding=\"async\" width=\"1024\" height=\"1024\" src=\"https:\/\/www.electronicajnc.com\/web\/wp-content\/uploads\/2025\/06\/5351324-1024x1024.jpg\" alt=\"\" class=\"wp-image-2322 size-full\" srcset=\"https:\/\/www.electronicajnc.com\/web\/wp-content\/uploads\/2025\/06\/5351324-1024x1024.jpg 1024w, https:\/\/www.electronicajnc.com\/web\/wp-content\/uploads\/2025\/06\/5351324-300x300.jpg 300w, https:\/\/www.electronicajnc.com\/web\/wp-content\/uploads\/2025\/06\/5351324-100x100.jpg 100w, https:\/\/www.electronicajnc.com\/web\/wp-content\/uploads\/2025\/06\/5351324-600x600.jpg 600w, https:\/\/www.electronicajnc.com\/web\/wp-content\/uploads\/2025\/06\/5351324-150x150.jpg 150w, https:\/\/www.electronicajnc.com\/web\/wp-content\/uploads\/2025\/06\/5351324-768x768.jpg 768w, https:\/\/www.electronicajnc.com\/web\/wp-content\/uploads\/2025\/06\/5351324-1536x1536.jpg 1536w, https:\/\/www.electronicajnc.com\/web\/wp-content\/uploads\/2025\/06\/5351324-1080x1080.jpg 1080w, https:\/\/www.electronicajnc.com\/web\/wp-content\/uploads\/2025\/06\/5351324.jpg 2000w\" sizes=\"(max-width: 1024px) 100vw, 1024px\" \/><\/figure><div class=\"wp-block-media-text__content\">\n<p class=\"has-kubio-color-6-color has-text-color has-link-color has-huge-font-size wp-elements-7c957bed6b9e4fc17a10d3408a269e44\"><strong><em><mark style=\"background-color:rgba(0, 0, 0, 0)\" class=\"has-inline-color has-kubio-color-3-color\">Descubre<\/mark> la infinidad de posibilidades que te ofrecen nuestros <mark style=\"background-color:rgba(0, 0, 0, 0)\" class=\"has-inline-color has-kubio-color-3-color\">Proyectos STEAM<\/mark><\/em><\/strong><\/p>\n<\/div><\/div>\n\n\n\n<div class=\"wp-block-buttons is-layout-flex wp-block-buttons-is-layout-flex\">\n<div class=\"wp-block-button has-custom-width wp-block-button__width-100 is-style-outline is-style-outline--1\"><a class=\"wp-block-button__link has-kubio-color-6-color has-kubio-color-3-background-color has-text-color has-background has-link-color has-text-align-center wp-element-button\" href=\"https:\/\/www.electronicajnc.com\/web\/categoria-producto\/kits-steam\/\" rel=\"https:\/\/www.electronicajnc.com\/web\/categoria-producto\/kits-steam\/\">Visita Nuestro Catalogo<\/a><\/div>\n<\/div>\n\n\n\n<p><\/p>\n\n\n\n\n\n\n\n\n\n\n\n\n\n\n","protected":false},"excerpt":{"rendered":"<p>\u00a1Inspira la Innovaci\u00f3n con Nuestros Proyectos STEAM! Descubre kits educativos y recursos para impulsar el aprendizaje en Ciencia, Tecnolog\u00eda, Ingenier\u00eda, Arte y Matem\u00e1ticas. Descubre la infinidad de posibilidades que te ofrecen nuestros Proyectos STEAM<\/p>\n","protected":false},"author":86,"featured_media":0,"parent":0,"menu_order":0,"comment_status":"closed","ping_status":"closed","template":"","meta":{"saved_in_kubio":true,"_joinchat":[],"footnotes":""},"class_list":["post-2320","page","type-page","status-publish","hentry"],"kubio_ai_page_context":{"short_desc":"","purpose":"general"},"yoast_head":"<!-- This site is optimized with the Yoast SEO plugin v27.6 - https:\/\/yoast.com\/product\/yoast-seo-wordpress\/ -->\n<title>Proyectos STEAM - Electronica JNC<\/title>\n<meta name=\"description\" content=\"Descubre proyectos STEAM innovadores en Electr\u00f3nica Jnc Ecuador. Integramos Ciencia, Tecnolog\u00eda, Ingenier\u00eda, Arte y Matem\u00e1ticas\" \/>\n<meta name=\"robots\" content=\"index, follow, max-snippet:-1, max-image-preview:large, max-video-preview:-1\" \/>\n<link rel=\"canonical\" href=\"https:\/\/www.electronicajnc.com\/web\/proyectos-steam\/\" \/>\n<meta property=\"og:locale\" content=\"es_ES\" \/>\n<meta property=\"og:type\" content=\"article\" \/>\n<meta property=\"og:title\" content=\"Proyectos STEAM - Electronica JNC\" \/>\n<meta property=\"og:description\" content=\"Descubre proyectos STEAM innovadores en Electr\u00f3nica Jnc Ecuador. Integramos Ciencia, Tecnolog\u00eda, Ingenier\u00eda, Arte y Matem\u00e1ticas\" \/>\n<meta property=\"og:url\" content=\"https:\/\/www.electronicajnc.com\/web\/proyectos-steam\/\" \/>\n<meta property=\"og:site_name\" content=\"Electronica JNC\" \/>\n<meta property=\"article:modified_time\" content=\"2025-06-24T18:41:24+00:00\" \/>\n<meta property=\"og:image\" content=\"https:\/\/www.electronicajnc.com\/web\/wp-content\/uploads\/2025\/06\/5351324.jpg\" \/>\n\t<meta property=\"og:image:width\" content=\"2000\" \/>\n\t<meta property=\"og:image:height\" content=\"2000\" \/>\n\t<meta property=\"og:image:type\" content=\"image\/jpeg\" \/>\n<meta name=\"twitter:card\" content=\"summary_large_image\" \/>\n<meta name=\"twitter:label1\" content=\"Tiempo de lectura\" \/>\n\t<meta name=\"twitter:data1\" content=\"3 minutos\" \/>\n<script type=\"application\/ld+json\" class=\"yoast-schema-graph\">{\"@context\":\"https:\\\/\\\/schema.org\",\"@graph\":[{\"@type\":\"WebPage\",\"@id\":\"https:\\\/\\\/www.electronicajnc.com\\\/web\\\/proyectos-steam\\\/\",\"url\":\"https:\\\/\\\/www.electronicajnc.com\\\/web\\\/proyectos-steam\\\/\",\"name\":\"Proyectos STEAM - Electronica JNC\",\"isPartOf\":{\"@id\":\"https:\\\/\\\/www.electronicajnc.com\\\/web\\\/#website\"},\"primaryImageOfPage\":{\"@id\":\"https:\\\/\\\/www.electronicajnc.com\\\/web\\\/proyectos-steam\\\/#primaryimage\"},\"image\":{\"@id\":\"https:\\\/\\\/www.electronicajnc.com\\\/web\\\/proyectos-steam\\\/#primaryimage\"},\"thumbnailUrl\":\"https:\\\/\\\/www.electronicajnc.com\\\/web\\\/wp-content\\\/uploads\\\/2025\\\/06\\\/5351324-1024x1024.jpg\",\"datePublished\":\"2025-06-13T00:58:04+00:00\",\"dateModified\":\"2025-06-24T18:41:24+00:00\",\"description\":\"Descubre proyectos STEAM innovadores en Electr\u00f3nica Jnc Ecuador. Integramos Ciencia, Tecnolog\u00eda, Ingenier\u00eda, Arte y Matem\u00e1ticas\",\"breadcrumb\":{\"@id\":\"https:\\\/\\\/www.electronicajnc.com\\\/web\\\/proyectos-steam\\\/#breadcrumb\"},\"inLanguage\":\"es\",\"potentialAction\":[{\"@type\":\"ReadAction\",\"target\":[\"https:\\\/\\\/www.electronicajnc.com\\\/web\\\/proyectos-steam\\\/\"]}]},{\"@type\":\"ImageObject\",\"inLanguage\":\"es\",\"@id\":\"https:\\\/\\\/www.electronicajnc.com\\\/web\\\/proyectos-steam\\\/#primaryimage\",\"url\":\"https:\\\/\\\/www.electronicajnc.com\\\/web\\\/wp-content\\\/uploads\\\/2025\\\/06\\\/5351324.jpg\",\"contentUrl\":\"https:\\\/\\\/www.electronicajnc.com\\\/web\\\/wp-content\\\/uploads\\\/2025\\\/06\\\/5351324.jpg\",\"width\":2000,\"height\":2000},{\"@type\":\"BreadcrumbList\",\"@id\":\"https:\\\/\\\/www.electronicajnc.com\\\/web\\\/proyectos-steam\\\/#breadcrumb\",\"itemListElement\":[{\"@type\":\"ListItem\",\"position\":1,\"name\":\"Portada\",\"item\":\"https:\\\/\\\/www.electronicajnc.com\\\/web\\\/\"},{\"@type\":\"ListItem\",\"position\":2,\"name\":\"Proyectos STEAM\"}]},{\"@type\":\"WebSite\",\"@id\":\"https:\\\/\\\/www.electronicajnc.com\\\/web\\\/#website\",\"url\":\"https:\\\/\\\/www.electronicajnc.com\\\/web\\\/\",\"name\":\"Electronica JNC\",\"description\":\"Robotica Tecnologia Mecatronica en Ecuador\",\"publisher\":{\"@id\":\"https:\\\/\\\/www.electronicajnc.com\\\/web\\\/#organization\"},\"potentialAction\":[{\"@type\":\"SearchAction\",\"target\":{\"@type\":\"EntryPoint\",\"urlTemplate\":\"https:\\\/\\\/www.electronicajnc.com\\\/web\\\/?s={search_term_string}\"},\"query-input\":{\"@type\":\"PropertyValueSpecification\",\"valueRequired\":true,\"valueName\":\"search_term_string\"}}],\"inLanguage\":\"es\"},{\"@type\":\"Organization\",\"@id\":\"https:\\\/\\\/www.electronicajnc.com\\\/web\\\/#organization\",\"name\":\"Electronica JNC\",\"url\":\"https:\\\/\\\/www.electronicajnc.com\\\/web\\\/\",\"logo\":{\"@type\":\"ImageObject\",\"inLanguage\":\"es\",\"@id\":\"https:\\\/\\\/www.electronicajnc.com\\\/web\\\/#\\\/schema\\\/logo\\\/image\\\/\",\"url\":\"https:\\\/\\\/www.electronicajnc.com\\\/web\\\/wp-content\\\/uploads\\\/2023\\\/06\\\/nuevo-logo.jpg\",\"contentUrl\":\"https:\\\/\\\/www.electronicajnc.com\\\/web\\\/wp-content\\\/uploads\\\/2023\\\/06\\\/nuevo-logo.jpg\",\"width\":1256,\"height\":612,\"caption\":\"Electronica JNC\"},\"image\":{\"@id\":\"https:\\\/\\\/www.electronicajnc.com\\\/web\\\/#\\\/schema\\\/logo\\\/image\\\/\"}}]}<\/script>\n<!-- \/ Yoast SEO plugin. -->","yoast_head_json":{"title":"Proyectos STEAM - Electronica JNC","description":"Descubre proyectos STEAM innovadores en Electr\u00f3nica Jnc Ecuador. Integramos Ciencia, Tecnolog\u00eda, Ingenier\u00eda, Arte y Matem\u00e1ticas","robots":{"index":"index","follow":"follow","max-snippet":"max-snippet:-1","max-image-preview":"max-image-preview:large","max-video-preview":"max-video-preview:-1"},"canonical":"https:\/\/www.electronicajnc.com\/web\/proyectos-steam\/","og_locale":"es_ES","og_type":"article","og_title":"Proyectos STEAM - Electronica JNC","og_description":"Descubre proyectos STEAM innovadores en Electr\u00f3nica Jnc Ecuador. Integramos Ciencia, Tecnolog\u00eda, Ingenier\u00eda, Arte y Matem\u00e1ticas","og_url":"https:\/\/www.electronicajnc.com\/web\/proyectos-steam\/","og_site_name":"Electronica JNC","article_modified_time":"2025-06-24T18:41:24+00:00","og_image":[{"width":2000,"height":2000,"url":"https:\/\/www.electronicajnc.com\/web\/wp-content\/uploads\/2025\/06\/5351324.jpg","type":"image\/jpeg"}],"twitter_card":"summary_large_image","twitter_misc":{"Tiempo de lectura":"3 minutos"},"schema":{"@context":"https:\/\/schema.org","@graph":[{"@type":"WebPage","@id":"https:\/\/www.electronicajnc.com\/web\/proyectos-steam\/","url":"https:\/\/www.electronicajnc.com\/web\/proyectos-steam\/","name":"Proyectos STEAM - Electronica JNC","isPartOf":{"@id":"https:\/\/www.electronicajnc.com\/web\/#website"},"primaryImageOfPage":{"@id":"https:\/\/www.electronicajnc.com\/web\/proyectos-steam\/#primaryimage"},"image":{"@id":"https:\/\/www.electronicajnc.com\/web\/proyectos-steam\/#primaryimage"},"thumbnailUrl":"https:\/\/www.electronicajnc.com\/web\/wp-content\/uploads\/2025\/06\/5351324-1024x1024.jpg","datePublished":"2025-06-13T00:58:04+00:00","dateModified":"2025-06-24T18:41:24+00:00","description":"Descubre proyectos STEAM innovadores en Electr\u00f3nica Jnc Ecuador. Integramos Ciencia, Tecnolog\u00eda, Ingenier\u00eda, Arte y Matem\u00e1ticas","breadcrumb":{"@id":"https:\/\/www.electronicajnc.com\/web\/proyectos-steam\/#breadcrumb"},"inLanguage":"es","potentialAction":[{"@type":"ReadAction","target":["https:\/\/www.electronicajnc.com\/web\/proyectos-steam\/"]}]},{"@type":"ImageObject","inLanguage":"es","@id":"https:\/\/www.electronicajnc.com\/web\/proyectos-steam\/#primaryimage","url":"https:\/\/www.electronicajnc.com\/web\/wp-content\/uploads\/2025\/06\/5351324.jpg","contentUrl":"https:\/\/www.electronicajnc.com\/web\/wp-content\/uploads\/2025\/06\/5351324.jpg","width":2000,"height":2000},{"@type":"BreadcrumbList","@id":"https:\/\/www.electronicajnc.com\/web\/proyectos-steam\/#breadcrumb","itemListElement":[{"@type":"ListItem","position":1,"name":"Portada","item":"https:\/\/www.electronicajnc.com\/web\/"},{"@type":"ListItem","position":2,"name":"Proyectos STEAM"}]},{"@type":"WebSite","@id":"https:\/\/www.electronicajnc.com\/web\/#website","url":"https:\/\/www.electronicajnc.com\/web\/","name":"Electronica JNC","description":"Robotica Tecnologia Mecatronica en Ecuador","publisher":{"@id":"https:\/\/www.electronicajnc.com\/web\/#organization"},"potentialAction":[{"@type":"SearchAction","target":{"@type":"EntryPoint","urlTemplate":"https:\/\/www.electronicajnc.com\/web\/?s={search_term_string}"},"query-input":{"@type":"PropertyValueSpecification","valueRequired":true,"valueName":"search_term_string"}}],"inLanguage":"es"},{"@type":"Organization","@id":"https:\/\/www.electronicajnc.com\/web\/#organization","name":"Electronica JNC","url":"https:\/\/www.electronicajnc.com\/web\/","logo":{"@type":"ImageObject","inLanguage":"es","@id":"https:\/\/www.electronicajnc.com\/web\/#\/schema\/logo\/image\/","url":"https:\/\/www.electronicajnc.com\/web\/wp-content\/uploads\/2023\/06\/nuevo-logo.jpg","contentUrl":"https:\/\/www.electronicajnc.com\/web\/wp-content\/uploads\/2023\/06\/nuevo-logo.jpg","width":1256,"height":612,"caption":"Electronica JNC"},"image":{"@id":"https:\/\/www.electronicajnc.com\/web\/#\/schema\/logo\/image\/"}}]}},"_links":{"self":[{"href":"https:\/\/www.electronicajnc.com\/web\/wp-json\/wp\/v2\/pages\/2320","targetHints":{"allow":["GET"]}}],"collection":[{"href":"https:\/\/www.electronicajnc.com\/web\/wp-json\/wp\/v2\/pages"}],"about":[{"href":"https:\/\/www.electronicajnc.com\/web\/wp-json\/wp\/v2\/types\/page"}],"author":[{"embeddable":true,"href":"https:\/\/www.electronicajnc.com\/web\/wp-json\/wp\/v2\/users\/86"}],"replies":[{"embeddable":true,"href":"https:\/\/www.electronicajnc.com\/web\/wp-json\/wp\/v2\/comments?post=2320"}],"version-history":[{"count":18,"href":"https:\/\/www.electronicajnc.com\/web\/wp-json\/wp\/v2\/pages\/2320\/revisions"}],"predecessor-version":[{"id":2357,"href":"https:\/\/www.electronicajnc.com\/web\/wp-json\/wp\/v2\/pages\/2320\/revisions\/2357"}],"wp:attachment":[{"href":"https:\/\/www.electronicajnc.com\/web\/wp-json\/wp\/v2\/media?parent=2320"}],"curies":[{"name":"wp","href":"https:\/\/api.w.org\/{rel}","templated":true}]}}