{"id":1009,"date":"2023-10-31T21:39:08","date_gmt":"2023-10-31T21:39:08","guid":{"rendered":"https:\/\/www.electronicajnc.com\/web\/?post_type=product&#038;p=1009"},"modified":"2023-10-31T22:54:40","modified_gmt":"2023-10-31T22:54:40","slug":"conversor-cp2102-usb-2-0-a-ttl-uart","status":"publish","type":"product","link":"https:\/\/www.electronicajnc.com\/web\/producto\/conversor-cp2102-usb-2-0-a-ttl-uart\/","title":{"rendered":"CONVERSOR CP2102 USB 2.0 A TTL UART"},"content":{"rendered":"<p>CONVERSOR CP2102 USB 2.0 A TTL UART<\/p>\n<p><img fetchpriority=\"high\" decoding=\"async\" class=\"aligncenter\" src=\"https:\/\/www.electronicajnc.com\/web\/wp-content\/uploads\/2023\/10\/PL2102-3.jpg\" width=\"448\" height=\"525\" \/><\/p>\n<p>El m\u00f3dulo CP2102 UART es la versi\u00f3n mejorada del comunicador RS-232 presentado por Silicon Labs.\u00a0Es un puente USB a UART de chip CP2102 \u00fanico con velocidad m\u00e1xima de USB de 12 Mbps.\u00a0CP2102 posee un transceptor incorporado de alto rendimiento para datos en serie junto con se\u00f1ales de suspensi\u00f3n\/reanudaci\u00f3n para el control de energ\u00eda del chip y tambi\u00e9n de los circuitos externos.\u00a0El m\u00f3dulo admite el protocolo de enlace y tambi\u00e9n procesa las solicitudes de comando realizadas por el host USB para controlar las actividades del puerto serie UART as\u00edncrono.<\/p>\n<h1>CONVERSOR CP2102 USB 2.0 A TTL UART<\/h1>\n<p>CARACTERISTICAS:<\/p>\n<ol>\n<li>Este es un convertidor serie de m\u00f3dulo USB 2.0 a 3.3V TTL UART 5PIN CP2102.\u00a0\u00a1Conecte MCU f\u00e1cilmente a su computadora!<\/li>\n<li>Conjunto de chips CP2102 estable y confiable<\/li>\n<li>Compatible con la especificaci\u00f3n USB 2.0 con velocidad m\u00e1xima de 12 Mbps.<\/li>\n<li>Conector est\u00e1ndar USB tipo A macho y TTL de 5 pines.\u00a05 pines para TXD RXD GND 3,3 V 5 V.<\/li>\n<li>Todas las se\u00f1ales de protocolo de enlace y de interfaz de m\u00f3dem.<\/li>\n<li>Velocidades de baudios: 300 bps a 1,5 Mbps.<\/li>\n<li>B\u00fafer de recepci\u00f3n de bytes;\u00a0B\u00fafer de transmisi\u00f3n de 640 bytes.<\/li>\n<li>Se admite protocolo de enlace por hardware o X-On\/X-Off.<\/li>\n<li>Soporte de caracteres de evento Transmisi\u00f3n de salto de l\u00ednea.<\/li>\n<li>\u00a0Estados de suspensi\u00f3n USB admitidos mediante pines SUSPEND.<\/li>\n<li>Rango de temperatura: -40 a +85.<\/li>\n<li>Compatible con Windows 98SE, 2000, XP, Vista, Window7, Mac OS 9, Mac OS X y Linux 2.40.<\/li>\n<\/ol>\n<div>\n<h2><b>\u00bfD\u00f3nde<\/b><strong>\u00a0conseguir ?<\/strong><\/h2>\n<\/div>\n<p>Puedes conseguir este producto y mucho mas en nuestra tienda de electr\u00f3nica \u201cElectr\u00f3nica JNC\u201d a un excelente precio, de igual manera puedes preguntar por otros productos que tenemos para ti y as\u00ed adquirirlos seg\u00fan tu necesidad para\u00a0 tus proyectos.<\/p>\n<p>Adem\u00e1s de vender realizamos todo tipo de proyectos de Rob\u00f3tica Electr\u00f3nica y de Programaci\u00f3n en Arduino-Raspberry, brindamos asesoramiento en la elaboraci\u00f3n de proyectos y personalizamos sus clases cuando deseas armar un robot.<\/p>\n<p>Somos importadores Directos de todo en Electr\u00f3nica y Rob\u00f3tica directamente desde los fabricantes, a los mejores precios del mercado.<\/p>\n<div class=\"x11i5rnm xat24cr x1mh8g0r x1vvkbs xtlvy1s x126k92a\">\n<div dir=\"auto\">SERVICIO PERSONALIZADO, APOYO TEORICO Y VENTA DE MATERIAL<\/div>\n<\/div>\n<div class=\"x11i5rnm xat24cr x1mh8g0r x1vvkbs xtlvy1s x126k92a\">\n<div dir=\"auto\">COTIZA CON NOSOTROS<\/div>\n<div dir=\"auto\">SERVICIO, EXPERIENCIA, CALIDAD Y CONFIANZA<\/div>\n<div dir=\"auto\">\u00abTodo lo que buscas en un solo lugar\u00bb<\/div>\n<\/div>\n<div dir=\"auto\"><\/div>\n<p><img decoding=\"async\" class=\"aligncenter\" src=\"https:\/\/images.ua.prom.st\/1494267654_1494267654.jpg?PImaGE_ID=1494267654\" \/><\/p>\n<p style=\"text-align: center;\">Realizar un pedido en la web o por \u00a0<a href=\"https:\/\/api.whatsapp.com\/send?phone=593958753126\" target=\"_blank\" rel=\"noopener\">WHATSAPP<\/a>.<\/p>\n<p><img decoding=\"async\" class=\"aligncenter\" src=\"https:\/\/images.ua.prom.st\/1494267867_1494267867.jpg?PImaGE_ID=1494267867\" \/><\/p>\n<p style=\"text-align: center;\">Consulta con un asesor\u00a0 todas tus inquietudes.<\/p>\n<p><img decoding=\"async\" class=\"aligncenter\" src=\"https:\/\/images.ua.prom.st\/1494266627_1494266627.jpg?PImaGE_ID=1494266627\" \/><\/p>\n<p style=\"text-align: center;\">Pregunta las formas de pago.<\/p>\n<p><img decoding=\"async\" class=\"aligncenter\" src=\"https:\/\/images.ua.prom.st\/1494267985_1494267985.jpg?PImaGE_ID=1494267985\" \/><\/p>\n<p style=\"text-align: center;\">Tu pedido llega a la puerta de tu casa.<\/p>\n<p>&nbsp;<\/p>\n<p><strong>\u00a1\u00a1 PREGUNTANOS Sin compromiso !!!!<\/strong><\/p>\n<p>Puede retirar sus pedidos en nuestra\u00a0<a href=\"https:\/\/www.electronicajnc.com\/web\/contactos\" target=\"_blank\" rel=\"noopener\">TIENDA F\u00cdSICA<\/a>\u00a0o realizar sus pedidos\u00a0<a href=\"https:\/\/www.electronicajnc.com\/web\/mi-cuenta\" target=\"_blank\" rel=\"noopener\">ONLINE<\/a>\u00a0o por\u00a0<a href=\"https:\/\/api.whatsapp.com\/send?phone=593958753126\" target=\"_blank\" rel=\"noopener\">WHATSAPP<\/a>.<\/p>\n","protected":false},"excerpt":{"rendered":"<p>Convierte cualquier puerto\u00a0USB en un puerto serial de nivel TTL\u00a0con este pr\u00e1ctico adaptador. Ideal para comunicarse con circuitos provisionales o definitivos de manera extremadamente sencilla a trav\u00e9s de un puerto USB.<\/p>\n","protected":false},"featured_media":1018,"comment_status":"closed","ping_status":"closed","template":"","meta":{"saved_in_kubio":false,"_joinchat":[]},"product_brand":[],"product_cat":[21],"product_tag":[688,691,686,719,699,697,692,687,694,685,696,717,700,693,698,718,695],"class_list":{"0":"post-1009","1":"product","2":"type-product","3":"status-publish","4":"has-post-thumbnail","6":"product_cat-modulos_sensores","7":"product_tag-aprender-iot","8":"product_tag-compra-online-kit-arduino","9":"product_tag-comunicacion-inalambrica","10":"product_tag-control-de-motores-control-de-motores","11":"product_tag-conversion-analogica-a-digital","12":"product_tag-educacion-stem","13":"product_tag-kit-arduino","14":"product_tag-kit-de-electronica","15":"product_tag-kit-diy","16":"product_tag-kit-internet-de-las-cosas","17":"product_tag-kit-iot","18":"product_tag-kits-arduino","19":"product_tag-nodemcu-esp8266","20":"product_tag-pantalla-led","21":"product_tag-placa-arduino","22":"product_tag-proyectos-arduino-uno-r3","23":"product_tag-servomotor","25":"first","26":"instock","27":"taxable","28":"shipping-taxable","29":"purchasable","30":"product-type-simple"},"yoast_head":"<!-- This site is optimized with the Yoast SEO plugin v27.4 - https:\/\/yoast.com\/product\/yoast-seo-wordpress\/ -->\n<title>CONVERSOR CP2102 USB 2.0 A TTL UART - Electronica JNC<\/title>\n<meta name=\"description\" content=\"CONVERSOR CP2102 USB 2.0 A TTL UART Ideal para aplicaciones con puerto serial entre PC y microcontroladores o arduinos de 3.3V o 5V.\" \/>\n<meta name=\"robots\" content=\"index, follow, max-snippet:-1, max-image-preview:large, max-video-preview:-1\" \/>\n<link rel=\"canonical\" href=\"https:\/\/www.electronicajnc.com\/web\/producto\/conversor-cp2102-usb-2-0-a-ttl-uart\/\" \/>\n<meta property=\"og:locale\" content=\"es_ES\" \/>\n<meta property=\"og:type\" content=\"article\" \/>\n<meta property=\"og:title\" content=\"CONVERSOR CP2102 USB 2.0 A TTL UART - Electronica JNC\" \/>\n<meta property=\"og:description\" content=\"CONVERSOR CP2102 USB 2.0 A TTL UART Ideal para aplicaciones con puerto serial entre PC y microcontroladores o arduinos de 3.3V o 5V.\" \/>\n<meta property=\"og:url\" content=\"https:\/\/www.electronicajnc.com\/web\/producto\/conversor-cp2102-usb-2-0-a-ttl-uart\/\" \/>\n<meta property=\"og:site_name\" content=\"Electronica JNC\" \/>\n<meta property=\"article:modified_time\" content=\"2023-10-31T22:54:40+00:00\" \/>\n<meta property=\"og:image\" content=\"https:\/\/www.electronicajnc.com\/web\/wp-content\/uploads\/2023\/10\/PL2102-3.jpg\" \/>\n\t<meta property=\"og:image:width\" content=\"773\" \/>\n\t<meta property=\"og:image:height\" content=\"906\" \/>\n\t<meta property=\"og:image:type\" content=\"image\/jpeg\" \/>\n<meta name=\"twitter:card\" content=\"summary_large_image\" \/>\n<meta name=\"twitter:label1\" content=\"Tiempo de lectura\" \/>\n\t<meta name=\"twitter:data1\" content=\"3 minutos\" \/>\n<script type=\"application\/ld+json\" class=\"yoast-schema-graph\">{\"@context\":\"https:\\\/\\\/schema.org\",\"@graph\":[{\"@type\":\"WebPage\",\"@id\":\"https:\\\/\\\/www.electronicajnc.com\\\/web\\\/producto\\\/conversor-cp2102-usb-2-0-a-ttl-uart\\\/\",\"url\":\"https:\\\/\\\/www.electronicajnc.com\\\/web\\\/producto\\\/conversor-cp2102-usb-2-0-a-ttl-uart\\\/\",\"name\":\"CONVERSOR CP2102 USB 2.0 A TTL UART - Electronica JNC\",\"isPartOf\":{\"@id\":\"https:\\\/\\\/www.electronicajnc.com\\\/web\\\/#website\"},\"primaryImageOfPage\":{\"@id\":\"https:\\\/\\\/www.electronicajnc.com\\\/web\\\/producto\\\/conversor-cp2102-usb-2-0-a-ttl-uart\\\/#primaryimage\"},\"image\":{\"@id\":\"https:\\\/\\\/www.electronicajnc.com\\\/web\\\/producto\\\/conversor-cp2102-usb-2-0-a-ttl-uart\\\/#primaryimage\"},\"thumbnailUrl\":\"https:\\\/\\\/www.electronicajnc.com\\\/web\\\/wp-content\\\/uploads\\\/2023\\\/10\\\/PL2102-3.jpg\",\"datePublished\":\"2023-10-31T21:39:08+00:00\",\"dateModified\":\"2023-10-31T22:54:40+00:00\",\"description\":\"CONVERSOR CP2102 USB 2.0 A TTL UART Ideal para aplicaciones con puerto serial entre PC y microcontroladores o arduinos de 3.3V o 5V.\",\"breadcrumb\":{\"@id\":\"https:\\\/\\\/www.electronicajnc.com\\\/web\\\/producto\\\/conversor-cp2102-usb-2-0-a-ttl-uart\\\/#breadcrumb\"},\"inLanguage\":\"es\",\"potentialAction\":[{\"@type\":\"ReadAction\",\"target\":[\"https:\\\/\\\/www.electronicajnc.com\\\/web\\\/producto\\\/conversor-cp2102-usb-2-0-a-ttl-uart\\\/\"]}]},{\"@type\":\"ImageObject\",\"inLanguage\":\"es\",\"@id\":\"https:\\\/\\\/www.electronicajnc.com\\\/web\\\/producto\\\/conversor-cp2102-usb-2-0-a-ttl-uart\\\/#primaryimage\",\"url\":\"https:\\\/\\\/www.electronicajnc.com\\\/web\\\/wp-content\\\/uploads\\\/2023\\\/10\\\/PL2102-3.jpg\",\"contentUrl\":\"https:\\\/\\\/www.electronicajnc.com\\\/web\\\/wp-content\\\/uploads\\\/2023\\\/10\\\/PL2102-3.jpg\",\"width\":773,\"height\":906,\"caption\":\"CONVERSOR CP2102 USB 2.0 A TTL UART\"},{\"@type\":\"BreadcrumbList\",\"@id\":\"https:\\\/\\\/www.electronicajnc.com\\\/web\\\/producto\\\/conversor-cp2102-usb-2-0-a-ttl-uart\\\/#breadcrumb\",\"itemListElement\":[{\"@type\":\"ListItem\",\"position\":1,\"name\":\"Portada\",\"item\":\"https:\\\/\\\/www.electronicajnc.com\\\/web\\\/\"},{\"@type\":\"ListItem\",\"position\":2,\"name\":\"TIENDA\",\"item\":\"https:\\\/\\\/www.electronicajnc.com\\\/web\\\/tienda\\\/\"},{\"@type\":\"ListItem\",\"position\":3,\"name\":\"CONVERSOR CP2102 USB 2.0 A TTL UART\"}]},{\"@type\":\"WebSite\",\"@id\":\"https:\\\/\\\/www.electronicajnc.com\\\/web\\\/#website\",\"url\":\"https:\\\/\\\/www.electronicajnc.com\\\/web\\\/\",\"name\":\"Electronica JNC\",\"description\":\"Robotica Tecnologia Mecatronica en Ecuador\",\"publisher\":{\"@id\":\"https:\\\/\\\/www.electronicajnc.com\\\/web\\\/#organization\"},\"potentialAction\":[{\"@type\":\"SearchAction\",\"target\":{\"@type\":\"EntryPoint\",\"urlTemplate\":\"https:\\\/\\\/www.electronicajnc.com\\\/web\\\/?s={search_term_string}\"},\"query-input\":{\"@type\":\"PropertyValueSpecification\",\"valueRequired\":true,\"valueName\":\"search_term_string\"}}],\"inLanguage\":\"es\"},{\"@type\":\"Organization\",\"@id\":\"https:\\\/\\\/www.electronicajnc.com\\\/web\\\/#organization\",\"name\":\"Electronica JNC\",\"url\":\"https:\\\/\\\/www.electronicajnc.com\\\/web\\\/\",\"logo\":{\"@type\":\"ImageObject\",\"inLanguage\":\"es\",\"@id\":\"https:\\\/\\\/www.electronicajnc.com\\\/web\\\/#\\\/schema\\\/logo\\\/image\\\/\",\"url\":\"https:\\\/\\\/www.electronicajnc.com\\\/web\\\/wp-content\\\/uploads\\\/2023\\\/06\\\/nuevo-logo.jpg\",\"contentUrl\":\"https:\\\/\\\/www.electronicajnc.com\\\/web\\\/wp-content\\\/uploads\\\/2023\\\/06\\\/nuevo-logo.jpg\",\"width\":1256,\"height\":612,\"caption\":\"Electronica JNC\"},\"image\":{\"@id\":\"https:\\\/\\\/www.electronicajnc.com\\\/web\\\/#\\\/schema\\\/logo\\\/image\\\/\"}}]}<\/script>\n<!-- \/ Yoast SEO plugin. -->","yoast_head_json":{"title":"CONVERSOR CP2102 USB 2.0 A TTL UART - Electronica JNC","description":"CONVERSOR CP2102 USB 2.0 A TTL UART Ideal para aplicaciones con puerto serial entre PC y microcontroladores o arduinos de 3.3V o 5V.","robots":{"index":"index","follow":"follow","max-snippet":"max-snippet:-1","max-image-preview":"max-image-preview:large","max-video-preview":"max-video-preview:-1"},"canonical":"https:\/\/www.electronicajnc.com\/web\/producto\/conversor-cp2102-usb-2-0-a-ttl-uart\/","og_locale":"es_ES","og_type":"article","og_title":"CONVERSOR CP2102 USB 2.0 A TTL UART - Electronica JNC","og_description":"CONVERSOR CP2102 USB 2.0 A TTL UART Ideal para aplicaciones con puerto serial entre PC y microcontroladores o arduinos de 3.3V o 5V.","og_url":"https:\/\/www.electronicajnc.com\/web\/producto\/conversor-cp2102-usb-2-0-a-ttl-uart\/","og_site_name":"Electronica JNC","article_modified_time":"2023-10-31T22:54:40+00:00","og_image":[{"width":773,"height":906,"url":"https:\/\/www.electronicajnc.com\/web\/wp-content\/uploads\/2023\/10\/PL2102-3.jpg","type":"image\/jpeg"}],"twitter_card":"summary_large_image","twitter_misc":{"Tiempo de lectura":"3 minutos"},"schema":{"@context":"https:\/\/schema.org","@graph":[{"@type":"WebPage","@id":"https:\/\/www.electronicajnc.com\/web\/producto\/conversor-cp2102-usb-2-0-a-ttl-uart\/","url":"https:\/\/www.electronicajnc.com\/web\/producto\/conversor-cp2102-usb-2-0-a-ttl-uart\/","name":"CONVERSOR CP2102 USB 2.0 A TTL UART - Electronica JNC","isPartOf":{"@id":"https:\/\/www.electronicajnc.com\/web\/#website"},"primaryImageOfPage":{"@id":"https:\/\/www.electronicajnc.com\/web\/producto\/conversor-cp2102-usb-2-0-a-ttl-uart\/#primaryimage"},"image":{"@id":"https:\/\/www.electronicajnc.com\/web\/producto\/conversor-cp2102-usb-2-0-a-ttl-uart\/#primaryimage"},"thumbnailUrl":"https:\/\/www.electronicajnc.com\/web\/wp-content\/uploads\/2023\/10\/PL2102-3.jpg","datePublished":"2023-10-31T21:39:08+00:00","dateModified":"2023-10-31T22:54:40+00:00","description":"CONVERSOR CP2102 USB 2.0 A TTL UART Ideal para aplicaciones con puerto serial entre PC y microcontroladores o arduinos de 3.3V o 5V.","breadcrumb":{"@id":"https:\/\/www.electronicajnc.com\/web\/producto\/conversor-cp2102-usb-2-0-a-ttl-uart\/#breadcrumb"},"inLanguage":"es","potentialAction":[{"@type":"ReadAction","target":["https:\/\/www.electronicajnc.com\/web\/producto\/conversor-cp2102-usb-2-0-a-ttl-uart\/"]}]},{"@type":"ImageObject","inLanguage":"es","@id":"https:\/\/www.electronicajnc.com\/web\/producto\/conversor-cp2102-usb-2-0-a-ttl-uart\/#primaryimage","url":"https:\/\/www.electronicajnc.com\/web\/wp-content\/uploads\/2023\/10\/PL2102-3.jpg","contentUrl":"https:\/\/www.electronicajnc.com\/web\/wp-content\/uploads\/2023\/10\/PL2102-3.jpg","width":773,"height":906,"caption":"CONVERSOR CP2102 USB 2.0 A TTL UART"},{"@type":"BreadcrumbList","@id":"https:\/\/www.electronicajnc.com\/web\/producto\/conversor-cp2102-usb-2-0-a-ttl-uart\/#breadcrumb","itemListElement":[{"@type":"ListItem","position":1,"name":"Portada","item":"https:\/\/www.electronicajnc.com\/web\/"},{"@type":"ListItem","position":2,"name":"TIENDA","item":"https:\/\/www.electronicajnc.com\/web\/tienda\/"},{"@type":"ListItem","position":3,"name":"CONVERSOR CP2102 USB 2.0 A TTL UART"}]},{"@type":"WebSite","@id":"https:\/\/www.electronicajnc.com\/web\/#website","url":"https:\/\/www.electronicajnc.com\/web\/","name":"Electronica JNC","description":"Robotica Tecnologia Mecatronica en Ecuador","publisher":{"@id":"https:\/\/www.electronicajnc.com\/web\/#organization"},"potentialAction":[{"@type":"SearchAction","target":{"@type":"EntryPoint","urlTemplate":"https:\/\/www.electronicajnc.com\/web\/?s={search_term_string}"},"query-input":{"@type":"PropertyValueSpecification","valueRequired":true,"valueName":"search_term_string"}}],"inLanguage":"es"},{"@type":"Organization","@id":"https:\/\/www.electronicajnc.com\/web\/#organization","name":"Electronica JNC","url":"https:\/\/www.electronicajnc.com\/web\/","logo":{"@type":"ImageObject","inLanguage":"es","@id":"https:\/\/www.electronicajnc.com\/web\/#\/schema\/logo\/image\/","url":"https:\/\/www.electronicajnc.com\/web\/wp-content\/uploads\/2023\/06\/nuevo-logo.jpg","contentUrl":"https:\/\/www.electronicajnc.com\/web\/wp-content\/uploads\/2023\/06\/nuevo-logo.jpg","width":1256,"height":612,"caption":"Electronica JNC"},"image":{"@id":"https:\/\/www.electronicajnc.com\/web\/#\/schema\/logo\/image\/"}}]}},"_links":{"self":[{"href":"https:\/\/www.electronicajnc.com\/web\/wp-json\/wp\/v2\/product\/1009","targetHints":{"allow":["GET"]}}],"collection":[{"href":"https:\/\/www.electronicajnc.com\/web\/wp-json\/wp\/v2\/product"}],"about":[{"href":"https:\/\/www.electronicajnc.com\/web\/wp-json\/wp\/v2\/types\/product"}],"replies":[{"embeddable":true,"href":"https:\/\/www.electronicajnc.com\/web\/wp-json\/wp\/v2\/comments?post=1009"}],"wp:featuredmedia":[{"embeddable":true,"href":"https:\/\/www.electronicajnc.com\/web\/wp-json\/wp\/v2\/media\/1018"}],"wp:attachment":[{"href":"https:\/\/www.electronicajnc.com\/web\/wp-json\/wp\/v2\/media?parent=1009"}],"wp:term":[{"taxonomy":"product_brand","embeddable":true,"href":"https:\/\/www.electronicajnc.com\/web\/wp-json\/wp\/v2\/product_brand?post=1009"},{"taxonomy":"product_cat","embeddable":true,"href":"https:\/\/www.electronicajnc.com\/web\/wp-json\/wp\/v2\/product_cat?post=1009"},{"taxonomy":"product_tag","embeddable":true,"href":"https:\/\/www.electronicajnc.com\/web\/wp-json\/wp\/v2\/product_tag?post=1009"}],"curies":[{"name":"wp","href":"https:\/\/api.w.org\/{rel}","templated":true}]}}