{"id":1024,"date":"2023-10-31T23:00:13","date_gmt":"2023-10-31T23:00:13","guid":{"rendered":"https:\/\/www.electronicajnc.com\/web\/?post_type=product&#038;p=1024"},"modified":"2023-10-31T23:01:07","modified_gmt":"2023-10-31T23:01:07","slug":"reductor-de-voltaje-xl4015-5a","status":"publish","type":"product","link":"https:\/\/www.electronicajnc.com\/web\/producto\/reductor-de-voltaje-xl4015-5a\/","title":{"rendered":"REDUCTOR DE VOLTAJE XL4015 5A"},"content":{"rendered":"<p>REDUCTOR DE VOLTAJE XL4015 5A<\/p>\n<p><img fetchpriority=\"high\" decoding=\"async\" class=\"aligncenter\" src=\"https:\/\/www.electronicajnc.com\/web\/wp-content\/uploads\/2023\/10\/xl4015.jpg\" alt=\"M\u00d3DULO REDUCTOR DE VOLTAJE 5A XL4015 AJUSTABLE STEP DOWN BUCK\" width=\"611\" height=\"636\" \/><\/p>\n<p>El regulador Step-Down XL4015 tiene como funci\u00f3n entregar un voltaje de salida constante inferior al voltaje de entrada frente a variaciones del voltaje. Soporta corrientes de salida de hasta 5A, con un voltaje de entrada entre los 4 a 36V y un voltaje de salida entre 1.25V a 32V. El voltaje de salida es ajustable mediante el potenci\u00f3metro multivuelta que tiene integrado este regulador.<\/p>\n<p>Este regulador permite obtener un voltaje regulado a partir de una fuente con un voltaje mayor, por ejemplo: obtener 5V, 3.3V, 1.8V a partir de una fuente o bater\u00eda de 12V. Para asegurar un buen funcionamiento el nivel de voltaje de entrada debe ser superior al nivel de voltaje de salida por lo menos en 1.5V, ya que de no ser as\u00ed, se presentaran problemas de eficiencia y rendimiento. Es capaz de manejar una carga de hasta 5A m\u00e1ximo, cuando se emplee para una corriente superior a 3.5 A es recomendable adicionar un disipador de calor.<\/p>\n<h1>REDUCTOR DE VOLTAJE XL4015 5A<\/h1>\n<h3><strong>ESPECIFICACIONES Y CARACTER\u00cdSTICAS<\/strong><\/h3>\n<ul>\n<li>Tipo: Regulador de voltaje Step-Down<\/li>\n<li>Serie: XL4015<\/li>\n<li>Pines: 4 (IN-, IN+, OUT- y OUT+)<\/li>\n<li>Longitud: 54 mm<\/li>\n<li>Ancho: 23 mm<\/li>\n<li>Altura: 15 mm<\/li>\n<li>Voltaje de entrada: 4 a 36 Volts DC (INPUT)<\/li>\n<li>Voltaje de salida: 1.25 a 32 Volts DC (OUTPUT)<\/li>\n<li>Corriente de salida: 5 A m\u00e1x., recomendado (usar disipador para corrientes mayores a 3.5 A)<\/li>\n<li>Potencia de salida: 50W<\/li>\n<li>Eficiencia de conversi\u00f3n: 96%\u00a0 m\u00e1x.<\/li>\n<li>Regulaci\u00f3n de carga: Si (I) \u2264 0.8%.<\/li>\n<li>Regulaci\u00f3n de voltaje: Si (u) \u2264 0.8%.<\/li>\n<li>Frecuencia de Trabajo: 180KHz<\/li>\n<li>Corto circuito \u2013 Protecci\u00f3n: Si (hasta 8 A)<\/li>\n<li>Protecci\u00f3n limitadora de corriente: Si<\/li>\n<li>Protecci\u00f3n frente a inversi\u00f3n de polaridad: NO<\/li>\n<li>Temperatura de Funcionamiento: -45\u00b0C a +85\u00b0C<\/li>\n<li>Peso: 16 g<\/li>\n<\/ul>\n<div>\n<h2><b>\u00bfD\u00f3nde<\/b><strong>\u00a0conseguir ?<\/strong><\/h2>\n<\/div>\n<p>Puedes conseguir este producto y mucho mas en nuestra tienda de electr\u00f3nica \u201cElectr\u00f3nica JNC\u201d a un excelente precio, de igual manera puedes preguntar por otros productos que tenemos para ti y as\u00ed adquirirlos seg\u00fan tu necesidad para\u00a0 tus proyectos.<\/p>\n<p>Adem\u00e1s de vender realizamos todo tipo de proyectos de Rob\u00f3tica Electr\u00f3nica y de Programaci\u00f3n en Arduino-Raspberry, brindamos asesoramiento en la elaboraci\u00f3n de proyectos y personalizamos sus clases cuando deseas armar un robot.<\/p>\n<p>Somos importadores Directos de todo en Electr\u00f3nica y Rob\u00f3tica directamente desde los fabricantes, a los mejores precios del mercado.<\/p>\n<div class=\"x11i5rnm xat24cr x1mh8g0r x1vvkbs xtlvy1s x126k92a\">\n<div dir=\"auto\">SERVICIO PERSONALIZADO, APOYO TEORICO Y VENTA DE MATERIAL<\/div>\n<\/div>\n<div class=\"x11i5rnm xat24cr x1mh8g0r x1vvkbs xtlvy1s x126k92a\">\n<div dir=\"auto\">COTIZA CON NOSOTROS<\/div>\n<div dir=\"auto\">SERVICIO, EXPERIENCIA, CALIDAD Y CONFIANZA<\/div>\n<div dir=\"auto\">\u00abTodo lo que buscas en un solo lugar\u00bb<\/div>\n<\/div>\n<div dir=\"auto\"><\/div>\n<p><img decoding=\"async\" class=\"aligncenter\" src=\"https:\/\/images.ua.prom.st\/1494267654_1494267654.jpg?PImaGE_ID=1494267654\" \/><\/p>\n<p style=\"text-align: center;\">Realizar un pedido en la web o por \u00a0<a href=\"https:\/\/api.whatsapp.com\/send?phone=593958753126\" target=\"_blank\" rel=\"noopener\">WHATSAPP<\/a>.<\/p>\n<p><img decoding=\"async\" class=\"aligncenter\" src=\"https:\/\/images.ua.prom.st\/1494267867_1494267867.jpg?PImaGE_ID=1494267867\" \/><\/p>\n<p style=\"text-align: center;\">Consulta con un asesor\u00a0 todas tus inquietudes.<\/p>\n<p><img decoding=\"async\" class=\"aligncenter\" src=\"https:\/\/images.ua.prom.st\/1494266627_1494266627.jpg?PImaGE_ID=1494266627\" \/><\/p>\n<p style=\"text-align: center;\">Pregunta las formas de pago.<\/p>\n<p><img decoding=\"async\" class=\"aligncenter\" src=\"https:\/\/images.ua.prom.st\/1494267985_1494267985.jpg?PImaGE_ID=1494267985\" \/><\/p>\n<p style=\"text-align: center;\">Tu pedido llega a la puerta de tu casa.<\/p>\n<p>&nbsp;<\/p>\n<p><strong>\u00a1\u00a1 PREGUNTANOS Sin compromiso !!!!<\/strong><\/p>\n<p>Puede retirar sus pedidos en nuestra\u00a0<a href=\"https:\/\/www.electronicajnc.com\/web\/contactos\" target=\"_blank\" rel=\"noopener\">TIENDA F\u00cdSICA<\/a>\u00a0o realizar sus pedidos\u00a0<a href=\"https:\/\/www.electronicajnc.com\/web\/mi-cuenta\" target=\"_blank\" rel=\"noopener\">ONLINE<\/a>\u00a0o por\u00a0<a href=\"https:\/\/api.whatsapp.com\/send?phone=593958753126\" target=\"_blank\" rel=\"noopener\">WHATSAPP<\/a><\/p>\n","protected":false},"excerpt":{"rendered":"<p>Este regulador permite obtener un voltaje regulado a partir de una fuente con un voltaje mayor, por ejemplo: obtener 5V, 3.3V, 1.8V a partir de una fuente o bater\u00eda de 12V. Para asegurar un buen funcionamiento el nivel de voltaje de entrada debe ser superior al nivel de voltaje de salida por lo menos en 1.5V, ya que de no ser as\u00ed, se presentaran problemas de eficiencia y rendimiento<\/p>\n","protected":false},"featured_media":1028,"comment_status":"closed","ping_status":"closed","template":"","meta":{"saved_in_kubio":false,"_joinchat":[]},"product_brand":[],"product_cat":[21],"product_tag":[710,706,712,714,711,708,709,713,701,715,318,703,704,705,702,707,32,31,35],"class_list":{"0":"post-1024","1":"product","2":"type-product","3":"status-publish","4":"has-post-thumbnail","6":"product_cat-modulos_sensores","7":"product_tag-diseno-de-circuitos","8":"product_tag-esp01-8266","9":"product_tag-internet-de-las-cosas-iot","10":"product_tag-kit-arduino-ecuador","11":"product_tag-kit-arduino-mas-vendido","12":"product_tag-kit-de-inicio-arduino","13":"product_tag-kit-de-proyecto-arduino","14":"product_tag-kit-de-robotica","15":"product_tag-kit-steam","16":"product_tag-mejor-kit-arduino-ecuador","17":"product_tag-microcontrolador","18":"product_tag-modulo-bluetooth-hc05","19":"product_tag-modulo-sensor","20":"product_tag-pantalla-i2c","21":"product_tag-pantalla-lcd","22":"product_tag-placa-de-pruebas","23":"product_tag-programacion","24":"product_tag-robotica","25":"product_tag-sensor-de-temperatura","27":"first","28":"instock","29":"taxable","30":"shipping-taxable","31":"purchasable","32":"product-type-simple"},"yoast_head":"<!-- This site is optimized with the Yoast SEO plugin v27.4 - https:\/\/yoast.com\/product\/yoast-seo-wordpress\/ -->\n<title>REDUCTOR DE VOLTAJE XL4015 5A - Electronica JNC<\/title>\n<meta name=\"description\" content=\"REDUCTOR DE VOLTAJE XL4015 5A Este regulador permite obtener un voltaje regulado 5V, 3.3V, 1.8V a partir de una fuente o bater\u00eda de 12V.\" \/>\n<meta name=\"robots\" content=\"index, follow, max-snippet:-1, max-image-preview:large, max-video-preview:-1\" \/>\n<link rel=\"canonical\" href=\"https:\/\/www.electronicajnc.com\/web\/producto\/reductor-de-voltaje-xl4015-5a\/\" \/>\n<meta property=\"og:locale\" content=\"es_ES\" \/>\n<meta property=\"og:type\" content=\"article\" \/>\n<meta property=\"og:title\" content=\"REDUCTOR DE VOLTAJE XL4015 5A - Electronica JNC\" \/>\n<meta property=\"og:description\" content=\"REDUCTOR DE VOLTAJE XL4015 5A Este regulador permite obtener un voltaje regulado 5V, 3.3V, 1.8V a partir de una fuente o bater\u00eda de 12V.\" \/>\n<meta property=\"og:url\" content=\"https:\/\/www.electronicajnc.com\/web\/producto\/reductor-de-voltaje-xl4015-5a\/\" \/>\n<meta property=\"og:site_name\" content=\"Electronica JNC\" \/>\n<meta property=\"article:modified_time\" content=\"2023-10-31T23:01:07+00:00\" \/>\n<meta property=\"og:image\" content=\"https:\/\/www.electronicajnc.com\/web\/wp-content\/uploads\/2023\/10\/xl4015.jpg\" \/>\n\t<meta property=\"og:image:width\" content=\"1006\" \/>\n\t<meta property=\"og:image:height\" content=\"1047\" \/>\n\t<meta property=\"og:image:type\" content=\"image\/jpeg\" \/>\n<meta name=\"twitter:card\" content=\"summary_large_image\" \/>\n<meta name=\"twitter:label1\" content=\"Tiempo de lectura\" \/>\n\t<meta name=\"twitter:data1\" content=\"4 minutos\" \/>\n<script type=\"application\/ld+json\" class=\"yoast-schema-graph\">{\"@context\":\"https:\\\/\\\/schema.org\",\"@graph\":[{\"@type\":\"WebPage\",\"@id\":\"https:\\\/\\\/www.electronicajnc.com\\\/web\\\/producto\\\/reductor-de-voltaje-xl4015-5a\\\/\",\"url\":\"https:\\\/\\\/www.electronicajnc.com\\\/web\\\/producto\\\/reductor-de-voltaje-xl4015-5a\\\/\",\"name\":\"REDUCTOR DE VOLTAJE XL4015 5A - Electronica JNC\",\"isPartOf\":{\"@id\":\"https:\\\/\\\/www.electronicajnc.com\\\/web\\\/#website\"},\"primaryImageOfPage\":{\"@id\":\"https:\\\/\\\/www.electronicajnc.com\\\/web\\\/producto\\\/reductor-de-voltaje-xl4015-5a\\\/#primaryimage\"},\"image\":{\"@id\":\"https:\\\/\\\/www.electronicajnc.com\\\/web\\\/producto\\\/reductor-de-voltaje-xl4015-5a\\\/#primaryimage\"},\"thumbnailUrl\":\"https:\\\/\\\/www.electronicajnc.com\\\/web\\\/wp-content\\\/uploads\\\/2023\\\/10\\\/xl4015.jpg\",\"datePublished\":\"2023-10-31T23:00:13+00:00\",\"dateModified\":\"2023-10-31T23:01:07+00:00\",\"description\":\"REDUCTOR DE VOLTAJE XL4015 5A Este regulador permite obtener un voltaje regulado 5V, 3.3V, 1.8V a partir de una fuente o bater\u00eda de 12V.\",\"breadcrumb\":{\"@id\":\"https:\\\/\\\/www.electronicajnc.com\\\/web\\\/producto\\\/reductor-de-voltaje-xl4015-5a\\\/#breadcrumb\"},\"inLanguage\":\"es\",\"potentialAction\":[{\"@type\":\"ReadAction\",\"target\":[\"https:\\\/\\\/www.electronicajnc.com\\\/web\\\/producto\\\/reductor-de-voltaje-xl4015-5a\\\/\"]}]},{\"@type\":\"ImageObject\",\"inLanguage\":\"es\",\"@id\":\"https:\\\/\\\/www.electronicajnc.com\\\/web\\\/producto\\\/reductor-de-voltaje-xl4015-5a\\\/#primaryimage\",\"url\":\"https:\\\/\\\/www.electronicajnc.com\\\/web\\\/wp-content\\\/uploads\\\/2023\\\/10\\\/xl4015.jpg\",\"contentUrl\":\"https:\\\/\\\/www.electronicajnc.com\\\/web\\\/wp-content\\\/uploads\\\/2023\\\/10\\\/xl4015.jpg\",\"width\":1006,\"height\":1047,\"caption\":\"M\u00d3DULO REDUCTOR DE VOLTAJE 5A XL4015 AJUSTABLE STEP DOWN BUCK\"},{\"@type\":\"BreadcrumbList\",\"@id\":\"https:\\\/\\\/www.electronicajnc.com\\\/web\\\/producto\\\/reductor-de-voltaje-xl4015-5a\\\/#breadcrumb\",\"itemListElement\":[{\"@type\":\"ListItem\",\"position\":1,\"name\":\"Portada\",\"item\":\"https:\\\/\\\/www.electronicajnc.com\\\/web\\\/\"},{\"@type\":\"ListItem\",\"position\":2,\"name\":\"TIENDA\",\"item\":\"https:\\\/\\\/www.electronicajnc.com\\\/web\\\/tienda\\\/\"},{\"@type\":\"ListItem\",\"position\":3,\"name\":\"REDUCTOR DE VOLTAJE XL4015 5A\"}]},{\"@type\":\"WebSite\",\"@id\":\"https:\\\/\\\/www.electronicajnc.com\\\/web\\\/#website\",\"url\":\"https:\\\/\\\/www.electronicajnc.com\\\/web\\\/\",\"name\":\"Electronica JNC\",\"description\":\"Robotica Tecnologia Mecatronica en Ecuador\",\"publisher\":{\"@id\":\"https:\\\/\\\/www.electronicajnc.com\\\/web\\\/#organization\"},\"potentialAction\":[{\"@type\":\"SearchAction\",\"target\":{\"@type\":\"EntryPoint\",\"urlTemplate\":\"https:\\\/\\\/www.electronicajnc.com\\\/web\\\/?s={search_term_string}\"},\"query-input\":{\"@type\":\"PropertyValueSpecification\",\"valueRequired\":true,\"valueName\":\"search_term_string\"}}],\"inLanguage\":\"es\"},{\"@type\":\"Organization\",\"@id\":\"https:\\\/\\\/www.electronicajnc.com\\\/web\\\/#organization\",\"name\":\"Electronica JNC\",\"url\":\"https:\\\/\\\/www.electronicajnc.com\\\/web\\\/\",\"logo\":{\"@type\":\"ImageObject\",\"inLanguage\":\"es\",\"@id\":\"https:\\\/\\\/www.electronicajnc.com\\\/web\\\/#\\\/schema\\\/logo\\\/image\\\/\",\"url\":\"https:\\\/\\\/www.electronicajnc.com\\\/web\\\/wp-content\\\/uploads\\\/2023\\\/06\\\/nuevo-logo.jpg\",\"contentUrl\":\"https:\\\/\\\/www.electronicajnc.com\\\/web\\\/wp-content\\\/uploads\\\/2023\\\/06\\\/nuevo-logo.jpg\",\"width\":1256,\"height\":612,\"caption\":\"Electronica JNC\"},\"image\":{\"@id\":\"https:\\\/\\\/www.electronicajnc.com\\\/web\\\/#\\\/schema\\\/logo\\\/image\\\/\"}}]}<\/script>\n<!-- \/ Yoast SEO plugin. -->","yoast_head_json":{"title":"REDUCTOR DE VOLTAJE XL4015 5A - Electronica JNC","description":"REDUCTOR DE VOLTAJE XL4015 5A Este regulador permite obtener un voltaje regulado 5V, 3.3V, 1.8V a partir de una fuente o bater\u00eda de 12V.","robots":{"index":"index","follow":"follow","max-snippet":"max-snippet:-1","max-image-preview":"max-image-preview:large","max-video-preview":"max-video-preview:-1"},"canonical":"https:\/\/www.electronicajnc.com\/web\/producto\/reductor-de-voltaje-xl4015-5a\/","og_locale":"es_ES","og_type":"article","og_title":"REDUCTOR DE VOLTAJE XL4015 5A - Electronica JNC","og_description":"REDUCTOR DE VOLTAJE XL4015 5A Este regulador permite obtener un voltaje regulado 5V, 3.3V, 1.8V a partir de una fuente o bater\u00eda de 12V.","og_url":"https:\/\/www.electronicajnc.com\/web\/producto\/reductor-de-voltaje-xl4015-5a\/","og_site_name":"Electronica JNC","article_modified_time":"2023-10-31T23:01:07+00:00","og_image":[{"width":1006,"height":1047,"url":"https:\/\/www.electronicajnc.com\/web\/wp-content\/uploads\/2023\/10\/xl4015.jpg","type":"image\/jpeg"}],"twitter_card":"summary_large_image","twitter_misc":{"Tiempo de lectura":"4 minutos"},"schema":{"@context":"https:\/\/schema.org","@graph":[{"@type":"WebPage","@id":"https:\/\/www.electronicajnc.com\/web\/producto\/reductor-de-voltaje-xl4015-5a\/","url":"https:\/\/www.electronicajnc.com\/web\/producto\/reductor-de-voltaje-xl4015-5a\/","name":"REDUCTOR DE VOLTAJE XL4015 5A - Electronica JNC","isPartOf":{"@id":"https:\/\/www.electronicajnc.com\/web\/#website"},"primaryImageOfPage":{"@id":"https:\/\/www.electronicajnc.com\/web\/producto\/reductor-de-voltaje-xl4015-5a\/#primaryimage"},"image":{"@id":"https:\/\/www.electronicajnc.com\/web\/producto\/reductor-de-voltaje-xl4015-5a\/#primaryimage"},"thumbnailUrl":"https:\/\/www.electronicajnc.com\/web\/wp-content\/uploads\/2023\/10\/xl4015.jpg","datePublished":"2023-10-31T23:00:13+00:00","dateModified":"2023-10-31T23:01:07+00:00","description":"REDUCTOR DE VOLTAJE XL4015 5A Este regulador permite obtener un voltaje regulado 5V, 3.3V, 1.8V a partir de una fuente o bater\u00eda de 12V.","breadcrumb":{"@id":"https:\/\/www.electronicajnc.com\/web\/producto\/reductor-de-voltaje-xl4015-5a\/#breadcrumb"},"inLanguage":"es","potentialAction":[{"@type":"ReadAction","target":["https:\/\/www.electronicajnc.com\/web\/producto\/reductor-de-voltaje-xl4015-5a\/"]}]},{"@type":"ImageObject","inLanguage":"es","@id":"https:\/\/www.electronicajnc.com\/web\/producto\/reductor-de-voltaje-xl4015-5a\/#primaryimage","url":"https:\/\/www.electronicajnc.com\/web\/wp-content\/uploads\/2023\/10\/xl4015.jpg","contentUrl":"https:\/\/www.electronicajnc.com\/web\/wp-content\/uploads\/2023\/10\/xl4015.jpg","width":1006,"height":1047,"caption":"M\u00d3DULO REDUCTOR DE VOLTAJE 5A XL4015 AJUSTABLE STEP DOWN BUCK"},{"@type":"BreadcrumbList","@id":"https:\/\/www.electronicajnc.com\/web\/producto\/reductor-de-voltaje-xl4015-5a\/#breadcrumb","itemListElement":[{"@type":"ListItem","position":1,"name":"Portada","item":"https:\/\/www.electronicajnc.com\/web\/"},{"@type":"ListItem","position":2,"name":"TIENDA","item":"https:\/\/www.electronicajnc.com\/web\/tienda\/"},{"@type":"ListItem","position":3,"name":"REDUCTOR DE VOLTAJE XL4015 5A"}]},{"@type":"WebSite","@id":"https:\/\/www.electronicajnc.com\/web\/#website","url":"https:\/\/www.electronicajnc.com\/web\/","name":"Electronica JNC","description":"Robotica Tecnologia Mecatronica en Ecuador","publisher":{"@id":"https:\/\/www.electronicajnc.com\/web\/#organization"},"potentialAction":[{"@type":"SearchAction","target":{"@type":"EntryPoint","urlTemplate":"https:\/\/www.electronicajnc.com\/web\/?s={search_term_string}"},"query-input":{"@type":"PropertyValueSpecification","valueRequired":true,"valueName":"search_term_string"}}],"inLanguage":"es"},{"@type":"Organization","@id":"https:\/\/www.electronicajnc.com\/web\/#organization","name":"Electronica JNC","url":"https:\/\/www.electronicajnc.com\/web\/","logo":{"@type":"ImageObject","inLanguage":"es","@id":"https:\/\/www.electronicajnc.com\/web\/#\/schema\/logo\/image\/","url":"https:\/\/www.electronicajnc.com\/web\/wp-content\/uploads\/2023\/06\/nuevo-logo.jpg","contentUrl":"https:\/\/www.electronicajnc.com\/web\/wp-content\/uploads\/2023\/06\/nuevo-logo.jpg","width":1256,"height":612,"caption":"Electronica JNC"},"image":{"@id":"https:\/\/www.electronicajnc.com\/web\/#\/schema\/logo\/image\/"}}]}},"_links":{"self":[{"href":"https:\/\/www.electronicajnc.com\/web\/wp-json\/wp\/v2\/product\/1024","targetHints":{"allow":["GET"]}}],"collection":[{"href":"https:\/\/www.electronicajnc.com\/web\/wp-json\/wp\/v2\/product"}],"about":[{"href":"https:\/\/www.electronicajnc.com\/web\/wp-json\/wp\/v2\/types\/product"}],"replies":[{"embeddable":true,"href":"https:\/\/www.electronicajnc.com\/web\/wp-json\/wp\/v2\/comments?post=1024"}],"wp:featuredmedia":[{"embeddable":true,"href":"https:\/\/www.electronicajnc.com\/web\/wp-json\/wp\/v2\/media\/1028"}],"wp:attachment":[{"href":"https:\/\/www.electronicajnc.com\/web\/wp-json\/wp\/v2\/media?parent=1024"}],"wp:term":[{"taxonomy":"product_brand","embeddable":true,"href":"https:\/\/www.electronicajnc.com\/web\/wp-json\/wp\/v2\/product_brand?post=1024"},{"taxonomy":"product_cat","embeddable":true,"href":"https:\/\/www.electronicajnc.com\/web\/wp-json\/wp\/v2\/product_cat?post=1024"},{"taxonomy":"product_tag","embeddable":true,"href":"https:\/\/www.electronicajnc.com\/web\/wp-json\/wp\/v2\/product_tag?post=1024"}],"curies":[{"name":"wp","href":"https:\/\/api.w.org\/{rel}","templated":true}]}}