{"id":1085,"date":"2023-11-16T17:50:03","date_gmt":"2023-11-16T17:50:03","guid":{"rendered":"https:\/\/www.electronicajnc.com\/web\/?post_type=product&#038;p=1085"},"modified":"2025-03-10T18:14:08","modified_gmt":"2025-03-10T18:14:08","slug":"indicador-led-luz-piloto-22mm-110v","status":"publish","type":"product","link":"https:\/\/www.electronicajnc.com\/web\/producto\/indicador-led-luz-piloto-22mm-110v\/","title":{"rendered":"Indicador Led Luz Piloto 22mm 110V"},"content":{"rendered":"<p class=\"h1 page-title\">Indicador Led Luz Piloto 22mm 110V<\/p>\n<p>&nbsp;<\/p>\n<p><img fetchpriority=\"high\" decoding=\"async\" class=\"aligncenter\" src=\"https:\/\/www.electronicajnc.com\/web\/wp-content\/uploads\/2023\/11\/LUZ-PILOTO-EQUIPO.jpg\" alt=\"LUZ PILOTO AD16-22D\/S\" width=\"622\" height=\"586\" \/><\/p>\n<p>Estas luces seguramente te dar\u00e1n una se\u00f1al de estado visual de cualquier se\u00f1al de indexaci\u00f3n, se\u00f1ales anticipadas, se\u00f1al de emergencia y otras se\u00f1ales de indexaci\u00f3n. Indicador LED de larga duraci\u00f3n y confiable.<\/p>\n<ul class=\"a-unordered-list a-vertical\">\n<li><span class=\"a-list-item\">Ideal para equipos el\u00e9ctricos, m\u00e1quinas textiles, impresoras, barcos, m\u00e1quinas de miner\u00eda, etc. para indicaci\u00f3n de se\u00f1ales.<\/span><\/li>\n<li><span class=\"a-list-item\">La carcasa de pl\u00e1stico puede utilizarla directa y conveniente.<\/span><\/li>\n<li><span class=\"a-list-item\">Tornillos interiores para conexi\u00f3n, seguros de usar.<\/span><\/li>\n<\/ul>\n<h3 class=\"a-spacing-mini\">Par\u00e1metros del producto:<\/h3>\n<p class=\"a-spacing-base\">Indicador LED de larga duraci\u00f3n y confiable. LED para ahorro de energ\u00eda y bajo costo de mantenimiento. Abrazadera de tornillo para una f\u00e1cil conexi\u00f3n y fuerte conductividad. Ampliamente utilizado en equipos de electricidad, m\u00e1quinas textiles, impresoras, barcos y m\u00e1quinas de miner\u00eda. Estas luces piloto de montaje en panel seguramente te dar\u00e1n una se\u00f1al de estado visual de cualquier se\u00f1al de indexaci\u00f3n, se\u00f1ales anticipadas, se\u00f1al de emergencia y otras se\u00f1ales de indexaci\u00f3n.<\/p>\n<div class=\"title--wrap--wDzGayX description--title--ZsqjrTd\">\n<div class=\"title--text--Lx66GPw\">\n<h1 class=\"title--title--RN9Pt03\">Descripci\u00f3n<\/h1>\n<\/div>\n<\/div>\n<div>\n<div class=\"extend--content--DlnAngg\">\n<div>\n<div id=\"product-description\" class=\"description--product-description--nxRv0lW\" data-spm=\"1000023\" data-pl=\"product-description\">\n<div class=\"description--origin-part--SsZJoGC\">\n<div class=\"detailmodule_html\">\n<div class=\"detail-desc-decorate-richtext\">\n<p><span id=\"tl_1\" data-spm-anchor-id=\"a2g0o.detail.1000023.i0.690b157dMR4r0Y\"><br \/>\nFuente de luz del producto: iluminaci\u00f3n LED<br \/>\nApertura de instalaci\u00f3n: 22mm \/ 16mm<br \/>\nColor: rojo, amarillo, azul, verde, blanco<br \/>\nModo de conexi\u00f3n: conexi\u00f3n por tornillo<br \/>\nCorriente nominal: \u2264 20mA<br \/>\nResistencia de aislamiento: \u2265 2m\u03a9<br \/>\nTensi\u00f3n soportada por frecuencia: 2.5KV 1min<br \/>\nAlto brillo: \u2265 100cmd<br \/>\nGrado de reconocimiento \u2265 98%<br \/>\nVida \u00fatil de trabajo continuo: normalmente m\u00e1s de 30.000 horas. El final de la vida de una l\u00e1mpara no suele ser una falla repentina;<br \/>\nContenido del paquete opcional:\u00a01 luz de se\u00f1al<\/span><\/p>\n<\/div>\n<\/div>\n<\/div>\n<\/div>\n<\/div>\n<\/div>\n<\/div>\n<h1 class=\"h1 page-title\">Indicador Led Luz Piloto 22mm 110V<\/h1>\n<div>\n<h2><b>\u00bfD\u00f3nde<\/b><strong>\u00a0conseguir ?<\/strong><\/h2>\n<\/div>\n<p>Puedes conseguir este producto y mucho mas en nuestra tienda de electr\u00f3nica \u201cElectr\u00f3nica JNC\u201d a un excelente precio, de igual manera puedes preguntar por otros productos que tenemos para ti y as\u00ed adquirirlos seg\u00fan tu necesidad para\u00a0 tus proyectos.<\/p>\n<p>Adem\u00e1s de vender realizamos todo tipo de proyectos de Rob\u00f3tica Electr\u00f3nica y de Programaci\u00f3n en Arduino-Raspberry, brindamos asesoramiento en la elaboraci\u00f3n de proyectos y personalizamos sus clases cuando deseas armar un robot.<\/p>\n<p>Somos importadores Directos de todo en Electr\u00f3nica y Rob\u00f3tica directamente desde los fabricantes, a los mejores precios del mercado.<\/p>\n<div class=\"x11i5rnm xat24cr x1mh8g0r x1vvkbs xtlvy1s x126k92a\">\n<div dir=\"auto\">SERVICIO PERSONALIZADO, APOYO TEORICO Y VENTA DE MATERIAL<\/div>\n<\/div>\n<div class=\"x11i5rnm xat24cr x1mh8g0r x1vvkbs xtlvy1s x126k92a\">\n<div dir=\"auto\">COTIZA CON NOSOTROS<\/div>\n<div dir=\"auto\">SERVICIO, EXPERIENCIA, CALIDAD Y CONFIANZA<\/div>\n<div dir=\"auto\">\u00abTodo lo que buscas en un solo lugar\u00bb<\/div>\n<\/div>\n<div dir=\"auto\"><\/div>\n<p><img decoding=\"async\" class=\"aligncenter\" src=\"https:\/\/images.ua.prom.st\/1494267654_1494267654.jpg?PImaGE_ID=1494267654\" \/><\/p>\n<p style=\"text-align: center;\">Realizar un pedido en la web o por \u00a0<a href=\"https:\/\/api.whatsapp.com\/send?phone=593958753126\" target=\"_blank\" rel=\"noopener\">WHATSAPP<\/a>.<\/p>\n<p><img decoding=\"async\" class=\"aligncenter\" src=\"https:\/\/images.ua.prom.st\/1494267867_1494267867.jpg?PImaGE_ID=1494267867\" \/><\/p>\n<p style=\"text-align: center;\">Consulta con un asesor\u00a0 todas tus inquietudes.<\/p>\n<p><img decoding=\"async\" class=\"aligncenter\" src=\"https:\/\/images.ua.prom.st\/1494266627_1494266627.jpg?PImaGE_ID=1494266627\" \/><\/p>\n<p style=\"text-align: center;\">Pregunta las formas de pago.<\/p>\n<p><img decoding=\"async\" class=\"aligncenter\" src=\"https:\/\/images.ua.prom.st\/1494267985_1494267985.jpg?PImaGE_ID=1494267985\" \/><\/p>\n<p style=\"text-align: center;\">Tu pedido llega a la puerta de tu casa.<\/p>\n<p>&nbsp;<\/p>\n<p><strong>\u00a1\u00a1 PREG\u00daNTANOS Sin compromiso !!!!<\/strong><\/p>\n<p>Puede retirar sus pedidos en nuestra\u00a0<a href=\"https:\/\/www.electronicajnc.com\/web\/contactos\" target=\"_blank\" rel=\"noopener\">TIENDA F\u00cdSICA<\/a>\u00a0o realizar sus pedidos\u00a0<a href=\"https:\/\/www.electronicajnc.com\/web\/mi-cuenta\" target=\"_blank\" rel=\"noopener\">ONLINE<\/a>\u00a0o por\u00a0<a href=\"https:\/\/api.whatsapp.com\/send?phone=593958753126\" target=\"_blank\" rel=\"noopener\">WHATSAPP<\/a>.<\/p>\n<p>&nbsp;<\/p>\n<p>&nbsp;<\/p>\n","protected":false},"excerpt":{"rendered":"<p>Indicador Led Luz Piloto 22mm 110V &nbsp; Estas luces seguramente te dar\u00e1n una se\u00f1al de estado visual de cualquier se\u00f1al de indexaci\u00f3n, se\u00f1ales anticipadas, se\u00f1al de emergencia y otras se\u00f1ales de indexaci\u00f3n. Indicador LED de larga duraci\u00f3n y confiable. Ideal para equipos el\u00e9ctricos, m\u00e1quinas textiles, impresoras, barcos, m\u00e1quinas de miner\u00eda, etc. para indicaci\u00f3n de se\u00f1ales. [&hellip;]<\/p>\n","protected":false},"featured_media":1088,"comment_status":"closed","ping_status":"closed","template":"","meta":{"saved_in_kubio":false,"_joinchat":[]},"product_brand":[],"product_cat":[309],"product_tag":[724,725,726],"class_list":{"0":"post-1085","1":"product","2":"type-product","3":"status-publish","4":"has-post-thumbnail","6":"product_cat-componentes-electronicos","7":"product_tag-componentes-para-tablero-electronico","8":"product_tag-componentes-para","9":"product_tag-tablero-electronico","11":"first","12":"instock","13":"taxable","14":"shipping-taxable","15":"purchasable","16":"product-type-simple"},"yoast_head":"<!-- This site is optimized with the Yoast SEO plugin v27.6 - https:\/\/yoast.com\/product\/yoast-seo-wordpress\/ -->\n<title>Indicador Led Luz Piloto 22mm 110V - Electronica JNC<\/title>\n<meta name=\"description\" content=\"Indicador Led Luz Piloto 22mm 110V\" \/>\n<meta name=\"robots\" content=\"index, follow, max-snippet:-1, max-image-preview:large, max-video-preview:-1\" \/>\n<link rel=\"canonical\" href=\"https:\/\/www.electronicajnc.com\/web\/producto\/indicador-led-luz-piloto-22mm-110v\/\" \/>\n<meta property=\"og:locale\" content=\"es_ES\" \/>\n<meta property=\"og:type\" content=\"article\" \/>\n<meta property=\"og:title\" content=\"Indicador Led Luz Piloto 22mm 110V - Electronica JNC\" \/>\n<meta property=\"og:description\" content=\"Indicador Led Luz Piloto 22mm 110V\" \/>\n<meta property=\"og:url\" content=\"https:\/\/www.electronicajnc.com\/web\/producto\/indicador-led-luz-piloto-22mm-110v\/\" \/>\n<meta property=\"og:site_name\" content=\"Electronica JNC\" \/>\n<meta property=\"article:modified_time\" content=\"2025-03-10T18:14:08+00:00\" \/>\n<meta property=\"og:image\" content=\"https:\/\/www.electronicajnc.com\/web\/wp-content\/uploads\/2023\/11\/LUZ-PILOTO-123.jpg\" \/>\n\t<meta property=\"og:image:width\" content=\"1028\" \/>\n\t<meta property=\"og:image:height\" content=\"969\" \/>\n\t<meta property=\"og:image:type\" content=\"image\/jpeg\" \/>\n<meta name=\"twitter:card\" content=\"summary_large_image\" \/>\n<meta name=\"twitter:label1\" content=\"Tiempo de lectura\" \/>\n\t<meta name=\"twitter:data1\" content=\"3 minutos\" \/>\n<script type=\"application\/ld+json\" class=\"yoast-schema-graph\">{\"@context\":\"https:\\\/\\\/schema.org\",\"@graph\":[{\"@type\":\"WebPage\",\"@id\":\"https:\\\/\\\/www.electronicajnc.com\\\/web\\\/producto\\\/indicador-led-luz-piloto-22mm-110v\\\/\",\"url\":\"https:\\\/\\\/www.electronicajnc.com\\\/web\\\/producto\\\/indicador-led-luz-piloto-22mm-110v\\\/\",\"name\":\"Indicador Led Luz Piloto 22mm 110V - Electronica JNC\",\"isPartOf\":{\"@id\":\"https:\\\/\\\/www.electronicajnc.com\\\/web\\\/#website\"},\"primaryImageOfPage\":{\"@id\":\"https:\\\/\\\/www.electronicajnc.com\\\/web\\\/producto\\\/indicador-led-luz-piloto-22mm-110v\\\/#primaryimage\"},\"image\":{\"@id\":\"https:\\\/\\\/www.electronicajnc.com\\\/web\\\/producto\\\/indicador-led-luz-piloto-22mm-110v\\\/#primaryimage\"},\"thumbnailUrl\":\"https:\\\/\\\/www.electronicajnc.com\\\/web\\\/wp-content\\\/uploads\\\/2023\\\/11\\\/LUZ-PILOTO-123.jpg\",\"datePublished\":\"2023-11-16T17:50:03+00:00\",\"dateModified\":\"2025-03-10T18:14:08+00:00\",\"description\":\"Indicador Led Luz Piloto 22mm 110V\",\"breadcrumb\":{\"@id\":\"https:\\\/\\\/www.electronicajnc.com\\\/web\\\/producto\\\/indicador-led-luz-piloto-22mm-110v\\\/#breadcrumb\"},\"inLanguage\":\"es\",\"potentialAction\":[{\"@type\":\"ReadAction\",\"target\":[\"https:\\\/\\\/www.electronicajnc.com\\\/web\\\/producto\\\/indicador-led-luz-piloto-22mm-110v\\\/\"]}]},{\"@type\":\"ImageObject\",\"inLanguage\":\"es\",\"@id\":\"https:\\\/\\\/www.electronicajnc.com\\\/web\\\/producto\\\/indicador-led-luz-piloto-22mm-110v\\\/#primaryimage\",\"url\":\"https:\\\/\\\/www.electronicajnc.com\\\/web\\\/wp-content\\\/uploads\\\/2023\\\/11\\\/LUZ-PILOTO-123.jpg\",\"contentUrl\":\"https:\\\/\\\/www.electronicajnc.com\\\/web\\\/wp-content\\\/uploads\\\/2023\\\/11\\\/LUZ-PILOTO-123.jpg\",\"width\":1028,\"height\":969,\"caption\":\"LUZ PILOTO AD16-22D\\\/S\"},{\"@type\":\"BreadcrumbList\",\"@id\":\"https:\\\/\\\/www.electronicajnc.com\\\/web\\\/producto\\\/indicador-led-luz-piloto-22mm-110v\\\/#breadcrumb\",\"itemListElement\":[{\"@type\":\"ListItem\",\"position\":1,\"name\":\"Portada\",\"item\":\"https:\\\/\\\/www.electronicajnc.com\\\/web\\\/\"},{\"@type\":\"ListItem\",\"position\":2,\"name\":\"TIENDA\",\"item\":\"https:\\\/\\\/www.electronicajnc.com\\\/web\\\/tienda\\\/\"},{\"@type\":\"ListItem\",\"position\":3,\"name\":\"Indicador Led Luz Piloto 22mm 110V\"}]},{\"@type\":\"WebSite\",\"@id\":\"https:\\\/\\\/www.electronicajnc.com\\\/web\\\/#website\",\"url\":\"https:\\\/\\\/www.electronicajnc.com\\\/web\\\/\",\"name\":\"Electronica JNC\",\"description\":\"Robotica Tecnologia Mecatronica en Ecuador\",\"publisher\":{\"@id\":\"https:\\\/\\\/www.electronicajnc.com\\\/web\\\/#organization\"},\"potentialAction\":[{\"@type\":\"SearchAction\",\"target\":{\"@type\":\"EntryPoint\",\"urlTemplate\":\"https:\\\/\\\/www.electronicajnc.com\\\/web\\\/?s={search_term_string}\"},\"query-input\":{\"@type\":\"PropertyValueSpecification\",\"valueRequired\":true,\"valueName\":\"search_term_string\"}}],\"inLanguage\":\"es\"},{\"@type\":\"Organization\",\"@id\":\"https:\\\/\\\/www.electronicajnc.com\\\/web\\\/#organization\",\"name\":\"Electronica JNC\",\"url\":\"https:\\\/\\\/www.electronicajnc.com\\\/web\\\/\",\"logo\":{\"@type\":\"ImageObject\",\"inLanguage\":\"es\",\"@id\":\"https:\\\/\\\/www.electronicajnc.com\\\/web\\\/#\\\/schema\\\/logo\\\/image\\\/\",\"url\":\"https:\\\/\\\/www.electronicajnc.com\\\/web\\\/wp-content\\\/uploads\\\/2023\\\/06\\\/nuevo-logo.jpg\",\"contentUrl\":\"https:\\\/\\\/www.electronicajnc.com\\\/web\\\/wp-content\\\/uploads\\\/2023\\\/06\\\/nuevo-logo.jpg\",\"width\":1256,\"height\":612,\"caption\":\"Electronica JNC\"},\"image\":{\"@id\":\"https:\\\/\\\/www.electronicajnc.com\\\/web\\\/#\\\/schema\\\/logo\\\/image\\\/\"}}]}<\/script>\n<!-- \/ Yoast SEO plugin. -->","yoast_head_json":{"title":"Indicador Led Luz Piloto 22mm 110V - Electronica JNC","description":"Indicador Led Luz Piloto 22mm 110V","robots":{"index":"index","follow":"follow","max-snippet":"max-snippet:-1","max-image-preview":"max-image-preview:large","max-video-preview":"max-video-preview:-1"},"canonical":"https:\/\/www.electronicajnc.com\/web\/producto\/indicador-led-luz-piloto-22mm-110v\/","og_locale":"es_ES","og_type":"article","og_title":"Indicador Led Luz Piloto 22mm 110V - Electronica JNC","og_description":"Indicador Led Luz Piloto 22mm 110V","og_url":"https:\/\/www.electronicajnc.com\/web\/producto\/indicador-led-luz-piloto-22mm-110v\/","og_site_name":"Electronica JNC","article_modified_time":"2025-03-10T18:14:08+00:00","og_image":[{"width":1028,"height":969,"url":"https:\/\/www.electronicajnc.com\/web\/wp-content\/uploads\/2023\/11\/LUZ-PILOTO-123.jpg","type":"image\/jpeg"}],"twitter_card":"summary_large_image","twitter_misc":{"Tiempo de lectura":"3 minutos"},"schema":{"@context":"https:\/\/schema.org","@graph":[{"@type":"WebPage","@id":"https:\/\/www.electronicajnc.com\/web\/producto\/indicador-led-luz-piloto-22mm-110v\/","url":"https:\/\/www.electronicajnc.com\/web\/producto\/indicador-led-luz-piloto-22mm-110v\/","name":"Indicador Led Luz Piloto 22mm 110V - Electronica JNC","isPartOf":{"@id":"https:\/\/www.electronicajnc.com\/web\/#website"},"primaryImageOfPage":{"@id":"https:\/\/www.electronicajnc.com\/web\/producto\/indicador-led-luz-piloto-22mm-110v\/#primaryimage"},"image":{"@id":"https:\/\/www.electronicajnc.com\/web\/producto\/indicador-led-luz-piloto-22mm-110v\/#primaryimage"},"thumbnailUrl":"https:\/\/www.electronicajnc.com\/web\/wp-content\/uploads\/2023\/11\/LUZ-PILOTO-123.jpg","datePublished":"2023-11-16T17:50:03+00:00","dateModified":"2025-03-10T18:14:08+00:00","description":"Indicador Led Luz Piloto 22mm 110V","breadcrumb":{"@id":"https:\/\/www.electronicajnc.com\/web\/producto\/indicador-led-luz-piloto-22mm-110v\/#breadcrumb"},"inLanguage":"es","potentialAction":[{"@type":"ReadAction","target":["https:\/\/www.electronicajnc.com\/web\/producto\/indicador-led-luz-piloto-22mm-110v\/"]}]},{"@type":"ImageObject","inLanguage":"es","@id":"https:\/\/www.electronicajnc.com\/web\/producto\/indicador-led-luz-piloto-22mm-110v\/#primaryimage","url":"https:\/\/www.electronicajnc.com\/web\/wp-content\/uploads\/2023\/11\/LUZ-PILOTO-123.jpg","contentUrl":"https:\/\/www.electronicajnc.com\/web\/wp-content\/uploads\/2023\/11\/LUZ-PILOTO-123.jpg","width":1028,"height":969,"caption":"LUZ PILOTO AD16-22D\/S"},{"@type":"BreadcrumbList","@id":"https:\/\/www.electronicajnc.com\/web\/producto\/indicador-led-luz-piloto-22mm-110v\/#breadcrumb","itemListElement":[{"@type":"ListItem","position":1,"name":"Portada","item":"https:\/\/www.electronicajnc.com\/web\/"},{"@type":"ListItem","position":2,"name":"TIENDA","item":"https:\/\/www.electronicajnc.com\/web\/tienda\/"},{"@type":"ListItem","position":3,"name":"Indicador Led Luz Piloto 22mm 110V"}]},{"@type":"WebSite","@id":"https:\/\/www.electronicajnc.com\/web\/#website","url":"https:\/\/www.electronicajnc.com\/web\/","name":"Electronica JNC","description":"Robotica Tecnologia Mecatronica en Ecuador","publisher":{"@id":"https:\/\/www.electronicajnc.com\/web\/#organization"},"potentialAction":[{"@type":"SearchAction","target":{"@type":"EntryPoint","urlTemplate":"https:\/\/www.electronicajnc.com\/web\/?s={search_term_string}"},"query-input":{"@type":"PropertyValueSpecification","valueRequired":true,"valueName":"search_term_string"}}],"inLanguage":"es"},{"@type":"Organization","@id":"https:\/\/www.electronicajnc.com\/web\/#organization","name":"Electronica JNC","url":"https:\/\/www.electronicajnc.com\/web\/","logo":{"@type":"ImageObject","inLanguage":"es","@id":"https:\/\/www.electronicajnc.com\/web\/#\/schema\/logo\/image\/","url":"https:\/\/www.electronicajnc.com\/web\/wp-content\/uploads\/2023\/06\/nuevo-logo.jpg","contentUrl":"https:\/\/www.electronicajnc.com\/web\/wp-content\/uploads\/2023\/06\/nuevo-logo.jpg","width":1256,"height":612,"caption":"Electronica JNC"},"image":{"@id":"https:\/\/www.electronicajnc.com\/web\/#\/schema\/logo\/image\/"}}]}},"_links":{"self":[{"href":"https:\/\/www.electronicajnc.com\/web\/wp-json\/wp\/v2\/product\/1085","targetHints":{"allow":["GET"]}}],"collection":[{"href":"https:\/\/www.electronicajnc.com\/web\/wp-json\/wp\/v2\/product"}],"about":[{"href":"https:\/\/www.electronicajnc.com\/web\/wp-json\/wp\/v2\/types\/product"}],"replies":[{"embeddable":true,"href":"https:\/\/www.electronicajnc.com\/web\/wp-json\/wp\/v2\/comments?post=1085"}],"wp:featuredmedia":[{"embeddable":true,"href":"https:\/\/www.electronicajnc.com\/web\/wp-json\/wp\/v2\/media\/1088"}],"wp:attachment":[{"href":"https:\/\/www.electronicajnc.com\/web\/wp-json\/wp\/v2\/media?parent=1085"}],"wp:term":[{"taxonomy":"product_brand","embeddable":true,"href":"https:\/\/www.electronicajnc.com\/web\/wp-json\/wp\/v2\/product_brand?post=1085"},{"taxonomy":"product_cat","embeddable":true,"href":"https:\/\/www.electronicajnc.com\/web\/wp-json\/wp\/v2\/product_cat?post=1085"},{"taxonomy":"product_tag","embeddable":true,"href":"https:\/\/www.electronicajnc.com\/web\/wp-json\/wp\/v2\/product_tag?post=1085"}],"curies":[{"name":"wp","href":"https:\/\/api.w.org\/{rel}","templated":true}]}}