{"id":1097,"date":"2023-11-16T22:56:54","date_gmt":"2023-11-16T22:56:54","guid":{"rendered":"https:\/\/www.electronicajnc.com\/web\/?post_type=product&#038;p=1097"},"modified":"2023-11-16T23:00:24","modified_gmt":"2023-11-16T23:00:24","slug":"pantalla-para-arduino-2-8-inch-tft-lcd-touch","status":"publish","type":"product","link":"https:\/\/www.electronicajnc.com\/web\/producto\/pantalla-para-arduino-2-8-inch-tft-lcd-touch\/","title":{"rendered":"Pantalla para arduino 2.8 inch tft lcd touch"},"content":{"rendered":"<p class=\"product_title entry-title\">Pantalla para arduino 2.8 inch tft lcd touch<\/p>\n<p>&nbsp;<\/p>\n<p><img fetchpriority=\"high\" decoding=\"async\" class=\"aligncenter\" src=\"https:\/\/www.electronicajnc.com\/web\/wp-content\/uploads\/2023\/11\/LCD-2.8-ARDUINO-2.jpg\" alt=\"Pantalla LCD TFT De 2.8\u201d Ili9341 320\u00d7240 Arduino\" width=\"531\" height=\"546\" \/><\/p>\n<p class=\"product_title entry-title\">Puede ser utilizada con los modelos Arduino UNO y MEGA para proyectos donde necesites una interfaz gr\u00e1fica potente y sencilla. Se presenta en formato Shield para conectar directamente y para funcionar utiliza el protocolo SPI por lo que se ahorran pines para utilizar para otras cosas. Tiene una pantalla t\u00e1ctil resistiva que utiliza los pines anal\u00f3gicos de Arduino para poder recuperar directamente la posici\u00f3n. Est\u00e1 basada en el potente controlador ILI9341 y adem\u00e1s dispone de un z\u00f3calo para tarjeta de memoria Micro SD (no incluida) que podr\u00e1s utilizar tanto para recuperar im\u00e1genes para mostrar en pantalla, como para guardar y recuperar todo tipo de datos que necesites.<\/p>\n<h1 class=\"product_title entry-title\">Pantalla para arduino 2.8 inch tft lcd touch<\/h1>\n<p>\u2022 Tama\u00f1o de la pantalla LCD: 2.8 pulgadas.<br \/>\n\u2022 \u00c1rea de visualizaci\u00f3n: 57.6mm * 47.2mm.<br \/>\n\u2022 IC del controlador: ILI9341.<br \/>\n\u2022 Resoluci\u00f3n: 320 * 240.<br \/>\n\u2022 Profundidad de color: 16 bits (65 mil colores).<br \/>\n\u2022 Voltaje de funcionamiento: 3.3V o 5V.<br \/>\n\u2022 Voltaje de luz de fondo: 3.3V.<br \/>\n\u2022 Tipo de pantalla t\u00e1ctil: pantalla t\u00e1ctil de vidrio resistente.<br \/>\n\u2022 Interfaz: 16 bit (predeterminado) \/ 8 bit se pueden configurar.<\/p>\n<div>\n<h2><b>\u00bfD\u00f3nde<\/b><strong>\u00a0conseguir ?<\/strong><\/h2>\n<\/div>\n<p>Puedes conseguir este producto y mucho mas en nuestra tienda de electr\u00f3nica \u201cElectr\u00f3nica JNC\u201d a un excelente precio, de igual manera puedes preguntar por otros productos que tenemos para ti y as\u00ed adquirirlos seg\u00fan tu necesidad para\u00a0 tus proyectos.<\/p>\n<p>Adem\u00e1s de vender realizamos todo tipo de proyectos de Rob\u00f3tica Electr\u00f3nica y de Programaci\u00f3n en Arduino-Raspberry, brindamos asesoramiento en la elaboraci\u00f3n de proyectos y personalizamos sus clases cuando deseas armar un robot.<\/p>\n<p>Somos importadores Directos de todo en Electr\u00f3nica y Rob\u00f3tica directamente desde los fabricantes, a los mejores precios del mercado.<\/p>\n<div class=\"x11i5rnm xat24cr x1mh8g0r x1vvkbs xtlvy1s x126k92a\">\n<div dir=\"auto\">SERVICIO PERSONALIZADO, APOYO TEORICO Y VENTA DE MATERIAL<\/div>\n<\/div>\n<div class=\"x11i5rnm xat24cr x1mh8g0r x1vvkbs xtlvy1s x126k92a\">\n<div dir=\"auto\">COTIZA CON NOSOTROS<\/div>\n<div dir=\"auto\">SERVICIO, EXPERIENCIA, CALIDAD Y CONFIANZA<\/div>\n<div dir=\"auto\">\u00abTodo lo que buscas en un solo lugar\u00bb<\/div>\n<\/div>\n<div dir=\"auto\"><\/div>\n<p><img decoding=\"async\" class=\"aligncenter\" src=\"https:\/\/images.ua.prom.st\/1494267654_1494267654.jpg?PImaGE_ID=1494267654\" \/><\/p>\n<p>Realizar un pedido en la web o por \u00a0<a href=\"https:\/\/api.whatsapp.com\/send?phone=593958753126\" target=\"_blank\" rel=\"noopener\">WHATSAPP<\/a>.<\/p>\n<p><img decoding=\"async\" class=\"aligncenter\" src=\"https:\/\/images.ua.prom.st\/1494267867_1494267867.jpg?PImaGE_ID=1494267867\" \/><\/p>\n<p style=\"text-align: center;\">Consulta con un asesor\u00a0 todas tus inquietudes.<\/p>\n<p><img decoding=\"async\" class=\"aligncenter\" src=\"https:\/\/images.ua.prom.st\/1494266627_1494266627.jpg?PImaGE_ID=1494266627\" \/><\/p>\n<p style=\"text-align: center;\">Pregunta las formas de pago.<\/p>\n<p><img decoding=\"async\" class=\"aligncenter\" src=\"https:\/\/images.ua.prom.st\/1494267985_1494267985.jpg?PImaGE_ID=1494267985\" \/><\/p>\n<p style=\"text-align: center;\">Tu pedido llega a la puerta de tu casa.<\/p>\n<p>&nbsp;<\/p>\n<p style=\"text-align: center;\"><strong>\u00a1\u00a1 PREG\u00daNTANOS Sin compromiso !!!!<\/strong><\/p>\n<p>Puede retirar sus pedidos en nuestra\u00a0<a href=\"https:\/\/www.electronicajnc.com\/web\/contactos\" target=\"_blank\" rel=\"noopener\">TIENDA F\u00cdSICA<\/a>\u00a0o realizar sus pedidos\u00a0<a href=\"https:\/\/www.electronicajnc.com\/web\/mi-cuenta\" target=\"_blank\" rel=\"noopener\">ONLINE<\/a>\u00a0o por\u00a0<a href=\"https:\/\/api.whatsapp.com\/send?phone=593958753126\" target=\"_blank\" rel=\"noopener\">WHATSAPP<\/a>.<\/p>\n","protected":false},"excerpt":{"rendered":"<p>Arduino 2.8 \u201cTFT LCD Touch Shield V2 es una pantalla TFT compatible con Arduino UNO \/ Mega, con una pantalla t\u00e1ctil y un z\u00f3calo de tarjeta SD tambi\u00e9n.<\/p>\n","protected":false},"featured_media":1098,"comment_status":"closed","ping_status":"closed","template":"","meta":{"saved_in_kubio":false,"_joinchat":[]},"product_brand":[],"product_cat":[52],"product_tag":[196,44,438,29,439,632,735,732,733,734],"class_list":{"0":"post-1097","1":"product","2":"type-product","3":"status-publish","4":"has-post-thumbnail","6":"product_cat-tarjetas-compatibles-con-arduino","7":"product_tag-arduino","8":"product_tag-arduino-mega","9":"product_tag-arduino-nano","10":"product_tag-arduino-original","11":"product_tag-arduino-uno","12":"product_tag-lcd","13":"product_tag-pantalla","14":"product_tag-resistivo","15":"product_tag-sd","16":"product_tag-touch","18":"first","19":"instock","20":"taxable","21":"shipping-taxable","22":"purchasable","23":"product-type-simple"},"yoast_head":"<!-- This site is optimized with the Yoast SEO plugin v27.4 - https:\/\/yoast.com\/product\/yoast-seo-wordpress\/ -->\n<title>Pantalla para arduino 2.8 inch tft lcd touch - Electronica JNC<\/title>\n<meta name=\"description\" content=\"Pantalla para arduino 2.8 inch tft lcd touch Est\u00e1 dise\u00f1ado para encajar muy bien en el para Arduino Mega 2560 y para el Arduino Uno.Material: PCB\" \/>\n<meta name=\"robots\" content=\"index, follow, max-snippet:-1, max-image-preview:large, max-video-preview:-1\" \/>\n<link rel=\"canonical\" href=\"https:\/\/www.electronicajnc.com\/web\/producto\/pantalla-para-arduino-2-8-inch-tft-lcd-touch\/\" \/>\n<meta property=\"og:locale\" content=\"es_ES\" \/>\n<meta property=\"og:type\" content=\"article\" \/>\n<meta property=\"og:title\" content=\"Pantalla para arduino 2.8 inch tft lcd touch - Electronica JNC\" \/>\n<meta property=\"og:description\" content=\"Pantalla para arduino 2.8 inch tft lcd touch Est\u00e1 dise\u00f1ado para encajar muy bien en el para Arduino Mega 2560 y para el Arduino Uno.Material: PCB\" \/>\n<meta property=\"og:url\" content=\"https:\/\/www.electronicajnc.com\/web\/producto\/pantalla-para-arduino-2-8-inch-tft-lcd-touch\/\" \/>\n<meta property=\"og:site_name\" content=\"Electronica JNC\" \/>\n<meta property=\"article:modified_time\" content=\"2023-11-16T23:00:24+00:00\" \/>\n<meta property=\"og:image\" content=\"https:\/\/www.electronicajnc.com\/web\/wp-content\/uploads\/2023\/11\/LCD-2.8-ARDUINO.jpg\" \/>\n\t<meta property=\"og:image:width\" content=\"1028\" \/>\n\t<meta property=\"og:image:height\" content=\"969\" \/>\n\t<meta property=\"og:image:type\" content=\"image\/jpeg\" \/>\n<meta name=\"twitter:card\" content=\"summary_large_image\" \/>\n<meta name=\"twitter:label1\" content=\"Tiempo de lectura\" \/>\n\t<meta name=\"twitter:data1\" content=\"3 minutos\" \/>\n<script type=\"application\/ld+json\" class=\"yoast-schema-graph\">{\"@context\":\"https:\\\/\\\/schema.org\",\"@graph\":[{\"@type\":\"WebPage\",\"@id\":\"https:\\\/\\\/www.electronicajnc.com\\\/web\\\/producto\\\/pantalla-para-arduino-2-8-inch-tft-lcd-touch\\\/\",\"url\":\"https:\\\/\\\/www.electronicajnc.com\\\/web\\\/producto\\\/pantalla-para-arduino-2-8-inch-tft-lcd-touch\\\/\",\"name\":\"Pantalla para arduino 2.8 inch tft lcd touch - Electronica JNC\",\"isPartOf\":{\"@id\":\"https:\\\/\\\/www.electronicajnc.com\\\/web\\\/#website\"},\"primaryImageOfPage\":{\"@id\":\"https:\\\/\\\/www.electronicajnc.com\\\/web\\\/producto\\\/pantalla-para-arduino-2-8-inch-tft-lcd-touch\\\/#primaryimage\"},\"image\":{\"@id\":\"https:\\\/\\\/www.electronicajnc.com\\\/web\\\/producto\\\/pantalla-para-arduino-2-8-inch-tft-lcd-touch\\\/#primaryimage\"},\"thumbnailUrl\":\"https:\\\/\\\/www.electronicajnc.com\\\/web\\\/wp-content\\\/uploads\\\/2023\\\/11\\\/LCD-2.8-ARDUINO.jpg\",\"datePublished\":\"2023-11-16T22:56:54+00:00\",\"dateModified\":\"2023-11-16T23:00:24+00:00\",\"description\":\"Pantalla para arduino 2.8 inch tft lcd touch Est\u00e1 dise\u00f1ado para encajar muy bien en el para Arduino Mega 2560 y para el Arduino Uno.Material: PCB\",\"breadcrumb\":{\"@id\":\"https:\\\/\\\/www.electronicajnc.com\\\/web\\\/producto\\\/pantalla-para-arduino-2-8-inch-tft-lcd-touch\\\/#breadcrumb\"},\"inLanguage\":\"es\",\"potentialAction\":[{\"@type\":\"ReadAction\",\"target\":[\"https:\\\/\\\/www.electronicajnc.com\\\/web\\\/producto\\\/pantalla-para-arduino-2-8-inch-tft-lcd-touch\\\/\"]}]},{\"@type\":\"ImageObject\",\"inLanguage\":\"es\",\"@id\":\"https:\\\/\\\/www.electronicajnc.com\\\/web\\\/producto\\\/pantalla-para-arduino-2-8-inch-tft-lcd-touch\\\/#primaryimage\",\"url\":\"https:\\\/\\\/www.electronicajnc.com\\\/web\\\/wp-content\\\/uploads\\\/2023\\\/11\\\/LCD-2.8-ARDUINO.jpg\",\"contentUrl\":\"https:\\\/\\\/www.electronicajnc.com\\\/web\\\/wp-content\\\/uploads\\\/2023\\\/11\\\/LCD-2.8-ARDUINO.jpg\",\"width\":1028,\"height\":969,\"caption\":\"Pantalla LCD TFT De 2.8\u201d Ili9341 320\u00d7240 Arduino\"},{\"@type\":\"BreadcrumbList\",\"@id\":\"https:\\\/\\\/www.electronicajnc.com\\\/web\\\/producto\\\/pantalla-para-arduino-2-8-inch-tft-lcd-touch\\\/#breadcrumb\",\"itemListElement\":[{\"@type\":\"ListItem\",\"position\":1,\"name\":\"Portada\",\"item\":\"https:\\\/\\\/www.electronicajnc.com\\\/web\\\/\"},{\"@type\":\"ListItem\",\"position\":2,\"name\":\"TIENDA\",\"item\":\"https:\\\/\\\/www.electronicajnc.com\\\/web\\\/tienda\\\/\"},{\"@type\":\"ListItem\",\"position\":3,\"name\":\"Pantalla para arduino 2.8 inch tft lcd touch\"}]},{\"@type\":\"WebSite\",\"@id\":\"https:\\\/\\\/www.electronicajnc.com\\\/web\\\/#website\",\"url\":\"https:\\\/\\\/www.electronicajnc.com\\\/web\\\/\",\"name\":\"Electronica JNC\",\"description\":\"Robotica Tecnologia Mecatronica en Ecuador\",\"publisher\":{\"@id\":\"https:\\\/\\\/www.electronicajnc.com\\\/web\\\/#organization\"},\"potentialAction\":[{\"@type\":\"SearchAction\",\"target\":{\"@type\":\"EntryPoint\",\"urlTemplate\":\"https:\\\/\\\/www.electronicajnc.com\\\/web\\\/?s={search_term_string}\"},\"query-input\":{\"@type\":\"PropertyValueSpecification\",\"valueRequired\":true,\"valueName\":\"search_term_string\"}}],\"inLanguage\":\"es\"},{\"@type\":\"Organization\",\"@id\":\"https:\\\/\\\/www.electronicajnc.com\\\/web\\\/#organization\",\"name\":\"Electronica JNC\",\"url\":\"https:\\\/\\\/www.electronicajnc.com\\\/web\\\/\",\"logo\":{\"@type\":\"ImageObject\",\"inLanguage\":\"es\",\"@id\":\"https:\\\/\\\/www.electronicajnc.com\\\/web\\\/#\\\/schema\\\/logo\\\/image\\\/\",\"url\":\"https:\\\/\\\/www.electronicajnc.com\\\/web\\\/wp-content\\\/uploads\\\/2023\\\/06\\\/nuevo-logo.jpg\",\"contentUrl\":\"https:\\\/\\\/www.electronicajnc.com\\\/web\\\/wp-content\\\/uploads\\\/2023\\\/06\\\/nuevo-logo.jpg\",\"width\":1256,\"height\":612,\"caption\":\"Electronica JNC\"},\"image\":{\"@id\":\"https:\\\/\\\/www.electronicajnc.com\\\/web\\\/#\\\/schema\\\/logo\\\/image\\\/\"}}]}<\/script>\n<!-- \/ Yoast SEO plugin. -->","yoast_head_json":{"title":"Pantalla para arduino 2.8 inch tft lcd touch - Electronica JNC","description":"Pantalla para arduino 2.8 inch tft lcd touch Est\u00e1 dise\u00f1ado para encajar muy bien en el para Arduino Mega 2560 y para el Arduino Uno.Material: PCB","robots":{"index":"index","follow":"follow","max-snippet":"max-snippet:-1","max-image-preview":"max-image-preview:large","max-video-preview":"max-video-preview:-1"},"canonical":"https:\/\/www.electronicajnc.com\/web\/producto\/pantalla-para-arduino-2-8-inch-tft-lcd-touch\/","og_locale":"es_ES","og_type":"article","og_title":"Pantalla para arduino 2.8 inch tft lcd touch - Electronica JNC","og_description":"Pantalla para arduino 2.8 inch tft lcd touch Est\u00e1 dise\u00f1ado para encajar muy bien en el para Arduino Mega 2560 y para el Arduino Uno.Material: PCB","og_url":"https:\/\/www.electronicajnc.com\/web\/producto\/pantalla-para-arduino-2-8-inch-tft-lcd-touch\/","og_site_name":"Electronica JNC","article_modified_time":"2023-11-16T23:00:24+00:00","og_image":[{"width":1028,"height":969,"url":"https:\/\/www.electronicajnc.com\/web\/wp-content\/uploads\/2023\/11\/LCD-2.8-ARDUINO.jpg","type":"image\/jpeg"}],"twitter_card":"summary_large_image","twitter_misc":{"Tiempo de lectura":"3 minutos"},"schema":{"@context":"https:\/\/schema.org","@graph":[{"@type":"WebPage","@id":"https:\/\/www.electronicajnc.com\/web\/producto\/pantalla-para-arduino-2-8-inch-tft-lcd-touch\/","url":"https:\/\/www.electronicajnc.com\/web\/producto\/pantalla-para-arduino-2-8-inch-tft-lcd-touch\/","name":"Pantalla para arduino 2.8 inch tft lcd touch - Electronica JNC","isPartOf":{"@id":"https:\/\/www.electronicajnc.com\/web\/#website"},"primaryImageOfPage":{"@id":"https:\/\/www.electronicajnc.com\/web\/producto\/pantalla-para-arduino-2-8-inch-tft-lcd-touch\/#primaryimage"},"image":{"@id":"https:\/\/www.electronicajnc.com\/web\/producto\/pantalla-para-arduino-2-8-inch-tft-lcd-touch\/#primaryimage"},"thumbnailUrl":"https:\/\/www.electronicajnc.com\/web\/wp-content\/uploads\/2023\/11\/LCD-2.8-ARDUINO.jpg","datePublished":"2023-11-16T22:56:54+00:00","dateModified":"2023-11-16T23:00:24+00:00","description":"Pantalla para arduino 2.8 inch tft lcd touch Est\u00e1 dise\u00f1ado para encajar muy bien en el para Arduino Mega 2560 y para el Arduino Uno.Material: PCB","breadcrumb":{"@id":"https:\/\/www.electronicajnc.com\/web\/producto\/pantalla-para-arduino-2-8-inch-tft-lcd-touch\/#breadcrumb"},"inLanguage":"es","potentialAction":[{"@type":"ReadAction","target":["https:\/\/www.electronicajnc.com\/web\/producto\/pantalla-para-arduino-2-8-inch-tft-lcd-touch\/"]}]},{"@type":"ImageObject","inLanguage":"es","@id":"https:\/\/www.electronicajnc.com\/web\/producto\/pantalla-para-arduino-2-8-inch-tft-lcd-touch\/#primaryimage","url":"https:\/\/www.electronicajnc.com\/web\/wp-content\/uploads\/2023\/11\/LCD-2.8-ARDUINO.jpg","contentUrl":"https:\/\/www.electronicajnc.com\/web\/wp-content\/uploads\/2023\/11\/LCD-2.8-ARDUINO.jpg","width":1028,"height":969,"caption":"Pantalla LCD TFT De 2.8\u201d Ili9341 320\u00d7240 Arduino"},{"@type":"BreadcrumbList","@id":"https:\/\/www.electronicajnc.com\/web\/producto\/pantalla-para-arduino-2-8-inch-tft-lcd-touch\/#breadcrumb","itemListElement":[{"@type":"ListItem","position":1,"name":"Portada","item":"https:\/\/www.electronicajnc.com\/web\/"},{"@type":"ListItem","position":2,"name":"TIENDA","item":"https:\/\/www.electronicajnc.com\/web\/tienda\/"},{"@type":"ListItem","position":3,"name":"Pantalla para arduino 2.8 inch tft lcd touch"}]},{"@type":"WebSite","@id":"https:\/\/www.electronicajnc.com\/web\/#website","url":"https:\/\/www.electronicajnc.com\/web\/","name":"Electronica JNC","description":"Robotica Tecnologia Mecatronica en Ecuador","publisher":{"@id":"https:\/\/www.electronicajnc.com\/web\/#organization"},"potentialAction":[{"@type":"SearchAction","target":{"@type":"EntryPoint","urlTemplate":"https:\/\/www.electronicajnc.com\/web\/?s={search_term_string}"},"query-input":{"@type":"PropertyValueSpecification","valueRequired":true,"valueName":"search_term_string"}}],"inLanguage":"es"},{"@type":"Organization","@id":"https:\/\/www.electronicajnc.com\/web\/#organization","name":"Electronica JNC","url":"https:\/\/www.electronicajnc.com\/web\/","logo":{"@type":"ImageObject","inLanguage":"es","@id":"https:\/\/www.electronicajnc.com\/web\/#\/schema\/logo\/image\/","url":"https:\/\/www.electronicajnc.com\/web\/wp-content\/uploads\/2023\/06\/nuevo-logo.jpg","contentUrl":"https:\/\/www.electronicajnc.com\/web\/wp-content\/uploads\/2023\/06\/nuevo-logo.jpg","width":1256,"height":612,"caption":"Electronica JNC"},"image":{"@id":"https:\/\/www.electronicajnc.com\/web\/#\/schema\/logo\/image\/"}}]}},"_links":{"self":[{"href":"https:\/\/www.electronicajnc.com\/web\/wp-json\/wp\/v2\/product\/1097","targetHints":{"allow":["GET"]}}],"collection":[{"href":"https:\/\/www.electronicajnc.com\/web\/wp-json\/wp\/v2\/product"}],"about":[{"href":"https:\/\/www.electronicajnc.com\/web\/wp-json\/wp\/v2\/types\/product"}],"replies":[{"embeddable":true,"href":"https:\/\/www.electronicajnc.com\/web\/wp-json\/wp\/v2\/comments?post=1097"}],"wp:featuredmedia":[{"embeddable":true,"href":"https:\/\/www.electronicajnc.com\/web\/wp-json\/wp\/v2\/media\/1098"}],"wp:attachment":[{"href":"https:\/\/www.electronicajnc.com\/web\/wp-json\/wp\/v2\/media?parent=1097"}],"wp:term":[{"taxonomy":"product_brand","embeddable":true,"href":"https:\/\/www.electronicajnc.com\/web\/wp-json\/wp\/v2\/product_brand?post=1097"},{"taxonomy":"product_cat","embeddable":true,"href":"https:\/\/www.electronicajnc.com\/web\/wp-json\/wp\/v2\/product_cat?post=1097"},{"taxonomy":"product_tag","embeddable":true,"href":"https:\/\/www.electronicajnc.com\/web\/wp-json\/wp\/v2\/product_tag?post=1097"}],"curies":[{"name":"wp","href":"https:\/\/api.w.org\/{rel}","templated":true}]}}