{"id":1187,"date":"2023-11-22T00:44:03","date_gmt":"2023-11-22T00:44:03","guid":{"rendered":"https:\/\/www.electronicajnc.com\/web\/?post_type=product&#038;p=1187"},"modified":"2023-11-22T00:46:58","modified_gmt":"2023-11-22T00:46:58","slug":"rex-c100-termostato-controlador-de-temperatura","status":"publish","type":"product","link":"https:\/\/www.electronicajnc.com\/web\/producto\/rex-c100-termostato-controlador-de-temperatura\/","title":{"rendered":"Rex-c100 Termostato Controlador De Temperatura"},"content":{"rendered":"<p class=\"ui-pdp-title\">Rex-c100 Termostato Controlador De Temperatura<\/p>\n<p><img fetchpriority=\"high\" decoding=\"async\" class=\"aligncenter\" src=\"https:\/\/www.electronicajnc.com\/web\/wp-content\/uploads\/2023\/11\/termostato-rex2.jpg\" alt=\"Temostato Rex C100 Ssr Pid Kit Controlador Temperatura 220v\" width=\"917\" height=\"528\" \/><\/p>\n<p>Los controladores de temperatura se utilizan para mantener una temperatura constante en un ambiente. Esto incluye procesos, plantas o incluso materiales. Existen varios tipos de controladores de temperatura, como los de encendido y apagado y los PID. En este art\u00edculo, analizaremos los controladores de temperatura PID de la serie REX-C100 fabricados por RKC Instruments.<\/p>\n<h1>Rex-c100 Termostato Controlador De Temperatura<\/h1>\n<ul>\n<li><span id=\"tl_2\" data-spm-anchor-id=\"a2g0o.detail.1000023.i0.dad2NYWcNYWc3X\">Pantalla: pantalla dual para Celsius (C)<\/span><\/li>\n<li><span id=\"tl_3\">Rango: -0-400C (solo con El termopar tipo K de f\u00e1brica)<\/span><\/li>\n<li><span id=\"tl_4\">Salida principal: SSR\/Realy<\/span><\/li>\n<li><span id=\"tl_5\">Refrigeraci\u00f3n PID\/control de calefacci\u00f3n<\/span><\/li>\n<li><span id=\"tl_6\">1 Alarma de rel\u00e9: normal abierto, capacidad 250V\/3A CA o 30V\/3A CC<\/span><\/li>\n<li><span id=\"tl_7\">7 combinaciones diferentes de salida dual con: Desviaci\u00f3n alta\/baja\/alta\/Baja desviaci\u00f3n\/intervalo\/fuera de Intervalo\/alarma de rotura<\/span><\/li>\n<li><span id=\"tl_8\">Precisi\u00f3n: 0.5%<\/span><\/li>\n<li><span id=\"tl_9\">Entrada: K,J,E,R,Js,B,N,T,PT00, Cu50.<\/span><\/li>\n<li><span id=\"tl_10\" data-spm-anchor-id=\"a2g0o.detail.1000023.i1.dad2NYWcNYWc3X\">Par\u00e1metros de control PID programables individualmente. P, I, D, per\u00edodo de control, coeficiente de filtro digital y m\u00e1s<\/span><\/li>\n<li><span id=\"tl_11\">Control SSR listo para conectar<\/span><\/li>\n<li><span id=\"tl_12\">Dise\u00f1o compacto: DIN 1\/8 gran factor de forma para ser incluido\/incorporado a su producto.<\/span><\/li>\n<li><span id=\"tl_13\">Salida de alarma: 1 salida de l\u00ednea, 7 tipos de modo de alarma: alta\/baja\/alta desviaci\u00f3n\/Baja desviaci\u00f3n\/intervalo\/fuera de Intervalo\/alarma de rotura.<\/span><\/li>\n<\/ul>\n<p class=\"gt-block\">\n<div>\n<h2><b>\u00bfD\u00f3nde<\/b><strong>\u00a0conseguir ?<\/strong><\/h2>\n<\/div>\n<p>Puedes conseguir este producto y mucho mas en nuestra tienda de electr\u00f3nica \u201cElectr\u00f3nica JNC\u201d a un excelente precio, de igual manera puedes preguntar por otros productos que tenemos para ti y as\u00ed adquirirlos seg\u00fan tu necesidad para\u00a0 tus proyectos.<\/p>\n<p>Adem\u00e1s de vender realizamos todo tipo de proyectos de Rob\u00f3tica Electr\u00f3nica y de Programaci\u00f3n en Arduino-Raspberry, brindamos asesoramiento en la elaboraci\u00f3n de proyectos y personalizamos sus clases cuando deseas armar un robot.<\/p>\n<p>Somos importadores Directos de todo en Electr\u00f3nica y Rob\u00f3tica directamente desde los fabricantes, a los mejores precios del mercado.<\/p>\n<div class=\"x11i5rnm xat24cr x1mh8g0r x1vvkbs xtlvy1s x126k92a\">\n<div dir=\"auto\">SERVICIO PERSONALIZADO, APOYO TEORICO Y VENTA DE MATERIAL<\/div>\n<\/div>\n<div class=\"x11i5rnm xat24cr x1mh8g0r x1vvkbs xtlvy1s x126k92a\">\n<div dir=\"auto\">COTIZA CON NOSOTROS<\/div>\n<div dir=\"auto\">SERVICIO, EXPERIENCIA, CALIDAD Y CONFIANZA<\/div>\n<div dir=\"auto\">\u00abTodo lo que buscas en un solo lugar\u00bb<\/div>\n<\/div>\n<div dir=\"auto\"><\/div>\n<p><img decoding=\"async\" class=\"aligncenter\" src=\"https:\/\/images.ua.prom.st\/1494267654_1494267654.jpg?PImaGE_ID=1494267654\" \/><\/p>\n<p style=\"text-align: center;\">Realizar un pedido en la web o por \u00a0<a href=\"https:\/\/api.whatsapp.com\/send?phone=593958753126\" target=\"_blank\" rel=\"noopener\">WHATSAPP<\/a>.<\/p>\n<p><img decoding=\"async\" class=\"aligncenter\" src=\"https:\/\/images.ua.prom.st\/1494267867_1494267867.jpg?PImaGE_ID=1494267867\" \/><\/p>\n<p style=\"text-align: center;\">Consulta con un asesor\u00a0 todas tus inquietudes.<\/p>\n<p><img decoding=\"async\" class=\"aligncenter\" src=\"https:\/\/images.ua.prom.st\/1494266627_1494266627.jpg?PImaGE_ID=1494266627\" \/><\/p>\n<p style=\"text-align: center;\">Pregunta las formas de pago.<\/p>\n<p><img decoding=\"async\" class=\"aligncenter\" src=\"https:\/\/images.ua.prom.st\/1494267985_1494267985.jpg?PImaGE_ID=1494267985\" \/><\/p>\n<p style=\"text-align: center;\">Tu pedido llega a la puerta de tu casa.<\/p>\n<p>&nbsp;<\/p>\n<p><strong>\u00a1\u00a1 PREG\u00daNTANOS Sin compromiso !!!!<\/strong><\/p>\n<p>Puede retirar sus pedidos en nuestra\u00a0<a href=\"https:\/\/www.electronicajnc.com\/web\/contactos\" target=\"_blank\" rel=\"noopener\">TIENDA F\u00cdSICA<\/a>\u00a0o realizar sus pedidos\u00a0<a href=\"https:\/\/www.electronicajnc.com\/web\/mi-cuenta\" target=\"_blank\" rel=\"noopener\">ONLINE<\/a>\u00a0o por\u00a0<a href=\"https:\/\/api.whatsapp.com\/send?phone=593958753126\" target=\"_blank\" rel=\"noopener\">WHATSAPP<\/a>.<\/p>\n<p>&nbsp;<\/p>\n","protected":false},"excerpt":{"rendered":"<p>Rex-c100 Termostato Controlador De Temperatura Los controladores de temperatura se utilizan para mantener una temperatura constante en un ambiente. Esto incluye procesos, plantas o incluso materiales. Existen varios tipos de controladores de temperatura, como los de encendido y apagado y los PID. En este art\u00edculo, analizaremos los controladores de temperatura PID de la serie REX-C100 [&hellip;]<\/p>\n","protected":false},"featured_media":1188,"comment_status":"closed","ping_status":"closed","template":"","meta":{"saved_in_kubio":false,"_joinchat":[]},"product_brand":[],"product_cat":[70],"product_tag":[196,317,645,772,441,771,442,684],"class_list":{"0":"post-1187","1":"product","2":"type-product","3":"status-publish","4":"has-post-thumbnail","6":"product_cat-electronica_herramientas","7":"product_tag-arduino","8":"product_tag-controlador","9":"product_tag-herramientas","10":"product_tag-huevos","11":"product_tag-humedad","12":"product_tag-incubadora","13":"product_tag-temperatura","14":"product_tag-termostato","16":"first","17":"instock","18":"taxable","19":"shipping-taxable","20":"purchasable","21":"product-type-simple"},"yoast_head":"<!-- This site is optimized with the Yoast SEO plugin v27.5 - https:\/\/yoast.com\/product\/yoast-seo-wordpress\/ -->\n<title>Rex-c100 Termostato Controlador De Temperatura - Electronica JNC<\/title>\n<meta name=\"description\" content=\"Rex-c100 Termostato Controlador De Temperatura siguen las huellas de hardware industrial como los tama\u00f1os de montaje est\u00e1ndar y la nomenclatura de cableado.\" \/>\n<meta name=\"robots\" content=\"index, follow, max-snippet:-1, max-image-preview:large, max-video-preview:-1\" \/>\n<link rel=\"canonical\" href=\"https:\/\/www.electronicajnc.com\/web\/producto\/rex-c100-termostato-controlador-de-temperatura\/\" \/>\n<meta property=\"og:locale\" content=\"es_ES\" \/>\n<meta property=\"og:type\" content=\"article\" \/>\n<meta property=\"og:title\" content=\"Rex-c100 Termostato Controlador De Temperatura - Electronica JNC\" \/>\n<meta property=\"og:description\" content=\"Rex-c100 Termostato Controlador De Temperatura siguen las huellas de hardware industrial como los tama\u00f1os de montaje est\u00e1ndar y la nomenclatura de cableado.\" \/>\n<meta property=\"og:url\" content=\"https:\/\/www.electronicajnc.com\/web\/producto\/rex-c100-termostato-controlador-de-temperatura\/\" \/>\n<meta property=\"og:site_name\" content=\"Electronica JNC\" \/>\n<meta property=\"article:modified_time\" content=\"2023-11-22T00:46:58+00:00\" \/>\n<meta property=\"og:image\" content=\"https:\/\/www.electronicajnc.com\/web\/wp-content\/uploads\/2023\/11\/termostato-rex.jpg\" \/>\n\t<meta property=\"og:image:width\" content=\"1001\" \/>\n\t<meta property=\"og:image:height\" content=\"1064\" \/>\n\t<meta property=\"og:image:type\" content=\"image\/jpeg\" \/>\n<meta name=\"twitter:card\" content=\"summary_large_image\" \/>\n<meta name=\"twitter:label1\" content=\"Tiempo de lectura\" \/>\n\t<meta name=\"twitter:data1\" content=\"3 minutos\" \/>\n<script type=\"application\/ld+json\" class=\"yoast-schema-graph\">{\"@context\":\"https:\\\/\\\/schema.org\",\"@graph\":[{\"@type\":\"WebPage\",\"@id\":\"https:\\\/\\\/www.electronicajnc.com\\\/web\\\/producto\\\/rex-c100-termostato-controlador-de-temperatura\\\/\",\"url\":\"https:\\\/\\\/www.electronicajnc.com\\\/web\\\/producto\\\/rex-c100-termostato-controlador-de-temperatura\\\/\",\"name\":\"Rex-c100 Termostato Controlador De Temperatura - Electronica JNC\",\"isPartOf\":{\"@id\":\"https:\\\/\\\/www.electronicajnc.com\\\/web\\\/#website\"},\"primaryImageOfPage\":{\"@id\":\"https:\\\/\\\/www.electronicajnc.com\\\/web\\\/producto\\\/rex-c100-termostato-controlador-de-temperatura\\\/#primaryimage\"},\"image\":{\"@id\":\"https:\\\/\\\/www.electronicajnc.com\\\/web\\\/producto\\\/rex-c100-termostato-controlador-de-temperatura\\\/#primaryimage\"},\"thumbnailUrl\":\"https:\\\/\\\/www.electronicajnc.com\\\/web\\\/wp-content\\\/uploads\\\/2023\\\/11\\\/termostato-rex.jpg\",\"datePublished\":\"2023-11-22T00:44:03+00:00\",\"dateModified\":\"2023-11-22T00:46:58+00:00\",\"description\":\"Rex-c100 Termostato Controlador De Temperatura siguen las huellas de hardware industrial como los tama\u00f1os de montaje est\u00e1ndar y la nomenclatura de cableado.\",\"breadcrumb\":{\"@id\":\"https:\\\/\\\/www.electronicajnc.com\\\/web\\\/producto\\\/rex-c100-termostato-controlador-de-temperatura\\\/#breadcrumb\"},\"inLanguage\":\"es\",\"potentialAction\":[{\"@type\":\"ReadAction\",\"target\":[\"https:\\\/\\\/www.electronicajnc.com\\\/web\\\/producto\\\/rex-c100-termostato-controlador-de-temperatura\\\/\"]}]},{\"@type\":\"ImageObject\",\"inLanguage\":\"es\",\"@id\":\"https:\\\/\\\/www.electronicajnc.com\\\/web\\\/producto\\\/rex-c100-termostato-controlador-de-temperatura\\\/#primaryimage\",\"url\":\"https:\\\/\\\/www.electronicajnc.com\\\/web\\\/wp-content\\\/uploads\\\/2023\\\/11\\\/termostato-rex.jpg\",\"contentUrl\":\"https:\\\/\\\/www.electronicajnc.com\\\/web\\\/wp-content\\\/uploads\\\/2023\\\/11\\\/termostato-rex.jpg\",\"width\":1001,\"height\":1064,\"caption\":\"Temostato Rex C100 Ssr Pid Kit Controlador Temperatura 220v\"},{\"@type\":\"BreadcrumbList\",\"@id\":\"https:\\\/\\\/www.electronicajnc.com\\\/web\\\/producto\\\/rex-c100-termostato-controlador-de-temperatura\\\/#breadcrumb\",\"itemListElement\":[{\"@type\":\"ListItem\",\"position\":1,\"name\":\"Portada\",\"item\":\"https:\\\/\\\/www.electronicajnc.com\\\/web\\\/\"},{\"@type\":\"ListItem\",\"position\":2,\"name\":\"TIENDA\",\"item\":\"https:\\\/\\\/www.electronicajnc.com\\\/web\\\/tienda\\\/\"},{\"@type\":\"ListItem\",\"position\":3,\"name\":\"Rex-c100 Termostato Controlador De Temperatura\"}]},{\"@type\":\"WebSite\",\"@id\":\"https:\\\/\\\/www.electronicajnc.com\\\/web\\\/#website\",\"url\":\"https:\\\/\\\/www.electronicajnc.com\\\/web\\\/\",\"name\":\"Electronica JNC\",\"description\":\"Robotica Tecnologia Mecatronica en Ecuador\",\"publisher\":{\"@id\":\"https:\\\/\\\/www.electronicajnc.com\\\/web\\\/#organization\"},\"potentialAction\":[{\"@type\":\"SearchAction\",\"target\":{\"@type\":\"EntryPoint\",\"urlTemplate\":\"https:\\\/\\\/www.electronicajnc.com\\\/web\\\/?s={search_term_string}\"},\"query-input\":{\"@type\":\"PropertyValueSpecification\",\"valueRequired\":true,\"valueName\":\"search_term_string\"}}],\"inLanguage\":\"es\"},{\"@type\":\"Organization\",\"@id\":\"https:\\\/\\\/www.electronicajnc.com\\\/web\\\/#organization\",\"name\":\"Electronica JNC\",\"url\":\"https:\\\/\\\/www.electronicajnc.com\\\/web\\\/\",\"logo\":{\"@type\":\"ImageObject\",\"inLanguage\":\"es\",\"@id\":\"https:\\\/\\\/www.electronicajnc.com\\\/web\\\/#\\\/schema\\\/logo\\\/image\\\/\",\"url\":\"https:\\\/\\\/www.electronicajnc.com\\\/web\\\/wp-content\\\/uploads\\\/2023\\\/06\\\/nuevo-logo.jpg\",\"contentUrl\":\"https:\\\/\\\/www.electronicajnc.com\\\/web\\\/wp-content\\\/uploads\\\/2023\\\/06\\\/nuevo-logo.jpg\",\"width\":1256,\"height\":612,\"caption\":\"Electronica JNC\"},\"image\":{\"@id\":\"https:\\\/\\\/www.electronicajnc.com\\\/web\\\/#\\\/schema\\\/logo\\\/image\\\/\"}}]}<\/script>\n<!-- \/ Yoast SEO plugin. -->","yoast_head_json":{"title":"Rex-c100 Termostato Controlador De Temperatura - Electronica JNC","description":"Rex-c100 Termostato Controlador De Temperatura siguen las huellas de hardware industrial como los tama\u00f1os de montaje est\u00e1ndar y la nomenclatura de cableado.","robots":{"index":"index","follow":"follow","max-snippet":"max-snippet:-1","max-image-preview":"max-image-preview:large","max-video-preview":"max-video-preview:-1"},"canonical":"https:\/\/www.electronicajnc.com\/web\/producto\/rex-c100-termostato-controlador-de-temperatura\/","og_locale":"es_ES","og_type":"article","og_title":"Rex-c100 Termostato Controlador De Temperatura - Electronica JNC","og_description":"Rex-c100 Termostato Controlador De Temperatura siguen las huellas de hardware industrial como los tama\u00f1os de montaje est\u00e1ndar y la nomenclatura de cableado.","og_url":"https:\/\/www.electronicajnc.com\/web\/producto\/rex-c100-termostato-controlador-de-temperatura\/","og_site_name":"Electronica JNC","article_modified_time":"2023-11-22T00:46:58+00:00","og_image":[{"width":1001,"height":1064,"url":"https:\/\/www.electronicajnc.com\/web\/wp-content\/uploads\/2023\/11\/termostato-rex.jpg","type":"image\/jpeg"}],"twitter_card":"summary_large_image","twitter_misc":{"Tiempo de lectura":"3 minutos"},"schema":{"@context":"https:\/\/schema.org","@graph":[{"@type":"WebPage","@id":"https:\/\/www.electronicajnc.com\/web\/producto\/rex-c100-termostato-controlador-de-temperatura\/","url":"https:\/\/www.electronicajnc.com\/web\/producto\/rex-c100-termostato-controlador-de-temperatura\/","name":"Rex-c100 Termostato Controlador De Temperatura - Electronica JNC","isPartOf":{"@id":"https:\/\/www.electronicajnc.com\/web\/#website"},"primaryImageOfPage":{"@id":"https:\/\/www.electronicajnc.com\/web\/producto\/rex-c100-termostato-controlador-de-temperatura\/#primaryimage"},"image":{"@id":"https:\/\/www.electronicajnc.com\/web\/producto\/rex-c100-termostato-controlador-de-temperatura\/#primaryimage"},"thumbnailUrl":"https:\/\/www.electronicajnc.com\/web\/wp-content\/uploads\/2023\/11\/termostato-rex.jpg","datePublished":"2023-11-22T00:44:03+00:00","dateModified":"2023-11-22T00:46:58+00:00","description":"Rex-c100 Termostato Controlador De Temperatura siguen las huellas de hardware industrial como los tama\u00f1os de montaje est\u00e1ndar y la nomenclatura de cableado.","breadcrumb":{"@id":"https:\/\/www.electronicajnc.com\/web\/producto\/rex-c100-termostato-controlador-de-temperatura\/#breadcrumb"},"inLanguage":"es","potentialAction":[{"@type":"ReadAction","target":["https:\/\/www.electronicajnc.com\/web\/producto\/rex-c100-termostato-controlador-de-temperatura\/"]}]},{"@type":"ImageObject","inLanguage":"es","@id":"https:\/\/www.electronicajnc.com\/web\/producto\/rex-c100-termostato-controlador-de-temperatura\/#primaryimage","url":"https:\/\/www.electronicajnc.com\/web\/wp-content\/uploads\/2023\/11\/termostato-rex.jpg","contentUrl":"https:\/\/www.electronicajnc.com\/web\/wp-content\/uploads\/2023\/11\/termostato-rex.jpg","width":1001,"height":1064,"caption":"Temostato Rex C100 Ssr Pid Kit Controlador Temperatura 220v"},{"@type":"BreadcrumbList","@id":"https:\/\/www.electronicajnc.com\/web\/producto\/rex-c100-termostato-controlador-de-temperatura\/#breadcrumb","itemListElement":[{"@type":"ListItem","position":1,"name":"Portada","item":"https:\/\/www.electronicajnc.com\/web\/"},{"@type":"ListItem","position":2,"name":"TIENDA","item":"https:\/\/www.electronicajnc.com\/web\/tienda\/"},{"@type":"ListItem","position":3,"name":"Rex-c100 Termostato Controlador De Temperatura"}]},{"@type":"WebSite","@id":"https:\/\/www.electronicajnc.com\/web\/#website","url":"https:\/\/www.electronicajnc.com\/web\/","name":"Electronica JNC","description":"Robotica Tecnologia Mecatronica en Ecuador","publisher":{"@id":"https:\/\/www.electronicajnc.com\/web\/#organization"},"potentialAction":[{"@type":"SearchAction","target":{"@type":"EntryPoint","urlTemplate":"https:\/\/www.electronicajnc.com\/web\/?s={search_term_string}"},"query-input":{"@type":"PropertyValueSpecification","valueRequired":true,"valueName":"search_term_string"}}],"inLanguage":"es"},{"@type":"Organization","@id":"https:\/\/www.electronicajnc.com\/web\/#organization","name":"Electronica JNC","url":"https:\/\/www.electronicajnc.com\/web\/","logo":{"@type":"ImageObject","inLanguage":"es","@id":"https:\/\/www.electronicajnc.com\/web\/#\/schema\/logo\/image\/","url":"https:\/\/www.electronicajnc.com\/web\/wp-content\/uploads\/2023\/06\/nuevo-logo.jpg","contentUrl":"https:\/\/www.electronicajnc.com\/web\/wp-content\/uploads\/2023\/06\/nuevo-logo.jpg","width":1256,"height":612,"caption":"Electronica JNC"},"image":{"@id":"https:\/\/www.electronicajnc.com\/web\/#\/schema\/logo\/image\/"}}]}},"_links":{"self":[{"href":"https:\/\/www.electronicajnc.com\/web\/wp-json\/wp\/v2\/product\/1187","targetHints":{"allow":["GET"]}}],"collection":[{"href":"https:\/\/www.electronicajnc.com\/web\/wp-json\/wp\/v2\/product"}],"about":[{"href":"https:\/\/www.electronicajnc.com\/web\/wp-json\/wp\/v2\/types\/product"}],"replies":[{"embeddable":true,"href":"https:\/\/www.electronicajnc.com\/web\/wp-json\/wp\/v2\/comments?post=1187"}],"wp:featuredmedia":[{"embeddable":true,"href":"https:\/\/www.electronicajnc.com\/web\/wp-json\/wp\/v2\/media\/1188"}],"wp:attachment":[{"href":"https:\/\/www.electronicajnc.com\/web\/wp-json\/wp\/v2\/media?parent=1187"}],"wp:term":[{"taxonomy":"product_brand","embeddable":true,"href":"https:\/\/www.electronicajnc.com\/web\/wp-json\/wp\/v2\/product_brand?post=1187"},{"taxonomy":"product_cat","embeddable":true,"href":"https:\/\/www.electronicajnc.com\/web\/wp-json\/wp\/v2\/product_cat?post=1187"},{"taxonomy":"product_tag","embeddable":true,"href":"https:\/\/www.electronicajnc.com\/web\/wp-json\/wp\/v2\/product_tag?post=1187"}],"curies":[{"name":"wp","href":"https:\/\/api.w.org\/{rel}","templated":true}]}}