{"id":1205,"date":"2023-11-22T14:43:36","date_gmt":"2023-11-22T14:43:36","guid":{"rendered":"https:\/\/www.electronicajnc.com\/web\/?post_type=product&#038;p=1205"},"modified":"2025-12-09T21:58:52","modified_gmt":"2025-12-09T21:58:52","slug":"chasis-metalico-de-tanque-oruga-tp101","status":"publish","type":"product","link":"https:\/\/www.electronicajnc.com\/web\/producto\/chasis-metalico-de-tanque-oruga-tp101\/","title":{"rendered":"Chasis Met\u00e1lico De Tanque Oruga Tp101"},"content":{"rendered":"<p>Chasis Met\u00e1lico De Tanque Oruga Tp101<\/p>\n<p><img decoding=\"async\" class=\"aligncenter\" src=\"https:\/\/www.electronicajnc.com\/web\/wp-content\/uploads\/2023\/11\/chasis-sn6300-1.jpg\" alt=\"Chasis robot oruga tanque TP101 motor 12v 350 rpm\" \/><\/p>\n<p>Requiere un chasis peque\u00f1o pero fuerte y todo terreno? Este chasis cuenta con una estructura s\u00f3lida, hecha de aleaci\u00f3n de aluminio. Las orugas le dan flexibilidad de movimiento, puede ir tanto adelante como hacia atr\u00e1s, adem\u00e1s de girar a la izquierda, a la derecha o sobre su propio eje.Lo mejor de todo es que es f\u00e1cil de montar y programar a trav\u00e9s de una controladora como Arduino, Raspberry Pi, as\u00ed como tambi\u00e9n puede utilizarlo en cualquier proyecto DIY.<\/p>\n<h1>Chasis Met\u00e1lico De Tanque Oruga Tp101<\/h1>\n<div class=\"elementor-element elementor-element-25f645fb elementor-widget elementor-widget-woocommerce-product-content\" data-id=\"25f645fb\" data-element_type=\"widget\" data-widget_type=\"woocommerce-product-content.default\">\n<div class=\"elementor-widget-container\">\n<p>Este chasis cuenta con una estructura s\u00f3lida, hecha de aleaci\u00f3n de aluminio.<br \/>\nLas orugas le dan flexibilidad de movimiento, puede ir tanto adelante como hacia atr\u00e1s, adem\u00e1s de girar a la izquierda, a la derecha o sobre su propio eje.<br \/>\nLo mejor de todo es que es f\u00e1cil de montar y programar a trav\u00e9s de una controladora como Arduino, Raspberry Pi, as\u00ed como tambi\u00e9n puede utilizarlo en cualquier proyecto DIY.<\/p>\n<h2>Caracter\u00edsticas:<\/h2>\n<ul>\n<li>Modelo: SN6300<\/li>\n<li>Dimensiones: 19.3 x 16.3 x 6cm<\/li>\n<li>Peso: 0.51kg<\/li>\n<li>Material: Aluminio de 2mm de grueso<\/li>\n<li>Orugas: Ingenier\u00eda de pl\u00e1stico<\/li>\n<li>Motor:\n<ul>\n<li>Dimensiones: 33D x 44mm<\/li>\n<li>Eje: 11mm largo, di\u00e1metro: 5mm tipo \u201cD\u201d<\/li>\n<li>Voltaje de funcionamiento: 6-12VDC<\/li>\n<li>Velocidad: 350RPM<\/li>\n<\/ul>\n<\/li>\n<li>Ruedas (Rines): Pl\u00e1stico<\/li>\n<\/ul>\n<div>\n<h2><b>\u00bfD\u00f3nde<\/b><strong>\u00a0conseguir ?<\/strong><\/h2>\n<\/div>\n<p>Puedes conseguir este producto y mucho mas en nuestra tienda de electr\u00f3nica \u201cElectr\u00f3nica JNC\u201d a un excelente precio, de igual manera puedes preguntar por otros productos que tenemos para ti y as\u00ed adquirirlos seg\u00fan tu necesidad para\u00a0 tus proyectos.<\/p>\n<p>Adem\u00e1s de vender realizamos todo tipo de proyectos de Rob\u00f3tica Electr\u00f3nica y de Programaci\u00f3n en Arduino-Raspberry, brindamos asesoramiento en la elaboraci\u00f3n de proyectos y personalizamos sus clases cuando deseas armar un robot.<\/p>\n<p>Somos importadores Directos de todo en Electr\u00f3nica y Rob\u00f3tica directamente desde los fabricantes, a los mejores precios del mercado.<\/p>\n<div class=\"x11i5rnm xat24cr x1mh8g0r x1vvkbs xtlvy1s x126k92a\">\n<div dir=\"auto\">SERVICIO PERSONALIZADO, APOYO TEORICO Y VENTA DE MATERIAL<\/div>\n<\/div>\n<div class=\"x11i5rnm xat24cr x1mh8g0r x1vvkbs xtlvy1s x126k92a\">\n<div dir=\"auto\">COTIZA CON NOSOTROS<\/div>\n<div dir=\"auto\">SERVICIO, EXPERIENCIA, CALIDAD Y CONFIANZA<\/div>\n<div dir=\"auto\">\u00abTodo lo que buscas en un solo lugar\u00bb<\/div>\n<\/div>\n<div dir=\"auto\"><\/div>\n<p><img decoding=\"async\" class=\"aligncenter\" src=\"https:\/\/images.ua.prom.st\/1494267654_1494267654.jpg?PImaGE_ID=1494267654\" \/><\/p>\n<p style=\"text-align: center;\">Realizar un pedido en la web o por \u00a0<a href=\"https:\/\/api.whatsapp.com\/send?phone=593958753126\" target=\"_blank\" rel=\"noopener\">WHATSAPP<\/a>.<\/p>\n<p><img decoding=\"async\" class=\"aligncenter\" src=\"https:\/\/images.ua.prom.st\/1494267867_1494267867.jpg?PImaGE_ID=1494267867\" \/><\/p>\n<p style=\"text-align: center;\">Consulta con un asesor\u00a0 todas tus inquietudes.<\/p>\n<p><img decoding=\"async\" class=\"aligncenter\" src=\"https:\/\/images.ua.prom.st\/1494266627_1494266627.jpg?PImaGE_ID=1494266627\" \/><\/p>\n<p style=\"text-align: center;\">Pregunta las formas de pago.<\/p>\n<p><img decoding=\"async\" class=\"aligncenter\" src=\"https:\/\/images.ua.prom.st\/1494267985_1494267985.jpg?PImaGE_ID=1494267985\" \/><\/p>\n<p style=\"text-align: center;\">Tu pedido llega a la puerta de tu casa.<\/p>\n<p>&nbsp;<\/p>\n<p><strong>\u00a1\u00a1 PREG\u00daNTANOS Sin compromiso !!!!<\/strong><\/p>\n<p>Puede retirar sus pedidos en nuestra\u00a0<a href=\"https:\/\/www.electronicajnc.com\/web\/contactos\" target=\"_blank\" rel=\"noopener\">TIENDA F\u00cdSICA<\/a>\u00a0o realizar sus pedidos\u00a0<a href=\"https:\/\/www.electronicajnc.com\/web\/mi-cuenta\" target=\"_blank\" rel=\"noopener\">ONLINE<\/a>\u00a0o por\u00a0<a href=\"https:\/\/api.whatsapp.com\/send?phone=593958753126\" target=\"_blank\" rel=\"noopener\">WHATSAPP<\/a>.<\/p>\n<\/div>\n<\/div>\n<div class=\"elementor-element elementor-element-aec48c6 elementor-widget elementor-widget-spacer\" data-id=\"aec48c6\" data-element_type=\"widget\" data-widget_type=\"spacer.default\">\n<div class=\"elementor-widget-container\">\n<div class=\"elementor-spacer\"><\/div>\n<\/div>\n<\/div>\n","protected":false},"excerpt":{"rendered":"<p>Este chasis del coche est\u00e1 montado por el motor de alto par de 2 piezas, que puede tener un buen rendimiento para la investigaci\u00f3n del chasis del robot con orugas. Le ayudar\u00e1 a realizar las funciones mediante la codificaci\u00f3n utilizando el lenguaje inform\u00e1tico Python o C. Junto con el controlador electr\u00f3nico, uno puede hacer el chasis del robot de control remoto r\u00e1pida y f\u00e1cilmente.<\/p>\n","protected":false},"featured_media":1206,"comment_status":"closed","ping_status":"closed","template":"","meta":{"saved_in_kubio":false,"_joinchat":[]},"product_brand":[],"product_cat":[53],"product_tag":[796,797,792,799,692,801,800,555,793,79,80,794,795],"class_list":{"0":"post-1205","1":"product","2":"type-product","3":"status-publish","4":"has-post-thumbnail","6":"product_cat-kits-de-robotica","7":"product_tag-12v","8":"product_tag-350-rpm","9":"product_tag-chasis","10":"product_tag-diy","11":"product_tag-kit-arduino","12":"product_tag-kits-para-robot","13":"product_tag-kits-robotica","14":"product_tag-motor","15":"product_tag-oruga","16":"product_tag-proyectos","17":"product_tag-robot","18":"product_tag-tanque","19":"product_tag-tp101","21":"first","22":"instock","23":"taxable","24":"shipping-taxable","25":"purchasable","26":"product-type-simple"},"yoast_head":"<!-- This site is optimized with the Yoast SEO plugin v27.5 - https:\/\/yoast.com\/product\/yoast-seo-wordpress\/ -->\n<title>Chasis Met\u00e1lico De Tanque Oruga Tp101 - Electronica JNC<\/title>\n<meta name=\"description\" content=\"Chasis Met\u00e1lico De Tanque Oruga Tp101 es f\u00e1cil de montar y programar a trav\u00e9s de una controladora como Arduino, Raspberry Pi, utilizarlo en proyecto DIY.\" \/>\n<meta name=\"robots\" content=\"index, follow, max-snippet:-1, max-image-preview:large, max-video-preview:-1\" \/>\n<link rel=\"canonical\" href=\"https:\/\/www.electronicajnc.com\/web\/producto\/chasis-metalico-de-tanque-oruga-tp101\/\" \/>\n<meta property=\"og:locale\" content=\"es_ES\" \/>\n<meta property=\"og:type\" content=\"article\" \/>\n<meta property=\"og:title\" content=\"Chasis Met\u00e1lico De Tanque Oruga Tp101 - Electronica JNC\" \/>\n<meta property=\"og:description\" content=\"Chasis Met\u00e1lico De Tanque Oruga Tp101 es f\u00e1cil de montar y programar a trav\u00e9s de una controladora como Arduino, Raspberry Pi, utilizarlo en proyecto DIY.\" \/>\n<meta property=\"og:url\" content=\"https:\/\/www.electronicajnc.com\/web\/producto\/chasis-metalico-de-tanque-oruga-tp101\/\" \/>\n<meta property=\"og:site_name\" content=\"Electronica JNC\" \/>\n<meta property=\"article:modified_time\" content=\"2025-12-09T21:58:52+00:00\" \/>\n<meta property=\"og:image\" content=\"https:\/\/www.electronicajnc.com\/web\/wp-content\/uploads\/2023\/11\/chasis-sn6300.jpg\" \/>\n\t<meta property=\"og:image:width\" content=\"1028\" \/>\n\t<meta property=\"og:image:height\" content=\"1093\" \/>\n\t<meta property=\"og:image:type\" content=\"image\/jpeg\" \/>\n<meta name=\"twitter:card\" content=\"summary_large_image\" \/>\n<meta name=\"twitter:label1\" content=\"Tiempo de lectura\" \/>\n\t<meta name=\"twitter:data1\" content=\"3 minutos\" \/>\n<script type=\"application\/ld+json\" class=\"yoast-schema-graph\">{\"@context\":\"https:\\\/\\\/schema.org\",\"@graph\":[{\"@type\":\"WebPage\",\"@id\":\"https:\\\/\\\/www.electronicajnc.com\\\/web\\\/producto\\\/chasis-metalico-de-tanque-oruga-tp101\\\/\",\"url\":\"https:\\\/\\\/www.electronicajnc.com\\\/web\\\/producto\\\/chasis-metalico-de-tanque-oruga-tp101\\\/\",\"name\":\"Chasis Met\u00e1lico De Tanque Oruga Tp101 - Electronica JNC\",\"isPartOf\":{\"@id\":\"https:\\\/\\\/www.electronicajnc.com\\\/web\\\/#website\"},\"primaryImageOfPage\":{\"@id\":\"https:\\\/\\\/www.electronicajnc.com\\\/web\\\/producto\\\/chasis-metalico-de-tanque-oruga-tp101\\\/#primaryimage\"},\"image\":{\"@id\":\"https:\\\/\\\/www.electronicajnc.com\\\/web\\\/producto\\\/chasis-metalico-de-tanque-oruga-tp101\\\/#primaryimage\"},\"thumbnailUrl\":\"https:\\\/\\\/www.electronicajnc.com\\\/web\\\/wp-content\\\/uploads\\\/2023\\\/11\\\/chasis-sn6300.jpg\",\"datePublished\":\"2023-11-22T14:43:36+00:00\",\"dateModified\":\"2025-12-09T21:58:52+00:00\",\"description\":\"Chasis Met\u00e1lico De Tanque Oruga Tp101 es f\u00e1cil de montar y programar a trav\u00e9s de una controladora como Arduino, Raspberry Pi, utilizarlo en proyecto DIY.\",\"breadcrumb\":{\"@id\":\"https:\\\/\\\/www.electronicajnc.com\\\/web\\\/producto\\\/chasis-metalico-de-tanque-oruga-tp101\\\/#breadcrumb\"},\"inLanguage\":\"es\",\"potentialAction\":[{\"@type\":\"ReadAction\",\"target\":[\"https:\\\/\\\/www.electronicajnc.com\\\/web\\\/producto\\\/chasis-metalico-de-tanque-oruga-tp101\\\/\"]}]},{\"@type\":\"ImageObject\",\"inLanguage\":\"es\",\"@id\":\"https:\\\/\\\/www.electronicajnc.com\\\/web\\\/producto\\\/chasis-metalico-de-tanque-oruga-tp101\\\/#primaryimage\",\"url\":\"https:\\\/\\\/www.electronicajnc.com\\\/web\\\/wp-content\\\/uploads\\\/2023\\\/11\\\/chasis-sn6300.jpg\",\"contentUrl\":\"https:\\\/\\\/www.electronicajnc.com\\\/web\\\/wp-content\\\/uploads\\\/2023\\\/11\\\/chasis-sn6300.jpg\",\"width\":1028,\"height\":1093,\"caption\":\"Chasis robot oruga tanque TP101 motor 12v 350 rpm\"},{\"@type\":\"BreadcrumbList\",\"@id\":\"https:\\\/\\\/www.electronicajnc.com\\\/web\\\/producto\\\/chasis-metalico-de-tanque-oruga-tp101\\\/#breadcrumb\",\"itemListElement\":[{\"@type\":\"ListItem\",\"position\":1,\"name\":\"Portada\",\"item\":\"https:\\\/\\\/www.electronicajnc.com\\\/web\\\/\"},{\"@type\":\"ListItem\",\"position\":2,\"name\":\"TIENDA\",\"item\":\"https:\\\/\\\/www.electronicajnc.com\\\/web\\\/tienda\\\/\"},{\"@type\":\"ListItem\",\"position\":3,\"name\":\"Chasis Met\u00e1lico De Tanque Oruga Tp101\"}]},{\"@type\":\"WebSite\",\"@id\":\"https:\\\/\\\/www.electronicajnc.com\\\/web\\\/#website\",\"url\":\"https:\\\/\\\/www.electronicajnc.com\\\/web\\\/\",\"name\":\"Electronica JNC\",\"description\":\"Robotica Tecnologia Mecatronica en Ecuador\",\"publisher\":{\"@id\":\"https:\\\/\\\/www.electronicajnc.com\\\/web\\\/#organization\"},\"potentialAction\":[{\"@type\":\"SearchAction\",\"target\":{\"@type\":\"EntryPoint\",\"urlTemplate\":\"https:\\\/\\\/www.electronicajnc.com\\\/web\\\/?s={search_term_string}\"},\"query-input\":{\"@type\":\"PropertyValueSpecification\",\"valueRequired\":true,\"valueName\":\"search_term_string\"}}],\"inLanguage\":\"es\"},{\"@type\":\"Organization\",\"@id\":\"https:\\\/\\\/www.electronicajnc.com\\\/web\\\/#organization\",\"name\":\"Electronica JNC\",\"url\":\"https:\\\/\\\/www.electronicajnc.com\\\/web\\\/\",\"logo\":{\"@type\":\"ImageObject\",\"inLanguage\":\"es\",\"@id\":\"https:\\\/\\\/www.electronicajnc.com\\\/web\\\/#\\\/schema\\\/logo\\\/image\\\/\",\"url\":\"https:\\\/\\\/www.electronicajnc.com\\\/web\\\/wp-content\\\/uploads\\\/2023\\\/06\\\/nuevo-logo.jpg\",\"contentUrl\":\"https:\\\/\\\/www.electronicajnc.com\\\/web\\\/wp-content\\\/uploads\\\/2023\\\/06\\\/nuevo-logo.jpg\",\"width\":1256,\"height\":612,\"caption\":\"Electronica JNC\"},\"image\":{\"@id\":\"https:\\\/\\\/www.electronicajnc.com\\\/web\\\/#\\\/schema\\\/logo\\\/image\\\/\"}}]}<\/script>\n<!-- \/ Yoast SEO plugin. -->","yoast_head_json":{"title":"Chasis Met\u00e1lico De Tanque Oruga Tp101 - Electronica JNC","description":"Chasis Met\u00e1lico De Tanque Oruga Tp101 es f\u00e1cil de montar y programar a trav\u00e9s de una controladora como Arduino, Raspberry Pi, utilizarlo en proyecto DIY.","robots":{"index":"index","follow":"follow","max-snippet":"max-snippet:-1","max-image-preview":"max-image-preview:large","max-video-preview":"max-video-preview:-1"},"canonical":"https:\/\/www.electronicajnc.com\/web\/producto\/chasis-metalico-de-tanque-oruga-tp101\/","og_locale":"es_ES","og_type":"article","og_title":"Chasis Met\u00e1lico De Tanque Oruga Tp101 - Electronica JNC","og_description":"Chasis Met\u00e1lico De Tanque Oruga Tp101 es f\u00e1cil de montar y programar a trav\u00e9s de una controladora como Arduino, Raspberry Pi, utilizarlo en proyecto DIY.","og_url":"https:\/\/www.electronicajnc.com\/web\/producto\/chasis-metalico-de-tanque-oruga-tp101\/","og_site_name":"Electronica JNC","article_modified_time":"2025-12-09T21:58:52+00:00","og_image":[{"width":1028,"height":1093,"url":"https:\/\/www.electronicajnc.com\/web\/wp-content\/uploads\/2023\/11\/chasis-sn6300.jpg","type":"image\/jpeg"}],"twitter_card":"summary_large_image","twitter_misc":{"Tiempo de lectura":"3 minutos"},"schema":{"@context":"https:\/\/schema.org","@graph":[{"@type":"WebPage","@id":"https:\/\/www.electronicajnc.com\/web\/producto\/chasis-metalico-de-tanque-oruga-tp101\/","url":"https:\/\/www.electronicajnc.com\/web\/producto\/chasis-metalico-de-tanque-oruga-tp101\/","name":"Chasis Met\u00e1lico De Tanque Oruga Tp101 - Electronica JNC","isPartOf":{"@id":"https:\/\/www.electronicajnc.com\/web\/#website"},"primaryImageOfPage":{"@id":"https:\/\/www.electronicajnc.com\/web\/producto\/chasis-metalico-de-tanque-oruga-tp101\/#primaryimage"},"image":{"@id":"https:\/\/www.electronicajnc.com\/web\/producto\/chasis-metalico-de-tanque-oruga-tp101\/#primaryimage"},"thumbnailUrl":"https:\/\/www.electronicajnc.com\/web\/wp-content\/uploads\/2023\/11\/chasis-sn6300.jpg","datePublished":"2023-11-22T14:43:36+00:00","dateModified":"2025-12-09T21:58:52+00:00","description":"Chasis Met\u00e1lico De Tanque Oruga Tp101 es f\u00e1cil de montar y programar a trav\u00e9s de una controladora como Arduino, Raspberry Pi, utilizarlo en proyecto DIY.","breadcrumb":{"@id":"https:\/\/www.electronicajnc.com\/web\/producto\/chasis-metalico-de-tanque-oruga-tp101\/#breadcrumb"},"inLanguage":"es","potentialAction":[{"@type":"ReadAction","target":["https:\/\/www.electronicajnc.com\/web\/producto\/chasis-metalico-de-tanque-oruga-tp101\/"]}]},{"@type":"ImageObject","inLanguage":"es","@id":"https:\/\/www.electronicajnc.com\/web\/producto\/chasis-metalico-de-tanque-oruga-tp101\/#primaryimage","url":"https:\/\/www.electronicajnc.com\/web\/wp-content\/uploads\/2023\/11\/chasis-sn6300.jpg","contentUrl":"https:\/\/www.electronicajnc.com\/web\/wp-content\/uploads\/2023\/11\/chasis-sn6300.jpg","width":1028,"height":1093,"caption":"Chasis robot oruga tanque TP101 motor 12v 350 rpm"},{"@type":"BreadcrumbList","@id":"https:\/\/www.electronicajnc.com\/web\/producto\/chasis-metalico-de-tanque-oruga-tp101\/#breadcrumb","itemListElement":[{"@type":"ListItem","position":1,"name":"Portada","item":"https:\/\/www.electronicajnc.com\/web\/"},{"@type":"ListItem","position":2,"name":"TIENDA","item":"https:\/\/www.electronicajnc.com\/web\/tienda\/"},{"@type":"ListItem","position":3,"name":"Chasis Met\u00e1lico De Tanque Oruga Tp101"}]},{"@type":"WebSite","@id":"https:\/\/www.electronicajnc.com\/web\/#website","url":"https:\/\/www.electronicajnc.com\/web\/","name":"Electronica JNC","description":"Robotica Tecnologia Mecatronica en Ecuador","publisher":{"@id":"https:\/\/www.electronicajnc.com\/web\/#organization"},"potentialAction":[{"@type":"SearchAction","target":{"@type":"EntryPoint","urlTemplate":"https:\/\/www.electronicajnc.com\/web\/?s={search_term_string}"},"query-input":{"@type":"PropertyValueSpecification","valueRequired":true,"valueName":"search_term_string"}}],"inLanguage":"es"},{"@type":"Organization","@id":"https:\/\/www.electronicajnc.com\/web\/#organization","name":"Electronica JNC","url":"https:\/\/www.electronicajnc.com\/web\/","logo":{"@type":"ImageObject","inLanguage":"es","@id":"https:\/\/www.electronicajnc.com\/web\/#\/schema\/logo\/image\/","url":"https:\/\/www.electronicajnc.com\/web\/wp-content\/uploads\/2023\/06\/nuevo-logo.jpg","contentUrl":"https:\/\/www.electronicajnc.com\/web\/wp-content\/uploads\/2023\/06\/nuevo-logo.jpg","width":1256,"height":612,"caption":"Electronica JNC"},"image":{"@id":"https:\/\/www.electronicajnc.com\/web\/#\/schema\/logo\/image\/"}}]}},"_links":{"self":[{"href":"https:\/\/www.electronicajnc.com\/web\/wp-json\/wp\/v2\/product\/1205","targetHints":{"allow":["GET"]}}],"collection":[{"href":"https:\/\/www.electronicajnc.com\/web\/wp-json\/wp\/v2\/product"}],"about":[{"href":"https:\/\/www.electronicajnc.com\/web\/wp-json\/wp\/v2\/types\/product"}],"replies":[{"embeddable":true,"href":"https:\/\/www.electronicajnc.com\/web\/wp-json\/wp\/v2\/comments?post=1205"}],"wp:featuredmedia":[{"embeddable":true,"href":"https:\/\/www.electronicajnc.com\/web\/wp-json\/wp\/v2\/media\/1206"}],"wp:attachment":[{"href":"https:\/\/www.electronicajnc.com\/web\/wp-json\/wp\/v2\/media?parent=1205"}],"wp:term":[{"taxonomy":"product_brand","embeddable":true,"href":"https:\/\/www.electronicajnc.com\/web\/wp-json\/wp\/v2\/product_brand?post=1205"},{"taxonomy":"product_cat","embeddable":true,"href":"https:\/\/www.electronicajnc.com\/web\/wp-json\/wp\/v2\/product_cat?post=1205"},{"taxonomy":"product_tag","embeddable":true,"href":"https:\/\/www.electronicajnc.com\/web\/wp-json\/wp\/v2\/product_tag?post=1205"}],"curies":[{"name":"wp","href":"https:\/\/api.w.org\/{rel}","templated":true}]}}