{"id":1217,"date":"2023-11-22T17:14:51","date_gmt":"2023-11-22T17:14:51","guid":{"rendered":"https:\/\/www.electronicajnc.com\/web\/?post_type=product&#038;p=1217"},"modified":"2023-11-22T17:16:09","modified_gmt":"2023-11-22T17:16:09","slug":"interfaz-usb-zero-delay-multijuegos-arcade","status":"publish","type":"product","link":"https:\/\/www.electronicajnc.com\/web\/producto\/interfaz-usb-zero-delay-multijuegos-arcade\/","title":{"rendered":"Interfaz Usb Zero Delay Multijuegos Arcade"},"content":{"rendered":"<p class=\"ui-pdp-title\">Interfaz Usb Zero Delay Multijuegos Arcade<\/p>\n<p><img fetchpriority=\"high\" decoding=\"async\" class=\"aligncenter\" src=\"https:\/\/www.electronicajnc.com\/web\/wp-content\/uploads\/2023\/11\/targeta-joystik.4.jpg\" alt=\"Interfaz Usb Zero Delay, Un Jugador, Multijuegos, Arcade\" width=\"407\" height=\"388\" \/><\/p>\n<p>Esta placa permite armar un mando arcade y conectarlo a la raspberry, PC u otra placa de desarrollo via USB.<\/p>\n<p><span class=\"a-list-item\">Codificador USB Zero Delay Arcade para tu juego de PC DIY, es un c<\/span><span class=\"a-list-item\">ontrolador de juego gen\u00e9rico compatible con PC y Raspberry Pi 1\/2\/3 puede ser utilizado como<\/span><span class=\"a-list-item\"> codificador para construir su propia m\u00e1quina de juegos de arcade!, <\/span><span class=\"a-list-item\">admite todos los tipos de joystick y bot\u00f3n pulsador con terminal de 4,8 mm.<\/span><\/p>\n<p>El codificador de PC USB con retardo cero es la opci\u00f3n de codificador m\u00e1s rentable y f\u00e1cil de instalar, con este codificador, puedes construir tu propia m\u00e1quina de juegos arcade y puedes crear f\u00e1cilmente tu propia consola de juegos arcade, el codificador USB del controlador de juegos arcade es compatible con todos los sistemas Windows y con proyectos Raspbery Pi Retropie.<\/p>\n<p>El Joystick IC admite una variedad de formatos de dispositivos de juego y puede cambiar entre los modos digital y anal\u00f3gico en los dos formatos de dispositivo, su codificador USB del controlador de juegos arcade es muy adecuado para joystick\/bot\u00f3n.<\/p>\n<h1 class=\"ui-pdp-title\">Interfaz Usb Zero Delay Multijuegos Arcade<\/h1>\n<div>\n<h2><b>\u00bfD\u00f3nde<\/b><strong>\u00a0conseguir ?<\/strong><\/h2>\n<\/div>\n<p>Puedes conseguir este producto y mucho mas en nuestra tienda de electr\u00f3nica \u201cElectr\u00f3nica JNC\u201d a un excelente precio, de igual manera puedes preguntar por otros productos que tenemos para ti y as\u00ed adquirirlos seg\u00fan tu necesidad para\u00a0 tus proyectos.<\/p>\n<p>Adem\u00e1s de vender realizamos todo tipo de proyectos de Rob\u00f3tica Electr\u00f3nica y de Programaci\u00f3n en Arduino-Raspberry, brindamos asesoramiento en la elaboraci\u00f3n de proyectos y personalizamos sus clases cuando deseas armar un robot.<\/p>\n<p>Somos importadores Directos de todo en Electr\u00f3nica y Rob\u00f3tica directamente desde los fabricantes, a los mejores precios del mercado.<\/p>\n<div class=\"x11i5rnm xat24cr x1mh8g0r x1vvkbs xtlvy1s x126k92a\">\n<div dir=\"auto\">SERVICIO PERSONALIZADO, APOYO TEORICO Y VENTA DE MATERIAL<\/div>\n<\/div>\n<div class=\"x11i5rnm xat24cr x1mh8g0r x1vvkbs xtlvy1s x126k92a\">\n<div dir=\"auto\">COTIZA CON NOSOTROS<\/div>\n<div dir=\"auto\">SERVICIO, EXPERIENCIA, CALIDAD Y CONFIANZA<\/div>\n<div dir=\"auto\">\u00abTodo lo que buscas en un solo lugar\u00bb<\/div>\n<\/div>\n<div dir=\"auto\"><\/div>\n<p><img decoding=\"async\" class=\"aligncenter\" src=\"https:\/\/images.ua.prom.st\/1494267654_1494267654.jpg?PImaGE_ID=1494267654\" \/><\/p>\n<p style=\"text-align: center;\">Realizar un pedido en la web o por \u00a0<a href=\"https:\/\/api.whatsapp.com\/send?phone=593958753126\" target=\"_blank\" rel=\"noopener\">WHATSAPP<\/a>.<\/p>\n<p><img decoding=\"async\" class=\"aligncenter\" src=\"https:\/\/images.ua.prom.st\/1494267867_1494267867.jpg?PImaGE_ID=1494267867\" \/><\/p>\n<p style=\"text-align: center;\">Consulta con un asesor\u00a0 todas tus inquietudes.<\/p>\n<p><img decoding=\"async\" class=\"aligncenter\" src=\"https:\/\/images.ua.prom.st\/1494266627_1494266627.jpg?PImaGE_ID=1494266627\" \/><\/p>\n<p style=\"text-align: center;\">Pregunta las formas de pago.<\/p>\n<p><img decoding=\"async\" class=\"aligncenter\" src=\"https:\/\/images.ua.prom.st\/1494267985_1494267985.jpg?PImaGE_ID=1494267985\" \/><\/p>\n<p style=\"text-align: center;\">Tu pedido llega a la puerta de tu casa.<\/p>\n<p>&nbsp;<\/p>\n<p><strong>\u00a1\u00a1 PREG\u00daNTANOS Sin compromiso !!!!<\/strong><\/p>\n<p>Puede retirar sus pedidos en nuestra\u00a0<a href=\"https:\/\/www.electronicajnc.com\/web\/contactos\" target=\"_blank\" rel=\"noopener\">TIENDA F\u00cdSICA<\/a>\u00a0o realizar sus pedidos\u00a0<a href=\"https:\/\/www.electronicajnc.com\/web\/mi-cuenta\" target=\"_blank\" rel=\"noopener\">ONLINE<\/a>\u00a0o por\u00a0<a href=\"https:\/\/api.whatsapp.com\/send?phone=593958753126\" target=\"_blank\" rel=\"noopener\">WHATSAPP<\/a>.<\/p>\n","protected":false},"excerpt":{"rendered":"<p>El codificador USB del controlador de juegos arcade es compatible con todos los sistemas Windows y con proyectos Raspbery Pi Retropie, El Joystick IC admite una variedad de formatos de dispositivos de juego y puede cambiar entre los modos digital y anal\u00f3gico en los dos formatos de dispositivo.<\/p>\n","protected":false},"featured_media":1218,"comment_status":"closed","ping_status":"closed","template":"","meta":{"saved_in_kubio":false,"_joinchat":[]},"product_brand":[],"product_cat":[309],"product_tag":[808,805,806,814,809,813,811,810,812,306,79,816,817,520,815,807],"class_list":{"0":"post-1217","1":"product","2":"type-product","3":"status-publish","4":"has-post-thumbnail","6":"product_cat-componentes-electronicos","7":"product_tag-arcade","8":"product_tag-auto","9":"product_tag-codificador","10":"product_tag-consola","11":"product_tag-joystick","12":"product_tag-juegos","13":"product_tag-juegos-de-lucha","14":"product_tag-mame-jamma","15":"product_tag-multijuegos","16":"product_tag-pc","17":"product_tag-proyectos","18":"product_tag-raspbery-pi","19":"product_tag-retropie","20":"product_tag-usb","21":"product_tag-windows","22":"product_tag-zero-delay","24":"first","25":"instock","26":"taxable","27":"shipping-taxable","28":"purchasable","29":"product-type-simple"},"yoast_head":"<!-- This site is optimized with the Yoast SEO plugin v27.4 - https:\/\/yoast.com\/product\/yoast-seo-wordpress\/ -->\n<title>Interfaz Usb Zero Delay Multijuegos Arcade - Electronica JNC<\/title>\n<meta name=\"description\" content=\"Interfaz Usb Zero Delay Multijuegos admite varios equipos de juego en dos tipos de equipos Modo digital el modo anal\u00f3gico puede cambiar arbitrariamente\" \/>\n<meta name=\"robots\" content=\"index, follow, max-snippet:-1, max-image-preview:large, max-video-preview:-1\" \/>\n<link rel=\"canonical\" href=\"https:\/\/www.electronicajnc.com\/web\/producto\/interfaz-usb-zero-delay-multijuegos-arcade\/\" \/>\n<meta property=\"og:locale\" content=\"es_ES\" \/>\n<meta property=\"og:type\" content=\"article\" \/>\n<meta property=\"og:title\" content=\"Interfaz Usb Zero Delay Multijuegos Arcade - Electronica JNC\" \/>\n<meta property=\"og:description\" content=\"Interfaz Usb Zero Delay Multijuegos admite varios equipos de juego en dos tipos de equipos Modo digital el modo anal\u00f3gico puede cambiar arbitrariamente\" \/>\n<meta property=\"og:url\" content=\"https:\/\/www.electronicajnc.com\/web\/producto\/interfaz-usb-zero-delay-multijuegos-arcade\/\" \/>\n<meta property=\"og:site_name\" content=\"Electronica JNC\" \/>\n<meta property=\"article:modified_time\" content=\"2023-11-22T17:16:09+00:00\" \/>\n<meta property=\"og:image\" content=\"https:\/\/www.electronicajnc.com\/web\/wp-content\/uploads\/2023\/11\/targeta-joystik.jpg\" \/>\n\t<meta property=\"og:image:width\" content=\"1028\" \/>\n\t<meta property=\"og:image:height\" content=\"1115\" \/>\n\t<meta property=\"og:image:type\" content=\"image\/jpeg\" \/>\n<meta name=\"twitter:card\" content=\"summary_large_image\" \/>\n<meta name=\"twitter:label1\" content=\"Tiempo de lectura\" \/>\n\t<meta name=\"twitter:data1\" content=\"3 minutos\" \/>\n<script type=\"application\/ld+json\" class=\"yoast-schema-graph\">{\"@context\":\"https:\\\/\\\/schema.org\",\"@graph\":[{\"@type\":\"WebPage\",\"@id\":\"https:\\\/\\\/www.electronicajnc.com\\\/web\\\/producto\\\/interfaz-usb-zero-delay-multijuegos-arcade\\\/\",\"url\":\"https:\\\/\\\/www.electronicajnc.com\\\/web\\\/producto\\\/interfaz-usb-zero-delay-multijuegos-arcade\\\/\",\"name\":\"Interfaz Usb Zero Delay Multijuegos Arcade - Electronica JNC\",\"isPartOf\":{\"@id\":\"https:\\\/\\\/www.electronicajnc.com\\\/web\\\/#website\"},\"primaryImageOfPage\":{\"@id\":\"https:\\\/\\\/www.electronicajnc.com\\\/web\\\/producto\\\/interfaz-usb-zero-delay-multijuegos-arcade\\\/#primaryimage\"},\"image\":{\"@id\":\"https:\\\/\\\/www.electronicajnc.com\\\/web\\\/producto\\\/interfaz-usb-zero-delay-multijuegos-arcade\\\/#primaryimage\"},\"thumbnailUrl\":\"https:\\\/\\\/www.electronicajnc.com\\\/web\\\/wp-content\\\/uploads\\\/2023\\\/11\\\/targeta-joystik.jpg\",\"datePublished\":\"2023-11-22T17:14:51+00:00\",\"dateModified\":\"2023-11-22T17:16:09+00:00\",\"description\":\"Interfaz Usb Zero Delay Multijuegos admite varios equipos de juego en dos tipos de equipos Modo digital el modo anal\u00f3gico puede cambiar arbitrariamente\",\"breadcrumb\":{\"@id\":\"https:\\\/\\\/www.electronicajnc.com\\\/web\\\/producto\\\/interfaz-usb-zero-delay-multijuegos-arcade\\\/#breadcrumb\"},\"inLanguage\":\"es\",\"potentialAction\":[{\"@type\":\"ReadAction\",\"target\":[\"https:\\\/\\\/www.electronicajnc.com\\\/web\\\/producto\\\/interfaz-usb-zero-delay-multijuegos-arcade\\\/\"]}]},{\"@type\":\"ImageObject\",\"inLanguage\":\"es\",\"@id\":\"https:\\\/\\\/www.electronicajnc.com\\\/web\\\/producto\\\/interfaz-usb-zero-delay-multijuegos-arcade\\\/#primaryimage\",\"url\":\"https:\\\/\\\/www.electronicajnc.com\\\/web\\\/wp-content\\\/uploads\\\/2023\\\/11\\\/targeta-joystik.jpg\",\"contentUrl\":\"https:\\\/\\\/www.electronicajnc.com\\\/web\\\/wp-content\\\/uploads\\\/2023\\\/11\\\/targeta-joystik.jpg\",\"width\":1028,\"height\":1115,\"caption\":\"Interfaz Usb Zero Delay, Un Jugador, Multijuegos, Arcade\"},{\"@type\":\"BreadcrumbList\",\"@id\":\"https:\\\/\\\/www.electronicajnc.com\\\/web\\\/producto\\\/interfaz-usb-zero-delay-multijuegos-arcade\\\/#breadcrumb\",\"itemListElement\":[{\"@type\":\"ListItem\",\"position\":1,\"name\":\"Portada\",\"item\":\"https:\\\/\\\/www.electronicajnc.com\\\/web\\\/\"},{\"@type\":\"ListItem\",\"position\":2,\"name\":\"TIENDA\",\"item\":\"https:\\\/\\\/www.electronicajnc.com\\\/web\\\/tienda\\\/\"},{\"@type\":\"ListItem\",\"position\":3,\"name\":\"Interfaz Usb Zero Delay Multijuegos Arcade\"}]},{\"@type\":\"WebSite\",\"@id\":\"https:\\\/\\\/www.electronicajnc.com\\\/web\\\/#website\",\"url\":\"https:\\\/\\\/www.electronicajnc.com\\\/web\\\/\",\"name\":\"Electronica JNC\",\"description\":\"Robotica Tecnologia Mecatronica en Ecuador\",\"publisher\":{\"@id\":\"https:\\\/\\\/www.electronicajnc.com\\\/web\\\/#organization\"},\"potentialAction\":[{\"@type\":\"SearchAction\",\"target\":{\"@type\":\"EntryPoint\",\"urlTemplate\":\"https:\\\/\\\/www.electronicajnc.com\\\/web\\\/?s={search_term_string}\"},\"query-input\":{\"@type\":\"PropertyValueSpecification\",\"valueRequired\":true,\"valueName\":\"search_term_string\"}}],\"inLanguage\":\"es\"},{\"@type\":\"Organization\",\"@id\":\"https:\\\/\\\/www.electronicajnc.com\\\/web\\\/#organization\",\"name\":\"Electronica JNC\",\"url\":\"https:\\\/\\\/www.electronicajnc.com\\\/web\\\/\",\"logo\":{\"@type\":\"ImageObject\",\"inLanguage\":\"es\",\"@id\":\"https:\\\/\\\/www.electronicajnc.com\\\/web\\\/#\\\/schema\\\/logo\\\/image\\\/\",\"url\":\"https:\\\/\\\/www.electronicajnc.com\\\/web\\\/wp-content\\\/uploads\\\/2023\\\/06\\\/nuevo-logo.jpg\",\"contentUrl\":\"https:\\\/\\\/www.electronicajnc.com\\\/web\\\/wp-content\\\/uploads\\\/2023\\\/06\\\/nuevo-logo.jpg\",\"width\":1256,\"height\":612,\"caption\":\"Electronica JNC\"},\"image\":{\"@id\":\"https:\\\/\\\/www.electronicajnc.com\\\/web\\\/#\\\/schema\\\/logo\\\/image\\\/\"}}]}<\/script>\n<!-- \/ Yoast SEO plugin. -->","yoast_head_json":{"title":"Interfaz Usb Zero Delay Multijuegos Arcade - Electronica JNC","description":"Interfaz Usb Zero Delay Multijuegos admite varios equipos de juego en dos tipos de equipos Modo digital el modo anal\u00f3gico puede cambiar arbitrariamente","robots":{"index":"index","follow":"follow","max-snippet":"max-snippet:-1","max-image-preview":"max-image-preview:large","max-video-preview":"max-video-preview:-1"},"canonical":"https:\/\/www.electronicajnc.com\/web\/producto\/interfaz-usb-zero-delay-multijuegos-arcade\/","og_locale":"es_ES","og_type":"article","og_title":"Interfaz Usb Zero Delay Multijuegos Arcade - Electronica JNC","og_description":"Interfaz Usb Zero Delay Multijuegos admite varios equipos de juego en dos tipos de equipos Modo digital el modo anal\u00f3gico puede cambiar arbitrariamente","og_url":"https:\/\/www.electronicajnc.com\/web\/producto\/interfaz-usb-zero-delay-multijuegos-arcade\/","og_site_name":"Electronica JNC","article_modified_time":"2023-11-22T17:16:09+00:00","og_image":[{"width":1028,"height":1115,"url":"https:\/\/www.electronicajnc.com\/web\/wp-content\/uploads\/2023\/11\/targeta-joystik.jpg","type":"image\/jpeg"}],"twitter_card":"summary_large_image","twitter_misc":{"Tiempo de lectura":"3 minutos"},"schema":{"@context":"https:\/\/schema.org","@graph":[{"@type":"WebPage","@id":"https:\/\/www.electronicajnc.com\/web\/producto\/interfaz-usb-zero-delay-multijuegos-arcade\/","url":"https:\/\/www.electronicajnc.com\/web\/producto\/interfaz-usb-zero-delay-multijuegos-arcade\/","name":"Interfaz Usb Zero Delay Multijuegos Arcade - Electronica JNC","isPartOf":{"@id":"https:\/\/www.electronicajnc.com\/web\/#website"},"primaryImageOfPage":{"@id":"https:\/\/www.electronicajnc.com\/web\/producto\/interfaz-usb-zero-delay-multijuegos-arcade\/#primaryimage"},"image":{"@id":"https:\/\/www.electronicajnc.com\/web\/producto\/interfaz-usb-zero-delay-multijuegos-arcade\/#primaryimage"},"thumbnailUrl":"https:\/\/www.electronicajnc.com\/web\/wp-content\/uploads\/2023\/11\/targeta-joystik.jpg","datePublished":"2023-11-22T17:14:51+00:00","dateModified":"2023-11-22T17:16:09+00:00","description":"Interfaz Usb Zero Delay Multijuegos admite varios equipos de juego en dos tipos de equipos Modo digital el modo anal\u00f3gico puede cambiar arbitrariamente","breadcrumb":{"@id":"https:\/\/www.electronicajnc.com\/web\/producto\/interfaz-usb-zero-delay-multijuegos-arcade\/#breadcrumb"},"inLanguage":"es","potentialAction":[{"@type":"ReadAction","target":["https:\/\/www.electronicajnc.com\/web\/producto\/interfaz-usb-zero-delay-multijuegos-arcade\/"]}]},{"@type":"ImageObject","inLanguage":"es","@id":"https:\/\/www.electronicajnc.com\/web\/producto\/interfaz-usb-zero-delay-multijuegos-arcade\/#primaryimage","url":"https:\/\/www.electronicajnc.com\/web\/wp-content\/uploads\/2023\/11\/targeta-joystik.jpg","contentUrl":"https:\/\/www.electronicajnc.com\/web\/wp-content\/uploads\/2023\/11\/targeta-joystik.jpg","width":1028,"height":1115,"caption":"Interfaz Usb Zero Delay, Un Jugador, Multijuegos, Arcade"},{"@type":"BreadcrumbList","@id":"https:\/\/www.electronicajnc.com\/web\/producto\/interfaz-usb-zero-delay-multijuegos-arcade\/#breadcrumb","itemListElement":[{"@type":"ListItem","position":1,"name":"Portada","item":"https:\/\/www.electronicajnc.com\/web\/"},{"@type":"ListItem","position":2,"name":"TIENDA","item":"https:\/\/www.electronicajnc.com\/web\/tienda\/"},{"@type":"ListItem","position":3,"name":"Interfaz Usb Zero Delay Multijuegos Arcade"}]},{"@type":"WebSite","@id":"https:\/\/www.electronicajnc.com\/web\/#website","url":"https:\/\/www.electronicajnc.com\/web\/","name":"Electronica JNC","description":"Robotica Tecnologia Mecatronica en Ecuador","publisher":{"@id":"https:\/\/www.electronicajnc.com\/web\/#organization"},"potentialAction":[{"@type":"SearchAction","target":{"@type":"EntryPoint","urlTemplate":"https:\/\/www.electronicajnc.com\/web\/?s={search_term_string}"},"query-input":{"@type":"PropertyValueSpecification","valueRequired":true,"valueName":"search_term_string"}}],"inLanguage":"es"},{"@type":"Organization","@id":"https:\/\/www.electronicajnc.com\/web\/#organization","name":"Electronica JNC","url":"https:\/\/www.electronicajnc.com\/web\/","logo":{"@type":"ImageObject","inLanguage":"es","@id":"https:\/\/www.electronicajnc.com\/web\/#\/schema\/logo\/image\/","url":"https:\/\/www.electronicajnc.com\/web\/wp-content\/uploads\/2023\/06\/nuevo-logo.jpg","contentUrl":"https:\/\/www.electronicajnc.com\/web\/wp-content\/uploads\/2023\/06\/nuevo-logo.jpg","width":1256,"height":612,"caption":"Electronica JNC"},"image":{"@id":"https:\/\/www.electronicajnc.com\/web\/#\/schema\/logo\/image\/"}}]}},"_links":{"self":[{"href":"https:\/\/www.electronicajnc.com\/web\/wp-json\/wp\/v2\/product\/1217","targetHints":{"allow":["GET"]}}],"collection":[{"href":"https:\/\/www.electronicajnc.com\/web\/wp-json\/wp\/v2\/product"}],"about":[{"href":"https:\/\/www.electronicajnc.com\/web\/wp-json\/wp\/v2\/types\/product"}],"replies":[{"embeddable":true,"href":"https:\/\/www.electronicajnc.com\/web\/wp-json\/wp\/v2\/comments?post=1217"}],"wp:featuredmedia":[{"embeddable":true,"href":"https:\/\/www.electronicajnc.com\/web\/wp-json\/wp\/v2\/media\/1218"}],"wp:attachment":[{"href":"https:\/\/www.electronicajnc.com\/web\/wp-json\/wp\/v2\/media?parent=1217"}],"wp:term":[{"taxonomy":"product_brand","embeddable":true,"href":"https:\/\/www.electronicajnc.com\/web\/wp-json\/wp\/v2\/product_brand?post=1217"},{"taxonomy":"product_cat","embeddable":true,"href":"https:\/\/www.electronicajnc.com\/web\/wp-json\/wp\/v2\/product_cat?post=1217"},{"taxonomy":"product_tag","embeddable":true,"href":"https:\/\/www.electronicajnc.com\/web\/wp-json\/wp\/v2\/product_tag?post=1217"}],"curies":[{"name":"wp","href":"https:\/\/api.w.org\/{rel}","templated":true}]}}