{"id":1229,"date":"2023-11-22T19:13:02","date_gmt":"2023-11-22T19:13:02","guid":{"rendered":"https:\/\/www.electronicajnc.com\/web\/?post_type=product&#038;p=1229"},"modified":"2023-11-22T19:13:56","modified_gmt":"2023-11-22T19:13:56","slug":"kit-arcade-joystick-usb-zero-delay","status":"publish","type":"product","link":"https:\/\/www.electronicajnc.com\/web\/producto\/kit-arcade-joystick-usb-zero-delay\/","title":{"rendered":"Kit Arcade Joystick Usb Zero Delay"},"content":{"rendered":"<p>Kit Arcade Joystick Usb Zero Delay<\/p>\n<p><img fetchpriority=\"high\" decoding=\"async\" class=\"aligncenter\" src=\"https:\/\/www.electronicajnc.com\/web\/wp-content\/uploads\/2023\/11\/arcade-palanca.1.jpg\" alt=\"Kit bot\u00f3n de arcade y joystick\" width=\"542\" height=\"428\" \/><\/p>\n<p>Este kit de juego retro es adecuado para fabricantes y cualquier persona que quiera hacer un juego retro en casa es f\u00e1cil de ensamblar y puede conectarlo a su PC, computadora port\u00e1til e incluso a la Raspberry Pi utilizando el sistema operativo RetroPie o Recalbox.<\/p>\n<p>Consola retro? \u00bfQu\u00e9 tal r\u00e9plica de m\u00e1quina recreativa a tama\u00f1o completo, con palancas y botones como los que us\u00e1bamos antes?<\/p>\n<p>Tenes la posibilidad de usar 2 kits con 2 palancas y 20 botones para presionar y jugar por horas.\u00a0El kit funciona con cualquier emulador que querramos, por ejemplo con MAME. De igual modo podremos utilizar tanto RetroPie como Recalbox en Raspberry PI.\u00a0Este es un kit de f\u00e1cil instalaci\u00f3n para personalizar una consola arcade. Podes conectar al puerto USB sin necesidad de drivers, porque es plug-and-play.<\/p>\n<p>Este pulsador de arcade es ideal no s\u00f3lo para videojuegos, tambi\u00e9n para proyectos de m\u00e1quinas familiares y m\u00e1quinas Arcade MAME DIY. Excelente rendimiento electr\u00f3nico y larga vida \u00fatil.<\/p>\n<p>El Joystick Basado en el cl\u00e1sico profesional de Sanwa Arcade.<\/p>\n<p>Cada paquete incluye todas las piezas necesarias para un jugador.<\/p>\n<p>Es de f\u00e1cil conexi\u00f3n y ensamblado.<\/p>\n<h1>Kit Arcade Joystick Usb Zero Delay<\/h1>\n<div>\n<h2><b>\u00bfD\u00f3nde<\/b><strong>\u00a0conseguir ?<\/strong><\/h2>\n<\/div>\n<p>Puedes conseguir este producto y mucho mas en nuestra tienda de electr\u00f3nica \u201cElectr\u00f3nica JNC\u201d a un excelente precio, de igual manera puedes preguntar por otros productos que tenemos para ti y as\u00ed adquirirlos seg\u00fan tu necesidad para\u00a0 tus proyectos.<\/p>\n<p>Adem\u00e1s de vender realizamos todo tipo de proyectos de Rob\u00f3tica Electr\u00f3nica y de Programaci\u00f3n en Arduino-Raspberry, brindamos asesoramiento en la elaboraci\u00f3n de proyectos y personalizamos sus clases cuando deseas armar un robot.<\/p>\n<p>Somos importadores Directos de todo en Electr\u00f3nica y Rob\u00f3tica directamente desde los fabricantes, a los mejores precios del mercado.<\/p>\n<div class=\"x11i5rnm xat24cr x1mh8g0r x1vvkbs xtlvy1s x126k92a\">\n<div dir=\"auto\">SERVICIO PERSONALIZADO, APOYO TEORICO Y VENTA DE MATERIAL<\/div>\n<\/div>\n<div class=\"x11i5rnm xat24cr x1mh8g0r x1vvkbs xtlvy1s x126k92a\">\n<div dir=\"auto\">COTIZA CON NOSOTROS<\/div>\n<div dir=\"auto\">SERVICIO, EXPERIENCIA, CALIDAD Y CONFIANZA<\/div>\n<div dir=\"auto\">\u00abTodo lo que buscas en un solo lugar\u00bb<\/div>\n<\/div>\n<div dir=\"auto\"><\/div>\n<p><img decoding=\"async\" class=\"aligncenter\" src=\"https:\/\/images.ua.prom.st\/1494267654_1494267654.jpg?PImaGE_ID=1494267654\" \/><\/p>\n<p style=\"text-align: center;\">Realizar un pedido en la web o por \u00a0<a href=\"https:\/\/api.whatsapp.com\/send?phone=593958753126\" target=\"_blank\" rel=\"noopener\">WHATSAPP<\/a>.<\/p>\n<p><img decoding=\"async\" class=\"aligncenter\" src=\"https:\/\/images.ua.prom.st\/1494267867_1494267867.jpg?PImaGE_ID=1494267867\" \/><\/p>\n<p style=\"text-align: center;\">Consulta con un asesor\u00a0 todas tus inquietudes.<\/p>\n<p><img decoding=\"async\" class=\"aligncenter\" src=\"https:\/\/images.ua.prom.st\/1494266627_1494266627.jpg?PImaGE_ID=1494266627\" \/><\/p>\n<p style=\"text-align: center;\">Pregunta las formas de pago.<\/p>\n<p><img decoding=\"async\" class=\"aligncenter\" src=\"https:\/\/images.ua.prom.st\/1494267985_1494267985.jpg?PImaGE_ID=1494267985\" \/><\/p>\n<p style=\"text-align: center;\">Tu pedido llega a la puerta de tu casa.<\/p>\n<p>&nbsp;<\/p>\n<p><strong>\u00a1\u00a1 PREG\u00daNTANOS Sin compromiso !!!!<\/strong><\/p>\n<p>Puede retirar sus pedidos en nuestra\u00a0<a href=\"https:\/\/www.electronicajnc.com\/web\/contactos\" target=\"_blank\" rel=\"noopener\">TIENDA F\u00cdSICA<\/a>\u00a0o realizar sus pedidos\u00a0<a href=\"https:\/\/www.electronicajnc.com\/web\/mi-cuenta\" target=\"_blank\" rel=\"noopener\">ONLINE<\/a>\u00a0o por\u00a0<a href=\"https:\/\/api.whatsapp.com\/send?phone=593958753126\" target=\"_blank\" rel=\"noopener\">WHATSAPP<\/a>.<\/p>\n","protected":false},"excerpt":{"rendered":"<p><span class=\"a-list-item\">Utilice los accesorios que puede construir su propia m\u00e1quina de juegos de arcade, <\/span><span class=\"a-list-item\">ise\u00f1o de instalaci\u00f3n f\u00e1cil! Simplemente conect\u00e9 el bot\u00f3n pulsador y el joystick, \u00a1realmente enchufar y jugar, d<\/span><span class=\"a-list-item\">ebido a la diferencia entre diferentes monitores, es posible que la imagen no refleje el color real del art\u00edculo. \u00a1Gracias!<\/span><\/p>\n","protected":false},"featured_media":1230,"comment_status":"closed","ping_status":"closed","template":"","meta":{"saved_in_kubio":false,"_joinchat":[]},"product_brand":[],"product_cat":[309],"product_tag":[830,828,814,829,813,321,827],"class_list":{"0":"post-1229","1":"product","2":"type-product","3":"status-publish","4":"has-post-thumbnail","6":"product_cat-componentes-electronicos","7":"product_tag-arduio","8":"product_tag-arma-tu-mismo","9":"product_tag-consola","10":"product_tag-cosmo","11":"product_tag-juegos","12":"product_tag-raspberry","13":"product_tag-retro","15":"first","16":"instock","17":"taxable","18":"shipping-taxable","19":"purchasable","20":"product-type-simple"},"yoast_head":"<!-- This site is optimized with the Yoast SEO plugin v27.4 - https:\/\/yoast.com\/product\/yoast-seo-wordpress\/ -->\n<title>Kit Arcade Joystick Usb Zero Delay - Electronica JNC<\/title>\n<meta name=\"description\" content=\"Kit Arcade Joystick Usb Zero Delay Es f\u00e1cil de ensamblar y puede conectarlo a su PC, computadora port\u00e1til e incluso a la Raspberry Pi\" \/>\n<meta name=\"robots\" content=\"index, follow, max-snippet:-1, max-image-preview:large, max-video-preview:-1\" \/>\n<link rel=\"canonical\" href=\"https:\/\/www.electronicajnc.com\/web\/producto\/kit-arcade-joystick-usb-zero-delay\/\" \/>\n<meta property=\"og:locale\" content=\"es_ES\" \/>\n<meta property=\"og:type\" content=\"article\" \/>\n<meta property=\"og:title\" content=\"Kit Arcade Joystick Usb Zero Delay - Electronica JNC\" \/>\n<meta property=\"og:description\" content=\"Kit Arcade Joystick Usb Zero Delay Es f\u00e1cil de ensamblar y puede conectarlo a su PC, computadora port\u00e1til e incluso a la Raspberry Pi\" \/>\n<meta property=\"og:url\" content=\"https:\/\/www.electronicajnc.com\/web\/producto\/kit-arcade-joystick-usb-zero-delay\/\" \/>\n<meta property=\"og:site_name\" content=\"Electronica JNC\" \/>\n<meta property=\"article:modified_time\" content=\"2023-11-22T19:13:56+00:00\" \/>\n<meta property=\"og:image\" content=\"https:\/\/www.electronicajnc.com\/web\/wp-content\/uploads\/2023\/11\/arcade-palanca.jpg\" \/>\n\t<meta property=\"og:image:width\" content=\"1200\" \/>\n\t<meta property=\"og:image:height\" content=\"1200\" \/>\n\t<meta property=\"og:image:type\" content=\"image\/jpeg\" \/>\n<meta name=\"twitter:card\" content=\"summary_large_image\" \/>\n<meta name=\"twitter:label1\" content=\"Tiempo de lectura\" \/>\n\t<meta name=\"twitter:data1\" content=\"3 minutos\" \/>\n<script type=\"application\/ld+json\" class=\"yoast-schema-graph\">{\"@context\":\"https:\\\/\\\/schema.org\",\"@graph\":[{\"@type\":\"WebPage\",\"@id\":\"https:\\\/\\\/www.electronicajnc.com\\\/web\\\/producto\\\/kit-arcade-joystick-usb-zero-delay\\\/\",\"url\":\"https:\\\/\\\/www.electronicajnc.com\\\/web\\\/producto\\\/kit-arcade-joystick-usb-zero-delay\\\/\",\"name\":\"Kit Arcade Joystick Usb Zero Delay - Electronica JNC\",\"isPartOf\":{\"@id\":\"https:\\\/\\\/www.electronicajnc.com\\\/web\\\/#website\"},\"primaryImageOfPage\":{\"@id\":\"https:\\\/\\\/www.electronicajnc.com\\\/web\\\/producto\\\/kit-arcade-joystick-usb-zero-delay\\\/#primaryimage\"},\"image\":{\"@id\":\"https:\\\/\\\/www.electronicajnc.com\\\/web\\\/producto\\\/kit-arcade-joystick-usb-zero-delay\\\/#primaryimage\"},\"thumbnailUrl\":\"https:\\\/\\\/www.electronicajnc.com\\\/web\\\/wp-content\\\/uploads\\\/2023\\\/11\\\/arcade-palanca.jpg\",\"datePublished\":\"2023-11-22T19:13:02+00:00\",\"dateModified\":\"2023-11-22T19:13:56+00:00\",\"description\":\"Kit Arcade Joystick Usb Zero Delay Es f\u00e1cil de ensamblar y puede conectarlo a su PC, computadora port\u00e1til e incluso a la Raspberry Pi\",\"breadcrumb\":{\"@id\":\"https:\\\/\\\/www.electronicajnc.com\\\/web\\\/producto\\\/kit-arcade-joystick-usb-zero-delay\\\/#breadcrumb\"},\"inLanguage\":\"es\",\"potentialAction\":[{\"@type\":\"ReadAction\",\"target\":[\"https:\\\/\\\/www.electronicajnc.com\\\/web\\\/producto\\\/kit-arcade-joystick-usb-zero-delay\\\/\"]}]},{\"@type\":\"ImageObject\",\"inLanguage\":\"es\",\"@id\":\"https:\\\/\\\/www.electronicajnc.com\\\/web\\\/producto\\\/kit-arcade-joystick-usb-zero-delay\\\/#primaryimage\",\"url\":\"https:\\\/\\\/www.electronicajnc.com\\\/web\\\/wp-content\\\/uploads\\\/2023\\\/11\\\/arcade-palanca.jpg\",\"contentUrl\":\"https:\\\/\\\/www.electronicajnc.com\\\/web\\\/wp-content\\\/uploads\\\/2023\\\/11\\\/arcade-palanca.jpg\",\"width\":1200,\"height\":1200,\"caption\":\"Kit bot\u00f3n de arcade y joystick\"},{\"@type\":\"BreadcrumbList\",\"@id\":\"https:\\\/\\\/www.electronicajnc.com\\\/web\\\/producto\\\/kit-arcade-joystick-usb-zero-delay\\\/#breadcrumb\",\"itemListElement\":[{\"@type\":\"ListItem\",\"position\":1,\"name\":\"Portada\",\"item\":\"https:\\\/\\\/www.electronicajnc.com\\\/web\\\/\"},{\"@type\":\"ListItem\",\"position\":2,\"name\":\"TIENDA\",\"item\":\"https:\\\/\\\/www.electronicajnc.com\\\/web\\\/tienda\\\/\"},{\"@type\":\"ListItem\",\"position\":3,\"name\":\"Kit Arcade Joystick Usb Zero Delay\"}]},{\"@type\":\"WebSite\",\"@id\":\"https:\\\/\\\/www.electronicajnc.com\\\/web\\\/#website\",\"url\":\"https:\\\/\\\/www.electronicajnc.com\\\/web\\\/\",\"name\":\"Electronica JNC\",\"description\":\"Robotica Tecnologia Mecatronica en Ecuador\",\"publisher\":{\"@id\":\"https:\\\/\\\/www.electronicajnc.com\\\/web\\\/#organization\"},\"potentialAction\":[{\"@type\":\"SearchAction\",\"target\":{\"@type\":\"EntryPoint\",\"urlTemplate\":\"https:\\\/\\\/www.electronicajnc.com\\\/web\\\/?s={search_term_string}\"},\"query-input\":{\"@type\":\"PropertyValueSpecification\",\"valueRequired\":true,\"valueName\":\"search_term_string\"}}],\"inLanguage\":\"es\"},{\"@type\":\"Organization\",\"@id\":\"https:\\\/\\\/www.electronicajnc.com\\\/web\\\/#organization\",\"name\":\"Electronica JNC\",\"url\":\"https:\\\/\\\/www.electronicajnc.com\\\/web\\\/\",\"logo\":{\"@type\":\"ImageObject\",\"inLanguage\":\"es\",\"@id\":\"https:\\\/\\\/www.electronicajnc.com\\\/web\\\/#\\\/schema\\\/logo\\\/image\\\/\",\"url\":\"https:\\\/\\\/www.electronicajnc.com\\\/web\\\/wp-content\\\/uploads\\\/2023\\\/06\\\/nuevo-logo.jpg\",\"contentUrl\":\"https:\\\/\\\/www.electronicajnc.com\\\/web\\\/wp-content\\\/uploads\\\/2023\\\/06\\\/nuevo-logo.jpg\",\"width\":1256,\"height\":612,\"caption\":\"Electronica JNC\"},\"image\":{\"@id\":\"https:\\\/\\\/www.electronicajnc.com\\\/web\\\/#\\\/schema\\\/logo\\\/image\\\/\"}}]}<\/script>\n<!-- \/ Yoast SEO plugin. -->","yoast_head_json":{"title":"Kit Arcade Joystick Usb Zero Delay - Electronica JNC","description":"Kit Arcade Joystick Usb Zero Delay Es f\u00e1cil de ensamblar y puede conectarlo a su PC, computadora port\u00e1til e incluso a la Raspberry Pi","robots":{"index":"index","follow":"follow","max-snippet":"max-snippet:-1","max-image-preview":"max-image-preview:large","max-video-preview":"max-video-preview:-1"},"canonical":"https:\/\/www.electronicajnc.com\/web\/producto\/kit-arcade-joystick-usb-zero-delay\/","og_locale":"es_ES","og_type":"article","og_title":"Kit Arcade Joystick Usb Zero Delay - Electronica JNC","og_description":"Kit Arcade Joystick Usb Zero Delay Es f\u00e1cil de ensamblar y puede conectarlo a su PC, computadora port\u00e1til e incluso a la Raspberry Pi","og_url":"https:\/\/www.electronicajnc.com\/web\/producto\/kit-arcade-joystick-usb-zero-delay\/","og_site_name":"Electronica JNC","article_modified_time":"2023-11-22T19:13:56+00:00","og_image":[{"width":1200,"height":1200,"url":"https:\/\/www.electronicajnc.com\/web\/wp-content\/uploads\/2023\/11\/arcade-palanca.jpg","type":"image\/jpeg"}],"twitter_card":"summary_large_image","twitter_misc":{"Tiempo de lectura":"3 minutos"},"schema":{"@context":"https:\/\/schema.org","@graph":[{"@type":"WebPage","@id":"https:\/\/www.electronicajnc.com\/web\/producto\/kit-arcade-joystick-usb-zero-delay\/","url":"https:\/\/www.electronicajnc.com\/web\/producto\/kit-arcade-joystick-usb-zero-delay\/","name":"Kit Arcade Joystick Usb Zero Delay - Electronica JNC","isPartOf":{"@id":"https:\/\/www.electronicajnc.com\/web\/#website"},"primaryImageOfPage":{"@id":"https:\/\/www.electronicajnc.com\/web\/producto\/kit-arcade-joystick-usb-zero-delay\/#primaryimage"},"image":{"@id":"https:\/\/www.electronicajnc.com\/web\/producto\/kit-arcade-joystick-usb-zero-delay\/#primaryimage"},"thumbnailUrl":"https:\/\/www.electronicajnc.com\/web\/wp-content\/uploads\/2023\/11\/arcade-palanca.jpg","datePublished":"2023-11-22T19:13:02+00:00","dateModified":"2023-11-22T19:13:56+00:00","description":"Kit Arcade Joystick Usb Zero Delay Es f\u00e1cil de ensamblar y puede conectarlo a su PC, computadora port\u00e1til e incluso a la Raspberry Pi","breadcrumb":{"@id":"https:\/\/www.electronicajnc.com\/web\/producto\/kit-arcade-joystick-usb-zero-delay\/#breadcrumb"},"inLanguage":"es","potentialAction":[{"@type":"ReadAction","target":["https:\/\/www.electronicajnc.com\/web\/producto\/kit-arcade-joystick-usb-zero-delay\/"]}]},{"@type":"ImageObject","inLanguage":"es","@id":"https:\/\/www.electronicajnc.com\/web\/producto\/kit-arcade-joystick-usb-zero-delay\/#primaryimage","url":"https:\/\/www.electronicajnc.com\/web\/wp-content\/uploads\/2023\/11\/arcade-palanca.jpg","contentUrl":"https:\/\/www.electronicajnc.com\/web\/wp-content\/uploads\/2023\/11\/arcade-palanca.jpg","width":1200,"height":1200,"caption":"Kit bot\u00f3n de arcade y joystick"},{"@type":"BreadcrumbList","@id":"https:\/\/www.electronicajnc.com\/web\/producto\/kit-arcade-joystick-usb-zero-delay\/#breadcrumb","itemListElement":[{"@type":"ListItem","position":1,"name":"Portada","item":"https:\/\/www.electronicajnc.com\/web\/"},{"@type":"ListItem","position":2,"name":"TIENDA","item":"https:\/\/www.electronicajnc.com\/web\/tienda\/"},{"@type":"ListItem","position":3,"name":"Kit Arcade Joystick Usb Zero Delay"}]},{"@type":"WebSite","@id":"https:\/\/www.electronicajnc.com\/web\/#website","url":"https:\/\/www.electronicajnc.com\/web\/","name":"Electronica JNC","description":"Robotica Tecnologia Mecatronica en Ecuador","publisher":{"@id":"https:\/\/www.electronicajnc.com\/web\/#organization"},"potentialAction":[{"@type":"SearchAction","target":{"@type":"EntryPoint","urlTemplate":"https:\/\/www.electronicajnc.com\/web\/?s={search_term_string}"},"query-input":{"@type":"PropertyValueSpecification","valueRequired":true,"valueName":"search_term_string"}}],"inLanguage":"es"},{"@type":"Organization","@id":"https:\/\/www.electronicajnc.com\/web\/#organization","name":"Electronica JNC","url":"https:\/\/www.electronicajnc.com\/web\/","logo":{"@type":"ImageObject","inLanguage":"es","@id":"https:\/\/www.electronicajnc.com\/web\/#\/schema\/logo\/image\/","url":"https:\/\/www.electronicajnc.com\/web\/wp-content\/uploads\/2023\/06\/nuevo-logo.jpg","contentUrl":"https:\/\/www.electronicajnc.com\/web\/wp-content\/uploads\/2023\/06\/nuevo-logo.jpg","width":1256,"height":612,"caption":"Electronica JNC"},"image":{"@id":"https:\/\/www.electronicajnc.com\/web\/#\/schema\/logo\/image\/"}}]}},"_links":{"self":[{"href":"https:\/\/www.electronicajnc.com\/web\/wp-json\/wp\/v2\/product\/1229","targetHints":{"allow":["GET"]}}],"collection":[{"href":"https:\/\/www.electronicajnc.com\/web\/wp-json\/wp\/v2\/product"}],"about":[{"href":"https:\/\/www.electronicajnc.com\/web\/wp-json\/wp\/v2\/types\/product"}],"replies":[{"embeddable":true,"href":"https:\/\/www.electronicajnc.com\/web\/wp-json\/wp\/v2\/comments?post=1229"}],"wp:featuredmedia":[{"embeddable":true,"href":"https:\/\/www.electronicajnc.com\/web\/wp-json\/wp\/v2\/media\/1230"}],"wp:attachment":[{"href":"https:\/\/www.electronicajnc.com\/web\/wp-json\/wp\/v2\/media?parent=1229"}],"wp:term":[{"taxonomy":"product_brand","embeddable":true,"href":"https:\/\/www.electronicajnc.com\/web\/wp-json\/wp\/v2\/product_brand?post=1229"},{"taxonomy":"product_cat","embeddable":true,"href":"https:\/\/www.electronicajnc.com\/web\/wp-json\/wp\/v2\/product_cat?post=1229"},{"taxonomy":"product_tag","embeddable":true,"href":"https:\/\/www.electronicajnc.com\/web\/wp-json\/wp\/v2\/product_tag?post=1229"}],"curies":[{"name":"wp","href":"https:\/\/api.w.org\/{rel}","templated":true}]}}