{"id":1240,"date":"2023-11-22T23:24:54","date_gmt":"2023-11-22T23:24:54","guid":{"rendered":"https:\/\/www.electronicajnc.com\/web\/?post_type=product&#038;p=1240"},"modified":"2023-11-22T23:27:46","modified_gmt":"2023-11-22T23:27:46","slug":"ky-024-sensor-lineal-de-efecto-hall","status":"publish","type":"product","link":"https:\/\/www.electronicajnc.com\/web\/producto\/ky-024-sensor-lineal-de-efecto-hall\/","title":{"rendered":"KY-024 SENSOR LINEAL DE EFECTO HALL"},"content":{"rendered":"<p class=\"h1\">KY-024 SENSOR LINEAL DE EFECTO HALL<\/p>\n<p><img fetchpriority=\"high\" decoding=\"async\" class=\"aligncenter\" src=\"https:\/\/www.electronicajnc.com\/web\/wp-content\/uploads\/2023\/11\/EFECTO-HALL.2.jpg\" alt=\"M\u00f3dulo Sensor de Efecto Hall\" width=\"782\" height=\"558\" \/><\/p>\n<p>Este modulo, permite medir la intensidad de campos magn\u00e9ticos bas\u00e1ndose en el principio del efecto hall. Este posee una salida anal\u00f3gica y una digital. La salida anal\u00f3gica es de tipo lineal proporcional: desde 1V para -1000 Gauss hasta 4V para 1000 Gauss, en caso de no existir un campo magn\u00e9tico el voltaje de salida ser\u00e1 2.5V. La salida digital es la salida de un opamp en modo comparador con un umbral (threshold) regulable por un potenci\u00f3metro en placa.<\/p>\n<p>Este modulo incorpora el sensor lineal Hall SS49E y trabaja con el comparador LM393, lo que permite tener una salida analogica (AO) y una salida digital (DO). La sensibilidad de la salida digital se puede ajustar por medio del potenciometro de precision incorporado.<\/p>\n<h1 class=\"h1\">KY-024 SENSOR LINEAL DE EFECTO HALL<\/h1>\n<p>ESPECIFICACIONES:<br \/>\n\u2022 Pin (-) -&gt; GND, conectar a GND del Arduino<br \/>\n\u2022 Pin (pin central) +5 V -&gt; conectar con Arduino 5<br \/>\n\u2022 La se\u00f1al de pata AO -&gt; conectar con Arduino pin A0<br \/>\n\u2022 interruptor digital salida (0 \/ 1)<br \/>\n\u2022 Comparador de salida de corriente:16mA<br \/>\n\u2022 Dimensiones: 4,0\u00d72,6\u00d73,2 cm<br \/>\n\u2022 Peso: 4g<\/p>\n<div>\n<h2><b>\u00bfD\u00f3nde<\/b><strong>\u00a0conseguir ?<\/strong><\/h2>\n<\/div>\n<p>Puedes conseguir este producto y mucho mas en nuestra tienda de electr\u00f3nica \u201cElectr\u00f3nica JNC\u201d a un excelente precio, de igual manera puedes preguntar por otros productos que tenemos para ti y as\u00ed adquirirlos seg\u00fan tu necesidad para\u00a0 tus proyectos.<\/p>\n<p>Adem\u00e1s de vender realizamos todo tipo de proyectos de Rob\u00f3tica Electr\u00f3nica y de Programaci\u00f3n en Arduino-Raspberry, brindamos asesoramiento en la elaboraci\u00f3n de proyectos y personalizamos sus clases cuando deseas armar un robot.<\/p>\n<p>Somos importadores Directos de todo en Electr\u00f3nica y Rob\u00f3tica directamente desde los fabricantes, a los mejores precios del mercado.<\/p>\n<div class=\"x11i5rnm xat24cr x1mh8g0r x1vvkbs xtlvy1s x126k92a\">\n<div dir=\"auto\">SERVICIO PERSONALIZADO, APOYO TEORICO Y VENTA DE MATERIAL<\/div>\n<\/div>\n<div class=\"x11i5rnm xat24cr x1mh8g0r x1vvkbs xtlvy1s x126k92a\">\n<div dir=\"auto\">COTIZA CON NOSOTROS<\/div>\n<div dir=\"auto\">SERVICIO, EXPERIENCIA, CALIDAD Y CONFIANZA<\/div>\n<div dir=\"auto\">\u00abTodo lo que buscas en un solo lugar\u00bb<\/div>\n<\/div>\n<div dir=\"auto\"><\/div>\n<p><img decoding=\"async\" class=\"aligncenter\" src=\"https:\/\/images.ua.prom.st\/1494267654_1494267654.jpg?PImaGE_ID=1494267654\" \/><\/p>\n<p style=\"text-align: center;\">Realizar un pedido en la web o por \u00a0<a href=\"https:\/\/api.whatsapp.com\/send?phone=593958753126\" target=\"_blank\" rel=\"noopener\">WHATSAPP<\/a>.<\/p>\n<p><img decoding=\"async\" class=\"aligncenter\" src=\"https:\/\/images.ua.prom.st\/1494267867_1494267867.jpg?PImaGE_ID=1494267867\" \/><\/p>\n<p style=\"text-align: center;\">Consulta con un asesor\u00a0 todas tus inquietudes.<\/p>\n<p><img decoding=\"async\" class=\"aligncenter\" src=\"https:\/\/images.ua.prom.st\/1494266627_1494266627.jpg?PImaGE_ID=1494266627\" \/><\/p>\n<p style=\"text-align: center;\">Pregunta las formas de pago.<\/p>\n<p><img decoding=\"async\" class=\"aligncenter\" src=\"https:\/\/images.ua.prom.st\/1494267985_1494267985.jpg?PImaGE_ID=1494267985\" \/><\/p>\n<p style=\"text-align: center;\">Tu pedido llega a la puerta de tu casa.<\/p>\n<p>&nbsp;<\/p>\n<p><strong>\u00a1\u00a1 PREG\u00daNTANOS Sin compromiso !!!!<\/strong><\/p>\n<p>Puede retirar sus pedidos en nuestra\u00a0<a href=\"https:\/\/www.electronicajnc.com\/web\/contactos\" target=\"_blank\" rel=\"noopener\">TIENDA F\u00cdSICA<\/a>\u00a0o realizar sus pedidos\u00a0<a href=\"https:\/\/www.electronicajnc.com\/web\/mi-cuenta\" target=\"_blank\" rel=\"noopener\">ONLINE<\/a>\u00a0o por\u00a0<a href=\"https:\/\/api.whatsapp.com\/send?phone=593958753126\" target=\"_blank\" rel=\"noopener\">WHATSAPP<\/a>.<\/p>\n<p>&nbsp;<\/p>\n","protected":false},"excerpt":{"rendered":"<p>El sensor SS49E puede ser utilizado en diversas aplicaciones como: Sensor de proximidad, final de carrera, Contador de RPM(con la ayuda de imanes adicionales unidos al eje), Medici\u00f3n de corriente en motores, Control de bombas de agua, Sensor de desplazamiento lineal\/angular, lector de c\u00f3digos magn\u00e9ticos.<\/p>\n","protected":false},"featured_media":1241,"comment_status":"closed","ping_status":"closed","template":"","meta":{"saved_in_kubio":false,"_joinchat":[]},"product_brand":[],"product_cat":[21],"product_tag":[196,699,697,741,706,742,743,692,694,696,701,744,318,703,704,745,700,705,702,693,698,746,733,35,695,617],"class_list":{"0":"post-1240","1":"product","2":"type-product","3":"status-publish","4":"has-post-thumbnail","6":"product_cat-modulos_sensores","7":"product_tag-arduino","8":"product_tag-conversion-analogica-a-digital","9":"product_tag-educacion-stem","10":"product_tag-escudo","11":"product_tag-esp01-8266","12":"product_tag-ethernet","13":"product_tag-internet","14":"product_tag-kit-arduino","15":"product_tag-kit-diy","16":"product_tag-kit-iot","17":"product_tag-kit-steam","18":"product_tag-lan","19":"product_tag-microcontrolador","20":"product_tag-modulo-bluetooth-hc05","21":"product_tag-modulo-sensor","22":"product_tag-montaje","23":"product_tag-nodemcu-esp8266","24":"product_tag-pantalla-i2c","25":"product_tag-pantalla-lcd","26":"product_tag-pantalla-led","27":"product_tag-placa-arduino","28":"product_tag-red","29":"product_tag-sd","30":"product_tag-sensor-de-temperatura","31":"product_tag-servomotor","32":"product_tag-shield","34":"first","35":"instock","36":"taxable","37":"shipping-taxable","38":"purchasable","39":"product-type-simple"},"yoast_head":"<!-- This site is optimized with the Yoast SEO plugin v27.5 - https:\/\/yoast.com\/product\/yoast-seo-wordpress\/ -->\n<title>KY-024 SENSOR LINEAL DE EFECTO HALL - Electronica JNC<\/title>\n<meta name=\"description\" content=\"KY-024 SENSOR LINEAL DE EFECTO HALL Este m\u00f3dulo se utiliza para calcular la velocidad de un mecanismo de rotaci\u00f3n \u00f3 como un interruptor de proximidad. |\" \/>\n<meta name=\"robots\" content=\"index, follow, max-snippet:-1, max-image-preview:large, max-video-preview:-1\" \/>\n<link rel=\"canonical\" href=\"https:\/\/www.electronicajnc.com\/web\/producto\/ky-024-sensor-lineal-de-efecto-hall\/\" \/>\n<meta property=\"og:locale\" content=\"es_ES\" \/>\n<meta property=\"og:type\" content=\"article\" \/>\n<meta property=\"og:title\" content=\"KY-024 SENSOR LINEAL DE EFECTO HALL - Electronica JNC\" \/>\n<meta property=\"og:description\" content=\"KY-024 SENSOR LINEAL DE EFECTO HALL Este m\u00f3dulo se utiliza para calcular la velocidad de un mecanismo de rotaci\u00f3n \u00f3 como un interruptor de proximidad. |\" \/>\n<meta property=\"og:url\" content=\"https:\/\/www.electronicajnc.com\/web\/producto\/ky-024-sensor-lineal-de-efecto-hall\/\" \/>\n<meta property=\"og:site_name\" content=\"Electronica JNC\" \/>\n<meta property=\"article:modified_time\" content=\"2023-11-22T23:27:46+00:00\" \/>\n<meta property=\"og:image\" content=\"https:\/\/www.electronicajnc.com\/web\/wp-content\/uploads\/2023\/11\/EFECTO-HALL.jpg\" \/>\n\t<meta property=\"og:image:width\" content=\"1056\" \/>\n\t<meta property=\"og:image:height\" content=\"1118\" \/>\n\t<meta property=\"og:image:type\" content=\"image\/jpeg\" \/>\n<meta name=\"twitter:card\" content=\"summary_large_image\" \/>\n<meta name=\"twitter:label1\" content=\"Tiempo de lectura\" \/>\n\t<meta name=\"twitter:data1\" content=\"3 minutos\" \/>\n<script type=\"application\/ld+json\" class=\"yoast-schema-graph\">{\"@context\":\"https:\\\/\\\/schema.org\",\"@graph\":[{\"@type\":\"WebPage\",\"@id\":\"https:\\\/\\\/www.electronicajnc.com\\\/web\\\/producto\\\/ky-024-sensor-lineal-de-efecto-hall\\\/\",\"url\":\"https:\\\/\\\/www.electronicajnc.com\\\/web\\\/producto\\\/ky-024-sensor-lineal-de-efecto-hall\\\/\",\"name\":\"KY-024 SENSOR LINEAL DE EFECTO HALL - Electronica JNC\",\"isPartOf\":{\"@id\":\"https:\\\/\\\/www.electronicajnc.com\\\/web\\\/#website\"},\"primaryImageOfPage\":{\"@id\":\"https:\\\/\\\/www.electronicajnc.com\\\/web\\\/producto\\\/ky-024-sensor-lineal-de-efecto-hall\\\/#primaryimage\"},\"image\":{\"@id\":\"https:\\\/\\\/www.electronicajnc.com\\\/web\\\/producto\\\/ky-024-sensor-lineal-de-efecto-hall\\\/#primaryimage\"},\"thumbnailUrl\":\"https:\\\/\\\/www.electronicajnc.com\\\/web\\\/wp-content\\\/uploads\\\/2023\\\/11\\\/EFECTO-HALL.jpg\",\"datePublished\":\"2023-11-22T23:24:54+00:00\",\"dateModified\":\"2023-11-22T23:27:46+00:00\",\"description\":\"KY-024 SENSOR LINEAL DE EFECTO HALL Este m\u00f3dulo se utiliza para calcular la velocidad de un mecanismo de rotaci\u00f3n \u00f3 como un interruptor de proximidad. |\",\"breadcrumb\":{\"@id\":\"https:\\\/\\\/www.electronicajnc.com\\\/web\\\/producto\\\/ky-024-sensor-lineal-de-efecto-hall\\\/#breadcrumb\"},\"inLanguage\":\"es\",\"potentialAction\":[{\"@type\":\"ReadAction\",\"target\":[\"https:\\\/\\\/www.electronicajnc.com\\\/web\\\/producto\\\/ky-024-sensor-lineal-de-efecto-hall\\\/\"]}]},{\"@type\":\"ImageObject\",\"inLanguage\":\"es\",\"@id\":\"https:\\\/\\\/www.electronicajnc.com\\\/web\\\/producto\\\/ky-024-sensor-lineal-de-efecto-hall\\\/#primaryimage\",\"url\":\"https:\\\/\\\/www.electronicajnc.com\\\/web\\\/wp-content\\\/uploads\\\/2023\\\/11\\\/EFECTO-HALL.jpg\",\"contentUrl\":\"https:\\\/\\\/www.electronicajnc.com\\\/web\\\/wp-content\\\/uploads\\\/2023\\\/11\\\/EFECTO-HALL.jpg\",\"width\":1056,\"height\":1118,\"caption\":\"M\u00f3dulo Sensor de Efecto Hall\"},{\"@type\":\"BreadcrumbList\",\"@id\":\"https:\\\/\\\/www.electronicajnc.com\\\/web\\\/producto\\\/ky-024-sensor-lineal-de-efecto-hall\\\/#breadcrumb\",\"itemListElement\":[{\"@type\":\"ListItem\",\"position\":1,\"name\":\"Portada\",\"item\":\"https:\\\/\\\/www.electronicajnc.com\\\/web\\\/\"},{\"@type\":\"ListItem\",\"position\":2,\"name\":\"TIENDA\",\"item\":\"https:\\\/\\\/www.electronicajnc.com\\\/web\\\/tienda\\\/\"},{\"@type\":\"ListItem\",\"position\":3,\"name\":\"KY-024 SENSOR LINEAL DE EFECTO HALL\"}]},{\"@type\":\"WebSite\",\"@id\":\"https:\\\/\\\/www.electronicajnc.com\\\/web\\\/#website\",\"url\":\"https:\\\/\\\/www.electronicajnc.com\\\/web\\\/\",\"name\":\"Electronica JNC\",\"description\":\"Robotica Tecnologia Mecatronica en Ecuador\",\"publisher\":{\"@id\":\"https:\\\/\\\/www.electronicajnc.com\\\/web\\\/#organization\"},\"potentialAction\":[{\"@type\":\"SearchAction\",\"target\":{\"@type\":\"EntryPoint\",\"urlTemplate\":\"https:\\\/\\\/www.electronicajnc.com\\\/web\\\/?s={search_term_string}\"},\"query-input\":{\"@type\":\"PropertyValueSpecification\",\"valueRequired\":true,\"valueName\":\"search_term_string\"}}],\"inLanguage\":\"es\"},{\"@type\":\"Organization\",\"@id\":\"https:\\\/\\\/www.electronicajnc.com\\\/web\\\/#organization\",\"name\":\"Electronica JNC\",\"url\":\"https:\\\/\\\/www.electronicajnc.com\\\/web\\\/\",\"logo\":{\"@type\":\"ImageObject\",\"inLanguage\":\"es\",\"@id\":\"https:\\\/\\\/www.electronicajnc.com\\\/web\\\/#\\\/schema\\\/logo\\\/image\\\/\",\"url\":\"https:\\\/\\\/www.electronicajnc.com\\\/web\\\/wp-content\\\/uploads\\\/2023\\\/06\\\/nuevo-logo.jpg\",\"contentUrl\":\"https:\\\/\\\/www.electronicajnc.com\\\/web\\\/wp-content\\\/uploads\\\/2023\\\/06\\\/nuevo-logo.jpg\",\"width\":1256,\"height\":612,\"caption\":\"Electronica JNC\"},\"image\":{\"@id\":\"https:\\\/\\\/www.electronicajnc.com\\\/web\\\/#\\\/schema\\\/logo\\\/image\\\/\"}}]}<\/script>\n<!-- \/ Yoast SEO plugin. -->","yoast_head_json":{"title":"KY-024 SENSOR LINEAL DE EFECTO HALL - Electronica JNC","description":"KY-024 SENSOR LINEAL DE EFECTO HALL Este m\u00f3dulo se utiliza para calcular la velocidad de un mecanismo de rotaci\u00f3n \u00f3 como un interruptor de proximidad. |","robots":{"index":"index","follow":"follow","max-snippet":"max-snippet:-1","max-image-preview":"max-image-preview:large","max-video-preview":"max-video-preview:-1"},"canonical":"https:\/\/www.electronicajnc.com\/web\/producto\/ky-024-sensor-lineal-de-efecto-hall\/","og_locale":"es_ES","og_type":"article","og_title":"KY-024 SENSOR LINEAL DE EFECTO HALL - Electronica JNC","og_description":"KY-024 SENSOR LINEAL DE EFECTO HALL Este m\u00f3dulo se utiliza para calcular la velocidad de un mecanismo de rotaci\u00f3n \u00f3 como un interruptor de proximidad. |","og_url":"https:\/\/www.electronicajnc.com\/web\/producto\/ky-024-sensor-lineal-de-efecto-hall\/","og_site_name":"Electronica JNC","article_modified_time":"2023-11-22T23:27:46+00:00","og_image":[{"width":1056,"height":1118,"url":"https:\/\/www.electronicajnc.com\/web\/wp-content\/uploads\/2023\/11\/EFECTO-HALL.jpg","type":"image\/jpeg"}],"twitter_card":"summary_large_image","twitter_misc":{"Tiempo de lectura":"3 minutos"},"schema":{"@context":"https:\/\/schema.org","@graph":[{"@type":"WebPage","@id":"https:\/\/www.electronicajnc.com\/web\/producto\/ky-024-sensor-lineal-de-efecto-hall\/","url":"https:\/\/www.electronicajnc.com\/web\/producto\/ky-024-sensor-lineal-de-efecto-hall\/","name":"KY-024 SENSOR LINEAL DE EFECTO HALL - Electronica JNC","isPartOf":{"@id":"https:\/\/www.electronicajnc.com\/web\/#website"},"primaryImageOfPage":{"@id":"https:\/\/www.electronicajnc.com\/web\/producto\/ky-024-sensor-lineal-de-efecto-hall\/#primaryimage"},"image":{"@id":"https:\/\/www.electronicajnc.com\/web\/producto\/ky-024-sensor-lineal-de-efecto-hall\/#primaryimage"},"thumbnailUrl":"https:\/\/www.electronicajnc.com\/web\/wp-content\/uploads\/2023\/11\/EFECTO-HALL.jpg","datePublished":"2023-11-22T23:24:54+00:00","dateModified":"2023-11-22T23:27:46+00:00","description":"KY-024 SENSOR LINEAL DE EFECTO HALL Este m\u00f3dulo se utiliza para calcular la velocidad de un mecanismo de rotaci\u00f3n \u00f3 como un interruptor de proximidad. |","breadcrumb":{"@id":"https:\/\/www.electronicajnc.com\/web\/producto\/ky-024-sensor-lineal-de-efecto-hall\/#breadcrumb"},"inLanguage":"es","potentialAction":[{"@type":"ReadAction","target":["https:\/\/www.electronicajnc.com\/web\/producto\/ky-024-sensor-lineal-de-efecto-hall\/"]}]},{"@type":"ImageObject","inLanguage":"es","@id":"https:\/\/www.electronicajnc.com\/web\/producto\/ky-024-sensor-lineal-de-efecto-hall\/#primaryimage","url":"https:\/\/www.electronicajnc.com\/web\/wp-content\/uploads\/2023\/11\/EFECTO-HALL.jpg","contentUrl":"https:\/\/www.electronicajnc.com\/web\/wp-content\/uploads\/2023\/11\/EFECTO-HALL.jpg","width":1056,"height":1118,"caption":"M\u00f3dulo Sensor de Efecto Hall"},{"@type":"BreadcrumbList","@id":"https:\/\/www.electronicajnc.com\/web\/producto\/ky-024-sensor-lineal-de-efecto-hall\/#breadcrumb","itemListElement":[{"@type":"ListItem","position":1,"name":"Portada","item":"https:\/\/www.electronicajnc.com\/web\/"},{"@type":"ListItem","position":2,"name":"TIENDA","item":"https:\/\/www.electronicajnc.com\/web\/tienda\/"},{"@type":"ListItem","position":3,"name":"KY-024 SENSOR LINEAL DE EFECTO HALL"}]},{"@type":"WebSite","@id":"https:\/\/www.electronicajnc.com\/web\/#website","url":"https:\/\/www.electronicajnc.com\/web\/","name":"Electronica JNC","description":"Robotica Tecnologia Mecatronica en Ecuador","publisher":{"@id":"https:\/\/www.electronicajnc.com\/web\/#organization"},"potentialAction":[{"@type":"SearchAction","target":{"@type":"EntryPoint","urlTemplate":"https:\/\/www.electronicajnc.com\/web\/?s={search_term_string}"},"query-input":{"@type":"PropertyValueSpecification","valueRequired":true,"valueName":"search_term_string"}}],"inLanguage":"es"},{"@type":"Organization","@id":"https:\/\/www.electronicajnc.com\/web\/#organization","name":"Electronica JNC","url":"https:\/\/www.electronicajnc.com\/web\/","logo":{"@type":"ImageObject","inLanguage":"es","@id":"https:\/\/www.electronicajnc.com\/web\/#\/schema\/logo\/image\/","url":"https:\/\/www.electronicajnc.com\/web\/wp-content\/uploads\/2023\/06\/nuevo-logo.jpg","contentUrl":"https:\/\/www.electronicajnc.com\/web\/wp-content\/uploads\/2023\/06\/nuevo-logo.jpg","width":1256,"height":612,"caption":"Electronica JNC"},"image":{"@id":"https:\/\/www.electronicajnc.com\/web\/#\/schema\/logo\/image\/"}}]}},"_links":{"self":[{"href":"https:\/\/www.electronicajnc.com\/web\/wp-json\/wp\/v2\/product\/1240","targetHints":{"allow":["GET"]}}],"collection":[{"href":"https:\/\/www.electronicajnc.com\/web\/wp-json\/wp\/v2\/product"}],"about":[{"href":"https:\/\/www.electronicajnc.com\/web\/wp-json\/wp\/v2\/types\/product"}],"replies":[{"embeddable":true,"href":"https:\/\/www.electronicajnc.com\/web\/wp-json\/wp\/v2\/comments?post=1240"}],"wp:featuredmedia":[{"embeddable":true,"href":"https:\/\/www.electronicajnc.com\/web\/wp-json\/wp\/v2\/media\/1241"}],"wp:attachment":[{"href":"https:\/\/www.electronicajnc.com\/web\/wp-json\/wp\/v2\/media?parent=1240"}],"wp:term":[{"taxonomy":"product_brand","embeddable":true,"href":"https:\/\/www.electronicajnc.com\/web\/wp-json\/wp\/v2\/product_brand?post=1240"},{"taxonomy":"product_cat","embeddable":true,"href":"https:\/\/www.electronicajnc.com\/web\/wp-json\/wp\/v2\/product_cat?post=1240"},{"taxonomy":"product_tag","embeddable":true,"href":"https:\/\/www.electronicajnc.com\/web\/wp-json\/wp\/v2\/product_tag?post=1240"}],"curies":[{"name":"wp","href":"https:\/\/api.w.org\/{rel}","templated":true}]}}