{"id":1245,"date":"2023-11-22T23:45:39","date_gmt":"2023-11-22T23:45:39","guid":{"rendered":"https:\/\/www.electronicajnc.com\/web\/?post_type=product&#038;p=1245"},"modified":"2024-11-19T17:29:22","modified_gmt":"2024-11-19T17:29:22","slug":"camara-para-raspberry-pi-5mp-pixels","status":"publish","type":"product","link":"https:\/\/www.electronicajnc.com\/web\/producto\/camara-para-raspberry-pi-5mp-pixels\/","title":{"rendered":"C\u00e1mara para raspberry pi 5mp pixels"},"content":{"rendered":"<p class=\"product_title entry-title wd-entities-title\">C\u00e1mara para raspberry pi 5mp pixels<\/p>\n<p><img fetchpriority=\"high\" decoding=\"async\" class=\"aligncenter\" src=\"https:\/\/www.electronicajnc.com\/web\/wp-content\/uploads\/2023\/11\/camara-raspberry.4.jpg\" alt=\"C\u00e1mara para raspberry pi 5mp pixels\" width=\"625\" height=\"604\" \/><\/p>\n<p>La placa en s\u00ed es muy peque\u00f1a, alrededor de 25 mm x 20 mm x 9 mm. Tambi\u00e9n pesa poco m\u00e1s de 3g, por lo que es perfecto para m\u00f3viles u otras aplicaciones donde el tama\u00f1o y el peso son importantes. Se conecta a Raspberry Pi por medio de un cable de cinta corta.<\/p>\n<p>El propio sensor tiene una resoluci\u00f3n nativa de 5 megap\u00edxeles, y cuenta con un lente de foco fijo. En cuanto a las im\u00e1genes fijas, la c\u00e1mara es capaz de tomar im\u00e1genes est\u00e1ticas de 2592 x 1944 p\u00edxeles, y tambi\u00e9n es compatible con video de 1080p30, 720p60 y 640x480p60\/90.<\/p>\n<p>La c\u00e1mara es compatible con la \u00faltima versi\u00f3n del Raspbian, el sistema operativo preferido de Raspberry Pi.<\/p>\n<h1 class=\"product_title entry-title wd-entities-title\">C\u00e1mara para raspberry pi 5mp pixels<\/h1>\n<ul>\n<li>1,4 \u00b5m X 1,4 \u00b5m p\u00edxeles con tecnolog\u00eda OmniBSI de alto rendimiento (alta sensibilidad, baja diafon\u00eda, ruido bajo)<\/li>\n<li>tama\u00f1o \u00f3ptico de 1\/4 \u201c<\/li>\n<li>funciones de control de imagen autom\u00e1ticas:\n<ul>\n<li>Control autom\u00e1tico de exposici\u00f3n (AEC)<\/li>\n<li>Balance de blancos autom\u00e1tico (AWB)<\/li>\n<li>Filtro de banda autom\u00e1tico (ABF)<\/li>\n<li>Calibraci\u00f3n del nivel de negro autom\u00e1tico (ABLC)<\/li>\n<\/ul>\n<\/li>\n<li>controles programables para la velocidad de fotogramas, AEC \/ AGC 16 zonas \/ posici\u00f3n \/ control de peso, espejo y lado, recorte, ventanas, y el panorama<\/li>\n<li>puerto de v\u00eddeo digital (DVP) Interfaz de salida en paralelo<\/li>\n<li>32 bytes de memoria programable una sola vez incorporada (OTP)<\/li>\n<\/ul>\n<div>\n<h2><b>\u00bfD\u00f3nde<\/b><strong>\u00a0conseguir ?<\/strong><\/h2>\n<\/div>\n<p>Puedes conseguir este producto y mucho mas en nuestra tienda de electr\u00f3nica \u201cElectr\u00f3nica JNC\u201d a un excelente precio, de igual manera puedes preguntar por otros productos que tenemos para ti y as\u00ed adquirirlos seg\u00fan tu necesidad para\u00a0 tus proyectos.<\/p>\n<p>Adem\u00e1s de vender realizamos todo tipo de proyectos de Rob\u00f3tica Electr\u00f3nica y de Programaci\u00f3n en Arduino-Raspberry, brindamos asesoramiento en la elaboraci\u00f3n de proyectos y personalizamos sus clases cuando deseas armar un robot.<\/p>\n<p>Somos importadores Directos de todo en Electr\u00f3nica y Rob\u00f3tica directamente desde los fabricantes, a los mejores precios del mercado.<\/p>\n<div class=\"x11i5rnm xat24cr x1mh8g0r x1vvkbs xtlvy1s x126k92a\">\n<div dir=\"auto\">SERVICIO PERSONALIZADO, APOYO TEORICO Y VENTA DE MATERIAL<\/div>\n<\/div>\n<div class=\"x11i5rnm xat24cr x1mh8g0r x1vvkbs xtlvy1s x126k92a\">\n<div dir=\"auto\">COTIZA CON NOSOTROS<\/div>\n<div dir=\"auto\">SERVICIO, EXPERIENCIA, CALIDAD Y CONFIANZA<\/div>\n<div dir=\"auto\">\u00abTodo lo que buscas en un solo lugar\u00bb<\/div>\n<\/div>\n<div dir=\"auto\"><\/div>\n<p><img decoding=\"async\" class=\"aligncenter\" src=\"https:\/\/images.ua.prom.st\/1494267654_1494267654.jpg?PImaGE_ID=1494267654\" \/><\/p>\n<p style=\"text-align: center;\">Realizar un pedido en la web o por \u00a0<a href=\"https:\/\/api.whatsapp.com\/send?phone=593958753126\" target=\"_blank\" rel=\"noopener\">WHATSAPP<\/a>.<\/p>\n<p><img decoding=\"async\" class=\"aligncenter\" src=\"https:\/\/images.ua.prom.st\/1494267867_1494267867.jpg?PImaGE_ID=1494267867\" \/><\/p>\n<p style=\"text-align: center;\">Consulta con un asesor\u00a0 todas tus inquietudes.<\/p>\n<p><img decoding=\"async\" class=\"aligncenter\" src=\"https:\/\/images.ua.prom.st\/1494266627_1494266627.jpg?PImaGE_ID=1494266627\" \/><\/p>\n<p style=\"text-align: center;\">Pregunta las formas de pago.<\/p>\n<p><img decoding=\"async\" class=\"aligncenter\" src=\"https:\/\/images.ua.prom.st\/1494267985_1494267985.jpg?PImaGE_ID=1494267985\" \/><\/p>\n<p style=\"text-align: center;\">Tu pedido llega a la puerta de tu casa.<\/p>\n<p>&nbsp;<\/p>\n<p><strong>\u00a1\u00a1 PREG\u00daNTANOS Sin compromiso !!!!<\/strong><\/p>\n<p>Puede retirar sus pedidos en nuestra\u00a0<a href=\"https:\/\/www.electronicajnc.com\/web\/contactos\" target=\"_blank\" rel=\"noopener\">TIENDA F\u00cdSICA<\/a>\u00a0o realizar sus pedidos\u00a0<a href=\"https:\/\/www.electronicajnc.com\/web\/mi-cuenta\" target=\"_blank\" rel=\"noopener\">ONLINE<\/a>\u00a0o por\u00a0<a href=\"https:\/\/api.whatsapp.com\/send?phone=593958753126\" target=\"_blank\" rel=\"noopener\">WHATSAPP<\/a>.<\/p>\n<p>&nbsp;<\/p>\n","protected":false},"excerpt":{"rendered":"<p>Se conecta al Pi a trav\u00e9s de uno de los peque\u00f1os z\u00f3calos en la superficie superior de la placa y utiliza la interfaz CSi dedicada, dise\u00f1ada especialmente para conectarse a c\u00e1maras.<\/p>\n","protected":false},"featured_media":1246,"comment_status":"closed","ping_status":"closed","template":"","meta":{"saved_in_kubio":false,"_joinchat":[]},"product_brand":[],"product_cat":[310],"product_tag":[842,196,355,841,843,645,768,770,769,701,764,32,31],"class_list":{"0":"post-1245","1":"product","2":"type-product","3":"status-publish","4":"has-post-thumbnail","6":"product_cat-raspberry","7":"product_tag-5mp","8":"product_tag-arduino","9":"product_tag-bluetooth","10":"product_tag-camara","11":"product_tag-hd","12":"product_tag-herramientas","13":"product_tag-inalambrico","14":"product_tag-inteligencia-artificial","15":"product_tag-iot","16":"product_tag-kit-steam","17":"product_tag-placas-de-desarrollo","18":"product_tag-programacion","19":"product_tag-robotica","21":"first","22":"instock","23":"taxable","24":"shipping-taxable","25":"purchasable","26":"product-type-simple"},"yoast_head":"<!-- This site is optimized with the Yoast SEO plugin v27.4 - https:\/\/yoast.com\/product\/yoast-seo-wordpress\/ -->\n<title>C\u00e1mara para raspberry pi 5mp pixels - Electronica JNC<\/title>\n<meta name=\"description\" content=\"C\u00e1mara para raspberry pi 5mp pixels cuenta con un lente de foco fijo. En cuanto a las im\u00e1genes fijas, la c\u00e1mara es capaz de tomar im\u00e1genes est\u00e1ticas\" \/>\n<meta name=\"robots\" content=\"index, follow, max-snippet:-1, max-image-preview:large, max-video-preview:-1\" \/>\n<link rel=\"canonical\" href=\"https:\/\/www.electronicajnc.com\/web\/producto\/camara-para-raspberry-pi-5mp-pixels\/\" \/>\n<meta property=\"og:locale\" content=\"es_ES\" \/>\n<meta property=\"og:type\" content=\"article\" \/>\n<meta property=\"og:title\" content=\"C\u00e1mara para raspberry pi 5mp pixels - Electronica JNC\" \/>\n<meta property=\"og:description\" content=\"C\u00e1mara para raspberry pi 5mp pixels cuenta con un lente de foco fijo. En cuanto a las im\u00e1genes fijas, la c\u00e1mara es capaz de tomar im\u00e1genes est\u00e1ticas\" \/>\n<meta property=\"og:url\" content=\"https:\/\/www.electronicajnc.com\/web\/producto\/camara-para-raspberry-pi-5mp-pixels\/\" \/>\n<meta property=\"og:site_name\" content=\"Electronica JNC\" \/>\n<meta property=\"article:modified_time\" content=\"2024-11-19T17:29:22+00:00\" \/>\n<meta property=\"og:image\" content=\"https:\/\/www.electronicajnc.com\/web\/wp-content\/uploads\/2023\/11\/camara-raspberry.jpg\" \/>\n\t<meta property=\"og:image:width\" content=\"1085\" \/>\n\t<meta property=\"og:image:height\" content=\"1128\" \/>\n\t<meta property=\"og:image:type\" content=\"image\/jpeg\" \/>\n<meta name=\"twitter:card\" content=\"summary_large_image\" \/>\n<meta name=\"twitter:label1\" content=\"Tiempo de lectura\" \/>\n\t<meta name=\"twitter:data1\" content=\"3 minutos\" \/>\n<script type=\"application\/ld+json\" class=\"yoast-schema-graph\">{\"@context\":\"https:\\\/\\\/schema.org\",\"@graph\":[{\"@type\":\"WebPage\",\"@id\":\"https:\\\/\\\/www.electronicajnc.com\\\/web\\\/producto\\\/camara-para-raspberry-pi-5mp-pixels\\\/\",\"url\":\"https:\\\/\\\/www.electronicajnc.com\\\/web\\\/producto\\\/camara-para-raspberry-pi-5mp-pixels\\\/\",\"name\":\"C\u00e1mara para raspberry pi 5mp pixels - Electronica JNC\",\"isPartOf\":{\"@id\":\"https:\\\/\\\/www.electronicajnc.com\\\/web\\\/#website\"},\"primaryImageOfPage\":{\"@id\":\"https:\\\/\\\/www.electronicajnc.com\\\/web\\\/producto\\\/camara-para-raspberry-pi-5mp-pixels\\\/#primaryimage\"},\"image\":{\"@id\":\"https:\\\/\\\/www.electronicajnc.com\\\/web\\\/producto\\\/camara-para-raspberry-pi-5mp-pixels\\\/#primaryimage\"},\"thumbnailUrl\":\"https:\\\/\\\/www.electronicajnc.com\\\/web\\\/wp-content\\\/uploads\\\/2023\\\/11\\\/camara-raspberry.jpg\",\"datePublished\":\"2023-11-22T23:45:39+00:00\",\"dateModified\":\"2024-11-19T17:29:22+00:00\",\"description\":\"C\u00e1mara para raspberry pi 5mp pixels cuenta con un lente de foco fijo. En cuanto a las im\u00e1genes fijas, la c\u00e1mara es capaz de tomar im\u00e1genes est\u00e1ticas\",\"breadcrumb\":{\"@id\":\"https:\\\/\\\/www.electronicajnc.com\\\/web\\\/producto\\\/camara-para-raspberry-pi-5mp-pixels\\\/#breadcrumb\"},\"inLanguage\":\"es\",\"potentialAction\":[{\"@type\":\"ReadAction\",\"target\":[\"https:\\\/\\\/www.electronicajnc.com\\\/web\\\/producto\\\/camara-para-raspberry-pi-5mp-pixels\\\/\"]}]},{\"@type\":\"ImageObject\",\"inLanguage\":\"es\",\"@id\":\"https:\\\/\\\/www.electronicajnc.com\\\/web\\\/producto\\\/camara-para-raspberry-pi-5mp-pixels\\\/#primaryimage\",\"url\":\"https:\\\/\\\/www.electronicajnc.com\\\/web\\\/wp-content\\\/uploads\\\/2023\\\/11\\\/camara-raspberry.jpg\",\"contentUrl\":\"https:\\\/\\\/www.electronicajnc.com\\\/web\\\/wp-content\\\/uploads\\\/2023\\\/11\\\/camara-raspberry.jpg\",\"width\":1085,\"height\":1128,\"caption\":\"C\u00e1mara para raspberry pi 5mp pixels\"},{\"@type\":\"BreadcrumbList\",\"@id\":\"https:\\\/\\\/www.electronicajnc.com\\\/web\\\/producto\\\/camara-para-raspberry-pi-5mp-pixels\\\/#breadcrumb\",\"itemListElement\":[{\"@type\":\"ListItem\",\"position\":1,\"name\":\"Portada\",\"item\":\"https:\\\/\\\/www.electronicajnc.com\\\/web\\\/\"},{\"@type\":\"ListItem\",\"position\":2,\"name\":\"TIENDA\",\"item\":\"https:\\\/\\\/www.electronicajnc.com\\\/web\\\/tienda\\\/\"},{\"@type\":\"ListItem\",\"position\":3,\"name\":\"C\u00e1mara para raspberry pi 5mp pixels\"}]},{\"@type\":\"WebSite\",\"@id\":\"https:\\\/\\\/www.electronicajnc.com\\\/web\\\/#website\",\"url\":\"https:\\\/\\\/www.electronicajnc.com\\\/web\\\/\",\"name\":\"Electronica JNC\",\"description\":\"Robotica Tecnologia Mecatronica en Ecuador\",\"publisher\":{\"@id\":\"https:\\\/\\\/www.electronicajnc.com\\\/web\\\/#organization\"},\"potentialAction\":[{\"@type\":\"SearchAction\",\"target\":{\"@type\":\"EntryPoint\",\"urlTemplate\":\"https:\\\/\\\/www.electronicajnc.com\\\/web\\\/?s={search_term_string}\"},\"query-input\":{\"@type\":\"PropertyValueSpecification\",\"valueRequired\":true,\"valueName\":\"search_term_string\"}}],\"inLanguage\":\"es\"},{\"@type\":\"Organization\",\"@id\":\"https:\\\/\\\/www.electronicajnc.com\\\/web\\\/#organization\",\"name\":\"Electronica JNC\",\"url\":\"https:\\\/\\\/www.electronicajnc.com\\\/web\\\/\",\"logo\":{\"@type\":\"ImageObject\",\"inLanguage\":\"es\",\"@id\":\"https:\\\/\\\/www.electronicajnc.com\\\/web\\\/#\\\/schema\\\/logo\\\/image\\\/\",\"url\":\"https:\\\/\\\/www.electronicajnc.com\\\/web\\\/wp-content\\\/uploads\\\/2023\\\/06\\\/nuevo-logo.jpg\",\"contentUrl\":\"https:\\\/\\\/www.electronicajnc.com\\\/web\\\/wp-content\\\/uploads\\\/2023\\\/06\\\/nuevo-logo.jpg\",\"width\":1256,\"height\":612,\"caption\":\"Electronica JNC\"},\"image\":{\"@id\":\"https:\\\/\\\/www.electronicajnc.com\\\/web\\\/#\\\/schema\\\/logo\\\/image\\\/\"}}]}<\/script>\n<!-- \/ Yoast SEO plugin. -->","yoast_head_json":{"title":"C\u00e1mara para raspberry pi 5mp pixels - Electronica JNC","description":"C\u00e1mara para raspberry pi 5mp pixels cuenta con un lente de foco fijo. En cuanto a las im\u00e1genes fijas, la c\u00e1mara es capaz de tomar im\u00e1genes est\u00e1ticas","robots":{"index":"index","follow":"follow","max-snippet":"max-snippet:-1","max-image-preview":"max-image-preview:large","max-video-preview":"max-video-preview:-1"},"canonical":"https:\/\/www.electronicajnc.com\/web\/producto\/camara-para-raspberry-pi-5mp-pixels\/","og_locale":"es_ES","og_type":"article","og_title":"C\u00e1mara para raspberry pi 5mp pixels - Electronica JNC","og_description":"C\u00e1mara para raspberry pi 5mp pixels cuenta con un lente de foco fijo. En cuanto a las im\u00e1genes fijas, la c\u00e1mara es capaz de tomar im\u00e1genes est\u00e1ticas","og_url":"https:\/\/www.electronicajnc.com\/web\/producto\/camara-para-raspberry-pi-5mp-pixels\/","og_site_name":"Electronica JNC","article_modified_time":"2024-11-19T17:29:22+00:00","og_image":[{"width":1085,"height":1128,"url":"https:\/\/www.electronicajnc.com\/web\/wp-content\/uploads\/2023\/11\/camara-raspberry.jpg","type":"image\/jpeg"}],"twitter_card":"summary_large_image","twitter_misc":{"Tiempo de lectura":"3 minutos"},"schema":{"@context":"https:\/\/schema.org","@graph":[{"@type":"WebPage","@id":"https:\/\/www.electronicajnc.com\/web\/producto\/camara-para-raspberry-pi-5mp-pixels\/","url":"https:\/\/www.electronicajnc.com\/web\/producto\/camara-para-raspberry-pi-5mp-pixels\/","name":"C\u00e1mara para raspberry pi 5mp pixels - Electronica JNC","isPartOf":{"@id":"https:\/\/www.electronicajnc.com\/web\/#website"},"primaryImageOfPage":{"@id":"https:\/\/www.electronicajnc.com\/web\/producto\/camara-para-raspberry-pi-5mp-pixels\/#primaryimage"},"image":{"@id":"https:\/\/www.electronicajnc.com\/web\/producto\/camara-para-raspberry-pi-5mp-pixels\/#primaryimage"},"thumbnailUrl":"https:\/\/www.electronicajnc.com\/web\/wp-content\/uploads\/2023\/11\/camara-raspberry.jpg","datePublished":"2023-11-22T23:45:39+00:00","dateModified":"2024-11-19T17:29:22+00:00","description":"C\u00e1mara para raspberry pi 5mp pixels cuenta con un lente de foco fijo. En cuanto a las im\u00e1genes fijas, la c\u00e1mara es capaz de tomar im\u00e1genes est\u00e1ticas","breadcrumb":{"@id":"https:\/\/www.electronicajnc.com\/web\/producto\/camara-para-raspberry-pi-5mp-pixels\/#breadcrumb"},"inLanguage":"es","potentialAction":[{"@type":"ReadAction","target":["https:\/\/www.electronicajnc.com\/web\/producto\/camara-para-raspberry-pi-5mp-pixels\/"]}]},{"@type":"ImageObject","inLanguage":"es","@id":"https:\/\/www.electronicajnc.com\/web\/producto\/camara-para-raspberry-pi-5mp-pixels\/#primaryimage","url":"https:\/\/www.electronicajnc.com\/web\/wp-content\/uploads\/2023\/11\/camara-raspberry.jpg","contentUrl":"https:\/\/www.electronicajnc.com\/web\/wp-content\/uploads\/2023\/11\/camara-raspberry.jpg","width":1085,"height":1128,"caption":"C\u00e1mara para raspberry pi 5mp pixels"},{"@type":"BreadcrumbList","@id":"https:\/\/www.electronicajnc.com\/web\/producto\/camara-para-raspberry-pi-5mp-pixels\/#breadcrumb","itemListElement":[{"@type":"ListItem","position":1,"name":"Portada","item":"https:\/\/www.electronicajnc.com\/web\/"},{"@type":"ListItem","position":2,"name":"TIENDA","item":"https:\/\/www.electronicajnc.com\/web\/tienda\/"},{"@type":"ListItem","position":3,"name":"C\u00e1mara para raspberry pi 5mp pixels"}]},{"@type":"WebSite","@id":"https:\/\/www.electronicajnc.com\/web\/#website","url":"https:\/\/www.electronicajnc.com\/web\/","name":"Electronica JNC","description":"Robotica Tecnologia Mecatronica en Ecuador","publisher":{"@id":"https:\/\/www.electronicajnc.com\/web\/#organization"},"potentialAction":[{"@type":"SearchAction","target":{"@type":"EntryPoint","urlTemplate":"https:\/\/www.electronicajnc.com\/web\/?s={search_term_string}"},"query-input":{"@type":"PropertyValueSpecification","valueRequired":true,"valueName":"search_term_string"}}],"inLanguage":"es"},{"@type":"Organization","@id":"https:\/\/www.electronicajnc.com\/web\/#organization","name":"Electronica JNC","url":"https:\/\/www.electronicajnc.com\/web\/","logo":{"@type":"ImageObject","inLanguage":"es","@id":"https:\/\/www.electronicajnc.com\/web\/#\/schema\/logo\/image\/","url":"https:\/\/www.electronicajnc.com\/web\/wp-content\/uploads\/2023\/06\/nuevo-logo.jpg","contentUrl":"https:\/\/www.electronicajnc.com\/web\/wp-content\/uploads\/2023\/06\/nuevo-logo.jpg","width":1256,"height":612,"caption":"Electronica JNC"},"image":{"@id":"https:\/\/www.electronicajnc.com\/web\/#\/schema\/logo\/image\/"}}]}},"_links":{"self":[{"href":"https:\/\/www.electronicajnc.com\/web\/wp-json\/wp\/v2\/product\/1245","targetHints":{"allow":["GET"]}}],"collection":[{"href":"https:\/\/www.electronicajnc.com\/web\/wp-json\/wp\/v2\/product"}],"about":[{"href":"https:\/\/www.electronicajnc.com\/web\/wp-json\/wp\/v2\/types\/product"}],"replies":[{"embeddable":true,"href":"https:\/\/www.electronicajnc.com\/web\/wp-json\/wp\/v2\/comments?post=1245"}],"wp:featuredmedia":[{"embeddable":true,"href":"https:\/\/www.electronicajnc.com\/web\/wp-json\/wp\/v2\/media\/1246"}],"wp:attachment":[{"href":"https:\/\/www.electronicajnc.com\/web\/wp-json\/wp\/v2\/media?parent=1245"}],"wp:term":[{"taxonomy":"product_brand","embeddable":true,"href":"https:\/\/www.electronicajnc.com\/web\/wp-json\/wp\/v2\/product_brand?post=1245"},{"taxonomy":"product_cat","embeddable":true,"href":"https:\/\/www.electronicajnc.com\/web\/wp-json\/wp\/v2\/product_cat?post=1245"},{"taxonomy":"product_tag","embeddable":true,"href":"https:\/\/www.electronicajnc.com\/web\/wp-json\/wp\/v2\/product_tag?post=1245"}],"curies":[{"name":"wp","href":"https:\/\/api.w.org\/{rel}","templated":true}]}}