{"id":1253,"date":"2023-11-24T20:07:57","date_gmt":"2023-11-24T20:07:57","guid":{"rendered":"https:\/\/www.electronicajnc.com\/web\/?post_type=product&#038;p=1253"},"modified":"2023-11-24T20:09:09","modified_gmt":"2023-11-24T20:09:09","slug":"programador-bios-ch341-a-pro-pinza-sop8-soic","status":"publish","type":"product","link":"https:\/\/www.electronicajnc.com\/web\/producto\/programador-bios-ch341-a-pro-pinza-sop8-soic\/","title":{"rendered":"Programador Bios Ch341 A Pro+ Pinza Sop8 Soic"},"content":{"rendered":"<p class=\"ui-pdp-title\">Programador Bios Ch341 A Pro+ Pinza Sop8 Soic<\/p>\n<p><img fetchpriority=\"high\" decoding=\"async\" class=\"aligncenter\" src=\"https:\/\/www.electronicajnc.com\/web\/wp-content\/uploads\/2023\/11\/programador-bios.1.jpg\" alt=\"Programador Bios Ch341 A Pro+ Pinza Sop8 Soic Bios\" width=\"508\" height=\"496\" \/><\/p>\n<p class=\"ui-pdp-title\"><span class=\"a-list-item\">El clip SOP8 permite la programaci\u00f3n en circuito de EEPROM sin desmontar el chip, haciendo que el parpadeo del BIOS sea m\u00e1s simple y eficiente, e<\/span><span class=\"a-list-item\">l prop\u00f3sito principal del programador CH341A es hacer copias de seguridad, borrar, programar, calibrar y otras acciones en varios software, <\/span><span class=\"a-list-item\">SOIC8 SOP8 Clip de prueba para EEPROM 24CXX \/ 25CXX \/ 93CXX programaci\u00f3n en circuito<\/span><\/p>\n<p><span class=\"a-list-item\">El programador CH341A soporta la mayor\u00eda de chips EEPROM BIOS SOP8 SOP16 de la serie 24\/25 en el mercado. <\/span><\/p>\n<h1 class=\"ui-pdp-title\">Programador Bios Ch341 A Pro+ Pinza Sop8 Soic<\/h1>\n<h2><strong>Caracteristicas y especificaciones<\/strong><\/h2>\n<ul>\n<li>Adecuado para memorias 24 EEPROM y 25 SPI FLASH.<\/li>\n<li>Interfaz USB.<\/li>\n<li>Alta velocidad de lectura y escritura.<\/li>\n<li>Tama\u00f1o reducido.<\/li>\n<li>Compatible con sistemas de 32\/64 bits: Windows 10 \/ 8.1 \/ 8 \/ 7 \/ VISTA \/ XP \/ SERVER 2016\/2012\/2008\/2003 \/ 2000 \/ ME \/ 98.<\/li>\n<\/ul>\n<h4><strong>El kit b\u00e1sico incluye<\/strong><\/h4>\n<ul>\n<li>1 x Programador CH341A USB<\/li>\n<li>1 x z\u00f3calo simple para los chips SMD<\/li>\n<li>1x Pinza adaptadora para integrados SMD de 150\/200 mil, tipo SOIC8 \/ SOP8, 8pines, 1.27mm de separaci\u00f3n entre pines (con accesorios).<\/li>\n<\/ul>\n<h4><strong>El kit completo incluye<\/strong><\/h4>\n<ul>\n<li>1x Kit b\u00e1sico<\/li>\n<li>1x Adaptador de 1.8V<\/li>\n<li>1x SOP8 to DIP8 adapter (200mil)<\/li>\n<\/ul>\n<div>\n<h2><b>\u00bfD\u00f3nde<\/b><strong>\u00a0conseguir ?<\/strong><\/h2>\n<\/div>\n<p>Puedes conseguir este producto y mucho mas en nuestra tienda de electr\u00f3nica \u201cElectr\u00f3nica JNC\u201d a un excelente precio, de igual manera puedes preguntar por otros productos que tenemos para ti y as\u00ed adquirirlos seg\u00fan tu necesidad para\u00a0 tus proyectos.<\/p>\n<p>Adem\u00e1s de vender realizamos todo tipo de proyectos de Rob\u00f3tica Electr\u00f3nica y de Programaci\u00f3n en Arduino-Raspberry, brindamos asesoramiento en la elaboraci\u00f3n de proyectos y personalizamos sus clases cuando deseas armar un robot.<\/p>\n<p>Somos importadores Directos de todo en Electr\u00f3nica y Rob\u00f3tica directamente desde los fabricantes, a los mejores precios del mercado.<\/p>\n<div class=\"x11i5rnm xat24cr x1mh8g0r x1vvkbs xtlvy1s x126k92a\">\n<div dir=\"auto\">SERVICIO PERSONALIZADO, APOYO TEORICO Y VENTA DE MATERIAL<\/div>\n<\/div>\n<div class=\"x11i5rnm xat24cr x1mh8g0r x1vvkbs xtlvy1s x126k92a\">\n<div dir=\"auto\">COTIZA CON NOSOTROS<\/div>\n<div dir=\"auto\">SERVICIO, EXPERIENCIA, CALIDAD Y CONFIANZA<\/div>\n<div dir=\"auto\">\u00abTodo lo que buscas en un solo lugar\u00bb<\/div>\n<\/div>\n<div dir=\"auto\"><\/div>\n<p><img decoding=\"async\" class=\"aligncenter\" src=\"https:\/\/images.ua.prom.st\/1494267654_1494267654.jpg?PImaGE_ID=1494267654\" \/><\/p>\n<p style=\"text-align: center;\">Realizar un pedido en la web o por \u00a0<a href=\"https:\/\/api.whatsapp.com\/send?phone=593958753126\" target=\"_blank\" rel=\"noopener\">WHATSAPP<\/a>.<\/p>\n<p><img decoding=\"async\" class=\"aligncenter\" src=\"https:\/\/images.ua.prom.st\/1494267867_1494267867.jpg?PImaGE_ID=1494267867\" \/><\/p>\n<p style=\"text-align: center;\">Consulta con un asesor\u00a0 todas tus inquietudes.<\/p>\n<p><img decoding=\"async\" class=\"aligncenter\" src=\"https:\/\/images.ua.prom.st\/1494266627_1494266627.jpg?PImaGE_ID=1494266627\" \/><\/p>\n<p style=\"text-align: center;\">Pregunta las formas de pago.<\/p>\n<p><img decoding=\"async\" class=\"aligncenter\" src=\"https:\/\/images.ua.prom.st\/1494267985_1494267985.jpg?PImaGE_ID=1494267985\" \/><\/p>\n<p style=\"text-align: center;\">Tu pedido llega a la puerta de tu casa.<\/p>\n<p>&nbsp;<\/p>\n<p><strong>\u00a1\u00a1 PREG\u00daNTANOS Sin compromiso !!!!<\/strong><\/p>\n<p>Puede retirar sus pedidos en nuestra\u00a0<a href=\"https:\/\/www.electronicajnc.com\/web\/contactos\" target=\"_blank\" rel=\"noopener\">TIENDA F\u00cdSICA<\/a>\u00a0o realizar sus pedidos\u00a0<a href=\"https:\/\/www.electronicajnc.com\/web\/mi-cuenta\" target=\"_blank\" rel=\"noopener\">ONLINE<\/a>\u00a0o por\u00a0<a href=\"https:\/\/api.whatsapp.com\/send?phone=593958753126\" target=\"_blank\" rel=\"noopener\">WHATSAPP<\/a>.<\/p>\n<p>&nbsp;<\/p>\n","protected":false},"excerpt":{"rendered":"<p>Para todo tipo de memoria de TV a color (serie 24 IC), LCD (serie 24.25 IC), placa base de escritorio (serie 25 IC), cuaderno (serie 25 IC), router (serie 25 IC), tarjeta (serie 25 IC), DVD (serie 25 IC), cajas de decodificador (serie 25 IC), software para desbloquear, copiar, borrar, quemar, comprobar.<\/p>\n","protected":false},"featured_media":1254,"comment_status":"closed","ping_status":"closed","template":"","meta":{"saved_in_kubio":false,"_joinchat":[]},"product_brand":[],"product_cat":[21],"product_tag":[851,844,853,854,848,849,856,857,847,366,852,150,850,845,846,858,855,859,520],"class_list":{"0":"post-1253","1":"product","2":"type-product","3":"status-publish","4":"has-post-thumbnail","6":"product_cat-modulos_sensores","7":"product_tag-adpter","8":"product_tag-aitrip","9":"product_tag-bios","10":"product_tag-ch341a","11":"product_tag-chip","12":"product_tag-clips","13":"product_tag-eeprom","14":"product_tag-escritor","15":"product_tag-flash","16":"product_tag-ic","17":"product_tag-programador","18":"product_tag-prueba","19":"product_tag-socket","20":"product_tag-soic8","21":"product_tag-sop8","22":"product_tag-spi","23":"product_tag-stc","24":"product_tag-ttl","25":"product_tag-usb","27":"first","28":"instock","29":"taxable","30":"shipping-taxable","31":"purchasable","32":"product-type-simple"},"yoast_head":"<!-- This site is optimized with the Yoast SEO plugin v27.5 - https:\/\/yoast.com\/product\/yoast-seo-wordpress\/ -->\n<title>Programador Bios Ch341 A Pro+ Pinza Sop8 Soic - Electronica JNC<\/title>\n<meta name=\"description\" content=\"Programador Bios Ch341 A Pro+ Pinza Sop8 Soic Borrar la velocidad de programaci\u00f3n es probablemente de 2 a 3 Mbit de comprobaci\u00f3n cada minuto\" \/>\n<meta name=\"robots\" content=\"index, follow, max-snippet:-1, max-image-preview:large, max-video-preview:-1\" \/>\n<link rel=\"canonical\" href=\"https:\/\/www.electronicajnc.com\/web\/producto\/programador-bios-ch341-a-pro-pinza-sop8-soic\/\" \/>\n<meta property=\"og:locale\" content=\"es_ES\" \/>\n<meta property=\"og:type\" content=\"article\" \/>\n<meta property=\"og:title\" content=\"Programador Bios Ch341 A Pro+ Pinza Sop8 Soic - Electronica JNC\" \/>\n<meta property=\"og:description\" content=\"Programador Bios Ch341 A Pro+ Pinza Sop8 Soic Borrar la velocidad de programaci\u00f3n es probablemente de 2 a 3 Mbit de comprobaci\u00f3n cada minuto\" \/>\n<meta property=\"og:url\" content=\"https:\/\/www.electronicajnc.com\/web\/producto\/programador-bios-ch341-a-pro-pinza-sop8-soic\/\" \/>\n<meta property=\"og:site_name\" content=\"Electronica JNC\" \/>\n<meta property=\"article:modified_time\" content=\"2023-11-24T20:09:09+00:00\" \/>\n<meta property=\"og:image\" content=\"https:\/\/www.electronicajnc.com\/web\/wp-content\/uploads\/2023\/11\/programador-bios.jpg\" \/>\n\t<meta property=\"og:image:width\" content=\"1028\" \/>\n\t<meta property=\"og:image:height\" content=\"1060\" \/>\n\t<meta property=\"og:image:type\" content=\"image\/jpeg\" \/>\n<meta name=\"twitter:card\" content=\"summary_large_image\" \/>\n<meta name=\"twitter:label1\" content=\"Tiempo de lectura\" \/>\n\t<meta name=\"twitter:data1\" content=\"3 minutos\" \/>\n<script type=\"application\/ld+json\" class=\"yoast-schema-graph\">{\"@context\":\"https:\\\/\\\/schema.org\",\"@graph\":[{\"@type\":\"WebPage\",\"@id\":\"https:\\\/\\\/www.electronicajnc.com\\\/web\\\/producto\\\/programador-bios-ch341-a-pro-pinza-sop8-soic\\\/\",\"url\":\"https:\\\/\\\/www.electronicajnc.com\\\/web\\\/producto\\\/programador-bios-ch341-a-pro-pinza-sop8-soic\\\/\",\"name\":\"Programador Bios Ch341 A Pro+ Pinza Sop8 Soic - Electronica JNC\",\"isPartOf\":{\"@id\":\"https:\\\/\\\/www.electronicajnc.com\\\/web\\\/#website\"},\"primaryImageOfPage\":{\"@id\":\"https:\\\/\\\/www.electronicajnc.com\\\/web\\\/producto\\\/programador-bios-ch341-a-pro-pinza-sop8-soic\\\/#primaryimage\"},\"image\":{\"@id\":\"https:\\\/\\\/www.electronicajnc.com\\\/web\\\/producto\\\/programador-bios-ch341-a-pro-pinza-sop8-soic\\\/#primaryimage\"},\"thumbnailUrl\":\"https:\\\/\\\/www.electronicajnc.com\\\/web\\\/wp-content\\\/uploads\\\/2023\\\/11\\\/programador-bios.jpg\",\"datePublished\":\"2023-11-24T20:07:57+00:00\",\"dateModified\":\"2023-11-24T20:09:09+00:00\",\"description\":\"Programador Bios Ch341 A Pro+ Pinza Sop8 Soic Borrar la velocidad de programaci\u00f3n es probablemente de 2 a 3 Mbit de comprobaci\u00f3n cada minuto\",\"breadcrumb\":{\"@id\":\"https:\\\/\\\/www.electronicajnc.com\\\/web\\\/producto\\\/programador-bios-ch341-a-pro-pinza-sop8-soic\\\/#breadcrumb\"},\"inLanguage\":\"es\",\"potentialAction\":[{\"@type\":\"ReadAction\",\"target\":[\"https:\\\/\\\/www.electronicajnc.com\\\/web\\\/producto\\\/programador-bios-ch341-a-pro-pinza-sop8-soic\\\/\"]}]},{\"@type\":\"ImageObject\",\"inLanguage\":\"es\",\"@id\":\"https:\\\/\\\/www.electronicajnc.com\\\/web\\\/producto\\\/programador-bios-ch341-a-pro-pinza-sop8-soic\\\/#primaryimage\",\"url\":\"https:\\\/\\\/www.electronicajnc.com\\\/web\\\/wp-content\\\/uploads\\\/2023\\\/11\\\/programador-bios.jpg\",\"contentUrl\":\"https:\\\/\\\/www.electronicajnc.com\\\/web\\\/wp-content\\\/uploads\\\/2023\\\/11\\\/programador-bios.jpg\",\"width\":1028,\"height\":1060,\"caption\":\"Programador Bios Ch341 A Pro+ Pinza Sop8 Soic Bios\"},{\"@type\":\"BreadcrumbList\",\"@id\":\"https:\\\/\\\/www.electronicajnc.com\\\/web\\\/producto\\\/programador-bios-ch341-a-pro-pinza-sop8-soic\\\/#breadcrumb\",\"itemListElement\":[{\"@type\":\"ListItem\",\"position\":1,\"name\":\"Portada\",\"item\":\"https:\\\/\\\/www.electronicajnc.com\\\/web\\\/\"},{\"@type\":\"ListItem\",\"position\":2,\"name\":\"TIENDA\",\"item\":\"https:\\\/\\\/www.electronicajnc.com\\\/web\\\/tienda\\\/\"},{\"@type\":\"ListItem\",\"position\":3,\"name\":\"Programador Bios Ch341 A Pro+ Pinza Sop8 Soic\"}]},{\"@type\":\"WebSite\",\"@id\":\"https:\\\/\\\/www.electronicajnc.com\\\/web\\\/#website\",\"url\":\"https:\\\/\\\/www.electronicajnc.com\\\/web\\\/\",\"name\":\"Electronica JNC\",\"description\":\"Robotica Tecnologia Mecatronica en Ecuador\",\"publisher\":{\"@id\":\"https:\\\/\\\/www.electronicajnc.com\\\/web\\\/#organization\"},\"potentialAction\":[{\"@type\":\"SearchAction\",\"target\":{\"@type\":\"EntryPoint\",\"urlTemplate\":\"https:\\\/\\\/www.electronicajnc.com\\\/web\\\/?s={search_term_string}\"},\"query-input\":{\"@type\":\"PropertyValueSpecification\",\"valueRequired\":true,\"valueName\":\"search_term_string\"}}],\"inLanguage\":\"es\"},{\"@type\":\"Organization\",\"@id\":\"https:\\\/\\\/www.electronicajnc.com\\\/web\\\/#organization\",\"name\":\"Electronica JNC\",\"url\":\"https:\\\/\\\/www.electronicajnc.com\\\/web\\\/\",\"logo\":{\"@type\":\"ImageObject\",\"inLanguage\":\"es\",\"@id\":\"https:\\\/\\\/www.electronicajnc.com\\\/web\\\/#\\\/schema\\\/logo\\\/image\\\/\",\"url\":\"https:\\\/\\\/www.electronicajnc.com\\\/web\\\/wp-content\\\/uploads\\\/2023\\\/06\\\/nuevo-logo.jpg\",\"contentUrl\":\"https:\\\/\\\/www.electronicajnc.com\\\/web\\\/wp-content\\\/uploads\\\/2023\\\/06\\\/nuevo-logo.jpg\",\"width\":1256,\"height\":612,\"caption\":\"Electronica JNC\"},\"image\":{\"@id\":\"https:\\\/\\\/www.electronicajnc.com\\\/web\\\/#\\\/schema\\\/logo\\\/image\\\/\"}}]}<\/script>\n<!-- \/ Yoast SEO plugin. -->","yoast_head_json":{"title":"Programador Bios Ch341 A Pro+ Pinza Sop8 Soic - Electronica JNC","description":"Programador Bios Ch341 A Pro+ Pinza Sop8 Soic Borrar la velocidad de programaci\u00f3n es probablemente de 2 a 3 Mbit de comprobaci\u00f3n cada minuto","robots":{"index":"index","follow":"follow","max-snippet":"max-snippet:-1","max-image-preview":"max-image-preview:large","max-video-preview":"max-video-preview:-1"},"canonical":"https:\/\/www.electronicajnc.com\/web\/producto\/programador-bios-ch341-a-pro-pinza-sop8-soic\/","og_locale":"es_ES","og_type":"article","og_title":"Programador Bios Ch341 A Pro+ Pinza Sop8 Soic - Electronica JNC","og_description":"Programador Bios Ch341 A Pro+ Pinza Sop8 Soic Borrar la velocidad de programaci\u00f3n es probablemente de 2 a 3 Mbit de comprobaci\u00f3n cada minuto","og_url":"https:\/\/www.electronicajnc.com\/web\/producto\/programador-bios-ch341-a-pro-pinza-sop8-soic\/","og_site_name":"Electronica JNC","article_modified_time":"2023-11-24T20:09:09+00:00","og_image":[{"width":1028,"height":1060,"url":"https:\/\/www.electronicajnc.com\/web\/wp-content\/uploads\/2023\/11\/programador-bios.jpg","type":"image\/jpeg"}],"twitter_card":"summary_large_image","twitter_misc":{"Tiempo de lectura":"3 minutos"},"schema":{"@context":"https:\/\/schema.org","@graph":[{"@type":"WebPage","@id":"https:\/\/www.electronicajnc.com\/web\/producto\/programador-bios-ch341-a-pro-pinza-sop8-soic\/","url":"https:\/\/www.electronicajnc.com\/web\/producto\/programador-bios-ch341-a-pro-pinza-sop8-soic\/","name":"Programador Bios Ch341 A Pro+ Pinza Sop8 Soic - Electronica JNC","isPartOf":{"@id":"https:\/\/www.electronicajnc.com\/web\/#website"},"primaryImageOfPage":{"@id":"https:\/\/www.electronicajnc.com\/web\/producto\/programador-bios-ch341-a-pro-pinza-sop8-soic\/#primaryimage"},"image":{"@id":"https:\/\/www.electronicajnc.com\/web\/producto\/programador-bios-ch341-a-pro-pinza-sop8-soic\/#primaryimage"},"thumbnailUrl":"https:\/\/www.electronicajnc.com\/web\/wp-content\/uploads\/2023\/11\/programador-bios.jpg","datePublished":"2023-11-24T20:07:57+00:00","dateModified":"2023-11-24T20:09:09+00:00","description":"Programador Bios Ch341 A Pro+ Pinza Sop8 Soic Borrar la velocidad de programaci\u00f3n es probablemente de 2 a 3 Mbit de comprobaci\u00f3n cada minuto","breadcrumb":{"@id":"https:\/\/www.electronicajnc.com\/web\/producto\/programador-bios-ch341-a-pro-pinza-sop8-soic\/#breadcrumb"},"inLanguage":"es","potentialAction":[{"@type":"ReadAction","target":["https:\/\/www.electronicajnc.com\/web\/producto\/programador-bios-ch341-a-pro-pinza-sop8-soic\/"]}]},{"@type":"ImageObject","inLanguage":"es","@id":"https:\/\/www.electronicajnc.com\/web\/producto\/programador-bios-ch341-a-pro-pinza-sop8-soic\/#primaryimage","url":"https:\/\/www.electronicajnc.com\/web\/wp-content\/uploads\/2023\/11\/programador-bios.jpg","contentUrl":"https:\/\/www.electronicajnc.com\/web\/wp-content\/uploads\/2023\/11\/programador-bios.jpg","width":1028,"height":1060,"caption":"Programador Bios Ch341 A Pro+ Pinza Sop8 Soic Bios"},{"@type":"BreadcrumbList","@id":"https:\/\/www.electronicajnc.com\/web\/producto\/programador-bios-ch341-a-pro-pinza-sop8-soic\/#breadcrumb","itemListElement":[{"@type":"ListItem","position":1,"name":"Portada","item":"https:\/\/www.electronicajnc.com\/web\/"},{"@type":"ListItem","position":2,"name":"TIENDA","item":"https:\/\/www.electronicajnc.com\/web\/tienda\/"},{"@type":"ListItem","position":3,"name":"Programador Bios Ch341 A Pro+ Pinza Sop8 Soic"}]},{"@type":"WebSite","@id":"https:\/\/www.electronicajnc.com\/web\/#website","url":"https:\/\/www.electronicajnc.com\/web\/","name":"Electronica JNC","description":"Robotica Tecnologia Mecatronica en Ecuador","publisher":{"@id":"https:\/\/www.electronicajnc.com\/web\/#organization"},"potentialAction":[{"@type":"SearchAction","target":{"@type":"EntryPoint","urlTemplate":"https:\/\/www.electronicajnc.com\/web\/?s={search_term_string}"},"query-input":{"@type":"PropertyValueSpecification","valueRequired":true,"valueName":"search_term_string"}}],"inLanguage":"es"},{"@type":"Organization","@id":"https:\/\/www.electronicajnc.com\/web\/#organization","name":"Electronica JNC","url":"https:\/\/www.electronicajnc.com\/web\/","logo":{"@type":"ImageObject","inLanguage":"es","@id":"https:\/\/www.electronicajnc.com\/web\/#\/schema\/logo\/image\/","url":"https:\/\/www.electronicajnc.com\/web\/wp-content\/uploads\/2023\/06\/nuevo-logo.jpg","contentUrl":"https:\/\/www.electronicajnc.com\/web\/wp-content\/uploads\/2023\/06\/nuevo-logo.jpg","width":1256,"height":612,"caption":"Electronica JNC"},"image":{"@id":"https:\/\/www.electronicajnc.com\/web\/#\/schema\/logo\/image\/"}}]}},"_links":{"self":[{"href":"https:\/\/www.electronicajnc.com\/web\/wp-json\/wp\/v2\/product\/1253","targetHints":{"allow":["GET"]}}],"collection":[{"href":"https:\/\/www.electronicajnc.com\/web\/wp-json\/wp\/v2\/product"}],"about":[{"href":"https:\/\/www.electronicajnc.com\/web\/wp-json\/wp\/v2\/types\/product"}],"replies":[{"embeddable":true,"href":"https:\/\/www.electronicajnc.com\/web\/wp-json\/wp\/v2\/comments?post=1253"}],"wp:featuredmedia":[{"embeddable":true,"href":"https:\/\/www.electronicajnc.com\/web\/wp-json\/wp\/v2\/media\/1254"}],"wp:attachment":[{"href":"https:\/\/www.electronicajnc.com\/web\/wp-json\/wp\/v2\/media?parent=1253"}],"wp:term":[{"taxonomy":"product_brand","embeddable":true,"href":"https:\/\/www.electronicajnc.com\/web\/wp-json\/wp\/v2\/product_brand?post=1253"},{"taxonomy":"product_cat","embeddable":true,"href":"https:\/\/www.electronicajnc.com\/web\/wp-json\/wp\/v2\/product_cat?post=1253"},{"taxonomy":"product_tag","embeddable":true,"href":"https:\/\/www.electronicajnc.com\/web\/wp-json\/wp\/v2\/product_tag?post=1253"}],"curies":[{"name":"wp","href":"https:\/\/api.w.org\/{rel}","templated":true}]}}