{"id":1257,"date":"2023-11-24T20:45:54","date_gmt":"2023-11-24T20:45:54","guid":{"rendered":"https:\/\/www.electronicajnc.com\/web\/?post_type=product&#038;p=1257"},"modified":"2023-11-24T21:01:01","modified_gmt":"2023-11-24T21:01:01","slug":"termometro-higrometro-digital-lcd-con-sonda","status":"publish","type":"product","link":"https:\/\/www.electronicajnc.com\/web\/producto\/termometro-higrometro-digital-lcd-con-sonda\/","title":{"rendered":"Term\u00f3metro Higr\u00f3metro Digital Lcd Con Sonda"},"content":{"rendered":"<p class=\"ui-pdp-title\">Term\u00f3metro Higr\u00f3metro Digital Lcd Con Sonda<\/p>\n<p><img fetchpriority=\"high\" decoding=\"async\" class=\"aligncenter\" src=\"https:\/\/www.electronicajnc.com\/web\/wp-content\/uploads\/2023\/11\/hidrometro.1.jpg\" alt=\"Term\u00f3metro Higr\u00f3metro Digital Lcd Con Sonda Termohigrometro\" width=\"873\" height=\"433\" \/><\/p>\n<p>El mini term\u00f3metro digital de humedad le permite conocer f\u00e1cilmente y r\u00e1pidamente la temperatura ambiente y la humedad que le rodea en cualquier lugar.<br \/>\nPerfecto para usar en la oficina, dormitorio, sala de estar, incubadoras, criaderas, puros en cualquier otro lugar que requiera monitoreo de los niveles de temperatura y humedad.<\/p>\n<p>Term\u00f3metro digital con pantalla LCD.<\/p>\n<p>Cuenta con una sonda para medir la temperatura.<\/p>\n<p>El term\u00f3metro es port\u00e1til e incluye bater\u00edas.<\/p>\n<h1 class=\"ui-pdp-title\">Term\u00f3metro Higr\u00f3metro Digital Lcd Con Sonda<\/h1>\n<p>Especificaciones:<\/p>\n<p>Rango de temperatura: -58\u00b0F ~ + 158\u00b0F<\/p>\n<p>Precisi\u00f3n de temperatura: \u00b10.1\u00b0F<\/p>\n<p>Resoluci\u00f3n de la pantalla de temperatura: 0.1\u2109<\/p>\n<p>Rango de humedad de medici\u00f3n: 10% RH ~ 95% RH<\/p>\n<p>Precisi\u00f3n de humedad: 1%<\/p>\n<p>Resoluci\u00f3n de la pantalla de la humedad: 1% RH<\/p>\n<p>Per\u00edodo de muestreo de humedad: 10 segundos<\/p>\n<p>Dimensiones de la unidad: 1.890 x 1.102 x 0.591 in.<\/p>\n<p>Pantalla: pantalla LCD<\/p>\n<p>Dimensiones de la pantalla LCD: 1.417 x 0.669 in.<\/p>\n<p>Color: negro.<\/p>\n<p>Material: ABS.<\/p>\n<p>Peso: 0.7 oz<\/p>\n<p>Peso del paquete: 0.9 oz<\/p>\n<div>\n<h2><b>\u00bfD\u00f3nde<\/b><strong>\u00a0conseguir ?<\/strong><\/h2>\n<\/div>\n<p>Puedes conseguir este producto y mucho mas en nuestra tienda de electr\u00f3nica \u201cElectr\u00f3nica JNC\u201d a un excelente precio, de igual manera puedes preguntar por otros productos que tenemos para ti y as\u00ed adquirirlos seg\u00fan tu necesidad para\u00a0 tus proyectos.<\/p>\n<p>Adem\u00e1s de vender realizamos todo tipo de proyectos de Rob\u00f3tica Electr\u00f3nica y de Programaci\u00f3n en Arduino-Raspberry, brindamos asesoramiento en la elaboraci\u00f3n de proyectos y personalizamos sus clases cuando deseas armar un robot.<\/p>\n<p>Somos importadores Directos de todo en Electr\u00f3nica y Rob\u00f3tica directamente desde los fabricantes, a los mejores precios del mercado.<\/p>\n<div class=\"x11i5rnm xat24cr x1mh8g0r x1vvkbs xtlvy1s x126k92a\">\n<div dir=\"auto\">SERVICIO PERSONALIZADO, APOYO TEORICO Y VENTA DE MATERIAL<\/div>\n<\/div>\n<div class=\"x11i5rnm xat24cr x1mh8g0r x1vvkbs xtlvy1s x126k92a\">\n<div dir=\"auto\">COTIZA CON NOSOTROS<\/div>\n<div dir=\"auto\">SERVICIO, EXPERIENCIA, CALIDAD Y CONFIANZA<\/div>\n<div dir=\"auto\">\u00abTodo lo que buscas en un solo lugar\u00bb<\/div>\n<\/div>\n<div dir=\"auto\"><\/div>\n<p><img decoding=\"async\" class=\"aligncenter\" src=\"https:\/\/images.ua.prom.st\/1494267654_1494267654.jpg?PImaGE_ID=1494267654\" \/><\/p>\n<p style=\"text-align: center;\">Realizar un pedido en la web o por \u00a0<a href=\"https:\/\/api.whatsapp.com\/send?phone=593958753126\" target=\"_blank\" rel=\"noopener\">WHATSAPP<\/a>.<\/p>\n<p><img decoding=\"async\" class=\"aligncenter\" src=\"https:\/\/images.ua.prom.st\/1494267867_1494267867.jpg?PImaGE_ID=1494267867\" \/><\/p>\n<p style=\"text-align: center;\">Consulta con un asesor\u00a0 todas tus inquietudes.<\/p>\n<p><img decoding=\"async\" class=\"aligncenter\" src=\"https:\/\/images.ua.prom.st\/1494266627_1494266627.jpg?PImaGE_ID=1494266627\" \/><\/p>\n<p style=\"text-align: center;\">Pregunta las formas de pago.<\/p>\n<p><img decoding=\"async\" class=\"aligncenter\" src=\"https:\/\/images.ua.prom.st\/1494267985_1494267985.jpg?PImaGE_ID=1494267985\" \/><\/p>\n<p style=\"text-align: center;\">Tu pedido llega a la puerta de tu casa.<\/p>\n<p>&nbsp;<\/p>\n<p><strong>\u00a1\u00a1 PREG\u00daNTANOS Sin compromiso !!!!<\/strong><\/p>\n<p>Puede retirar sus pedidos en nuestra\u00a0<a href=\"https:\/\/www.electronicajnc.com\/web\/contactos\" target=\"_blank\" rel=\"noopener\">TIENDA F\u00cdSICA<\/a>\u00a0o realizar sus pedidos\u00a0<a href=\"https:\/\/www.electronicajnc.com\/web\/mi-cuenta\" target=\"_blank\" rel=\"noopener\">ONLINE<\/a>\u00a0o por\u00a0<a href=\"https:\/\/api.whatsapp.com\/send?phone=593958753126\" target=\"_blank\" rel=\"noopener\">WHATSAPP<\/a>.<\/p>\n","protected":false},"excerpt":{"rendered":"<p>Con el Termohigrometro digital compacto de TPM-30 Pro Instruments verifique la temperatura y la humedad de un vistazo. Muy simple de utilizar e instalar, ideal para oficinas, hogares, depositos, invernaderos, incubadoras de huevos, c\u00e1maras frigorificas.<\/p>\n","protected":false},"featured_media":1259,"comment_status":"closed","ping_status":"closed","template":"","meta":{"saved_in_kubio":false,"_joinchat":[]},"product_brand":[],"product_cat":[21],"product_tag":[],"class_list":{"0":"post-1257","1":"product","2":"type-product","3":"status-publish","4":"has-post-thumbnail","6":"product_cat-modulos_sensores","8":"first","9":"instock","10":"taxable","11":"shipping-taxable","12":"purchasable","13":"product-type-simple"},"yoast_head":"<!-- This site is optimized with the Yoast SEO plugin v27.4 - https:\/\/yoast.com\/product\/yoast-seo-wordpress\/ -->\n<title>Term\u00f3metro Higr\u00f3metro Digital Lcd Con Sonda - Electronica JNC<\/title>\n<meta name=\"description\" content=\"Term\u00f3metro Higr\u00f3metro Digital Lcd Con Sonda es perfecto para usar, en algo que requiera monitoreo de los niveles de temperatura y humedad.\" \/>\n<meta name=\"robots\" content=\"index, follow, max-snippet:-1, max-image-preview:large, max-video-preview:-1\" \/>\n<link rel=\"canonical\" href=\"https:\/\/www.electronicajnc.com\/web\/producto\/termometro-higrometro-digital-lcd-con-sonda\/\" \/>\n<meta property=\"og:locale\" content=\"es_ES\" \/>\n<meta property=\"og:type\" content=\"article\" \/>\n<meta property=\"og:title\" content=\"Term\u00f3metro Higr\u00f3metro Digital Lcd Con Sonda - Electronica JNC\" \/>\n<meta property=\"og:description\" content=\"Term\u00f3metro Higr\u00f3metro Digital Lcd Con Sonda es perfecto para usar, en algo que requiera monitoreo de los niveles de temperatura y humedad.\" \/>\n<meta property=\"og:url\" content=\"https:\/\/www.electronicajnc.com\/web\/producto\/termometro-higrometro-digital-lcd-con-sonda\/\" \/>\n<meta property=\"og:site_name\" content=\"Electronica JNC\" \/>\n<meta property=\"article:modified_time\" content=\"2023-11-24T21:01:01+00:00\" \/>\n<meta property=\"og:image\" content=\"https:\/\/www.electronicajnc.com\/web\/wp-content\/uploads\/2023\/11\/hidrometro-1.1.jpg\" \/>\n\t<meta property=\"og:image:width\" content=\"1028\" \/>\n\t<meta property=\"og:image:height\" content=\"1124\" \/>\n\t<meta property=\"og:image:type\" content=\"image\/jpeg\" \/>\n<meta name=\"twitter:card\" content=\"summary_large_image\" \/>\n<meta name=\"twitter:label1\" content=\"Tiempo de lectura\" \/>\n\t<meta name=\"twitter:data1\" content=\"3 minutos\" \/>\n<script type=\"application\/ld+json\" class=\"yoast-schema-graph\">{\"@context\":\"https:\\\/\\\/schema.org\",\"@graph\":[{\"@type\":\"WebPage\",\"@id\":\"https:\\\/\\\/www.electronicajnc.com\\\/web\\\/producto\\\/termometro-higrometro-digital-lcd-con-sonda\\\/\",\"url\":\"https:\\\/\\\/www.electronicajnc.com\\\/web\\\/producto\\\/termometro-higrometro-digital-lcd-con-sonda\\\/\",\"name\":\"Term\u00f3metro Higr\u00f3metro Digital Lcd Con Sonda - Electronica JNC\",\"isPartOf\":{\"@id\":\"https:\\\/\\\/www.electronicajnc.com\\\/web\\\/#website\"},\"primaryImageOfPage\":{\"@id\":\"https:\\\/\\\/www.electronicajnc.com\\\/web\\\/producto\\\/termometro-higrometro-digital-lcd-con-sonda\\\/#primaryimage\"},\"image\":{\"@id\":\"https:\\\/\\\/www.electronicajnc.com\\\/web\\\/producto\\\/termometro-higrometro-digital-lcd-con-sonda\\\/#primaryimage\"},\"thumbnailUrl\":\"https:\\\/\\\/www.electronicajnc.com\\\/web\\\/wp-content\\\/uploads\\\/2023\\\/11\\\/hidrometro-1.1.jpg\",\"datePublished\":\"2023-11-24T20:45:54+00:00\",\"dateModified\":\"2023-11-24T21:01:01+00:00\",\"description\":\"Term\u00f3metro Higr\u00f3metro Digital Lcd Con Sonda es perfecto para usar, en algo que requiera monitoreo de los niveles de temperatura y humedad.\",\"breadcrumb\":{\"@id\":\"https:\\\/\\\/www.electronicajnc.com\\\/web\\\/producto\\\/termometro-higrometro-digital-lcd-con-sonda\\\/#breadcrumb\"},\"inLanguage\":\"es\",\"potentialAction\":[{\"@type\":\"ReadAction\",\"target\":[\"https:\\\/\\\/www.electronicajnc.com\\\/web\\\/producto\\\/termometro-higrometro-digital-lcd-con-sonda\\\/\"]}]},{\"@type\":\"ImageObject\",\"inLanguage\":\"es\",\"@id\":\"https:\\\/\\\/www.electronicajnc.com\\\/web\\\/producto\\\/termometro-higrometro-digital-lcd-con-sonda\\\/#primaryimage\",\"url\":\"https:\\\/\\\/www.electronicajnc.com\\\/web\\\/wp-content\\\/uploads\\\/2023\\\/11\\\/hidrometro-1.1.jpg\",\"contentUrl\":\"https:\\\/\\\/www.electronicajnc.com\\\/web\\\/wp-content\\\/uploads\\\/2023\\\/11\\\/hidrometro-1.1.jpg\",\"width\":1028,\"height\":1124,\"caption\":\"Term\u00f3metro Higr\u00f3metro Digital Lcd Con Sonda Termohigrometro\"},{\"@type\":\"BreadcrumbList\",\"@id\":\"https:\\\/\\\/www.electronicajnc.com\\\/web\\\/producto\\\/termometro-higrometro-digital-lcd-con-sonda\\\/#breadcrumb\",\"itemListElement\":[{\"@type\":\"ListItem\",\"position\":1,\"name\":\"Portada\",\"item\":\"https:\\\/\\\/www.electronicajnc.com\\\/web\\\/\"},{\"@type\":\"ListItem\",\"position\":2,\"name\":\"TIENDA\",\"item\":\"https:\\\/\\\/www.electronicajnc.com\\\/web\\\/tienda\\\/\"},{\"@type\":\"ListItem\",\"position\":3,\"name\":\"Term\u00f3metro Higr\u00f3metro Digital Lcd Con Sonda\"}]},{\"@type\":\"WebSite\",\"@id\":\"https:\\\/\\\/www.electronicajnc.com\\\/web\\\/#website\",\"url\":\"https:\\\/\\\/www.electronicajnc.com\\\/web\\\/\",\"name\":\"Electronica JNC\",\"description\":\"Robotica Tecnologia Mecatronica en Ecuador\",\"publisher\":{\"@id\":\"https:\\\/\\\/www.electronicajnc.com\\\/web\\\/#organization\"},\"potentialAction\":[{\"@type\":\"SearchAction\",\"target\":{\"@type\":\"EntryPoint\",\"urlTemplate\":\"https:\\\/\\\/www.electronicajnc.com\\\/web\\\/?s={search_term_string}\"},\"query-input\":{\"@type\":\"PropertyValueSpecification\",\"valueRequired\":true,\"valueName\":\"search_term_string\"}}],\"inLanguage\":\"es\"},{\"@type\":\"Organization\",\"@id\":\"https:\\\/\\\/www.electronicajnc.com\\\/web\\\/#organization\",\"name\":\"Electronica JNC\",\"url\":\"https:\\\/\\\/www.electronicajnc.com\\\/web\\\/\",\"logo\":{\"@type\":\"ImageObject\",\"inLanguage\":\"es\",\"@id\":\"https:\\\/\\\/www.electronicajnc.com\\\/web\\\/#\\\/schema\\\/logo\\\/image\\\/\",\"url\":\"https:\\\/\\\/www.electronicajnc.com\\\/web\\\/wp-content\\\/uploads\\\/2023\\\/06\\\/nuevo-logo.jpg\",\"contentUrl\":\"https:\\\/\\\/www.electronicajnc.com\\\/web\\\/wp-content\\\/uploads\\\/2023\\\/06\\\/nuevo-logo.jpg\",\"width\":1256,\"height\":612,\"caption\":\"Electronica JNC\"},\"image\":{\"@id\":\"https:\\\/\\\/www.electronicajnc.com\\\/web\\\/#\\\/schema\\\/logo\\\/image\\\/\"}}]}<\/script>\n<!-- \/ Yoast SEO plugin. -->","yoast_head_json":{"title":"Term\u00f3metro Higr\u00f3metro Digital Lcd Con Sonda - Electronica JNC","description":"Term\u00f3metro Higr\u00f3metro Digital Lcd Con Sonda es perfecto para usar, en algo que requiera monitoreo de los niveles de temperatura y humedad.","robots":{"index":"index","follow":"follow","max-snippet":"max-snippet:-1","max-image-preview":"max-image-preview:large","max-video-preview":"max-video-preview:-1"},"canonical":"https:\/\/www.electronicajnc.com\/web\/producto\/termometro-higrometro-digital-lcd-con-sonda\/","og_locale":"es_ES","og_type":"article","og_title":"Term\u00f3metro Higr\u00f3metro Digital Lcd Con Sonda - Electronica JNC","og_description":"Term\u00f3metro Higr\u00f3metro Digital Lcd Con Sonda es perfecto para usar, en algo que requiera monitoreo de los niveles de temperatura y humedad.","og_url":"https:\/\/www.electronicajnc.com\/web\/producto\/termometro-higrometro-digital-lcd-con-sonda\/","og_site_name":"Electronica JNC","article_modified_time":"2023-11-24T21:01:01+00:00","og_image":[{"width":1028,"height":1124,"url":"https:\/\/www.electronicajnc.com\/web\/wp-content\/uploads\/2023\/11\/hidrometro-1.1.jpg","type":"image\/jpeg"}],"twitter_card":"summary_large_image","twitter_misc":{"Tiempo de lectura":"3 minutos"},"schema":{"@context":"https:\/\/schema.org","@graph":[{"@type":"WebPage","@id":"https:\/\/www.electronicajnc.com\/web\/producto\/termometro-higrometro-digital-lcd-con-sonda\/","url":"https:\/\/www.electronicajnc.com\/web\/producto\/termometro-higrometro-digital-lcd-con-sonda\/","name":"Term\u00f3metro Higr\u00f3metro Digital Lcd Con Sonda - Electronica JNC","isPartOf":{"@id":"https:\/\/www.electronicajnc.com\/web\/#website"},"primaryImageOfPage":{"@id":"https:\/\/www.electronicajnc.com\/web\/producto\/termometro-higrometro-digital-lcd-con-sonda\/#primaryimage"},"image":{"@id":"https:\/\/www.electronicajnc.com\/web\/producto\/termometro-higrometro-digital-lcd-con-sonda\/#primaryimage"},"thumbnailUrl":"https:\/\/www.electronicajnc.com\/web\/wp-content\/uploads\/2023\/11\/hidrometro-1.1.jpg","datePublished":"2023-11-24T20:45:54+00:00","dateModified":"2023-11-24T21:01:01+00:00","description":"Term\u00f3metro Higr\u00f3metro Digital Lcd Con Sonda es perfecto para usar, en algo que requiera monitoreo de los niveles de temperatura y humedad.","breadcrumb":{"@id":"https:\/\/www.electronicajnc.com\/web\/producto\/termometro-higrometro-digital-lcd-con-sonda\/#breadcrumb"},"inLanguage":"es","potentialAction":[{"@type":"ReadAction","target":["https:\/\/www.electronicajnc.com\/web\/producto\/termometro-higrometro-digital-lcd-con-sonda\/"]}]},{"@type":"ImageObject","inLanguage":"es","@id":"https:\/\/www.electronicajnc.com\/web\/producto\/termometro-higrometro-digital-lcd-con-sonda\/#primaryimage","url":"https:\/\/www.electronicajnc.com\/web\/wp-content\/uploads\/2023\/11\/hidrometro-1.1.jpg","contentUrl":"https:\/\/www.electronicajnc.com\/web\/wp-content\/uploads\/2023\/11\/hidrometro-1.1.jpg","width":1028,"height":1124,"caption":"Term\u00f3metro Higr\u00f3metro Digital Lcd Con Sonda Termohigrometro"},{"@type":"BreadcrumbList","@id":"https:\/\/www.electronicajnc.com\/web\/producto\/termometro-higrometro-digital-lcd-con-sonda\/#breadcrumb","itemListElement":[{"@type":"ListItem","position":1,"name":"Portada","item":"https:\/\/www.electronicajnc.com\/web\/"},{"@type":"ListItem","position":2,"name":"TIENDA","item":"https:\/\/www.electronicajnc.com\/web\/tienda\/"},{"@type":"ListItem","position":3,"name":"Term\u00f3metro Higr\u00f3metro Digital Lcd Con Sonda"}]},{"@type":"WebSite","@id":"https:\/\/www.electronicajnc.com\/web\/#website","url":"https:\/\/www.electronicajnc.com\/web\/","name":"Electronica JNC","description":"Robotica Tecnologia Mecatronica en Ecuador","publisher":{"@id":"https:\/\/www.electronicajnc.com\/web\/#organization"},"potentialAction":[{"@type":"SearchAction","target":{"@type":"EntryPoint","urlTemplate":"https:\/\/www.electronicajnc.com\/web\/?s={search_term_string}"},"query-input":{"@type":"PropertyValueSpecification","valueRequired":true,"valueName":"search_term_string"}}],"inLanguage":"es"},{"@type":"Organization","@id":"https:\/\/www.electronicajnc.com\/web\/#organization","name":"Electronica JNC","url":"https:\/\/www.electronicajnc.com\/web\/","logo":{"@type":"ImageObject","inLanguage":"es","@id":"https:\/\/www.electronicajnc.com\/web\/#\/schema\/logo\/image\/","url":"https:\/\/www.electronicajnc.com\/web\/wp-content\/uploads\/2023\/06\/nuevo-logo.jpg","contentUrl":"https:\/\/www.electronicajnc.com\/web\/wp-content\/uploads\/2023\/06\/nuevo-logo.jpg","width":1256,"height":612,"caption":"Electronica JNC"},"image":{"@id":"https:\/\/www.electronicajnc.com\/web\/#\/schema\/logo\/image\/"}}]}},"_links":{"self":[{"href":"https:\/\/www.electronicajnc.com\/web\/wp-json\/wp\/v2\/product\/1257","targetHints":{"allow":["GET"]}}],"collection":[{"href":"https:\/\/www.electronicajnc.com\/web\/wp-json\/wp\/v2\/product"}],"about":[{"href":"https:\/\/www.electronicajnc.com\/web\/wp-json\/wp\/v2\/types\/product"}],"replies":[{"embeddable":true,"href":"https:\/\/www.electronicajnc.com\/web\/wp-json\/wp\/v2\/comments?post=1257"}],"wp:featuredmedia":[{"embeddable":true,"href":"https:\/\/www.electronicajnc.com\/web\/wp-json\/wp\/v2\/media\/1259"}],"wp:attachment":[{"href":"https:\/\/www.electronicajnc.com\/web\/wp-json\/wp\/v2\/media?parent=1257"}],"wp:term":[{"taxonomy":"product_brand","embeddable":true,"href":"https:\/\/www.electronicajnc.com\/web\/wp-json\/wp\/v2\/product_brand?post=1257"},{"taxonomy":"product_cat","embeddable":true,"href":"https:\/\/www.electronicajnc.com\/web\/wp-json\/wp\/v2\/product_cat?post=1257"},{"taxonomy":"product_tag","embeddable":true,"href":"https:\/\/www.electronicajnc.com\/web\/wp-json\/wp\/v2\/product_tag?post=1257"}],"curies":[{"name":"wp","href":"https:\/\/api.w.org\/{rel}","templated":true}]}}