{"id":1285,"date":"2023-11-27T22:09:50","date_gmt":"2023-11-27T22:09:50","guid":{"rendered":"https:\/\/www.electronicajnc.com\/web\/?post_type=product&#038;p=1285"},"modified":"2023-11-27T22:10:48","modified_gmt":"2023-11-27T22:10:48","slug":"teclado-de-membrana-matricial-4x4-arduino","status":"publish","type":"product","link":"https:\/\/www.electronicajnc.com\/web\/producto\/teclado-de-membrana-matricial-4x4-arduino\/","title":{"rendered":"Teclado De Membrana Matricial 4\u00d74 Arduino"},"content":{"rendered":"<p class=\"product_title entry-title\">Teclado De Membrana Matricial 4\u00d74 Arduino<\/p>\n<p><img decoding=\"async\" class=\"aligncenter\" src=\"https:\/\/www.electronicajnc.com\/web\/wp-content\/uploads\/2023\/11\/teclado.2.jpg\" alt=\"Teclado De Membrana Matricial 4\u00d74 Arduino\" \/><\/p>\n<p>El Teclado matricial se encuentra conformado por botones acomodados en 4 filas por 4 columnas, teniendo un total de 16 teclas, que nos permite agregar una entrada para de usuario para nuestros proyectos. Este teclado es de tipo membrana, por lo que contamos con la ventaja de su peque\u00f1o espacio para ser instalado, adem\u00e1s de una cubierta adhesiva con un cable flexible de conexi\u00f3n. De esta forma podemos utilizar sus entradas para conectar este dispositivo a cualquier microcontrolador o tarjeta de desarrollo, como Arduino.<\/p>\n<h1 class=\"product_title entry-title\">Teclado De Membrana Matricial 4\u00d74 Arduino<\/h1>\n<p>Ventajas:<\/p>\n<ul>\n<li>No se necesita ninguna librer\u00eda externa para controlar el teclado.<\/li>\n<li>El .HEX generado al compilar es m\u00e1s peque\u00f1o, por lo que dispondremos de m\u00e1s memoria de programa en el PIC.<\/li>\n<li>F\u00e1cil implementaci\u00f3n del c\u00f3digo a trav\u00e9s de interrupciones.<\/li>\n<li>Posibilidad de ampliar el teclado a uno de 32 teclas, (en el datasheet viene el esquema de c\u00f3mo hacerlo).<\/li>\n<li>Utilizaci\u00f3n de menos patillas en el PIC, se puede controlar un teclado de 32 teclas con solo cinco pines del PIC.<\/li>\n<\/ul>\n<p>Especificaciones:<\/p>\n<p>&#8211; Teclado matricial 4 filas, 4 columnas<br \/>\n&#8211; Teclas: 0-9, *,#, A, B, C, D (total 16 teclas)<br \/>\n&#8211; Teclas tipo membrana y cable plano de terminales<\/p>\n<div>\n<h2><b>\u00bfD\u00f3nde<\/b><strong>\u00a0conseguir ?<\/strong><\/h2>\n<\/div>\n<p>Puedes conseguir este producto y mucho mas en nuestra tienda de electr\u00f3nica \u201cElectr\u00f3nica JNC\u201d a un excelente precio, de igual manera puedes preguntar por otros productos que tenemos para ti y as\u00ed adquirirlos seg\u00fan tu necesidad para\u00a0 tus proyectos.<\/p>\n<p>Adem\u00e1s de vender realizamos todo tipo de proyectos de Rob\u00f3tica Electr\u00f3nica y de Programaci\u00f3n en Arduino-Raspberry, brindamos asesoramiento en la elaboraci\u00f3n de proyectos y personalizamos sus clases cuando deseas armar un robot.<\/p>\n<p>Somos importadores Directos de todo en Electr\u00f3nica y Rob\u00f3tica directamente desde los fabricantes, a los mejores precios del mercado.<\/p>\n<div class=\"x11i5rnm xat24cr x1mh8g0r x1vvkbs xtlvy1s x126k92a\">\n<div dir=\"auto\">SERVICIO PERSONALIZADO, APOYO TEORICO Y VENTA DE MATERIAL<\/div>\n<\/div>\n<div class=\"x11i5rnm xat24cr x1mh8g0r x1vvkbs xtlvy1s x126k92a\">\n<div dir=\"auto\">COTIZA CON NOSOTROS<\/div>\n<div dir=\"auto\">SERVICIO, EXPERIENCIA, CALIDAD Y CONFIANZA<\/div>\n<div dir=\"auto\">\u00abTodo lo que buscas en un solo lugar\u00bb<\/div>\n<\/div>\n<div dir=\"auto\"><\/div>\n<p><img decoding=\"async\" class=\"aligncenter\" src=\"https:\/\/images.ua.prom.st\/1494267654_1494267654.jpg?PImaGE_ID=1494267654\" \/><\/p>\n<p style=\"text-align: center;\">Realizar un pedido en la web o por \u00a0<a href=\"https:\/\/api.whatsapp.com\/send?phone=593958753126\" target=\"_blank\" rel=\"noopener\">WHATSAPP<\/a>.<\/p>\n<p><img decoding=\"async\" class=\"aligncenter\" src=\"https:\/\/images.ua.prom.st\/1494267867_1494267867.jpg?PImaGE_ID=1494267867\" \/><\/p>\n<p style=\"text-align: center;\">Consulta con un asesor\u00a0 todas tus inquietudes.<\/p>\n<p><img decoding=\"async\" class=\"aligncenter\" src=\"https:\/\/images.ua.prom.st\/1494266627_1494266627.jpg?PImaGE_ID=1494266627\" \/><\/p>\n<p style=\"text-align: center;\">Pregunta las formas de pago.<\/p>\n<p><img decoding=\"async\" class=\"aligncenter\" src=\"https:\/\/images.ua.prom.st\/1494267985_1494267985.jpg?PImaGE_ID=1494267985\" \/><\/p>\n<p style=\"text-align: center;\">Tu pedido llega a la puerta de tu casa.<\/p>\n<p>&nbsp;<\/p>\n<p><strong>\u00a1\u00a1 PREG\u00daNTANOS Sin compromiso !!!!<\/strong><\/p>\n<p>Puede retirar sus pedidos en nuestra\u00a0<a href=\"https:\/\/www.electronicajnc.com\/web\/contactos\" target=\"_blank\" rel=\"noopener\">TIENDA F\u00cdSICA<\/a>\u00a0o realizar sus pedidos\u00a0<a href=\"https:\/\/www.electronicajnc.com\/web\/mi-cuenta\" target=\"_blank\" rel=\"noopener\">ONLINE<\/a>\u00a0o por\u00a0<a href=\"https:\/\/api.whatsapp.com\/send?phone=593958753126\" target=\"_blank\" rel=\"noopener\">WHATSAPP<\/a>.<\/p>\n","protected":false},"excerpt":{"rendered":"<p>Este teclado matricial 4\u00d74 se encuentra formado por la matriz de pulsadores que se encuentran dispuestos en filas (L1, L2, L3 y L4), y las columnas (C1, C2, C3 y C4), esta organizaci\u00f3n es de acuerdo a reducir el n\u00famero de pines requeridos para su conexi\u00f3n y programaci\u00f3n. Los 16 botones necesitan s\u00f3lo 8 pines del microcontrolador en lugar de 16 independientes. Para poder leer el bot\u00f3n que fue pulsado es necesario utilizar una t\u00e9cnica de barrido, no s\u00f3lo leyendo el pin del microcontrolador.<\/p>\n","protected":false},"featured_media":1286,"comment_status":"closed","ping_status":"closed","template":"","meta":{"saved_in_kubio":false,"_joinchat":[]},"product_brand":[],"product_cat":[309],"product_tag":[877,878,879,880,881,882,883,884,885,886,887,888,889,890,891,892,893],"class_list":{"0":"post-1285","1":"product","2":"type-product","3":"status-publish","4":"has-post-thumbnail","6":"product_cat-componentes-electronicos","7":"product_tag-teclado-de-membrana-4x4","8":"product_tag-teclado-de-membrana-4x4-arduino","9":"product_tag-teclado-de-membrana-4x4-para-proyectos","10":"product_tag-teclado-de-membrana-4x4-proyectos","11":"product_tag-teclado-de-membrana-arduino","12":"product_tag-teclado-de-membrana-matricial","13":"product_tag-teclado-de-membrana-matricial-4x4","14":"product_tag-teclado-de-membrana-matricial-4x4-arduino","15":"product_tag-teclado-de-membrana-matricial-4x4-para-proyectos","16":"product_tag-teclado-de-membrana-matricial-4x4-proyectos","17":"product_tag-teclado-de-membrana-matricial-arduino","18":"product_tag-teclado-de-membrana-matricial-para-proyectos","19":"product_tag-teclado-de-membrana-matricial-proyectos","20":"product_tag-teclado-matricial-4x4","21":"product_tag-teclado-matricial-4x4-arduino","22":"product_tag-teclado-matricial-4x4-para-proyectos","23":"product_tag-teclado-matricial-4x4-proyectos","25":"first","26":"instock","27":"taxable","28":"shipping-taxable","29":"purchasable","30":"product-type-simple"},"yoast_head":"<!-- This site is optimized with the Yoast SEO plugin v27.4 - https:\/\/yoast.com\/product\/yoast-seo-wordpress\/ -->\n<title>Teclado De Membrana Matricial 4\u00d74 Arduino - Electronica JNC<\/title>\n<meta name=\"description\" content=\"Teclado De Membrana Matricial 4\u00d74 Arduino su aplicaci\u00f3n con Arduino o cualquier otra plataforma de microcontroladores, el sistema de conectividad es simple.\" \/>\n<meta name=\"robots\" content=\"index, follow, max-snippet:-1, max-image-preview:large, max-video-preview:-1\" \/>\n<link rel=\"canonical\" href=\"https:\/\/www.electronicajnc.com\/web\/producto\/teclado-de-membrana-matricial-4x4-arduino\/\" \/>\n<meta property=\"og:locale\" content=\"es_ES\" \/>\n<meta property=\"og:type\" content=\"article\" \/>\n<meta property=\"og:title\" content=\"Teclado De Membrana Matricial 4\u00d74 Arduino - Electronica JNC\" \/>\n<meta property=\"og:description\" content=\"Teclado De Membrana Matricial 4\u00d74 Arduino su aplicaci\u00f3n con Arduino o cualquier otra plataforma de microcontroladores, el sistema de conectividad es simple.\" \/>\n<meta property=\"og:url\" content=\"https:\/\/www.electronicajnc.com\/web\/producto\/teclado-de-membrana-matricial-4x4-arduino\/\" \/>\n<meta property=\"og:site_name\" content=\"Electronica JNC\" \/>\n<meta property=\"article:modified_time\" content=\"2023-11-27T22:10:48+00:00\" \/>\n<meta property=\"og:image\" content=\"https:\/\/www.electronicajnc.com\/web\/wp-content\/uploads\/2023\/11\/teclado.jpg\" \/>\n\t<meta property=\"og:image:width\" content=\"1028\" \/>\n\t<meta property=\"og:image:height\" content=\"1197\" \/>\n\t<meta property=\"og:image:type\" content=\"image\/jpeg\" \/>\n<meta name=\"twitter:card\" content=\"summary_large_image\" \/>\n<meta name=\"twitter:label1\" content=\"Tiempo de lectura\" \/>\n\t<meta name=\"twitter:data1\" content=\"3 minutos\" \/>\n<script type=\"application\/ld+json\" class=\"yoast-schema-graph\">{\"@context\":\"https:\\\/\\\/schema.org\",\"@graph\":[{\"@type\":\"WebPage\",\"@id\":\"https:\\\/\\\/www.electronicajnc.com\\\/web\\\/producto\\\/teclado-de-membrana-matricial-4x4-arduino\\\/\",\"url\":\"https:\\\/\\\/www.electronicajnc.com\\\/web\\\/producto\\\/teclado-de-membrana-matricial-4x4-arduino\\\/\",\"name\":\"Teclado De Membrana Matricial 4\u00d74 Arduino - Electronica JNC\",\"isPartOf\":{\"@id\":\"https:\\\/\\\/www.electronicajnc.com\\\/web\\\/#website\"},\"primaryImageOfPage\":{\"@id\":\"https:\\\/\\\/www.electronicajnc.com\\\/web\\\/producto\\\/teclado-de-membrana-matricial-4x4-arduino\\\/#primaryimage\"},\"image\":{\"@id\":\"https:\\\/\\\/www.electronicajnc.com\\\/web\\\/producto\\\/teclado-de-membrana-matricial-4x4-arduino\\\/#primaryimage\"},\"thumbnailUrl\":\"https:\\\/\\\/www.electronicajnc.com\\\/web\\\/wp-content\\\/uploads\\\/2023\\\/11\\\/teclado.jpg\",\"datePublished\":\"2023-11-27T22:09:50+00:00\",\"dateModified\":\"2023-11-27T22:10:48+00:00\",\"description\":\"Teclado De Membrana Matricial 4\u00d74 Arduino su aplicaci\u00f3n con Arduino o cualquier otra plataforma de microcontroladores, el sistema de conectividad es simple.\",\"breadcrumb\":{\"@id\":\"https:\\\/\\\/www.electronicajnc.com\\\/web\\\/producto\\\/teclado-de-membrana-matricial-4x4-arduino\\\/#breadcrumb\"},\"inLanguage\":\"es\",\"potentialAction\":[{\"@type\":\"ReadAction\",\"target\":[\"https:\\\/\\\/www.electronicajnc.com\\\/web\\\/producto\\\/teclado-de-membrana-matricial-4x4-arduino\\\/\"]}]},{\"@type\":\"ImageObject\",\"inLanguage\":\"es\",\"@id\":\"https:\\\/\\\/www.electronicajnc.com\\\/web\\\/producto\\\/teclado-de-membrana-matricial-4x4-arduino\\\/#primaryimage\",\"url\":\"https:\\\/\\\/www.electronicajnc.com\\\/web\\\/wp-content\\\/uploads\\\/2023\\\/11\\\/teclado.jpg\",\"contentUrl\":\"https:\\\/\\\/www.electronicajnc.com\\\/web\\\/wp-content\\\/uploads\\\/2023\\\/11\\\/teclado.jpg\",\"width\":1028,\"height\":1197,\"caption\":\"Teclado De Membrana Matricial 4\u00d74 Arduino\"},{\"@type\":\"BreadcrumbList\",\"@id\":\"https:\\\/\\\/www.electronicajnc.com\\\/web\\\/producto\\\/teclado-de-membrana-matricial-4x4-arduino\\\/#breadcrumb\",\"itemListElement\":[{\"@type\":\"ListItem\",\"position\":1,\"name\":\"Portada\",\"item\":\"https:\\\/\\\/www.electronicajnc.com\\\/web\\\/\"},{\"@type\":\"ListItem\",\"position\":2,\"name\":\"TIENDA\",\"item\":\"https:\\\/\\\/www.electronicajnc.com\\\/web\\\/tienda\\\/\"},{\"@type\":\"ListItem\",\"position\":3,\"name\":\"Teclado De Membrana Matricial 4\u00d74 Arduino\"}]},{\"@type\":\"WebSite\",\"@id\":\"https:\\\/\\\/www.electronicajnc.com\\\/web\\\/#website\",\"url\":\"https:\\\/\\\/www.electronicajnc.com\\\/web\\\/\",\"name\":\"Electronica JNC\",\"description\":\"Robotica Tecnologia Mecatronica en Ecuador\",\"publisher\":{\"@id\":\"https:\\\/\\\/www.electronicajnc.com\\\/web\\\/#organization\"},\"potentialAction\":[{\"@type\":\"SearchAction\",\"target\":{\"@type\":\"EntryPoint\",\"urlTemplate\":\"https:\\\/\\\/www.electronicajnc.com\\\/web\\\/?s={search_term_string}\"},\"query-input\":{\"@type\":\"PropertyValueSpecification\",\"valueRequired\":true,\"valueName\":\"search_term_string\"}}],\"inLanguage\":\"es\"},{\"@type\":\"Organization\",\"@id\":\"https:\\\/\\\/www.electronicajnc.com\\\/web\\\/#organization\",\"name\":\"Electronica JNC\",\"url\":\"https:\\\/\\\/www.electronicajnc.com\\\/web\\\/\",\"logo\":{\"@type\":\"ImageObject\",\"inLanguage\":\"es\",\"@id\":\"https:\\\/\\\/www.electronicajnc.com\\\/web\\\/#\\\/schema\\\/logo\\\/image\\\/\",\"url\":\"https:\\\/\\\/www.electronicajnc.com\\\/web\\\/wp-content\\\/uploads\\\/2023\\\/06\\\/nuevo-logo.jpg\",\"contentUrl\":\"https:\\\/\\\/www.electronicajnc.com\\\/web\\\/wp-content\\\/uploads\\\/2023\\\/06\\\/nuevo-logo.jpg\",\"width\":1256,\"height\":612,\"caption\":\"Electronica JNC\"},\"image\":{\"@id\":\"https:\\\/\\\/www.electronicajnc.com\\\/web\\\/#\\\/schema\\\/logo\\\/image\\\/\"}}]}<\/script>\n<!-- \/ Yoast SEO plugin. -->","yoast_head_json":{"title":"Teclado De Membrana Matricial 4\u00d74 Arduino - Electronica JNC","description":"Teclado De Membrana Matricial 4\u00d74 Arduino su aplicaci\u00f3n con Arduino o cualquier otra plataforma de microcontroladores, el sistema de conectividad es simple.","robots":{"index":"index","follow":"follow","max-snippet":"max-snippet:-1","max-image-preview":"max-image-preview:large","max-video-preview":"max-video-preview:-1"},"canonical":"https:\/\/www.electronicajnc.com\/web\/producto\/teclado-de-membrana-matricial-4x4-arduino\/","og_locale":"es_ES","og_type":"article","og_title":"Teclado De Membrana Matricial 4\u00d74 Arduino - Electronica JNC","og_description":"Teclado De Membrana Matricial 4\u00d74 Arduino su aplicaci\u00f3n con Arduino o cualquier otra plataforma de microcontroladores, el sistema de conectividad es simple.","og_url":"https:\/\/www.electronicajnc.com\/web\/producto\/teclado-de-membrana-matricial-4x4-arduino\/","og_site_name":"Electronica JNC","article_modified_time":"2023-11-27T22:10:48+00:00","og_image":[{"width":1028,"height":1197,"url":"https:\/\/www.electronicajnc.com\/web\/wp-content\/uploads\/2023\/11\/teclado.jpg","type":"image\/jpeg"}],"twitter_card":"summary_large_image","twitter_misc":{"Tiempo de lectura":"3 minutos"},"schema":{"@context":"https:\/\/schema.org","@graph":[{"@type":"WebPage","@id":"https:\/\/www.electronicajnc.com\/web\/producto\/teclado-de-membrana-matricial-4x4-arduino\/","url":"https:\/\/www.electronicajnc.com\/web\/producto\/teclado-de-membrana-matricial-4x4-arduino\/","name":"Teclado De Membrana Matricial 4\u00d74 Arduino - Electronica JNC","isPartOf":{"@id":"https:\/\/www.electronicajnc.com\/web\/#website"},"primaryImageOfPage":{"@id":"https:\/\/www.electronicajnc.com\/web\/producto\/teclado-de-membrana-matricial-4x4-arduino\/#primaryimage"},"image":{"@id":"https:\/\/www.electronicajnc.com\/web\/producto\/teclado-de-membrana-matricial-4x4-arduino\/#primaryimage"},"thumbnailUrl":"https:\/\/www.electronicajnc.com\/web\/wp-content\/uploads\/2023\/11\/teclado.jpg","datePublished":"2023-11-27T22:09:50+00:00","dateModified":"2023-11-27T22:10:48+00:00","description":"Teclado De Membrana Matricial 4\u00d74 Arduino su aplicaci\u00f3n con Arduino o cualquier otra plataforma de microcontroladores, el sistema de conectividad es simple.","breadcrumb":{"@id":"https:\/\/www.electronicajnc.com\/web\/producto\/teclado-de-membrana-matricial-4x4-arduino\/#breadcrumb"},"inLanguage":"es","potentialAction":[{"@type":"ReadAction","target":["https:\/\/www.electronicajnc.com\/web\/producto\/teclado-de-membrana-matricial-4x4-arduino\/"]}]},{"@type":"ImageObject","inLanguage":"es","@id":"https:\/\/www.electronicajnc.com\/web\/producto\/teclado-de-membrana-matricial-4x4-arduino\/#primaryimage","url":"https:\/\/www.electronicajnc.com\/web\/wp-content\/uploads\/2023\/11\/teclado.jpg","contentUrl":"https:\/\/www.electronicajnc.com\/web\/wp-content\/uploads\/2023\/11\/teclado.jpg","width":1028,"height":1197,"caption":"Teclado De Membrana Matricial 4\u00d74 Arduino"},{"@type":"BreadcrumbList","@id":"https:\/\/www.electronicajnc.com\/web\/producto\/teclado-de-membrana-matricial-4x4-arduino\/#breadcrumb","itemListElement":[{"@type":"ListItem","position":1,"name":"Portada","item":"https:\/\/www.electronicajnc.com\/web\/"},{"@type":"ListItem","position":2,"name":"TIENDA","item":"https:\/\/www.electronicajnc.com\/web\/tienda\/"},{"@type":"ListItem","position":3,"name":"Teclado De Membrana Matricial 4\u00d74 Arduino"}]},{"@type":"WebSite","@id":"https:\/\/www.electronicajnc.com\/web\/#website","url":"https:\/\/www.electronicajnc.com\/web\/","name":"Electronica JNC","description":"Robotica Tecnologia Mecatronica en Ecuador","publisher":{"@id":"https:\/\/www.electronicajnc.com\/web\/#organization"},"potentialAction":[{"@type":"SearchAction","target":{"@type":"EntryPoint","urlTemplate":"https:\/\/www.electronicajnc.com\/web\/?s={search_term_string}"},"query-input":{"@type":"PropertyValueSpecification","valueRequired":true,"valueName":"search_term_string"}}],"inLanguage":"es"},{"@type":"Organization","@id":"https:\/\/www.electronicajnc.com\/web\/#organization","name":"Electronica JNC","url":"https:\/\/www.electronicajnc.com\/web\/","logo":{"@type":"ImageObject","inLanguage":"es","@id":"https:\/\/www.electronicajnc.com\/web\/#\/schema\/logo\/image\/","url":"https:\/\/www.electronicajnc.com\/web\/wp-content\/uploads\/2023\/06\/nuevo-logo.jpg","contentUrl":"https:\/\/www.electronicajnc.com\/web\/wp-content\/uploads\/2023\/06\/nuevo-logo.jpg","width":1256,"height":612,"caption":"Electronica JNC"},"image":{"@id":"https:\/\/www.electronicajnc.com\/web\/#\/schema\/logo\/image\/"}}]}},"_links":{"self":[{"href":"https:\/\/www.electronicajnc.com\/web\/wp-json\/wp\/v2\/product\/1285","targetHints":{"allow":["GET"]}}],"collection":[{"href":"https:\/\/www.electronicajnc.com\/web\/wp-json\/wp\/v2\/product"}],"about":[{"href":"https:\/\/www.electronicajnc.com\/web\/wp-json\/wp\/v2\/types\/product"}],"replies":[{"embeddable":true,"href":"https:\/\/www.electronicajnc.com\/web\/wp-json\/wp\/v2\/comments?post=1285"}],"wp:featuredmedia":[{"embeddable":true,"href":"https:\/\/www.electronicajnc.com\/web\/wp-json\/wp\/v2\/media\/1286"}],"wp:attachment":[{"href":"https:\/\/www.electronicajnc.com\/web\/wp-json\/wp\/v2\/media?parent=1285"}],"wp:term":[{"taxonomy":"product_brand","embeddable":true,"href":"https:\/\/www.electronicajnc.com\/web\/wp-json\/wp\/v2\/product_brand?post=1285"},{"taxonomy":"product_cat","embeddable":true,"href":"https:\/\/www.electronicajnc.com\/web\/wp-json\/wp\/v2\/product_cat?post=1285"},{"taxonomy":"product_tag","embeddable":true,"href":"https:\/\/www.electronicajnc.com\/web\/wp-json\/wp\/v2\/product_tag?post=1285"}],"curies":[{"name":"wp","href":"https:\/\/api.w.org\/{rel}","templated":true}]}}