{"id":1299,"date":"2023-11-28T16:01:10","date_gmt":"2023-11-28T16:01:10","guid":{"rendered":"https:\/\/www.electronicajnc.com\/web\/?post_type=product&#038;p=1299"},"modified":"2023-11-28T16:29:43","modified_gmt":"2023-11-28T16:29:43","slug":"pam8610-mini-amplificador-de-audio-15w-12v","status":"publish","type":"product","link":"https:\/\/www.electronicajnc.com\/web\/producto\/pam8610-mini-amplificador-de-audio-15w-12v\/","title":{"rendered":"Pam8610 Mini Amplificador De Audio 15w 12v"},"content":{"rendered":"<p class=\"ui-pdp-title\">Pam8610 Mini Amplificador De Audio 15w 12v<\/p>\n<p><img fetchpriority=\"high\" decoding=\"async\" class=\"aligncenter\" src=\"https:\/\/www.electronicajnc.com\/web\/wp-content\/uploads\/2023\/11\/pam8610.jpg-1.jpg\" alt=\"Pam8610 Mini Amplificador De Audio 15w 12v Est\u00e9reo\" width=\"444\" height=\"476\" \/><\/p>\n<p style=\"text-align: justify;\">El PAM8610 es un amplificador de audio est\u00e9reo Clase D de 15 W (por canal) con control de volumen de CC que ofrece THD+N bajo (0,1%), EMI bajo y buen PSRR, por lo tanto, una reproducci\u00f3n de sonido de alta calidad.\u00a0El control de volumen CC de 32 pasos tiene un rango de +32 dB a -75 dB.\u00a0El PAM 8610 funciona con un suministro de 7 V a 15 V con una eficiencia mucho mayor que los circuitos integrados de la competencia.<\/p>\n<p style=\"text-align: justify;\">El amplificador PAM8610 solo requiere muy pocos componentes externos, lo que ahorra significativamente costos y espacio en la placa.\u00a0Este amplificador est\u00e9reo Clase D de dos canales y 2 x 15 W est\u00e1 disponible en un encapsulado QFN de 40 pines de 6 x 6 mm.<\/p>\n<h1 class=\"ui-pdp-title\">Pam8610 Mini Amplificador De Audio 15w 12v<\/h1>\n<div>\n<p><strong>C\u00f3mo utilizar:<\/strong><\/p>\n<ol>\n<li>El l\u00edmite de voltaje de la fuente de alimentaci\u00f3n es de 16,5 V, no utilice m\u00e1s que este voltaje.<\/li>\n<li>Se recomienda la fuente de alimentaci\u00f3n para un filtro de fuente de alimentaci\u00f3n de 12 V y 3 A.<\/li>\n<li>Se recomiendan altavoces est\u00e9reo de 4 a 8 pulgadas.<\/li>\n<li>\u00a0No cortocircuite la salida de audio entre s\u00ed ni a tierra.<\/li>\n<li>Verifique cuidadosamente antes de la electricidad, aseg\u00farese de que el cableado sea correcto antes de la electricidad.<\/li>\n<\/ol>\n<h4><strong>\u00a0Caracter\u00edsticas :<\/strong><\/h4>\n<\/div>\n<ol>\n<li>Esta placa con funci\u00f3n de conmutaci\u00f3n, SW short, apagar\u00e1 el amplificador de potencia.<\/li>\n<li>Modo de Trabajo: Clase D (tipo de modulaci\u00f3n PWM)<\/li>\n<\/ol>\n<div>\n<h2><b>\u00bfD\u00f3nde<\/b><strong>\u00a0conseguir ?<\/strong><\/h2>\n<\/div>\n<p>Puedes conseguir este producto y mucho mas en nuestra tienda de electr\u00f3nica \u201cElectr\u00f3nica JNC\u201d a un excelente precio, de igual manera puedes preguntar por otros productos que tenemos para ti y as\u00ed adquirirlos seg\u00fan tu necesidad para\u00a0 tus proyectos.<\/p>\n<p>Adem\u00e1s de vender realizamos todo tipo de proyectos de Rob\u00f3tica Electr\u00f3nica y de Programaci\u00f3n en Arduino-Raspberry, brindamos asesoramiento en la elaboraci\u00f3n de proyectos y personalizamos sus clases cuando deseas armar un robot.<\/p>\n<p>Somos importadores Directos de todo en Electr\u00f3nica y Rob\u00f3tica directamente desde los fabricantes, a los mejores precios del mercado.<\/p>\n<div class=\"x11i5rnm xat24cr x1mh8g0r x1vvkbs xtlvy1s x126k92a\">\n<div dir=\"auto\">SERVICIO PERSONALIZADO, APOYO TEORICO Y VENTA DE MATERIAL<\/div>\n<\/div>\n<div class=\"x11i5rnm xat24cr x1mh8g0r x1vvkbs xtlvy1s x126k92a\">\n<div dir=\"auto\">COTIZA CON NOSOTROS<\/div>\n<div dir=\"auto\">SERVICIO, EXPERIENCIA, CALIDAD Y CONFIANZA<\/div>\n<div dir=\"auto\">\u00abTodo lo que buscas en un solo lugar\u00bb<\/div>\n<\/div>\n<div dir=\"auto\"><\/div>\n<p><img decoding=\"async\" class=\"aligncenter\" src=\"https:\/\/images.ua.prom.st\/1494267654_1494267654.jpg?PImaGE_ID=1494267654\" \/><\/p>\n<p style=\"text-align: center;\">Realizar un pedido en la web o por \u00a0<a href=\"https:\/\/api.whatsapp.com\/send?phone=593958753126\" target=\"_blank\" rel=\"noopener\">WHATSAPP<\/a>.<\/p>\n<p><img decoding=\"async\" class=\"aligncenter\" src=\"https:\/\/images.ua.prom.st\/1494267867_1494267867.jpg?PImaGE_ID=1494267867\" \/><\/p>\n<p style=\"text-align: center;\">Consulta con un asesor\u00a0 todas tus inquietudes.<\/p>\n<p><img decoding=\"async\" class=\"aligncenter\" src=\"https:\/\/images.ua.prom.st\/1494266627_1494266627.jpg?PImaGE_ID=1494266627\" \/><\/p>\n<p style=\"text-align: center;\">Pregunta las formas de pago.<\/p>\n<p><img decoding=\"async\" class=\"aligncenter\" src=\"https:\/\/images.ua.prom.st\/1494267985_1494267985.jpg?PImaGE_ID=1494267985\" \/><\/p>\n<p style=\"text-align: center;\">Tu pedido llega a la puerta de tu casa.<\/p>\n<p>&nbsp;<\/p>\n<p><strong>\u00a1\u00a1 PREG\u00daNTANOS Sin compromiso !!!!<\/strong><\/p>\n<p>Puede retirar sus pedidos en nuestra\u00a0<a href=\"https:\/\/www.electronicajnc.com\/web\/contactos\" target=\"_blank\" rel=\"noopener\">TIENDA F\u00cdSICA<\/a>\u00a0o realizar sus pedidos\u00a0<a href=\"https:\/\/www.electronicajnc.com\/web\/mi-cuenta\" target=\"_blank\" rel=\"noopener\">ONLINE<\/a>\u00a0o por\u00a0<a href=\"https:\/\/api.whatsapp.com\/send?phone=593958753126\" target=\"_blank\" rel=\"noopener\">WHATSAPP<\/a>.<\/p>\n","protected":false},"excerpt":{"rendered":"<p>El modulo de amplificaci\u00f3n de audio est\u00e9reo PAM8610 al ser Clase D tiene una eficiencia del 90% a diferencia del los Clase A o B. Por esta raz\u00f3n el modulo se usa generalmente sin disipador. El modulo cuenta con protecciones de sobre temperatura, corto circuito y cancelaci\u00f3n de ruido.<\/p>\n","protected":false},"featured_media":1303,"comment_status":"closed","ping_status":"closed","template":"","meta":{"saved_in_kubio":false,"_joinchat":[]},"product_brand":[],"product_cat":[21],"product_tag":[796,899,898,900,897,896],"class_list":{"0":"post-1299","1":"product","2":"type-product","3":"status-publish","4":"has-post-thumbnail","6":"product_cat-modulos_sensores","7":"product_tag-12v","8":"product_tag-15w","9":"product_tag-audio","10":"product_tag-estereo","11":"product_tag-mini-amplificador","12":"product_tag-pam8610","14":"first","15":"instock","16":"taxable","17":"shipping-taxable","18":"purchasable","19":"product-type-simple"},"yoast_head":"<!-- This site is optimized with the Yoast SEO plugin v27.4 - https:\/\/yoast.com\/product\/yoast-seo-wordpress\/ -->\n<title>Pam8610 Mini Amplificador De Audio 15w 12v - Electronica JNC<\/title>\n<meta name=\"description\" content=\"Pam8610 Mini Amplificador De Audio 15w 12v este solo requiere muy pocos componentes externos, lo que ahorra significativamente costos y espacio en la placa.\" \/>\n<meta name=\"robots\" content=\"index, follow, max-snippet:-1, max-image-preview:large, max-video-preview:-1\" \/>\n<link rel=\"canonical\" href=\"https:\/\/www.electronicajnc.com\/web\/producto\/pam8610-mini-amplificador-de-audio-15w-12v\/\" \/>\n<meta property=\"og:locale\" content=\"es_ES\" \/>\n<meta property=\"og:type\" content=\"article\" \/>\n<meta property=\"og:title\" content=\"Pam8610 Mini Amplificador De Audio 15w 12v - Electronica JNC\" \/>\n<meta property=\"og:description\" content=\"Pam8610 Mini Amplificador De Audio 15w 12v este solo requiere muy pocos componentes externos, lo que ahorra significativamente costos y espacio en la placa.\" \/>\n<meta property=\"og:url\" content=\"https:\/\/www.electronicajnc.com\/web\/producto\/pam8610-mini-amplificador-de-audio-15w-12v\/\" \/>\n<meta property=\"og:site_name\" content=\"Electronica JNC\" \/>\n<meta property=\"article:modified_time\" content=\"2023-11-28T16:29:43+00:00\" \/>\n<meta property=\"og:image\" content=\"https:\/\/www.electronicajnc.com\/web\/wp-content\/uploads\/2023\/11\/pam8610_v2.jpg\" \/>\n\t<meta property=\"og:image:width\" content=\"1028\" \/>\n\t<meta property=\"og:image:height\" content=\"1115\" \/>\n\t<meta property=\"og:image:type\" content=\"image\/jpeg\" \/>\n<meta name=\"twitter:card\" content=\"summary_large_image\" \/>\n<meta name=\"twitter:label1\" content=\"Tiempo de lectura\" \/>\n\t<meta name=\"twitter:data1\" content=\"3 minutos\" \/>\n<script type=\"application\/ld+json\" class=\"yoast-schema-graph\">{\"@context\":\"https:\\\/\\\/schema.org\",\"@graph\":[{\"@type\":\"WebPage\",\"@id\":\"https:\\\/\\\/www.electronicajnc.com\\\/web\\\/producto\\\/pam8610-mini-amplificador-de-audio-15w-12v\\\/\",\"url\":\"https:\\\/\\\/www.electronicajnc.com\\\/web\\\/producto\\\/pam8610-mini-amplificador-de-audio-15w-12v\\\/\",\"name\":\"Pam8610 Mini Amplificador De Audio 15w 12v - Electronica JNC\",\"isPartOf\":{\"@id\":\"https:\\\/\\\/www.electronicajnc.com\\\/web\\\/#website\"},\"primaryImageOfPage\":{\"@id\":\"https:\\\/\\\/www.electronicajnc.com\\\/web\\\/producto\\\/pam8610-mini-amplificador-de-audio-15w-12v\\\/#primaryimage\"},\"image\":{\"@id\":\"https:\\\/\\\/www.electronicajnc.com\\\/web\\\/producto\\\/pam8610-mini-amplificador-de-audio-15w-12v\\\/#primaryimage\"},\"thumbnailUrl\":\"https:\\\/\\\/www.electronicajnc.com\\\/web\\\/wp-content\\\/uploads\\\/2023\\\/11\\\/pam8610_v2.jpg\",\"datePublished\":\"2023-11-28T16:01:10+00:00\",\"dateModified\":\"2023-11-28T16:29:43+00:00\",\"description\":\"Pam8610 Mini Amplificador De Audio 15w 12v este solo requiere muy pocos componentes externos, lo que ahorra significativamente costos y espacio en la placa.\",\"breadcrumb\":{\"@id\":\"https:\\\/\\\/www.electronicajnc.com\\\/web\\\/producto\\\/pam8610-mini-amplificador-de-audio-15w-12v\\\/#breadcrumb\"},\"inLanguage\":\"es\",\"potentialAction\":[{\"@type\":\"ReadAction\",\"target\":[\"https:\\\/\\\/www.electronicajnc.com\\\/web\\\/producto\\\/pam8610-mini-amplificador-de-audio-15w-12v\\\/\"]}]},{\"@type\":\"ImageObject\",\"inLanguage\":\"es\",\"@id\":\"https:\\\/\\\/www.electronicajnc.com\\\/web\\\/producto\\\/pam8610-mini-amplificador-de-audio-15w-12v\\\/#primaryimage\",\"url\":\"https:\\\/\\\/www.electronicajnc.com\\\/web\\\/wp-content\\\/uploads\\\/2023\\\/11\\\/pam8610_v2.jpg\",\"contentUrl\":\"https:\\\/\\\/www.electronicajnc.com\\\/web\\\/wp-content\\\/uploads\\\/2023\\\/11\\\/pam8610_v2.jpg\",\"width\":1028,\"height\":1115,\"caption\":\"Pam8610 Mini Amplificador De Audio\"},{\"@type\":\"BreadcrumbList\",\"@id\":\"https:\\\/\\\/www.electronicajnc.com\\\/web\\\/producto\\\/pam8610-mini-amplificador-de-audio-15w-12v\\\/#breadcrumb\",\"itemListElement\":[{\"@type\":\"ListItem\",\"position\":1,\"name\":\"Portada\",\"item\":\"https:\\\/\\\/www.electronicajnc.com\\\/web\\\/\"},{\"@type\":\"ListItem\",\"position\":2,\"name\":\"TIENDA\",\"item\":\"https:\\\/\\\/www.electronicajnc.com\\\/web\\\/tienda\\\/\"},{\"@type\":\"ListItem\",\"position\":3,\"name\":\"Pam8610 Mini Amplificador De Audio 15w 12v\"}]},{\"@type\":\"WebSite\",\"@id\":\"https:\\\/\\\/www.electronicajnc.com\\\/web\\\/#website\",\"url\":\"https:\\\/\\\/www.electronicajnc.com\\\/web\\\/\",\"name\":\"Electronica JNC\",\"description\":\"Robotica Tecnologia Mecatronica en Ecuador\",\"publisher\":{\"@id\":\"https:\\\/\\\/www.electronicajnc.com\\\/web\\\/#organization\"},\"potentialAction\":[{\"@type\":\"SearchAction\",\"target\":{\"@type\":\"EntryPoint\",\"urlTemplate\":\"https:\\\/\\\/www.electronicajnc.com\\\/web\\\/?s={search_term_string}\"},\"query-input\":{\"@type\":\"PropertyValueSpecification\",\"valueRequired\":true,\"valueName\":\"search_term_string\"}}],\"inLanguage\":\"es\"},{\"@type\":\"Organization\",\"@id\":\"https:\\\/\\\/www.electronicajnc.com\\\/web\\\/#organization\",\"name\":\"Electronica JNC\",\"url\":\"https:\\\/\\\/www.electronicajnc.com\\\/web\\\/\",\"logo\":{\"@type\":\"ImageObject\",\"inLanguage\":\"es\",\"@id\":\"https:\\\/\\\/www.electronicajnc.com\\\/web\\\/#\\\/schema\\\/logo\\\/image\\\/\",\"url\":\"https:\\\/\\\/www.electronicajnc.com\\\/web\\\/wp-content\\\/uploads\\\/2023\\\/06\\\/nuevo-logo.jpg\",\"contentUrl\":\"https:\\\/\\\/www.electronicajnc.com\\\/web\\\/wp-content\\\/uploads\\\/2023\\\/06\\\/nuevo-logo.jpg\",\"width\":1256,\"height\":612,\"caption\":\"Electronica JNC\"},\"image\":{\"@id\":\"https:\\\/\\\/www.electronicajnc.com\\\/web\\\/#\\\/schema\\\/logo\\\/image\\\/\"}}]}<\/script>\n<!-- \/ Yoast SEO plugin. -->","yoast_head_json":{"title":"Pam8610 Mini Amplificador De Audio 15w 12v - Electronica JNC","description":"Pam8610 Mini Amplificador De Audio 15w 12v este solo requiere muy pocos componentes externos, lo que ahorra significativamente costos y espacio en la placa.","robots":{"index":"index","follow":"follow","max-snippet":"max-snippet:-1","max-image-preview":"max-image-preview:large","max-video-preview":"max-video-preview:-1"},"canonical":"https:\/\/www.electronicajnc.com\/web\/producto\/pam8610-mini-amplificador-de-audio-15w-12v\/","og_locale":"es_ES","og_type":"article","og_title":"Pam8610 Mini Amplificador De Audio 15w 12v - Electronica JNC","og_description":"Pam8610 Mini Amplificador De Audio 15w 12v este solo requiere muy pocos componentes externos, lo que ahorra significativamente costos y espacio en la placa.","og_url":"https:\/\/www.electronicajnc.com\/web\/producto\/pam8610-mini-amplificador-de-audio-15w-12v\/","og_site_name":"Electronica JNC","article_modified_time":"2023-11-28T16:29:43+00:00","og_image":[{"width":1028,"height":1115,"url":"https:\/\/www.electronicajnc.com\/web\/wp-content\/uploads\/2023\/11\/pam8610_v2.jpg","type":"image\/jpeg"}],"twitter_card":"summary_large_image","twitter_misc":{"Tiempo de lectura":"3 minutos"},"schema":{"@context":"https:\/\/schema.org","@graph":[{"@type":"WebPage","@id":"https:\/\/www.electronicajnc.com\/web\/producto\/pam8610-mini-amplificador-de-audio-15w-12v\/","url":"https:\/\/www.electronicajnc.com\/web\/producto\/pam8610-mini-amplificador-de-audio-15w-12v\/","name":"Pam8610 Mini Amplificador De Audio 15w 12v - Electronica JNC","isPartOf":{"@id":"https:\/\/www.electronicajnc.com\/web\/#website"},"primaryImageOfPage":{"@id":"https:\/\/www.electronicajnc.com\/web\/producto\/pam8610-mini-amplificador-de-audio-15w-12v\/#primaryimage"},"image":{"@id":"https:\/\/www.electronicajnc.com\/web\/producto\/pam8610-mini-amplificador-de-audio-15w-12v\/#primaryimage"},"thumbnailUrl":"https:\/\/www.electronicajnc.com\/web\/wp-content\/uploads\/2023\/11\/pam8610_v2.jpg","datePublished":"2023-11-28T16:01:10+00:00","dateModified":"2023-11-28T16:29:43+00:00","description":"Pam8610 Mini Amplificador De Audio 15w 12v este solo requiere muy pocos componentes externos, lo que ahorra significativamente costos y espacio en la placa.","breadcrumb":{"@id":"https:\/\/www.electronicajnc.com\/web\/producto\/pam8610-mini-amplificador-de-audio-15w-12v\/#breadcrumb"},"inLanguage":"es","potentialAction":[{"@type":"ReadAction","target":["https:\/\/www.electronicajnc.com\/web\/producto\/pam8610-mini-amplificador-de-audio-15w-12v\/"]}]},{"@type":"ImageObject","inLanguage":"es","@id":"https:\/\/www.electronicajnc.com\/web\/producto\/pam8610-mini-amplificador-de-audio-15w-12v\/#primaryimage","url":"https:\/\/www.electronicajnc.com\/web\/wp-content\/uploads\/2023\/11\/pam8610_v2.jpg","contentUrl":"https:\/\/www.electronicajnc.com\/web\/wp-content\/uploads\/2023\/11\/pam8610_v2.jpg","width":1028,"height":1115,"caption":"Pam8610 Mini Amplificador De Audio"},{"@type":"BreadcrumbList","@id":"https:\/\/www.electronicajnc.com\/web\/producto\/pam8610-mini-amplificador-de-audio-15w-12v\/#breadcrumb","itemListElement":[{"@type":"ListItem","position":1,"name":"Portada","item":"https:\/\/www.electronicajnc.com\/web\/"},{"@type":"ListItem","position":2,"name":"TIENDA","item":"https:\/\/www.electronicajnc.com\/web\/tienda\/"},{"@type":"ListItem","position":3,"name":"Pam8610 Mini Amplificador De Audio 15w 12v"}]},{"@type":"WebSite","@id":"https:\/\/www.electronicajnc.com\/web\/#website","url":"https:\/\/www.electronicajnc.com\/web\/","name":"Electronica JNC","description":"Robotica Tecnologia Mecatronica en Ecuador","publisher":{"@id":"https:\/\/www.electronicajnc.com\/web\/#organization"},"potentialAction":[{"@type":"SearchAction","target":{"@type":"EntryPoint","urlTemplate":"https:\/\/www.electronicajnc.com\/web\/?s={search_term_string}"},"query-input":{"@type":"PropertyValueSpecification","valueRequired":true,"valueName":"search_term_string"}}],"inLanguage":"es"},{"@type":"Organization","@id":"https:\/\/www.electronicajnc.com\/web\/#organization","name":"Electronica JNC","url":"https:\/\/www.electronicajnc.com\/web\/","logo":{"@type":"ImageObject","inLanguage":"es","@id":"https:\/\/www.electronicajnc.com\/web\/#\/schema\/logo\/image\/","url":"https:\/\/www.electronicajnc.com\/web\/wp-content\/uploads\/2023\/06\/nuevo-logo.jpg","contentUrl":"https:\/\/www.electronicajnc.com\/web\/wp-content\/uploads\/2023\/06\/nuevo-logo.jpg","width":1256,"height":612,"caption":"Electronica JNC"},"image":{"@id":"https:\/\/www.electronicajnc.com\/web\/#\/schema\/logo\/image\/"}}]}},"_links":{"self":[{"href":"https:\/\/www.electronicajnc.com\/web\/wp-json\/wp\/v2\/product\/1299","targetHints":{"allow":["GET"]}}],"collection":[{"href":"https:\/\/www.electronicajnc.com\/web\/wp-json\/wp\/v2\/product"}],"about":[{"href":"https:\/\/www.electronicajnc.com\/web\/wp-json\/wp\/v2\/types\/product"}],"replies":[{"embeddable":true,"href":"https:\/\/www.electronicajnc.com\/web\/wp-json\/wp\/v2\/comments?post=1299"}],"wp:featuredmedia":[{"embeddable":true,"href":"https:\/\/www.electronicajnc.com\/web\/wp-json\/wp\/v2\/media\/1303"}],"wp:attachment":[{"href":"https:\/\/www.electronicajnc.com\/web\/wp-json\/wp\/v2\/media?parent=1299"}],"wp:term":[{"taxonomy":"product_brand","embeddable":true,"href":"https:\/\/www.electronicajnc.com\/web\/wp-json\/wp\/v2\/product_brand?post=1299"},{"taxonomy":"product_cat","embeddable":true,"href":"https:\/\/www.electronicajnc.com\/web\/wp-json\/wp\/v2\/product_cat?post=1299"},{"taxonomy":"product_tag","embeddable":true,"href":"https:\/\/www.electronicajnc.com\/web\/wp-json\/wp\/v2\/product_tag?post=1299"}],"curies":[{"name":"wp","href":"https:\/\/api.w.org\/{rel}","templated":true}]}}