{"id":1304,"date":"2023-11-28T22:50:24","date_gmt":"2023-11-28T22:50:24","guid":{"rendered":"https:\/\/www.electronicajnc.com\/web\/?post_type=product&#038;p=1304"},"modified":"2023-11-28T23:23:40","modified_gmt":"2023-11-28T23:23:40","slug":"pantalla-lcd-20x4-display-lcd-20x4","status":"publish","type":"product","link":"https:\/\/www.electronicajnc.com\/web\/producto\/pantalla-lcd-20x4-display-lcd-20x4\/","title":{"rendered":"PANTALLA LCD 20X4 &#8211; DISPLAY LCD 20X4"},"content":{"rendered":"<p class=\"h1\">PANTALLA LCD 20X4 &#8211; DISPLAY LCD 20X4<\/p>\n<p><img fetchpriority=\"high\" decoding=\"async\" class=\"aligncenter\" src=\"https:\/\/www.electronicajnc.com\/web\/wp-content\/uploads\/2023\/11\/20-por-4.jpg\" alt=\"PANTALLA LCD 20X4 - DISPLAY LCD 20X4\" width=\"562\" height=\"313\" \/><\/p>\n<p>Una pantalla LCD de 20&#215;4 es un m\u00f3dulo muy b\u00e1sico y se usa com\u00fanmente en varios dispositivos y circuitos. Estos m\u00f3dulos son preferibles a los de siete segmentos y otros dispositivos LED de segmentos m\u00faltiples por las siguientes razones: son econ\u00f3micas, f\u00e1cilmente programables, no tienen limitaciones para mostrar caracteres especiales e incluso personalizados, animaciones, etc. En esta pantalla cada car\u00e1cter se muestra en una matriz de 5&#215;7 p\u00edxeles. Este display LCD tiene dos registros: Comando (para el control) y Datos (la informaci\u00f3n que el usuario quiere visualizar). No se requiere modificaci\u00f3n del c\u00f3digo ni de las conexiones entre un LCD est\u00e1ndar de 16&#215;2 o 20&#215;4 (ya que ambos se basan en el controlador Hitachi HD44780 o compatible).<\/p>\n<h1 class=\"h1\">PANTALLA LCD 20X4 &#8211; DISPLAY LCD 20X4<\/h1>\n<h2>Especificaciones<\/h2>\n<ul>\n<li><strong>Modelo:<\/strong>\u00a02004A<\/li>\n<li><strong>Formato de presentaci\u00f3n:<\/strong>\u00a020 caracteres X 4 l\u00edneas<\/li>\n<li><strong>Interfaz de entrada:<\/strong>\u00a04-Bits \/ 8-Bits<\/li>\n<li><strong>Retroiluminacion:<\/strong>\u00a0LED blanco<\/li>\n<li><strong>Controlador:<\/strong>\u00a0SPLC780D (compatible con Hitachi HD44780)<\/li>\n<li><strong>Modo de presentaci\u00f3n:<\/strong>\u00a0Fondo azul \/ Caracteres blancos<\/li>\n<li><strong>Caracteres:<\/strong>\u00a05X8 puntos<\/li>\n<li><strong>Tama\u00f1o de cada punto:<\/strong>\u00a00.55X0.55 mm<\/li>\n<li><strong>Separaci\u00f3n entre puntos:<\/strong>\u00a00.60X0.60 mm<\/li>\n<li><strong>Medidas del m\u00f3dulo:<\/strong>\u00a098.0(ancho) \u00d7 60.0(alto) \u00d7 12(espesor) mm<\/li>\n<li><strong>Medidas del display (Area de presentaci\u00f3n):<\/strong>\u00a076.0(ancho) \u00d7 27.0(alto) mm<\/li>\n<li><strong>Temperatura de funcionamiento:<\/strong>\u00a0-10 a +60 grados Celsius<\/li>\n<li><strong>Temperatura de almacenamiento:<\/strong>\u00a0-20 a +70 grados Celsius<\/li>\n<li><strong>Voltaje de funcionamiento:<\/strong>\u00a05V<\/li>\n<li><strong>Consumo de corriente del LCD:<\/strong>\u00a0aproximadamente 2 mA<\/li>\n<li><strong>Consumo de la luz de fondo (retroiluminacion):<\/strong>\u00a040 mA<\/li>\n<\/ul>\n<p>&nbsp;<\/p>\n<div>\n<h2><b>\u00bfD\u00f3nde<\/b><strong>\u00a0conseguir ?<\/strong><\/h2>\n<\/div>\n<p>Puedes conseguir este producto y mucho mas en nuestra tienda de electr\u00f3nica \u201cElectr\u00f3nica JNC\u201d a un excelente precio, de igual manera puedes preguntar por otros productos que tenemos para ti y as\u00ed adquirirlos seg\u00fan tu necesidad para\u00a0 tus proyectos.<\/p>\n<p>Adem\u00e1s de vender realizamos todo tipo de proyectos de Rob\u00f3tica Electr\u00f3nica y de Programaci\u00f3n en Arduino-Raspberry, brindamos asesoramiento en la elaboraci\u00f3n de proyectos y personalizamos sus clases cuando deseas armar un robot.<\/p>\n<p>Somos importadores Directos de todo en Electr\u00f3nica y Rob\u00f3tica directamente desde los fabricantes, a los mejores precios del mercado.<\/p>\n<div class=\"x11i5rnm xat24cr x1mh8g0r x1vvkbs xtlvy1s x126k92a\">\n<div dir=\"auto\">SERVICIO PERSONALIZADO, APOYO TEORICO Y VENTA DE MATERIAL<\/div>\n<\/div>\n<div class=\"x11i5rnm xat24cr x1mh8g0r x1vvkbs xtlvy1s x126k92a\">\n<div dir=\"auto\">COTIZA CON NOSOTROS<\/div>\n<div dir=\"auto\">SERVICIO, EXPERIENCIA, CALIDAD Y CONFIANZA<\/div>\n<div dir=\"auto\">\u00abTodo lo que buscas en un solo lugar\u00bb<\/div>\n<\/div>\n<div dir=\"auto\"><\/div>\n<p><img decoding=\"async\" class=\"aligncenter\" src=\"https:\/\/images.ua.prom.st\/1494267654_1494267654.jpg?PImaGE_ID=1494267654\" \/><\/p>\n<p style=\"text-align: center;\">Realizar un pedido en la web o por \u00a0<a href=\"https:\/\/api.whatsapp.com\/send?phone=593958753126\" target=\"_blank\" rel=\"noopener\">WHATSAPP<\/a>.<\/p>\n<p><img decoding=\"async\" class=\"aligncenter\" src=\"https:\/\/images.ua.prom.st\/1494267867_1494267867.jpg?PImaGE_ID=1494267867\" \/><\/p>\n<p style=\"text-align: center;\">Consulta con un asesor\u00a0 todas tus inquietudes.<\/p>\n<p><img decoding=\"async\" class=\"aligncenter\" src=\"https:\/\/images.ua.prom.st\/1494266627_1494266627.jpg?PImaGE_ID=1494266627\" \/><\/p>\n<p style=\"text-align: center;\">Pregunta las formas de pago.<\/p>\n<p><img decoding=\"async\" class=\"aligncenter\" src=\"https:\/\/images.ua.prom.st\/1494267985_1494267985.jpg?PImaGE_ID=1494267985\" \/><\/p>\n<p style=\"text-align: center;\">Tu pedido llega a la puerta de tu casa.<\/p>\n<p>&nbsp;<\/p>\n<p><strong>\u00a1\u00a1 PREG\u00daNTANOS Sin compromiso !!!!<\/strong><\/p>\n<p>Puede retirar sus pedidos en nuestra\u00a0<a href=\"https:\/\/www.electronicajnc.com\/web\/contactos\" target=\"_blank\" rel=\"noopener\">TIENDA F\u00cdSICA<\/a>\u00a0o realizar sus pedidos\u00a0<a href=\"https:\/\/www.electronicajnc.com\/web\/mi-cuenta\" target=\"_blank\" rel=\"noopener\">ONLINE<\/a>\u00a0o por\u00a0<a href=\"https:\/\/api.whatsapp.com\/send?phone=593958753126\" target=\"_blank\" rel=\"noopener\">WHATSAPP<\/a>.<\/p>\n<p>&nbsp;<\/p>\n","protected":false},"excerpt":{"rendered":"<p>La pantalla LCD 20&#215;4 (conocido tambi\u00e9n como display LCD 20&#215;4) es un dispositivo que permite la presentaci\u00f3n de caracteres alfanum\u00e9ricos y otros simbolos en un formato de 20 caracteres por l\u00ednea, en 4 l\u00edneas. Es compatible con el controlador Hitachi HD44780.<\/p>\n","protected":false},"featured_media":1307,"comment_status":"closed","ping_status":"closed","template":"","meta":{"saved_in_kubio":false,"_joinchat":[]},"product_brand":[],"product_cat":[309],"product_tag":[196,903,902,770,769,901,25],"class_list":{"0":"post-1304","1":"product","2":"type-product","3":"status-publish","4":"has-post-thumbnail","6":"product_cat-componentes-electronicos","7":"product_tag-arduino","8":"product_tag-componentes-electronicos","9":"product_tag-display-lcd-20x4","10":"product_tag-inteligencia-artificial","11":"product_tag-iot","12":"product_tag-pantalla-lcd-20x4","13":"product_tag-ultrasonico","15":"first","16":"instock","17":"taxable","18":"shipping-taxable","19":"purchasable","20":"product-type-simple"},"yoast_head":"<!-- This site is optimized with the Yoast SEO plugin v27.5 - https:\/\/yoast.com\/product\/yoast-seo-wordpress\/ -->\n<title>PANTALLA LCD 20X4 - DISPLAY LCD 20X4 - Electronica JNC<\/title>\n<meta name=\"description\" content=\"PANTALLA LCD 20X4 - DISPLAY LCD 20X4 Permite la presentaci\u00f3n de caracteres alfanum\u00e9ricos y s\u00edmbolos en un formato de 20 caracteres por l\u00ednea, en 4 l\u00edneas\" \/>\n<meta name=\"robots\" content=\"index, follow, max-snippet:-1, max-image-preview:large, max-video-preview:-1\" \/>\n<link rel=\"canonical\" href=\"https:\/\/www.electronicajnc.com\/web\/producto\/pantalla-lcd-20x4-display-lcd-20x4\/\" \/>\n<meta property=\"og:locale\" content=\"es_ES\" \/>\n<meta property=\"og:type\" content=\"article\" \/>\n<meta property=\"og:title\" content=\"PANTALLA LCD 20X4 - DISPLAY LCD 20X4 - Electronica JNC\" \/>\n<meta property=\"og:description\" content=\"PANTALLA LCD 20X4 - DISPLAY LCD 20X4 Permite la presentaci\u00f3n de caracteres alfanum\u00e9ricos y s\u00edmbolos en un formato de 20 caracteres por l\u00ednea, en 4 l\u00edneas\" \/>\n<meta property=\"og:url\" content=\"https:\/\/www.electronicajnc.com\/web\/producto\/pantalla-lcd-20x4-display-lcd-20x4\/\" \/>\n<meta property=\"og:site_name\" content=\"Electronica JNC\" \/>\n<meta property=\"article:modified_time\" content=\"2023-11-28T23:23:40+00:00\" \/>\n<meta property=\"og:image\" content=\"https:\/\/www.electronicajnc.com\/web\/wp-content\/uploads\/2023\/11\/20-por-4-1.jpg-1-1.jpg-1.1-1.jpg\" \/>\n\t<meta property=\"og:image:width\" content=\"775\" \/>\n\t<meta property=\"og:image:height\" content=\"848\" \/>\n\t<meta property=\"og:image:type\" content=\"image\/jpeg\" \/>\n<meta name=\"twitter:card\" content=\"summary_large_image\" \/>\n<meta name=\"twitter:label1\" content=\"Tiempo de lectura\" \/>\n\t<meta name=\"twitter:data1\" content=\"3 minutos\" \/>\n<script type=\"application\/ld+json\" class=\"yoast-schema-graph\">{\"@context\":\"https:\\\/\\\/schema.org\",\"@graph\":[{\"@type\":\"WebPage\",\"@id\":\"https:\\\/\\\/www.electronicajnc.com\\\/web\\\/producto\\\/pantalla-lcd-20x4-display-lcd-20x4\\\/\",\"url\":\"https:\\\/\\\/www.electronicajnc.com\\\/web\\\/producto\\\/pantalla-lcd-20x4-display-lcd-20x4\\\/\",\"name\":\"PANTALLA LCD 20X4 - DISPLAY LCD 20X4 - Electronica JNC\",\"isPartOf\":{\"@id\":\"https:\\\/\\\/www.electronicajnc.com\\\/web\\\/#website\"},\"primaryImageOfPage\":{\"@id\":\"https:\\\/\\\/www.electronicajnc.com\\\/web\\\/producto\\\/pantalla-lcd-20x4-display-lcd-20x4\\\/#primaryimage\"},\"image\":{\"@id\":\"https:\\\/\\\/www.electronicajnc.com\\\/web\\\/producto\\\/pantalla-lcd-20x4-display-lcd-20x4\\\/#primaryimage\"},\"thumbnailUrl\":\"https:\\\/\\\/www.electronicajnc.com\\\/web\\\/wp-content\\\/uploads\\\/2023\\\/11\\\/20-por-4-1.jpg-1-1.jpg-1.1-1.jpg\",\"datePublished\":\"2023-11-28T22:50:24+00:00\",\"dateModified\":\"2023-11-28T23:23:40+00:00\",\"description\":\"PANTALLA LCD 20X4 - DISPLAY LCD 20X4 Permite la presentaci\u00f3n de caracteres alfanum\u00e9ricos y s\u00edmbolos en un formato de 20 caracteres por l\u00ednea, en 4 l\u00edneas\",\"breadcrumb\":{\"@id\":\"https:\\\/\\\/www.electronicajnc.com\\\/web\\\/producto\\\/pantalla-lcd-20x4-display-lcd-20x4\\\/#breadcrumb\"},\"inLanguage\":\"es\",\"potentialAction\":[{\"@type\":\"ReadAction\",\"target\":[\"https:\\\/\\\/www.electronicajnc.com\\\/web\\\/producto\\\/pantalla-lcd-20x4-display-lcd-20x4\\\/\"]}]},{\"@type\":\"ImageObject\",\"inLanguage\":\"es\",\"@id\":\"https:\\\/\\\/www.electronicajnc.com\\\/web\\\/producto\\\/pantalla-lcd-20x4-display-lcd-20x4\\\/#primaryimage\",\"url\":\"https:\\\/\\\/www.electronicajnc.com\\\/web\\\/wp-content\\\/uploads\\\/2023\\\/11\\\/20-por-4-1.jpg-1-1.jpg-1.1-1.jpg\",\"contentUrl\":\"https:\\\/\\\/www.electronicajnc.com\\\/web\\\/wp-content\\\/uploads\\\/2023\\\/11\\\/20-por-4-1.jpg-1-1.jpg-1.1-1.jpg\",\"width\":775,\"height\":848,\"caption\":\"PANTALLA LCD 20X4 - DISPLAY LCD 20X4\"},{\"@type\":\"BreadcrumbList\",\"@id\":\"https:\\\/\\\/www.electronicajnc.com\\\/web\\\/producto\\\/pantalla-lcd-20x4-display-lcd-20x4\\\/#breadcrumb\",\"itemListElement\":[{\"@type\":\"ListItem\",\"position\":1,\"name\":\"Portada\",\"item\":\"https:\\\/\\\/www.electronicajnc.com\\\/web\\\/\"},{\"@type\":\"ListItem\",\"position\":2,\"name\":\"TIENDA\",\"item\":\"https:\\\/\\\/www.electronicajnc.com\\\/web\\\/tienda\\\/\"},{\"@type\":\"ListItem\",\"position\":3,\"name\":\"PANTALLA LCD 20X4 &#8211; DISPLAY LCD 20X4\"}]},{\"@type\":\"WebSite\",\"@id\":\"https:\\\/\\\/www.electronicajnc.com\\\/web\\\/#website\",\"url\":\"https:\\\/\\\/www.electronicajnc.com\\\/web\\\/\",\"name\":\"Electronica JNC\",\"description\":\"Robotica Tecnologia Mecatronica en Ecuador\",\"publisher\":{\"@id\":\"https:\\\/\\\/www.electronicajnc.com\\\/web\\\/#organization\"},\"potentialAction\":[{\"@type\":\"SearchAction\",\"target\":{\"@type\":\"EntryPoint\",\"urlTemplate\":\"https:\\\/\\\/www.electronicajnc.com\\\/web\\\/?s={search_term_string}\"},\"query-input\":{\"@type\":\"PropertyValueSpecification\",\"valueRequired\":true,\"valueName\":\"search_term_string\"}}],\"inLanguage\":\"es\"},{\"@type\":\"Organization\",\"@id\":\"https:\\\/\\\/www.electronicajnc.com\\\/web\\\/#organization\",\"name\":\"Electronica JNC\",\"url\":\"https:\\\/\\\/www.electronicajnc.com\\\/web\\\/\",\"logo\":{\"@type\":\"ImageObject\",\"inLanguage\":\"es\",\"@id\":\"https:\\\/\\\/www.electronicajnc.com\\\/web\\\/#\\\/schema\\\/logo\\\/image\\\/\",\"url\":\"https:\\\/\\\/www.electronicajnc.com\\\/web\\\/wp-content\\\/uploads\\\/2023\\\/06\\\/nuevo-logo.jpg\",\"contentUrl\":\"https:\\\/\\\/www.electronicajnc.com\\\/web\\\/wp-content\\\/uploads\\\/2023\\\/06\\\/nuevo-logo.jpg\",\"width\":1256,\"height\":612,\"caption\":\"Electronica JNC\"},\"image\":{\"@id\":\"https:\\\/\\\/www.electronicajnc.com\\\/web\\\/#\\\/schema\\\/logo\\\/image\\\/\"}}]}<\/script>\n<!-- \/ Yoast SEO plugin. -->","yoast_head_json":{"title":"PANTALLA LCD 20X4 - DISPLAY LCD 20X4 - Electronica JNC","description":"PANTALLA LCD 20X4 - DISPLAY LCD 20X4 Permite la presentaci\u00f3n de caracteres alfanum\u00e9ricos y s\u00edmbolos en un formato de 20 caracteres por l\u00ednea, en 4 l\u00edneas","robots":{"index":"index","follow":"follow","max-snippet":"max-snippet:-1","max-image-preview":"max-image-preview:large","max-video-preview":"max-video-preview:-1"},"canonical":"https:\/\/www.electronicajnc.com\/web\/producto\/pantalla-lcd-20x4-display-lcd-20x4\/","og_locale":"es_ES","og_type":"article","og_title":"PANTALLA LCD 20X4 - DISPLAY LCD 20X4 - Electronica JNC","og_description":"PANTALLA LCD 20X4 - DISPLAY LCD 20X4 Permite la presentaci\u00f3n de caracteres alfanum\u00e9ricos y s\u00edmbolos en un formato de 20 caracteres por l\u00ednea, en 4 l\u00edneas","og_url":"https:\/\/www.electronicajnc.com\/web\/producto\/pantalla-lcd-20x4-display-lcd-20x4\/","og_site_name":"Electronica JNC","article_modified_time":"2023-11-28T23:23:40+00:00","og_image":[{"width":775,"height":848,"url":"https:\/\/www.electronicajnc.com\/web\/wp-content\/uploads\/2023\/11\/20-por-4-1.jpg-1-1.jpg-1.1-1.jpg","type":"image\/jpeg"}],"twitter_card":"summary_large_image","twitter_misc":{"Tiempo de lectura":"3 minutos"},"schema":{"@context":"https:\/\/schema.org","@graph":[{"@type":"WebPage","@id":"https:\/\/www.electronicajnc.com\/web\/producto\/pantalla-lcd-20x4-display-lcd-20x4\/","url":"https:\/\/www.electronicajnc.com\/web\/producto\/pantalla-lcd-20x4-display-lcd-20x4\/","name":"PANTALLA LCD 20X4 - DISPLAY LCD 20X4 - Electronica JNC","isPartOf":{"@id":"https:\/\/www.electronicajnc.com\/web\/#website"},"primaryImageOfPage":{"@id":"https:\/\/www.electronicajnc.com\/web\/producto\/pantalla-lcd-20x4-display-lcd-20x4\/#primaryimage"},"image":{"@id":"https:\/\/www.electronicajnc.com\/web\/producto\/pantalla-lcd-20x4-display-lcd-20x4\/#primaryimage"},"thumbnailUrl":"https:\/\/www.electronicajnc.com\/web\/wp-content\/uploads\/2023\/11\/20-por-4-1.jpg-1-1.jpg-1.1-1.jpg","datePublished":"2023-11-28T22:50:24+00:00","dateModified":"2023-11-28T23:23:40+00:00","description":"PANTALLA LCD 20X4 - DISPLAY LCD 20X4 Permite la presentaci\u00f3n de caracteres alfanum\u00e9ricos y s\u00edmbolos en un formato de 20 caracteres por l\u00ednea, en 4 l\u00edneas","breadcrumb":{"@id":"https:\/\/www.electronicajnc.com\/web\/producto\/pantalla-lcd-20x4-display-lcd-20x4\/#breadcrumb"},"inLanguage":"es","potentialAction":[{"@type":"ReadAction","target":["https:\/\/www.electronicajnc.com\/web\/producto\/pantalla-lcd-20x4-display-lcd-20x4\/"]}]},{"@type":"ImageObject","inLanguage":"es","@id":"https:\/\/www.electronicajnc.com\/web\/producto\/pantalla-lcd-20x4-display-lcd-20x4\/#primaryimage","url":"https:\/\/www.electronicajnc.com\/web\/wp-content\/uploads\/2023\/11\/20-por-4-1.jpg-1-1.jpg-1.1-1.jpg","contentUrl":"https:\/\/www.electronicajnc.com\/web\/wp-content\/uploads\/2023\/11\/20-por-4-1.jpg-1-1.jpg-1.1-1.jpg","width":775,"height":848,"caption":"PANTALLA LCD 20X4 - DISPLAY LCD 20X4"},{"@type":"BreadcrumbList","@id":"https:\/\/www.electronicajnc.com\/web\/producto\/pantalla-lcd-20x4-display-lcd-20x4\/#breadcrumb","itemListElement":[{"@type":"ListItem","position":1,"name":"Portada","item":"https:\/\/www.electronicajnc.com\/web\/"},{"@type":"ListItem","position":2,"name":"TIENDA","item":"https:\/\/www.electronicajnc.com\/web\/tienda\/"},{"@type":"ListItem","position":3,"name":"PANTALLA LCD 20X4 &#8211; DISPLAY LCD 20X4"}]},{"@type":"WebSite","@id":"https:\/\/www.electronicajnc.com\/web\/#website","url":"https:\/\/www.electronicajnc.com\/web\/","name":"Electronica JNC","description":"Robotica Tecnologia Mecatronica en Ecuador","publisher":{"@id":"https:\/\/www.electronicajnc.com\/web\/#organization"},"potentialAction":[{"@type":"SearchAction","target":{"@type":"EntryPoint","urlTemplate":"https:\/\/www.electronicajnc.com\/web\/?s={search_term_string}"},"query-input":{"@type":"PropertyValueSpecification","valueRequired":true,"valueName":"search_term_string"}}],"inLanguage":"es"},{"@type":"Organization","@id":"https:\/\/www.electronicajnc.com\/web\/#organization","name":"Electronica JNC","url":"https:\/\/www.electronicajnc.com\/web\/","logo":{"@type":"ImageObject","inLanguage":"es","@id":"https:\/\/www.electronicajnc.com\/web\/#\/schema\/logo\/image\/","url":"https:\/\/www.electronicajnc.com\/web\/wp-content\/uploads\/2023\/06\/nuevo-logo.jpg","contentUrl":"https:\/\/www.electronicajnc.com\/web\/wp-content\/uploads\/2023\/06\/nuevo-logo.jpg","width":1256,"height":612,"caption":"Electronica JNC"},"image":{"@id":"https:\/\/www.electronicajnc.com\/web\/#\/schema\/logo\/image\/"}}]}},"_links":{"self":[{"href":"https:\/\/www.electronicajnc.com\/web\/wp-json\/wp\/v2\/product\/1304","targetHints":{"allow":["GET"]}}],"collection":[{"href":"https:\/\/www.electronicajnc.com\/web\/wp-json\/wp\/v2\/product"}],"about":[{"href":"https:\/\/www.electronicajnc.com\/web\/wp-json\/wp\/v2\/types\/product"}],"replies":[{"embeddable":true,"href":"https:\/\/www.electronicajnc.com\/web\/wp-json\/wp\/v2\/comments?post=1304"}],"wp:featuredmedia":[{"embeddable":true,"href":"https:\/\/www.electronicajnc.com\/web\/wp-json\/wp\/v2\/media\/1307"}],"wp:attachment":[{"href":"https:\/\/www.electronicajnc.com\/web\/wp-json\/wp\/v2\/media?parent=1304"}],"wp:term":[{"taxonomy":"product_brand","embeddable":true,"href":"https:\/\/www.electronicajnc.com\/web\/wp-json\/wp\/v2\/product_brand?post=1304"},{"taxonomy":"product_cat","embeddable":true,"href":"https:\/\/www.electronicajnc.com\/web\/wp-json\/wp\/v2\/product_cat?post=1304"},{"taxonomy":"product_tag","embeddable":true,"href":"https:\/\/www.electronicajnc.com\/web\/wp-json\/wp\/v2\/product_tag?post=1304"}],"curies":[{"name":"wp","href":"https:\/\/api.w.org\/{rel}","templated":true}]}}