{"id":1321,"date":"2023-12-07T17:01:39","date_gmt":"2023-12-07T17:01:39","guid":{"rendered":"https:\/\/www.electronicajnc.com\/web\/?post_type=product&#038;p=1321"},"modified":"2025-01-15T00:59:29","modified_gmt":"2025-01-15T00:59:29","slug":"voltimetro-amperimetro-dc-medidor-dc-100v-10a-dc","status":"publish","type":"product","link":"https:\/\/www.electronicajnc.com\/web\/producto\/voltimetro-amperimetro-dc-medidor-dc-100v-10a-dc\/","title":{"rendered":"Voltimetro Amperimetro DC Medidor DC 100V 10A DC"},"content":{"rendered":"<p>Voltimetro Amperimetro DC Medidor DC 100V 10A DC<img fetchpriority=\"high\" decoding=\"async\" class=\"aligncenter\" src=\"https:\/\/www.electronicajnc.com\/web\/wp-content\/uploads\/2023\/12\/PANEL-MEDIDOR-DE-VOLTAJE-100V-10A.jpg-2.jpg\" alt=\"Voltimetro Amperimetro DC Medidor DC Automotriz 100V 10A DC\" width=\"486\" height=\"323\" \/><\/p>\n<p>Presentamos el volt\u00edmetro amper\u00edmetro digital LED Eiechip, un mini mult\u00edmetro digital de CC vers\u00e1til y confiable dise\u00f1ado para satisfacer todas sus necesidades de monitoreo de voltaje y corriente.\u00a0Con su pantalla digital dual y su dise\u00f1o elegante, este volt\u00edmetro no solo es pr\u00e1ctico sino que tambi\u00e9n agrega un toque de modernidad a cualquier espacio.\u00a0Al operar en un rango de voltaje de CC de 4,5 a 30 V, este mult\u00edmetro digital puede medir con precisi\u00f3n voltajes en el rango de 0 a 100 V.\u00a0Su alta resoluci\u00f3n de 0,1 V garantiza lecturas precisas, lo que le permite controlar de cerca los niveles de potencia de sus dispositivos.<\/p>\n<h1>Voltimetro Amperimetro DC Medidor DC 100V 10A DC<\/h1>\n<p>Especificaciones:<\/p>\n<p>Voltaje de funcionamiento: 4-30 V CC<\/p>\n<p>Nota: El voltaje de entrada m\u00e1ximo no puede exceder los 30 V, de lo contrario existe peligro de quemaduras.<\/p>\n<p>Rango de medici\u00f3n: CC 0-100 V 0-10 A.<\/p>\n<p>Resoluci\u00f3n m\u00ednima (V): 0,1 V Frecuencia de actualizaci\u00f3n: 100 mS\/veces<\/p>\n<p>Precisi\u00f3n de la medida: 1%<\/p>\n<p>Resoluci\u00f3n m\u00ednima (A): 0,01\u00aa<\/p>\n<p>Temperatura de funcionamiento: -15 a 70\u00b0c<\/p>\n<p>Presi\u00f3n de trabajo: 80 a 106 kPa Tama\u00f1o: 48x29x21mm\/1,88*1,14*0,82<\/p>\n<div>\n<h2><b>\u00bfD\u00f3nde<\/b><strong>\u00a0conseguir ?<\/strong><\/h2>\n<\/div>\n<p>Puedes conseguir este producto y mucho mas en nuestra tienda de electr\u00f3nica \u201cElectr\u00f3nica JNC\u201d a un excelente precio, de igual manera puedes preguntar por otros productos que tenemos para ti y as\u00ed adquirirlos seg\u00fan tu necesidad para\u00a0 tus proyectos.<\/p>\n<p>Adem\u00e1s de vender realizamos todo tipo de proyectos de Rob\u00f3tica Electr\u00f3nica y de Programaci\u00f3n en Arduino-Raspberry, brindamos asesoramiento en la elaboraci\u00f3n de proyectos y personalizamos sus clases cuando deseas armar un robot.<\/p>\n<p>Somos importadores Directos de todo en Electr\u00f3nica y Rob\u00f3tica directamente desde los fabricantes, a los mejores precios del mercado.<\/p>\n<div class=\"x11i5rnm xat24cr x1mh8g0r x1vvkbs xtlvy1s x126k92a\">\n<div dir=\"auto\">SERVICIO PERSONALIZADO, APOYO TEORICO Y VENTA DE MATERIAL<\/div>\n<\/div>\n<div class=\"x11i5rnm xat24cr x1mh8g0r x1vvkbs xtlvy1s x126k92a\">\n<div dir=\"auto\">COTIZA CON NOSOTROS<\/div>\n<div dir=\"auto\">SERVICIO, EXPERIENCIA, CALIDAD Y CONFIANZA<\/div>\n<div dir=\"auto\">\u00abTodo lo que buscas en un solo lugar\u00bb<\/div>\n<\/div>\n<div dir=\"auto\"><\/div>\n<p><img decoding=\"async\" class=\"aligncenter\" src=\"https:\/\/images.ua.prom.st\/1494267654_1494267654.jpg?PImaGE_ID=1494267654\" \/><\/p>\n<p style=\"text-align: center;\">Realizar un pedido en la web o por \u00a0<a href=\"https:\/\/api.whatsapp.com\/send?phone=593958753126\" target=\"_blank\" rel=\"noopener\">WHATSAPP<\/a>.<\/p>\n<p><img decoding=\"async\" class=\"aligncenter\" src=\"https:\/\/images.ua.prom.st\/1494267867_1494267867.jpg?PImaGE_ID=1494267867\" \/><\/p>\n<p style=\"text-align: center;\">Consulta con un asesor\u00a0 todas tus inquietudes.<\/p>\n<p><img decoding=\"async\" class=\"aligncenter\" src=\"https:\/\/images.ua.prom.st\/1494266627_1494266627.jpg?PImaGE_ID=1494266627\" \/><\/p>\n<p style=\"text-align: center;\">Pregunta las formas de pago.<\/p>\n<p><img decoding=\"async\" class=\"aligncenter\" src=\"https:\/\/images.ua.prom.st\/1494267985_1494267985.jpg?PImaGE_ID=1494267985\" \/><\/p>\n<p style=\"text-align: center;\">Tu pedido llega a la puerta de tu casa.<\/p>\n<p>&nbsp;<\/p>\n<p><strong>\u00a1\u00a1 PREG\u00daNTANOS Sin compromiso !!!!<\/strong><\/p>\n<p>Puede retirar sus pedidos en nuestra\u00a0<a href=\"https:\/\/www.electronicajnc.com\/web\/contactos\" target=\"_blank\" rel=\"noopener\">TIENDA F\u00cdSICA<\/a>\u00a0o realizar sus pedidos\u00a0<a href=\"https:\/\/www.electronicajnc.com\/web\/mi-cuenta\" target=\"_blank\" rel=\"noopener\">ONLINE<\/a>\u00a0o por\u00a0<a href=\"https:\/\/api.whatsapp.com\/send?phone=593958753126\" target=\"_blank\" rel=\"noopener\">WHATSAPP<\/a>.<\/p>\n","protected":false},"excerpt":{"rendered":"<p>Este medidor digital no solo proporciona lecturas precisas y confiables, sino que tambi\u00e9n cuenta con una pantalla LED azul y roja vibrante.\u00a0La pantalla digital dual facilita la comparaci\u00f3n de voltajes y corrientes de un vistazo, lo que le ahorra tiempo y esfuerzo.\u00a0Adem\u00e1s, la pantalla LED es muy visible, incluso en condiciones de poca luz.\u00a0Compacto y liviano, este volt\u00edmetro amper\u00edmetro digital es extremadamente port\u00e1til y f\u00e1cil de instalar.<\/p>\n","protected":false},"featured_media":1322,"comment_status":"closed","ping_status":"closed","template":"","meta":{"saved_in_kubio":false,"_joinchat":[]},"product_brand":[],"product_cat":[21],"product_tag":[1585,909,1586,907,719,934,908,470,635,697,708,694,701,717,1588,913,705,693,698,32,35,695,567,568],"class_list":{"0":"post-1321","1":"product","2":"type-product","3":"status-publish","4":"has-post-thumbnail","6":"product_cat-modulos_sensores","7":"product_tag-100v","8":"product_tag-100v-10a-dc","9":"product_tag-10a","10":"product_tag-amperimetro","11":"product_tag-control-de-motores-control-de-motores","12":"product_tag-corriente","13":"product_tag-dc","14":"product_tag-digital","15":"product_tag-display","16":"product_tag-educacion-stem","17":"product_tag-kit-de-inicio-arduino","18":"product_tag-kit-diy","19":"product_tag-kit-steam","20":"product_tag-kits-arduino","21":"product_tag-medicion","22":"product_tag-panel-amperimetro","23":"product_tag-pantalla-i2c","24":"product_tag-pantalla-led","25":"product_tag-placa-arduino","26":"product_tag-programacion","27":"product_tag-sensor-de-temperatura","28":"product_tag-servomotor","29":"product_tag-voltaje","30":"product_tag-voltimetro","32":"first","33":"instock","34":"taxable","35":"shipping-taxable","36":"purchasable","37":"product-type-simple"},"yoast_head":"<!-- This site is optimized with the Yoast SEO plugin v27.5 - https:\/\/yoast.com\/product\/yoast-seo-wordpress\/ -->\n<title>Voltimetro Amperimetro DC Medidor DC 100V 10A DC - Electronica JNC<\/title>\n<meta name=\"description\" content=\"Voltimetro Amperimetro DC Medidor DC 100V 10A DC El voltaje de la fuente de alimentaci\u00f3n del medidor debe ser de 4-30v. puede usarse con Arduino.\" \/>\n<meta name=\"robots\" content=\"index, follow, max-snippet:-1, max-image-preview:large, max-video-preview:-1\" \/>\n<link rel=\"canonical\" href=\"https:\/\/www.electronicajnc.com\/web\/producto\/voltimetro-amperimetro-dc-medidor-dc-100v-10a-dc\/\" \/>\n<meta property=\"og:locale\" content=\"es_ES\" \/>\n<meta property=\"og:type\" content=\"article\" \/>\n<meta property=\"og:title\" content=\"Voltimetro Amperimetro DC Medidor DC 100V 10A DC - Electronica JNC\" \/>\n<meta property=\"og:description\" content=\"Voltimetro Amperimetro DC Medidor DC 100V 10A DC El voltaje de la fuente de alimentaci\u00f3n del medidor debe ser de 4-30v. puede usarse con Arduino.\" \/>\n<meta property=\"og:url\" content=\"https:\/\/www.electronicajnc.com\/web\/producto\/voltimetro-amperimetro-dc-medidor-dc-100v-10a-dc\/\" \/>\n<meta property=\"og:site_name\" content=\"Electronica JNC\" \/>\n<meta property=\"article:modified_time\" content=\"2025-01-15T00:59:29+00:00\" \/>\n<meta property=\"og:image\" content=\"https:\/\/www.electronicajnc.com\/web\/wp-content\/uploads\/2023\/12\/PANEL-MEDIDOR-DE-VOLTAJE-100V-10A.jpg\" \/>\n\t<meta property=\"og:image:width\" content=\"1028\" \/>\n\t<meta property=\"og:image:height\" content=\"1115\" \/>\n\t<meta property=\"og:image:type\" content=\"image\/jpeg\" \/>\n<meta name=\"twitter:card\" content=\"summary_large_image\" \/>\n<meta name=\"twitter:label1\" content=\"Tiempo de lectura\" \/>\n\t<meta name=\"twitter:data1\" content=\"3 minutos\" \/>\n<script type=\"application\/ld+json\" class=\"yoast-schema-graph\">{\"@context\":\"https:\\\/\\\/schema.org\",\"@graph\":[{\"@type\":\"WebPage\",\"@id\":\"https:\\\/\\\/www.electronicajnc.com\\\/web\\\/producto\\\/voltimetro-amperimetro-dc-medidor-dc-100v-10a-dc\\\/\",\"url\":\"https:\\\/\\\/www.electronicajnc.com\\\/web\\\/producto\\\/voltimetro-amperimetro-dc-medidor-dc-100v-10a-dc\\\/\",\"name\":\"Voltimetro Amperimetro DC Medidor DC 100V 10A DC - Electronica JNC\",\"isPartOf\":{\"@id\":\"https:\\\/\\\/www.electronicajnc.com\\\/web\\\/#website\"},\"primaryImageOfPage\":{\"@id\":\"https:\\\/\\\/www.electronicajnc.com\\\/web\\\/producto\\\/voltimetro-amperimetro-dc-medidor-dc-100v-10a-dc\\\/#primaryimage\"},\"image\":{\"@id\":\"https:\\\/\\\/www.electronicajnc.com\\\/web\\\/producto\\\/voltimetro-amperimetro-dc-medidor-dc-100v-10a-dc\\\/#primaryimage\"},\"thumbnailUrl\":\"https:\\\/\\\/www.electronicajnc.com\\\/web\\\/wp-content\\\/uploads\\\/2023\\\/12\\\/PANEL-MEDIDOR-DE-VOLTAJE-100V-10A.jpg\",\"datePublished\":\"2023-12-07T17:01:39+00:00\",\"dateModified\":\"2025-01-15T00:59:29+00:00\",\"description\":\"Voltimetro Amperimetro DC Medidor DC 100V 10A DC El voltaje de la fuente de alimentaci\u00f3n del medidor debe ser de 4-30v. puede usarse con Arduino.\",\"breadcrumb\":{\"@id\":\"https:\\\/\\\/www.electronicajnc.com\\\/web\\\/producto\\\/voltimetro-amperimetro-dc-medidor-dc-100v-10a-dc\\\/#breadcrumb\"},\"inLanguage\":\"es\",\"potentialAction\":[{\"@type\":\"ReadAction\",\"target\":[\"https:\\\/\\\/www.electronicajnc.com\\\/web\\\/producto\\\/voltimetro-amperimetro-dc-medidor-dc-100v-10a-dc\\\/\"]}]},{\"@type\":\"ImageObject\",\"inLanguage\":\"es\",\"@id\":\"https:\\\/\\\/www.electronicajnc.com\\\/web\\\/producto\\\/voltimetro-amperimetro-dc-medidor-dc-100v-10a-dc\\\/#primaryimage\",\"url\":\"https:\\\/\\\/www.electronicajnc.com\\\/web\\\/wp-content\\\/uploads\\\/2023\\\/12\\\/PANEL-MEDIDOR-DE-VOLTAJE-100V-10A.jpg\",\"contentUrl\":\"https:\\\/\\\/www.electronicajnc.com\\\/web\\\/wp-content\\\/uploads\\\/2023\\\/12\\\/PANEL-MEDIDOR-DE-VOLTAJE-100V-10A.jpg\",\"width\":1028,\"height\":1115,\"caption\":\"Voltimetro Amperimetro DC Medidor DC Automotriz 100V 10A DC\"},{\"@type\":\"BreadcrumbList\",\"@id\":\"https:\\\/\\\/www.electronicajnc.com\\\/web\\\/producto\\\/voltimetro-amperimetro-dc-medidor-dc-100v-10a-dc\\\/#breadcrumb\",\"itemListElement\":[{\"@type\":\"ListItem\",\"position\":1,\"name\":\"Portada\",\"item\":\"https:\\\/\\\/www.electronicajnc.com\\\/web\\\/\"},{\"@type\":\"ListItem\",\"position\":2,\"name\":\"TIENDA\",\"item\":\"https:\\\/\\\/www.electronicajnc.com\\\/web\\\/tienda\\\/\"},{\"@type\":\"ListItem\",\"position\":3,\"name\":\"Voltimetro Amperimetro DC Medidor DC 100V 10A DC\"}]},{\"@type\":\"WebSite\",\"@id\":\"https:\\\/\\\/www.electronicajnc.com\\\/web\\\/#website\",\"url\":\"https:\\\/\\\/www.electronicajnc.com\\\/web\\\/\",\"name\":\"Electronica JNC\",\"description\":\"Robotica Tecnologia Mecatronica en Ecuador\",\"publisher\":{\"@id\":\"https:\\\/\\\/www.electronicajnc.com\\\/web\\\/#organization\"},\"potentialAction\":[{\"@type\":\"SearchAction\",\"target\":{\"@type\":\"EntryPoint\",\"urlTemplate\":\"https:\\\/\\\/www.electronicajnc.com\\\/web\\\/?s={search_term_string}\"},\"query-input\":{\"@type\":\"PropertyValueSpecification\",\"valueRequired\":true,\"valueName\":\"search_term_string\"}}],\"inLanguage\":\"es\"},{\"@type\":\"Organization\",\"@id\":\"https:\\\/\\\/www.electronicajnc.com\\\/web\\\/#organization\",\"name\":\"Electronica JNC\",\"url\":\"https:\\\/\\\/www.electronicajnc.com\\\/web\\\/\",\"logo\":{\"@type\":\"ImageObject\",\"inLanguage\":\"es\",\"@id\":\"https:\\\/\\\/www.electronicajnc.com\\\/web\\\/#\\\/schema\\\/logo\\\/image\\\/\",\"url\":\"https:\\\/\\\/www.electronicajnc.com\\\/web\\\/wp-content\\\/uploads\\\/2023\\\/06\\\/nuevo-logo.jpg\",\"contentUrl\":\"https:\\\/\\\/www.electronicajnc.com\\\/web\\\/wp-content\\\/uploads\\\/2023\\\/06\\\/nuevo-logo.jpg\",\"width\":1256,\"height\":612,\"caption\":\"Electronica JNC\"},\"image\":{\"@id\":\"https:\\\/\\\/www.electronicajnc.com\\\/web\\\/#\\\/schema\\\/logo\\\/image\\\/\"}}]}<\/script>\n<!-- \/ Yoast SEO plugin. -->","yoast_head_json":{"title":"Voltimetro Amperimetro DC Medidor DC 100V 10A DC - Electronica JNC","description":"Voltimetro Amperimetro DC Medidor DC 100V 10A DC El voltaje de la fuente de alimentaci\u00f3n del medidor debe ser de 4-30v. puede usarse con Arduino.","robots":{"index":"index","follow":"follow","max-snippet":"max-snippet:-1","max-image-preview":"max-image-preview:large","max-video-preview":"max-video-preview:-1"},"canonical":"https:\/\/www.electronicajnc.com\/web\/producto\/voltimetro-amperimetro-dc-medidor-dc-100v-10a-dc\/","og_locale":"es_ES","og_type":"article","og_title":"Voltimetro Amperimetro DC Medidor DC 100V 10A DC - Electronica JNC","og_description":"Voltimetro Amperimetro DC Medidor DC 100V 10A DC El voltaje de la fuente de alimentaci\u00f3n del medidor debe ser de 4-30v. puede usarse con Arduino.","og_url":"https:\/\/www.electronicajnc.com\/web\/producto\/voltimetro-amperimetro-dc-medidor-dc-100v-10a-dc\/","og_site_name":"Electronica JNC","article_modified_time":"2025-01-15T00:59:29+00:00","og_image":[{"width":1028,"height":1115,"url":"https:\/\/www.electronicajnc.com\/web\/wp-content\/uploads\/2023\/12\/PANEL-MEDIDOR-DE-VOLTAJE-100V-10A.jpg","type":"image\/jpeg"}],"twitter_card":"summary_large_image","twitter_misc":{"Tiempo de lectura":"3 minutos"},"schema":{"@context":"https:\/\/schema.org","@graph":[{"@type":"WebPage","@id":"https:\/\/www.electronicajnc.com\/web\/producto\/voltimetro-amperimetro-dc-medidor-dc-100v-10a-dc\/","url":"https:\/\/www.electronicajnc.com\/web\/producto\/voltimetro-amperimetro-dc-medidor-dc-100v-10a-dc\/","name":"Voltimetro Amperimetro DC Medidor DC 100V 10A DC - Electronica JNC","isPartOf":{"@id":"https:\/\/www.electronicajnc.com\/web\/#website"},"primaryImageOfPage":{"@id":"https:\/\/www.electronicajnc.com\/web\/producto\/voltimetro-amperimetro-dc-medidor-dc-100v-10a-dc\/#primaryimage"},"image":{"@id":"https:\/\/www.electronicajnc.com\/web\/producto\/voltimetro-amperimetro-dc-medidor-dc-100v-10a-dc\/#primaryimage"},"thumbnailUrl":"https:\/\/www.electronicajnc.com\/web\/wp-content\/uploads\/2023\/12\/PANEL-MEDIDOR-DE-VOLTAJE-100V-10A.jpg","datePublished":"2023-12-07T17:01:39+00:00","dateModified":"2025-01-15T00:59:29+00:00","description":"Voltimetro Amperimetro DC Medidor DC 100V 10A DC El voltaje de la fuente de alimentaci\u00f3n del medidor debe ser de 4-30v. puede usarse con Arduino.","breadcrumb":{"@id":"https:\/\/www.electronicajnc.com\/web\/producto\/voltimetro-amperimetro-dc-medidor-dc-100v-10a-dc\/#breadcrumb"},"inLanguage":"es","potentialAction":[{"@type":"ReadAction","target":["https:\/\/www.electronicajnc.com\/web\/producto\/voltimetro-amperimetro-dc-medidor-dc-100v-10a-dc\/"]}]},{"@type":"ImageObject","inLanguage":"es","@id":"https:\/\/www.electronicajnc.com\/web\/producto\/voltimetro-amperimetro-dc-medidor-dc-100v-10a-dc\/#primaryimage","url":"https:\/\/www.electronicajnc.com\/web\/wp-content\/uploads\/2023\/12\/PANEL-MEDIDOR-DE-VOLTAJE-100V-10A.jpg","contentUrl":"https:\/\/www.electronicajnc.com\/web\/wp-content\/uploads\/2023\/12\/PANEL-MEDIDOR-DE-VOLTAJE-100V-10A.jpg","width":1028,"height":1115,"caption":"Voltimetro Amperimetro DC Medidor DC Automotriz 100V 10A DC"},{"@type":"BreadcrumbList","@id":"https:\/\/www.electronicajnc.com\/web\/producto\/voltimetro-amperimetro-dc-medidor-dc-100v-10a-dc\/#breadcrumb","itemListElement":[{"@type":"ListItem","position":1,"name":"Portada","item":"https:\/\/www.electronicajnc.com\/web\/"},{"@type":"ListItem","position":2,"name":"TIENDA","item":"https:\/\/www.electronicajnc.com\/web\/tienda\/"},{"@type":"ListItem","position":3,"name":"Voltimetro Amperimetro DC Medidor DC 100V 10A DC"}]},{"@type":"WebSite","@id":"https:\/\/www.electronicajnc.com\/web\/#website","url":"https:\/\/www.electronicajnc.com\/web\/","name":"Electronica JNC","description":"Robotica Tecnologia Mecatronica en Ecuador","publisher":{"@id":"https:\/\/www.electronicajnc.com\/web\/#organization"},"potentialAction":[{"@type":"SearchAction","target":{"@type":"EntryPoint","urlTemplate":"https:\/\/www.electronicajnc.com\/web\/?s={search_term_string}"},"query-input":{"@type":"PropertyValueSpecification","valueRequired":true,"valueName":"search_term_string"}}],"inLanguage":"es"},{"@type":"Organization","@id":"https:\/\/www.electronicajnc.com\/web\/#organization","name":"Electronica JNC","url":"https:\/\/www.electronicajnc.com\/web\/","logo":{"@type":"ImageObject","inLanguage":"es","@id":"https:\/\/www.electronicajnc.com\/web\/#\/schema\/logo\/image\/","url":"https:\/\/www.electronicajnc.com\/web\/wp-content\/uploads\/2023\/06\/nuevo-logo.jpg","contentUrl":"https:\/\/www.electronicajnc.com\/web\/wp-content\/uploads\/2023\/06\/nuevo-logo.jpg","width":1256,"height":612,"caption":"Electronica JNC"},"image":{"@id":"https:\/\/www.electronicajnc.com\/web\/#\/schema\/logo\/image\/"}}]}},"_links":{"self":[{"href":"https:\/\/www.electronicajnc.com\/web\/wp-json\/wp\/v2\/product\/1321","targetHints":{"allow":["GET"]}}],"collection":[{"href":"https:\/\/www.electronicajnc.com\/web\/wp-json\/wp\/v2\/product"}],"about":[{"href":"https:\/\/www.electronicajnc.com\/web\/wp-json\/wp\/v2\/types\/product"}],"replies":[{"embeddable":true,"href":"https:\/\/www.electronicajnc.com\/web\/wp-json\/wp\/v2\/comments?post=1321"}],"wp:featuredmedia":[{"embeddable":true,"href":"https:\/\/www.electronicajnc.com\/web\/wp-json\/wp\/v2\/media\/1322"}],"wp:attachment":[{"href":"https:\/\/www.electronicajnc.com\/web\/wp-json\/wp\/v2\/media?parent=1321"}],"wp:term":[{"taxonomy":"product_brand","embeddable":true,"href":"https:\/\/www.electronicajnc.com\/web\/wp-json\/wp\/v2\/product_brand?post=1321"},{"taxonomy":"product_cat","embeddable":true,"href":"https:\/\/www.electronicajnc.com\/web\/wp-json\/wp\/v2\/product_cat?post=1321"},{"taxonomy":"product_tag","embeddable":true,"href":"https:\/\/www.electronicajnc.com\/web\/wp-json\/wp\/v2\/product_tag?post=1321"}],"curies":[{"name":"wp","href":"https:\/\/api.w.org\/{rel}","templated":true}]}}