{"id":1341,"date":"2023-12-19T14:10:13","date_gmt":"2023-12-19T14:10:13","guid":{"rendered":"https:\/\/www.electronicajnc.com\/web\/?post_type=product&#038;p=1341"},"modified":"2025-10-29T19:03:54","modified_gmt":"2025-10-29T19:03:54","slug":"modulo-led-5mm-rgb-arduino-5v","status":"publish","type":"product","link":"https:\/\/www.electronicajnc.com\/web\/producto\/modulo-led-5mm-rgb-arduino-5v\/","title":{"rendered":"MODULO LED 5MM RGB ARDUINO 5V"},"content":{"rendered":"<p>MODULO LED 5MM RGB ARDUINO 5V<\/p>\n<p><img fetchpriority=\"high\" decoding=\"async\" class=\"aligncenter\" src=\"https:\/\/www.electronicajnc.com\/web\/wp-content\/uploads\/2023\/12\/MODULO-LED-1-RGB.jpg\" alt=\"Modulo Led Rgb 5mm Alto Brillo 4 Pines 5v Arduino\" width=\"409\" height=\"224\" \/><\/p>\n<p>La tecnolog\u00eda conocida como LED tambi\u00e9n conocida como diodo emisor de luz consiste b\u00e1sicamente en un material semiconductor que es capaz de emitir una radiaci\u00f3n electromagn\u00e9tica en forma de Luz. Es un componente optoelectr\u00f3nico pasivo.<\/p>\n<p>M\u00f3dulo de LED RGB usado en aplicaciones de forma sencilla con plataforma Arduino y\/o microcontroladores. Cada terminal viene con una resistencia que se encarga de limitar los niveles de corriente para mantener intacta la integridad del LED.<\/p>\n<h1>MODULO LED 5MM RGB ARDUINO 5V<\/h1>\n<h2>Especificaciones t\u00e9cnicas<\/h2>\n<ul>\n<li>Referencia:\u00a0KY-016<\/li>\n<li>Voltaje de operaci\u00f3n: 5V<\/li>\n<li>Corriente max: 20 mA<\/li>\n<li>Intensidad luminosa max: Rojo 800 mcd, verde 4000 mcd, azul 900 mcd<\/li>\n<li>Di\u00e1metro: 5mm<\/li>\n<li>Ajuste a trav\u00e9s de los pines R,G,B mediante PWM.<\/li>\n<li>Incluye resitencia tricrom\u00e1tica que limita la corriente del LED y evita que se queme.<\/li>\n<li>LED con c\u00e1todo com\u00fan.<\/li>\n<\/ul>\n<div>\n<h2><b>\u00bfD\u00f3nde<\/b><strong>\u00a0conseguir ?<\/strong><\/h2>\n<\/div>\n<p>Puedes conseguir este producto y mucho mas en nuestra tienda de electr\u00f3nica \u201cElectr\u00f3nica JNC\u201d a un excelente precio, de igual manera puedes preguntar por otros productos que tenemos para ti y as\u00ed adquirirlos seg\u00fan tu necesidad para\u00a0 tus proyectos.<\/p>\n<p>Adem\u00e1s de vender realizamos todo tipo de proyectos de Rob\u00f3tica Electr\u00f3nica y de Programaci\u00f3n en Arduino-Raspberry, brindamos asesoramiento en la elaboraci\u00f3n de proyectos y personalizamos sus clases cuando deseas armar un robot.<\/p>\n<p>Somos importadores Directos de todo en Electr\u00f3nica y Rob\u00f3tica directamente desde los fabricantes, a los mejores precios del mercado.<\/p>\n<div class=\"x11i5rnm xat24cr x1mh8g0r x1vvkbs xtlvy1s x126k92a\">\n<div dir=\"auto\">SERVICIO PERSONALIZADO, APOYO TEORICO Y VENTA DE MATERIAL<\/div>\n<\/div>\n<div class=\"x11i5rnm xat24cr x1mh8g0r x1vvkbs xtlvy1s x126k92a\">\n<div dir=\"auto\">COTIZA CON NOSOTROS<\/div>\n<div dir=\"auto\">SERVICIO, EXPERIENCIA, CALIDAD Y CONFIANZA<\/div>\n<div dir=\"auto\">\u00abTodo lo que buscas en un solo lugar\u00bb<\/div>\n<\/div>\n<div dir=\"auto\"><\/div>\n<p><img decoding=\"async\" class=\"aligncenter\" src=\"https:\/\/images.ua.prom.st\/1494267654_1494267654.jpg?PImaGE_ID=1494267654\" \/><\/p>\n<p style=\"text-align: center;\">Realizar un pedido en la web o por \u00a0<a href=\"https:\/\/api.whatsapp.com\/send?phone=593958753126\" target=\"_blank\" rel=\"noopener\">WHATSAPP<\/a>.<\/p>\n<p><img decoding=\"async\" class=\"aligncenter\" src=\"https:\/\/images.ua.prom.st\/1494267867_1494267867.jpg?PImaGE_ID=1494267867\" \/><\/p>\n<p style=\"text-align: center;\">Consulta con un asesor\u00a0 todas tus inquietudes.<\/p>\n<p><img decoding=\"async\" class=\"aligncenter\" src=\"https:\/\/images.ua.prom.st\/1494266627_1494266627.jpg?PImaGE_ID=1494266627\" \/><\/p>\n<p style=\"text-align: center;\">Pregunta las formas de pago.<\/p>\n<p><img decoding=\"async\" class=\"aligncenter\" src=\"https:\/\/images.ua.prom.st\/1494267985_1494267985.jpg?PImaGE_ID=1494267985\" \/><\/p>\n<p style=\"text-align: center;\">Tu pedido llega a la puerta de tu casa.<\/p>\n<p>&nbsp;<\/p>\n<p><strong>\u00a1\u00a1 PREG\u00daNTANOS Sin compromiso !!!!<\/strong><\/p>\n<p>Puede retirar sus pedidos en nuestra\u00a0<a href=\"https:\/\/www.electronicajnc.com\/web\/contactos\" target=\"_blank\" rel=\"noopener\">TIENDA F\u00cdSICA<\/a>\u00a0o realizar sus pedidos\u00a0<a href=\"https:\/\/www.electronicajnc.com\/web\/mi-cuenta\" target=\"_blank\" rel=\"noopener\">ONLINE<\/a>\u00a0o por\u00a0<a href=\"https:\/\/api.whatsapp.com\/send?phone=593958753126\" target=\"_blank\" rel=\"noopener\">WHATSAPP<\/a>.<\/p>\n","protected":false},"excerpt":{"rendered":"<p>MODULO LED 5MM RGB ARDUINO 5V La tecnolog\u00eda conocida como LED tambi\u00e9n conocida como diodo emisor de luz consiste b\u00e1sicamente en un material semiconductor que es capaz de emitir una radiaci\u00f3n electromagn\u00e9tica en forma de Luz. Es un componente optoelectr\u00f3nico pasivo. M\u00f3dulo de LED RGB usado en aplicaciones de forma sencilla con plataforma Arduino y\/o [&hellip;]<\/p>\n","protected":false},"featured_media":1342,"comment_status":"closed","ping_status":"closed","template":"","meta":{"saved_in_kubio":false,"_joinchat":[]},"product_brand":[],"product_cat":[21],"product_tag":[688,691,686,719,699,710,697,706,712,692,714,711,687,708,709,713,694,685,696,701,717,671,715,318,703,704,700,705,702,693,698,707,32,718,932,31,35,695],"class_list":{"0":"post-1341","1":"product","2":"type-product","3":"status-publish","4":"has-post-thumbnail","6":"product_cat-modulos_sensores","7":"product_tag-aprender-iot","8":"product_tag-compra-online-kit-arduino","9":"product_tag-comunicacion-inalambrica","10":"product_tag-control-de-motores-control-de-motores","11":"product_tag-conversion-analogica-a-digital","12":"product_tag-diseno-de-circuitos","13":"product_tag-educacion-stem","14":"product_tag-esp01-8266","15":"product_tag-internet-de-las-cosas-iot","16":"product_tag-kit-arduino","17":"product_tag-kit-arduino-ecuador","18":"product_tag-kit-arduino-mas-vendido","19":"product_tag-kit-de-electronica","20":"product_tag-kit-de-inicio-arduino","21":"product_tag-kit-de-proyecto-arduino","22":"product_tag-kit-de-robotica","23":"product_tag-kit-diy","24":"product_tag-kit-internet-de-las-cosas","25":"product_tag-kit-iot","26":"product_tag-kit-steam","27":"product_tag-kits-arduino","28":"product_tag-led","29":"product_tag-mejor-kit-arduino-ecuador","30":"product_tag-microcontrolador","31":"product_tag-modulo-bluetooth-hc05","32":"product_tag-modulo-sensor","33":"product_tag-nodemcu-esp8266","34":"product_tag-pantalla-i2c","35":"product_tag-pantalla-lcd","36":"product_tag-pantalla-led","37":"product_tag-placa-arduino","38":"product_tag-placa-de-pruebas","39":"product_tag-programacion","40":"product_tag-proyectos-arduino-uno-r3","41":"product_tag-rgb","42":"product_tag-robotica","43":"product_tag-sensor-de-temperatura","44":"product_tag-servomotor","46":"first","47":"instock","48":"taxable","49":"shipping-taxable","50":"purchasable","51":"product-type-simple"},"yoast_head":"<!-- This site is optimized with the Yoast SEO plugin v27.6 - https:\/\/yoast.com\/product\/yoast-seo-wordpress\/ -->\n<title>MODULO LED 5MM RGB ARDUINO 5V - Electronica JNC<\/title>\n<meta name=\"description\" content=\"MODULO LED 5MM RGB ARDUINO 5V El m\u00f3dulo RGB LED (KY-016) para Arduino emite luz de color combinando se\u00f1ales PWM de LEDs rojo, verde y azul.\" \/>\n<meta name=\"robots\" content=\"index, follow, max-snippet:-1, max-image-preview:large, max-video-preview:-1\" \/>\n<link rel=\"canonical\" href=\"https:\/\/www.electronicajnc.com\/web\/producto\/modulo-led-5mm-rgb-arduino-5v\/\" \/>\n<meta property=\"og:locale\" content=\"es_ES\" \/>\n<meta property=\"og:type\" content=\"article\" \/>\n<meta property=\"og:title\" content=\"MODULO LED 5MM RGB ARDUINO 5V - Electronica JNC\" \/>\n<meta property=\"og:description\" content=\"MODULO LED 5MM RGB ARDUINO 5V El m\u00f3dulo RGB LED (KY-016) para Arduino emite luz de color combinando se\u00f1ales PWM de LEDs rojo, verde y azul.\" \/>\n<meta property=\"og:url\" content=\"https:\/\/www.electronicajnc.com\/web\/producto\/modulo-led-5mm-rgb-arduino-5v\/\" \/>\n<meta property=\"og:site_name\" content=\"Electronica JNC\" \/>\n<meta property=\"article:modified_time\" content=\"2025-10-29T19:03:54+00:00\" \/>\n<meta property=\"og:image\" content=\"https:\/\/www.electronicajnc.com\/web\/wp-content\/uploads\/2023\/12\/MODULO-RGB.jpg\" \/>\n\t<meta property=\"og:image:width\" content=\"940\" \/>\n\t<meta property=\"og:image:height\" content=\"866\" \/>\n\t<meta property=\"og:image:type\" content=\"image\/jpeg\" \/>\n<meta name=\"twitter:card\" content=\"summary_large_image\" \/>\n<meta name=\"twitter:label1\" content=\"Tiempo de lectura\" \/>\n\t<meta name=\"twitter:data1\" content=\"3 minutos\" \/>\n<script type=\"application\/ld+json\" class=\"yoast-schema-graph\">{\"@context\":\"https:\\\/\\\/schema.org\",\"@graph\":[{\"@type\":\"WebPage\",\"@id\":\"https:\\\/\\\/www.electronicajnc.com\\\/web\\\/producto\\\/modulo-led-5mm-rgb-arduino-5v\\\/\",\"url\":\"https:\\\/\\\/www.electronicajnc.com\\\/web\\\/producto\\\/modulo-led-5mm-rgb-arduino-5v\\\/\",\"name\":\"MODULO LED 5MM RGB ARDUINO 5V - Electronica JNC\",\"isPartOf\":{\"@id\":\"https:\\\/\\\/www.electronicajnc.com\\\/web\\\/#website\"},\"primaryImageOfPage\":{\"@id\":\"https:\\\/\\\/www.electronicajnc.com\\\/web\\\/producto\\\/modulo-led-5mm-rgb-arduino-5v\\\/#primaryimage\"},\"image\":{\"@id\":\"https:\\\/\\\/www.electronicajnc.com\\\/web\\\/producto\\\/modulo-led-5mm-rgb-arduino-5v\\\/#primaryimage\"},\"thumbnailUrl\":\"https:\\\/\\\/www.electronicajnc.com\\\/web\\\/wp-content\\\/uploads\\\/2023\\\/12\\\/MODULO-RGB.jpg\",\"datePublished\":\"2023-12-19T14:10:13+00:00\",\"dateModified\":\"2025-10-29T19:03:54+00:00\",\"description\":\"MODULO LED 5MM RGB ARDUINO 5V El m\u00f3dulo RGB LED (KY-016) para Arduino emite luz de color combinando se\u00f1ales PWM de LEDs rojo, verde y azul.\",\"breadcrumb\":{\"@id\":\"https:\\\/\\\/www.electronicajnc.com\\\/web\\\/producto\\\/modulo-led-5mm-rgb-arduino-5v\\\/#breadcrumb\"},\"inLanguage\":\"es\",\"potentialAction\":[{\"@type\":\"ReadAction\",\"target\":[\"https:\\\/\\\/www.electronicajnc.com\\\/web\\\/producto\\\/modulo-led-5mm-rgb-arduino-5v\\\/\"]}]},{\"@type\":\"ImageObject\",\"inLanguage\":\"es\",\"@id\":\"https:\\\/\\\/www.electronicajnc.com\\\/web\\\/producto\\\/modulo-led-5mm-rgb-arduino-5v\\\/#primaryimage\",\"url\":\"https:\\\/\\\/www.electronicajnc.com\\\/web\\\/wp-content\\\/uploads\\\/2023\\\/12\\\/MODULO-RGB.jpg\",\"contentUrl\":\"https:\\\/\\\/www.electronicajnc.com\\\/web\\\/wp-content\\\/uploads\\\/2023\\\/12\\\/MODULO-RGB.jpg\",\"width\":940,\"height\":866,\"caption\":\"Modulo Led Rgb 5mm Alto Brillo 4 Pines 5v Arduino\"},{\"@type\":\"BreadcrumbList\",\"@id\":\"https:\\\/\\\/www.electronicajnc.com\\\/web\\\/producto\\\/modulo-led-5mm-rgb-arduino-5v\\\/#breadcrumb\",\"itemListElement\":[{\"@type\":\"ListItem\",\"position\":1,\"name\":\"Portada\",\"item\":\"https:\\\/\\\/www.electronicajnc.com\\\/web\\\/\"},{\"@type\":\"ListItem\",\"position\":2,\"name\":\"TIENDA\",\"item\":\"https:\\\/\\\/www.electronicajnc.com\\\/web\\\/tienda\\\/\"},{\"@type\":\"ListItem\",\"position\":3,\"name\":\"MODULO LED 5MM RGB ARDUINO 5V\"}]},{\"@type\":\"WebSite\",\"@id\":\"https:\\\/\\\/www.electronicajnc.com\\\/web\\\/#website\",\"url\":\"https:\\\/\\\/www.electronicajnc.com\\\/web\\\/\",\"name\":\"Electronica JNC\",\"description\":\"Robotica Tecnologia Mecatronica en Ecuador\",\"publisher\":{\"@id\":\"https:\\\/\\\/www.electronicajnc.com\\\/web\\\/#organization\"},\"potentialAction\":[{\"@type\":\"SearchAction\",\"target\":{\"@type\":\"EntryPoint\",\"urlTemplate\":\"https:\\\/\\\/www.electronicajnc.com\\\/web\\\/?s={search_term_string}\"},\"query-input\":{\"@type\":\"PropertyValueSpecification\",\"valueRequired\":true,\"valueName\":\"search_term_string\"}}],\"inLanguage\":\"es\"},{\"@type\":\"Organization\",\"@id\":\"https:\\\/\\\/www.electronicajnc.com\\\/web\\\/#organization\",\"name\":\"Electronica JNC\",\"url\":\"https:\\\/\\\/www.electronicajnc.com\\\/web\\\/\",\"logo\":{\"@type\":\"ImageObject\",\"inLanguage\":\"es\",\"@id\":\"https:\\\/\\\/www.electronicajnc.com\\\/web\\\/#\\\/schema\\\/logo\\\/image\\\/\",\"url\":\"https:\\\/\\\/www.electronicajnc.com\\\/web\\\/wp-content\\\/uploads\\\/2023\\\/06\\\/nuevo-logo.jpg\",\"contentUrl\":\"https:\\\/\\\/www.electronicajnc.com\\\/web\\\/wp-content\\\/uploads\\\/2023\\\/06\\\/nuevo-logo.jpg\",\"width\":1256,\"height\":612,\"caption\":\"Electronica JNC\"},\"image\":{\"@id\":\"https:\\\/\\\/www.electronicajnc.com\\\/web\\\/#\\\/schema\\\/logo\\\/image\\\/\"}}]}<\/script>\n<!-- \/ Yoast SEO plugin. -->","yoast_head_json":{"title":"MODULO LED 5MM RGB ARDUINO 5V - Electronica JNC","description":"MODULO LED 5MM RGB ARDUINO 5V El m\u00f3dulo RGB LED (KY-016) para Arduino emite luz de color combinando se\u00f1ales PWM de LEDs rojo, verde y azul.","robots":{"index":"index","follow":"follow","max-snippet":"max-snippet:-1","max-image-preview":"max-image-preview:large","max-video-preview":"max-video-preview:-1"},"canonical":"https:\/\/www.electronicajnc.com\/web\/producto\/modulo-led-5mm-rgb-arduino-5v\/","og_locale":"es_ES","og_type":"article","og_title":"MODULO LED 5MM RGB ARDUINO 5V - Electronica JNC","og_description":"MODULO LED 5MM RGB ARDUINO 5V El m\u00f3dulo RGB LED (KY-016) para Arduino emite luz de color combinando se\u00f1ales PWM de LEDs rojo, verde y azul.","og_url":"https:\/\/www.electronicajnc.com\/web\/producto\/modulo-led-5mm-rgb-arduino-5v\/","og_site_name":"Electronica JNC","article_modified_time":"2025-10-29T19:03:54+00:00","og_image":[{"width":940,"height":866,"url":"https:\/\/www.electronicajnc.com\/web\/wp-content\/uploads\/2023\/12\/MODULO-RGB.jpg","type":"image\/jpeg"}],"twitter_card":"summary_large_image","twitter_misc":{"Tiempo de lectura":"3 minutos"},"schema":{"@context":"https:\/\/schema.org","@graph":[{"@type":"WebPage","@id":"https:\/\/www.electronicajnc.com\/web\/producto\/modulo-led-5mm-rgb-arduino-5v\/","url":"https:\/\/www.electronicajnc.com\/web\/producto\/modulo-led-5mm-rgb-arduino-5v\/","name":"MODULO LED 5MM RGB ARDUINO 5V - Electronica JNC","isPartOf":{"@id":"https:\/\/www.electronicajnc.com\/web\/#website"},"primaryImageOfPage":{"@id":"https:\/\/www.electronicajnc.com\/web\/producto\/modulo-led-5mm-rgb-arduino-5v\/#primaryimage"},"image":{"@id":"https:\/\/www.electronicajnc.com\/web\/producto\/modulo-led-5mm-rgb-arduino-5v\/#primaryimage"},"thumbnailUrl":"https:\/\/www.electronicajnc.com\/web\/wp-content\/uploads\/2023\/12\/MODULO-RGB.jpg","datePublished":"2023-12-19T14:10:13+00:00","dateModified":"2025-10-29T19:03:54+00:00","description":"MODULO LED 5MM RGB ARDUINO 5V El m\u00f3dulo RGB LED (KY-016) para Arduino emite luz de color combinando se\u00f1ales PWM de LEDs rojo, verde y azul.","breadcrumb":{"@id":"https:\/\/www.electronicajnc.com\/web\/producto\/modulo-led-5mm-rgb-arduino-5v\/#breadcrumb"},"inLanguage":"es","potentialAction":[{"@type":"ReadAction","target":["https:\/\/www.electronicajnc.com\/web\/producto\/modulo-led-5mm-rgb-arduino-5v\/"]}]},{"@type":"ImageObject","inLanguage":"es","@id":"https:\/\/www.electronicajnc.com\/web\/producto\/modulo-led-5mm-rgb-arduino-5v\/#primaryimage","url":"https:\/\/www.electronicajnc.com\/web\/wp-content\/uploads\/2023\/12\/MODULO-RGB.jpg","contentUrl":"https:\/\/www.electronicajnc.com\/web\/wp-content\/uploads\/2023\/12\/MODULO-RGB.jpg","width":940,"height":866,"caption":"Modulo Led Rgb 5mm Alto Brillo 4 Pines 5v Arduino"},{"@type":"BreadcrumbList","@id":"https:\/\/www.electronicajnc.com\/web\/producto\/modulo-led-5mm-rgb-arduino-5v\/#breadcrumb","itemListElement":[{"@type":"ListItem","position":1,"name":"Portada","item":"https:\/\/www.electronicajnc.com\/web\/"},{"@type":"ListItem","position":2,"name":"TIENDA","item":"https:\/\/www.electronicajnc.com\/web\/tienda\/"},{"@type":"ListItem","position":3,"name":"MODULO LED 5MM RGB ARDUINO 5V"}]},{"@type":"WebSite","@id":"https:\/\/www.electronicajnc.com\/web\/#website","url":"https:\/\/www.electronicajnc.com\/web\/","name":"Electronica JNC","description":"Robotica Tecnologia Mecatronica en Ecuador","publisher":{"@id":"https:\/\/www.electronicajnc.com\/web\/#organization"},"potentialAction":[{"@type":"SearchAction","target":{"@type":"EntryPoint","urlTemplate":"https:\/\/www.electronicajnc.com\/web\/?s={search_term_string}"},"query-input":{"@type":"PropertyValueSpecification","valueRequired":true,"valueName":"search_term_string"}}],"inLanguage":"es"},{"@type":"Organization","@id":"https:\/\/www.electronicajnc.com\/web\/#organization","name":"Electronica JNC","url":"https:\/\/www.electronicajnc.com\/web\/","logo":{"@type":"ImageObject","inLanguage":"es","@id":"https:\/\/www.electronicajnc.com\/web\/#\/schema\/logo\/image\/","url":"https:\/\/www.electronicajnc.com\/web\/wp-content\/uploads\/2023\/06\/nuevo-logo.jpg","contentUrl":"https:\/\/www.electronicajnc.com\/web\/wp-content\/uploads\/2023\/06\/nuevo-logo.jpg","width":1256,"height":612,"caption":"Electronica JNC"},"image":{"@id":"https:\/\/www.electronicajnc.com\/web\/#\/schema\/logo\/image\/"}}]}},"_links":{"self":[{"href":"https:\/\/www.electronicajnc.com\/web\/wp-json\/wp\/v2\/product\/1341","targetHints":{"allow":["GET"]}}],"collection":[{"href":"https:\/\/www.electronicajnc.com\/web\/wp-json\/wp\/v2\/product"}],"about":[{"href":"https:\/\/www.electronicajnc.com\/web\/wp-json\/wp\/v2\/types\/product"}],"replies":[{"embeddable":true,"href":"https:\/\/www.electronicajnc.com\/web\/wp-json\/wp\/v2\/comments?post=1341"}],"wp:featuredmedia":[{"embeddable":true,"href":"https:\/\/www.electronicajnc.com\/web\/wp-json\/wp\/v2\/media\/1342"}],"wp:attachment":[{"href":"https:\/\/www.electronicajnc.com\/web\/wp-json\/wp\/v2\/media?parent=1341"}],"wp:term":[{"taxonomy":"product_brand","embeddable":true,"href":"https:\/\/www.electronicajnc.com\/web\/wp-json\/wp\/v2\/product_brand?post=1341"},{"taxonomy":"product_cat","embeddable":true,"href":"https:\/\/www.electronicajnc.com\/web\/wp-json\/wp\/v2\/product_cat?post=1341"},{"taxonomy":"product_tag","embeddable":true,"href":"https:\/\/www.electronicajnc.com\/web\/wp-json\/wp\/v2\/product_tag?post=1341"}],"curies":[{"name":"wp","href":"https:\/\/api.w.org\/{rel}","templated":true}]}}