{"id":1351,"date":"2023-12-19T22:00:47","date_gmt":"2023-12-19T22:00:47","guid":{"rendered":"https:\/\/www.electronicajnc.com\/web\/?post_type=product&#038;p=1351"},"modified":"2023-12-19T22:01:17","modified_gmt":"2023-12-19T22:01:17","slug":"sensor-de-corriente-30a","status":"publish","type":"product","link":"https:\/\/www.electronicajnc.com\/web\/producto\/sensor-de-corriente-30a\/","title":{"rendered":"SENSOR DE CORRIENTE 30A"},"content":{"rendered":"<p class=\"h1\">ACS712 SENSOR DE CORRIENTE 30A<img fetchpriority=\"high\" decoding=\"async\" class=\"aligncenter\" src=\"https:\/\/www.electronicajnc.com\/web\/wp-content\/uploads\/2023\/12\/CORRIENTE-30A.jpg1_.jpg\" alt=\"M\u00d3DULO SENSOR DE CORRIENTE ACS712 \u2013 30A\" width=\"442\" height=\"179\" \/><\/p>\n<p>El sensor de corriente ACS712 es una soluci\u00f3n econ\u00f3mica para medir corriente, internamente trabaja con un sensor de efecto Hall que detecta el campo magn\u00e9tico que se produce por inducci\u00f3n de la corriente que circula por la l\u00ednea que se est\u00e1 midiendo.<\/p>\n<p>EL sensor nos entrega una salida de voltaje proporcional a la corriente que circula por los bornes<\/p>\n<p>Este sensor te permite medir la corriente utilizando el efecto Hall, por lo que puede medir hasta 5A sin disipar energ\u00eda (p\u00e9rdidas por efecto Joule).<\/p>\n<h1 class=\"h1\">ACS712 SENSOR DE CORRIENTE 30A<\/h1>\n<ul>\n<li>Voltaje de Operaci\u00f3n: 5V<\/li>\n<li>Corriente m\u00e1x: 5A<\/li>\n<li>Sensibilidad: 185 mV\/A<\/li>\n<li>Se\u00f1al anal\u00f3gica de bajo ruido<\/li>\n<li>Ancho de banda configurable mediante el pin FILTER<\/li>\n<li>Tiempo de respuesta de la salida: 5us<\/li>\n<li>Ancho de banda m\u00e1ximo: 80kHz<\/li>\n<li>Error: \u00b11.5% (@25 \u00baC) ajustado en f\u00e1brica<\/li>\n<li>Resistencia del conductor: 1.2mOhm<\/li>\n<li>Mide tanto corrientes AC como DC<\/li>\n<li>Offset de salida sumamente estable<\/li>\n<li>Hist\u00e9resis magn\u00e9tica pr\u00f3xima a cero<\/li>\n<\/ul>\n<div>\n<h2><b>\u00bfD\u00f3nde<\/b><strong>\u00a0conseguir ?<\/strong><\/h2>\n<\/div>\n<p>Puedes conseguir este producto y mucho mas en nuestra tienda de electr\u00f3nica \u201cElectr\u00f3nica JNC\u201d a un excelente precio, de igual manera puedes preguntar por otros productos que tenemos para ti y as\u00ed adquirirlos seg\u00fan tu necesidad para\u00a0 tus proyectos.<\/p>\n<p>Adem\u00e1s de vender realizamos todo tipo de proyectos de Rob\u00f3tica Electr\u00f3nica y de Programaci\u00f3n en Arduino-Raspberry, brindamos asesoramiento en la elaboraci\u00f3n de proyectos y personalizamos sus clases cuando deseas armar un robot.<\/p>\n<p>Somos importadores Directos de todo en Electr\u00f3nica y Rob\u00f3tica directamente desde los fabricantes, a los mejores precios del mercado.<\/p>\n<div class=\"x11i5rnm xat24cr x1mh8g0r x1vvkbs xtlvy1s x126k92a\">\n<div dir=\"auto\">SERVICIO PERSONALIZADO, APOYO TEORICO Y VENTA DE MATERIAL<\/div>\n<\/div>\n<div class=\"x11i5rnm xat24cr x1mh8g0r x1vvkbs xtlvy1s x126k92a\">\n<div dir=\"auto\">COTIZA CON NOSOTROS<\/div>\n<div dir=\"auto\">SERVICIO, EXPERIENCIA, CALIDAD Y CONFIANZA<\/div>\n<div dir=\"auto\">\u00abTodo lo que buscas en un solo lugar\u00bb<\/div>\n<\/div>\n<div dir=\"auto\"><\/div>\n<p><img decoding=\"async\" class=\"aligncenter\" src=\"https:\/\/images.ua.prom.st\/1494267654_1494267654.jpg?PImaGE_ID=1494267654\" \/><\/p>\n<p style=\"text-align: center;\">Realizar un pedido en la web o por \u00a0<a href=\"https:\/\/api.whatsapp.com\/send?phone=593958753126\" target=\"_blank\" rel=\"noopener\">WHATSAPP<\/a>.<\/p>\n<p><img decoding=\"async\" class=\"aligncenter\" src=\"https:\/\/images.ua.prom.st\/1494267867_1494267867.jpg?PImaGE_ID=1494267867\" \/><\/p>\n<p style=\"text-align: center;\">Consulta con un asesor\u00a0 todas tus inquietudes.<\/p>\n<p><img decoding=\"async\" class=\"aligncenter\" src=\"https:\/\/images.ua.prom.st\/1494266627_1494266627.jpg?PImaGE_ID=1494266627\" \/><\/p>\n<p style=\"text-align: center;\">Pregunta las formas de pago.<\/p>\n<p><img decoding=\"async\" class=\"aligncenter\" src=\"https:\/\/images.ua.prom.st\/1494267985_1494267985.jpg?PImaGE_ID=1494267985\" \/><\/p>\n<p style=\"text-align: center;\">Tu pedido llega a la puerta de tu casa.<\/p>\n<p>&nbsp;<\/p>\n<p><strong>\u00a1\u00a1 PREG\u00daNTANOS Sin compromiso !!!!<\/strong><\/p>\n<p>Puede retirar sus pedidos en nuestra\u00a0<a href=\"https:\/\/www.electronicajnc.com\/web\/contactos\" target=\"_blank\" rel=\"noopener\">TIENDA F\u00cdSICA<\/a>\u00a0o realizar sus pedidos\u00a0<a href=\"https:\/\/www.electronicajnc.com\/web\/mi-cuenta\" target=\"_blank\" rel=\"noopener\">ONLINE<\/a>\u00a0o por\u00a0<a href=\"https:\/\/api.whatsapp.com\/send?phone=593958753126\" target=\"_blank\" rel=\"noopener\">WHATSAPP<\/a>.<\/p>\n<p>&nbsp;<\/p>\n","protected":false},"excerpt":{"rendered":"<p>El sensor de corriente ACS712 es una soluci\u00f3n econ\u00f3mica para medir corriente, internamente trabaja con un sensor de efecto Hall que detecta el campo magn\u00e9tico que se produce por inducci\u00f3n de la corriente que circula por la l\u00ednea que se est\u00e1 midiendo.<\/p>\n","protected":false},"featured_media":1352,"comment_status":"closed","ping_status":"closed","template":"","meta":{"saved_in_kubio":false,"_joinchat":[]},"product_brand":[],"product_cat":[21],"product_tag":[935,936,937,688,691,686,719,699,934,908,710,697,706,712,574,692,714,711,687,708,709,713,694,685,696,701,717,715,318,408,703,704,700,705,702,693,698,707,32,718,31,231,35,695],"class_list":{"0":"post-1351","1":"product","2":"type-product","3":"status-publish","4":"has-post-thumbnail","6":"product_cat-modulos_sensores","7":"product_tag-ac","8":"product_tag-amperaje","9":"product_tag-amperios","10":"product_tag-aprender-iot","11":"product_tag-compra-online-kit-arduino","12":"product_tag-comunicacion-inalambrica","13":"product_tag-control-de-motores-control-de-motores","14":"product_tag-conversion-analogica-a-digital","15":"product_tag-corriente","16":"product_tag-dc","17":"product_tag-diseno-de-circuitos","18":"product_tag-educacion-stem","19":"product_tag-esp01-8266","20":"product_tag-internet-de-las-cosas-iot","21":"product_tag-invasivo","22":"product_tag-kit-arduino","23":"product_tag-kit-arduino-ecuador","24":"product_tag-kit-arduino-mas-vendido","25":"product_tag-kit-de-electronica","26":"product_tag-kit-de-inicio-arduino","27":"product_tag-kit-de-proyecto-arduino","28":"product_tag-kit-de-robotica","29":"product_tag-kit-diy","30":"product_tag-kit-internet-de-las-cosas","31":"product_tag-kit-iot","32":"product_tag-kit-steam","33":"product_tag-kits-arduino","34":"product_tag-mejor-kit-arduino-ecuador","35":"product_tag-microcontrolador","36":"product_tag-modulo","37":"product_tag-modulo-bluetooth-hc05","38":"product_tag-modulo-sensor","39":"product_tag-nodemcu-esp8266","40":"product_tag-pantalla-i2c","41":"product_tag-pantalla-lcd","42":"product_tag-pantalla-led","43":"product_tag-placa-arduino","44":"product_tag-placa-de-pruebas","45":"product_tag-programacion","46":"product_tag-proyectos-arduino-uno-r3","47":"product_tag-robotica","48":"product_tag-sensor","49":"product_tag-sensor-de-temperatura","50":"product_tag-servomotor","52":"first","53":"instock","54":"taxable","55":"shipping-taxable","56":"purchasable","57":"product-type-simple"},"yoast_head":"<!-- This site is optimized with the Yoast SEO plugin v27.4 - https:\/\/yoast.com\/product\/yoast-seo-wordpress\/ -->\n<title>SENSOR DE CORRIENTE 30A - Electronica JNC<\/title>\n<meta name=\"description\" content=\"ACS712 SENSOR DE CORRIENTE 30A permite medir la cantidad de corriente que fluye a trav\u00e9s de un circuito de corriente alterna.\" \/>\n<meta name=\"robots\" content=\"index, follow, max-snippet:-1, max-image-preview:large, max-video-preview:-1\" \/>\n<link rel=\"canonical\" href=\"https:\/\/www.electronicajnc.com\/web\/producto\/sensor-de-corriente-30a\/\" \/>\n<meta property=\"og:locale\" content=\"es_ES\" \/>\n<meta property=\"og:type\" content=\"article\" \/>\n<meta property=\"og:title\" content=\"SENSOR DE CORRIENTE 30A - Electronica JNC\" \/>\n<meta property=\"og:description\" content=\"ACS712 SENSOR DE CORRIENTE 30A permite medir la cantidad de corriente que fluye a trav\u00e9s de un circuito de corriente alterna.\" \/>\n<meta property=\"og:url\" content=\"https:\/\/www.electronicajnc.com\/web\/producto\/sensor-de-corriente-30a\/\" \/>\n<meta property=\"og:site_name\" content=\"Electronica JNC\" \/>\n<meta property=\"article:modified_time\" content=\"2023-12-19T22:01:17+00:00\" \/>\n<meta property=\"og:image\" content=\"https:\/\/www.electronicajnc.com\/web\/wp-content\/uploads\/2023\/12\/CORRIENTE-30A.jpg\" \/>\n\t<meta property=\"og:image:width\" content=\"904\" \/>\n\t<meta property=\"og:image:height\" content=\"1030\" \/>\n\t<meta property=\"og:image:type\" content=\"image\/jpeg\" \/>\n<meta name=\"twitter:card\" content=\"summary_large_image\" \/>\n<meta name=\"twitter:label1\" content=\"Tiempo de lectura\" \/>\n\t<meta name=\"twitter:data1\" content=\"3 minutos\" \/>\n<script type=\"application\/ld+json\" class=\"yoast-schema-graph\">{\"@context\":\"https:\\\/\\\/schema.org\",\"@graph\":[{\"@type\":\"WebPage\",\"@id\":\"https:\\\/\\\/www.electronicajnc.com\\\/web\\\/producto\\\/sensor-de-corriente-30a\\\/\",\"url\":\"https:\\\/\\\/www.electronicajnc.com\\\/web\\\/producto\\\/sensor-de-corriente-30a\\\/\",\"name\":\"SENSOR DE CORRIENTE 30A - Electronica JNC\",\"isPartOf\":{\"@id\":\"https:\\\/\\\/www.electronicajnc.com\\\/web\\\/#website\"},\"primaryImageOfPage\":{\"@id\":\"https:\\\/\\\/www.electronicajnc.com\\\/web\\\/producto\\\/sensor-de-corriente-30a\\\/#primaryimage\"},\"image\":{\"@id\":\"https:\\\/\\\/www.electronicajnc.com\\\/web\\\/producto\\\/sensor-de-corriente-30a\\\/#primaryimage\"},\"thumbnailUrl\":\"https:\\\/\\\/www.electronicajnc.com\\\/web\\\/wp-content\\\/uploads\\\/2023\\\/12\\\/CORRIENTE-30A.jpg\",\"datePublished\":\"2023-12-19T22:00:47+00:00\",\"dateModified\":\"2023-12-19T22:01:17+00:00\",\"description\":\"ACS712 SENSOR DE CORRIENTE 30A permite medir la cantidad de corriente que fluye a trav\u00e9s de un circuito de corriente alterna.\",\"breadcrumb\":{\"@id\":\"https:\\\/\\\/www.electronicajnc.com\\\/web\\\/producto\\\/sensor-de-corriente-30a\\\/#breadcrumb\"},\"inLanguage\":\"es\",\"potentialAction\":[{\"@type\":\"ReadAction\",\"target\":[\"https:\\\/\\\/www.electronicajnc.com\\\/web\\\/producto\\\/sensor-de-corriente-30a\\\/\"]}]},{\"@type\":\"ImageObject\",\"inLanguage\":\"es\",\"@id\":\"https:\\\/\\\/www.electronicajnc.com\\\/web\\\/producto\\\/sensor-de-corriente-30a\\\/#primaryimage\",\"url\":\"https:\\\/\\\/www.electronicajnc.com\\\/web\\\/wp-content\\\/uploads\\\/2023\\\/12\\\/CORRIENTE-30A.jpg\",\"contentUrl\":\"https:\\\/\\\/www.electronicajnc.com\\\/web\\\/wp-content\\\/uploads\\\/2023\\\/12\\\/CORRIENTE-30A.jpg\",\"width\":904,\"height\":1030,\"caption\":\"M\u00d3DULO SENSOR DE CORRIENTE ACS712 \u2013 30A\"},{\"@type\":\"BreadcrumbList\",\"@id\":\"https:\\\/\\\/www.electronicajnc.com\\\/web\\\/producto\\\/sensor-de-corriente-30a\\\/#breadcrumb\",\"itemListElement\":[{\"@type\":\"ListItem\",\"position\":1,\"name\":\"Portada\",\"item\":\"https:\\\/\\\/www.electronicajnc.com\\\/web\\\/\"},{\"@type\":\"ListItem\",\"position\":2,\"name\":\"TIENDA\",\"item\":\"https:\\\/\\\/www.electronicajnc.com\\\/web\\\/tienda\\\/\"},{\"@type\":\"ListItem\",\"position\":3,\"name\":\"SENSOR DE CORRIENTE 30A\"}]},{\"@type\":\"WebSite\",\"@id\":\"https:\\\/\\\/www.electronicajnc.com\\\/web\\\/#website\",\"url\":\"https:\\\/\\\/www.electronicajnc.com\\\/web\\\/\",\"name\":\"Electronica JNC\",\"description\":\"Robotica Tecnologia Mecatronica en Ecuador\",\"publisher\":{\"@id\":\"https:\\\/\\\/www.electronicajnc.com\\\/web\\\/#organization\"},\"potentialAction\":[{\"@type\":\"SearchAction\",\"target\":{\"@type\":\"EntryPoint\",\"urlTemplate\":\"https:\\\/\\\/www.electronicajnc.com\\\/web\\\/?s={search_term_string}\"},\"query-input\":{\"@type\":\"PropertyValueSpecification\",\"valueRequired\":true,\"valueName\":\"search_term_string\"}}],\"inLanguage\":\"es\"},{\"@type\":\"Organization\",\"@id\":\"https:\\\/\\\/www.electronicajnc.com\\\/web\\\/#organization\",\"name\":\"Electronica JNC\",\"url\":\"https:\\\/\\\/www.electronicajnc.com\\\/web\\\/\",\"logo\":{\"@type\":\"ImageObject\",\"inLanguage\":\"es\",\"@id\":\"https:\\\/\\\/www.electronicajnc.com\\\/web\\\/#\\\/schema\\\/logo\\\/image\\\/\",\"url\":\"https:\\\/\\\/www.electronicajnc.com\\\/web\\\/wp-content\\\/uploads\\\/2023\\\/06\\\/nuevo-logo.jpg\",\"contentUrl\":\"https:\\\/\\\/www.electronicajnc.com\\\/web\\\/wp-content\\\/uploads\\\/2023\\\/06\\\/nuevo-logo.jpg\",\"width\":1256,\"height\":612,\"caption\":\"Electronica JNC\"},\"image\":{\"@id\":\"https:\\\/\\\/www.electronicajnc.com\\\/web\\\/#\\\/schema\\\/logo\\\/image\\\/\"}}]}<\/script>\n<!-- \/ Yoast SEO plugin. -->","yoast_head_json":{"title":"SENSOR DE CORRIENTE 30A - Electronica JNC","description":"ACS712 SENSOR DE CORRIENTE 30A permite medir la cantidad de corriente que fluye a trav\u00e9s de un circuito de corriente alterna.","robots":{"index":"index","follow":"follow","max-snippet":"max-snippet:-1","max-image-preview":"max-image-preview:large","max-video-preview":"max-video-preview:-1"},"canonical":"https:\/\/www.electronicajnc.com\/web\/producto\/sensor-de-corriente-30a\/","og_locale":"es_ES","og_type":"article","og_title":"SENSOR DE CORRIENTE 30A - Electronica JNC","og_description":"ACS712 SENSOR DE CORRIENTE 30A permite medir la cantidad de corriente que fluye a trav\u00e9s de un circuito de corriente alterna.","og_url":"https:\/\/www.electronicajnc.com\/web\/producto\/sensor-de-corriente-30a\/","og_site_name":"Electronica JNC","article_modified_time":"2023-12-19T22:01:17+00:00","og_image":[{"width":904,"height":1030,"url":"https:\/\/www.electronicajnc.com\/web\/wp-content\/uploads\/2023\/12\/CORRIENTE-30A.jpg","type":"image\/jpeg"}],"twitter_card":"summary_large_image","twitter_misc":{"Tiempo de lectura":"3 minutos"},"schema":{"@context":"https:\/\/schema.org","@graph":[{"@type":"WebPage","@id":"https:\/\/www.electronicajnc.com\/web\/producto\/sensor-de-corriente-30a\/","url":"https:\/\/www.electronicajnc.com\/web\/producto\/sensor-de-corriente-30a\/","name":"SENSOR DE CORRIENTE 30A - Electronica JNC","isPartOf":{"@id":"https:\/\/www.electronicajnc.com\/web\/#website"},"primaryImageOfPage":{"@id":"https:\/\/www.electronicajnc.com\/web\/producto\/sensor-de-corriente-30a\/#primaryimage"},"image":{"@id":"https:\/\/www.electronicajnc.com\/web\/producto\/sensor-de-corriente-30a\/#primaryimage"},"thumbnailUrl":"https:\/\/www.electronicajnc.com\/web\/wp-content\/uploads\/2023\/12\/CORRIENTE-30A.jpg","datePublished":"2023-12-19T22:00:47+00:00","dateModified":"2023-12-19T22:01:17+00:00","description":"ACS712 SENSOR DE CORRIENTE 30A permite medir la cantidad de corriente que fluye a trav\u00e9s de un circuito de corriente alterna.","breadcrumb":{"@id":"https:\/\/www.electronicajnc.com\/web\/producto\/sensor-de-corriente-30a\/#breadcrumb"},"inLanguage":"es","potentialAction":[{"@type":"ReadAction","target":["https:\/\/www.electronicajnc.com\/web\/producto\/sensor-de-corriente-30a\/"]}]},{"@type":"ImageObject","inLanguage":"es","@id":"https:\/\/www.electronicajnc.com\/web\/producto\/sensor-de-corriente-30a\/#primaryimage","url":"https:\/\/www.electronicajnc.com\/web\/wp-content\/uploads\/2023\/12\/CORRIENTE-30A.jpg","contentUrl":"https:\/\/www.electronicajnc.com\/web\/wp-content\/uploads\/2023\/12\/CORRIENTE-30A.jpg","width":904,"height":1030,"caption":"M\u00d3DULO SENSOR DE CORRIENTE ACS712 \u2013 30A"},{"@type":"BreadcrumbList","@id":"https:\/\/www.electronicajnc.com\/web\/producto\/sensor-de-corriente-30a\/#breadcrumb","itemListElement":[{"@type":"ListItem","position":1,"name":"Portada","item":"https:\/\/www.electronicajnc.com\/web\/"},{"@type":"ListItem","position":2,"name":"TIENDA","item":"https:\/\/www.electronicajnc.com\/web\/tienda\/"},{"@type":"ListItem","position":3,"name":"SENSOR DE CORRIENTE 30A"}]},{"@type":"WebSite","@id":"https:\/\/www.electronicajnc.com\/web\/#website","url":"https:\/\/www.electronicajnc.com\/web\/","name":"Electronica JNC","description":"Robotica Tecnologia Mecatronica en Ecuador","publisher":{"@id":"https:\/\/www.electronicajnc.com\/web\/#organization"},"potentialAction":[{"@type":"SearchAction","target":{"@type":"EntryPoint","urlTemplate":"https:\/\/www.electronicajnc.com\/web\/?s={search_term_string}"},"query-input":{"@type":"PropertyValueSpecification","valueRequired":true,"valueName":"search_term_string"}}],"inLanguage":"es"},{"@type":"Organization","@id":"https:\/\/www.electronicajnc.com\/web\/#organization","name":"Electronica JNC","url":"https:\/\/www.electronicajnc.com\/web\/","logo":{"@type":"ImageObject","inLanguage":"es","@id":"https:\/\/www.electronicajnc.com\/web\/#\/schema\/logo\/image\/","url":"https:\/\/www.electronicajnc.com\/web\/wp-content\/uploads\/2023\/06\/nuevo-logo.jpg","contentUrl":"https:\/\/www.electronicajnc.com\/web\/wp-content\/uploads\/2023\/06\/nuevo-logo.jpg","width":1256,"height":612,"caption":"Electronica JNC"},"image":{"@id":"https:\/\/www.electronicajnc.com\/web\/#\/schema\/logo\/image\/"}}]}},"_links":{"self":[{"href":"https:\/\/www.electronicajnc.com\/web\/wp-json\/wp\/v2\/product\/1351","targetHints":{"allow":["GET"]}}],"collection":[{"href":"https:\/\/www.electronicajnc.com\/web\/wp-json\/wp\/v2\/product"}],"about":[{"href":"https:\/\/www.electronicajnc.com\/web\/wp-json\/wp\/v2\/types\/product"}],"replies":[{"embeddable":true,"href":"https:\/\/www.electronicajnc.com\/web\/wp-json\/wp\/v2\/comments?post=1351"}],"wp:featuredmedia":[{"embeddable":true,"href":"https:\/\/www.electronicajnc.com\/web\/wp-json\/wp\/v2\/media\/1352"}],"wp:attachment":[{"href":"https:\/\/www.electronicajnc.com\/web\/wp-json\/wp\/v2\/media?parent=1351"}],"wp:term":[{"taxonomy":"product_brand","embeddable":true,"href":"https:\/\/www.electronicajnc.com\/web\/wp-json\/wp\/v2\/product_brand?post=1351"},{"taxonomy":"product_cat","embeddable":true,"href":"https:\/\/www.electronicajnc.com\/web\/wp-json\/wp\/v2\/product_cat?post=1351"},{"taxonomy":"product_tag","embeddable":true,"href":"https:\/\/www.electronicajnc.com\/web\/wp-json\/wp\/v2\/product_tag?post=1351"}],"curies":[{"name":"wp","href":"https:\/\/api.w.org\/{rel}","templated":true}]}}