{"id":1355,"date":"2023-12-20T16:29:10","date_gmt":"2023-12-20T16:29:10","guid":{"rendered":"https:\/\/www.electronicajnc.com\/web\/?post_type=product&#038;p=1355"},"modified":"2025-05-27T16:08:56","modified_gmt":"2025-05-27T16:08:56","slug":"modulo-controlador-de-servos-pca-9685","status":"publish","type":"product","link":"https:\/\/www.electronicajnc.com\/web\/producto\/modulo-controlador-de-servos-pca-9685\/","title":{"rendered":"M\u00f3dulo Controlador de Servos PCA 9685"},"content":{"rendered":"<p class=\"product_title entry-title\">M\u00f3dulo Controlador de Servos PCA 9685<\/p>\n<p><img fetchpriority=\"high\" decoding=\"async\" class=\"aligncenter\" src=\"https:\/\/www.electronicajnc.com\/web\/wp-content\/uploads\/2023\/12\/pca-9685.jpg-1.jpg\" alt=\"Driver para servomotores PCA9685 I2C de 16 canales 12 bits\" width=\"293\" height=\"195\" \/><\/p>\n<p>Si deseas hacer proyectos de rob\u00f3tica seguramente en m\u00e1s de una ocasi\u00f3n has requerido controlar bastantes servos, por ejemplo para un proyecto de robot hex\u00e1podo o para un robot humanoide. En realidad cualquier proyecto que requiera de una gran cantidad de se\u00f1ales PWM puede beneficiarse de este \u00fatil m\u00f3dulo controlador de servos de 16 canales con el chip PCA9685\u00a0a trav\u00e9s de I2C.<\/p>\n<p>El Controlador de servos de 16 canales est\u00e1 basado en el chip PCA9685, que es un generador PWM con reloj interno y resoluci\u00f3n de 12 bits, el cual puede ser programado a trav\u00e9s de una interfaz I2C. La gran versatilidad de este m\u00f3dulo es que solo requiere de 2 pines para controlar todas las se\u00f1ales PWM y no requiere se\u00f1al alguna de oscilador o temporizaci\u00f3n, por lo que funciona de forma totalmente aut\u00f3noma.<\/p>\n<h1 class=\"product_title entry-title\">M\u00f3dulo Controlador de Servos PCA 9685<\/h1>\n<ul>\n<li>Alimentaci\u00f3n: 3 \u2013 5V<\/li>\n<li>Alimentaci\u00f3n motores: 6V m\u00e1ximo<\/li>\n<li>Frecuencia de salida: 40 \u2013 1000Hz<\/li>\n<li>Canales: 16<\/li>\n<li>Resoluci\u00f3n por canal: 12 bits<\/li>\n<li>Interface: I2C<\/li>\n<li>Tama\u00f1o: 62,3 x 25,3mm<\/li>\n<\/ul>\n<div>\n<h2><b>\u00bfD\u00f3nde<\/b><strong>\u00a0conseguir ?<\/strong><\/h2>\n<\/div>\n<p>Puedes conseguir este producto y mucho mas en nuestra tienda de electr\u00f3nica \u201cElectr\u00f3nica JNC\u201d a un excelente precio, de igual manera puedes preguntar por otros productos que tenemos para ti y as\u00ed adquirirlos seg\u00fan tu necesidad para\u00a0 tus proyectos.<\/p>\n<p>Adem\u00e1s de vender realizamos todo tipo de proyectos de Rob\u00f3tica Electr\u00f3nica y de Programaci\u00f3n en Arduino-Raspberry, brindamos asesoramiento en la elaboraci\u00f3n de proyectos y personalizamos sus clases cuando deseas armar un robot.<\/p>\n<p>Somos importadores Directos de todo en Electr\u00f3nica y Rob\u00f3tica directamente desde los fabricantes, a los mejores precios del mercado.<\/p>\n<div class=\"x11i5rnm xat24cr x1mh8g0r x1vvkbs xtlvy1s x126k92a\">\n<div dir=\"auto\">SERVICIO PERSONALIZADO, APOYO TEORICO Y VENTA DE MATERIAL<\/div>\n<\/div>\n<div class=\"x11i5rnm xat24cr x1mh8g0r x1vvkbs xtlvy1s x126k92a\">\n<div dir=\"auto\">COTIZA CON NOSOTROS<\/div>\n<div dir=\"auto\">SERVICIO, EXPERIENCIA, CALIDAD Y CONFIANZA<\/div>\n<div dir=\"auto\">\u00abTodo lo que buscas en un solo lugar\u00bb<\/div>\n<\/div>\n<div dir=\"auto\"><\/div>\n<p><img decoding=\"async\" class=\"aligncenter\" src=\"https:\/\/images.ua.prom.st\/1494267654_1494267654.jpg?PImaGE_ID=1494267654\" \/><\/p>\n<p style=\"text-align: center;\">Realizar un pedido en la web o por \u00a0<a href=\"https:\/\/api.whatsapp.com\/send?phone=593958753126\" target=\"_blank\" rel=\"noopener\">WHATSAPP<\/a>.<\/p>\n<p><img decoding=\"async\" class=\"aligncenter\" src=\"https:\/\/images.ua.prom.st\/1494267867_1494267867.jpg?PImaGE_ID=1494267867\" \/><\/p>\n<p style=\"text-align: center;\">Consulta con un asesor\u00a0 todas tus inquietudes.<\/p>\n<p><img decoding=\"async\" class=\"aligncenter\" src=\"https:\/\/images.ua.prom.st\/1494266627_1494266627.jpg?PImaGE_ID=1494266627\" \/><\/p>\n<p style=\"text-align: center;\">Pregunta las formas de pago.<\/p>\n<p><img decoding=\"async\" class=\"aligncenter\" src=\"https:\/\/images.ua.prom.st\/1494267985_1494267985.jpg?PImaGE_ID=1494267985\" \/><\/p>\n<p style=\"text-align: center;\">Tu pedido llega a la puerta de tu casa.<\/p>\n<p>&nbsp;<\/p>\n<p><strong>\u00a1\u00a1 PREG\u00daNTANOS Sin compromiso !!!!<\/strong><\/p>\n<p>Puede retirar sus pedidos en nuestra\u00a0<a href=\"https:\/\/www.electronicajnc.com\/web\/contactos\" target=\"_blank\" rel=\"noopener\">TIENDA F\u00cdSICA<\/a>\u00a0o realizar sus pedidos\u00a0<a href=\"https:\/\/www.electronicajnc.com\/web\/mi-cuenta\" target=\"_blank\" rel=\"noopener\">ONLINE<\/a>\u00a0o por\u00a0<a href=\"https:\/\/api.whatsapp.com\/send?phone=593958753126\" target=\"_blank\" rel=\"noopener\">WHATSAPP<\/a>.<\/p>\n","protected":false},"excerpt":{"rendered":"<p>Modulo controlador PCA9685 fue dise\u00f1ado para controlar leds por PWM, pero tambi\u00e9n nos permite controlar servos, ya que estos tambi\u00e9n se controlan por PWM, aplicaci\u00f3n que actualmente es muy usada.<\/p>\n","protected":false},"featured_media":1356,"comment_status":"closed","ping_status":"closed","template":"","meta":{"saved_in_kubio":false,"_joinchat":[]},"product_brand":[],"product_cat":[21],"product_tag":[317,710,706,539,712,714,711,708,709,713,701,715,318,408,703,704,705,702,939,707,32,31,35,938],"class_list":{"0":"post-1355","1":"product","2":"type-product","3":"status-publish","4":"has-post-thumbnail","6":"product_cat-modulos_sensores","7":"product_tag-controlador","8":"product_tag-diseno-de-circuitos","9":"product_tag-esp01-8266","10":"product_tag-esp8266","11":"product_tag-internet-de-las-cosas-iot","12":"product_tag-kit-arduino-ecuador","13":"product_tag-kit-arduino-mas-vendido","14":"product_tag-kit-de-inicio-arduino","15":"product_tag-kit-de-proyecto-arduino","16":"product_tag-kit-de-robotica","17":"product_tag-kit-steam","18":"product_tag-mejor-kit-arduino-ecuador","19":"product_tag-microcontrolador","20":"product_tag-modulo","21":"product_tag-modulo-bluetooth-hc05","22":"product_tag-modulo-sensor","23":"product_tag-pantalla-i2c","24":"product_tag-pantalla-lcd","25":"product_tag-pca-9685","26":"product_tag-placa-de-pruebas","27":"product_tag-programacion","28":"product_tag-robotica","29":"product_tag-sensor-de-temperatura","30":"product_tag-servos","32":"first","33":"instock","34":"taxable","35":"shipping-taxable","36":"product-type-simple"},"yoast_head":"<!-- This site is optimized with the Yoast SEO plugin v27.4 - https:\/\/yoast.com\/product\/yoast-seo-wordpress\/ -->\n<title>M\u00f3dulo Controlador de Servos PCA 9685 - Electronica JNC<\/title>\n<meta name=\"description\" content=\"M\u00f3dulo Controlador de Servos PCA 9685 dise\u00f1ada para el control de servos, tiene los pines en el orden correcto para simplemente conectar los servomotores\" \/>\n<meta name=\"robots\" content=\"index, follow, max-snippet:-1, max-image-preview:large, max-video-preview:-1\" \/>\n<link rel=\"canonical\" href=\"https:\/\/www.electronicajnc.com\/web\/producto\/modulo-controlador-de-servos-pca-9685\/\" \/>\n<meta property=\"og:locale\" content=\"es_ES\" \/>\n<meta property=\"og:type\" content=\"article\" \/>\n<meta property=\"og:title\" content=\"M\u00f3dulo Controlador de Servos PCA 9685 - Electronica JNC\" \/>\n<meta property=\"og:description\" content=\"M\u00f3dulo Controlador de Servos PCA 9685 dise\u00f1ada para el control de servos, tiene los pines en el orden correcto para simplemente conectar los servomotores\" \/>\n<meta property=\"og:url\" content=\"https:\/\/www.electronicajnc.com\/web\/producto\/modulo-controlador-de-servos-pca-9685\/\" \/>\n<meta property=\"og:site_name\" content=\"Electronica JNC\" \/>\n<meta property=\"article:modified_time\" content=\"2025-05-27T16:08:56+00:00\" \/>\n<meta property=\"og:image\" content=\"https:\/\/www.electronicajnc.com\/web\/wp-content\/uploads\/2023\/12\/pca-9685.jpg\" \/>\n\t<meta property=\"og:image:width\" content=\"1028\" \/>\n\t<meta property=\"og:image:height\" content=\"925\" \/>\n\t<meta property=\"og:image:type\" content=\"image\/jpeg\" \/>\n<meta name=\"twitter:card\" content=\"summary_large_image\" \/>\n<meta name=\"twitter:label1\" content=\"Tiempo de lectura\" \/>\n\t<meta name=\"twitter:data1\" content=\"3 minutos\" \/>\n<script type=\"application\/ld+json\" class=\"yoast-schema-graph\">{\"@context\":\"https:\\\/\\\/schema.org\",\"@graph\":[{\"@type\":\"WebPage\",\"@id\":\"https:\\\/\\\/www.electronicajnc.com\\\/web\\\/producto\\\/modulo-controlador-de-servos-pca-9685\\\/\",\"url\":\"https:\\\/\\\/www.electronicajnc.com\\\/web\\\/producto\\\/modulo-controlador-de-servos-pca-9685\\\/\",\"name\":\"M\u00f3dulo Controlador de Servos PCA 9685 - Electronica JNC\",\"isPartOf\":{\"@id\":\"https:\\\/\\\/www.electronicajnc.com\\\/web\\\/#website\"},\"primaryImageOfPage\":{\"@id\":\"https:\\\/\\\/www.electronicajnc.com\\\/web\\\/producto\\\/modulo-controlador-de-servos-pca-9685\\\/#primaryimage\"},\"image\":{\"@id\":\"https:\\\/\\\/www.electronicajnc.com\\\/web\\\/producto\\\/modulo-controlador-de-servos-pca-9685\\\/#primaryimage\"},\"thumbnailUrl\":\"https:\\\/\\\/www.electronicajnc.com\\\/web\\\/wp-content\\\/uploads\\\/2023\\\/12\\\/pca-9685.jpg\",\"datePublished\":\"2023-12-20T16:29:10+00:00\",\"dateModified\":\"2025-05-27T16:08:56+00:00\",\"description\":\"M\u00f3dulo Controlador de Servos PCA 9685 dise\u00f1ada para el control de servos, tiene los pines en el orden correcto para simplemente conectar los servomotores\",\"breadcrumb\":{\"@id\":\"https:\\\/\\\/www.electronicajnc.com\\\/web\\\/producto\\\/modulo-controlador-de-servos-pca-9685\\\/#breadcrumb\"},\"inLanguage\":\"es\",\"potentialAction\":[{\"@type\":\"ReadAction\",\"target\":[\"https:\\\/\\\/www.electronicajnc.com\\\/web\\\/producto\\\/modulo-controlador-de-servos-pca-9685\\\/\"]}]},{\"@type\":\"ImageObject\",\"inLanguage\":\"es\",\"@id\":\"https:\\\/\\\/www.electronicajnc.com\\\/web\\\/producto\\\/modulo-controlador-de-servos-pca-9685\\\/#primaryimage\",\"url\":\"https:\\\/\\\/www.electronicajnc.com\\\/web\\\/wp-content\\\/uploads\\\/2023\\\/12\\\/pca-9685.jpg\",\"contentUrl\":\"https:\\\/\\\/www.electronicajnc.com\\\/web\\\/wp-content\\\/uploads\\\/2023\\\/12\\\/pca-9685.jpg\",\"width\":1028,\"height\":925,\"caption\":\"Driver para servomotores PCA9685 I2C de 16 canales 12 bits\"},{\"@type\":\"BreadcrumbList\",\"@id\":\"https:\\\/\\\/www.electronicajnc.com\\\/web\\\/producto\\\/modulo-controlador-de-servos-pca-9685\\\/#breadcrumb\",\"itemListElement\":[{\"@type\":\"ListItem\",\"position\":1,\"name\":\"Portada\",\"item\":\"https:\\\/\\\/www.electronicajnc.com\\\/web\\\/\"},{\"@type\":\"ListItem\",\"position\":2,\"name\":\"TIENDA\",\"item\":\"https:\\\/\\\/www.electronicajnc.com\\\/web\\\/tienda\\\/\"},{\"@type\":\"ListItem\",\"position\":3,\"name\":\"M\u00f3dulo Controlador de Servos PCA 9685\"}]},{\"@type\":\"WebSite\",\"@id\":\"https:\\\/\\\/www.electronicajnc.com\\\/web\\\/#website\",\"url\":\"https:\\\/\\\/www.electronicajnc.com\\\/web\\\/\",\"name\":\"Electronica JNC\",\"description\":\"Robotica Tecnologia Mecatronica en Ecuador\",\"publisher\":{\"@id\":\"https:\\\/\\\/www.electronicajnc.com\\\/web\\\/#organization\"},\"potentialAction\":[{\"@type\":\"SearchAction\",\"target\":{\"@type\":\"EntryPoint\",\"urlTemplate\":\"https:\\\/\\\/www.electronicajnc.com\\\/web\\\/?s={search_term_string}\"},\"query-input\":{\"@type\":\"PropertyValueSpecification\",\"valueRequired\":true,\"valueName\":\"search_term_string\"}}],\"inLanguage\":\"es\"},{\"@type\":\"Organization\",\"@id\":\"https:\\\/\\\/www.electronicajnc.com\\\/web\\\/#organization\",\"name\":\"Electronica JNC\",\"url\":\"https:\\\/\\\/www.electronicajnc.com\\\/web\\\/\",\"logo\":{\"@type\":\"ImageObject\",\"inLanguage\":\"es\",\"@id\":\"https:\\\/\\\/www.electronicajnc.com\\\/web\\\/#\\\/schema\\\/logo\\\/image\\\/\",\"url\":\"https:\\\/\\\/www.electronicajnc.com\\\/web\\\/wp-content\\\/uploads\\\/2023\\\/06\\\/nuevo-logo.jpg\",\"contentUrl\":\"https:\\\/\\\/www.electronicajnc.com\\\/web\\\/wp-content\\\/uploads\\\/2023\\\/06\\\/nuevo-logo.jpg\",\"width\":1256,\"height\":612,\"caption\":\"Electronica JNC\"},\"image\":{\"@id\":\"https:\\\/\\\/www.electronicajnc.com\\\/web\\\/#\\\/schema\\\/logo\\\/image\\\/\"}}]}<\/script>\n<!-- \/ Yoast SEO plugin. -->","yoast_head_json":{"title":"M\u00f3dulo Controlador de Servos PCA 9685 - Electronica JNC","description":"M\u00f3dulo Controlador de Servos PCA 9685 dise\u00f1ada para el control de servos, tiene los pines en el orden correcto para simplemente conectar los servomotores","robots":{"index":"index","follow":"follow","max-snippet":"max-snippet:-1","max-image-preview":"max-image-preview:large","max-video-preview":"max-video-preview:-1"},"canonical":"https:\/\/www.electronicajnc.com\/web\/producto\/modulo-controlador-de-servos-pca-9685\/","og_locale":"es_ES","og_type":"article","og_title":"M\u00f3dulo Controlador de Servos PCA 9685 - Electronica JNC","og_description":"M\u00f3dulo Controlador de Servos PCA 9685 dise\u00f1ada para el control de servos, tiene los pines en el orden correcto para simplemente conectar los servomotores","og_url":"https:\/\/www.electronicajnc.com\/web\/producto\/modulo-controlador-de-servos-pca-9685\/","og_site_name":"Electronica JNC","article_modified_time":"2025-05-27T16:08:56+00:00","og_image":[{"width":1028,"height":925,"url":"https:\/\/www.electronicajnc.com\/web\/wp-content\/uploads\/2023\/12\/pca-9685.jpg","type":"image\/jpeg"}],"twitter_card":"summary_large_image","twitter_misc":{"Tiempo de lectura":"3 minutos"},"schema":{"@context":"https:\/\/schema.org","@graph":[{"@type":"WebPage","@id":"https:\/\/www.electronicajnc.com\/web\/producto\/modulo-controlador-de-servos-pca-9685\/","url":"https:\/\/www.electronicajnc.com\/web\/producto\/modulo-controlador-de-servos-pca-9685\/","name":"M\u00f3dulo Controlador de Servos PCA 9685 - Electronica JNC","isPartOf":{"@id":"https:\/\/www.electronicajnc.com\/web\/#website"},"primaryImageOfPage":{"@id":"https:\/\/www.electronicajnc.com\/web\/producto\/modulo-controlador-de-servos-pca-9685\/#primaryimage"},"image":{"@id":"https:\/\/www.electronicajnc.com\/web\/producto\/modulo-controlador-de-servos-pca-9685\/#primaryimage"},"thumbnailUrl":"https:\/\/www.electronicajnc.com\/web\/wp-content\/uploads\/2023\/12\/pca-9685.jpg","datePublished":"2023-12-20T16:29:10+00:00","dateModified":"2025-05-27T16:08:56+00:00","description":"M\u00f3dulo Controlador de Servos PCA 9685 dise\u00f1ada para el control de servos, tiene los pines en el orden correcto para simplemente conectar los servomotores","breadcrumb":{"@id":"https:\/\/www.electronicajnc.com\/web\/producto\/modulo-controlador-de-servos-pca-9685\/#breadcrumb"},"inLanguage":"es","potentialAction":[{"@type":"ReadAction","target":["https:\/\/www.electronicajnc.com\/web\/producto\/modulo-controlador-de-servos-pca-9685\/"]}]},{"@type":"ImageObject","inLanguage":"es","@id":"https:\/\/www.electronicajnc.com\/web\/producto\/modulo-controlador-de-servos-pca-9685\/#primaryimage","url":"https:\/\/www.electronicajnc.com\/web\/wp-content\/uploads\/2023\/12\/pca-9685.jpg","contentUrl":"https:\/\/www.electronicajnc.com\/web\/wp-content\/uploads\/2023\/12\/pca-9685.jpg","width":1028,"height":925,"caption":"Driver para servomotores PCA9685 I2C de 16 canales 12 bits"},{"@type":"BreadcrumbList","@id":"https:\/\/www.electronicajnc.com\/web\/producto\/modulo-controlador-de-servos-pca-9685\/#breadcrumb","itemListElement":[{"@type":"ListItem","position":1,"name":"Portada","item":"https:\/\/www.electronicajnc.com\/web\/"},{"@type":"ListItem","position":2,"name":"TIENDA","item":"https:\/\/www.electronicajnc.com\/web\/tienda\/"},{"@type":"ListItem","position":3,"name":"M\u00f3dulo Controlador de Servos PCA 9685"}]},{"@type":"WebSite","@id":"https:\/\/www.electronicajnc.com\/web\/#website","url":"https:\/\/www.electronicajnc.com\/web\/","name":"Electronica JNC","description":"Robotica Tecnologia Mecatronica en Ecuador","publisher":{"@id":"https:\/\/www.electronicajnc.com\/web\/#organization"},"potentialAction":[{"@type":"SearchAction","target":{"@type":"EntryPoint","urlTemplate":"https:\/\/www.electronicajnc.com\/web\/?s={search_term_string}"},"query-input":{"@type":"PropertyValueSpecification","valueRequired":true,"valueName":"search_term_string"}}],"inLanguage":"es"},{"@type":"Organization","@id":"https:\/\/www.electronicajnc.com\/web\/#organization","name":"Electronica JNC","url":"https:\/\/www.electronicajnc.com\/web\/","logo":{"@type":"ImageObject","inLanguage":"es","@id":"https:\/\/www.electronicajnc.com\/web\/#\/schema\/logo\/image\/","url":"https:\/\/www.electronicajnc.com\/web\/wp-content\/uploads\/2023\/06\/nuevo-logo.jpg","contentUrl":"https:\/\/www.electronicajnc.com\/web\/wp-content\/uploads\/2023\/06\/nuevo-logo.jpg","width":1256,"height":612,"caption":"Electronica JNC"},"image":{"@id":"https:\/\/www.electronicajnc.com\/web\/#\/schema\/logo\/image\/"}}]}},"_links":{"self":[{"href":"https:\/\/www.electronicajnc.com\/web\/wp-json\/wp\/v2\/product\/1355","targetHints":{"allow":["GET"]}}],"collection":[{"href":"https:\/\/www.electronicajnc.com\/web\/wp-json\/wp\/v2\/product"}],"about":[{"href":"https:\/\/www.electronicajnc.com\/web\/wp-json\/wp\/v2\/types\/product"}],"replies":[{"embeddable":true,"href":"https:\/\/www.electronicajnc.com\/web\/wp-json\/wp\/v2\/comments?post=1355"}],"wp:featuredmedia":[{"embeddable":true,"href":"https:\/\/www.electronicajnc.com\/web\/wp-json\/wp\/v2\/media\/1356"}],"wp:attachment":[{"href":"https:\/\/www.electronicajnc.com\/web\/wp-json\/wp\/v2\/media?parent=1355"}],"wp:term":[{"taxonomy":"product_brand","embeddable":true,"href":"https:\/\/www.electronicajnc.com\/web\/wp-json\/wp\/v2\/product_brand?post=1355"},{"taxonomy":"product_cat","embeddable":true,"href":"https:\/\/www.electronicajnc.com\/web\/wp-json\/wp\/v2\/product_cat?post=1355"},{"taxonomy":"product_tag","embeddable":true,"href":"https:\/\/www.electronicajnc.com\/web\/wp-json\/wp\/v2\/product_tag?post=1355"}],"curies":[{"name":"wp","href":"https:\/\/api.w.org\/{rel}","templated":true}]}}