{"id":1361,"date":"2023-12-20T20:27:26","date_gmt":"2023-12-20T20:27:26","guid":{"rendered":"https:\/\/www.electronicajnc.com\/web\/?post_type=product&#038;p=1361"},"modified":"2025-11-18T17:24:12","modified_gmt":"2025-11-18T17:24:12","slug":"modulo-reconocimiento-de-voz-microfono","status":"publish","type":"product","link":"https:\/\/www.electronicajnc.com\/web\/producto\/modulo-reconocimiento-de-voz-microfono\/","title":{"rendered":"MODULO RECONOCIMIENTO DE VOZ + MICROFONO"},"content":{"rendered":"<p>MODULO RECONOCIMIENTO DE VOZ + MICROFONO<\/p>\n<p><img decoding=\"async\" class=\"aligncenter\" src=\"https:\/\/www.electronicajnc.com\/web\/wp-content\/uploads\/2023\/12\/VOZ.jpg\" alt=\"MODULO RECONOCIMIENTO DE VOZ + MICROFONO\" width=\"268\" height=\"151\" \/><\/p>\n<p>Este m\u00f3dulo est\u00e1 dise\u00f1ado para reconocer el volumen, la modulaci\u00f3n y la entonaci\u00f3n de las palabras para saber exactamente qu\u00e9 comandos deseas ejecutar.<br \/>\nEsta nueva versi\u00f3n del m\u00f3dulo de reconocimiento de voz de Elechouse es capaz de grabar y reconocer hasta 80 comandos de voz de los cuales se puede trabajar con 7 comandos a la vez. Tambi\u00e9n soporta comandos de una o dos palabras. Con este m\u00f3dulo conectado a un Arduino podr\u00e1s empezar a controlar diferentes dispositivos el\u00e9ctricos o electr\u00f3nicos solamente hablando.<\/p>\n<h1>MODULO RECONOCIMIENTO DE VOZ + MICROFONO<\/h1>\n<p>\u2022 Voltaje de alimentaci\u00f3n: 4.5 ~ 5.5 V<br \/>\n\u2022 Corriente: &lt; 40 mA<br \/>\n\u2022 Interfaz digital: 5 V TTL<br \/>\n\u2022 Marca: Elechouse<br \/>\n\u2022 Modelo: V3<br \/>\n\u2022 Interfaz an\u00e1loga: Conector 3.5 mm para micr\u00f3fono<br \/>\n\u2022 Precisi\u00f3n de reconocimiento: 99 % (bajo entorno ruidos reducidos)<br \/>\n\u2022 Soporta un m\u00e1ximo de 80 comandos (cada comando de 1500 ms como m\u00e1ximo)<br \/>\n\u2022 Control de 7 comandos efectivos al mismo tiempo<br \/>\n\u2022 Total compatibilidad con Arduino<br \/>\n\u2022 F\u00e1cil control por UART o GPIO<br \/>\n\u2022 Los pines de salida generales en la placa podr\u00edan generar varios tipos de ondas, mientras que el comando de voz correspondiente fue reconocido.<br \/>\n\u2022 Formas de control (2): 1 &#8211; Puerto serie (funci\u00f3n completa). 2 &#8211; Pines de entrada general (parte de la funci\u00f3n)<\/p>\n<div>\n<h2><b>\u00bfD\u00f3nde<\/b><strong>\u00a0conseguir ?<\/strong><\/h2>\n<\/div>\n<p>Puedes conseguir este producto y mucho mas en nuestra tienda de electr\u00f3nica \u201cElectr\u00f3nica JNC\u201d a un excelente precio, de igual manera puedes preguntar por otros productos que tenemos para ti y as\u00ed adquirirlos seg\u00fan tu necesidad para\u00a0 tus proyectos.<\/p>\n<p>Adem\u00e1s de vender realizamos todo tipo de proyectos de Rob\u00f3tica Electr\u00f3nica y de Programaci\u00f3n en Arduino-Raspberry, brindamos asesoramiento en la elaboraci\u00f3n de proyectos y personalizamos sus clases cuando deseas armar un robot.<\/p>\n<p>Somos importadores Directos de todo en Electr\u00f3nica y Rob\u00f3tica directamente desde los fabricantes, a los mejores precios del mercado.<\/p>\n<div class=\"x11i5rnm xat24cr x1mh8g0r x1vvkbs xtlvy1s x126k92a\">\n<div dir=\"auto\">SERVICIO PERSONALIZADO, APOYO TEORICO Y VENTA DE MATERIAL<\/div>\n<\/div>\n<div class=\"x11i5rnm xat24cr x1mh8g0r x1vvkbs xtlvy1s x126k92a\">\n<div dir=\"auto\">COTIZA CON NOSOTROS<\/div>\n<div dir=\"auto\">SERVICIO, EXPERIENCIA, CALIDAD Y CONFIANZA<\/div>\n<div dir=\"auto\">\u00abTodo lo que buscas en un solo lugar\u00bb<\/div>\n<\/div>\n<div dir=\"auto\"><\/div>\n<p><img decoding=\"async\" class=\"aligncenter\" src=\"https:\/\/images.ua.prom.st\/1494267654_1494267654.jpg?PImaGE_ID=1494267654\" \/><\/p>\n<p style=\"text-align: center;\">Realizar un pedido en la web o por \u00a0<a href=\"https:\/\/api.whatsapp.com\/send?phone=593958753126\" target=\"_blank\" rel=\"noopener\">WHATSAPP<\/a>.<\/p>\n<p><img decoding=\"async\" class=\"aligncenter\" src=\"https:\/\/images.ua.prom.st\/1494267867_1494267867.jpg?PImaGE_ID=1494267867\" \/><\/p>\n<p style=\"text-align: center;\">Consulta con un asesor\u00a0 todas tus inquietudes.<\/p>\n<p><img decoding=\"async\" class=\"aligncenter\" src=\"https:\/\/images.ua.prom.st\/1494266627_1494266627.jpg?PImaGE_ID=1494266627\" \/><\/p>\n<p style=\"text-align: center;\">Pregunta las formas de pago.<\/p>\n<p><img decoding=\"async\" class=\"aligncenter\" src=\"https:\/\/images.ua.prom.st\/1494267985_1494267985.jpg?PImaGE_ID=1494267985\" \/><\/p>\n<p style=\"text-align: center;\">Tu pedido llega a la puerta de tu casa.<\/p>\n<p>&nbsp;<\/p>\n<p><strong>\u00a1\u00a1 PREG\u00daNTANOS Sin compromiso !!!!<\/strong><\/p>\n<p>Puede retirar sus pedidos en nuestra\u00a0<a href=\"https:\/\/www.electronicajnc.com\/web\/contactos\" target=\"_blank\" rel=\"noopener\">TIENDA F\u00cdSICA<\/a>\u00a0o realizar sus pedidos\u00a0<a href=\"https:\/\/www.electronicajnc.com\/web\/mi-cuenta\" target=\"_blank\" rel=\"noopener\">ONLINE<\/a>\u00a0o por\u00a0<a href=\"https:\/\/api.whatsapp.com\/send?phone=593958753126\" target=\"_blank\" rel=\"noopener\">WHATSAPP<\/a>.<\/p>\n<p>&nbsp;<\/p>\n","protected":false},"excerpt":{"rendered":"<p>MODULO RECONOCIMIENTO DE VOZ + MICROFONO Este m\u00f3dulo est\u00e1 dise\u00f1ado para reconocer el volumen, la modulaci\u00f3n y la entonaci\u00f3n de las palabras para saber exactamente qu\u00e9 comandos deseas ejecutar. Esta nueva versi\u00f3n del m\u00f3dulo de reconocimiento de voz de Elechouse es capaz de grabar y reconocer hasta 80 comandos de voz de los cuales se [&hellip;]<\/p>\n","protected":false},"featured_media":1362,"comment_status":"closed","ping_status":"closed","template":"","meta":{"saved_in_kubio":false,"_joinchat":[]},"product_brand":[],"product_cat":[21],"product_tag":[710,706,539,712,714,711,708,709,713,701,715,318,703,704,705,702,707,32,31,35],"class_list":{"0":"post-1361","1":"product","2":"type-product","3":"status-publish","4":"has-post-thumbnail","6":"product_cat-modulos_sensores","7":"product_tag-diseno-de-circuitos","8":"product_tag-esp01-8266","9":"product_tag-esp8266","10":"product_tag-internet-de-las-cosas-iot","11":"product_tag-kit-arduino-ecuador","12":"product_tag-kit-arduino-mas-vendido","13":"product_tag-kit-de-inicio-arduino","14":"product_tag-kit-de-proyecto-arduino","15":"product_tag-kit-de-robotica","16":"product_tag-kit-steam","17":"product_tag-mejor-kit-arduino-ecuador","18":"product_tag-microcontrolador","19":"product_tag-modulo-bluetooth-hc05","20":"product_tag-modulo-sensor","21":"product_tag-pantalla-i2c","22":"product_tag-pantalla-lcd","23":"product_tag-placa-de-pruebas","24":"product_tag-programacion","25":"product_tag-robotica","26":"product_tag-sensor-de-temperatura","28":"first","29":"instock","30":"taxable","31":"shipping-taxable","32":"purchasable","33":"product-type-simple"},"yoast_head":"<!-- This site is optimized with the Yoast SEO plugin v27.5 - https:\/\/yoast.com\/product\/yoast-seo-wordpress\/ -->\n<title>MODULO RECONOCIMIENTO DE VOZ + MICROFONO - Electronica JNC<\/title>\n<meta name=\"description\" content=\"MODULO RECONOCIMIENTO DE VOZ + MICROFONO Se programa a trav\u00e9s de un adaptador USB a Serial y los comandos se graban en tres grupos de 5 comandos cada uno.\" \/>\n<meta name=\"robots\" content=\"index, follow, max-snippet:-1, max-image-preview:large, max-video-preview:-1\" \/>\n<link rel=\"canonical\" href=\"https:\/\/www.electronicajnc.com\/web\/producto\/modulo-reconocimiento-de-voz-microfono\/\" \/>\n<meta property=\"og:locale\" content=\"es_ES\" \/>\n<meta property=\"og:type\" content=\"article\" \/>\n<meta property=\"og:title\" content=\"MODULO RECONOCIMIENTO DE VOZ + MICROFONO - Electronica JNC\" \/>\n<meta property=\"og:description\" content=\"MODULO RECONOCIMIENTO DE VOZ + MICROFONO Se programa a trav\u00e9s de un adaptador USB a Serial y los comandos se graban en tres grupos de 5 comandos cada uno.\" \/>\n<meta property=\"og:url\" content=\"https:\/\/www.electronicajnc.com\/web\/producto\/modulo-reconocimiento-de-voz-microfono\/\" \/>\n<meta property=\"og:site_name\" content=\"Electronica JNC\" \/>\n<meta property=\"article:modified_time\" content=\"2025-11-18T17:24:12+00:00\" \/>\n<meta property=\"og:image\" content=\"https:\/\/www.electronicajnc.com\/web\/wp-content\/uploads\/2023\/12\/VOZ-PRIN.jpg\" \/>\n\t<meta property=\"og:image:width\" content=\"847\" \/>\n\t<meta property=\"og:image:height\" content=\"779\" \/>\n\t<meta property=\"og:image:type\" content=\"image\/jpeg\" \/>\n<meta name=\"twitter:card\" content=\"summary_large_image\" \/>\n<meta name=\"twitter:label1\" content=\"Tiempo de lectura\" \/>\n\t<meta name=\"twitter:data1\" content=\"3 minutos\" \/>\n<script type=\"application\/ld+json\" class=\"yoast-schema-graph\">{\"@context\":\"https:\\\/\\\/schema.org\",\"@graph\":[{\"@type\":\"WebPage\",\"@id\":\"https:\\\/\\\/www.electronicajnc.com\\\/web\\\/producto\\\/modulo-reconocimiento-de-voz-microfono\\\/\",\"url\":\"https:\\\/\\\/www.electronicajnc.com\\\/web\\\/producto\\\/modulo-reconocimiento-de-voz-microfono\\\/\",\"name\":\"MODULO RECONOCIMIENTO DE VOZ + MICROFONO - Electronica JNC\",\"isPartOf\":{\"@id\":\"https:\\\/\\\/www.electronicajnc.com\\\/web\\\/#website\"},\"primaryImageOfPage\":{\"@id\":\"https:\\\/\\\/www.electronicajnc.com\\\/web\\\/producto\\\/modulo-reconocimiento-de-voz-microfono\\\/#primaryimage\"},\"image\":{\"@id\":\"https:\\\/\\\/www.electronicajnc.com\\\/web\\\/producto\\\/modulo-reconocimiento-de-voz-microfono\\\/#primaryimage\"},\"thumbnailUrl\":\"https:\\\/\\\/www.electronicajnc.com\\\/web\\\/wp-content\\\/uploads\\\/2023\\\/12\\\/VOZ-PRIN.jpg\",\"datePublished\":\"2023-12-20T20:27:26+00:00\",\"dateModified\":\"2025-11-18T17:24:12+00:00\",\"description\":\"MODULO RECONOCIMIENTO DE VOZ + MICROFONO Se programa a trav\u00e9s de un adaptador USB a Serial y los comandos se graban en tres grupos de 5 comandos cada uno.\",\"breadcrumb\":{\"@id\":\"https:\\\/\\\/www.electronicajnc.com\\\/web\\\/producto\\\/modulo-reconocimiento-de-voz-microfono\\\/#breadcrumb\"},\"inLanguage\":\"es\",\"potentialAction\":[{\"@type\":\"ReadAction\",\"target\":[\"https:\\\/\\\/www.electronicajnc.com\\\/web\\\/producto\\\/modulo-reconocimiento-de-voz-microfono\\\/\"]}]},{\"@type\":\"ImageObject\",\"inLanguage\":\"es\",\"@id\":\"https:\\\/\\\/www.electronicajnc.com\\\/web\\\/producto\\\/modulo-reconocimiento-de-voz-microfono\\\/#primaryimage\",\"url\":\"https:\\\/\\\/www.electronicajnc.com\\\/web\\\/wp-content\\\/uploads\\\/2023\\\/12\\\/VOZ-PRIN.jpg\",\"contentUrl\":\"https:\\\/\\\/www.electronicajnc.com\\\/web\\\/wp-content\\\/uploads\\\/2023\\\/12\\\/VOZ-PRIN.jpg\",\"width\":847,\"height\":779,\"caption\":\"MODULO RECONOCIMIENTO DE VOZ + MICROFONO\"},{\"@type\":\"BreadcrumbList\",\"@id\":\"https:\\\/\\\/www.electronicajnc.com\\\/web\\\/producto\\\/modulo-reconocimiento-de-voz-microfono\\\/#breadcrumb\",\"itemListElement\":[{\"@type\":\"ListItem\",\"position\":1,\"name\":\"Portada\",\"item\":\"https:\\\/\\\/www.electronicajnc.com\\\/web\\\/\"},{\"@type\":\"ListItem\",\"position\":2,\"name\":\"TIENDA\",\"item\":\"https:\\\/\\\/www.electronicajnc.com\\\/web\\\/tienda\\\/\"},{\"@type\":\"ListItem\",\"position\":3,\"name\":\"MODULO RECONOCIMIENTO DE VOZ + MICROFONO\"}]},{\"@type\":\"WebSite\",\"@id\":\"https:\\\/\\\/www.electronicajnc.com\\\/web\\\/#website\",\"url\":\"https:\\\/\\\/www.electronicajnc.com\\\/web\\\/\",\"name\":\"Electronica JNC\",\"description\":\"Robotica Tecnologia Mecatronica en Ecuador\",\"publisher\":{\"@id\":\"https:\\\/\\\/www.electronicajnc.com\\\/web\\\/#organization\"},\"potentialAction\":[{\"@type\":\"SearchAction\",\"target\":{\"@type\":\"EntryPoint\",\"urlTemplate\":\"https:\\\/\\\/www.electronicajnc.com\\\/web\\\/?s={search_term_string}\"},\"query-input\":{\"@type\":\"PropertyValueSpecification\",\"valueRequired\":true,\"valueName\":\"search_term_string\"}}],\"inLanguage\":\"es\"},{\"@type\":\"Organization\",\"@id\":\"https:\\\/\\\/www.electronicajnc.com\\\/web\\\/#organization\",\"name\":\"Electronica JNC\",\"url\":\"https:\\\/\\\/www.electronicajnc.com\\\/web\\\/\",\"logo\":{\"@type\":\"ImageObject\",\"inLanguage\":\"es\",\"@id\":\"https:\\\/\\\/www.electronicajnc.com\\\/web\\\/#\\\/schema\\\/logo\\\/image\\\/\",\"url\":\"https:\\\/\\\/www.electronicajnc.com\\\/web\\\/wp-content\\\/uploads\\\/2023\\\/06\\\/nuevo-logo.jpg\",\"contentUrl\":\"https:\\\/\\\/www.electronicajnc.com\\\/web\\\/wp-content\\\/uploads\\\/2023\\\/06\\\/nuevo-logo.jpg\",\"width\":1256,\"height\":612,\"caption\":\"Electronica JNC\"},\"image\":{\"@id\":\"https:\\\/\\\/www.electronicajnc.com\\\/web\\\/#\\\/schema\\\/logo\\\/image\\\/\"}}]}<\/script>\n<!-- \/ Yoast SEO plugin. -->","yoast_head_json":{"title":"MODULO RECONOCIMIENTO DE VOZ + MICROFONO - Electronica JNC","description":"MODULO RECONOCIMIENTO DE VOZ + MICROFONO Se programa a trav\u00e9s de un adaptador USB a Serial y los comandos se graban en tres grupos de 5 comandos cada uno.","robots":{"index":"index","follow":"follow","max-snippet":"max-snippet:-1","max-image-preview":"max-image-preview:large","max-video-preview":"max-video-preview:-1"},"canonical":"https:\/\/www.electronicajnc.com\/web\/producto\/modulo-reconocimiento-de-voz-microfono\/","og_locale":"es_ES","og_type":"article","og_title":"MODULO RECONOCIMIENTO DE VOZ + MICROFONO - Electronica JNC","og_description":"MODULO RECONOCIMIENTO DE VOZ + MICROFONO Se programa a trav\u00e9s de un adaptador USB a Serial y los comandos se graban en tres grupos de 5 comandos cada uno.","og_url":"https:\/\/www.electronicajnc.com\/web\/producto\/modulo-reconocimiento-de-voz-microfono\/","og_site_name":"Electronica JNC","article_modified_time":"2025-11-18T17:24:12+00:00","og_image":[{"width":847,"height":779,"url":"https:\/\/www.electronicajnc.com\/web\/wp-content\/uploads\/2023\/12\/VOZ-PRIN.jpg","type":"image\/jpeg"}],"twitter_card":"summary_large_image","twitter_misc":{"Tiempo de lectura":"3 minutos"},"schema":{"@context":"https:\/\/schema.org","@graph":[{"@type":"WebPage","@id":"https:\/\/www.electronicajnc.com\/web\/producto\/modulo-reconocimiento-de-voz-microfono\/","url":"https:\/\/www.electronicajnc.com\/web\/producto\/modulo-reconocimiento-de-voz-microfono\/","name":"MODULO RECONOCIMIENTO DE VOZ + MICROFONO - Electronica JNC","isPartOf":{"@id":"https:\/\/www.electronicajnc.com\/web\/#website"},"primaryImageOfPage":{"@id":"https:\/\/www.electronicajnc.com\/web\/producto\/modulo-reconocimiento-de-voz-microfono\/#primaryimage"},"image":{"@id":"https:\/\/www.electronicajnc.com\/web\/producto\/modulo-reconocimiento-de-voz-microfono\/#primaryimage"},"thumbnailUrl":"https:\/\/www.electronicajnc.com\/web\/wp-content\/uploads\/2023\/12\/VOZ-PRIN.jpg","datePublished":"2023-12-20T20:27:26+00:00","dateModified":"2025-11-18T17:24:12+00:00","description":"MODULO RECONOCIMIENTO DE VOZ + MICROFONO Se programa a trav\u00e9s de un adaptador USB a Serial y los comandos se graban en tres grupos de 5 comandos cada uno.","breadcrumb":{"@id":"https:\/\/www.electronicajnc.com\/web\/producto\/modulo-reconocimiento-de-voz-microfono\/#breadcrumb"},"inLanguage":"es","potentialAction":[{"@type":"ReadAction","target":["https:\/\/www.electronicajnc.com\/web\/producto\/modulo-reconocimiento-de-voz-microfono\/"]}]},{"@type":"ImageObject","inLanguage":"es","@id":"https:\/\/www.electronicajnc.com\/web\/producto\/modulo-reconocimiento-de-voz-microfono\/#primaryimage","url":"https:\/\/www.electronicajnc.com\/web\/wp-content\/uploads\/2023\/12\/VOZ-PRIN.jpg","contentUrl":"https:\/\/www.electronicajnc.com\/web\/wp-content\/uploads\/2023\/12\/VOZ-PRIN.jpg","width":847,"height":779,"caption":"MODULO RECONOCIMIENTO DE VOZ + MICROFONO"},{"@type":"BreadcrumbList","@id":"https:\/\/www.electronicajnc.com\/web\/producto\/modulo-reconocimiento-de-voz-microfono\/#breadcrumb","itemListElement":[{"@type":"ListItem","position":1,"name":"Portada","item":"https:\/\/www.electronicajnc.com\/web\/"},{"@type":"ListItem","position":2,"name":"TIENDA","item":"https:\/\/www.electronicajnc.com\/web\/tienda\/"},{"@type":"ListItem","position":3,"name":"MODULO RECONOCIMIENTO DE VOZ + MICROFONO"}]},{"@type":"WebSite","@id":"https:\/\/www.electronicajnc.com\/web\/#website","url":"https:\/\/www.electronicajnc.com\/web\/","name":"Electronica JNC","description":"Robotica Tecnologia Mecatronica en Ecuador","publisher":{"@id":"https:\/\/www.electronicajnc.com\/web\/#organization"},"potentialAction":[{"@type":"SearchAction","target":{"@type":"EntryPoint","urlTemplate":"https:\/\/www.electronicajnc.com\/web\/?s={search_term_string}"},"query-input":{"@type":"PropertyValueSpecification","valueRequired":true,"valueName":"search_term_string"}}],"inLanguage":"es"},{"@type":"Organization","@id":"https:\/\/www.electronicajnc.com\/web\/#organization","name":"Electronica JNC","url":"https:\/\/www.electronicajnc.com\/web\/","logo":{"@type":"ImageObject","inLanguage":"es","@id":"https:\/\/www.electronicajnc.com\/web\/#\/schema\/logo\/image\/","url":"https:\/\/www.electronicajnc.com\/web\/wp-content\/uploads\/2023\/06\/nuevo-logo.jpg","contentUrl":"https:\/\/www.electronicajnc.com\/web\/wp-content\/uploads\/2023\/06\/nuevo-logo.jpg","width":1256,"height":612,"caption":"Electronica JNC"},"image":{"@id":"https:\/\/www.electronicajnc.com\/web\/#\/schema\/logo\/image\/"}}]}},"_links":{"self":[{"href":"https:\/\/www.electronicajnc.com\/web\/wp-json\/wp\/v2\/product\/1361","targetHints":{"allow":["GET"]}}],"collection":[{"href":"https:\/\/www.electronicajnc.com\/web\/wp-json\/wp\/v2\/product"}],"about":[{"href":"https:\/\/www.electronicajnc.com\/web\/wp-json\/wp\/v2\/types\/product"}],"replies":[{"embeddable":true,"href":"https:\/\/www.electronicajnc.com\/web\/wp-json\/wp\/v2\/comments?post=1361"}],"wp:featuredmedia":[{"embeddable":true,"href":"https:\/\/www.electronicajnc.com\/web\/wp-json\/wp\/v2\/media\/1362"}],"wp:attachment":[{"href":"https:\/\/www.electronicajnc.com\/web\/wp-json\/wp\/v2\/media?parent=1361"}],"wp:term":[{"taxonomy":"product_brand","embeddable":true,"href":"https:\/\/www.electronicajnc.com\/web\/wp-json\/wp\/v2\/product_brand?post=1361"},{"taxonomy":"product_cat","embeddable":true,"href":"https:\/\/www.electronicajnc.com\/web\/wp-json\/wp\/v2\/product_cat?post=1361"},{"taxonomy":"product_tag","embeddable":true,"href":"https:\/\/www.electronicajnc.com\/web\/wp-json\/wp\/v2\/product_tag?post=1361"}],"curies":[{"name":"wp","href":"https:\/\/api.w.org\/{rel}","templated":true}]}}