{"id":1364,"date":"2023-12-20T20:51:52","date_gmt":"2023-12-20T20:51:52","guid":{"rendered":"https:\/\/www.electronicajnc.com\/web\/?post_type=product&#038;p=1364"},"modified":"2023-12-20T22:02:49","modified_gmt":"2023-12-20T22:02:49","slug":"modulo-ne555-timer-temporizador-relay-dc-12v","status":"publish","type":"product","link":"https:\/\/www.electronicajnc.com\/web\/producto\/modulo-ne555-timer-temporizador-relay-dc-12v\/","title":{"rendered":"Modulo Ne555 Timer Temporizador Relay Dc 12v"},"content":{"rendered":"<p class=\"ui-pdp-title\">Modulo Ne555 Timer Temporizador Relay Dc 12v<\/p>\n<p><img fetchpriority=\"high\" decoding=\"async\" class=\"aligncenter\" src=\"https:\/\/www.electronicajnc.com\/web\/wp-content\/uploads\/2023\/12\/TEMPORIZADOR-555-1.jpg\" alt=\"MODULO TEMPORIZADOR NE555\" width=\"331\" height=\"276\" \/><\/p>\n<div>Este es un MODULO NE555 de encendido con retardo de muy buena calidad, usando dise\u00f1o de CPU de alto rendimiento de sincronizaci\u00f3n.<\/div>\n<div>La salida puede conectarse a la carga de CA 250V 10A DC 30V 10A.<\/div>\n<div>Cuenta con un tiempo de regulaci\u00f3n ajustable de 0 a 10 segundos de forma predeterminada, o cambiando el capacitor se puede obtener mas tiempo<\/div>\n<div><\/div>\n<div>Ideal para equipos de retraso, evita quemar los componentes y dispositivos.<\/div>\n<h1 class=\"ui-pdp-title\">Modulo Ne555 Timer Temporizador Relay Dc 12v<\/h1>\n<h2>Especificaciones:<\/h2>\n<ul>\n<li>Especificaciones:<\/li>\n<li>M\u00f3dulo basado en: Integrado\u00a0<strong>NE555<\/strong>.<\/li>\n<li>M\u00f3dulo de conexi\u00f3n de retardo: Module Delay<\/li>\n<li>Voltaje de Entrada:\u00a0<strong>DC12V<\/strong><\/li>\n<li>Control de Voltaje: AC 0 ~ 250V\/MAX. 10A, DC 0 ~ 30V\/MAX. 10A<\/li>\n<li>El voltaje de Funcionamiento: DC 12V<\/li>\n<li>Max. Carga: 2200W<\/li>\n<li>Tama\u00f1o del producto: aprox. 6.8 x 2.2 x 1.8 cm<\/li>\n<li>Peso Neto: aprox. 34g<\/li>\n<\/ul>\n<div>\n<h2><b>\u00bfD\u00f3nde<\/b><strong>\u00a0conseguir ?<\/strong><\/h2>\n<\/div>\n<p>Puedes conseguir este producto y mucho mas en nuestra tienda de electr\u00f3nica \u201cElectr\u00f3nica JNC\u201d a un excelente precio, de igual manera puedes preguntar por otros productos que tenemos para ti y as\u00ed adquirirlos seg\u00fan tu necesidad para\u00a0 tus proyectos.<\/p>\n<p>Adem\u00e1s de vender realizamos todo tipo de proyectos de Rob\u00f3tica Electr\u00f3nica y de Programaci\u00f3n en Arduino-Raspberry, brindamos asesoramiento en la elaboraci\u00f3n de proyectos y personalizamos sus clases cuando deseas armar un robot.<\/p>\n<p>Somos importadores Directos de todo en Electr\u00f3nica y Rob\u00f3tica directamente desde los fabricantes, a los mejores precios del mercado.<\/p>\n<div class=\"x11i5rnm xat24cr x1mh8g0r x1vvkbs xtlvy1s x126k92a\">\n<div dir=\"auto\">SERVICIO PERSONALIZADO, APOYO TEORICO Y VENTA DE MATERIAL<\/div>\n<\/div>\n<div class=\"x11i5rnm xat24cr x1mh8g0r x1vvkbs xtlvy1s x126k92a\">\n<div dir=\"auto\">COTIZA CON NOSOTROS<\/div>\n<div dir=\"auto\">SERVICIO, EXPERIENCIA, CALIDAD Y CONFIANZA<\/div>\n<div dir=\"auto\">\u00abTodo lo que buscas en un solo lugar\u00bb<\/div>\n<\/div>\n<div dir=\"auto\"><\/div>\n<p><img decoding=\"async\" class=\"aligncenter\" src=\"https:\/\/images.ua.prom.st\/1494267654_1494267654.jpg?PImaGE_ID=1494267654\" \/><\/p>\n<p style=\"text-align: center;\">Realizar un pedido en la web o por \u00a0<a href=\"https:\/\/api.whatsapp.com\/send?phone=593958753126\" target=\"_blank\" rel=\"noopener\">WHATSAPP<\/a>.<\/p>\n<p><img decoding=\"async\" class=\"aligncenter\" src=\"https:\/\/images.ua.prom.st\/1494267867_1494267867.jpg?PImaGE_ID=1494267867\" \/><\/p>\n<p style=\"text-align: center;\">Consulta con un asesor\u00a0 todas tus inquietudes.<\/p>\n<p><img decoding=\"async\" class=\"aligncenter\" src=\"https:\/\/images.ua.prom.st\/1494266627_1494266627.jpg?PImaGE_ID=1494266627\" \/><\/p>\n<p style=\"text-align: center;\">Pregunta las formas de pago.<\/p>\n<p><img decoding=\"async\" class=\"aligncenter\" src=\"https:\/\/images.ua.prom.st\/1494267985_1494267985.jpg?PImaGE_ID=1494267985\" \/><\/p>\n<p>Tu pedido llega a la puerta de tu casa.<\/p>\n<p>&nbsp;<\/p>\n<p><strong>\u00a1\u00a1 PREG\u00daNTANOS Sin compromiso !!!!<\/strong><\/p>\n<p>Puede retirar sus pedidos en nuestra\u00a0<a href=\"https:\/\/www.electronicajnc.com\/web\/contactos\" target=\"_blank\" rel=\"noopener\">TIENDA F\u00cdSICA<\/a>\u00a0o realizar sus pedidos\u00a0<a href=\"https:\/\/www.electronicajnc.com\/web\/mi-cuenta\" target=\"_blank\" rel=\"noopener\">ONLINE<\/a>\u00a0o por\u00a0<a href=\"https:\/\/api.whatsapp.com\/send?phone=593958753126\" target=\"_blank\" rel=\"noopener\">WHATSAPP<\/a>.<\/p>\n","protected":false},"excerpt":{"rendered":"<p>Para el buen uso del modulo se tiene que ingresar con 12<strong>v<\/strong>\u00a0en las dos borneras de alimentaci\u00f3n VCC (+) y GND (-) al alimentarlo se encender\u00e1 un LED indicador de encendido y en las 3 borneras de salida que estar\u00e1n conectadas al RELE que se encontrara cerrado entre el Com\u00fan (COM) y el Normal Cerrado (NC) a lo largo de unos segundos va a cambiar de modo estando cerrado entre el Com\u00fan (COM) y el Normal Abierto (NO) y permanecer\u00e1 as\u00ed hasta que se desconecte de la corriente.<\/p>\n","protected":false},"featured_media":1365,"comment_status":"closed","ping_status":"closed","template":"","meta":{"saved_in_kubio":false,"_joinchat":[]},"product_brand":[],"product_cat":[21],"product_tag":[710,706,539,712,714,711,708,709,713,701,715,318,703,704,705,702,707,32,31,35],"class_list":{"0":"post-1364","1":"product","2":"type-product","3":"status-publish","4":"has-post-thumbnail","6":"product_cat-modulos_sensores","7":"product_tag-diseno-de-circuitos","8":"product_tag-esp01-8266","9":"product_tag-esp8266","10":"product_tag-internet-de-las-cosas-iot","11":"product_tag-kit-arduino-ecuador","12":"product_tag-kit-arduino-mas-vendido","13":"product_tag-kit-de-inicio-arduino","14":"product_tag-kit-de-proyecto-arduino","15":"product_tag-kit-de-robotica","16":"product_tag-kit-steam","17":"product_tag-mejor-kit-arduino-ecuador","18":"product_tag-microcontrolador","19":"product_tag-modulo-bluetooth-hc05","20":"product_tag-modulo-sensor","21":"product_tag-pantalla-i2c","22":"product_tag-pantalla-lcd","23":"product_tag-placa-de-pruebas","24":"product_tag-programacion","25":"product_tag-robotica","26":"product_tag-sensor-de-temperatura","28":"first","29":"instock","30":"taxable","31":"shipping-taxable","32":"purchasable","33":"product-type-simple"},"yoast_head":"<!-- This site is optimized with the Yoast SEO plugin v27.5 - https:\/\/yoast.com\/product\/yoast-seo-wordpress\/ -->\n<title>Modulo Ne555 Timer Temporizador Relay Dc 12v - Electronica JNC<\/title>\n<meta name=\"description\" content=\"Modulo Ne555 Timer Temporizador Relay Dc 12v es un dispositivo capaz de retardar el encendido de aparatos el\u00e9ctricos conectado a \u00e9l.\" \/>\n<meta name=\"robots\" content=\"index, follow, max-snippet:-1, max-image-preview:large, max-video-preview:-1\" \/>\n<link rel=\"canonical\" href=\"https:\/\/www.electronicajnc.com\/web\/producto\/modulo-ne555-timer-temporizador-relay-dc-12v\/\" \/>\n<meta property=\"og:locale\" content=\"es_ES\" \/>\n<meta property=\"og:type\" content=\"article\" \/>\n<meta property=\"og:title\" content=\"Modulo Ne555 Timer Temporizador Relay Dc 12v - Electronica JNC\" \/>\n<meta property=\"og:description\" content=\"Modulo Ne555 Timer Temporizador Relay Dc 12v es un dispositivo capaz de retardar el encendido de aparatos el\u00e9ctricos conectado a \u00e9l.\" \/>\n<meta property=\"og:url\" content=\"https:\/\/www.electronicajnc.com\/web\/producto\/modulo-ne555-timer-temporizador-relay-dc-12v\/\" \/>\n<meta property=\"og:site_name\" content=\"Electronica JNC\" \/>\n<meta property=\"article:modified_time\" content=\"2023-12-20T22:02:49+00:00\" \/>\n<meta property=\"og:image\" content=\"https:\/\/www.electronicajnc.com\/web\/wp-content\/uploads\/2023\/12\/TEMPORIZADOR-555.jpg\" \/>\n\t<meta property=\"og:image:width\" content=\"1028\" \/>\n\t<meta property=\"og:image:height\" content=\"915\" \/>\n\t<meta property=\"og:image:type\" content=\"image\/jpeg\" \/>\n<meta name=\"twitter:card\" content=\"summary_large_image\" \/>\n<meta name=\"twitter:label1\" content=\"Tiempo de lectura\" \/>\n\t<meta name=\"twitter:data1\" content=\"3 minutos\" \/>\n<script type=\"application\/ld+json\" class=\"yoast-schema-graph\">{\"@context\":\"https:\\\/\\\/schema.org\",\"@graph\":[{\"@type\":\"WebPage\",\"@id\":\"https:\\\/\\\/www.electronicajnc.com\\\/web\\\/producto\\\/modulo-ne555-timer-temporizador-relay-dc-12v\\\/\",\"url\":\"https:\\\/\\\/www.electronicajnc.com\\\/web\\\/producto\\\/modulo-ne555-timer-temporizador-relay-dc-12v\\\/\",\"name\":\"Modulo Ne555 Timer Temporizador Relay Dc 12v - Electronica JNC\",\"isPartOf\":{\"@id\":\"https:\\\/\\\/www.electronicajnc.com\\\/web\\\/#website\"},\"primaryImageOfPage\":{\"@id\":\"https:\\\/\\\/www.electronicajnc.com\\\/web\\\/producto\\\/modulo-ne555-timer-temporizador-relay-dc-12v\\\/#primaryimage\"},\"image\":{\"@id\":\"https:\\\/\\\/www.electronicajnc.com\\\/web\\\/producto\\\/modulo-ne555-timer-temporizador-relay-dc-12v\\\/#primaryimage\"},\"thumbnailUrl\":\"https:\\\/\\\/www.electronicajnc.com\\\/web\\\/wp-content\\\/uploads\\\/2023\\\/12\\\/TEMPORIZADOR-555.jpg\",\"datePublished\":\"2023-12-20T20:51:52+00:00\",\"dateModified\":\"2023-12-20T22:02:49+00:00\",\"description\":\"Modulo Ne555 Timer Temporizador Relay Dc 12v es un dispositivo capaz de retardar el encendido de aparatos el\u00e9ctricos conectado a \u00e9l.\",\"breadcrumb\":{\"@id\":\"https:\\\/\\\/www.electronicajnc.com\\\/web\\\/producto\\\/modulo-ne555-timer-temporizador-relay-dc-12v\\\/#breadcrumb\"},\"inLanguage\":\"es\",\"potentialAction\":[{\"@type\":\"ReadAction\",\"target\":[\"https:\\\/\\\/www.electronicajnc.com\\\/web\\\/producto\\\/modulo-ne555-timer-temporizador-relay-dc-12v\\\/\"]}]},{\"@type\":\"ImageObject\",\"inLanguage\":\"es\",\"@id\":\"https:\\\/\\\/www.electronicajnc.com\\\/web\\\/producto\\\/modulo-ne555-timer-temporizador-relay-dc-12v\\\/#primaryimage\",\"url\":\"https:\\\/\\\/www.electronicajnc.com\\\/web\\\/wp-content\\\/uploads\\\/2023\\\/12\\\/TEMPORIZADOR-555.jpg\",\"contentUrl\":\"https:\\\/\\\/www.electronicajnc.com\\\/web\\\/wp-content\\\/uploads\\\/2023\\\/12\\\/TEMPORIZADOR-555.jpg\",\"width\":1028,\"height\":915,\"caption\":\"MODULO TEMPORIZADOR NE555 CON RELE 12V DC\"},{\"@type\":\"BreadcrumbList\",\"@id\":\"https:\\\/\\\/www.electronicajnc.com\\\/web\\\/producto\\\/modulo-ne555-timer-temporizador-relay-dc-12v\\\/#breadcrumb\",\"itemListElement\":[{\"@type\":\"ListItem\",\"position\":1,\"name\":\"Portada\",\"item\":\"https:\\\/\\\/www.electronicajnc.com\\\/web\\\/\"},{\"@type\":\"ListItem\",\"position\":2,\"name\":\"TIENDA\",\"item\":\"https:\\\/\\\/www.electronicajnc.com\\\/web\\\/tienda\\\/\"},{\"@type\":\"ListItem\",\"position\":3,\"name\":\"Modulo Ne555 Timer Temporizador Relay Dc 12v\"}]},{\"@type\":\"WebSite\",\"@id\":\"https:\\\/\\\/www.electronicajnc.com\\\/web\\\/#website\",\"url\":\"https:\\\/\\\/www.electronicajnc.com\\\/web\\\/\",\"name\":\"Electronica JNC\",\"description\":\"Robotica Tecnologia Mecatronica en Ecuador\",\"publisher\":{\"@id\":\"https:\\\/\\\/www.electronicajnc.com\\\/web\\\/#organization\"},\"potentialAction\":[{\"@type\":\"SearchAction\",\"target\":{\"@type\":\"EntryPoint\",\"urlTemplate\":\"https:\\\/\\\/www.electronicajnc.com\\\/web\\\/?s={search_term_string}\"},\"query-input\":{\"@type\":\"PropertyValueSpecification\",\"valueRequired\":true,\"valueName\":\"search_term_string\"}}],\"inLanguage\":\"es\"},{\"@type\":\"Organization\",\"@id\":\"https:\\\/\\\/www.electronicajnc.com\\\/web\\\/#organization\",\"name\":\"Electronica JNC\",\"url\":\"https:\\\/\\\/www.electronicajnc.com\\\/web\\\/\",\"logo\":{\"@type\":\"ImageObject\",\"inLanguage\":\"es\",\"@id\":\"https:\\\/\\\/www.electronicajnc.com\\\/web\\\/#\\\/schema\\\/logo\\\/image\\\/\",\"url\":\"https:\\\/\\\/www.electronicajnc.com\\\/web\\\/wp-content\\\/uploads\\\/2023\\\/06\\\/nuevo-logo.jpg\",\"contentUrl\":\"https:\\\/\\\/www.electronicajnc.com\\\/web\\\/wp-content\\\/uploads\\\/2023\\\/06\\\/nuevo-logo.jpg\",\"width\":1256,\"height\":612,\"caption\":\"Electronica JNC\"},\"image\":{\"@id\":\"https:\\\/\\\/www.electronicajnc.com\\\/web\\\/#\\\/schema\\\/logo\\\/image\\\/\"}}]}<\/script>\n<!-- \/ Yoast SEO plugin. -->","yoast_head_json":{"title":"Modulo Ne555 Timer Temporizador Relay Dc 12v - Electronica JNC","description":"Modulo Ne555 Timer Temporizador Relay Dc 12v es un dispositivo capaz de retardar el encendido de aparatos el\u00e9ctricos conectado a \u00e9l.","robots":{"index":"index","follow":"follow","max-snippet":"max-snippet:-1","max-image-preview":"max-image-preview:large","max-video-preview":"max-video-preview:-1"},"canonical":"https:\/\/www.electronicajnc.com\/web\/producto\/modulo-ne555-timer-temporizador-relay-dc-12v\/","og_locale":"es_ES","og_type":"article","og_title":"Modulo Ne555 Timer Temporizador Relay Dc 12v - Electronica JNC","og_description":"Modulo Ne555 Timer Temporizador Relay Dc 12v es un dispositivo capaz de retardar el encendido de aparatos el\u00e9ctricos conectado a \u00e9l.","og_url":"https:\/\/www.electronicajnc.com\/web\/producto\/modulo-ne555-timer-temporizador-relay-dc-12v\/","og_site_name":"Electronica JNC","article_modified_time":"2023-12-20T22:02:49+00:00","og_image":[{"width":1028,"height":915,"url":"https:\/\/www.electronicajnc.com\/web\/wp-content\/uploads\/2023\/12\/TEMPORIZADOR-555.jpg","type":"image\/jpeg"}],"twitter_card":"summary_large_image","twitter_misc":{"Tiempo de lectura":"3 minutos"},"schema":{"@context":"https:\/\/schema.org","@graph":[{"@type":"WebPage","@id":"https:\/\/www.electronicajnc.com\/web\/producto\/modulo-ne555-timer-temporizador-relay-dc-12v\/","url":"https:\/\/www.electronicajnc.com\/web\/producto\/modulo-ne555-timer-temporizador-relay-dc-12v\/","name":"Modulo Ne555 Timer Temporizador Relay Dc 12v - Electronica JNC","isPartOf":{"@id":"https:\/\/www.electronicajnc.com\/web\/#website"},"primaryImageOfPage":{"@id":"https:\/\/www.electronicajnc.com\/web\/producto\/modulo-ne555-timer-temporizador-relay-dc-12v\/#primaryimage"},"image":{"@id":"https:\/\/www.electronicajnc.com\/web\/producto\/modulo-ne555-timer-temporizador-relay-dc-12v\/#primaryimage"},"thumbnailUrl":"https:\/\/www.electronicajnc.com\/web\/wp-content\/uploads\/2023\/12\/TEMPORIZADOR-555.jpg","datePublished":"2023-12-20T20:51:52+00:00","dateModified":"2023-12-20T22:02:49+00:00","description":"Modulo Ne555 Timer Temporizador Relay Dc 12v es un dispositivo capaz de retardar el encendido de aparatos el\u00e9ctricos conectado a \u00e9l.","breadcrumb":{"@id":"https:\/\/www.electronicajnc.com\/web\/producto\/modulo-ne555-timer-temporizador-relay-dc-12v\/#breadcrumb"},"inLanguage":"es","potentialAction":[{"@type":"ReadAction","target":["https:\/\/www.electronicajnc.com\/web\/producto\/modulo-ne555-timer-temporizador-relay-dc-12v\/"]}]},{"@type":"ImageObject","inLanguage":"es","@id":"https:\/\/www.electronicajnc.com\/web\/producto\/modulo-ne555-timer-temporizador-relay-dc-12v\/#primaryimage","url":"https:\/\/www.electronicajnc.com\/web\/wp-content\/uploads\/2023\/12\/TEMPORIZADOR-555.jpg","contentUrl":"https:\/\/www.electronicajnc.com\/web\/wp-content\/uploads\/2023\/12\/TEMPORIZADOR-555.jpg","width":1028,"height":915,"caption":"MODULO TEMPORIZADOR NE555 CON RELE 12V DC"},{"@type":"BreadcrumbList","@id":"https:\/\/www.electronicajnc.com\/web\/producto\/modulo-ne555-timer-temporizador-relay-dc-12v\/#breadcrumb","itemListElement":[{"@type":"ListItem","position":1,"name":"Portada","item":"https:\/\/www.electronicajnc.com\/web\/"},{"@type":"ListItem","position":2,"name":"TIENDA","item":"https:\/\/www.electronicajnc.com\/web\/tienda\/"},{"@type":"ListItem","position":3,"name":"Modulo Ne555 Timer Temporizador Relay Dc 12v"}]},{"@type":"WebSite","@id":"https:\/\/www.electronicajnc.com\/web\/#website","url":"https:\/\/www.electronicajnc.com\/web\/","name":"Electronica JNC","description":"Robotica Tecnologia Mecatronica en Ecuador","publisher":{"@id":"https:\/\/www.electronicajnc.com\/web\/#organization"},"potentialAction":[{"@type":"SearchAction","target":{"@type":"EntryPoint","urlTemplate":"https:\/\/www.electronicajnc.com\/web\/?s={search_term_string}"},"query-input":{"@type":"PropertyValueSpecification","valueRequired":true,"valueName":"search_term_string"}}],"inLanguage":"es"},{"@type":"Organization","@id":"https:\/\/www.electronicajnc.com\/web\/#organization","name":"Electronica JNC","url":"https:\/\/www.electronicajnc.com\/web\/","logo":{"@type":"ImageObject","inLanguage":"es","@id":"https:\/\/www.electronicajnc.com\/web\/#\/schema\/logo\/image\/","url":"https:\/\/www.electronicajnc.com\/web\/wp-content\/uploads\/2023\/06\/nuevo-logo.jpg","contentUrl":"https:\/\/www.electronicajnc.com\/web\/wp-content\/uploads\/2023\/06\/nuevo-logo.jpg","width":1256,"height":612,"caption":"Electronica JNC"},"image":{"@id":"https:\/\/www.electronicajnc.com\/web\/#\/schema\/logo\/image\/"}}]}},"_links":{"self":[{"href":"https:\/\/www.electronicajnc.com\/web\/wp-json\/wp\/v2\/product\/1364","targetHints":{"allow":["GET"]}}],"collection":[{"href":"https:\/\/www.electronicajnc.com\/web\/wp-json\/wp\/v2\/product"}],"about":[{"href":"https:\/\/www.electronicajnc.com\/web\/wp-json\/wp\/v2\/types\/product"}],"replies":[{"embeddable":true,"href":"https:\/\/www.electronicajnc.com\/web\/wp-json\/wp\/v2\/comments?post=1364"}],"wp:featuredmedia":[{"embeddable":true,"href":"https:\/\/www.electronicajnc.com\/web\/wp-json\/wp\/v2\/media\/1365"}],"wp:attachment":[{"href":"https:\/\/www.electronicajnc.com\/web\/wp-json\/wp\/v2\/media?parent=1364"}],"wp:term":[{"taxonomy":"product_brand","embeddable":true,"href":"https:\/\/www.electronicajnc.com\/web\/wp-json\/wp\/v2\/product_brand?post=1364"},{"taxonomy":"product_cat","embeddable":true,"href":"https:\/\/www.electronicajnc.com\/web\/wp-json\/wp\/v2\/product_cat?post=1364"},{"taxonomy":"product_tag","embeddable":true,"href":"https:\/\/www.electronicajnc.com\/web\/wp-json\/wp\/v2\/product_tag?post=1364"}],"curies":[{"name":"wp","href":"https:\/\/api.w.org\/{rel}","templated":true}]}}