{"id":1367,"date":"2023-12-20T22:32:49","date_gmt":"2023-12-20T22:32:49","guid":{"rendered":"https:\/\/www.electronicajnc.com\/web\/?post_type=product&#038;p=1367"},"modified":"2023-12-20T22:35:50","modified_gmt":"2023-12-20T22:35:50","slug":"modulo-radio-frecuencia-315mhz-rf-4-canales","status":"publish","type":"product","link":"https:\/\/www.electronicajnc.com\/web\/producto\/modulo-radio-frecuencia-315mhz-rf-4-canales\/","title":{"rendered":"M\u00d3DULO RADIO FRECUENCIA 315MHZ RF 4 CANALES"},"content":{"rendered":"<p class=\"product_title entry-title\">M\u00d3DULO RADIO FRECUENCIA 315MHZ RF 4 CANALES<\/p>\n<p><img fetchpriority=\"high\" decoding=\"async\" class=\"aligncenter\" src=\"https:\/\/www.electronicajnc.com\/web\/wp-content\/uploads\/2023\/12\/RF-315.jpg-1.jpg\" alt=\"M\u00f3dulo Radio Frecuencia Rf 4 Ch Receptor Y Control 315 Mhz\" width=\"286\" height=\"234\" \/><\/p>\n<p>En muchas ocasiones es necesario establecer un enlace de comunicaci\u00f3n inal\u00e1mbrico de forma r\u00e1pida y sencilla, siendo este control remoto RF la soluci\u00f3n ideal. Para utilizar el control remoto RF no es necesario\u00a0programar, ni utilizar alg\u00fan microcontrolador adicional. Para poder utilizarlo\u00a0basta con alimentar el control remoto y el receptor.<\/p>\n<p>Posee 4 salidas que pueden ir conectadas a transistores de conmutaci\u00f3n o optoacopladores y luego conectadas a relays. La frecuencia de trabajo es de 315 MHz, debido a que es una banda de libre uso.<\/p>\n<p>La antena tiene una gran influencia en el m\u00f3dulo receptor, por lo que se recomienda conectar un cable de cobre de unos 17cm de largo para alcanzar la frecuencia de 315 MHz. La posici\u00f3n de la antena tambi\u00e9n afecta la recepci\u00f3n de datos. El cable de la antena debe estar debidamente aislado.<\/p>\n<p>&nbsp;<\/p>\n<h1 class=\"product_title entry-title\">M\u00d3DULO RADIO FRECUENCIA 315MHZ RF 4 CANALES<\/h1>\n<p><strong>Mando control remoto emisor:<br \/>\n<\/strong>Voltaje de funcionamiento:\u00a0<strong>12v DC (Pila 23A-12v DC \u2013 Incluida).<\/strong><br \/>\nCorriente de funcionamiento:\u00a0<strong>10mA a 12v DC.<\/strong><br \/>\nPotencia radiada:\u00a0<strong>10mW a 12v DC.<\/strong><br \/>\nN\u00famero de canales:\u00a0<strong>4 canales.<\/strong><br \/>\nModo de la modulaci\u00f3n:\u00a0<strong>ASK (modulaci\u00f3n de amplitud).<\/strong><br \/>\nFrecuencia de transmisi\u00f3n:\u00a0<strong>315MHz.<\/strong><br \/>\nDistancia de transmisi\u00f3n:\u00a0<strong>30-60M (campo abierto, la sensibilidad del receptor de -100 dBm).<\/strong><\/p>\n<p><strong>Tarjeta receptora:<br \/>\n<\/strong>Voltaje de funcionamiento:\u00a0<strong>5v DC.<\/strong><br \/>\nSensibilidad del receptor:\u00a0<strong>-98dBm.<\/strong><br \/>\nFrecuencia:\u00a0<strong>315MHz.<\/strong><br \/>\nN\u00famero de canales:\u00a0<strong>4 canales.<\/strong><br \/>\nPin transmisi\u00f3n v\u00e1lida:\u00a0<strong>VT.<\/strong><br \/>\nPines alimentaci\u00f3n:\u00a0<strong>5v y GND.<\/strong><br \/>\nPines salidas digitales:\u00a0<strong>D0, D1, D2 y D3.<\/strong><\/p>\n<div>\n<h2><b>\u00bfD\u00f3nde<\/b><strong>\u00a0conseguir ?<\/strong><\/h2>\n<\/div>\n<p>Puedes conseguir este producto y mucho mas en nuestra tienda de electr\u00f3nica \u201cElectr\u00f3nica JNC\u201d a un excelente precio, de igual manera puedes preguntar por otros productos que tenemos para ti y as\u00ed adquirirlos seg\u00fan tu necesidad para\u00a0 tus proyectos.<\/p>\n<p>Adem\u00e1s de vender realizamos todo tipo de proyectos de Rob\u00f3tica Electr\u00f3nica y de Programaci\u00f3n en Arduino-Raspberry, brindamos asesoramiento en la elaboraci\u00f3n de proyectos y personalizamos sus clases cuando deseas armar un robot.<\/p>\n<p>Somos importadores Directos de todo en Electr\u00f3nica y Rob\u00f3tica directamente desde los fabricantes, a los mejores precios del mercado.<\/p>\n<div class=\"x11i5rnm xat24cr x1mh8g0r x1vvkbs xtlvy1s x126k92a\">\n<div dir=\"auto\">SERVICIO PERSONALIZADO, APOYO TEORICO Y VENTA DE MATERIAL<\/div>\n<\/div>\n<div class=\"x11i5rnm xat24cr x1mh8g0r x1vvkbs xtlvy1s x126k92a\">\n<div dir=\"auto\">COTIZA CON NOSOTROS<\/div>\n<div dir=\"auto\">SERVICIO, EXPERIENCIA, CALIDAD Y CONFIANZA<\/div>\n<div dir=\"auto\">\u00abTodo lo que buscas en un solo lugar\u00bb<\/div>\n<\/div>\n<div dir=\"auto\"><\/div>\n<p><img decoding=\"async\" class=\"aligncenter\" src=\"https:\/\/images.ua.prom.st\/1494267654_1494267654.jpg?PImaGE_ID=1494267654\" \/><\/p>\n<p style=\"text-align: center;\">Realizar un pedido en la web o por \u00a0<a href=\"https:\/\/api.whatsapp.com\/send?phone=593958753126\" target=\"_blank\" rel=\"noopener\">WHATSAPP<\/a>.<\/p>\n<p><img decoding=\"async\" class=\"aligncenter\" src=\"https:\/\/images.ua.prom.st\/1494267867_1494267867.jpg?PImaGE_ID=1494267867\" \/><\/p>\n<p style=\"text-align: center;\">Consulta con un asesor\u00a0 todas tus inquietudes.<\/p>\n<p><img decoding=\"async\" class=\"aligncenter\" src=\"https:\/\/images.ua.prom.st\/1494266627_1494266627.jpg?PImaGE_ID=1494266627\" \/><\/p>\n<p style=\"text-align: center;\">Pregunta las formas de pago.<\/p>\n<p><img decoding=\"async\" class=\"aligncenter\" src=\"https:\/\/images.ua.prom.st\/1494267985_1494267985.jpg?PImaGE_ID=1494267985\" \/><\/p>\n<p style=\"text-align: center;\">Tu pedido llega a la puerta de tu casa.<\/p>\n<p>&nbsp;<\/p>\n<p><strong>\u00a1\u00a1 PREG\u00daNTANOS Sin compromiso !!!!<\/strong><\/p>\n<p>Puede retirar sus pedidos en nuestra\u00a0<a href=\"https:\/\/www.electronicajnc.com\/web\/contactos\" target=\"_blank\" rel=\"noopener\">TIENDA F\u00cdSICA<\/a>\u00a0o realizar sus pedidos\u00a0<a href=\"https:\/\/www.electronicajnc.com\/web\/mi-cuenta\" target=\"_blank\" rel=\"noopener\">ONLINE<\/a>\u00a0o por\u00a0<a href=\"https:\/\/api.whatsapp.com\/send?phone=593958753126\" target=\"_blank\" rel=\"noopener\">WHATSAPP<\/a>.<\/p>\n","protected":false},"excerpt":{"rendered":"<p>M\u00d3DULO RADIO FRECUENCIA 315MHZ RF 4 CANALES En muchas ocasiones es necesario establecer un enlace de comunicaci\u00f3n inal\u00e1mbrico de forma r\u00e1pida y sencilla, siendo este control remoto RF la soluci\u00f3n ideal. Para utilizar el control remoto RF no es necesario\u00a0programar, ni utilizar alg\u00fan microcontrolador adicional. Para poder utilizarlo\u00a0basta con alimentar el control remoto y el [&hellip;]<\/p>\n","protected":false},"featured_media":1368,"comment_status":"closed","ping_status":"closed","template":"","meta":{"saved_in_kubio":false,"_joinchat":[]},"product_brand":[],"product_cat":[21],"product_tag":[945,941,942,196,274,943,628,944,280,946,947],"class_list":{"0":"post-1367","1":"product","2":"type-product","3":"status-publish","4":"has-post-thumbnail","6":"product_cat-modulos_sensores","7":"product_tag-945","8":"product_tag-315-mhz","9":"product_tag-4-ch","10":"product_tag-arduino","11":"product_tag-control","12":"product_tag-control-ir","13":"product_tag-radio","14":"product_tag-radio-frecuencia","15":"product_tag-receptor","16":"product_tag-remoto","17":"product_tag-rf","19":"first","20":"instock","21":"taxable","22":"shipping-taxable","23":"purchasable","24":"product-type-simple"},"yoast_head":"<!-- This site is optimized with the Yoast SEO plugin v27.4 - https:\/\/yoast.com\/product\/yoast-seo-wordpress\/ -->\n<title>M\u00d3DULO RADIO FRECUENCIA 315MHZ RF 4 CANALES - Electronica JNC<\/title>\n<meta name=\"description\" content=\"M\u00d3DULO RADIO FRECUENCIA 315MHZ RF 4 CANALES El control remoto RF posee 4 pulsadores, cada pulsador se corresponde con uno de los bits del receptor\" \/>\n<meta name=\"robots\" content=\"index, follow, max-snippet:-1, max-image-preview:large, max-video-preview:-1\" \/>\n<link rel=\"canonical\" href=\"https:\/\/www.electronicajnc.com\/web\/producto\/modulo-radio-frecuencia-315mhz-rf-4-canales\/\" \/>\n<meta property=\"og:locale\" content=\"es_ES\" \/>\n<meta property=\"og:type\" content=\"article\" \/>\n<meta property=\"og:title\" content=\"M\u00d3DULO RADIO FRECUENCIA 315MHZ RF 4 CANALES - Electronica JNC\" \/>\n<meta property=\"og:description\" content=\"M\u00d3DULO RADIO FRECUENCIA 315MHZ RF 4 CANALES El control remoto RF posee 4 pulsadores, cada pulsador se corresponde con uno de los bits del receptor\" \/>\n<meta property=\"og:url\" content=\"https:\/\/www.electronicajnc.com\/web\/producto\/modulo-radio-frecuencia-315mhz-rf-4-canales\/\" \/>\n<meta property=\"og:site_name\" content=\"Electronica JNC\" \/>\n<meta property=\"article:modified_time\" content=\"2023-12-20T22:35:50+00:00\" \/>\n<meta property=\"og:image\" content=\"https:\/\/www.electronicajnc.com\/web\/wp-content\/uploads\/2023\/12\/RF-315.jpg\" \/>\n\t<meta property=\"og:image:width\" content=\"974\" \/>\n\t<meta property=\"og:image:height\" content=\"1082\" \/>\n\t<meta property=\"og:image:type\" content=\"image\/jpeg\" \/>\n<meta name=\"twitter:card\" content=\"summary_large_image\" \/>\n<meta name=\"twitter:label1\" content=\"Tiempo de lectura\" \/>\n\t<meta name=\"twitter:data1\" content=\"4 minutos\" \/>\n<script type=\"application\/ld+json\" class=\"yoast-schema-graph\">{\"@context\":\"https:\\\/\\\/schema.org\",\"@graph\":[{\"@type\":\"WebPage\",\"@id\":\"https:\\\/\\\/www.electronicajnc.com\\\/web\\\/producto\\\/modulo-radio-frecuencia-315mhz-rf-4-canales\\\/\",\"url\":\"https:\\\/\\\/www.electronicajnc.com\\\/web\\\/producto\\\/modulo-radio-frecuencia-315mhz-rf-4-canales\\\/\",\"name\":\"M\u00d3DULO RADIO FRECUENCIA 315MHZ RF 4 CANALES - Electronica JNC\",\"isPartOf\":{\"@id\":\"https:\\\/\\\/www.electronicajnc.com\\\/web\\\/#website\"},\"primaryImageOfPage\":{\"@id\":\"https:\\\/\\\/www.electronicajnc.com\\\/web\\\/producto\\\/modulo-radio-frecuencia-315mhz-rf-4-canales\\\/#primaryimage\"},\"image\":{\"@id\":\"https:\\\/\\\/www.electronicajnc.com\\\/web\\\/producto\\\/modulo-radio-frecuencia-315mhz-rf-4-canales\\\/#primaryimage\"},\"thumbnailUrl\":\"https:\\\/\\\/www.electronicajnc.com\\\/web\\\/wp-content\\\/uploads\\\/2023\\\/12\\\/RF-315.jpg\",\"datePublished\":\"2023-12-20T22:32:49+00:00\",\"dateModified\":\"2023-12-20T22:35:50+00:00\",\"description\":\"M\u00d3DULO RADIO FRECUENCIA 315MHZ RF 4 CANALES El control remoto RF posee 4 pulsadores, cada pulsador se corresponde con uno de los bits del receptor\",\"breadcrumb\":{\"@id\":\"https:\\\/\\\/www.electronicajnc.com\\\/web\\\/producto\\\/modulo-radio-frecuencia-315mhz-rf-4-canales\\\/#breadcrumb\"},\"inLanguage\":\"es\",\"potentialAction\":[{\"@type\":\"ReadAction\",\"target\":[\"https:\\\/\\\/www.electronicajnc.com\\\/web\\\/producto\\\/modulo-radio-frecuencia-315mhz-rf-4-canales\\\/\"]}]},{\"@type\":\"ImageObject\",\"inLanguage\":\"es\",\"@id\":\"https:\\\/\\\/www.electronicajnc.com\\\/web\\\/producto\\\/modulo-radio-frecuencia-315mhz-rf-4-canales\\\/#primaryimage\",\"url\":\"https:\\\/\\\/www.electronicajnc.com\\\/web\\\/wp-content\\\/uploads\\\/2023\\\/12\\\/RF-315.jpg\",\"contentUrl\":\"https:\\\/\\\/www.electronicajnc.com\\\/web\\\/wp-content\\\/uploads\\\/2023\\\/12\\\/RF-315.jpg\",\"width\":974,\"height\":1082,\"caption\":\"M\u00f3dulo Radio Frecuencia Rf 4 Ch Receptor Y Control 315 Mhz\"},{\"@type\":\"BreadcrumbList\",\"@id\":\"https:\\\/\\\/www.electronicajnc.com\\\/web\\\/producto\\\/modulo-radio-frecuencia-315mhz-rf-4-canales\\\/#breadcrumb\",\"itemListElement\":[{\"@type\":\"ListItem\",\"position\":1,\"name\":\"Portada\",\"item\":\"https:\\\/\\\/www.electronicajnc.com\\\/web\\\/\"},{\"@type\":\"ListItem\",\"position\":2,\"name\":\"TIENDA\",\"item\":\"https:\\\/\\\/www.electronicajnc.com\\\/web\\\/tienda\\\/\"},{\"@type\":\"ListItem\",\"position\":3,\"name\":\"M\u00d3DULO RADIO FRECUENCIA 315MHZ RF 4 CANALES\"}]},{\"@type\":\"WebSite\",\"@id\":\"https:\\\/\\\/www.electronicajnc.com\\\/web\\\/#website\",\"url\":\"https:\\\/\\\/www.electronicajnc.com\\\/web\\\/\",\"name\":\"Electronica JNC\",\"description\":\"Robotica Tecnologia Mecatronica en Ecuador\",\"publisher\":{\"@id\":\"https:\\\/\\\/www.electronicajnc.com\\\/web\\\/#organization\"},\"potentialAction\":[{\"@type\":\"SearchAction\",\"target\":{\"@type\":\"EntryPoint\",\"urlTemplate\":\"https:\\\/\\\/www.electronicajnc.com\\\/web\\\/?s={search_term_string}\"},\"query-input\":{\"@type\":\"PropertyValueSpecification\",\"valueRequired\":true,\"valueName\":\"search_term_string\"}}],\"inLanguage\":\"es\"},{\"@type\":\"Organization\",\"@id\":\"https:\\\/\\\/www.electronicajnc.com\\\/web\\\/#organization\",\"name\":\"Electronica JNC\",\"url\":\"https:\\\/\\\/www.electronicajnc.com\\\/web\\\/\",\"logo\":{\"@type\":\"ImageObject\",\"inLanguage\":\"es\",\"@id\":\"https:\\\/\\\/www.electronicajnc.com\\\/web\\\/#\\\/schema\\\/logo\\\/image\\\/\",\"url\":\"https:\\\/\\\/www.electronicajnc.com\\\/web\\\/wp-content\\\/uploads\\\/2023\\\/06\\\/nuevo-logo.jpg\",\"contentUrl\":\"https:\\\/\\\/www.electronicajnc.com\\\/web\\\/wp-content\\\/uploads\\\/2023\\\/06\\\/nuevo-logo.jpg\",\"width\":1256,\"height\":612,\"caption\":\"Electronica JNC\"},\"image\":{\"@id\":\"https:\\\/\\\/www.electronicajnc.com\\\/web\\\/#\\\/schema\\\/logo\\\/image\\\/\"}}]}<\/script>\n<!-- \/ Yoast SEO plugin. -->","yoast_head_json":{"title":"M\u00d3DULO RADIO FRECUENCIA 315MHZ RF 4 CANALES - Electronica JNC","description":"M\u00d3DULO RADIO FRECUENCIA 315MHZ RF 4 CANALES El control remoto RF posee 4 pulsadores, cada pulsador se corresponde con uno de los bits del receptor","robots":{"index":"index","follow":"follow","max-snippet":"max-snippet:-1","max-image-preview":"max-image-preview:large","max-video-preview":"max-video-preview:-1"},"canonical":"https:\/\/www.electronicajnc.com\/web\/producto\/modulo-radio-frecuencia-315mhz-rf-4-canales\/","og_locale":"es_ES","og_type":"article","og_title":"M\u00d3DULO RADIO FRECUENCIA 315MHZ RF 4 CANALES - Electronica JNC","og_description":"M\u00d3DULO RADIO FRECUENCIA 315MHZ RF 4 CANALES El control remoto RF posee 4 pulsadores, cada pulsador se corresponde con uno de los bits del receptor","og_url":"https:\/\/www.electronicajnc.com\/web\/producto\/modulo-radio-frecuencia-315mhz-rf-4-canales\/","og_site_name":"Electronica JNC","article_modified_time":"2023-12-20T22:35:50+00:00","og_image":[{"width":974,"height":1082,"url":"https:\/\/www.electronicajnc.com\/web\/wp-content\/uploads\/2023\/12\/RF-315.jpg","type":"image\/jpeg"}],"twitter_card":"summary_large_image","twitter_misc":{"Tiempo de lectura":"4 minutos"},"schema":{"@context":"https:\/\/schema.org","@graph":[{"@type":"WebPage","@id":"https:\/\/www.electronicajnc.com\/web\/producto\/modulo-radio-frecuencia-315mhz-rf-4-canales\/","url":"https:\/\/www.electronicajnc.com\/web\/producto\/modulo-radio-frecuencia-315mhz-rf-4-canales\/","name":"M\u00d3DULO RADIO FRECUENCIA 315MHZ RF 4 CANALES - Electronica JNC","isPartOf":{"@id":"https:\/\/www.electronicajnc.com\/web\/#website"},"primaryImageOfPage":{"@id":"https:\/\/www.electronicajnc.com\/web\/producto\/modulo-radio-frecuencia-315mhz-rf-4-canales\/#primaryimage"},"image":{"@id":"https:\/\/www.electronicajnc.com\/web\/producto\/modulo-radio-frecuencia-315mhz-rf-4-canales\/#primaryimage"},"thumbnailUrl":"https:\/\/www.electronicajnc.com\/web\/wp-content\/uploads\/2023\/12\/RF-315.jpg","datePublished":"2023-12-20T22:32:49+00:00","dateModified":"2023-12-20T22:35:50+00:00","description":"M\u00d3DULO RADIO FRECUENCIA 315MHZ RF 4 CANALES El control remoto RF posee 4 pulsadores, cada pulsador se corresponde con uno de los bits del receptor","breadcrumb":{"@id":"https:\/\/www.electronicajnc.com\/web\/producto\/modulo-radio-frecuencia-315mhz-rf-4-canales\/#breadcrumb"},"inLanguage":"es","potentialAction":[{"@type":"ReadAction","target":["https:\/\/www.electronicajnc.com\/web\/producto\/modulo-radio-frecuencia-315mhz-rf-4-canales\/"]}]},{"@type":"ImageObject","inLanguage":"es","@id":"https:\/\/www.electronicajnc.com\/web\/producto\/modulo-radio-frecuencia-315mhz-rf-4-canales\/#primaryimage","url":"https:\/\/www.electronicajnc.com\/web\/wp-content\/uploads\/2023\/12\/RF-315.jpg","contentUrl":"https:\/\/www.electronicajnc.com\/web\/wp-content\/uploads\/2023\/12\/RF-315.jpg","width":974,"height":1082,"caption":"M\u00f3dulo Radio Frecuencia Rf 4 Ch Receptor Y Control 315 Mhz"},{"@type":"BreadcrumbList","@id":"https:\/\/www.electronicajnc.com\/web\/producto\/modulo-radio-frecuencia-315mhz-rf-4-canales\/#breadcrumb","itemListElement":[{"@type":"ListItem","position":1,"name":"Portada","item":"https:\/\/www.electronicajnc.com\/web\/"},{"@type":"ListItem","position":2,"name":"TIENDA","item":"https:\/\/www.electronicajnc.com\/web\/tienda\/"},{"@type":"ListItem","position":3,"name":"M\u00d3DULO RADIO FRECUENCIA 315MHZ RF 4 CANALES"}]},{"@type":"WebSite","@id":"https:\/\/www.electronicajnc.com\/web\/#website","url":"https:\/\/www.electronicajnc.com\/web\/","name":"Electronica JNC","description":"Robotica Tecnologia Mecatronica en Ecuador","publisher":{"@id":"https:\/\/www.electronicajnc.com\/web\/#organization"},"potentialAction":[{"@type":"SearchAction","target":{"@type":"EntryPoint","urlTemplate":"https:\/\/www.electronicajnc.com\/web\/?s={search_term_string}"},"query-input":{"@type":"PropertyValueSpecification","valueRequired":true,"valueName":"search_term_string"}}],"inLanguage":"es"},{"@type":"Organization","@id":"https:\/\/www.electronicajnc.com\/web\/#organization","name":"Electronica JNC","url":"https:\/\/www.electronicajnc.com\/web\/","logo":{"@type":"ImageObject","inLanguage":"es","@id":"https:\/\/www.electronicajnc.com\/web\/#\/schema\/logo\/image\/","url":"https:\/\/www.electronicajnc.com\/web\/wp-content\/uploads\/2023\/06\/nuevo-logo.jpg","contentUrl":"https:\/\/www.electronicajnc.com\/web\/wp-content\/uploads\/2023\/06\/nuevo-logo.jpg","width":1256,"height":612,"caption":"Electronica JNC"},"image":{"@id":"https:\/\/www.electronicajnc.com\/web\/#\/schema\/logo\/image\/"}}]}},"_links":{"self":[{"href":"https:\/\/www.electronicajnc.com\/web\/wp-json\/wp\/v2\/product\/1367","targetHints":{"allow":["GET"]}}],"collection":[{"href":"https:\/\/www.electronicajnc.com\/web\/wp-json\/wp\/v2\/product"}],"about":[{"href":"https:\/\/www.electronicajnc.com\/web\/wp-json\/wp\/v2\/types\/product"}],"replies":[{"embeddable":true,"href":"https:\/\/www.electronicajnc.com\/web\/wp-json\/wp\/v2\/comments?post=1367"}],"wp:featuredmedia":[{"embeddable":true,"href":"https:\/\/www.electronicajnc.com\/web\/wp-json\/wp\/v2\/media\/1368"}],"wp:attachment":[{"href":"https:\/\/www.electronicajnc.com\/web\/wp-json\/wp\/v2\/media?parent=1367"}],"wp:term":[{"taxonomy":"product_brand","embeddable":true,"href":"https:\/\/www.electronicajnc.com\/web\/wp-json\/wp\/v2\/product_brand?post=1367"},{"taxonomy":"product_cat","embeddable":true,"href":"https:\/\/www.electronicajnc.com\/web\/wp-json\/wp\/v2\/product_cat?post=1367"},{"taxonomy":"product_tag","embeddable":true,"href":"https:\/\/www.electronicajnc.com\/web\/wp-json\/wp\/v2\/product_tag?post=1367"}],"curies":[{"name":"wp","href":"https:\/\/api.w.org\/{rel}","templated":true}]}}