{"id":1370,"date":"2023-12-20T23:15:01","date_gmt":"2023-12-20T23:15:01","guid":{"rendered":"https:\/\/www.electronicajnc.com\/web\/?post_type=product&#038;p=1370"},"modified":"2023-12-20T23:16:51","modified_gmt":"2023-12-20T23:16:51","slug":"sensor-termocupla-tipo-k-tornillo-m6","status":"publish","type":"product","link":"https:\/\/www.electronicajnc.com\/web\/producto\/sensor-termocupla-tipo-k-tornillo-m6\/","title":{"rendered":"SENSOR TERMOCUPLA TIPO K TORNILLO M6"},"content":{"rendered":"<p class=\"product_title entry-title\">SENSOR TERMOCUPLA TIPO K TORNILLO M6<\/p>\n<p>-Un termopar es un dispositivo que consta de dos conductores diferentes (generalmente aleaciones met\u00e1licas) que producen una tensi\u00f3n proporcional a una diferencia de temperatura entre cada extremo del par de conductores.<\/p>\n<p>&#8211; Ampliamente utilizado en aplicaciones cient\u00edficas e industriales, incluida la medici\u00f3n de temperatura para hornos, gases de escape de turbinas de gas, motores diesel y otros procesos industriales.<\/p>\n<p>-El material de aislamiento interno es de fibra de vidrio, con buena capacidad de aislamiento.<\/p>\n<p>-El blindaje externo est\u00e1 aislado, seguro y confiable.<\/p>\n<p>&#8211; Estilo conectado a tierra: los cables del termopar est\u00e1n f\u00edsicamente unidos al interior de la pared de la sonda, lo que resulta en una buena transferencia de calor desde el exterior, a trav\u00e9s de la pared de la sonda a la uni\u00f3n del termopar.<\/p>\n<h1 class=\"product_title entry-title\">SENSOR TERMOCUPLA TIPO K TORNILLO M6<\/h1>\n<p class=\"ui-pdp-description__content\">Termopar \/ Termocupla tipo K<\/p>\n<p>Alcance rosca: M6<br \/>\nRango de Temperatura d: 0-400 \u00b0C<\/p>\n<p>CARACTER\u00cdSTICAS:<\/p>\n<p>Termopar para uso industrial<\/p>\n<p>FICHA T\u00c9CNICA<\/p>\n<p>Tipo: K<br \/>\nTornillo: M6<br \/>\nLongitud del Cable: 50 cm<br \/>\nRango de temperatura: 0 \u2013 400C<br \/>\nPeso: 40 g<\/p>\n<div>\n<h2><b>\u00bfD\u00f3nde<\/b><strong>\u00a0conseguir ?<\/strong><\/h2>\n<\/div>\n<p>Puedes conseguir este producto y mucho mas en nuestra tienda de electr\u00f3nica \u201cElectr\u00f3nica JNC\u201d a un excelente precio, de igual manera puedes preguntar por otros productos que tenemos para ti y as\u00ed adquirirlos seg\u00fan tu necesidad para\u00a0 tus proyectos.<\/p>\n<p>Adem\u00e1s de vender realizamos todo tipo de proyectos de Rob\u00f3tica Electr\u00f3nica y de Programaci\u00f3n en Arduino-Raspberry, brindamos asesoramiento en la elaboraci\u00f3n de proyectos y personalizamos sus clases cuando deseas armar un robot.<\/p>\n<p>Somos importadores Directos de todo en Electr\u00f3nica y Rob\u00f3tica directamente desde los fabricantes, a los mejores precios del mercado.<\/p>\n<div class=\"x11i5rnm xat24cr x1mh8g0r x1vvkbs xtlvy1s x126k92a\">\n<div dir=\"auto\">SERVICIO PERSONALIZADO, APOYO TEORICO Y VENTA DE MATERIAL<\/div>\n<\/div>\n<div class=\"x11i5rnm xat24cr x1mh8g0r x1vvkbs xtlvy1s x126k92a\">\n<div dir=\"auto\">COTIZA CON NOSOTROS<\/div>\n<div dir=\"auto\">SERVICIO, EXPERIENCIA, CALIDAD Y CONFIANZA<\/div>\n<div dir=\"auto\">\u00abTodo lo que buscas en un solo lugar\u00bb<\/div>\n<\/div>\n<div dir=\"auto\"><\/div>\n<p><img decoding=\"async\" class=\"aligncenter\" src=\"https:\/\/images.ua.prom.st\/1494267654_1494267654.jpg?PImaGE_ID=1494267654\" \/><\/p>\n<p style=\"text-align: center;\">Realizar un pedido en la web o por \u00a0<a href=\"https:\/\/api.whatsapp.com\/send?phone=593958753126\" target=\"_blank\" rel=\"noopener\">WHATSAPP<\/a>.<\/p>\n<p><img decoding=\"async\" class=\"aligncenter\" src=\"https:\/\/images.ua.prom.st\/1494267867_1494267867.jpg?PImaGE_ID=1494267867\" \/><\/p>\n<p style=\"text-align: center;\">Consulta con un asesor\u00a0 todas tus inquietudes.<\/p>\n<p><img decoding=\"async\" class=\"aligncenter\" src=\"https:\/\/images.ua.prom.st\/1494266627_1494266627.jpg?PImaGE_ID=1494266627\" \/><\/p>\n<p style=\"text-align: center;\">Pregunta las formas de pago.<\/p>\n<p><img decoding=\"async\" class=\"aligncenter\" src=\"https:\/\/images.ua.prom.st\/1494267985_1494267985.jpg?PImaGE_ID=1494267985\" \/><\/p>\n<p>Tu pedido llega a la puerta de tu casa.<\/p>\n<p>&nbsp;<\/p>\n<p><strong>\u00a1\u00a1 PREG\u00daNTANOS Sin compromiso !!!!<\/strong><\/p>\n<p>Puede retirar sus pedidos en nuestra\u00a0<a href=\"https:\/\/www.electronicajnc.com\/web\/contactos\" target=\"_blank\" rel=\"noopener\">TIENDA F\u00cdSICA<\/a>\u00a0o realizar sus pedidos\u00a0<a href=\"https:\/\/www.electronicajnc.com\/web\/mi-cuenta\" target=\"_blank\" rel=\"noopener\">ONLINE<\/a>\u00a0o por\u00a0<a href=\"https:\/\/api.whatsapp.com\/send?phone=593958753126\" target=\"_blank\" rel=\"noopener\">WHATSAPP<\/a>.<\/p>\n","protected":false},"excerpt":{"rendered":"<p>Un termopar es un dispositivo que consta de dos conductores diferentes (generalmente aleaciones met\u00e1licas) que producen una tensi\u00f3n proporcional a una diferencia de temperatura entre cada extremo del par de conductores<\/p>\n","protected":false},"featured_media":1371,"comment_status":"closed","ping_status":"closed","template":"","meta":{"saved_in_kubio":false,"_joinchat":[]},"product_brand":[],"product_cat":[309],"product_tag":[196,948,231,949,950,951],"class_list":{"0":"post-1370","1":"product","2":"type-product","3":"status-publish","4":"has-post-thumbnail","6":"product_cat-componentes-electronicos","7":"product_tag-arduino","8":"product_tag-k","9":"product_tag-sensor","10":"product_tag-termocuple","11":"product_tag-termopar","12":"product_tag-tipo","14":"first","15":"instock","16":"taxable","17":"shipping-taxable","18":"purchasable","19":"product-type-simple"},"yoast_head":"<!-- This site is optimized with the Yoast SEO plugin v27.5 - https:\/\/yoast.com\/product\/yoast-seo-wordpress\/ -->\n<title>SENSOR TERMOCUPLA TIPO K TORNILLO M6 - Electronica JNC<\/title>\n<meta name=\"description\" content=\"SENSOR TERMOCUPLA TIPO K TORNILLO M6 Las termocuplas tipo K son usadas generalmente en fundici\u00f3n de cobre y hornos de tratamientos t\u00e9rmicos\" \/>\n<meta name=\"robots\" content=\"index, follow, max-snippet:-1, max-image-preview:large, max-video-preview:-1\" \/>\n<link rel=\"canonical\" href=\"https:\/\/www.electronicajnc.com\/web\/producto\/sensor-termocupla-tipo-k-tornillo-m6\/\" \/>\n<meta property=\"og:locale\" content=\"es_ES\" \/>\n<meta property=\"og:type\" content=\"article\" \/>\n<meta property=\"og:title\" content=\"SENSOR TERMOCUPLA TIPO K TORNILLO M6 - Electronica JNC\" \/>\n<meta property=\"og:description\" content=\"SENSOR TERMOCUPLA TIPO K TORNILLO M6 Las termocuplas tipo K son usadas generalmente en fundici\u00f3n de cobre y hornos de tratamientos t\u00e9rmicos\" \/>\n<meta property=\"og:url\" content=\"https:\/\/www.electronicajnc.com\/web\/producto\/sensor-termocupla-tipo-k-tornillo-m6\/\" \/>\n<meta property=\"og:site_name\" content=\"Electronica JNC\" \/>\n<meta property=\"article:modified_time\" content=\"2023-12-20T23:16:51+00:00\" \/>\n<meta property=\"og:image\" content=\"https:\/\/www.electronicajnc.com\/web\/wp-content\/uploads\/2023\/12\/TERMOCUPLA-TIPO-K.jpg\" \/>\n\t<meta property=\"og:image:width\" content=\"1011\" \/>\n\t<meta property=\"og:image:height\" content=\"901\" \/>\n\t<meta property=\"og:image:type\" content=\"image\/jpeg\" \/>\n<meta name=\"twitter:card\" content=\"summary_large_image\" \/>\n<meta name=\"twitter:label1\" content=\"Tiempo de lectura\" \/>\n\t<meta name=\"twitter:data1\" content=\"3 minutos\" \/>\n<script type=\"application\/ld+json\" class=\"yoast-schema-graph\">{\"@context\":\"https:\\\/\\\/schema.org\",\"@graph\":[{\"@type\":\"WebPage\",\"@id\":\"https:\\\/\\\/www.electronicajnc.com\\\/web\\\/producto\\\/sensor-termocupla-tipo-k-tornillo-m6\\\/\",\"url\":\"https:\\\/\\\/www.electronicajnc.com\\\/web\\\/producto\\\/sensor-termocupla-tipo-k-tornillo-m6\\\/\",\"name\":\"SENSOR TERMOCUPLA TIPO K TORNILLO M6 - Electronica JNC\",\"isPartOf\":{\"@id\":\"https:\\\/\\\/www.electronicajnc.com\\\/web\\\/#website\"},\"primaryImageOfPage\":{\"@id\":\"https:\\\/\\\/www.electronicajnc.com\\\/web\\\/producto\\\/sensor-termocupla-tipo-k-tornillo-m6\\\/#primaryimage\"},\"image\":{\"@id\":\"https:\\\/\\\/www.electronicajnc.com\\\/web\\\/producto\\\/sensor-termocupla-tipo-k-tornillo-m6\\\/#primaryimage\"},\"thumbnailUrl\":\"https:\\\/\\\/www.electronicajnc.com\\\/web\\\/wp-content\\\/uploads\\\/2023\\\/12\\\/TERMOCUPLA-TIPO-K.jpg\",\"datePublished\":\"2023-12-20T23:15:01+00:00\",\"dateModified\":\"2023-12-20T23:16:51+00:00\",\"description\":\"SENSOR TERMOCUPLA TIPO K TORNILLO M6 Las termocuplas tipo K son usadas generalmente en fundici\u00f3n de cobre y hornos de tratamientos t\u00e9rmicos\",\"breadcrumb\":{\"@id\":\"https:\\\/\\\/www.electronicajnc.com\\\/web\\\/producto\\\/sensor-termocupla-tipo-k-tornillo-m6\\\/#breadcrumb\"},\"inLanguage\":\"es\",\"potentialAction\":[{\"@type\":\"ReadAction\",\"target\":[\"https:\\\/\\\/www.electronicajnc.com\\\/web\\\/producto\\\/sensor-termocupla-tipo-k-tornillo-m6\\\/\"]}]},{\"@type\":\"ImageObject\",\"inLanguage\":\"es\",\"@id\":\"https:\\\/\\\/www.electronicajnc.com\\\/web\\\/producto\\\/sensor-termocupla-tipo-k-tornillo-m6\\\/#primaryimage\",\"url\":\"https:\\\/\\\/www.electronicajnc.com\\\/web\\\/wp-content\\\/uploads\\\/2023\\\/12\\\/TERMOCUPLA-TIPO-K.jpg\",\"contentUrl\":\"https:\\\/\\\/www.electronicajnc.com\\\/web\\\/wp-content\\\/uploads\\\/2023\\\/12\\\/TERMOCUPLA-TIPO-K.jpg\",\"width\":1011,\"height\":901,\"caption\":\"SENSOR TERMOCUPLA TIPO K TIPO ROSCA CABLE 50CM\"},{\"@type\":\"BreadcrumbList\",\"@id\":\"https:\\\/\\\/www.electronicajnc.com\\\/web\\\/producto\\\/sensor-termocupla-tipo-k-tornillo-m6\\\/#breadcrumb\",\"itemListElement\":[{\"@type\":\"ListItem\",\"position\":1,\"name\":\"Portada\",\"item\":\"https:\\\/\\\/www.electronicajnc.com\\\/web\\\/\"},{\"@type\":\"ListItem\",\"position\":2,\"name\":\"TIENDA\",\"item\":\"https:\\\/\\\/www.electronicajnc.com\\\/web\\\/tienda\\\/\"},{\"@type\":\"ListItem\",\"position\":3,\"name\":\"SENSOR TERMOCUPLA TIPO K TORNILLO M6\"}]},{\"@type\":\"WebSite\",\"@id\":\"https:\\\/\\\/www.electronicajnc.com\\\/web\\\/#website\",\"url\":\"https:\\\/\\\/www.electronicajnc.com\\\/web\\\/\",\"name\":\"Electronica JNC\",\"description\":\"Robotica Tecnologia Mecatronica en Ecuador\",\"publisher\":{\"@id\":\"https:\\\/\\\/www.electronicajnc.com\\\/web\\\/#organization\"},\"potentialAction\":[{\"@type\":\"SearchAction\",\"target\":{\"@type\":\"EntryPoint\",\"urlTemplate\":\"https:\\\/\\\/www.electronicajnc.com\\\/web\\\/?s={search_term_string}\"},\"query-input\":{\"@type\":\"PropertyValueSpecification\",\"valueRequired\":true,\"valueName\":\"search_term_string\"}}],\"inLanguage\":\"es\"},{\"@type\":\"Organization\",\"@id\":\"https:\\\/\\\/www.electronicajnc.com\\\/web\\\/#organization\",\"name\":\"Electronica JNC\",\"url\":\"https:\\\/\\\/www.electronicajnc.com\\\/web\\\/\",\"logo\":{\"@type\":\"ImageObject\",\"inLanguage\":\"es\",\"@id\":\"https:\\\/\\\/www.electronicajnc.com\\\/web\\\/#\\\/schema\\\/logo\\\/image\\\/\",\"url\":\"https:\\\/\\\/www.electronicajnc.com\\\/web\\\/wp-content\\\/uploads\\\/2023\\\/06\\\/nuevo-logo.jpg\",\"contentUrl\":\"https:\\\/\\\/www.electronicajnc.com\\\/web\\\/wp-content\\\/uploads\\\/2023\\\/06\\\/nuevo-logo.jpg\",\"width\":1256,\"height\":612,\"caption\":\"Electronica JNC\"},\"image\":{\"@id\":\"https:\\\/\\\/www.electronicajnc.com\\\/web\\\/#\\\/schema\\\/logo\\\/image\\\/\"}}]}<\/script>\n<!-- \/ Yoast SEO plugin. -->","yoast_head_json":{"title":"SENSOR TERMOCUPLA TIPO K TORNILLO M6 - Electronica JNC","description":"SENSOR TERMOCUPLA TIPO K TORNILLO M6 Las termocuplas tipo K son usadas generalmente en fundici\u00f3n de cobre y hornos de tratamientos t\u00e9rmicos","robots":{"index":"index","follow":"follow","max-snippet":"max-snippet:-1","max-image-preview":"max-image-preview:large","max-video-preview":"max-video-preview:-1"},"canonical":"https:\/\/www.electronicajnc.com\/web\/producto\/sensor-termocupla-tipo-k-tornillo-m6\/","og_locale":"es_ES","og_type":"article","og_title":"SENSOR TERMOCUPLA TIPO K TORNILLO M6 - Electronica JNC","og_description":"SENSOR TERMOCUPLA TIPO K TORNILLO M6 Las termocuplas tipo K son usadas generalmente en fundici\u00f3n de cobre y hornos de tratamientos t\u00e9rmicos","og_url":"https:\/\/www.electronicajnc.com\/web\/producto\/sensor-termocupla-tipo-k-tornillo-m6\/","og_site_name":"Electronica JNC","article_modified_time":"2023-12-20T23:16:51+00:00","og_image":[{"width":1011,"height":901,"url":"https:\/\/www.electronicajnc.com\/web\/wp-content\/uploads\/2023\/12\/TERMOCUPLA-TIPO-K.jpg","type":"image\/jpeg"}],"twitter_card":"summary_large_image","twitter_misc":{"Tiempo de lectura":"3 minutos"},"schema":{"@context":"https:\/\/schema.org","@graph":[{"@type":"WebPage","@id":"https:\/\/www.electronicajnc.com\/web\/producto\/sensor-termocupla-tipo-k-tornillo-m6\/","url":"https:\/\/www.electronicajnc.com\/web\/producto\/sensor-termocupla-tipo-k-tornillo-m6\/","name":"SENSOR TERMOCUPLA TIPO K TORNILLO M6 - Electronica JNC","isPartOf":{"@id":"https:\/\/www.electronicajnc.com\/web\/#website"},"primaryImageOfPage":{"@id":"https:\/\/www.electronicajnc.com\/web\/producto\/sensor-termocupla-tipo-k-tornillo-m6\/#primaryimage"},"image":{"@id":"https:\/\/www.electronicajnc.com\/web\/producto\/sensor-termocupla-tipo-k-tornillo-m6\/#primaryimage"},"thumbnailUrl":"https:\/\/www.electronicajnc.com\/web\/wp-content\/uploads\/2023\/12\/TERMOCUPLA-TIPO-K.jpg","datePublished":"2023-12-20T23:15:01+00:00","dateModified":"2023-12-20T23:16:51+00:00","description":"SENSOR TERMOCUPLA TIPO K TORNILLO M6 Las termocuplas tipo K son usadas generalmente en fundici\u00f3n de cobre y hornos de tratamientos t\u00e9rmicos","breadcrumb":{"@id":"https:\/\/www.electronicajnc.com\/web\/producto\/sensor-termocupla-tipo-k-tornillo-m6\/#breadcrumb"},"inLanguage":"es","potentialAction":[{"@type":"ReadAction","target":["https:\/\/www.electronicajnc.com\/web\/producto\/sensor-termocupla-tipo-k-tornillo-m6\/"]}]},{"@type":"ImageObject","inLanguage":"es","@id":"https:\/\/www.electronicajnc.com\/web\/producto\/sensor-termocupla-tipo-k-tornillo-m6\/#primaryimage","url":"https:\/\/www.electronicajnc.com\/web\/wp-content\/uploads\/2023\/12\/TERMOCUPLA-TIPO-K.jpg","contentUrl":"https:\/\/www.electronicajnc.com\/web\/wp-content\/uploads\/2023\/12\/TERMOCUPLA-TIPO-K.jpg","width":1011,"height":901,"caption":"SENSOR TERMOCUPLA TIPO K TIPO ROSCA CABLE 50CM"},{"@type":"BreadcrumbList","@id":"https:\/\/www.electronicajnc.com\/web\/producto\/sensor-termocupla-tipo-k-tornillo-m6\/#breadcrumb","itemListElement":[{"@type":"ListItem","position":1,"name":"Portada","item":"https:\/\/www.electronicajnc.com\/web\/"},{"@type":"ListItem","position":2,"name":"TIENDA","item":"https:\/\/www.electronicajnc.com\/web\/tienda\/"},{"@type":"ListItem","position":3,"name":"SENSOR TERMOCUPLA TIPO K TORNILLO M6"}]},{"@type":"WebSite","@id":"https:\/\/www.electronicajnc.com\/web\/#website","url":"https:\/\/www.electronicajnc.com\/web\/","name":"Electronica JNC","description":"Robotica Tecnologia Mecatronica en Ecuador","publisher":{"@id":"https:\/\/www.electronicajnc.com\/web\/#organization"},"potentialAction":[{"@type":"SearchAction","target":{"@type":"EntryPoint","urlTemplate":"https:\/\/www.electronicajnc.com\/web\/?s={search_term_string}"},"query-input":{"@type":"PropertyValueSpecification","valueRequired":true,"valueName":"search_term_string"}}],"inLanguage":"es"},{"@type":"Organization","@id":"https:\/\/www.electronicajnc.com\/web\/#organization","name":"Electronica JNC","url":"https:\/\/www.electronicajnc.com\/web\/","logo":{"@type":"ImageObject","inLanguage":"es","@id":"https:\/\/www.electronicajnc.com\/web\/#\/schema\/logo\/image\/","url":"https:\/\/www.electronicajnc.com\/web\/wp-content\/uploads\/2023\/06\/nuevo-logo.jpg","contentUrl":"https:\/\/www.electronicajnc.com\/web\/wp-content\/uploads\/2023\/06\/nuevo-logo.jpg","width":1256,"height":612,"caption":"Electronica JNC"},"image":{"@id":"https:\/\/www.electronicajnc.com\/web\/#\/schema\/logo\/image\/"}}]}},"_links":{"self":[{"href":"https:\/\/www.electronicajnc.com\/web\/wp-json\/wp\/v2\/product\/1370","targetHints":{"allow":["GET"]}}],"collection":[{"href":"https:\/\/www.electronicajnc.com\/web\/wp-json\/wp\/v2\/product"}],"about":[{"href":"https:\/\/www.electronicajnc.com\/web\/wp-json\/wp\/v2\/types\/product"}],"replies":[{"embeddable":true,"href":"https:\/\/www.electronicajnc.com\/web\/wp-json\/wp\/v2\/comments?post=1370"}],"wp:featuredmedia":[{"embeddable":true,"href":"https:\/\/www.electronicajnc.com\/web\/wp-json\/wp\/v2\/media\/1371"}],"wp:attachment":[{"href":"https:\/\/www.electronicajnc.com\/web\/wp-json\/wp\/v2\/media?parent=1370"}],"wp:term":[{"taxonomy":"product_brand","embeddable":true,"href":"https:\/\/www.electronicajnc.com\/web\/wp-json\/wp\/v2\/product_brand?post=1370"},{"taxonomy":"product_cat","embeddable":true,"href":"https:\/\/www.electronicajnc.com\/web\/wp-json\/wp\/v2\/product_cat?post=1370"},{"taxonomy":"product_tag","embeddable":true,"href":"https:\/\/www.electronicajnc.com\/web\/wp-json\/wp\/v2\/product_tag?post=1370"}],"curies":[{"name":"wp","href":"https:\/\/api.w.org\/{rel}","templated":true}]}}