{"id":1380,"date":"2023-12-21T17:14:14","date_gmt":"2023-12-21T17:14:14","guid":{"rendered":"https:\/\/www.electronicajnc.com\/web\/?post_type=product&#038;p=1380"},"modified":"2025-02-21T13:24:33","modified_gmt":"2025-02-21T13:24:33","slug":"modulo-convertidor-de-nivel-logico-ttl-de-3-3-5","status":"publish","type":"product","link":"https:\/\/www.electronicajnc.com\/web\/producto\/modulo-convertidor-de-nivel-logico-ttl-de-3-3-5\/","title":{"rendered":"M\u00f3dulo convertidor de nivel l\u00f3gico TTL de 3.3V \/ 5V"},"content":{"rendered":"<p class=\"product-title\">M\u00f3dulo convertidor de nivel l\u00f3gico TTL de 3.3 \/ 5<\/p>\n<p><img fetchpriority=\"high\" decoding=\"async\" class=\"aligncenter\" src=\"https:\/\/www.electronicajnc.com\/web\/wp-content\/uploads\/2023\/12\/conversor3.3-5v.jpg-1.jpg\" alt=\"M\u00d3DULO CONVERTIDOR DE VOLTAJE NIVEL L\u00d3GICO BIDIRECCIONAL 3,3V A 5V TTL\" width=\"247\" height=\"218\" \/><\/p>\n<p>Este peque\u00f1o conversor permite convertir dichos niveles l\u00f3gicos, ya sea de 3.3V a 5V o a la inversa (5V a 3.3V), lo que permite adaptar las se\u00f1ales SPI, I2C o cualquier se\u00f1al digital. Los pines de la placa tienen un espaciado de 0.1&#8243; compatible para trabajo sobre un protoboard, permitiendo una r\u00e1pida conexi\u00f3n. La placa necesita ser alimentada por los dos voltajes a convertir y s\u00f3lo funciona con se\u00f1ales l\u00f3gicas digitales (niveles altos y bajos), no cumple la funci\u00f3n de conversor de voltaje como fuente de alimentaci\u00f3n(en ese caso debemos utilizar un\u00a0<a href=\"https:\/\/naylampmechatronics.com\/75-conversores-dc-dc\" target=\"_blank\" rel=\"noreferrer noopener\">Conversor DC-DC<\/a>).\u00a0<strong>NO<\/strong>\u00a0funciona con se\u00f1ales anal\u00f3gicas.<\/p>\n<h1 class=\"product-title\">M\u00f3dulo convertidor de nivel l\u00f3gico TTL de 3.3 \/ 5<\/h1>\n<p><strong>Convertidor de nivel l\u00f3gico bidireccional TTL de 3.3V 5V para la<\/strong><\/p>\n<p>2 canales de l\u00f3gica de alto voltaje y conmutaci\u00f3n bilateral de l\u00f3gica de bajo voltaje<br \/>\n2 canales de l\u00f3gica de alto voltaje interruptor de l\u00f3gica de bajo voltaje en transformaci\u00f3n unitaria<\/p>\n<p>Alto voltaje: 5\u00a0V<br \/>\nBajo voltaje:\u00a03,3 V<br \/>\nGND para potencia negativa<\/p>\n<div>\n<h2><b>\u00bfD\u00f3nde<\/b><strong>\u00a0conseguir ?<\/strong><\/h2>\n<\/div>\n<p>Puedes conseguir este producto y mucho mas en nuestra tienda de electr\u00f3nica \u201cElectr\u00f3nica JNC\u201d a un excelente precio, de igual manera puedes preguntar por otros productos que tenemos para ti y as\u00ed adquirirlos seg\u00fan tu necesidad para\u00a0 tus proyectos.<\/p>\n<p>Adem\u00e1s de vender realizamos todo tipo de proyectos de Rob\u00f3tica Electr\u00f3nica y de Programaci\u00f3n en Arduino-Raspberry, brindamos asesoramiento en la elaboraci\u00f3n de proyectos y personalizamos sus clases cuando deseas armar un robot.<\/p>\n<p>Somos importadores Directos de todo en Electr\u00f3nica y Rob\u00f3tica directamente desde los fabricantes, a los mejores precios del mercado.<\/p>\n<div class=\"x11i5rnm xat24cr x1mh8g0r x1vvkbs xtlvy1s x126k92a\">\n<div dir=\"auto\">SERVICIO PERSONALIZADO, APOYO TEORICO Y VENTA DE MATERIAL<\/div>\n<\/div>\n<div class=\"x11i5rnm xat24cr x1mh8g0r x1vvkbs xtlvy1s x126k92a\">\n<div dir=\"auto\">COTIZA CON NOSOTROS<\/div>\n<div dir=\"auto\">SERVICIO, EXPERIENCIA, CALIDAD Y CONFIANZA<\/div>\n<div dir=\"auto\">\u00abTodo lo que buscas en un solo lugar\u00bb<\/div>\n<\/div>\n<div dir=\"auto\"><\/div>\n<p><img decoding=\"async\" class=\"aligncenter\" src=\"https:\/\/images.ua.prom.st\/1494267654_1494267654.jpg?PImaGE_ID=1494267654\" \/><\/p>\n<p style=\"text-align: center;\">Realizar un pedido en la web o por \u00a0<a href=\"https:\/\/api.whatsapp.com\/send?phone=593958753126\" target=\"_blank\" rel=\"noopener\">WHATSAPP<\/a>.<\/p>\n<p><img decoding=\"async\" class=\"aligncenter\" src=\"https:\/\/images.ua.prom.st\/1494267867_1494267867.jpg?PImaGE_ID=1494267867\" \/><\/p>\n<p style=\"text-align: center;\">Consulta con un asesor\u00a0 todas tus inquietudes.<\/p>\n<p><img decoding=\"async\" class=\"aligncenter\" src=\"https:\/\/images.ua.prom.st\/1494266627_1494266627.jpg?PImaGE_ID=1494266627\" \/><\/p>\n<p style=\"text-align: center;\">Pregunta las formas de pago.<\/p>\n<p><img decoding=\"async\" class=\"aligncenter\" src=\"https:\/\/images.ua.prom.st\/1494267985_1494267985.jpg?PImaGE_ID=1494267985\" \/><\/p>\n<p style=\"text-align: center;\">Tu pedido llega a la puerta de tu casa.<\/p>\n<p>&nbsp;<\/p>\n<p><strong>\u00a1\u00a1 PREG\u00daNTANOS Sin compromiso !!!!<\/strong><\/p>\n<p>Puede retirar sus pedidos en nuestra\u00a0<a href=\"https:\/\/www.electronicajnc.com\/web\/contactos\" target=\"_blank\" rel=\"noopener\">TIENDA F\u00cdSICA<\/a>\u00a0o realizar sus pedidos\u00a0<a href=\"https:\/\/www.electronicajnc.com\/web\/mi-cuenta\" target=\"_blank\" rel=\"noopener\">ONLINE<\/a>\u00a0o por\u00a0<a href=\"https:\/\/api.whatsapp.com\/send?phone=593958753126\" target=\"_blank\" rel=\"noopener\">WHATSAPP<\/a>.<\/p>\n","protected":false},"excerpt":{"rendered":"<p>M\u00f3dulo conversor\/adaptador de niveles l\u00f3gicos, ya sea de 3.3V a 5V o a la inversa (5V a 3.3V). Muy \u00fatil para proyectos montados en protoboard.<\/p>\n","protected":false},"featured_media":1381,"comment_status":"closed","ping_status":"closed","template":"","meta":{"saved_in_kubio":false,"_joinchat":[]},"product_brand":[],"product_cat":[21],"product_tag":[959,960,961,599,600,962],"class_list":{"0":"post-1380","1":"product","2":"type-product","3":"status-publish","4":"has-post-thumbnail","6":"product_cat-modulos_sensores","7":"product_tag-buck","8":"product_tag-conversor","9":"product_tag-reducto","10":"product_tag-regulador","11":"product_tag-regulador-de-voltaje","12":"product_tag-step-down","14":"first","15":"instock","16":"taxable","17":"shipping-taxable","18":"purchasable","19":"product-type-simple"},"yoast_head":"<!-- This site is optimized with the Yoast SEO plugin v27.4 - https:\/\/yoast.com\/product\/yoast-seo-wordpress\/ -->\n<title>M\u00f3dulo convertidor de nivel l\u00f3gico TTL de 3.3V \/ 5V - Electronica JNC<\/title>\n<meta name=\"description\" content=\"M\u00f3dulo convertidor de nivel l\u00f3gico TTL de 3.3 \/ 5\" \/>\n<meta name=\"robots\" content=\"index, follow, max-snippet:-1, max-image-preview:large, max-video-preview:-1\" \/>\n<link rel=\"canonical\" href=\"https:\/\/www.electronicajnc.com\/web\/producto\/modulo-convertidor-de-nivel-logico-ttl-de-3-3-5\/\" \/>\n<meta property=\"og:locale\" content=\"es_ES\" \/>\n<meta property=\"og:type\" content=\"article\" \/>\n<meta property=\"og:title\" content=\"M\u00f3dulo convertidor de nivel l\u00f3gico TTL de 3.3V \/ 5V - Electronica JNC\" \/>\n<meta property=\"og:description\" content=\"M\u00f3dulo convertidor de nivel l\u00f3gico TTL de 3.3 \/ 5\" \/>\n<meta property=\"og:url\" content=\"https:\/\/www.electronicajnc.com\/web\/producto\/modulo-convertidor-de-nivel-logico-ttl-de-3-3-5\/\" \/>\n<meta property=\"og:site_name\" content=\"Electronica JNC\" \/>\n<meta property=\"article:modified_time\" content=\"2025-02-21T13:24:33+00:00\" \/>\n<meta property=\"og:image\" content=\"https:\/\/www.electronicajnc.com\/web\/wp-content\/uploads\/2023\/12\/conversor3.3-5v.jpg\" \/>\n\t<meta property=\"og:image:width\" content=\"942\" \/>\n\t<meta property=\"og:image:height\" content=\"832\" \/>\n\t<meta property=\"og:image:type\" content=\"image\/jpeg\" \/>\n<meta name=\"twitter:card\" content=\"summary_large_image\" \/>\n<meta name=\"twitter:label1\" content=\"Tiempo de lectura\" \/>\n\t<meta name=\"twitter:data1\" content=\"3 minutos\" \/>\n<script type=\"application\/ld+json\" class=\"yoast-schema-graph\">{\"@context\":\"https:\\\/\\\/schema.org\",\"@graph\":[{\"@type\":\"WebPage\",\"@id\":\"https:\\\/\\\/www.electronicajnc.com\\\/web\\\/producto\\\/modulo-convertidor-de-nivel-logico-ttl-de-3-3-5\\\/\",\"url\":\"https:\\\/\\\/www.electronicajnc.com\\\/web\\\/producto\\\/modulo-convertidor-de-nivel-logico-ttl-de-3-3-5\\\/\",\"name\":\"M\u00f3dulo convertidor de nivel l\u00f3gico TTL de 3.3V \\\/ 5V - Electronica JNC\",\"isPartOf\":{\"@id\":\"https:\\\/\\\/www.electronicajnc.com\\\/web\\\/#website\"},\"primaryImageOfPage\":{\"@id\":\"https:\\\/\\\/www.electronicajnc.com\\\/web\\\/producto\\\/modulo-convertidor-de-nivel-logico-ttl-de-3-3-5\\\/#primaryimage\"},\"image\":{\"@id\":\"https:\\\/\\\/www.electronicajnc.com\\\/web\\\/producto\\\/modulo-convertidor-de-nivel-logico-ttl-de-3-3-5\\\/#primaryimage\"},\"thumbnailUrl\":\"https:\\\/\\\/www.electronicajnc.com\\\/web\\\/wp-content\\\/uploads\\\/2023\\\/12\\\/conversor3.3-5v.jpg\",\"datePublished\":\"2023-12-21T17:14:14+00:00\",\"dateModified\":\"2025-02-21T13:24:33+00:00\",\"description\":\"M\u00f3dulo convertidor de nivel l\u00f3gico TTL de 3.3 \\\/ 5\",\"breadcrumb\":{\"@id\":\"https:\\\/\\\/www.electronicajnc.com\\\/web\\\/producto\\\/modulo-convertidor-de-nivel-logico-ttl-de-3-3-5\\\/#breadcrumb\"},\"inLanguage\":\"es\",\"potentialAction\":[{\"@type\":\"ReadAction\",\"target\":[\"https:\\\/\\\/www.electronicajnc.com\\\/web\\\/producto\\\/modulo-convertidor-de-nivel-logico-ttl-de-3-3-5\\\/\"]}]},{\"@type\":\"ImageObject\",\"inLanguage\":\"es\",\"@id\":\"https:\\\/\\\/www.electronicajnc.com\\\/web\\\/producto\\\/modulo-convertidor-de-nivel-logico-ttl-de-3-3-5\\\/#primaryimage\",\"url\":\"https:\\\/\\\/www.electronicajnc.com\\\/web\\\/wp-content\\\/uploads\\\/2023\\\/12\\\/conversor3.3-5v.jpg\",\"contentUrl\":\"https:\\\/\\\/www.electronicajnc.com\\\/web\\\/wp-content\\\/uploads\\\/2023\\\/12\\\/conversor3.3-5v.jpg\",\"width\":942,\"height\":832,\"caption\":\"M\u00d3DULO CONVERTIDOR DE VOLTAJE NIVEL L\u00d3GICO BIDIRECCIONAL 3,3V A 5V TTL\"},{\"@type\":\"BreadcrumbList\",\"@id\":\"https:\\\/\\\/www.electronicajnc.com\\\/web\\\/producto\\\/modulo-convertidor-de-nivel-logico-ttl-de-3-3-5\\\/#breadcrumb\",\"itemListElement\":[{\"@type\":\"ListItem\",\"position\":1,\"name\":\"Portada\",\"item\":\"https:\\\/\\\/www.electronicajnc.com\\\/web\\\/\"},{\"@type\":\"ListItem\",\"position\":2,\"name\":\"TIENDA\",\"item\":\"https:\\\/\\\/www.electronicajnc.com\\\/web\\\/tienda\\\/\"},{\"@type\":\"ListItem\",\"position\":3,\"name\":\"M\u00f3dulo convertidor de nivel l\u00f3gico TTL de 3.3V \\\/ 5V\"}]},{\"@type\":\"WebSite\",\"@id\":\"https:\\\/\\\/www.electronicajnc.com\\\/web\\\/#website\",\"url\":\"https:\\\/\\\/www.electronicajnc.com\\\/web\\\/\",\"name\":\"Electronica JNC\",\"description\":\"Robotica Tecnologia Mecatronica en Ecuador\",\"publisher\":{\"@id\":\"https:\\\/\\\/www.electronicajnc.com\\\/web\\\/#organization\"},\"potentialAction\":[{\"@type\":\"SearchAction\",\"target\":{\"@type\":\"EntryPoint\",\"urlTemplate\":\"https:\\\/\\\/www.electronicajnc.com\\\/web\\\/?s={search_term_string}\"},\"query-input\":{\"@type\":\"PropertyValueSpecification\",\"valueRequired\":true,\"valueName\":\"search_term_string\"}}],\"inLanguage\":\"es\"},{\"@type\":\"Organization\",\"@id\":\"https:\\\/\\\/www.electronicajnc.com\\\/web\\\/#organization\",\"name\":\"Electronica JNC\",\"url\":\"https:\\\/\\\/www.electronicajnc.com\\\/web\\\/\",\"logo\":{\"@type\":\"ImageObject\",\"inLanguage\":\"es\",\"@id\":\"https:\\\/\\\/www.electronicajnc.com\\\/web\\\/#\\\/schema\\\/logo\\\/image\\\/\",\"url\":\"https:\\\/\\\/www.electronicajnc.com\\\/web\\\/wp-content\\\/uploads\\\/2023\\\/06\\\/nuevo-logo.jpg\",\"contentUrl\":\"https:\\\/\\\/www.electronicajnc.com\\\/web\\\/wp-content\\\/uploads\\\/2023\\\/06\\\/nuevo-logo.jpg\",\"width\":1256,\"height\":612,\"caption\":\"Electronica JNC\"},\"image\":{\"@id\":\"https:\\\/\\\/www.electronicajnc.com\\\/web\\\/#\\\/schema\\\/logo\\\/image\\\/\"}}]}<\/script>\n<!-- \/ Yoast SEO plugin. -->","yoast_head_json":{"title":"M\u00f3dulo convertidor de nivel l\u00f3gico TTL de 3.3V \/ 5V - Electronica JNC","description":"M\u00f3dulo convertidor de nivel l\u00f3gico TTL de 3.3 \/ 5","robots":{"index":"index","follow":"follow","max-snippet":"max-snippet:-1","max-image-preview":"max-image-preview:large","max-video-preview":"max-video-preview:-1"},"canonical":"https:\/\/www.electronicajnc.com\/web\/producto\/modulo-convertidor-de-nivel-logico-ttl-de-3-3-5\/","og_locale":"es_ES","og_type":"article","og_title":"M\u00f3dulo convertidor de nivel l\u00f3gico TTL de 3.3V \/ 5V - Electronica JNC","og_description":"M\u00f3dulo convertidor de nivel l\u00f3gico TTL de 3.3 \/ 5","og_url":"https:\/\/www.electronicajnc.com\/web\/producto\/modulo-convertidor-de-nivel-logico-ttl-de-3-3-5\/","og_site_name":"Electronica JNC","article_modified_time":"2025-02-21T13:24:33+00:00","og_image":[{"width":942,"height":832,"url":"https:\/\/www.electronicajnc.com\/web\/wp-content\/uploads\/2023\/12\/conversor3.3-5v.jpg","type":"image\/jpeg"}],"twitter_card":"summary_large_image","twitter_misc":{"Tiempo de lectura":"3 minutos"},"schema":{"@context":"https:\/\/schema.org","@graph":[{"@type":"WebPage","@id":"https:\/\/www.electronicajnc.com\/web\/producto\/modulo-convertidor-de-nivel-logico-ttl-de-3-3-5\/","url":"https:\/\/www.electronicajnc.com\/web\/producto\/modulo-convertidor-de-nivel-logico-ttl-de-3-3-5\/","name":"M\u00f3dulo convertidor de nivel l\u00f3gico TTL de 3.3V \/ 5V - Electronica JNC","isPartOf":{"@id":"https:\/\/www.electronicajnc.com\/web\/#website"},"primaryImageOfPage":{"@id":"https:\/\/www.electronicajnc.com\/web\/producto\/modulo-convertidor-de-nivel-logico-ttl-de-3-3-5\/#primaryimage"},"image":{"@id":"https:\/\/www.electronicajnc.com\/web\/producto\/modulo-convertidor-de-nivel-logico-ttl-de-3-3-5\/#primaryimage"},"thumbnailUrl":"https:\/\/www.electronicajnc.com\/web\/wp-content\/uploads\/2023\/12\/conversor3.3-5v.jpg","datePublished":"2023-12-21T17:14:14+00:00","dateModified":"2025-02-21T13:24:33+00:00","description":"M\u00f3dulo convertidor de nivel l\u00f3gico TTL de 3.3 \/ 5","breadcrumb":{"@id":"https:\/\/www.electronicajnc.com\/web\/producto\/modulo-convertidor-de-nivel-logico-ttl-de-3-3-5\/#breadcrumb"},"inLanguage":"es","potentialAction":[{"@type":"ReadAction","target":["https:\/\/www.electronicajnc.com\/web\/producto\/modulo-convertidor-de-nivel-logico-ttl-de-3-3-5\/"]}]},{"@type":"ImageObject","inLanguage":"es","@id":"https:\/\/www.electronicajnc.com\/web\/producto\/modulo-convertidor-de-nivel-logico-ttl-de-3-3-5\/#primaryimage","url":"https:\/\/www.electronicajnc.com\/web\/wp-content\/uploads\/2023\/12\/conversor3.3-5v.jpg","contentUrl":"https:\/\/www.electronicajnc.com\/web\/wp-content\/uploads\/2023\/12\/conversor3.3-5v.jpg","width":942,"height":832,"caption":"M\u00d3DULO CONVERTIDOR DE VOLTAJE NIVEL L\u00d3GICO BIDIRECCIONAL 3,3V A 5V TTL"},{"@type":"BreadcrumbList","@id":"https:\/\/www.electronicajnc.com\/web\/producto\/modulo-convertidor-de-nivel-logico-ttl-de-3-3-5\/#breadcrumb","itemListElement":[{"@type":"ListItem","position":1,"name":"Portada","item":"https:\/\/www.electronicajnc.com\/web\/"},{"@type":"ListItem","position":2,"name":"TIENDA","item":"https:\/\/www.electronicajnc.com\/web\/tienda\/"},{"@type":"ListItem","position":3,"name":"M\u00f3dulo convertidor de nivel l\u00f3gico TTL de 3.3V \/ 5V"}]},{"@type":"WebSite","@id":"https:\/\/www.electronicajnc.com\/web\/#website","url":"https:\/\/www.electronicajnc.com\/web\/","name":"Electronica JNC","description":"Robotica Tecnologia Mecatronica en Ecuador","publisher":{"@id":"https:\/\/www.electronicajnc.com\/web\/#organization"},"potentialAction":[{"@type":"SearchAction","target":{"@type":"EntryPoint","urlTemplate":"https:\/\/www.electronicajnc.com\/web\/?s={search_term_string}"},"query-input":{"@type":"PropertyValueSpecification","valueRequired":true,"valueName":"search_term_string"}}],"inLanguage":"es"},{"@type":"Organization","@id":"https:\/\/www.electronicajnc.com\/web\/#organization","name":"Electronica JNC","url":"https:\/\/www.electronicajnc.com\/web\/","logo":{"@type":"ImageObject","inLanguage":"es","@id":"https:\/\/www.electronicajnc.com\/web\/#\/schema\/logo\/image\/","url":"https:\/\/www.electronicajnc.com\/web\/wp-content\/uploads\/2023\/06\/nuevo-logo.jpg","contentUrl":"https:\/\/www.electronicajnc.com\/web\/wp-content\/uploads\/2023\/06\/nuevo-logo.jpg","width":1256,"height":612,"caption":"Electronica JNC"},"image":{"@id":"https:\/\/www.electronicajnc.com\/web\/#\/schema\/logo\/image\/"}}]}},"_links":{"self":[{"href":"https:\/\/www.electronicajnc.com\/web\/wp-json\/wp\/v2\/product\/1380","targetHints":{"allow":["GET"]}}],"collection":[{"href":"https:\/\/www.electronicajnc.com\/web\/wp-json\/wp\/v2\/product"}],"about":[{"href":"https:\/\/www.electronicajnc.com\/web\/wp-json\/wp\/v2\/types\/product"}],"replies":[{"embeddable":true,"href":"https:\/\/www.electronicajnc.com\/web\/wp-json\/wp\/v2\/comments?post=1380"}],"wp:featuredmedia":[{"embeddable":true,"href":"https:\/\/www.electronicajnc.com\/web\/wp-json\/wp\/v2\/media\/1381"}],"wp:attachment":[{"href":"https:\/\/www.electronicajnc.com\/web\/wp-json\/wp\/v2\/media?parent=1380"}],"wp:term":[{"taxonomy":"product_brand","embeddable":true,"href":"https:\/\/www.electronicajnc.com\/web\/wp-json\/wp\/v2\/product_brand?post=1380"},{"taxonomy":"product_cat","embeddable":true,"href":"https:\/\/www.electronicajnc.com\/web\/wp-json\/wp\/v2\/product_cat?post=1380"},{"taxonomy":"product_tag","embeddable":true,"href":"https:\/\/www.electronicajnc.com\/web\/wp-json\/wp\/v2\/product_tag?post=1380"}],"curies":[{"name":"wp","href":"https:\/\/api.w.org\/{rel}","templated":true}]}}