{"id":1394,"date":"2023-12-21T22:09:22","date_gmt":"2023-12-21T22:09:22","guid":{"rendered":"https:\/\/www.electronicajnc.com\/web\/?post_type=product&#038;p=1394"},"modified":"2023-12-21T22:10:20","modified_gmt":"2023-12-21T22:10:20","slug":"sensor-de-flujo-de-agua-yfs201","status":"publish","type":"product","link":"https:\/\/www.electronicajnc.com\/web\/producto\/sensor-de-flujo-de-agua-yfs201\/","title":{"rendered":"Sensor de flujo de Agua YFS201"},"content":{"rendered":"<p class=\"product_title entry-title wd-entities-title\">Sensor de flujo de Agua YFS201<\/p>\n<p><img decoding=\"async\" class=\"aligncenter\" src=\"https:\/\/www.electronicajnc.com\/web\/wp-content\/uploads\/2023\/12\/FLUJO.jpg-1.jpg\" alt=\"Sensor de flujo de Agua YFS201\" \/><\/p>\n<p><span title=\"Measure liquid\/water flow for your solar, computer cooling, or gardening project using this handy basic flow meter.\">Medir el flujo de l\u00edquido o agua para su solar, refrigeraci\u00f3n del ordenador, o proyecto de jardiner\u00eda es sencillo con este\u00a0pr\u00e1ctico\u00a0medidor de flujo.\u00a0<\/span><span title=\"This sensor sit in line with your water line, and uses a pinwheel sensor to measure how much liquid has moved through it.\">Este sensor\u00a0<span title=\"Measure liquid\/water flow for your solar, computer cooling, or gardening project using this handy basic flow meter.\">b\u00e1sico<\/span>\u00a0se conecta al tubo o manguera de agua, y utiliza un sensor de molinete para medir la cantidad de l\u00edquido que ha pasado a trav\u00e9s de \u00e9l .\u00a0<\/span><span title=\"The pinwheel has a little magnet attached, and there's a hall effect magnetic sensor on the other side of the plastic tube that can measure how many spins the pinwheel has made through the plastic wall.\">El molinillo tiene un peque\u00f1o im\u00e1n atado, y hay un sensor magn\u00e9tico de efecto Hall en el otro lado del tubo de pl\u00e1stico que puede medir la cantidad de vueltas que el molinillo ha hecho a trav\u00e9s del pl\u00e1stico.\u00a0<\/span><span style=\"box-sizing: border-box; margin: 0px; padding: 0px; border: 0px; vertical-align: baseline; font-style: normal; font-variant-ligatures: normal; font-variant-caps: normal; font-variant-numeric: inherit; font-variant-east-asian: inherit; font-variant-alternates: inherit; font-variant-position: inherit; font-weight: 400; font-stretch: inherit; line-height: inherit; font-family: Lato, Arial, Helvetica, sans-serif; font-optical-sizing: inherit; font-kerning: inherit; font-feature-settings: inherit; font-variation-settings: inherit; font-size: 14px; color: #777777; letter-spacing: normal; orphans: 2; text-align: start; text-indent: 0px; text-transform: none; widows: 2; word-spacing: 0px; -webkit-text-stroke-width: 0px; white-space: normal; background-color: #ffffff; text-decoration-thickness: initial; text-decoration-style: initial; text-decoration-color: initial;\" title=\"This method allows the sensor to stay safe and dry.&lt;\/p&gt;&lt;br \/&gt;&lt;br \/&gt;&lt;br \/&gt;&lt;br \/&gt;&lt;br \/&gt;&lt;br \/&gt;&lt;br \/&gt; &lt;p&gt;\">Este m\u00e9todo permite que el sensor permanezca seguro y seco.<\/span><\/p>\n<h1 class=\"product_title entry-title wd-entities-title\">Sensor de flujo de Agua YFS201<\/h1>\n<ul>\n<li>Modelo: YF-S201<\/li>\n<li>Voltaje de operaci\u00f3n: 5V &#8211; 18V DC<\/li>\n<li>Consumo de corriente:\u00a015mA (5V)<\/li>\n<li>Capacidad de carga: 10mA (5 VDC)<\/li>\n<li>Salida: Onda cuadrada pulsante<\/li>\n<li>Rango de Flujo:\u00a01-30L\/min<\/li>\n<li>Volumen promedio por pulso: 2.25mL<\/li>\n<li>Pulsos por litro: 450<\/li>\n<li>Factor\u00a0de conversi\u00f3n: 7.5<\/li>\n<li>Rosca externa: 1\/2&#8243; NPS<\/li>\n<li>Presi\u00f3n de trabajo m\u00e1x.:\u00a01.75MPa (17 bar)<\/li>\n<li>Temperatura de funcionamiento: -25\u00baC a 80\u00baC<\/li>\n<li>Material: Pl\u00e1stico color negro<\/li>\n<\/ul>\n<div>\n<h2><b>\u00bfD\u00f3nde<\/b><strong>\u00a0conseguir ?<\/strong><\/h2>\n<\/div>\n<p>Puedes conseguir este producto y mucho mas en nuestra tienda de electr\u00f3nica \u201cElectr\u00f3nica JNC\u201d a un excelente precio, de igual manera puedes preguntar por otros productos que tenemos para ti y as\u00ed adquirirlos seg\u00fan tu necesidad para\u00a0 tus proyectos.<\/p>\n<p>Adem\u00e1s de vender realizamos todo tipo de proyectos de Rob\u00f3tica Electr\u00f3nica y de Programaci\u00f3n en Arduino-Raspberry, brindamos asesoramiento en la elaboraci\u00f3n de proyectos y personalizamos sus clases cuando deseas armar un robot.<\/p>\n<p>Somos importadores Directos de todo en Electr\u00f3nica y Rob\u00f3tica directamente desde los fabricantes, a los mejores precios del mercado.<\/p>\n<div class=\"x11i5rnm xat24cr x1mh8g0r x1vvkbs xtlvy1s x126k92a\">\n<div dir=\"auto\">SERVICIO PERSONALIZADO, APOYO TEORICO Y VENTA DE MATERIAL<\/div>\n<\/div>\n<div class=\"x11i5rnm xat24cr x1mh8g0r x1vvkbs xtlvy1s x126k92a\">\n<div dir=\"auto\">COTIZA CON NOSOTROS<\/div>\n<div dir=\"auto\">SERVICIO, EXPERIENCIA, CALIDAD Y CONFIANZA<\/div>\n<div dir=\"auto\">\u00abTodo lo que buscas en un solo lugar\u00bb<\/div>\n<\/div>\n<div dir=\"auto\"><\/div>\n<p><img decoding=\"async\" class=\"aligncenter\" src=\"https:\/\/images.ua.prom.st\/1494267654_1494267654.jpg?PImaGE_ID=1494267654\" \/><\/p>\n<p style=\"text-align: center;\">Realizar un pedido en la web o por \u00a0<a href=\"https:\/\/api.whatsapp.com\/send?phone=593958753126\" target=\"_blank\" rel=\"noopener\">WHATSAPP<\/a>.<\/p>\n<p><img decoding=\"async\" class=\"aligncenter\" src=\"https:\/\/images.ua.prom.st\/1494267867_1494267867.jpg?PImaGE_ID=1494267867\" \/><\/p>\n<p style=\"text-align: center;\">Consulta con un asesor\u00a0 todas tus inquietudes.<\/p>\n<p><img decoding=\"async\" class=\"aligncenter\" src=\"https:\/\/images.ua.prom.st\/1494266627_1494266627.jpg?PImaGE_ID=1494266627\" \/><\/p>\n<p style=\"text-align: center;\">Pregunta las formas de pago.<\/p>\n<p><img decoding=\"async\" class=\"aligncenter\" src=\"https:\/\/images.ua.prom.st\/1494267985_1494267985.jpg?PImaGE_ID=1494267985\" \/><\/p>\n<p style=\"text-align: center;\">Tu pedido llega a la puerta de tu casa.<\/p>\n<p>&nbsp;<\/p>\n<p><strong>\u00a1\u00a1 PREG\u00daNTANOS Sin compromiso !!!!<\/strong><\/p>\n<p>Puede retirar sus pedidos en nuestra\u00a0<a href=\"https:\/\/www.electronicajnc.com\/web\/contactos\" target=\"_blank\" rel=\"noopener\">TIENDA F\u00cdSICA<\/a>\u00a0o realizar sus pedidos\u00a0<a href=\"https:\/\/www.electronicajnc.com\/web\/mi-cuenta\" target=\"_blank\" rel=\"noopener\">ONLINE<\/a>\u00a0o por\u00a0<a href=\"https:\/\/api.whatsapp.com\/send?phone=593958753126\" target=\"_blank\" rel=\"noopener\">WHATSAPP<\/a>.<\/p>\n","protected":false},"excerpt":{"rendered":"<p>El funcionamiento del sensor es de la siguiente forma: el caudal de agua ingresa al sensor y hace girar una turbina, la turbina est\u00e1 unida a un im\u00e1n que activa un sensor de efecto Hall, que a su vez emite un pulso el\u00e9ctrico que puede ser le\u00eddo por la entrada digital de un Arduino o PLC.<\/p>\n","protected":false},"featured_media":1395,"comment_status":"closed","ping_status":"closed","template":"","meta":{"saved_in_kubio":false,"_joinchat":[]},"product_brand":[],"product_cat":[309],"product_tag":[581,688,44,970,719,971,709,713,32,231,72],"class_list":{"0":"post-1394","1":"product","2":"type-product","3":"status-publish","4":"has-post-thumbnail","6":"product_cat-componentes-electronicos","7":"product_tag-agua","8":"product_tag-aprender-iot","9":"product_tag-arduino-mega","10":"product_tag-caudal","11":"product_tag-control-de-motores-control-de-motores","12":"product_tag-flujo","13":"product_tag-kit-de-proyecto-arduino","14":"product_tag-kit-de-robotica","15":"product_tag-programacion","16":"product_tag-sensor","17":"product_tag-sensores","19":"first","20":"instock","21":"taxable","22":"shipping-taxable","23":"purchasable","24":"product-type-simple"},"yoast_head":"<!-- This site is optimized with the Yoast SEO plugin v27.4 - https:\/\/yoast.com\/product\/yoast-seo-wordpress\/ -->\n<title>Sensor de flujo de Agua YFS201 - Electronica JNC<\/title>\n<meta name=\"description\" content=\"Sensor de flujo de Agua YFS201se conecta al tubo o manguera de agua y utiliza un sensor de molinete para medir la cantidad de l\u00edquido que ha pasado.\" \/>\n<meta name=\"robots\" content=\"index, follow, max-snippet:-1, max-image-preview:large, max-video-preview:-1\" \/>\n<link rel=\"canonical\" href=\"https:\/\/www.electronicajnc.com\/web\/producto\/sensor-de-flujo-de-agua-yfs201\/\" \/>\n<meta property=\"og:locale\" content=\"es_ES\" \/>\n<meta property=\"og:type\" content=\"article\" \/>\n<meta property=\"og:title\" content=\"Sensor de flujo de Agua YFS201 - Electronica JNC\" \/>\n<meta property=\"og:description\" content=\"Sensor de flujo de Agua YFS201se conecta al tubo o manguera de agua y utiliza un sensor de molinete para medir la cantidad de l\u00edquido que ha pasado.\" \/>\n<meta property=\"og:url\" content=\"https:\/\/www.electronicajnc.com\/web\/producto\/sensor-de-flujo-de-agua-yfs201\/\" \/>\n<meta property=\"og:site_name\" content=\"Electronica JNC\" \/>\n<meta property=\"article:modified_time\" content=\"2023-12-21T22:10:20+00:00\" \/>\n<meta property=\"og:image\" content=\"https:\/\/www.electronicajnc.com\/web\/wp-content\/uploads\/2023\/12\/FLUJO.jpg\" \/>\n\t<meta property=\"og:image:width\" content=\"1000\" \/>\n\t<meta property=\"og:image:height\" content=\"1000\" \/>\n\t<meta property=\"og:image:type\" content=\"image\/jpeg\" \/>\n<meta name=\"twitter:card\" content=\"summary_large_image\" \/>\n<meta name=\"twitter:label1\" content=\"Tiempo de lectura\" \/>\n\t<meta name=\"twitter:data1\" content=\"3 minutos\" \/>\n<script type=\"application\/ld+json\" class=\"yoast-schema-graph\">{\"@context\":\"https:\\\/\\\/schema.org\",\"@graph\":[{\"@type\":\"WebPage\",\"@id\":\"https:\\\/\\\/www.electronicajnc.com\\\/web\\\/producto\\\/sensor-de-flujo-de-agua-yfs201\\\/\",\"url\":\"https:\\\/\\\/www.electronicajnc.com\\\/web\\\/producto\\\/sensor-de-flujo-de-agua-yfs201\\\/\",\"name\":\"Sensor de flujo de Agua YFS201 - Electronica JNC\",\"isPartOf\":{\"@id\":\"https:\\\/\\\/www.electronicajnc.com\\\/web\\\/#website\"},\"primaryImageOfPage\":{\"@id\":\"https:\\\/\\\/www.electronicajnc.com\\\/web\\\/producto\\\/sensor-de-flujo-de-agua-yfs201\\\/#primaryimage\"},\"image\":{\"@id\":\"https:\\\/\\\/www.electronicajnc.com\\\/web\\\/producto\\\/sensor-de-flujo-de-agua-yfs201\\\/#primaryimage\"},\"thumbnailUrl\":\"https:\\\/\\\/www.electronicajnc.com\\\/web\\\/wp-content\\\/uploads\\\/2023\\\/12\\\/FLUJO.jpg\",\"datePublished\":\"2023-12-21T22:09:22+00:00\",\"dateModified\":\"2023-12-21T22:10:20+00:00\",\"description\":\"Sensor de flujo de Agua YFS201se conecta al tubo o manguera de agua y utiliza un sensor de molinete para medir la cantidad de l\u00edquido que ha pasado.\",\"breadcrumb\":{\"@id\":\"https:\\\/\\\/www.electronicajnc.com\\\/web\\\/producto\\\/sensor-de-flujo-de-agua-yfs201\\\/#breadcrumb\"},\"inLanguage\":\"es\",\"potentialAction\":[{\"@type\":\"ReadAction\",\"target\":[\"https:\\\/\\\/www.electronicajnc.com\\\/web\\\/producto\\\/sensor-de-flujo-de-agua-yfs201\\\/\"]}]},{\"@type\":\"ImageObject\",\"inLanguage\":\"es\",\"@id\":\"https:\\\/\\\/www.electronicajnc.com\\\/web\\\/producto\\\/sensor-de-flujo-de-agua-yfs201\\\/#primaryimage\",\"url\":\"https:\\\/\\\/www.electronicajnc.com\\\/web\\\/wp-content\\\/uploads\\\/2023\\\/12\\\/FLUJO.jpg\",\"contentUrl\":\"https:\\\/\\\/www.electronicajnc.com\\\/web\\\/wp-content\\\/uploads\\\/2023\\\/12\\\/FLUJO.jpg\",\"width\":1000,\"height\":1000,\"caption\":\"Sensor de flujo de Agua YFS201\"},{\"@type\":\"BreadcrumbList\",\"@id\":\"https:\\\/\\\/www.electronicajnc.com\\\/web\\\/producto\\\/sensor-de-flujo-de-agua-yfs201\\\/#breadcrumb\",\"itemListElement\":[{\"@type\":\"ListItem\",\"position\":1,\"name\":\"Portada\",\"item\":\"https:\\\/\\\/www.electronicajnc.com\\\/web\\\/\"},{\"@type\":\"ListItem\",\"position\":2,\"name\":\"TIENDA\",\"item\":\"https:\\\/\\\/www.electronicajnc.com\\\/web\\\/tienda\\\/\"},{\"@type\":\"ListItem\",\"position\":3,\"name\":\"Sensor de flujo de Agua YFS201\"}]},{\"@type\":\"WebSite\",\"@id\":\"https:\\\/\\\/www.electronicajnc.com\\\/web\\\/#website\",\"url\":\"https:\\\/\\\/www.electronicajnc.com\\\/web\\\/\",\"name\":\"Electronica JNC\",\"description\":\"Robotica Tecnologia Mecatronica en Ecuador\",\"publisher\":{\"@id\":\"https:\\\/\\\/www.electronicajnc.com\\\/web\\\/#organization\"},\"potentialAction\":[{\"@type\":\"SearchAction\",\"target\":{\"@type\":\"EntryPoint\",\"urlTemplate\":\"https:\\\/\\\/www.electronicajnc.com\\\/web\\\/?s={search_term_string}\"},\"query-input\":{\"@type\":\"PropertyValueSpecification\",\"valueRequired\":true,\"valueName\":\"search_term_string\"}}],\"inLanguage\":\"es\"},{\"@type\":\"Organization\",\"@id\":\"https:\\\/\\\/www.electronicajnc.com\\\/web\\\/#organization\",\"name\":\"Electronica JNC\",\"url\":\"https:\\\/\\\/www.electronicajnc.com\\\/web\\\/\",\"logo\":{\"@type\":\"ImageObject\",\"inLanguage\":\"es\",\"@id\":\"https:\\\/\\\/www.electronicajnc.com\\\/web\\\/#\\\/schema\\\/logo\\\/image\\\/\",\"url\":\"https:\\\/\\\/www.electronicajnc.com\\\/web\\\/wp-content\\\/uploads\\\/2023\\\/06\\\/nuevo-logo.jpg\",\"contentUrl\":\"https:\\\/\\\/www.electronicajnc.com\\\/web\\\/wp-content\\\/uploads\\\/2023\\\/06\\\/nuevo-logo.jpg\",\"width\":1256,\"height\":612,\"caption\":\"Electronica JNC\"},\"image\":{\"@id\":\"https:\\\/\\\/www.electronicajnc.com\\\/web\\\/#\\\/schema\\\/logo\\\/image\\\/\"}}]}<\/script>\n<!-- \/ Yoast SEO plugin. -->","yoast_head_json":{"title":"Sensor de flujo de Agua YFS201 - Electronica JNC","description":"Sensor de flujo de Agua YFS201se conecta al tubo o manguera de agua y utiliza un sensor de molinete para medir la cantidad de l\u00edquido que ha pasado.","robots":{"index":"index","follow":"follow","max-snippet":"max-snippet:-1","max-image-preview":"max-image-preview:large","max-video-preview":"max-video-preview:-1"},"canonical":"https:\/\/www.electronicajnc.com\/web\/producto\/sensor-de-flujo-de-agua-yfs201\/","og_locale":"es_ES","og_type":"article","og_title":"Sensor de flujo de Agua YFS201 - Electronica JNC","og_description":"Sensor de flujo de Agua YFS201se conecta al tubo o manguera de agua y utiliza un sensor de molinete para medir la cantidad de l\u00edquido que ha pasado.","og_url":"https:\/\/www.electronicajnc.com\/web\/producto\/sensor-de-flujo-de-agua-yfs201\/","og_site_name":"Electronica JNC","article_modified_time":"2023-12-21T22:10:20+00:00","og_image":[{"width":1000,"height":1000,"url":"https:\/\/www.electronicajnc.com\/web\/wp-content\/uploads\/2023\/12\/FLUJO.jpg","type":"image\/jpeg"}],"twitter_card":"summary_large_image","twitter_misc":{"Tiempo de lectura":"3 minutos"},"schema":{"@context":"https:\/\/schema.org","@graph":[{"@type":"WebPage","@id":"https:\/\/www.electronicajnc.com\/web\/producto\/sensor-de-flujo-de-agua-yfs201\/","url":"https:\/\/www.electronicajnc.com\/web\/producto\/sensor-de-flujo-de-agua-yfs201\/","name":"Sensor de flujo de Agua YFS201 - Electronica JNC","isPartOf":{"@id":"https:\/\/www.electronicajnc.com\/web\/#website"},"primaryImageOfPage":{"@id":"https:\/\/www.electronicajnc.com\/web\/producto\/sensor-de-flujo-de-agua-yfs201\/#primaryimage"},"image":{"@id":"https:\/\/www.electronicajnc.com\/web\/producto\/sensor-de-flujo-de-agua-yfs201\/#primaryimage"},"thumbnailUrl":"https:\/\/www.electronicajnc.com\/web\/wp-content\/uploads\/2023\/12\/FLUJO.jpg","datePublished":"2023-12-21T22:09:22+00:00","dateModified":"2023-12-21T22:10:20+00:00","description":"Sensor de flujo de Agua YFS201se conecta al tubo o manguera de agua y utiliza un sensor de molinete para medir la cantidad de l\u00edquido que ha pasado.","breadcrumb":{"@id":"https:\/\/www.electronicajnc.com\/web\/producto\/sensor-de-flujo-de-agua-yfs201\/#breadcrumb"},"inLanguage":"es","potentialAction":[{"@type":"ReadAction","target":["https:\/\/www.electronicajnc.com\/web\/producto\/sensor-de-flujo-de-agua-yfs201\/"]}]},{"@type":"ImageObject","inLanguage":"es","@id":"https:\/\/www.electronicajnc.com\/web\/producto\/sensor-de-flujo-de-agua-yfs201\/#primaryimage","url":"https:\/\/www.electronicajnc.com\/web\/wp-content\/uploads\/2023\/12\/FLUJO.jpg","contentUrl":"https:\/\/www.electronicajnc.com\/web\/wp-content\/uploads\/2023\/12\/FLUJO.jpg","width":1000,"height":1000,"caption":"Sensor de flujo de Agua YFS201"},{"@type":"BreadcrumbList","@id":"https:\/\/www.electronicajnc.com\/web\/producto\/sensor-de-flujo-de-agua-yfs201\/#breadcrumb","itemListElement":[{"@type":"ListItem","position":1,"name":"Portada","item":"https:\/\/www.electronicajnc.com\/web\/"},{"@type":"ListItem","position":2,"name":"TIENDA","item":"https:\/\/www.electronicajnc.com\/web\/tienda\/"},{"@type":"ListItem","position":3,"name":"Sensor de flujo de Agua YFS201"}]},{"@type":"WebSite","@id":"https:\/\/www.electronicajnc.com\/web\/#website","url":"https:\/\/www.electronicajnc.com\/web\/","name":"Electronica JNC","description":"Robotica Tecnologia Mecatronica en Ecuador","publisher":{"@id":"https:\/\/www.electronicajnc.com\/web\/#organization"},"potentialAction":[{"@type":"SearchAction","target":{"@type":"EntryPoint","urlTemplate":"https:\/\/www.electronicajnc.com\/web\/?s={search_term_string}"},"query-input":{"@type":"PropertyValueSpecification","valueRequired":true,"valueName":"search_term_string"}}],"inLanguage":"es"},{"@type":"Organization","@id":"https:\/\/www.electronicajnc.com\/web\/#organization","name":"Electronica JNC","url":"https:\/\/www.electronicajnc.com\/web\/","logo":{"@type":"ImageObject","inLanguage":"es","@id":"https:\/\/www.electronicajnc.com\/web\/#\/schema\/logo\/image\/","url":"https:\/\/www.electronicajnc.com\/web\/wp-content\/uploads\/2023\/06\/nuevo-logo.jpg","contentUrl":"https:\/\/www.electronicajnc.com\/web\/wp-content\/uploads\/2023\/06\/nuevo-logo.jpg","width":1256,"height":612,"caption":"Electronica JNC"},"image":{"@id":"https:\/\/www.electronicajnc.com\/web\/#\/schema\/logo\/image\/"}}]}},"_links":{"self":[{"href":"https:\/\/www.electronicajnc.com\/web\/wp-json\/wp\/v2\/product\/1394","targetHints":{"allow":["GET"]}}],"collection":[{"href":"https:\/\/www.electronicajnc.com\/web\/wp-json\/wp\/v2\/product"}],"about":[{"href":"https:\/\/www.electronicajnc.com\/web\/wp-json\/wp\/v2\/types\/product"}],"replies":[{"embeddable":true,"href":"https:\/\/www.electronicajnc.com\/web\/wp-json\/wp\/v2\/comments?post=1394"}],"wp:featuredmedia":[{"embeddable":true,"href":"https:\/\/www.electronicajnc.com\/web\/wp-json\/wp\/v2\/media\/1395"}],"wp:attachment":[{"href":"https:\/\/www.electronicajnc.com\/web\/wp-json\/wp\/v2\/media?parent=1394"}],"wp:term":[{"taxonomy":"product_brand","embeddable":true,"href":"https:\/\/www.electronicajnc.com\/web\/wp-json\/wp\/v2\/product_brand?post=1394"},{"taxonomy":"product_cat","embeddable":true,"href":"https:\/\/www.electronicajnc.com\/web\/wp-json\/wp\/v2\/product_cat?post=1394"},{"taxonomy":"product_tag","embeddable":true,"href":"https:\/\/www.electronicajnc.com\/web\/wp-json\/wp\/v2\/product_tag?post=1394"}],"curies":[{"name":"wp","href":"https:\/\/api.w.org\/{rel}","templated":true}]}}