{"id":1399,"date":"2024-01-04T19:36:51","date_gmt":"2024-01-04T19:36:51","guid":{"rendered":"https:\/\/www.electronicajnc.com\/web\/?post_type=product&#038;p=1399"},"modified":"2024-06-25T18:53:22","modified_gmt":"2024-06-25T18:53:22","slug":"lcd-162-16x2-1602","status":"publish","type":"product","link":"https:\/\/www.electronicajnc.com\/web\/producto\/lcd-162-16x2-1602\/","title":{"rendered":"LCD 16*2 16X2 1602"},"content":{"rendered":"<p class=\"product_title entry-title\">LCD 16*2 16X2 1602<img fetchpriority=\"high\" decoding=\"async\" class=\"aligncenter\" src=\"https:\/\/www.electronicajnc.com\/web\/wp-content\/uploads\/2024\/01\/lcd-16-2.jpg\" alt=\"LCD 16*2 16X2 1602 HD44780\" width=\"430\" height=\"263\" \/><\/p>\n<p class=\"product_title entry-title\">Display LCD 16\u00d72 \u2013 EW162B0YMY con 32 caracteres distribuidos en 2 lineas (16\u00d72), con iluminaci\u00f3n de fondo verde. OJO: Esta pantalla tiene una distribuci\u00f3n diferente que la 16\u00d72 estandar que se usa para el keypad shield Arduino. Sin embargo tenemos un tutorial y tiene el mismo controlador.<\/p>\n<p class=\"product_title entry-title\"><strong>\u00bfQu\u00e9 es la pantalla LCD de 16\u00d72 y c\u00f3mo funciona?<\/strong><\/p>\n<p>La pantalla LCD de 16\u00d72 tiene 16 columnas y 2 l\u00edneas, y puede tener retroiluminaci\u00f3n azul o verde, con letras en colores blancos.<\/p>\n<p>De los 16 pines, 12 se utilizan para conexi\u00f3n b\u00e1sica.\u00a011 pines son entrada\/salida (E\/S).\u00a0Los pines 1 y 2 son para conexiones de alimentaci\u00f3n, los pines 15 a 16 para la luz de fondo y el pin 3 para contraste.<\/p>\n<p>La pantalla de 16\u00d72 sirve para facilitar la conexi\u00f3n de una interfaz hombre-m\u00e1quina (\u00a0<strong><a href=\"https:\/\/victorvision.com.br\/blog\/ihm\" target=\"_blank\" rel=\"noreferrer noopener\">HMI<\/a><\/strong>\u00a0).\u00a0B\u00e1sicamente funciona para mostrar caracteres, letras y n\u00fameros de una manera clara y n\u00edtida, lo que expone informaci\u00f3n relevante al programador.<\/p>\n<h1 class=\"product_title entry-title\">LCD 16*2 16X2 1602<\/h1>\n<div>\n<h2><b>\u00bfD\u00f3nde<\/b><strong>\u00a0conseguir ?<\/strong><\/h2>\n<\/div>\n<p>Puedes conseguir este producto y mucho mas en nuestra tienda de electr\u00f3nica \u201cElectr\u00f3nica JNC\u201d a un excelente precio, de igual manera puedes preguntar por otros productos que tenemos para ti y as\u00ed adquirirlos seg\u00fan tu necesidad para\u00a0 tus proyectos.<\/p>\n<p>Adem\u00e1s de vender realizamos todo tipo de proyectos de Rob\u00f3tica Electr\u00f3nica y de Programaci\u00f3n en Arduino-Raspberry, brindamos asesoramiento en la elaboraci\u00f3n de proyectos y personalizamos sus clases cuando deseas armar un robot.<\/p>\n<p>Somos importadores Directos de todo en Electr\u00f3nica y Rob\u00f3tica directamente desde los fabricantes, a los mejores precios del mercado.<\/p>\n<div class=\"x11i5rnm xat24cr x1mh8g0r x1vvkbs xtlvy1s x126k92a\">\n<div dir=\"auto\">SERVICIO PERSONALIZADO, APOYO TEORICO Y VENTA DE MATERIAL<\/div>\n<\/div>\n<div class=\"x11i5rnm xat24cr x1mh8g0r x1vvkbs xtlvy1s x126k92a\">\n<div dir=\"auto\">COTIZA CON NOSOTROS<\/div>\n<div dir=\"auto\">SERVICIO, EXPERIENCIA, CALIDAD Y CONFIANZA<\/div>\n<div dir=\"auto\">\u00abTodo lo que buscas en un solo lugar\u00bb<\/div>\n<\/div>\n<div dir=\"auto\"><\/div>\n<p><img decoding=\"async\" class=\"aligncenter\" src=\"https:\/\/images.ua.prom.st\/1494267654_1494267654.jpg?PImaGE_ID=1494267654\" \/><\/p>\n<p>Realizar un pedido en la web o por \u00a0<a href=\"https:\/\/api.whatsapp.com\/send?phone=593958753126\" target=\"_blank\" rel=\"noopener\">WHATSAPP<\/a>.<\/p>\n<p><img decoding=\"async\" class=\"aligncenter\" src=\"https:\/\/images.ua.prom.st\/1494267867_1494267867.jpg?PImaGE_ID=1494267867\" \/><\/p>\n<p style=\"text-align: center;\">Consulta con un asesor\u00a0 todas tus inquietudes.<\/p>\n<p><img decoding=\"async\" class=\"aligncenter\" src=\"https:\/\/images.ua.prom.st\/1494266627_1494266627.jpg?PImaGE_ID=1494266627\" \/><\/p>\n<p style=\"text-align: center;\">Pregunta las formas de pago.<\/p>\n<p><img decoding=\"async\" class=\"aligncenter\" src=\"https:\/\/images.ua.prom.st\/1494267985_1494267985.jpg?PImaGE_ID=1494267985\" \/><\/p>\n<p style=\"text-align: center;\">Tu pedido llega a la puerta de tu casa.<\/p>\n<p>&nbsp;<\/p>\n<p><strong>\u00a1\u00a1 PREG\u00daNTANOS Sin compromiso !!!!<\/strong><\/p>\n<p>Puede retirar sus pedidos en nuestra\u00a0<a href=\"https:\/\/www.electronicajnc.com\/web\/contactos\" target=\"_blank\" rel=\"noopener\">TIENDA F\u00cdSICA<\/a>\u00a0o realizar sus pedidos\u00a0<a href=\"https:\/\/www.electronicajnc.com\/web\/mi-cuenta\" target=\"_blank\" rel=\"noopener\">ONLINE<\/a>\u00a0o por\u00a0<a href=\"https:\/\/api.whatsapp.com\/send?phone=593958753126\" target=\"_blank\" rel=\"noopener\">WHATSAPP<\/a>.<\/p>\n","protected":false},"excerpt":{"rendered":"<p>Este Display tiene fondo de color azul y texto blanco, tiene 16 pines para realizar su configuraci\u00f3n b\u00e1sica de funcionamiento, as\u00ed como interconectar a tarjetas de desarrollo.<\/p>\n","protected":false},"featured_media":1403,"comment_status":"closed","ping_status":"closed","template":"","meta":{"saved_in_kubio":false,"_joinchat":[]},"product_brand":[],"product_cat":[309],"product_tag":[972,973,196,317,710,635,706,539,712,714,711,708,709,713,701,632,715,318,408,703,704,705,702,939,227,707,32,31,35,938],"class_list":{"0":"post-1399","1":"product","2":"type-product","3":"status-publish","4":"has-post-thumbnail","6":"product_cat-componentes-electronicos","7":"product_tag-972","8":"product_tag-16x2","9":"product_tag-arduino","10":"product_tag-controlador","11":"product_tag-diseno-de-circuitos","12":"product_tag-display","13":"product_tag-esp01-8266","14":"product_tag-esp8266","15":"product_tag-internet-de-las-cosas-iot","16":"product_tag-kit-arduino-ecuador","17":"product_tag-kit-arduino-mas-vendido","18":"product_tag-kit-de-inicio-arduino","19":"product_tag-kit-de-proyecto-arduino","20":"product_tag-kit-de-robotica","21":"product_tag-kit-steam","22":"product_tag-lcd","23":"product_tag-mejor-kit-arduino-ecuador","24":"product_tag-microcontrolador","25":"product_tag-modulo","26":"product_tag-modulo-bluetooth-hc05","27":"product_tag-modulo-sensor","28":"product_tag-pantalla-i2c","29":"product_tag-pantalla-lcd","30":"product_tag-pca-9685","31":"product_tag-pic","32":"product_tag-placa-de-pruebas","33":"product_tag-programacion","34":"product_tag-robotica","35":"product_tag-sensor-de-temperatura","36":"product_tag-servos","38":"first","39":"instock","40":"taxable","41":"shipping-taxable","42":"purchasable","43":"product-type-simple"},"yoast_head":"<!-- This site is optimized with the Yoast SEO plugin v27.5 - https:\/\/yoast.com\/product\/yoast-seo-wordpress\/ -->\n<title>LCD 16*2 16X2 1602 - Electronica JNC<\/title>\n<meta name=\"description\" content=\"LCD 16*2 16X2 1602 El display facilita proyectos en los que el usuario necesita una respuesta visual, que indique el funcionamiento de su configuraci\u00f3n\" \/>\n<meta name=\"robots\" content=\"index, follow, max-snippet:-1, max-image-preview:large, max-video-preview:-1\" \/>\n<link rel=\"canonical\" href=\"https:\/\/www.electronicajnc.com\/web\/producto\/lcd-162-16x2-1602\/\" \/>\n<meta property=\"og:locale\" content=\"es_ES\" \/>\n<meta property=\"og:type\" content=\"article\" \/>\n<meta property=\"og:title\" content=\"LCD 16*2 16X2 1602 - Electronica JNC\" \/>\n<meta property=\"og:description\" content=\"LCD 16*2 16X2 1602 El display facilita proyectos en los que el usuario necesita una respuesta visual, que indique el funcionamiento de su configuraci\u00f3n\" \/>\n<meta property=\"og:url\" content=\"https:\/\/www.electronicajnc.com\/web\/producto\/lcd-162-16x2-1602\/\" \/>\n<meta property=\"og:site_name\" content=\"Electronica JNC\" \/>\n<meta property=\"article:modified_time\" content=\"2024-06-25T18:53:22+00:00\" \/>\n<meta property=\"og:image\" content=\"https:\/\/www.electronicajnc.com\/web\/wp-content\/uploads\/2024\/01\/lcd-16-1.jpg\" \/>\n\t<meta property=\"og:image:width\" content=\"765\" \/>\n\t<meta property=\"og:image:height\" content=\"866\" \/>\n\t<meta property=\"og:image:type\" content=\"image\/jpeg\" \/>\n<meta name=\"twitter:card\" content=\"summary_large_image\" \/>\n<meta name=\"twitter:label1\" content=\"Tiempo de lectura\" \/>\n\t<meta name=\"twitter:data1\" content=\"3 minutos\" \/>\n<script type=\"application\/ld+json\" class=\"yoast-schema-graph\">{\"@context\":\"https:\\\/\\\/schema.org\",\"@graph\":[{\"@type\":\"WebPage\",\"@id\":\"https:\\\/\\\/www.electronicajnc.com\\\/web\\\/producto\\\/lcd-162-16x2-1602\\\/\",\"url\":\"https:\\\/\\\/www.electronicajnc.com\\\/web\\\/producto\\\/lcd-162-16x2-1602\\\/\",\"name\":\"LCD 16*2 16X2 1602 - Electronica JNC\",\"isPartOf\":{\"@id\":\"https:\\\/\\\/www.electronicajnc.com\\\/web\\\/#website\"},\"primaryImageOfPage\":{\"@id\":\"https:\\\/\\\/www.electronicajnc.com\\\/web\\\/producto\\\/lcd-162-16x2-1602\\\/#primaryimage\"},\"image\":{\"@id\":\"https:\\\/\\\/www.electronicajnc.com\\\/web\\\/producto\\\/lcd-162-16x2-1602\\\/#primaryimage\"},\"thumbnailUrl\":\"https:\\\/\\\/www.electronicajnc.com\\\/web\\\/wp-content\\\/uploads\\\/2024\\\/01\\\/lcd-16-1.jpg\",\"datePublished\":\"2024-01-04T19:36:51+00:00\",\"dateModified\":\"2024-06-25T18:53:22+00:00\",\"description\":\"LCD 16*2 16X2 1602 El display facilita proyectos en los que el usuario necesita una respuesta visual, que indique el funcionamiento de su configuraci\u00f3n\",\"breadcrumb\":{\"@id\":\"https:\\\/\\\/www.electronicajnc.com\\\/web\\\/producto\\\/lcd-162-16x2-1602\\\/#breadcrumb\"},\"inLanguage\":\"es\",\"potentialAction\":[{\"@type\":\"ReadAction\",\"target\":[\"https:\\\/\\\/www.electronicajnc.com\\\/web\\\/producto\\\/lcd-162-16x2-1602\\\/\"]}]},{\"@type\":\"ImageObject\",\"inLanguage\":\"es\",\"@id\":\"https:\\\/\\\/www.electronicajnc.com\\\/web\\\/producto\\\/lcd-162-16x2-1602\\\/#primaryimage\",\"url\":\"https:\\\/\\\/www.electronicajnc.com\\\/web\\\/wp-content\\\/uploads\\\/2024\\\/01\\\/lcd-16-1.jpg\",\"contentUrl\":\"https:\\\/\\\/www.electronicajnc.com\\\/web\\\/wp-content\\\/uploads\\\/2024\\\/01\\\/lcd-16-1.jpg\",\"width\":765,\"height\":866,\"caption\":\"LCD 16*2 16X2 1602 HD44780\"},{\"@type\":\"BreadcrumbList\",\"@id\":\"https:\\\/\\\/www.electronicajnc.com\\\/web\\\/producto\\\/lcd-162-16x2-1602\\\/#breadcrumb\",\"itemListElement\":[{\"@type\":\"ListItem\",\"position\":1,\"name\":\"Portada\",\"item\":\"https:\\\/\\\/www.electronicajnc.com\\\/web\\\/\"},{\"@type\":\"ListItem\",\"position\":2,\"name\":\"TIENDA\",\"item\":\"https:\\\/\\\/www.electronicajnc.com\\\/web\\\/tienda\\\/\"},{\"@type\":\"ListItem\",\"position\":3,\"name\":\"LCD 16*2 16X2 1602\"}]},{\"@type\":\"WebSite\",\"@id\":\"https:\\\/\\\/www.electronicajnc.com\\\/web\\\/#website\",\"url\":\"https:\\\/\\\/www.electronicajnc.com\\\/web\\\/\",\"name\":\"Electronica JNC\",\"description\":\"Robotica Tecnologia Mecatronica en Ecuador\",\"publisher\":{\"@id\":\"https:\\\/\\\/www.electronicajnc.com\\\/web\\\/#organization\"},\"potentialAction\":[{\"@type\":\"SearchAction\",\"target\":{\"@type\":\"EntryPoint\",\"urlTemplate\":\"https:\\\/\\\/www.electronicajnc.com\\\/web\\\/?s={search_term_string}\"},\"query-input\":{\"@type\":\"PropertyValueSpecification\",\"valueRequired\":true,\"valueName\":\"search_term_string\"}}],\"inLanguage\":\"es\"},{\"@type\":\"Organization\",\"@id\":\"https:\\\/\\\/www.electronicajnc.com\\\/web\\\/#organization\",\"name\":\"Electronica JNC\",\"url\":\"https:\\\/\\\/www.electronicajnc.com\\\/web\\\/\",\"logo\":{\"@type\":\"ImageObject\",\"inLanguage\":\"es\",\"@id\":\"https:\\\/\\\/www.electronicajnc.com\\\/web\\\/#\\\/schema\\\/logo\\\/image\\\/\",\"url\":\"https:\\\/\\\/www.electronicajnc.com\\\/web\\\/wp-content\\\/uploads\\\/2023\\\/06\\\/nuevo-logo.jpg\",\"contentUrl\":\"https:\\\/\\\/www.electronicajnc.com\\\/web\\\/wp-content\\\/uploads\\\/2023\\\/06\\\/nuevo-logo.jpg\",\"width\":1256,\"height\":612,\"caption\":\"Electronica JNC\"},\"image\":{\"@id\":\"https:\\\/\\\/www.electronicajnc.com\\\/web\\\/#\\\/schema\\\/logo\\\/image\\\/\"}}]}<\/script>\n<!-- \/ Yoast SEO plugin. -->","yoast_head_json":{"title":"LCD 16*2 16X2 1602 - Electronica JNC","description":"LCD 16*2 16X2 1602 El display facilita proyectos en los que el usuario necesita una respuesta visual, que indique el funcionamiento de su configuraci\u00f3n","robots":{"index":"index","follow":"follow","max-snippet":"max-snippet:-1","max-image-preview":"max-image-preview:large","max-video-preview":"max-video-preview:-1"},"canonical":"https:\/\/www.electronicajnc.com\/web\/producto\/lcd-162-16x2-1602\/","og_locale":"es_ES","og_type":"article","og_title":"LCD 16*2 16X2 1602 - Electronica JNC","og_description":"LCD 16*2 16X2 1602 El display facilita proyectos en los que el usuario necesita una respuesta visual, que indique el funcionamiento de su configuraci\u00f3n","og_url":"https:\/\/www.electronicajnc.com\/web\/producto\/lcd-162-16x2-1602\/","og_site_name":"Electronica JNC","article_modified_time":"2024-06-25T18:53:22+00:00","og_image":[{"width":765,"height":866,"url":"https:\/\/www.electronicajnc.com\/web\/wp-content\/uploads\/2024\/01\/lcd-16-1.jpg","type":"image\/jpeg"}],"twitter_card":"summary_large_image","twitter_misc":{"Tiempo de lectura":"3 minutos"},"schema":{"@context":"https:\/\/schema.org","@graph":[{"@type":"WebPage","@id":"https:\/\/www.electronicajnc.com\/web\/producto\/lcd-162-16x2-1602\/","url":"https:\/\/www.electronicajnc.com\/web\/producto\/lcd-162-16x2-1602\/","name":"LCD 16*2 16X2 1602 - Electronica JNC","isPartOf":{"@id":"https:\/\/www.electronicajnc.com\/web\/#website"},"primaryImageOfPage":{"@id":"https:\/\/www.electronicajnc.com\/web\/producto\/lcd-162-16x2-1602\/#primaryimage"},"image":{"@id":"https:\/\/www.electronicajnc.com\/web\/producto\/lcd-162-16x2-1602\/#primaryimage"},"thumbnailUrl":"https:\/\/www.electronicajnc.com\/web\/wp-content\/uploads\/2024\/01\/lcd-16-1.jpg","datePublished":"2024-01-04T19:36:51+00:00","dateModified":"2024-06-25T18:53:22+00:00","description":"LCD 16*2 16X2 1602 El display facilita proyectos en los que el usuario necesita una respuesta visual, que indique el funcionamiento de su configuraci\u00f3n","breadcrumb":{"@id":"https:\/\/www.electronicajnc.com\/web\/producto\/lcd-162-16x2-1602\/#breadcrumb"},"inLanguage":"es","potentialAction":[{"@type":"ReadAction","target":["https:\/\/www.electronicajnc.com\/web\/producto\/lcd-162-16x2-1602\/"]}]},{"@type":"ImageObject","inLanguage":"es","@id":"https:\/\/www.electronicajnc.com\/web\/producto\/lcd-162-16x2-1602\/#primaryimage","url":"https:\/\/www.electronicajnc.com\/web\/wp-content\/uploads\/2024\/01\/lcd-16-1.jpg","contentUrl":"https:\/\/www.electronicajnc.com\/web\/wp-content\/uploads\/2024\/01\/lcd-16-1.jpg","width":765,"height":866,"caption":"LCD 16*2 16X2 1602 HD44780"},{"@type":"BreadcrumbList","@id":"https:\/\/www.electronicajnc.com\/web\/producto\/lcd-162-16x2-1602\/#breadcrumb","itemListElement":[{"@type":"ListItem","position":1,"name":"Portada","item":"https:\/\/www.electronicajnc.com\/web\/"},{"@type":"ListItem","position":2,"name":"TIENDA","item":"https:\/\/www.electronicajnc.com\/web\/tienda\/"},{"@type":"ListItem","position":3,"name":"LCD 16*2 16X2 1602"}]},{"@type":"WebSite","@id":"https:\/\/www.electronicajnc.com\/web\/#website","url":"https:\/\/www.electronicajnc.com\/web\/","name":"Electronica JNC","description":"Robotica Tecnologia Mecatronica en Ecuador","publisher":{"@id":"https:\/\/www.electronicajnc.com\/web\/#organization"},"potentialAction":[{"@type":"SearchAction","target":{"@type":"EntryPoint","urlTemplate":"https:\/\/www.electronicajnc.com\/web\/?s={search_term_string}"},"query-input":{"@type":"PropertyValueSpecification","valueRequired":true,"valueName":"search_term_string"}}],"inLanguage":"es"},{"@type":"Organization","@id":"https:\/\/www.electronicajnc.com\/web\/#organization","name":"Electronica JNC","url":"https:\/\/www.electronicajnc.com\/web\/","logo":{"@type":"ImageObject","inLanguage":"es","@id":"https:\/\/www.electronicajnc.com\/web\/#\/schema\/logo\/image\/","url":"https:\/\/www.electronicajnc.com\/web\/wp-content\/uploads\/2023\/06\/nuevo-logo.jpg","contentUrl":"https:\/\/www.electronicajnc.com\/web\/wp-content\/uploads\/2023\/06\/nuevo-logo.jpg","width":1256,"height":612,"caption":"Electronica JNC"},"image":{"@id":"https:\/\/www.electronicajnc.com\/web\/#\/schema\/logo\/image\/"}}]}},"_links":{"self":[{"href":"https:\/\/www.electronicajnc.com\/web\/wp-json\/wp\/v2\/product\/1399","targetHints":{"allow":["GET"]}}],"collection":[{"href":"https:\/\/www.electronicajnc.com\/web\/wp-json\/wp\/v2\/product"}],"about":[{"href":"https:\/\/www.electronicajnc.com\/web\/wp-json\/wp\/v2\/types\/product"}],"replies":[{"embeddable":true,"href":"https:\/\/www.electronicajnc.com\/web\/wp-json\/wp\/v2\/comments?post=1399"}],"wp:featuredmedia":[{"embeddable":true,"href":"https:\/\/www.electronicajnc.com\/web\/wp-json\/wp\/v2\/media\/1403"}],"wp:attachment":[{"href":"https:\/\/www.electronicajnc.com\/web\/wp-json\/wp\/v2\/media?parent=1399"}],"wp:term":[{"taxonomy":"product_brand","embeddable":true,"href":"https:\/\/www.electronicajnc.com\/web\/wp-json\/wp\/v2\/product_brand?post=1399"},{"taxonomy":"product_cat","embeddable":true,"href":"https:\/\/www.electronicajnc.com\/web\/wp-json\/wp\/v2\/product_cat?post=1399"},{"taxonomy":"product_tag","embeddable":true,"href":"https:\/\/www.electronicajnc.com\/web\/wp-json\/wp\/v2\/product_tag?post=1399"}],"curies":[{"name":"wp","href":"https:\/\/api.w.org\/{rel}","templated":true}]}}