{"id":1418,"date":"2024-01-15T21:33:15","date_gmt":"2024-01-15T21:33:15","guid":{"rendered":"https:\/\/www.electronicajnc.com\/web\/?post_type=product&#038;p=1418"},"modified":"2025-08-04T18:42:34","modified_gmt":"2025-08-04T18:42:34","slug":"pic16f877a-microcontrolador","status":"publish","type":"product","link":"https:\/\/www.electronicajnc.com\/web\/producto\/pic16f877a-microcontrolador\/","title":{"rendered":"Pic16f877A Microcontrolador"},"content":{"rendered":"<p>Pic16f877A Microcontrolador Es un dispositivo programable que se compone de una computadora digital, una unidad de memoria de datos, una unidad de memoria de programa y puertos de entrada\/salida \u00a0en un circuito integrado, funciona como un controlador de perif\u00e9ricos en un sistema m\u00ednimo. El microcontrolador depende de una alimentaci\u00f3n de al menos 5V y 0V en sus entradas de Vdd y Vss respectivamente para su operaci\u00f3n, requiere \u00a0de una se\u00f1al de reloj que le indique la frecuencia de trabajo, est\u00e1 se\u00f1al la introducimos a trav\u00e9s de un oscilador de cristal de cuarzo, \u00a0y una alimentaci\u00f3n al pin MCLR, que es un pin de reset que activa al microcontrolador. El funcionamiento del microcontrolador est\u00e1 determinado por un programa almacenado en su memoria Flash ROM y puede programarse m\u00e1s de una vez para cambiar su estado y su comportamiento, \u00a0lo que lo convierte al microcontrolador en una pieza esencial en el r\u00e1pido desarrollo de aplicaciones electr\u00f3nicas.<\/p>\n<h1>Pic16f877A Microcontrolador<\/h1>\n<ul>\n<li>100.000 ciclos de borrado\/escritura Enhanced Flash memoria del programa t\u00edpica<\/li>\n<li>1.000.000 de borrado\/ciclo de escritura Datos EEPROM memoria t\u00edpica<\/li>\n<li>Retenci\u00f3n EEPROM de datos &gt; 40 a\u00f1os<\/li>\n<li>Auto-reprogramable bajo control de software<\/li>\n<li>Programaci\u00f3n serie en circuito(ICSP) a trav\u00e9s de dos pines<\/li>\n<li>Programaci\u00f3n serie de 5V in-circuit de un solo suministro<\/li>\n<li>Temporizador watchdog (WDT) con su propio RC en chip oscilador para un funcionamiento fiable<\/li>\n<li>Protecci\u00f3n programable del c\u00f3digo<\/li>\n<li>Ahorro de energ\u00eda Modo de suspensi\u00f3n<\/li>\n<li>Opciones de oscilador seleccionables<\/li>\n<li>Depuraci\u00f3n en circuito (ICD) a trav\u00e9s de dos pines<\/li>\n<\/ul>\n<p>&nbsp;<\/p>\n<div>\n<h2><b>\u00bfD\u00f3nde<\/b><strong>\u00a0conseguir ?<\/strong><\/h2>\n<\/div>\n<p>Puedes conseguir este producto y mucho mas en nuestra tienda de electr\u00f3nica \u201cElectr\u00f3nica JNC\u201d a un excelente precio, de igual manera puedes preguntar por otros productos que tenemos para ti y as\u00ed adquirirlos seg\u00fan tu necesidad para\u00a0 tus proyectos.<\/p>\n<p>Adem\u00e1s de vender realizamos todo tipo de proyectos de Rob\u00f3tica Electr\u00f3nica y de Programaci\u00f3n en Arduino-Raspberry, brindamos asesoramiento en la elaboraci\u00f3n de proyectos y personalizamos sus clases cuando deseas armar un robot.<\/p>\n<p>Somos importadores Directos de todo en Electr\u00f3nica y Rob\u00f3tica directamente desde los fabricantes, a los mejores precios del mercado.<\/p>\n<div class=\"x11i5rnm xat24cr x1mh8g0r x1vvkbs xtlvy1s x126k92a\">\n<div dir=\"auto\">SERVICIO PERSONALIZADO, APOYO TEORICO Y VENTA DE MATERIAL<\/div>\n<\/div>\n<div class=\"x11i5rnm xat24cr x1mh8g0r x1vvkbs xtlvy1s x126k92a\">\n<div dir=\"auto\">COTIZA CON NOSOTROS<\/div>\n<div dir=\"auto\">SERVICIO, EXPERIENCIA, CALIDAD Y CONFIANZA<\/div>\n<div dir=\"auto\">\u00abTodo lo que buscas en un solo lugar\u00bb<\/div>\n<\/div>\n<div dir=\"auto\"><\/div>\n<p><img decoding=\"async\" class=\"aligncenter\" src=\"https:\/\/images.ua.prom.st\/1494267654_1494267654.jpg?PImaGE_ID=1494267654\" \/><\/p>\n<p style=\"text-align: center;\">Realizar un pedido en la web o por \u00a0<a href=\"https:\/\/api.whatsapp.com\/send?phone=593958753126\" target=\"_blank\" rel=\"noopener\">WHATSAPP<\/a>.<\/p>\n<p><img decoding=\"async\" class=\"aligncenter\" src=\"https:\/\/images.ua.prom.st\/1494267867_1494267867.jpg?PImaGE_ID=1494267867\" \/><\/p>\n<p style=\"text-align: center;\">Consulta con un asesor\u00a0 todas tus inquietudes.<\/p>\n<p><img decoding=\"async\" class=\"aligncenter\" src=\"https:\/\/images.ua.prom.st\/1494266627_1494266627.jpg?PImaGE_ID=1494266627\" \/><\/p>\n<p style=\"text-align: center;\">Pregunta las formas de pago.<\/p>\n<p><img decoding=\"async\" class=\"aligncenter\" src=\"https:\/\/images.ua.prom.st\/1494267985_1494267985.jpg?PImaGE_ID=1494267985\" \/><\/p>\n<p style=\"text-align: center;\">Tu pedido llega a la puerta de tu casa.<\/p>\n<p>&nbsp;<\/p>\n<p><strong>\u00a1\u00a1 PREG\u00daNTANOS Sin compromiso !!!!<\/strong><\/p>\n<p>Puede retirar sus pedidos en nuestra\u00a0<a href=\"https:\/\/www.electronicajnc.com\/web\/contactos\" target=\"_blank\" rel=\"noopener\">TIENDA F\u00cdSICA<\/a>\u00a0o realizar sus pedidos\u00a0<a href=\"https:\/\/www.electronicajnc.com\/web\/mi-cuenta\" target=\"_blank\" rel=\"noopener\">ONLINE<\/a>\u00a0o por\u00a0<a href=\"https:\/\/api.whatsapp.com\/send?phone=593958753126\" target=\"_blank\" rel=\"noopener\">WHATSAPP<\/a>.<\/p>\n","protected":false},"excerpt":{"rendered":"<p>Este potente microcontrolador CMOS de 8 bits basado en FLASH pero f\u00e1cil de programar empaqueta la potente arquitectura PIC de Microchip en un paquete de 40 y es compatible con los dispositivos PIC16C5X, PIC12CXXX y PIC16C7X. El PIC16F877A cuenta con 256 bytes de memoria de datos EEPROM, Auto programaci\u00f3n, ICD, 2 comparadores, 8 canales de convertidor anal\u00f3gico a digital (A\/D) de 10 bits, 2 funciones de captura\/comparaci\u00f3n\/PWM, el puerto serie s\u00edncrono se puede configurar como interfaz perif\u00e9rica serial de 3 hilos (SPI) o bus de circuito integrado de 2 hilos (I2C) y transmisor de receptor asincr\u00f3nico universal (USART).<\/p>\n<p>&nbsp;<\/p>\n","protected":false},"featured_media":1419,"comment_status":"closed","ping_status":"closed","template":"","meta":{"saved_in_kubio":false,"_joinchat":[]},"product_brand":[],"product_cat":[309],"product_tag":[1000,999,1001],"class_list":{"0":"post-1418","1":"product","2":"type-product","3":"status-publish","4":"has-post-thumbnail","6":"product_cat-componentes-electronicos","7":"product_tag-microchip","8":"product_tag-microcontolador","9":"product_tag-pic16f877a","11":"first","12":"instock","13":"taxable","14":"shipping-taxable","15":"product-type-simple"},"yoast_head":"<!-- This site is optimized with the Yoast SEO plugin v27.4 - https:\/\/yoast.com\/product\/yoast-seo-wordpress\/ -->\n<title>Pic16f877A Microcontrolador - Electronica JNC<\/title>\n<meta name=\"description\" content=\"Pic16f877A Microcontrolador es un dispositivo programable que se compone de una computadora digital, una unidad de memoria de datos\" \/>\n<meta name=\"robots\" content=\"index, follow, max-snippet:-1, max-image-preview:large, max-video-preview:-1\" \/>\n<link rel=\"canonical\" href=\"https:\/\/www.electronicajnc.com\/web\/producto\/pic16f877a-microcontrolador\/\" \/>\n<meta property=\"og:locale\" content=\"es_ES\" \/>\n<meta property=\"og:type\" content=\"article\" \/>\n<meta property=\"og:title\" content=\"Pic16f877A Microcontrolador - Electronica JNC\" \/>\n<meta property=\"og:description\" content=\"Pic16f877A Microcontrolador es un dispositivo programable que se compone de una computadora digital, una unidad de memoria de datos\" \/>\n<meta property=\"og:url\" content=\"https:\/\/www.electronicajnc.com\/web\/producto\/pic16f877a-microcontrolador\/\" \/>\n<meta property=\"og:site_name\" content=\"Electronica JNC\" \/>\n<meta property=\"article:modified_time\" content=\"2025-08-04T18:42:34+00:00\" \/>\n<meta property=\"og:image\" content=\"https:\/\/www.electronicajnc.com\/web\/wp-content\/uploads\/2024\/01\/pic-16f877a.jpg\" \/>\n\t<meta property=\"og:image:width\" content=\"1028\" \/>\n\t<meta property=\"og:image:height\" content=\"942\" \/>\n\t<meta property=\"og:image:type\" content=\"image\/jpeg\" \/>\n<meta name=\"twitter:card\" content=\"summary_large_image\" \/>\n<meta name=\"twitter:label1\" content=\"Tiempo de lectura\" \/>\n\t<meta name=\"twitter:data1\" content=\"3 minutos\" \/>\n<script type=\"application\/ld+json\" class=\"yoast-schema-graph\">{\"@context\":\"https:\\\/\\\/schema.org\",\"@graph\":[{\"@type\":\"WebPage\",\"@id\":\"https:\\\/\\\/www.electronicajnc.com\\\/web\\\/producto\\\/pic16f877a-microcontrolador\\\/\",\"url\":\"https:\\\/\\\/www.electronicajnc.com\\\/web\\\/producto\\\/pic16f877a-microcontrolador\\\/\",\"name\":\"Pic16f877A Microcontrolador - Electronica JNC\",\"isPartOf\":{\"@id\":\"https:\\\/\\\/www.electronicajnc.com\\\/web\\\/#website\"},\"primaryImageOfPage\":{\"@id\":\"https:\\\/\\\/www.electronicajnc.com\\\/web\\\/producto\\\/pic16f877a-microcontrolador\\\/#primaryimage\"},\"image\":{\"@id\":\"https:\\\/\\\/www.electronicajnc.com\\\/web\\\/producto\\\/pic16f877a-microcontrolador\\\/#primaryimage\"},\"thumbnailUrl\":\"https:\\\/\\\/www.electronicajnc.com\\\/web\\\/wp-content\\\/uploads\\\/2024\\\/01\\\/pic-16f877a.jpg\",\"datePublished\":\"2024-01-15T21:33:15+00:00\",\"dateModified\":\"2025-08-04T18:42:34+00:00\",\"description\":\"Pic16f877A Microcontrolador es un dispositivo programable que se compone de una computadora digital, una unidad de memoria de datos\",\"breadcrumb\":{\"@id\":\"https:\\\/\\\/www.electronicajnc.com\\\/web\\\/producto\\\/pic16f877a-microcontrolador\\\/#breadcrumb\"},\"inLanguage\":\"es\",\"potentialAction\":[{\"@type\":\"ReadAction\",\"target\":[\"https:\\\/\\\/www.electronicajnc.com\\\/web\\\/producto\\\/pic16f877a-microcontrolador\\\/\"]}]},{\"@type\":\"ImageObject\",\"inLanguage\":\"es\",\"@id\":\"https:\\\/\\\/www.electronicajnc.com\\\/web\\\/producto\\\/pic16f877a-microcontrolador\\\/#primaryimage\",\"url\":\"https:\\\/\\\/www.electronicajnc.com\\\/web\\\/wp-content\\\/uploads\\\/2024\\\/01\\\/pic-16f877a.jpg\",\"contentUrl\":\"https:\\\/\\\/www.electronicajnc.com\\\/web\\\/wp-content\\\/uploads\\\/2024\\\/01\\\/pic-16f877a.jpg\",\"width\":1028,\"height\":942,\"caption\":\"PIC16F877A Microcontrolador PIC16F877A\"},{\"@type\":\"BreadcrumbList\",\"@id\":\"https:\\\/\\\/www.electronicajnc.com\\\/web\\\/producto\\\/pic16f877a-microcontrolador\\\/#breadcrumb\",\"itemListElement\":[{\"@type\":\"ListItem\",\"position\":1,\"name\":\"Portada\",\"item\":\"https:\\\/\\\/www.electronicajnc.com\\\/web\\\/\"},{\"@type\":\"ListItem\",\"position\":2,\"name\":\"TIENDA\",\"item\":\"https:\\\/\\\/www.electronicajnc.com\\\/web\\\/tienda\\\/\"},{\"@type\":\"ListItem\",\"position\":3,\"name\":\"Pic16f877A Microcontrolador\"}]},{\"@type\":\"WebSite\",\"@id\":\"https:\\\/\\\/www.electronicajnc.com\\\/web\\\/#website\",\"url\":\"https:\\\/\\\/www.electronicajnc.com\\\/web\\\/\",\"name\":\"Electronica JNC\",\"description\":\"Robotica Tecnologia Mecatronica en Ecuador\",\"publisher\":{\"@id\":\"https:\\\/\\\/www.electronicajnc.com\\\/web\\\/#organization\"},\"potentialAction\":[{\"@type\":\"SearchAction\",\"target\":{\"@type\":\"EntryPoint\",\"urlTemplate\":\"https:\\\/\\\/www.electronicajnc.com\\\/web\\\/?s={search_term_string}\"},\"query-input\":{\"@type\":\"PropertyValueSpecification\",\"valueRequired\":true,\"valueName\":\"search_term_string\"}}],\"inLanguage\":\"es\"},{\"@type\":\"Organization\",\"@id\":\"https:\\\/\\\/www.electronicajnc.com\\\/web\\\/#organization\",\"name\":\"Electronica JNC\",\"url\":\"https:\\\/\\\/www.electronicajnc.com\\\/web\\\/\",\"logo\":{\"@type\":\"ImageObject\",\"inLanguage\":\"es\",\"@id\":\"https:\\\/\\\/www.electronicajnc.com\\\/web\\\/#\\\/schema\\\/logo\\\/image\\\/\",\"url\":\"https:\\\/\\\/www.electronicajnc.com\\\/web\\\/wp-content\\\/uploads\\\/2023\\\/06\\\/nuevo-logo.jpg\",\"contentUrl\":\"https:\\\/\\\/www.electronicajnc.com\\\/web\\\/wp-content\\\/uploads\\\/2023\\\/06\\\/nuevo-logo.jpg\",\"width\":1256,\"height\":612,\"caption\":\"Electronica JNC\"},\"image\":{\"@id\":\"https:\\\/\\\/www.electronicajnc.com\\\/web\\\/#\\\/schema\\\/logo\\\/image\\\/\"}}]}<\/script>\n<!-- \/ Yoast SEO plugin. -->","yoast_head_json":{"title":"Pic16f877A Microcontrolador - Electronica JNC","description":"Pic16f877A Microcontrolador es un dispositivo programable que se compone de una computadora digital, una unidad de memoria de datos","robots":{"index":"index","follow":"follow","max-snippet":"max-snippet:-1","max-image-preview":"max-image-preview:large","max-video-preview":"max-video-preview:-1"},"canonical":"https:\/\/www.electronicajnc.com\/web\/producto\/pic16f877a-microcontrolador\/","og_locale":"es_ES","og_type":"article","og_title":"Pic16f877A Microcontrolador - Electronica JNC","og_description":"Pic16f877A Microcontrolador es un dispositivo programable que se compone de una computadora digital, una unidad de memoria de datos","og_url":"https:\/\/www.electronicajnc.com\/web\/producto\/pic16f877a-microcontrolador\/","og_site_name":"Electronica JNC","article_modified_time":"2025-08-04T18:42:34+00:00","og_image":[{"width":1028,"height":942,"url":"https:\/\/www.electronicajnc.com\/web\/wp-content\/uploads\/2024\/01\/pic-16f877a.jpg","type":"image\/jpeg"}],"twitter_card":"summary_large_image","twitter_misc":{"Tiempo de lectura":"3 minutos"},"schema":{"@context":"https:\/\/schema.org","@graph":[{"@type":"WebPage","@id":"https:\/\/www.electronicajnc.com\/web\/producto\/pic16f877a-microcontrolador\/","url":"https:\/\/www.electronicajnc.com\/web\/producto\/pic16f877a-microcontrolador\/","name":"Pic16f877A Microcontrolador - Electronica JNC","isPartOf":{"@id":"https:\/\/www.electronicajnc.com\/web\/#website"},"primaryImageOfPage":{"@id":"https:\/\/www.electronicajnc.com\/web\/producto\/pic16f877a-microcontrolador\/#primaryimage"},"image":{"@id":"https:\/\/www.electronicajnc.com\/web\/producto\/pic16f877a-microcontrolador\/#primaryimage"},"thumbnailUrl":"https:\/\/www.electronicajnc.com\/web\/wp-content\/uploads\/2024\/01\/pic-16f877a.jpg","datePublished":"2024-01-15T21:33:15+00:00","dateModified":"2025-08-04T18:42:34+00:00","description":"Pic16f877A Microcontrolador es un dispositivo programable que se compone de una computadora digital, una unidad de memoria de datos","breadcrumb":{"@id":"https:\/\/www.electronicajnc.com\/web\/producto\/pic16f877a-microcontrolador\/#breadcrumb"},"inLanguage":"es","potentialAction":[{"@type":"ReadAction","target":["https:\/\/www.electronicajnc.com\/web\/producto\/pic16f877a-microcontrolador\/"]}]},{"@type":"ImageObject","inLanguage":"es","@id":"https:\/\/www.electronicajnc.com\/web\/producto\/pic16f877a-microcontrolador\/#primaryimage","url":"https:\/\/www.electronicajnc.com\/web\/wp-content\/uploads\/2024\/01\/pic-16f877a.jpg","contentUrl":"https:\/\/www.electronicajnc.com\/web\/wp-content\/uploads\/2024\/01\/pic-16f877a.jpg","width":1028,"height":942,"caption":"PIC16F877A Microcontrolador PIC16F877A"},{"@type":"BreadcrumbList","@id":"https:\/\/www.electronicajnc.com\/web\/producto\/pic16f877a-microcontrolador\/#breadcrumb","itemListElement":[{"@type":"ListItem","position":1,"name":"Portada","item":"https:\/\/www.electronicajnc.com\/web\/"},{"@type":"ListItem","position":2,"name":"TIENDA","item":"https:\/\/www.electronicajnc.com\/web\/tienda\/"},{"@type":"ListItem","position":3,"name":"Pic16f877A Microcontrolador"}]},{"@type":"WebSite","@id":"https:\/\/www.electronicajnc.com\/web\/#website","url":"https:\/\/www.electronicajnc.com\/web\/","name":"Electronica JNC","description":"Robotica Tecnologia Mecatronica en Ecuador","publisher":{"@id":"https:\/\/www.electronicajnc.com\/web\/#organization"},"potentialAction":[{"@type":"SearchAction","target":{"@type":"EntryPoint","urlTemplate":"https:\/\/www.electronicajnc.com\/web\/?s={search_term_string}"},"query-input":{"@type":"PropertyValueSpecification","valueRequired":true,"valueName":"search_term_string"}}],"inLanguage":"es"},{"@type":"Organization","@id":"https:\/\/www.electronicajnc.com\/web\/#organization","name":"Electronica JNC","url":"https:\/\/www.electronicajnc.com\/web\/","logo":{"@type":"ImageObject","inLanguage":"es","@id":"https:\/\/www.electronicajnc.com\/web\/#\/schema\/logo\/image\/","url":"https:\/\/www.electronicajnc.com\/web\/wp-content\/uploads\/2023\/06\/nuevo-logo.jpg","contentUrl":"https:\/\/www.electronicajnc.com\/web\/wp-content\/uploads\/2023\/06\/nuevo-logo.jpg","width":1256,"height":612,"caption":"Electronica JNC"},"image":{"@id":"https:\/\/www.electronicajnc.com\/web\/#\/schema\/logo\/image\/"}}]}},"_links":{"self":[{"href":"https:\/\/www.electronicajnc.com\/web\/wp-json\/wp\/v2\/product\/1418","targetHints":{"allow":["GET"]}}],"collection":[{"href":"https:\/\/www.electronicajnc.com\/web\/wp-json\/wp\/v2\/product"}],"about":[{"href":"https:\/\/www.electronicajnc.com\/web\/wp-json\/wp\/v2\/types\/product"}],"replies":[{"embeddable":true,"href":"https:\/\/www.electronicajnc.com\/web\/wp-json\/wp\/v2\/comments?post=1418"}],"wp:featuredmedia":[{"embeddable":true,"href":"https:\/\/www.electronicajnc.com\/web\/wp-json\/wp\/v2\/media\/1419"}],"wp:attachment":[{"href":"https:\/\/www.electronicajnc.com\/web\/wp-json\/wp\/v2\/media?parent=1418"}],"wp:term":[{"taxonomy":"product_brand","embeddable":true,"href":"https:\/\/www.electronicajnc.com\/web\/wp-json\/wp\/v2\/product_brand?post=1418"},{"taxonomy":"product_cat","embeddable":true,"href":"https:\/\/www.electronicajnc.com\/web\/wp-json\/wp\/v2\/product_cat?post=1418"},{"taxonomy":"product_tag","embeddable":true,"href":"https:\/\/www.electronicajnc.com\/web\/wp-json\/wp\/v2\/product_tag?post=1418"}],"curies":[{"name":"wp","href":"https:\/\/api.w.org\/{rel}","templated":true}]}}