{"id":1433,"date":"2024-01-26T17:18:41","date_gmt":"2024-01-26T17:18:41","guid":{"rendered":"https:\/\/www.electronicajnc.com\/web\/?post_type=product&#038;p=1433"},"modified":"2025-10-23T22:56:06","modified_gmt":"2025-10-23T22:56:06","slug":"kit-de-sensores-compatible-con-arduino","status":"publish","type":"product","link":"https:\/\/www.electronicajnc.com\/web\/producto\/kit-de-sensores-compatible-con-arduino\/","title":{"rendered":"kit de sensores compatible con Arduino"},"content":{"rendered":"<p>kit de sensores compatible con Arduino<\/p>\n<p><img fetchpriority=\"high\" decoding=\"async\" class=\"aligncenter\" src=\"https:\/\/www.electronicajnc.com\/web\/wp-content\/uploads\/2024\/01\/kit-22.jpg\" alt=\"Kit para Arduino\u00ae UNO\" width=\"269\" height=\"258\" \/><\/p>\n<p>kit de sensores compatible con Arduino, el cual le permite introducirse en el mundo de Arduino, conociendo y aplicando tanto la codificaci\u00f3n (programaci\u00f3n) como la electr\u00f3nica (hardware) a trav\u00e9s de proyectos divertidos, atractivos y pr\u00e1cticos.<\/p>\n<p>Con estos Kits, podr\u00e1s aprender, conceptos b\u00e1sicos y profesionales en el electr\u00f3nica y programaci\u00f3n tiene un conjunto de componentes y m\u00f3dulos que te permiten realizar diferentes experimentos y aplicaciones con tu placa Arduino, convirti\u00e9ndose una forma divertida de aprender mientras te diviertes. <strong>TENEMOS DESCUENTOS ESPECIALES PARA INSTITUCIONES EDUCATIVAS.<\/strong><\/p>\n<h1>kit de sensores compatible con Arduino<\/h1>\n<ul>\n<li>5 LEDS amarillos<\/li>\n<li>5 LEDS rojos<\/li>\n<li>5 LEDS verdes<\/li>\n<li>1 LED RGB<\/li>\n<li>1Sensor de inclinaci\u00f3n<\/li>\n<li>1 Termistor 10k<\/li>\n<li>2 Fotorresistencias o LDR<\/li>\n<li>30 Resistencias<\/li>\n<li>6 pulsadores<\/li>\n<li>1 potenci\u00f3metro 10k<\/li>\n<li>1 Buzzer Activo<\/li>\n<li>1 Buzzer Pasivo<\/li>\n<li>1 Modulo de Humedad y Temperatura DHT11<\/li>\n<li>1 Display 7 segmentos<\/li>\n<li>1 Modulo sensor de Nivel de agua<\/li>\n<li>1 Modulo sensor de sonido<\/li>\n<li>1 Modulo sensor de humedad<\/li>\n<li>1 Modulo sensor infrarrojo<\/li>\n<li>1 Cable USB<\/li>\n<li>1 Mini Protoboard 400 puntos<\/li>\n<li>Cables Jumper para Arduino<\/li>\n<li>Tarjeta programable Uno compatible con Arduino<\/li>\n<li>1 caja Organizadora<\/li>\n<\/ul>\n<div>\n<h2><b>\u00bfD\u00f3nde<\/b><strong>\u00a0conseguir ?<\/strong><\/h2>\n<\/div>\n<p>Puedes conseguir este producto y mucho mas en nuestra tienda de electr\u00f3nica \u201cElectr\u00f3nica JNC\u201d a un excelente precio, de igual manera puedes preguntar por otros productos que tenemos para ti y as\u00ed adquirirlos seg\u00fan tu necesidad para\u00a0 tus proyectos.<\/p>\n<p>Adem\u00e1s de vender realizamos todo tipo de proyectos de Rob\u00f3tica Electr\u00f3nica y de Programaci\u00f3n compatible con Arduino-Raspberry, brindamos asesoramiento en la elaboraci\u00f3n de proyectos y personalizamos sus clases cuando deseas armar un robot.<\/p>\n<p>Somos importadores Directos de todo en Electr\u00f3nica y Rob\u00f3tica directamente desde los fabricantes, a los mejores precios del mercado.<\/p>\n<div class=\"x11i5rnm xat24cr x1mh8g0r x1vvkbs xtlvy1s x126k92a\">\n<div dir=\"auto\">SERVICIO PERSONALIZADO, APOYO TEORICO Y VENTA DE MATERIAL<\/div>\n<\/div>\n<div class=\"x11i5rnm xat24cr x1mh8g0r x1vvkbs xtlvy1s x126k92a\">\n<div dir=\"auto\">COTIZA CON NOSOTROS<\/div>\n<div dir=\"auto\">SERVICIO, EXPERIENCIA, CALIDAD Y CONFIANZA<\/div>\n<div dir=\"auto\">\u00abTodo lo que buscas en un solo lugar\u00bb<\/div>\n<\/div>\n<div dir=\"auto\"><\/div>\n<p><img decoding=\"async\" class=\"aligncenter\" src=\"https:\/\/images.ua.prom.st\/1494267654_1494267654.jpg?PImaGE_ID=1494267654\" \/><\/p>\n<p style=\"text-align: center;\">Realizar un pedido en la web o por \u00a0<a href=\"https:\/\/api.whatsapp.com\/send?phone=593958753126\" target=\"_blank\" rel=\"noopener\">WHATSAPP<\/a>.<\/p>\n<p><img decoding=\"async\" class=\"aligncenter\" src=\"https:\/\/images.ua.prom.st\/1494267867_1494267867.jpg?PImaGE_ID=1494267867\" \/><\/p>\n<p style=\"text-align: center;\">Consulta con un asesor\u00a0 todas tus inquietudes.<\/p>\n<p><img decoding=\"async\" class=\"aligncenter\" src=\"https:\/\/images.ua.prom.st\/1494266627_1494266627.jpg?PImaGE_ID=1494266627\" \/><\/p>\n<p style=\"text-align: center;\">Pregunta las formas de pago.<\/p>\n<p><img decoding=\"async\" class=\"aligncenter\" src=\"https:\/\/images.ua.prom.st\/1494267985_1494267985.jpg?PImaGE_ID=1494267985\" \/><\/p>\n<p style=\"text-align: center;\">Tu pedido llega a la puerta de tu casa.<\/p>\n<p>&nbsp;<\/p>\n<p><strong>\u00a1\u00a1 PREG\u00daNTANOS Sin compromiso !!!!<\/strong><\/p>\n<p>Puede retirar sus pedidos en nuestra\u00a0<a href=\"https:\/\/www.electronicajnc.com\/web\/contactos\" target=\"_blank\" rel=\"noopener\">TIENDA F\u00cdSICA<\/a>\u00a0o realizar sus pedidos\u00a0<a href=\"https:\/\/www.electronicajnc.com\/web\/mi-cuenta\" target=\"_blank\" rel=\"noopener\">ONLINE<\/a>\u00a0o por\u00a0<a href=\"https:\/\/api.whatsapp.com\/send?phone=593958753126\" target=\"_blank\" rel=\"noopener\">WHATSAPP<\/a>.<\/p>\n","protected":false},"excerpt":{"rendered":"<p>kit de sensores compatible con Arduino kit de sensores compatible con Arduino, el cual le permite introducirse en el mundo de Arduino, conociendo y aplicando tanto la codificaci\u00f3n (programaci\u00f3n) como la electr\u00f3nica (hardware) a trav\u00e9s de proyectos divertidos, atractivos y pr\u00e1cticos. Con estos Kits, podr\u00e1s aprender, conceptos b\u00e1sicos y profesionales en el electr\u00f3nica y programaci\u00f3n [&hellip;]<\/p>\n","protected":false},"featured_media":1434,"comment_status":"closed","ping_status":"closed","template":"","meta":{"saved_in_kubio":false,"_joinchat":[]},"product_brand":[],"product_cat":[52],"product_tag":[688,691,686,719,699,710,697,706,712,687,713,694,685,696,701,318,703,704,700,705,702,693,707,32,31,35,695],"class_list":{"0":"post-1433","1":"product","2":"type-product","3":"status-publish","4":"has-post-thumbnail","6":"product_cat-tarjetas-compatibles-con-arduino","7":"product_tag-aprender-iot","8":"product_tag-compra-online-kit-arduino","9":"product_tag-comunicacion-inalambrica","10":"product_tag-control-de-motores-control-de-motores","11":"product_tag-conversion-analogica-a-digital","12":"product_tag-diseno-de-circuitos","13":"product_tag-educacion-stem","14":"product_tag-esp01-8266","15":"product_tag-internet-de-las-cosas-iot","16":"product_tag-kit-de-electronica","17":"product_tag-kit-de-robotica","18":"product_tag-kit-diy","19":"product_tag-kit-internet-de-las-cosas","20":"product_tag-kit-iot","21":"product_tag-kit-steam","22":"product_tag-microcontrolador","23":"product_tag-modulo-bluetooth-hc05","24":"product_tag-modulo-sensor","25":"product_tag-nodemcu-esp8266","26":"product_tag-pantalla-i2c","27":"product_tag-pantalla-lcd","28":"product_tag-pantalla-led","29":"product_tag-placa-de-pruebas","30":"product_tag-programacion","31":"product_tag-robotica","32":"product_tag-sensor-de-temperatura","33":"product_tag-servomotor","35":"first","36":"instock","37":"taxable","38":"shipping-taxable","39":"purchasable","40":"product-type-simple"},"yoast_head":"<!-- This site is optimized with the Yoast SEO plugin v27.4 - https:\/\/yoast.com\/product\/yoast-seo-wordpress\/ -->\n<title>kit de sensores compatible con Arduino - Electronica JNC<\/title>\n<meta name=\"description\" content=\"kit de sensores compatible con Arduino es un conjunto de componentes y m\u00f3dulos que te permiten realizar diferentes experimentos y aplicaciones.\" \/>\n<meta name=\"robots\" content=\"index, follow, max-snippet:-1, max-image-preview:large, max-video-preview:-1\" \/>\n<link rel=\"canonical\" href=\"https:\/\/www.electronicajnc.com\/web\/producto\/kit-de-sensores-compatible-con-arduino\/\" \/>\n<meta property=\"og:locale\" content=\"es_ES\" \/>\n<meta property=\"og:type\" content=\"article\" \/>\n<meta property=\"og:title\" content=\"kit de sensores compatible con Arduino - Electronica JNC\" \/>\n<meta property=\"og:description\" content=\"kit de sensores compatible con Arduino es un conjunto de componentes y m\u00f3dulos que te permiten realizar diferentes experimentos y aplicaciones.\" \/>\n<meta property=\"og:url\" content=\"https:\/\/www.electronicajnc.com\/web\/producto\/kit-de-sensores-compatible-con-arduino\/\" \/>\n<meta property=\"og:site_name\" content=\"Electronica JNC\" \/>\n<meta property=\"article:modified_time\" content=\"2025-10-23T22:56:06+00:00\" \/>\n<meta property=\"og:image\" content=\"https:\/\/www.electronicajnc.com\/web\/wp-content\/uploads\/2024\/01\/kit-22.portada-jpg.jpg\" \/>\n\t<meta property=\"og:image:width\" content=\"1020\" \/>\n\t<meta property=\"og:image:height\" content=\"1106\" \/>\n\t<meta property=\"og:image:type\" content=\"image\/jpeg\" \/>\n<meta name=\"twitter:card\" content=\"summary_large_image\" \/>\n<meta name=\"twitter:label1\" content=\"Tiempo de lectura\" \/>\n\t<meta name=\"twitter:data1\" content=\"3 minutos\" \/>\n<script type=\"application\/ld+json\" class=\"yoast-schema-graph\">{\"@context\":\"https:\\\/\\\/schema.org\",\"@graph\":[{\"@type\":\"WebPage\",\"@id\":\"https:\\\/\\\/www.electronicajnc.com\\\/web\\\/producto\\\/kit-de-sensores-compatible-con-arduino\\\/\",\"url\":\"https:\\\/\\\/www.electronicajnc.com\\\/web\\\/producto\\\/kit-de-sensores-compatible-con-arduino\\\/\",\"name\":\"kit de sensores compatible con Arduino - Electronica JNC\",\"isPartOf\":{\"@id\":\"https:\\\/\\\/www.electronicajnc.com\\\/web\\\/#website\"},\"primaryImageOfPage\":{\"@id\":\"https:\\\/\\\/www.electronicajnc.com\\\/web\\\/producto\\\/kit-de-sensores-compatible-con-arduino\\\/#primaryimage\"},\"image\":{\"@id\":\"https:\\\/\\\/www.electronicajnc.com\\\/web\\\/producto\\\/kit-de-sensores-compatible-con-arduino\\\/#primaryimage\"},\"thumbnailUrl\":\"https:\\\/\\\/www.electronicajnc.com\\\/web\\\/wp-content\\\/uploads\\\/2024\\\/01\\\/kit-22.portada-jpg.jpg\",\"datePublished\":\"2024-01-26T17:18:41+00:00\",\"dateModified\":\"2025-10-23T22:56:06+00:00\",\"description\":\"kit de sensores compatible con Arduino es un conjunto de componentes y m\u00f3dulos que te permiten realizar diferentes experimentos y aplicaciones.\",\"breadcrumb\":{\"@id\":\"https:\\\/\\\/www.electronicajnc.com\\\/web\\\/producto\\\/kit-de-sensores-compatible-con-arduino\\\/#breadcrumb\"},\"inLanguage\":\"es\",\"potentialAction\":[{\"@type\":\"ReadAction\",\"target\":[\"https:\\\/\\\/www.electronicajnc.com\\\/web\\\/producto\\\/kit-de-sensores-compatible-con-arduino\\\/\"]}]},{\"@type\":\"ImageObject\",\"inLanguage\":\"es\",\"@id\":\"https:\\\/\\\/www.electronicajnc.com\\\/web\\\/producto\\\/kit-de-sensores-compatible-con-arduino\\\/#primaryimage\",\"url\":\"https:\\\/\\\/www.electronicajnc.com\\\/web\\\/wp-content\\\/uploads\\\/2024\\\/01\\\/kit-22.portada-jpg.jpg\",\"contentUrl\":\"https:\\\/\\\/www.electronicajnc.com\\\/web\\\/wp-content\\\/uploads\\\/2024\\\/01\\\/kit-22.portada-jpg.jpg\",\"width\":1020,\"height\":1106,\"caption\":\"Kit para Arduino\u00ae UNO\"},{\"@type\":\"BreadcrumbList\",\"@id\":\"https:\\\/\\\/www.electronicajnc.com\\\/web\\\/producto\\\/kit-de-sensores-compatible-con-arduino\\\/#breadcrumb\",\"itemListElement\":[{\"@type\":\"ListItem\",\"position\":1,\"name\":\"Portada\",\"item\":\"https:\\\/\\\/www.electronicajnc.com\\\/web\\\/\"},{\"@type\":\"ListItem\",\"position\":2,\"name\":\"TIENDA\",\"item\":\"https:\\\/\\\/www.electronicajnc.com\\\/web\\\/tienda\\\/\"},{\"@type\":\"ListItem\",\"position\":3,\"name\":\"kit de sensores compatible con Arduino\"}]},{\"@type\":\"WebSite\",\"@id\":\"https:\\\/\\\/www.electronicajnc.com\\\/web\\\/#website\",\"url\":\"https:\\\/\\\/www.electronicajnc.com\\\/web\\\/\",\"name\":\"Electronica JNC\",\"description\":\"Robotica Tecnologia Mecatronica en Ecuador\",\"publisher\":{\"@id\":\"https:\\\/\\\/www.electronicajnc.com\\\/web\\\/#organization\"},\"potentialAction\":[{\"@type\":\"SearchAction\",\"target\":{\"@type\":\"EntryPoint\",\"urlTemplate\":\"https:\\\/\\\/www.electronicajnc.com\\\/web\\\/?s={search_term_string}\"},\"query-input\":{\"@type\":\"PropertyValueSpecification\",\"valueRequired\":true,\"valueName\":\"search_term_string\"}}],\"inLanguage\":\"es\"},{\"@type\":\"Organization\",\"@id\":\"https:\\\/\\\/www.electronicajnc.com\\\/web\\\/#organization\",\"name\":\"Electronica JNC\",\"url\":\"https:\\\/\\\/www.electronicajnc.com\\\/web\\\/\",\"logo\":{\"@type\":\"ImageObject\",\"inLanguage\":\"es\",\"@id\":\"https:\\\/\\\/www.electronicajnc.com\\\/web\\\/#\\\/schema\\\/logo\\\/image\\\/\",\"url\":\"https:\\\/\\\/www.electronicajnc.com\\\/web\\\/wp-content\\\/uploads\\\/2023\\\/06\\\/nuevo-logo.jpg\",\"contentUrl\":\"https:\\\/\\\/www.electronicajnc.com\\\/web\\\/wp-content\\\/uploads\\\/2023\\\/06\\\/nuevo-logo.jpg\",\"width\":1256,\"height\":612,\"caption\":\"Electronica JNC\"},\"image\":{\"@id\":\"https:\\\/\\\/www.electronicajnc.com\\\/web\\\/#\\\/schema\\\/logo\\\/image\\\/\"}}]}<\/script>\n<!-- \/ Yoast SEO plugin. -->","yoast_head_json":{"title":"kit de sensores compatible con Arduino - Electronica JNC","description":"kit de sensores compatible con Arduino es un conjunto de componentes y m\u00f3dulos que te permiten realizar diferentes experimentos y aplicaciones.","robots":{"index":"index","follow":"follow","max-snippet":"max-snippet:-1","max-image-preview":"max-image-preview:large","max-video-preview":"max-video-preview:-1"},"canonical":"https:\/\/www.electronicajnc.com\/web\/producto\/kit-de-sensores-compatible-con-arduino\/","og_locale":"es_ES","og_type":"article","og_title":"kit de sensores compatible con Arduino - Electronica JNC","og_description":"kit de sensores compatible con Arduino es un conjunto de componentes y m\u00f3dulos que te permiten realizar diferentes experimentos y aplicaciones.","og_url":"https:\/\/www.electronicajnc.com\/web\/producto\/kit-de-sensores-compatible-con-arduino\/","og_site_name":"Electronica JNC","article_modified_time":"2025-10-23T22:56:06+00:00","og_image":[{"width":1020,"height":1106,"url":"https:\/\/www.electronicajnc.com\/web\/wp-content\/uploads\/2024\/01\/kit-22.portada-jpg.jpg","type":"image\/jpeg"}],"twitter_card":"summary_large_image","twitter_misc":{"Tiempo de lectura":"3 minutos"},"schema":{"@context":"https:\/\/schema.org","@graph":[{"@type":"WebPage","@id":"https:\/\/www.electronicajnc.com\/web\/producto\/kit-de-sensores-compatible-con-arduino\/","url":"https:\/\/www.electronicajnc.com\/web\/producto\/kit-de-sensores-compatible-con-arduino\/","name":"kit de sensores compatible con Arduino - Electronica JNC","isPartOf":{"@id":"https:\/\/www.electronicajnc.com\/web\/#website"},"primaryImageOfPage":{"@id":"https:\/\/www.electronicajnc.com\/web\/producto\/kit-de-sensores-compatible-con-arduino\/#primaryimage"},"image":{"@id":"https:\/\/www.electronicajnc.com\/web\/producto\/kit-de-sensores-compatible-con-arduino\/#primaryimage"},"thumbnailUrl":"https:\/\/www.electronicajnc.com\/web\/wp-content\/uploads\/2024\/01\/kit-22.portada-jpg.jpg","datePublished":"2024-01-26T17:18:41+00:00","dateModified":"2025-10-23T22:56:06+00:00","description":"kit de sensores compatible con Arduino es un conjunto de componentes y m\u00f3dulos que te permiten realizar diferentes experimentos y aplicaciones.","breadcrumb":{"@id":"https:\/\/www.electronicajnc.com\/web\/producto\/kit-de-sensores-compatible-con-arduino\/#breadcrumb"},"inLanguage":"es","potentialAction":[{"@type":"ReadAction","target":["https:\/\/www.electronicajnc.com\/web\/producto\/kit-de-sensores-compatible-con-arduino\/"]}]},{"@type":"ImageObject","inLanguage":"es","@id":"https:\/\/www.electronicajnc.com\/web\/producto\/kit-de-sensores-compatible-con-arduino\/#primaryimage","url":"https:\/\/www.electronicajnc.com\/web\/wp-content\/uploads\/2024\/01\/kit-22.portada-jpg.jpg","contentUrl":"https:\/\/www.electronicajnc.com\/web\/wp-content\/uploads\/2024\/01\/kit-22.portada-jpg.jpg","width":1020,"height":1106,"caption":"Kit para Arduino\u00ae UNO"},{"@type":"BreadcrumbList","@id":"https:\/\/www.electronicajnc.com\/web\/producto\/kit-de-sensores-compatible-con-arduino\/#breadcrumb","itemListElement":[{"@type":"ListItem","position":1,"name":"Portada","item":"https:\/\/www.electronicajnc.com\/web\/"},{"@type":"ListItem","position":2,"name":"TIENDA","item":"https:\/\/www.electronicajnc.com\/web\/tienda\/"},{"@type":"ListItem","position":3,"name":"kit de sensores compatible con Arduino"}]},{"@type":"WebSite","@id":"https:\/\/www.electronicajnc.com\/web\/#website","url":"https:\/\/www.electronicajnc.com\/web\/","name":"Electronica JNC","description":"Robotica Tecnologia Mecatronica en Ecuador","publisher":{"@id":"https:\/\/www.electronicajnc.com\/web\/#organization"},"potentialAction":[{"@type":"SearchAction","target":{"@type":"EntryPoint","urlTemplate":"https:\/\/www.electronicajnc.com\/web\/?s={search_term_string}"},"query-input":{"@type":"PropertyValueSpecification","valueRequired":true,"valueName":"search_term_string"}}],"inLanguage":"es"},{"@type":"Organization","@id":"https:\/\/www.electronicajnc.com\/web\/#organization","name":"Electronica JNC","url":"https:\/\/www.electronicajnc.com\/web\/","logo":{"@type":"ImageObject","inLanguage":"es","@id":"https:\/\/www.electronicajnc.com\/web\/#\/schema\/logo\/image\/","url":"https:\/\/www.electronicajnc.com\/web\/wp-content\/uploads\/2023\/06\/nuevo-logo.jpg","contentUrl":"https:\/\/www.electronicajnc.com\/web\/wp-content\/uploads\/2023\/06\/nuevo-logo.jpg","width":1256,"height":612,"caption":"Electronica JNC"},"image":{"@id":"https:\/\/www.electronicajnc.com\/web\/#\/schema\/logo\/image\/"}}]}},"_links":{"self":[{"href":"https:\/\/www.electronicajnc.com\/web\/wp-json\/wp\/v2\/product\/1433","targetHints":{"allow":["GET"]}}],"collection":[{"href":"https:\/\/www.electronicajnc.com\/web\/wp-json\/wp\/v2\/product"}],"about":[{"href":"https:\/\/www.electronicajnc.com\/web\/wp-json\/wp\/v2\/types\/product"}],"replies":[{"embeddable":true,"href":"https:\/\/www.electronicajnc.com\/web\/wp-json\/wp\/v2\/comments?post=1433"}],"wp:featuredmedia":[{"embeddable":true,"href":"https:\/\/www.electronicajnc.com\/web\/wp-json\/wp\/v2\/media\/1434"}],"wp:attachment":[{"href":"https:\/\/www.electronicajnc.com\/web\/wp-json\/wp\/v2\/media?parent=1433"}],"wp:term":[{"taxonomy":"product_brand","embeddable":true,"href":"https:\/\/www.electronicajnc.com\/web\/wp-json\/wp\/v2\/product_brand?post=1433"},{"taxonomy":"product_cat","embeddable":true,"href":"https:\/\/www.electronicajnc.com\/web\/wp-json\/wp\/v2\/product_cat?post=1433"},{"taxonomy":"product_tag","embeddable":true,"href":"https:\/\/www.electronicajnc.com\/web\/wp-json\/wp\/v2\/product_tag?post=1433"}],"curies":[{"name":"wp","href":"https:\/\/api.w.org\/{rel}","templated":true}]}}