{"id":1457,"date":"2024-03-07T00:14:22","date_gmt":"2024-03-07T00:14:22","guid":{"rendered":"https:\/\/www.electronicajnc.com\/web\/?post_type=product&#038;p=1457"},"modified":"2026-01-30T23:43:53","modified_gmt":"2026-01-30T23:43:53","slug":"kit-compatible-con-arduino-rfid-completo","status":"publish","type":"product","link":"https:\/\/www.electronicajnc.com\/web\/producto\/kit-compatible-con-arduino-rfid-completo\/","title":{"rendered":"Kit compatible con Arduino Rfid Completo 200 piezas"},"content":{"rendered":"<p class=\"GW0XC indIKd cS4Vcb-pGL6qe-fwJd0c\">Kit compatible con Arduino Rfid Completo 200 piezas<\/p>\n<div id=\"contenedor-documentacion-introduccion\">\n<p>Este kit de electr\u00f3nica ayuda a iniciarse en el mundo de la electr\u00f3nica, rob\u00f3tica y mec\u00e1tronica, contiene m\u00faltiples elementos para que cualquiera que tenga ansias de conocer y explorar esta rama pueda tener las herramientas necesarias para investigar, conocer y practicar los sistemas electr\u00f3nicos mas actuales.<\/p>\n<\/div>\n<div id=\"contenedor-documentacion-descripcion\">\n<p>Los fundamentos b\u00e1sicos en el campo de la electr\u00f3nica es conocer el comportamiento de la corriente y aprender a controlar ese comportamiento, para iniciarse en este campo se puede empezar con las tarjetas de desarrollo como lo es ARDUINO que les ayuda a conocer la base de la programaci\u00f3n y controlar las salidas y entradas tanto analogicas y digitales.<\/p>\n<p>Es una tarjeta de desarrollo muy b\u00e1sica pero tambi\u00e9n muy completa ya que cuenta con varias librerias que pueden utilizar para conocer el funcionamiento de los sensores mas comunes como lo es el LM35 y el DHT11. Ya que ambos son sensores de temperatura pero uno es analogico y el otro digital y lo que estos sensores detecten lo pueden visualizar en una patallar LCD de 16&#215;2.<\/p>\n<p>Estas practicas son cosas que uno puede aprender y mejorar con el paso del tiempo gracias a este kit.<\/p>\n<p>&nbsp;<\/p>\n<h1 class=\"GW0XC indIKd cS4Vcb-pGL6qe-fwJd0c\">Kit compatible con Arduino Rfid Completo 200 piezas<\/h1>\n<p>&nbsp;<\/p>\n<ul>\n<li>1 Tarjeta Arduino UNO rev.3.<\/li>\n<li>1 Cable USB<\/li>\n<li>1 Protoboard.<\/li>\n<li>Bases de madera de f\u00e1cil ensamblaje.<\/li>\n<li>Conector de bater\u00eda de 9V<\/li>\n<li>5 Diodos (1N4007).<\/li>\n<li>1 LED (RGB).<\/li>\n<li>1 Motor DC6\/9V.<\/li>\n<li>1 Servo motor.<\/li>\n<li>5 Diodos (1N4007).<\/li>\n<li>2 Transistores mosfet (IRF520).<\/li>\n<li>2 Optoacopladores (4N35).<\/li>\n<li>1 Driver motor puente H (L293D).<\/li>\n<li>5 Transistores (BC547).<\/li>\n<li>1 regleta de 40 Pin strip<\/li>\n<li>65 Resistencias.<\/li>\n<li>72 Jumper para protoboard.<\/li>\n<li>6 Foto resistores (VT90N2 LDR).<\/li>\n<li>3 Potenci\u00f3metros de 10Kohm<\/li>\n<li>10 Pulsadores.<\/li>\n<li>1 Sensor de temperatura (TMP36).<\/li>\n<li>1 Sensor Tilt.<\/li>\n<li>13 Condensadores.<\/li>\n<li>1 LCD 16X2.<\/li>\n<li>28 LEDs de colores.<\/li>\n<li>1 Sensor Piezoel\u00e9ctrico.<\/li>\n<\/ul>\n<ul>\n<li>Libro de proyectos con Arduino (170 paginas).<\/li>\n<\/ul>\n<p>** El detalle es referencial y podr\u00eda variar.<\/p>\n<ul>\n<li>\n<div>\n<h2><b>\u00bfD\u00f3nde<\/b><strong>\u00a0conseguir ?<\/strong><\/h2>\n<\/div>\n<p>Puedes conseguir este producto y mucho mas en nuestra tienda de electr\u00f3nica \u201cElectr\u00f3nica JNC\u201d a un excelente precio, de igual manera puedes preguntar por otros productos que tenemos para ti y as\u00ed adquirirlos seg\u00fan tu necesidad para\u00a0 tus proyectos.<\/p>\n<p>Adem\u00e1s de vender realizamos todo tipo de proyectos de Rob\u00f3tica Electr\u00f3nica y de Programaci\u00f3n en Arduino-Raspberry, brindamos asesoramiento en la elaboraci\u00f3n de proyectos y personalizamos sus clases cuando deseas armar un robot.<\/p>\n<p>Somos importadores Directos de todo en Electr\u00f3nica y Rob\u00f3tica directamente desde los fabricantes, a los mejores precios del mercado.<\/p>\n<div class=\"x11i5rnm xat24cr x1mh8g0r x1vvkbs xtlvy1s x126k92a\">\n<div dir=\"auto\">SERVICIO PERSONALIZADO, APOYO TEORICO Y VENTA DE MATERIAL<\/div>\n<\/div>\n<div class=\"x11i5rnm xat24cr x1mh8g0r x1vvkbs xtlvy1s x126k92a\">\n<div dir=\"auto\">COTIZA CON NOSOTROS<\/div>\n<div dir=\"auto\">SERVICIO, EXPERIENCIA, CALIDAD Y CONFIANZA<\/div>\n<div dir=\"auto\">\u00abTodo lo que buscas en un solo lugar\u00bb<\/div>\n<\/div>\n<div dir=\"auto\"><\/div>\n<p><img decoding=\"async\" class=\"aligncenter\" src=\"https:\/\/images.ua.prom.st\/1494267654_1494267654.jpg?PImaGE_ID=1494267654\" \/><\/p>\n<p style=\"text-align: center;\">Realizar un pedido en la web o por \u00a0<a href=\"https:\/\/api.whatsapp.com\/send?phone=593958753126\" target=\"_blank\" rel=\"noopener\">WHATSAPP<\/a>.<\/p>\n<p><img decoding=\"async\" class=\"aligncenter\" src=\"https:\/\/images.ua.prom.st\/1494267867_1494267867.jpg?PImaGE_ID=1494267867\" \/><\/p>\n<p style=\"text-align: center;\">Consulta con un asesor\u00a0 todas tus inquietudes.<\/p>\n<p><img decoding=\"async\" class=\"aligncenter\" src=\"https:\/\/images.ua.prom.st\/1494266627_1494266627.jpg?PImaGE_ID=1494266627\" \/><\/p>\n<p style=\"text-align: center;\">Pregunta las formas de pago.<\/p>\n<p><img decoding=\"async\" class=\"aligncenter\" src=\"https:\/\/images.ua.prom.st\/1494267985_1494267985.jpg?PImaGE_ID=1494267985\" \/><\/p>\n<p style=\"text-align: center;\">Tu pedido llega a la puerta de tu casa.<\/p>\n<p>&nbsp;<\/p>\n<p><strong>\u00a1\u00a1 PREG\u00daNTANOS Sin compromiso !!!!<\/strong><\/p>\n<p>Puede retirar sus pedidos en nuestra\u00a0<a href=\"https:\/\/www.electronicajnc.com\/web\/contactos\" target=\"_blank\" rel=\"noopener\">TIENDA F\u00cdSICA<\/a>\u00a0o realizar sus pedidos\u00a0<a href=\"https:\/\/www.electronicajnc.com\/web\/mi-cuenta\" target=\"_blank\" rel=\"noopener\">ONLINE<\/a>\u00a0o por\u00a0<a href=\"https:\/\/api.whatsapp.com\/send?phone=593958753126\" target=\"_blank\" rel=\"noopener\">WHATSAPP<\/a>.<\/li>\n<\/ul>\n<\/div>\n","protected":false},"excerpt":{"rendered":"<p>DESCUENTOS ESPECIALES A INSTITUCIONES<\/p>\n<p>Gracias a sus componentes con este kit podr\u00e1 realizar una variedad de aplicaciones y aprender todo lo relacionado a Arduino sin importar que se trate de una persona que se adentra en la electr\u00f3nica, un estudiante o un profesional.<\/p>\n","protected":false},"featured_media":1668,"comment_status":"closed","ping_status":"closed","template":"","meta":{"saved_in_kubio":false,"_joinchat":[]},"product_brand":[],"product_cat":[52],"product_tag":[688,686,719,699,710,697,706,712,687,713,694,685,696,701,717,715,318,703,704,700,705,702,693,698,707,32,31,35,695],"class_list":{"0":"post-1457","1":"product","2":"type-product","3":"status-publish","4":"has-post-thumbnail","6":"product_cat-tarjetas-compatibles-con-arduino","7":"product_tag-aprender-iot","8":"product_tag-comunicacion-inalambrica","9":"product_tag-control-de-motores-control-de-motores","10":"product_tag-conversion-analogica-a-digital","11":"product_tag-diseno-de-circuitos","12":"product_tag-educacion-stem","13":"product_tag-esp01-8266","14":"product_tag-internet-de-las-cosas-iot","15":"product_tag-kit-de-electronica","16":"product_tag-kit-de-robotica","17":"product_tag-kit-diy","18":"product_tag-kit-internet-de-las-cosas","19":"product_tag-kit-iot","20":"product_tag-kit-steam","21":"product_tag-kits-arduino","22":"product_tag-mejor-kit-arduino-ecuador","23":"product_tag-microcontrolador","24":"product_tag-modulo-bluetooth-hc05","25":"product_tag-modulo-sensor","26":"product_tag-nodemcu-esp8266","27":"product_tag-pantalla-i2c","28":"product_tag-pantalla-lcd","29":"product_tag-pantalla-led","30":"product_tag-placa-arduino","31":"product_tag-placa-de-pruebas","32":"product_tag-programacion","33":"product_tag-robotica","34":"product_tag-sensor-de-temperatura","35":"product_tag-servomotor","37":"first","38":"instock","39":"taxable","40":"shipping-taxable","41":"purchasable","42":"product-type-simple"},"yoast_head":"<!-- This site is optimized with the Yoast SEO plugin v27.5 - https:\/\/yoast.com\/product\/yoast-seo-wordpress\/ -->\n<title>Kit compatible con Arduino Rfid Completo 200 piezas - Electronica JNC<\/title>\n<meta name=\"description\" content=\"Kit compatible con Arduino Rfid Completo, necesario para iniciar en el mundo de la electr\u00f3nica y la programaci\u00f3n a trav\u00e9s de la popular tarjeta Arduino UNO.\" \/>\n<meta name=\"robots\" content=\"index, follow, max-snippet:-1, max-image-preview:large, max-video-preview:-1\" \/>\n<link rel=\"canonical\" href=\"https:\/\/www.electronicajnc.com\/web\/producto\/kit-compatible-con-arduino-rfid-completo\/\" \/>\n<meta property=\"og:locale\" content=\"es_ES\" \/>\n<meta property=\"og:type\" content=\"article\" \/>\n<meta property=\"og:title\" content=\"Kit compatible con Arduino Rfid Completo 200 piezas - Electronica JNC\" \/>\n<meta property=\"og:description\" content=\"Kit compatible con Arduino Rfid Completo, necesario para iniciar en el mundo de la electr\u00f3nica y la programaci\u00f3n a trav\u00e9s de la popular tarjeta Arduino UNO.\" \/>\n<meta property=\"og:url\" content=\"https:\/\/www.electronicajnc.com\/web\/producto\/kit-compatible-con-arduino-rfid-completo\/\" \/>\n<meta property=\"og:site_name\" content=\"Electronica JNC\" \/>\n<meta property=\"article:modified_time\" content=\"2026-01-30T23:43:53+00:00\" \/>\n<meta property=\"og:image\" content=\"https:\/\/www.electronicajnc.com\/web\/wp-content\/uploads\/2024\/03\/kit-caja-cambio.jpg\" \/>\n\t<meta property=\"og:image:width\" content=\"590\" \/>\n\t<meta property=\"og:image:height\" content=\"538\" \/>\n\t<meta property=\"og:image:type\" content=\"image\/jpeg\" \/>\n<meta name=\"twitter:card\" content=\"summary_large_image\" \/>\n<meta name=\"twitter:label1\" content=\"Tiempo de lectura\" \/>\n\t<meta name=\"twitter:data1\" content=\"4 minutos\" \/>\n<script type=\"application\/ld+json\" class=\"yoast-schema-graph\">{\"@context\":\"https:\\\/\\\/schema.org\",\"@graph\":[{\"@type\":\"WebPage\",\"@id\":\"https:\\\/\\\/www.electronicajnc.com\\\/web\\\/producto\\\/kit-compatible-con-arduino-rfid-completo\\\/\",\"url\":\"https:\\\/\\\/www.electronicajnc.com\\\/web\\\/producto\\\/kit-compatible-con-arduino-rfid-completo\\\/\",\"name\":\"Kit compatible con Arduino Rfid Completo 200 piezas - Electronica JNC\",\"isPartOf\":{\"@id\":\"https:\\\/\\\/www.electronicajnc.com\\\/web\\\/#website\"},\"primaryImageOfPage\":{\"@id\":\"https:\\\/\\\/www.electronicajnc.com\\\/web\\\/producto\\\/kit-compatible-con-arduino-rfid-completo\\\/#primaryimage\"},\"image\":{\"@id\":\"https:\\\/\\\/www.electronicajnc.com\\\/web\\\/producto\\\/kit-compatible-con-arduino-rfid-completo\\\/#primaryimage\"},\"thumbnailUrl\":\"https:\\\/\\\/www.electronicajnc.com\\\/web\\\/wp-content\\\/uploads\\\/2024\\\/03\\\/kit-caja-cambio.jpg\",\"datePublished\":\"2024-03-07T00:14:22+00:00\",\"dateModified\":\"2026-01-30T23:43:53+00:00\",\"description\":\"Kit compatible con Arduino Rfid Completo, necesario para iniciar en el mundo de la electr\u00f3nica y la programaci\u00f3n a trav\u00e9s de la popular tarjeta Arduino UNO.\",\"breadcrumb\":{\"@id\":\"https:\\\/\\\/www.electronicajnc.com\\\/web\\\/producto\\\/kit-compatible-con-arduino-rfid-completo\\\/#breadcrumb\"},\"inLanguage\":\"es\",\"potentialAction\":[{\"@type\":\"ReadAction\",\"target\":[\"https:\\\/\\\/www.electronicajnc.com\\\/web\\\/producto\\\/kit-compatible-con-arduino-rfid-completo\\\/\"]}]},{\"@type\":\"ImageObject\",\"inLanguage\":\"es\",\"@id\":\"https:\\\/\\\/www.electronicajnc.com\\\/web\\\/producto\\\/kit-compatible-con-arduino-rfid-completo\\\/#primaryimage\",\"url\":\"https:\\\/\\\/www.electronicajnc.com\\\/web\\\/wp-content\\\/uploads\\\/2024\\\/03\\\/kit-caja-cambio.jpg\",\"contentUrl\":\"https:\\\/\\\/www.electronicajnc.com\\\/web\\\/wp-content\\\/uploads\\\/2024\\\/03\\\/kit-caja-cambio.jpg\",\"width\":590,\"height\":538,\"caption\":\"kit para Arduino\"},{\"@type\":\"BreadcrumbList\",\"@id\":\"https:\\\/\\\/www.electronicajnc.com\\\/web\\\/producto\\\/kit-compatible-con-arduino-rfid-completo\\\/#breadcrumb\",\"itemListElement\":[{\"@type\":\"ListItem\",\"position\":1,\"name\":\"Portada\",\"item\":\"https:\\\/\\\/www.electronicajnc.com\\\/web\\\/\"},{\"@type\":\"ListItem\",\"position\":2,\"name\":\"TIENDA\",\"item\":\"https:\\\/\\\/www.electronicajnc.com\\\/web\\\/tienda\\\/\"},{\"@type\":\"ListItem\",\"position\":3,\"name\":\"Kit compatible con Arduino Rfid Completo 200 piezas\"}]},{\"@type\":\"WebSite\",\"@id\":\"https:\\\/\\\/www.electronicajnc.com\\\/web\\\/#website\",\"url\":\"https:\\\/\\\/www.electronicajnc.com\\\/web\\\/\",\"name\":\"Electronica JNC\",\"description\":\"Robotica Tecnologia Mecatronica en Ecuador\",\"publisher\":{\"@id\":\"https:\\\/\\\/www.electronicajnc.com\\\/web\\\/#organization\"},\"potentialAction\":[{\"@type\":\"SearchAction\",\"target\":{\"@type\":\"EntryPoint\",\"urlTemplate\":\"https:\\\/\\\/www.electronicajnc.com\\\/web\\\/?s={search_term_string}\"},\"query-input\":{\"@type\":\"PropertyValueSpecification\",\"valueRequired\":true,\"valueName\":\"search_term_string\"}}],\"inLanguage\":\"es\"},{\"@type\":\"Organization\",\"@id\":\"https:\\\/\\\/www.electronicajnc.com\\\/web\\\/#organization\",\"name\":\"Electronica JNC\",\"url\":\"https:\\\/\\\/www.electronicajnc.com\\\/web\\\/\",\"logo\":{\"@type\":\"ImageObject\",\"inLanguage\":\"es\",\"@id\":\"https:\\\/\\\/www.electronicajnc.com\\\/web\\\/#\\\/schema\\\/logo\\\/image\\\/\",\"url\":\"https:\\\/\\\/www.electronicajnc.com\\\/web\\\/wp-content\\\/uploads\\\/2023\\\/06\\\/nuevo-logo.jpg\",\"contentUrl\":\"https:\\\/\\\/www.electronicajnc.com\\\/web\\\/wp-content\\\/uploads\\\/2023\\\/06\\\/nuevo-logo.jpg\",\"width\":1256,\"height\":612,\"caption\":\"Electronica JNC\"},\"image\":{\"@id\":\"https:\\\/\\\/www.electronicajnc.com\\\/web\\\/#\\\/schema\\\/logo\\\/image\\\/\"}}]}<\/script>\n<!-- \/ Yoast SEO plugin. -->","yoast_head_json":{"title":"Kit compatible con Arduino Rfid Completo 200 piezas - Electronica JNC","description":"Kit compatible con Arduino Rfid Completo, necesario para iniciar en el mundo de la electr\u00f3nica y la programaci\u00f3n a trav\u00e9s de la popular tarjeta Arduino UNO.","robots":{"index":"index","follow":"follow","max-snippet":"max-snippet:-1","max-image-preview":"max-image-preview:large","max-video-preview":"max-video-preview:-1"},"canonical":"https:\/\/www.electronicajnc.com\/web\/producto\/kit-compatible-con-arduino-rfid-completo\/","og_locale":"es_ES","og_type":"article","og_title":"Kit compatible con Arduino Rfid Completo 200 piezas - Electronica JNC","og_description":"Kit compatible con Arduino Rfid Completo, necesario para iniciar en el mundo de la electr\u00f3nica y la programaci\u00f3n a trav\u00e9s de la popular tarjeta Arduino UNO.","og_url":"https:\/\/www.electronicajnc.com\/web\/producto\/kit-compatible-con-arduino-rfid-completo\/","og_site_name":"Electronica JNC","article_modified_time":"2026-01-30T23:43:53+00:00","og_image":[{"width":590,"height":538,"url":"https:\/\/www.electronicajnc.com\/web\/wp-content\/uploads\/2024\/03\/kit-caja-cambio.jpg","type":"image\/jpeg"}],"twitter_card":"summary_large_image","twitter_misc":{"Tiempo de lectura":"4 minutos"},"schema":{"@context":"https:\/\/schema.org","@graph":[{"@type":"WebPage","@id":"https:\/\/www.electronicajnc.com\/web\/producto\/kit-compatible-con-arduino-rfid-completo\/","url":"https:\/\/www.electronicajnc.com\/web\/producto\/kit-compatible-con-arduino-rfid-completo\/","name":"Kit compatible con Arduino Rfid Completo 200 piezas - Electronica JNC","isPartOf":{"@id":"https:\/\/www.electronicajnc.com\/web\/#website"},"primaryImageOfPage":{"@id":"https:\/\/www.electronicajnc.com\/web\/producto\/kit-compatible-con-arduino-rfid-completo\/#primaryimage"},"image":{"@id":"https:\/\/www.electronicajnc.com\/web\/producto\/kit-compatible-con-arduino-rfid-completo\/#primaryimage"},"thumbnailUrl":"https:\/\/www.electronicajnc.com\/web\/wp-content\/uploads\/2024\/03\/kit-caja-cambio.jpg","datePublished":"2024-03-07T00:14:22+00:00","dateModified":"2026-01-30T23:43:53+00:00","description":"Kit compatible con Arduino Rfid Completo, necesario para iniciar en el mundo de la electr\u00f3nica y la programaci\u00f3n a trav\u00e9s de la popular tarjeta Arduino UNO.","breadcrumb":{"@id":"https:\/\/www.electronicajnc.com\/web\/producto\/kit-compatible-con-arduino-rfid-completo\/#breadcrumb"},"inLanguage":"es","potentialAction":[{"@type":"ReadAction","target":["https:\/\/www.electronicajnc.com\/web\/producto\/kit-compatible-con-arduino-rfid-completo\/"]}]},{"@type":"ImageObject","inLanguage":"es","@id":"https:\/\/www.electronicajnc.com\/web\/producto\/kit-compatible-con-arduino-rfid-completo\/#primaryimage","url":"https:\/\/www.electronicajnc.com\/web\/wp-content\/uploads\/2024\/03\/kit-caja-cambio.jpg","contentUrl":"https:\/\/www.electronicajnc.com\/web\/wp-content\/uploads\/2024\/03\/kit-caja-cambio.jpg","width":590,"height":538,"caption":"kit para Arduino"},{"@type":"BreadcrumbList","@id":"https:\/\/www.electronicajnc.com\/web\/producto\/kit-compatible-con-arduino-rfid-completo\/#breadcrumb","itemListElement":[{"@type":"ListItem","position":1,"name":"Portada","item":"https:\/\/www.electronicajnc.com\/web\/"},{"@type":"ListItem","position":2,"name":"TIENDA","item":"https:\/\/www.electronicajnc.com\/web\/tienda\/"},{"@type":"ListItem","position":3,"name":"Kit compatible con Arduino Rfid Completo 200 piezas"}]},{"@type":"WebSite","@id":"https:\/\/www.electronicajnc.com\/web\/#website","url":"https:\/\/www.electronicajnc.com\/web\/","name":"Electronica JNC","description":"Robotica Tecnologia Mecatronica en Ecuador","publisher":{"@id":"https:\/\/www.electronicajnc.com\/web\/#organization"},"potentialAction":[{"@type":"SearchAction","target":{"@type":"EntryPoint","urlTemplate":"https:\/\/www.electronicajnc.com\/web\/?s={search_term_string}"},"query-input":{"@type":"PropertyValueSpecification","valueRequired":true,"valueName":"search_term_string"}}],"inLanguage":"es"},{"@type":"Organization","@id":"https:\/\/www.electronicajnc.com\/web\/#organization","name":"Electronica JNC","url":"https:\/\/www.electronicajnc.com\/web\/","logo":{"@type":"ImageObject","inLanguage":"es","@id":"https:\/\/www.electronicajnc.com\/web\/#\/schema\/logo\/image\/","url":"https:\/\/www.electronicajnc.com\/web\/wp-content\/uploads\/2023\/06\/nuevo-logo.jpg","contentUrl":"https:\/\/www.electronicajnc.com\/web\/wp-content\/uploads\/2023\/06\/nuevo-logo.jpg","width":1256,"height":612,"caption":"Electronica JNC"},"image":{"@id":"https:\/\/www.electronicajnc.com\/web\/#\/schema\/logo\/image\/"}}]}},"_links":{"self":[{"href":"https:\/\/www.electronicajnc.com\/web\/wp-json\/wp\/v2\/product\/1457","targetHints":{"allow":["GET"]}}],"collection":[{"href":"https:\/\/www.electronicajnc.com\/web\/wp-json\/wp\/v2\/product"}],"about":[{"href":"https:\/\/www.electronicajnc.com\/web\/wp-json\/wp\/v2\/types\/product"}],"replies":[{"embeddable":true,"href":"https:\/\/www.electronicajnc.com\/web\/wp-json\/wp\/v2\/comments?post=1457"}],"wp:featuredmedia":[{"embeddable":true,"href":"https:\/\/www.electronicajnc.com\/web\/wp-json\/wp\/v2\/media\/1668"}],"wp:attachment":[{"href":"https:\/\/www.electronicajnc.com\/web\/wp-json\/wp\/v2\/media?parent=1457"}],"wp:term":[{"taxonomy":"product_brand","embeddable":true,"href":"https:\/\/www.electronicajnc.com\/web\/wp-json\/wp\/v2\/product_brand?post=1457"},{"taxonomy":"product_cat","embeddable":true,"href":"https:\/\/www.electronicajnc.com\/web\/wp-json\/wp\/v2\/product_cat?post=1457"},{"taxonomy":"product_tag","embeddable":true,"href":"https:\/\/www.electronicajnc.com\/web\/wp-json\/wp\/v2\/product_tag?post=1457"}],"curies":[{"name":"wp","href":"https:\/\/api.w.org\/{rel}","templated":true}]}}