{"id":1460,"date":"2024-03-07T19:47:05","date_gmt":"2024-03-07T19:47:05","guid":{"rendered":"https:\/\/www.electronicajnc.com\/web\/?post_type=product&#038;p=1460"},"modified":"2024-03-07T19:47:06","modified_gmt":"2024-03-07T19:47:06","slug":"mini-modulo-sim800l-gprs-gsm","status":"publish","type":"product","link":"https:\/\/www.electronicajnc.com\/web\/producto\/mini-modulo-sim800l-gprs-gsm\/","title":{"rendered":"Mini M\u00f3dulo SIM800L GPRS GSM"},"content":{"rendered":"<p class=\"product_title entry-title\">Mini M\u00f3dulo SIM800L GPRS GSM<\/p>\n<p>SIM800L es un m\u00f3dulo celular en miniatura que permite la transmisi\u00f3n GPRS, enviar y recibir SMS, hacer y recibir llamadas de voz. El bajo costo y la peque\u00f1a huella y el soporte de frecuencia de banda cu\u00e1druple hacen de este m\u00f3dulo la soluci\u00f3n perfecta para cualquier proyecto que requiera conectividad de largo alcance. Despu\u00e9s de conectar el m\u00f3dulo de energ\u00eda, busque la red celular e inicie sesi\u00f3n autom\u00e1ticamente.<\/p>\n<p><strong>Importante<\/strong>:<\/p>\n<ul>\n<li>Esta versi\u00f3n soporta un voltaje de trabajo entre<strong>\u00a03.7 \u2013 4.8 Voltios<\/strong>.<\/li>\n<li>Maneja un consumo de corriente pico de 2A.<\/li>\n<li>El voltaje m\u00e1ximo en UART en este m\u00f3dulo es 2.8V. Un voltaje m\u00e1s alto destruir\u00e1 el m\u00f3dulo.<\/li>\n<\/ul>\n<h1 class=\"product_title entry-title\">Mini M\u00f3dulo SIM800L GPRS GSM<\/h1>\n<p><strong>Caracter\u00edsticas<\/strong>:<\/p>\n<ul>\n<li>Fuente de voltaje: 3.7V \u2013 4.2V.<\/li>\n<li>Voltaje recomendado: 4V.<\/li>\n<li>Consumo de corriente:\n<ul>\n<li>sleep mode &lt; 2.0mA.<\/li>\n<li>idle mode &lt; 7.0mA.<\/li>\n<li>GSM transmission (avg): 350 mA.<\/li>\n<li>GSM transmission (peek): 2000mA.<\/li>\n<\/ul>\n<\/li>\n<li>Tama\u00f1o: 25 x 23 mm.<\/li>\n<li>Interfaz: UART (max. 2.8V) and AT commands.<\/li>\n<li>SIM card socket: microSIM (bottom side).<\/li>\n<li>Frecuencias : Quad Band (850\/950\/1800\/1900 MHz).<\/li>\n<li>Conector de antena IPX.<\/li>\n<li>Temperatura de trabajo: -40\u00a0 + 85 \u00b0 C.<\/li>\n<\/ul>\n<div>\n<h2><b>\u00bfD\u00f3nde<\/b><strong>\u00a0conseguir ?<\/strong><\/h2>\n<\/div>\n<p>Puedes conseguir este producto y mucho mas en nuestra tienda de electr\u00f3nica \u201cElectr\u00f3nica JNC\u201d a un excelente precio, de igual manera puedes preguntar por otros productos que tenemos para ti y as\u00ed adquirirlos seg\u00fan tu necesidad para\u00a0 tus proyectos.<\/p>\n<p>Adem\u00e1s de vender realizamos todo tipo de proyectos de Rob\u00f3tica Electr\u00f3nica y de Programaci\u00f3n en Arduino-Raspberry, brindamos asesoramiento en la elaboraci\u00f3n de proyectos y personalizamos sus clases cuando deseas armar un robot.<\/p>\n<p>Somos importadores Directos de todo en Electr\u00f3nica y Rob\u00f3tica directamente desde los fabricantes, a los mejores precios del mercado.<\/p>\n<div class=\"x11i5rnm xat24cr x1mh8g0r x1vvkbs xtlvy1s x126k92a\">\n<div dir=\"auto\">SERVICIO PERSONALIZADO, APOYO TEORICO Y VENTA DE MATERIAL<\/div>\n<\/div>\n<div class=\"x11i5rnm xat24cr x1mh8g0r x1vvkbs xtlvy1s x126k92a\">\n<div dir=\"auto\">COTIZA CON NOSOTROS<\/div>\n<div dir=\"auto\">SERVICIO, EXPERIENCIA, CALIDAD Y CONFIANZA<\/div>\n<div dir=\"auto\">\u00abTodo lo que buscas en un solo lugar\u00bb<\/div>\n<\/div>\n<div dir=\"auto\"><\/div>\n<p><img decoding=\"async\" class=\"aligncenter\" src=\"https:\/\/images.ua.prom.st\/1494267654_1494267654.jpg?PImaGE_ID=1494267654\" \/><\/p>\n<p style=\"text-align: center;\">Realizar un pedido en la web o por \u00a0<a href=\"https:\/\/api.whatsapp.com\/send?phone=593958753126\" target=\"_blank\" rel=\"noopener\">WHATSAPP<\/a>.<\/p>\n<p><img decoding=\"async\" class=\"aligncenter\" src=\"https:\/\/images.ua.prom.st\/1494267867_1494267867.jpg?PImaGE_ID=1494267867\" \/><\/p>\n<p style=\"text-align: center;\">Consulta con un asesor\u00a0 todas tus inquietudes.<\/p>\n<p><img decoding=\"async\" class=\"aligncenter\" src=\"https:\/\/images.ua.prom.st\/1494266627_1494266627.jpg?PImaGE_ID=1494266627\" \/><\/p>\n<p style=\"text-align: center;\">Pregunta las formas de pago.<\/p>\n<p><img decoding=\"async\" class=\"aligncenter\" src=\"https:\/\/images.ua.prom.st\/1494267985_1494267985.jpg?PImaGE_ID=1494267985\" \/><\/p>\n<p style=\"text-align: center;\">Tu pedido llega a la puerta de tu casa.<\/p>\n<p>&nbsp;<\/p>\n<p><strong>\u00a1\u00a1 PREG\u00daNTANOS Sin compromiso !!!!<\/strong><\/p>\n<p>Puede retirar sus pedidos en nuestra\u00a0<a href=\"https:\/\/www.electronicajnc.com\/web\/contactos\" target=\"_blank\" rel=\"noopener\">TIENDA F\u00cdSICA<\/a>\u00a0o realizar sus pedidos\u00a0<a href=\"https:\/\/www.electronicajnc.com\/web\/mi-cuenta\" target=\"_blank\" rel=\"noopener\">ONLINE<\/a>\u00a0o por\u00a0<a href=\"https:\/\/api.whatsapp.com\/send?phone=593958753126\" target=\"_blank\" rel=\"noopener\">WHATSAPP<\/a>.<\/p>\n","protected":false},"excerpt":{"rendered":"<p>Por s\u00ed solo, este m\u00f3dulo no puede hacer nada. Se requiere un microcontrolador para controlarlo! Sugerimos y usamos un Arduino pero cualquier microcontrolador 3-5V con una UART puede enviar y recibir comandos a trav\u00e9s de los pines RX\/TX. Tambi\u00e9n necesitar\u00e1s algunos accesorios adicionales. Estos no est\u00e1n incluidos! Principalmente un chip SIM 2G.<\/p>\n","protected":false},"featured_media":1461,"comment_status":"closed","ping_status":"closed","template":"","meta":{"saved_in_kubio":false,"_joinchat":[]},"product_brand":[],"product_cat":[21],"product_tag":[688,691,686,719,699,710,697,706,712,692,714,711,687,708,709,713],"class_list":{"0":"post-1460","1":"product","2":"type-product","3":"status-publish","4":"has-post-thumbnail","6":"product_cat-modulos_sensores","7":"product_tag-aprender-iot","8":"product_tag-compra-online-kit-arduino","9":"product_tag-comunicacion-inalambrica","10":"product_tag-control-de-motores-control-de-motores","11":"product_tag-conversion-analogica-a-digital","12":"product_tag-diseno-de-circuitos","13":"product_tag-educacion-stem","14":"product_tag-esp01-8266","15":"product_tag-internet-de-las-cosas-iot","16":"product_tag-kit-arduino","17":"product_tag-kit-arduino-ecuador","18":"product_tag-kit-arduino-mas-vendido","19":"product_tag-kit-de-electronica","20":"product_tag-kit-de-inicio-arduino","21":"product_tag-kit-de-proyecto-arduino","22":"product_tag-kit-de-robotica","24":"first","25":"instock","26":"taxable","27":"shipping-taxable","28":"purchasable","29":"product-type-simple"},"yoast_head":"<!-- This site is optimized with the Yoast SEO plugin v27.4 - https:\/\/yoast.com\/product\/yoast-seo-wordpress\/ -->\n<title>Mini M\u00f3dulo SIM800L GPRS GSM - Electronica JNC<\/title>\n<meta name=\"description\" content=\"Mini M\u00f3dulo SIM800L GPRS GSM, es un dispositivo quad-band GSM\/GPRS, trabaja en las frecuencias GSM850MHz, EGSM900MHz, DCS1800MHz y PCS1900MHz\" \/>\n<meta name=\"robots\" content=\"index, follow, max-snippet:-1, max-image-preview:large, max-video-preview:-1\" \/>\n<link rel=\"canonical\" href=\"https:\/\/www.electronicajnc.com\/web\/producto\/mini-modulo-sim800l-gprs-gsm\/\" \/>\n<meta property=\"og:locale\" content=\"es_ES\" \/>\n<meta property=\"og:type\" content=\"article\" \/>\n<meta property=\"og:title\" content=\"Mini M\u00f3dulo SIM800L GPRS GSM - Electronica JNC\" \/>\n<meta property=\"og:description\" content=\"Mini M\u00f3dulo SIM800L GPRS GSM, es un dispositivo quad-band GSM\/GPRS, trabaja en las frecuencias GSM850MHz, EGSM900MHz, DCS1800MHz y PCS1900MHz\" \/>\n<meta property=\"og:url\" content=\"https:\/\/www.electronicajnc.com\/web\/producto\/mini-modulo-sim800l-gprs-gsm\/\" \/>\n<meta property=\"og:site_name\" content=\"Electronica JNC\" \/>\n<meta property=\"article:modified_time\" content=\"2024-03-07T19:47:06+00:00\" \/>\n<meta property=\"og:image\" content=\"https:\/\/www.electronicajnc.com\/web\/wp-content\/uploads\/2024\/03\/sim800l.jpg\" \/>\n\t<meta property=\"og:image:width\" content=\"1028\" \/>\n\t<meta property=\"og:image:height\" content=\"1115\" \/>\n\t<meta property=\"og:image:type\" content=\"image\/jpeg\" \/>\n<meta name=\"twitter:card\" content=\"summary_large_image\" \/>\n<meta name=\"twitter:label1\" content=\"Tiempo de lectura\" \/>\n\t<meta name=\"twitter:data1\" content=\"3 minutos\" \/>\n<script type=\"application\/ld+json\" class=\"yoast-schema-graph\">{\"@context\":\"https:\\\/\\\/schema.org\",\"@graph\":[{\"@type\":\"WebPage\",\"@id\":\"https:\\\/\\\/www.electronicajnc.com\\\/web\\\/producto\\\/mini-modulo-sim800l-gprs-gsm\\\/\",\"url\":\"https:\\\/\\\/www.electronicajnc.com\\\/web\\\/producto\\\/mini-modulo-sim800l-gprs-gsm\\\/\",\"name\":\"Mini M\u00f3dulo SIM800L GPRS GSM - Electronica JNC\",\"isPartOf\":{\"@id\":\"https:\\\/\\\/www.electronicajnc.com\\\/web\\\/#website\"},\"primaryImageOfPage\":{\"@id\":\"https:\\\/\\\/www.electronicajnc.com\\\/web\\\/producto\\\/mini-modulo-sim800l-gprs-gsm\\\/#primaryimage\"},\"image\":{\"@id\":\"https:\\\/\\\/www.electronicajnc.com\\\/web\\\/producto\\\/mini-modulo-sim800l-gprs-gsm\\\/#primaryimage\"},\"thumbnailUrl\":\"https:\\\/\\\/www.electronicajnc.com\\\/web\\\/wp-content\\\/uploads\\\/2024\\\/03\\\/sim800l.jpg\",\"datePublished\":\"2024-03-07T19:47:05+00:00\",\"dateModified\":\"2024-03-07T19:47:06+00:00\",\"description\":\"Mini M\u00f3dulo SIM800L GPRS GSM, es un dispositivo quad-band GSM\\\/GPRS, trabaja en las frecuencias GSM850MHz, EGSM900MHz, DCS1800MHz y PCS1900MHz\",\"breadcrumb\":{\"@id\":\"https:\\\/\\\/www.electronicajnc.com\\\/web\\\/producto\\\/mini-modulo-sim800l-gprs-gsm\\\/#breadcrumb\"},\"inLanguage\":\"es\",\"potentialAction\":[{\"@type\":\"ReadAction\",\"target\":[\"https:\\\/\\\/www.electronicajnc.com\\\/web\\\/producto\\\/mini-modulo-sim800l-gprs-gsm\\\/\"]}]},{\"@type\":\"ImageObject\",\"inLanguage\":\"es\",\"@id\":\"https:\\\/\\\/www.electronicajnc.com\\\/web\\\/producto\\\/mini-modulo-sim800l-gprs-gsm\\\/#primaryimage\",\"url\":\"https:\\\/\\\/www.electronicajnc.com\\\/web\\\/wp-content\\\/uploads\\\/2024\\\/03\\\/sim800l.jpg\",\"contentUrl\":\"https:\\\/\\\/www.electronicajnc.com\\\/web\\\/wp-content\\\/uploads\\\/2024\\\/03\\\/sim800l.jpg\",\"width\":1028,\"height\":1115,\"caption\":\"Mini M\u00f3dulo SIM800L GPRS GSM\"},{\"@type\":\"BreadcrumbList\",\"@id\":\"https:\\\/\\\/www.electronicajnc.com\\\/web\\\/producto\\\/mini-modulo-sim800l-gprs-gsm\\\/#breadcrumb\",\"itemListElement\":[{\"@type\":\"ListItem\",\"position\":1,\"name\":\"Portada\",\"item\":\"https:\\\/\\\/www.electronicajnc.com\\\/web\\\/\"},{\"@type\":\"ListItem\",\"position\":2,\"name\":\"TIENDA\",\"item\":\"https:\\\/\\\/www.electronicajnc.com\\\/web\\\/tienda\\\/\"},{\"@type\":\"ListItem\",\"position\":3,\"name\":\"Mini M\u00f3dulo SIM800L GPRS GSM\"}]},{\"@type\":\"WebSite\",\"@id\":\"https:\\\/\\\/www.electronicajnc.com\\\/web\\\/#website\",\"url\":\"https:\\\/\\\/www.electronicajnc.com\\\/web\\\/\",\"name\":\"Electronica JNC\",\"description\":\"Robotica Tecnologia Mecatronica en Ecuador\",\"publisher\":{\"@id\":\"https:\\\/\\\/www.electronicajnc.com\\\/web\\\/#organization\"},\"potentialAction\":[{\"@type\":\"SearchAction\",\"target\":{\"@type\":\"EntryPoint\",\"urlTemplate\":\"https:\\\/\\\/www.electronicajnc.com\\\/web\\\/?s={search_term_string}\"},\"query-input\":{\"@type\":\"PropertyValueSpecification\",\"valueRequired\":true,\"valueName\":\"search_term_string\"}}],\"inLanguage\":\"es\"},{\"@type\":\"Organization\",\"@id\":\"https:\\\/\\\/www.electronicajnc.com\\\/web\\\/#organization\",\"name\":\"Electronica JNC\",\"url\":\"https:\\\/\\\/www.electronicajnc.com\\\/web\\\/\",\"logo\":{\"@type\":\"ImageObject\",\"inLanguage\":\"es\",\"@id\":\"https:\\\/\\\/www.electronicajnc.com\\\/web\\\/#\\\/schema\\\/logo\\\/image\\\/\",\"url\":\"https:\\\/\\\/www.electronicajnc.com\\\/web\\\/wp-content\\\/uploads\\\/2023\\\/06\\\/nuevo-logo.jpg\",\"contentUrl\":\"https:\\\/\\\/www.electronicajnc.com\\\/web\\\/wp-content\\\/uploads\\\/2023\\\/06\\\/nuevo-logo.jpg\",\"width\":1256,\"height\":612,\"caption\":\"Electronica JNC\"},\"image\":{\"@id\":\"https:\\\/\\\/www.electronicajnc.com\\\/web\\\/#\\\/schema\\\/logo\\\/image\\\/\"}}]}<\/script>\n<!-- \/ Yoast SEO plugin. -->","yoast_head_json":{"title":"Mini M\u00f3dulo SIM800L GPRS GSM - Electronica JNC","description":"Mini M\u00f3dulo SIM800L GPRS GSM, es un dispositivo quad-band GSM\/GPRS, trabaja en las frecuencias GSM850MHz, EGSM900MHz, DCS1800MHz y PCS1900MHz","robots":{"index":"index","follow":"follow","max-snippet":"max-snippet:-1","max-image-preview":"max-image-preview:large","max-video-preview":"max-video-preview:-1"},"canonical":"https:\/\/www.electronicajnc.com\/web\/producto\/mini-modulo-sim800l-gprs-gsm\/","og_locale":"es_ES","og_type":"article","og_title":"Mini M\u00f3dulo SIM800L GPRS GSM - Electronica JNC","og_description":"Mini M\u00f3dulo SIM800L GPRS GSM, es un dispositivo quad-band GSM\/GPRS, trabaja en las frecuencias GSM850MHz, EGSM900MHz, DCS1800MHz y PCS1900MHz","og_url":"https:\/\/www.electronicajnc.com\/web\/producto\/mini-modulo-sim800l-gprs-gsm\/","og_site_name":"Electronica JNC","article_modified_time":"2024-03-07T19:47:06+00:00","og_image":[{"width":1028,"height":1115,"url":"https:\/\/www.electronicajnc.com\/web\/wp-content\/uploads\/2024\/03\/sim800l.jpg","type":"image\/jpeg"}],"twitter_card":"summary_large_image","twitter_misc":{"Tiempo de lectura":"3 minutos"},"schema":{"@context":"https:\/\/schema.org","@graph":[{"@type":"WebPage","@id":"https:\/\/www.electronicajnc.com\/web\/producto\/mini-modulo-sim800l-gprs-gsm\/","url":"https:\/\/www.electronicajnc.com\/web\/producto\/mini-modulo-sim800l-gprs-gsm\/","name":"Mini M\u00f3dulo SIM800L GPRS GSM - Electronica JNC","isPartOf":{"@id":"https:\/\/www.electronicajnc.com\/web\/#website"},"primaryImageOfPage":{"@id":"https:\/\/www.electronicajnc.com\/web\/producto\/mini-modulo-sim800l-gprs-gsm\/#primaryimage"},"image":{"@id":"https:\/\/www.electronicajnc.com\/web\/producto\/mini-modulo-sim800l-gprs-gsm\/#primaryimage"},"thumbnailUrl":"https:\/\/www.electronicajnc.com\/web\/wp-content\/uploads\/2024\/03\/sim800l.jpg","datePublished":"2024-03-07T19:47:05+00:00","dateModified":"2024-03-07T19:47:06+00:00","description":"Mini M\u00f3dulo SIM800L GPRS GSM, es un dispositivo quad-band GSM\/GPRS, trabaja en las frecuencias GSM850MHz, EGSM900MHz, DCS1800MHz y PCS1900MHz","breadcrumb":{"@id":"https:\/\/www.electronicajnc.com\/web\/producto\/mini-modulo-sim800l-gprs-gsm\/#breadcrumb"},"inLanguage":"es","potentialAction":[{"@type":"ReadAction","target":["https:\/\/www.electronicajnc.com\/web\/producto\/mini-modulo-sim800l-gprs-gsm\/"]}]},{"@type":"ImageObject","inLanguage":"es","@id":"https:\/\/www.electronicajnc.com\/web\/producto\/mini-modulo-sim800l-gprs-gsm\/#primaryimage","url":"https:\/\/www.electronicajnc.com\/web\/wp-content\/uploads\/2024\/03\/sim800l.jpg","contentUrl":"https:\/\/www.electronicajnc.com\/web\/wp-content\/uploads\/2024\/03\/sim800l.jpg","width":1028,"height":1115,"caption":"Mini M\u00f3dulo SIM800L GPRS GSM"},{"@type":"BreadcrumbList","@id":"https:\/\/www.electronicajnc.com\/web\/producto\/mini-modulo-sim800l-gprs-gsm\/#breadcrumb","itemListElement":[{"@type":"ListItem","position":1,"name":"Portada","item":"https:\/\/www.electronicajnc.com\/web\/"},{"@type":"ListItem","position":2,"name":"TIENDA","item":"https:\/\/www.electronicajnc.com\/web\/tienda\/"},{"@type":"ListItem","position":3,"name":"Mini M\u00f3dulo SIM800L GPRS GSM"}]},{"@type":"WebSite","@id":"https:\/\/www.electronicajnc.com\/web\/#website","url":"https:\/\/www.electronicajnc.com\/web\/","name":"Electronica JNC","description":"Robotica Tecnologia Mecatronica en Ecuador","publisher":{"@id":"https:\/\/www.electronicajnc.com\/web\/#organization"},"potentialAction":[{"@type":"SearchAction","target":{"@type":"EntryPoint","urlTemplate":"https:\/\/www.electronicajnc.com\/web\/?s={search_term_string}"},"query-input":{"@type":"PropertyValueSpecification","valueRequired":true,"valueName":"search_term_string"}}],"inLanguage":"es"},{"@type":"Organization","@id":"https:\/\/www.electronicajnc.com\/web\/#organization","name":"Electronica JNC","url":"https:\/\/www.electronicajnc.com\/web\/","logo":{"@type":"ImageObject","inLanguage":"es","@id":"https:\/\/www.electronicajnc.com\/web\/#\/schema\/logo\/image\/","url":"https:\/\/www.electronicajnc.com\/web\/wp-content\/uploads\/2023\/06\/nuevo-logo.jpg","contentUrl":"https:\/\/www.electronicajnc.com\/web\/wp-content\/uploads\/2023\/06\/nuevo-logo.jpg","width":1256,"height":612,"caption":"Electronica JNC"},"image":{"@id":"https:\/\/www.electronicajnc.com\/web\/#\/schema\/logo\/image\/"}}]}},"_links":{"self":[{"href":"https:\/\/www.electronicajnc.com\/web\/wp-json\/wp\/v2\/product\/1460","targetHints":{"allow":["GET"]}}],"collection":[{"href":"https:\/\/www.electronicajnc.com\/web\/wp-json\/wp\/v2\/product"}],"about":[{"href":"https:\/\/www.electronicajnc.com\/web\/wp-json\/wp\/v2\/types\/product"}],"replies":[{"embeddable":true,"href":"https:\/\/www.electronicajnc.com\/web\/wp-json\/wp\/v2\/comments?post=1460"}],"wp:featuredmedia":[{"embeddable":true,"href":"https:\/\/www.electronicajnc.com\/web\/wp-json\/wp\/v2\/media\/1461"}],"wp:attachment":[{"href":"https:\/\/www.electronicajnc.com\/web\/wp-json\/wp\/v2\/media?parent=1460"}],"wp:term":[{"taxonomy":"product_brand","embeddable":true,"href":"https:\/\/www.electronicajnc.com\/web\/wp-json\/wp\/v2\/product_brand?post=1460"},{"taxonomy":"product_cat","embeddable":true,"href":"https:\/\/www.electronicajnc.com\/web\/wp-json\/wp\/v2\/product_cat?post=1460"},{"taxonomy":"product_tag","embeddable":true,"href":"https:\/\/www.electronicajnc.com\/web\/wp-json\/wp\/v2\/product_tag?post=1460"}],"curies":[{"name":"wp","href":"https:\/\/api.w.org\/{rel}","templated":true}]}}