{"id":1510,"date":"2024-04-09T23:37:16","date_gmt":"2024-04-09T23:37:16","guid":{"rendered":"https:\/\/www.electronicajnc.com\/web\/?post_type=product&#038;p=1510"},"modified":"2024-04-09T23:37:16","modified_gmt":"2024-04-09T23:37:16","slug":"detector-de-fuerza-resistivo-0-6-circular","status":"publish","type":"product","link":"https:\/\/www.electronicajnc.com\/web\/producto\/detector-de-fuerza-resistivo-0-6-circular\/","title":{"rendered":"Detector de fuerza resistivo: 0.6 circular"},"content":{"rendered":"<p>Detector de fuerza resistivo: 0.6 circular<\/p>\n<p>FSR-402 Sensor resistivo de fuerza y peso , 0.1-100N, 0.5&#8243;<\/p>\n<p>Este dispositivo presenta una disminuci\u00f3n de resistencia a medida que la fuerza se incrementa sobre la superficie del sensor. Puede emplearse como sensor de fuerza (y de forma indirecta para medir tambi\u00e9n presi\u00f3n).<\/p>\n<p>Esta resistencia de detecci\u00f3n de fuerza (FSR) es un componente pasivo que muestra una disminuci\u00f3n en la resistencia cuando hay un aumento en la fuerza aplicada al \u00e1rea activa de 0.58 \u201c-di\u00e1metro (1.5 cm), lo que le permite crear un sensor que es capaz de detectar fuerza o presi\u00f3n. Con un rango de sensibilidad de fuerza de unos pocos gramos a unos pocos kilogramos, este sensor est\u00e1 optimizado para su uso en aplicaciones de control de contacto humano.<\/p>\n<p><strong>Caracter\u00edsticas:<\/strong><\/p>\n<ul>\n<li>Longitud: 24 pulgadas \/ 609.6mm.<\/li>\n<li>Ancho: 15.33mm \/ 0.6in.<\/li>\n<li>Espesor: 0.57mm \/ 0.023in.<\/li>\n<li>Peso: 5,03 g \/ 0,177 oz.<\/li>\n<\/ul>\n<p><strong>Aplicaciones:<\/strong><\/p>\n<ul>\n<li>Interfaz de usuario t\u00e1ctil sensible a la presi\u00f3n.<\/li>\n<li>Sensor t\u00e1ctil para ap\u00e9ndices rob\u00f3ticos.<\/li>\n<li>Almohadillas para guantes especiales<\/li>\n<li>Detecci\u00f3n de contacto objetivo.<\/li>\n<\/ul>\n<h1>Detector de fuerza resistivo: 0.6 circular<\/h1>\n<div>\n<h2><b>\u00bfD\u00f3nde<\/b><strong>\u00a0conseguir ?<\/strong><\/h2>\n<\/div>\n<p>Puedes conseguir este producto y mucho mas en nuestra tienda de electr\u00f3nica \u201cElectr\u00f3nica JNC\u201d a un excelente precio, de igual manera puedes preguntar por otros productos que tenemos para ti y as\u00ed adquirirlos seg\u00fan tu necesidad para\u00a0 tus proyectos.<\/p>\n<p>Adem\u00e1s de vender realizamos todo tipo de proyectos de Rob\u00f3tica Electr\u00f3nica y de Programaci\u00f3n en Arduino-Raspberry, brindamos asesoramiento en la elaboraci\u00f3n de proyectos y personalizamos sus clases cuando deseas armar un robot.<\/p>\n<p>Somos importadores Directos de todo en Electr\u00f3nica y Rob\u00f3tica directamente desde los fabricantes, a los mejores precios del mercado.<\/p>\n<div class=\"x11i5rnm xat24cr x1mh8g0r x1vvkbs xtlvy1s x126k92a\">\n<div dir=\"auto\">SERVICIO PERSONALIZADO, APOYO TEORICO Y VENTA DE MATERIAL<\/div>\n<\/div>\n<div class=\"x11i5rnm xat24cr x1mh8g0r x1vvkbs xtlvy1s x126k92a\">\n<div dir=\"auto\">COTIZA CON NOSOTROS<\/div>\n<div dir=\"auto\">SERVICIO, EXPERIENCIA, CALIDAD Y CONFIANZA<\/div>\n<div dir=\"auto\">\u00abTodo lo que buscas en un solo lugar\u00bb<\/div>\n<\/div>\n<div dir=\"auto\"><\/div>\n<p><img decoding=\"async\" class=\"aligncenter\" src=\"https:\/\/images.ua.prom.st\/1494267654_1494267654.jpg?PImaGE_ID=1494267654\" \/><\/p>\n<p style=\"text-align: center;\">Realizar un pedido en la web o por \u00a0<a href=\"https:\/\/api.whatsapp.com\/send?phone=593958753126\" target=\"_blank\" rel=\"noopener\">WHATSAPP<\/a>.<\/p>\n<p><img decoding=\"async\" class=\"aligncenter\" src=\"https:\/\/images.ua.prom.st\/1494267867_1494267867.jpg?PImaGE_ID=1494267867\" \/><\/p>\n<p style=\"text-align: center;\">Consulta con un asesor\u00a0 todas tus inquietudes.<\/p>\n<p><img decoding=\"async\" class=\"aligncenter\" src=\"https:\/\/images.ua.prom.st\/1494266627_1494266627.jpg?PImaGE_ID=1494266627\" \/><\/p>\n<p style=\"text-align: center;\">Pregunta las formas de pago.<\/p>\n<p><img decoding=\"async\" class=\"aligncenter\" src=\"https:\/\/images.ua.prom.st\/1494267985_1494267985.jpg?PImaGE_ID=1494267985\" \/><\/p>\n<p style=\"text-align: center;\">Tu pedido llega a la puerta de tu casa.<\/p>\n<p>&nbsp;<\/p>\n<p><strong>\u00a1\u00a1 PREG\u00daNTANOS Sin compromiso !!!!<\/strong><\/p>\n<p>Puede retirar sus pedidos en nuestra\u00a0<a href=\"https:\/\/www.electronicajnc.com\/web\/contactos\" target=\"_blank\" rel=\"noopener\">TIENDA F\u00cdSICA<\/a>\u00a0o realizar sus pedidos\u00a0<a href=\"https:\/\/www.electronicajnc.com\/web\/mi-cuenta\" target=\"_blank\" rel=\"noopener\">ONLINE<\/a>\u00a0o por\u00a0<a href=\"https:\/\/api.whatsapp.com\/send?phone=593958753126\" target=\"_blank\" rel=\"noopener\">WHATSAPP<\/a>.<\/p>\n","protected":false},"excerpt":{"rendered":"<p>Esta resistencia de detecci\u00f3n de fuerza (FSR) es un componente pasivo que exhibe una disminuci\u00f3n de la resistencia cuando se produce un aumento en la fuerza aplicada a la superficie activa de 0,58\u2033 de di\u00e1metro, lo que permite crear un sensor que es capaz de detectar la fuerza o presi\u00f3n.<\/p>\n","protected":false},"featured_media":1511,"comment_status":"closed","ping_status":"closed","template":"","meta":{"saved_in_kubio":false,"_joinchat":[]},"product_brand":[],"product_cat":[223],"product_tag":[688,691,686,719,699,710,697,706,712,692,714,711,687,708,709,713,694,685,696,701,717,715,318,703,704,700,705,702,693,698,707,32,718,31,35,695],"class_list":{"0":"post-1510","1":"product","2":"type-product","3":"status-publish","4":"has-post-thumbnail","6":"product_cat-sensores","7":"product_tag-aprender-iot","8":"product_tag-compra-online-kit-arduino","9":"product_tag-comunicacion-inalambrica","10":"product_tag-control-de-motores-control-de-motores","11":"product_tag-conversion-analogica-a-digital","12":"product_tag-diseno-de-circuitos","13":"product_tag-educacion-stem","14":"product_tag-esp01-8266","15":"product_tag-internet-de-las-cosas-iot","16":"product_tag-kit-arduino","17":"product_tag-kit-arduino-ecuador","18":"product_tag-kit-arduino-mas-vendido","19":"product_tag-kit-de-electronica","20":"product_tag-kit-de-inicio-arduino","21":"product_tag-kit-de-proyecto-arduino","22":"product_tag-kit-de-robotica","23":"product_tag-kit-diy","24":"product_tag-kit-internet-de-las-cosas","25":"product_tag-kit-iot","26":"product_tag-kit-steam","27":"product_tag-kits-arduino","28":"product_tag-mejor-kit-arduino-ecuador","29":"product_tag-microcontrolador","30":"product_tag-modulo-bluetooth-hc05","31":"product_tag-modulo-sensor","32":"product_tag-nodemcu-esp8266","33":"product_tag-pantalla-i2c","34":"product_tag-pantalla-lcd","35":"product_tag-pantalla-led","36":"product_tag-placa-arduino","37":"product_tag-placa-de-pruebas","38":"product_tag-programacion","39":"product_tag-proyectos-arduino-uno-r3","40":"product_tag-robotica","41":"product_tag-sensor-de-temperatura","42":"product_tag-servomotor","44":"first","45":"instock","46":"taxable","47":"shipping-taxable","48":"purchasable","49":"product-type-simple"},"yoast_head":"<!-- This site is optimized with the Yoast SEO plugin v27.5 - https:\/\/yoast.com\/product\/yoast-seo-wordpress\/ -->\n<title>Detector de fuerza resistivo: 0.6 circular - Electronica JNC<\/title>\n<meta name=\"description\" content=\"Detector de fuerza resistivo: 0.6 circular es un componente pasivo que muestra una disminuci\u00f3n en la resistencia cuando hay un aumento en la fuerza aplicada\" \/>\n<meta name=\"robots\" content=\"index, follow, max-snippet:-1, max-image-preview:large, max-video-preview:-1\" \/>\n<link rel=\"canonical\" href=\"https:\/\/www.electronicajnc.com\/web\/producto\/detector-de-fuerza-resistivo-0-6-circular\/\" \/>\n<meta property=\"og:locale\" content=\"es_ES\" \/>\n<meta property=\"og:type\" content=\"article\" \/>\n<meta property=\"og:title\" content=\"Detector de fuerza resistivo: 0.6 circular - Electronica JNC\" \/>\n<meta property=\"og:description\" content=\"Detector de fuerza resistivo: 0.6 circular es un componente pasivo que muestra una disminuci\u00f3n en la resistencia cuando hay un aumento en la fuerza aplicada\" \/>\n<meta property=\"og:url\" content=\"https:\/\/www.electronicajnc.com\/web\/producto\/detector-de-fuerza-resistivo-0-6-circular\/\" \/>\n<meta property=\"og:site_name\" content=\"Electronica JNC\" \/>\n<meta property=\"og:image\" content=\"https:\/\/www.electronicajnc.com\/web\/wp-content\/uploads\/2024\/04\/sensor-fuerza.jpg\" \/>\n\t<meta property=\"og:image:width\" content=\"981\" \/>\n\t<meta property=\"og:image:height\" content=\"951\" \/>\n\t<meta property=\"og:image:type\" content=\"image\/jpeg\" \/>\n<meta name=\"twitter:card\" content=\"summary_large_image\" \/>\n<meta name=\"twitter:label1\" content=\"Tiempo de lectura\" \/>\n\t<meta name=\"twitter:data1\" content=\"3 minutos\" \/>\n<script type=\"application\/ld+json\" class=\"yoast-schema-graph\">{\"@context\":\"https:\\\/\\\/schema.org\",\"@graph\":[{\"@type\":\"WebPage\",\"@id\":\"https:\\\/\\\/www.electronicajnc.com\\\/web\\\/producto\\\/detector-de-fuerza-resistivo-0-6-circular\\\/\",\"url\":\"https:\\\/\\\/www.electronicajnc.com\\\/web\\\/producto\\\/detector-de-fuerza-resistivo-0-6-circular\\\/\",\"name\":\"Detector de fuerza resistivo: 0.6 circular - Electronica JNC\",\"isPartOf\":{\"@id\":\"https:\\\/\\\/www.electronicajnc.com\\\/web\\\/#website\"},\"primaryImageOfPage\":{\"@id\":\"https:\\\/\\\/www.electronicajnc.com\\\/web\\\/producto\\\/detector-de-fuerza-resistivo-0-6-circular\\\/#primaryimage\"},\"image\":{\"@id\":\"https:\\\/\\\/www.electronicajnc.com\\\/web\\\/producto\\\/detector-de-fuerza-resistivo-0-6-circular\\\/#primaryimage\"},\"thumbnailUrl\":\"https:\\\/\\\/www.electronicajnc.com\\\/web\\\/wp-content\\\/uploads\\\/2024\\\/04\\\/sensor-fuerza.jpg\",\"datePublished\":\"2024-04-09T23:37:16+00:00\",\"description\":\"Detector de fuerza resistivo: 0.6 circular es un componente pasivo que muestra una disminuci\u00f3n en la resistencia cuando hay un aumento en la fuerza aplicada\",\"breadcrumb\":{\"@id\":\"https:\\\/\\\/www.electronicajnc.com\\\/web\\\/producto\\\/detector-de-fuerza-resistivo-0-6-circular\\\/#breadcrumb\"},\"inLanguage\":\"es\",\"potentialAction\":[{\"@type\":\"ReadAction\",\"target\":[\"https:\\\/\\\/www.electronicajnc.com\\\/web\\\/producto\\\/detector-de-fuerza-resistivo-0-6-circular\\\/\"]}]},{\"@type\":\"ImageObject\",\"inLanguage\":\"es\",\"@id\":\"https:\\\/\\\/www.electronicajnc.com\\\/web\\\/producto\\\/detector-de-fuerza-resistivo-0-6-circular\\\/#primaryimage\",\"url\":\"https:\\\/\\\/www.electronicajnc.com\\\/web\\\/wp-content\\\/uploads\\\/2024\\\/04\\\/sensor-fuerza.jpg\",\"contentUrl\":\"https:\\\/\\\/www.electronicajnc.com\\\/web\\\/wp-content\\\/uploads\\\/2024\\\/04\\\/sensor-fuerza.jpg\",\"width\":981,\"height\":951,\"caption\":\"Detector de fuerza resistivo: 0.6 circular\"},{\"@type\":\"BreadcrumbList\",\"@id\":\"https:\\\/\\\/www.electronicajnc.com\\\/web\\\/producto\\\/detector-de-fuerza-resistivo-0-6-circular\\\/#breadcrumb\",\"itemListElement\":[{\"@type\":\"ListItem\",\"position\":1,\"name\":\"Portada\",\"item\":\"https:\\\/\\\/www.electronicajnc.com\\\/web\\\/\"},{\"@type\":\"ListItem\",\"position\":2,\"name\":\"TIENDA\",\"item\":\"https:\\\/\\\/www.electronicajnc.com\\\/web\\\/tienda\\\/\"},{\"@type\":\"ListItem\",\"position\":3,\"name\":\"Detector de fuerza resistivo: 0.6 circular\"}]},{\"@type\":\"WebSite\",\"@id\":\"https:\\\/\\\/www.electronicajnc.com\\\/web\\\/#website\",\"url\":\"https:\\\/\\\/www.electronicajnc.com\\\/web\\\/\",\"name\":\"Electronica JNC\",\"description\":\"Robotica Tecnologia Mecatronica en Ecuador\",\"publisher\":{\"@id\":\"https:\\\/\\\/www.electronicajnc.com\\\/web\\\/#organization\"},\"potentialAction\":[{\"@type\":\"SearchAction\",\"target\":{\"@type\":\"EntryPoint\",\"urlTemplate\":\"https:\\\/\\\/www.electronicajnc.com\\\/web\\\/?s={search_term_string}\"},\"query-input\":{\"@type\":\"PropertyValueSpecification\",\"valueRequired\":true,\"valueName\":\"search_term_string\"}}],\"inLanguage\":\"es\"},{\"@type\":\"Organization\",\"@id\":\"https:\\\/\\\/www.electronicajnc.com\\\/web\\\/#organization\",\"name\":\"Electronica JNC\",\"url\":\"https:\\\/\\\/www.electronicajnc.com\\\/web\\\/\",\"logo\":{\"@type\":\"ImageObject\",\"inLanguage\":\"es\",\"@id\":\"https:\\\/\\\/www.electronicajnc.com\\\/web\\\/#\\\/schema\\\/logo\\\/image\\\/\",\"url\":\"https:\\\/\\\/www.electronicajnc.com\\\/web\\\/wp-content\\\/uploads\\\/2023\\\/06\\\/nuevo-logo.jpg\",\"contentUrl\":\"https:\\\/\\\/www.electronicajnc.com\\\/web\\\/wp-content\\\/uploads\\\/2023\\\/06\\\/nuevo-logo.jpg\",\"width\":1256,\"height\":612,\"caption\":\"Electronica JNC\"},\"image\":{\"@id\":\"https:\\\/\\\/www.electronicajnc.com\\\/web\\\/#\\\/schema\\\/logo\\\/image\\\/\"}}]}<\/script>\n<!-- \/ Yoast SEO plugin. -->","yoast_head_json":{"title":"Detector de fuerza resistivo: 0.6 circular - Electronica JNC","description":"Detector de fuerza resistivo: 0.6 circular es un componente pasivo que muestra una disminuci\u00f3n en la resistencia cuando hay un aumento en la fuerza aplicada","robots":{"index":"index","follow":"follow","max-snippet":"max-snippet:-1","max-image-preview":"max-image-preview:large","max-video-preview":"max-video-preview:-1"},"canonical":"https:\/\/www.electronicajnc.com\/web\/producto\/detector-de-fuerza-resistivo-0-6-circular\/","og_locale":"es_ES","og_type":"article","og_title":"Detector de fuerza resistivo: 0.6 circular - Electronica JNC","og_description":"Detector de fuerza resistivo: 0.6 circular es un componente pasivo que muestra una disminuci\u00f3n en la resistencia cuando hay un aumento en la fuerza aplicada","og_url":"https:\/\/www.electronicajnc.com\/web\/producto\/detector-de-fuerza-resistivo-0-6-circular\/","og_site_name":"Electronica JNC","og_image":[{"width":981,"height":951,"url":"https:\/\/www.electronicajnc.com\/web\/wp-content\/uploads\/2024\/04\/sensor-fuerza.jpg","type":"image\/jpeg"}],"twitter_card":"summary_large_image","twitter_misc":{"Tiempo de lectura":"3 minutos"},"schema":{"@context":"https:\/\/schema.org","@graph":[{"@type":"WebPage","@id":"https:\/\/www.electronicajnc.com\/web\/producto\/detector-de-fuerza-resistivo-0-6-circular\/","url":"https:\/\/www.electronicajnc.com\/web\/producto\/detector-de-fuerza-resistivo-0-6-circular\/","name":"Detector de fuerza resistivo: 0.6 circular - Electronica JNC","isPartOf":{"@id":"https:\/\/www.electronicajnc.com\/web\/#website"},"primaryImageOfPage":{"@id":"https:\/\/www.electronicajnc.com\/web\/producto\/detector-de-fuerza-resistivo-0-6-circular\/#primaryimage"},"image":{"@id":"https:\/\/www.electronicajnc.com\/web\/producto\/detector-de-fuerza-resistivo-0-6-circular\/#primaryimage"},"thumbnailUrl":"https:\/\/www.electronicajnc.com\/web\/wp-content\/uploads\/2024\/04\/sensor-fuerza.jpg","datePublished":"2024-04-09T23:37:16+00:00","description":"Detector de fuerza resistivo: 0.6 circular es un componente pasivo que muestra una disminuci\u00f3n en la resistencia cuando hay un aumento en la fuerza aplicada","breadcrumb":{"@id":"https:\/\/www.electronicajnc.com\/web\/producto\/detector-de-fuerza-resistivo-0-6-circular\/#breadcrumb"},"inLanguage":"es","potentialAction":[{"@type":"ReadAction","target":["https:\/\/www.electronicajnc.com\/web\/producto\/detector-de-fuerza-resistivo-0-6-circular\/"]}]},{"@type":"ImageObject","inLanguage":"es","@id":"https:\/\/www.electronicajnc.com\/web\/producto\/detector-de-fuerza-resistivo-0-6-circular\/#primaryimage","url":"https:\/\/www.electronicajnc.com\/web\/wp-content\/uploads\/2024\/04\/sensor-fuerza.jpg","contentUrl":"https:\/\/www.electronicajnc.com\/web\/wp-content\/uploads\/2024\/04\/sensor-fuerza.jpg","width":981,"height":951,"caption":"Detector de fuerza resistivo: 0.6 circular"},{"@type":"BreadcrumbList","@id":"https:\/\/www.electronicajnc.com\/web\/producto\/detector-de-fuerza-resistivo-0-6-circular\/#breadcrumb","itemListElement":[{"@type":"ListItem","position":1,"name":"Portada","item":"https:\/\/www.electronicajnc.com\/web\/"},{"@type":"ListItem","position":2,"name":"TIENDA","item":"https:\/\/www.electronicajnc.com\/web\/tienda\/"},{"@type":"ListItem","position":3,"name":"Detector de fuerza resistivo: 0.6 circular"}]},{"@type":"WebSite","@id":"https:\/\/www.electronicajnc.com\/web\/#website","url":"https:\/\/www.electronicajnc.com\/web\/","name":"Electronica JNC","description":"Robotica Tecnologia Mecatronica en Ecuador","publisher":{"@id":"https:\/\/www.electronicajnc.com\/web\/#organization"},"potentialAction":[{"@type":"SearchAction","target":{"@type":"EntryPoint","urlTemplate":"https:\/\/www.electronicajnc.com\/web\/?s={search_term_string}"},"query-input":{"@type":"PropertyValueSpecification","valueRequired":true,"valueName":"search_term_string"}}],"inLanguage":"es"},{"@type":"Organization","@id":"https:\/\/www.electronicajnc.com\/web\/#organization","name":"Electronica JNC","url":"https:\/\/www.electronicajnc.com\/web\/","logo":{"@type":"ImageObject","inLanguage":"es","@id":"https:\/\/www.electronicajnc.com\/web\/#\/schema\/logo\/image\/","url":"https:\/\/www.electronicajnc.com\/web\/wp-content\/uploads\/2023\/06\/nuevo-logo.jpg","contentUrl":"https:\/\/www.electronicajnc.com\/web\/wp-content\/uploads\/2023\/06\/nuevo-logo.jpg","width":1256,"height":612,"caption":"Electronica JNC"},"image":{"@id":"https:\/\/www.electronicajnc.com\/web\/#\/schema\/logo\/image\/"}}]}},"_links":{"self":[{"href":"https:\/\/www.electronicajnc.com\/web\/wp-json\/wp\/v2\/product\/1510","targetHints":{"allow":["GET"]}}],"collection":[{"href":"https:\/\/www.electronicajnc.com\/web\/wp-json\/wp\/v2\/product"}],"about":[{"href":"https:\/\/www.electronicajnc.com\/web\/wp-json\/wp\/v2\/types\/product"}],"replies":[{"embeddable":true,"href":"https:\/\/www.electronicajnc.com\/web\/wp-json\/wp\/v2\/comments?post=1510"}],"wp:featuredmedia":[{"embeddable":true,"href":"https:\/\/www.electronicajnc.com\/web\/wp-json\/wp\/v2\/media\/1511"}],"wp:attachment":[{"href":"https:\/\/www.electronicajnc.com\/web\/wp-json\/wp\/v2\/media?parent=1510"}],"wp:term":[{"taxonomy":"product_brand","embeddable":true,"href":"https:\/\/www.electronicajnc.com\/web\/wp-json\/wp\/v2\/product_brand?post=1510"},{"taxonomy":"product_cat","embeddable":true,"href":"https:\/\/www.electronicajnc.com\/web\/wp-json\/wp\/v2\/product_cat?post=1510"},{"taxonomy":"product_tag","embeddable":true,"href":"https:\/\/www.electronicajnc.com\/web\/wp-json\/wp\/v2\/product_tag?post=1510"}],"curies":[{"name":"wp","href":"https:\/\/api.w.org\/{rel}","templated":true}]}}