{"id":1531,"date":"2024-05-02T23:18:31","date_gmt":"2024-05-02T23:18:31","guid":{"rendered":"https:\/\/www.electronicajnc.com\/web\/?post_type=product&#038;p=1531"},"modified":"2024-05-06T17:01:26","modified_gmt":"2024-05-06T17:01:26","slug":"shield-multifuncion-hy-m302-9-en-1","status":"publish","type":"product","link":"https:\/\/www.electronicajnc.com\/web\/producto\/shield-multifuncion-hy-m302-9-en-1\/","title":{"rendered":"Shield Arduino Multifunci\u00f3n 9 en 1"},"content":{"rendered":"<p class=\"product_title entry-title\">Shield Multifunci\u00f3n HY-M302 9 en 1<\/p>\n<h4><strong>\u00bfQu\u00e9 es Shield Multifuncional 9 en 1?<\/strong><\/h4>\n<p>Es una placa de circuito impreso \u00abPCB\u00bb que incorpora 9 sensores en la misma placa, se llama Shield por que simplemente se puede conectar encima de tarjetas de desarrollo de la familia de Arduino. Este Shield es una placa de aprendizaje y f\u00e1cil de utilizar s\u00f3lo hay que conectarla a una placa de Arduino y comenzar a programar los distintos sensores y desarrollar distintas aplicaciones de electr\u00f3nica sin la necesidad de realizar conexione externas o montar circuitos en Protoboard ya que incorpora los sensores mas comunes para comenzar a programar en Arduino y entender electr\u00f3nica de una forma m\u00e1s practica y divertida.<\/p>\n<h4><b>\u00bfPara qu\u00e9 sirve<\/b><b>?<\/b><\/h4>\n<p>Sirve para realizar practicas de electr\u00f3nica con placas de Arduino ya sea la versi\u00f3n<strong> Uno R3<\/strong>\u00a0y otras de sus variantes, de igual forma es ideal para introducir a la programaci\u00f3n en Arduino IDE de forma m\u00e1s r\u00e1pida ya que incorpora los siguientes dispositivos electr\u00f3nicos y sensores:<\/p>\n<h1 class=\"product_title entry-title\">Shield Multifunci\u00f3n HY-M302 9 en 1<\/h1>\n<ul>\n<li>Un m\u00f3dulo LED rojo y un m\u00f3dulo LED azul para indicar dos situaciones o estados mediante 2 LED separados<\/li>\n<li>M\u00f3dulo LED a todo color o m\u00f3dulo RGB para indicar 3 estados o condiciones mediante un solo LED integrado<\/li>\n<li>M\u00f3dulo receptor IR para recibir se\u00f1ales infrarrojas<\/li>\n<li>M\u00f3dulo sensor de brillo para detectar\/sensar el brillo ambiental<\/li>\n<li>M\u00f3dulo de sensor de temperatura LM35D para detectar\/detectar la temperatura ambiente<\/li>\n<li>M\u00f3dulo de sensor de temperatura y humedad DHT11 para detectar\/detectar la temperatura y la humedad del ambiente<\/li>\n<li>M\u00f3dulo de zumbador pasivo para advertencia de audio<\/li>\n<li>M\u00f3dulo de potenci\u00f3metro giratorio para el control anal\u00f3gico de un par\u00e1metro<\/li>\n<\/ul>\n<div>\n<h2><b>\u00bfD\u00f3nde<\/b><strong>\u00a0conseguir ?<\/strong><\/h2>\n<\/div>\n<p>Puedes conseguir este producto y mucho mas en nuestra tienda de electr\u00f3nica \u201cElectr\u00f3nica JNC\u201d a un excelente precio, de igual manera puedes preguntar por otros productos que tenemos para ti y as\u00ed adquirirlos seg\u00fan tu necesidad para\u00a0 tus proyectos.<\/p>\n<p>Adem\u00e1s de vender realizamos todo tipo de proyectos de Rob\u00f3tica Electr\u00f3nica y de Programaci\u00f3n en Arduino-Raspberry, brindamos asesoramiento en la elaboraci\u00f3n de proyectos y personalizamos sus clases cuando deseas armar un robot.<\/p>\n<p>Somos importadores Directos de todo en Electr\u00f3nica y Rob\u00f3tica directamente desde los fabricantes, a los mejores precios del mercado.<\/p>\n<div class=\"x11i5rnm xat24cr x1mh8g0r x1vvkbs xtlvy1s x126k92a\">\n<div dir=\"auto\">SERVICIO PERSONALIZADO, APOYO TEORICO Y VENTA DE MATERIAL<\/div>\n<\/div>\n<div class=\"x11i5rnm xat24cr x1mh8g0r x1vvkbs xtlvy1s x126k92a\">\n<div dir=\"auto\">COTIZA CON NOSOTROS<\/div>\n<div dir=\"auto\">SERVICIO, EXPERIENCIA, CALIDAD Y CONFIANZA<\/div>\n<div dir=\"auto\">\u00abTodo lo que buscas en un solo lugar\u00bb<\/div>\n<\/div>\n<div dir=\"auto\"><\/div>\n<p><img decoding=\"async\" class=\"aligncenter\" src=\"https:\/\/images.ua.prom.st\/1494267654_1494267654.jpg?PImaGE_ID=1494267654\" \/><\/p>\n<p style=\"text-align: center;\">Realizar un pedido en la web o por \u00a0<a href=\"https:\/\/api.whatsapp.com\/send?phone=593958753126\" target=\"_blank\" rel=\"noopener\">WHATSAPP<\/a>.<\/p>\n<p><img decoding=\"async\" class=\"aligncenter\" src=\"https:\/\/images.ua.prom.st\/1494267867_1494267867.jpg?PImaGE_ID=1494267867\" \/><\/p>\n<p style=\"text-align: center;\">Consulta con un asesor\u00a0 todas tus inquietudes.<\/p>\n<p><img decoding=\"async\" class=\"aligncenter\" src=\"https:\/\/images.ua.prom.st\/1494266627_1494266627.jpg?PImaGE_ID=1494266627\" \/><\/p>\n<p style=\"text-align: center;\">Pregunta las formas de pago.<\/p>\n<p><img decoding=\"async\" class=\"aligncenter\" src=\"https:\/\/images.ua.prom.st\/1494267985_1494267985.jpg?PImaGE_ID=1494267985\" \/><\/p>\n<p style=\"text-align: center;\">Tu pedido llega a la puerta de tu casa.<\/p>\n<p>&nbsp;<\/p>\n<p><strong>\u00a1\u00a1 PREG\u00daNTANOS Sin compromiso !!!!<\/strong><\/p>\n<p>Puede retirar sus pedidos en nuestra\u00a0<a href=\"https:\/\/www.electronicajnc.com\/web\/contactos\" target=\"_blank\" rel=\"noopener\">TIENDA F\u00cdSICA<\/a>\u00a0o realizar sus pedidos\u00a0<a href=\"https:\/\/www.electronicajnc.com\/web\/mi-cuenta\" target=\"_blank\" rel=\"noopener\">ONLINE<\/a>\u00a0o por\u00a0<a href=\"https:\/\/api.whatsapp.com\/send?phone=593958753126\" target=\"_blank\" rel=\"noopener\">WHATSAPP<\/a>.<\/p>\n<p>&nbsp;<\/p>\n","protected":false},"excerpt":{"rendered":"<p>El shield multifunci\u00f3n 9 en 1 es una placa de expansi\u00f3n para Arduino. Puede detectar par\u00e1metros de temperatura, humedad y brillo; adem\u00e1s realizar otras funciones como zumbido, indicaci\u00f3n y recepci\u00f3n de infrarrojos. Es adecuado para que los principiantes de Arduino donde pueden aprender sobre los m\u00f3dulos experimentales b\u00e1sicos.<\/p>\n","protected":false},"featured_media":1533,"comment_status":"closed","ping_status":"closed","template":"","meta":{"saved_in_kubio":false,"_joinchat":[]},"product_brand":[],"product_cat":[21],"product_tag":[688,691,686,719,699,710,697,706,712,692,714,711,687,708,709,713,694],"class_list":{"0":"post-1531","1":"product","2":"type-product","3":"status-publish","4":"has-post-thumbnail","6":"product_cat-modulos_sensores","7":"product_tag-aprender-iot","8":"product_tag-compra-online-kit-arduino","9":"product_tag-comunicacion-inalambrica","10":"product_tag-control-de-motores-control-de-motores","11":"product_tag-conversion-analogica-a-digital","12":"product_tag-diseno-de-circuitos","13":"product_tag-educacion-stem","14":"product_tag-esp01-8266","15":"product_tag-internet-de-las-cosas-iot","16":"product_tag-kit-arduino","17":"product_tag-kit-arduino-ecuador","18":"product_tag-kit-arduino-mas-vendido","19":"product_tag-kit-de-electronica","20":"product_tag-kit-de-inicio-arduino","21":"product_tag-kit-de-proyecto-arduino","22":"product_tag-kit-de-robotica","23":"product_tag-kit-diy","25":"first","26":"instock","27":"taxable","28":"shipping-taxable","29":"purchasable","30":"product-type-simple"},"yoast_head":"<!-- This site is optimized with the Yoast SEO plugin v27.5 - https:\/\/yoast.com\/product\/yoast-seo-wordpress\/ -->\n<title>Shield Arduino Multifunci\u00f3n 9 en 1 - Electronica JNC<\/title>\n<meta name=\"description\" content=\"Shield Multifunci\u00f3n HY-M302 9 en 1 es una placa de expansi\u00f3n para Arduino. Puede detectar y realizar varias funciones ideal para proyectos.\" \/>\n<meta name=\"robots\" content=\"index, follow, max-snippet:-1, max-image-preview:large, max-video-preview:-1\" \/>\n<link rel=\"canonical\" href=\"https:\/\/www.electronicajnc.com\/web\/producto\/shield-multifuncion-hy-m302-9-en-1\/\" \/>\n<meta property=\"og:locale\" content=\"es_ES\" \/>\n<meta property=\"og:type\" content=\"article\" \/>\n<meta property=\"og:title\" content=\"Shield Arduino Multifunci\u00f3n 9 en 1 - Electronica JNC\" \/>\n<meta property=\"og:description\" content=\"Shield Multifunci\u00f3n HY-M302 9 en 1 es una placa de expansi\u00f3n para Arduino. Puede detectar y realizar varias funciones ideal para proyectos.\" \/>\n<meta property=\"og:url\" content=\"https:\/\/www.electronicajnc.com\/web\/producto\/shield-multifuncion-hy-m302-9-en-1\/\" \/>\n<meta property=\"og:site_name\" content=\"Electronica JNC\" \/>\n<meta property=\"article:modified_time\" content=\"2024-05-06T17:01:26+00:00\" \/>\n<meta property=\"og:image\" content=\"https:\/\/www.electronicajnc.com\/web\/wp-content\/uploads\/2024\/05\/SHIELD-9-EN-1-1.jpg\" \/>\n\t<meta property=\"og:image:width\" content=\"909\" \/>\n\t<meta property=\"og:image:height\" content=\"792\" \/>\n\t<meta property=\"og:image:type\" content=\"image\/jpeg\" \/>\n<meta name=\"twitter:card\" content=\"summary_large_image\" \/>\n<meta name=\"twitter:label1\" content=\"Tiempo de lectura\" \/>\n\t<meta name=\"twitter:data1\" content=\"4 minutos\" \/>\n<script type=\"application\/ld+json\" class=\"yoast-schema-graph\">{\"@context\":\"https:\\\/\\\/schema.org\",\"@graph\":[{\"@type\":\"WebPage\",\"@id\":\"https:\\\/\\\/www.electronicajnc.com\\\/web\\\/producto\\\/shield-multifuncion-hy-m302-9-en-1\\\/\",\"url\":\"https:\\\/\\\/www.electronicajnc.com\\\/web\\\/producto\\\/shield-multifuncion-hy-m302-9-en-1\\\/\",\"name\":\"Shield Arduino Multifunci\u00f3n 9 en 1 - Electronica JNC\",\"isPartOf\":{\"@id\":\"https:\\\/\\\/www.electronicajnc.com\\\/web\\\/#website\"},\"primaryImageOfPage\":{\"@id\":\"https:\\\/\\\/www.electronicajnc.com\\\/web\\\/producto\\\/shield-multifuncion-hy-m302-9-en-1\\\/#primaryimage\"},\"image\":{\"@id\":\"https:\\\/\\\/www.electronicajnc.com\\\/web\\\/producto\\\/shield-multifuncion-hy-m302-9-en-1\\\/#primaryimage\"},\"thumbnailUrl\":\"https:\\\/\\\/www.electronicajnc.com\\\/web\\\/wp-content\\\/uploads\\\/2024\\\/05\\\/SHIELD-9-EN-1-1.jpg\",\"datePublished\":\"2024-05-02T23:18:31+00:00\",\"dateModified\":\"2024-05-06T17:01:26+00:00\",\"description\":\"Shield Multifunci\u00f3n HY-M302 9 en 1 es una placa de expansi\u00f3n para Arduino. Puede detectar y realizar varias funciones ideal para proyectos.\",\"breadcrumb\":{\"@id\":\"https:\\\/\\\/www.electronicajnc.com\\\/web\\\/producto\\\/shield-multifuncion-hy-m302-9-en-1\\\/#breadcrumb\"},\"inLanguage\":\"es\",\"potentialAction\":[{\"@type\":\"ReadAction\",\"target\":[\"https:\\\/\\\/www.electronicajnc.com\\\/web\\\/producto\\\/shield-multifuncion-hy-m302-9-en-1\\\/\"]}]},{\"@type\":\"ImageObject\",\"inLanguage\":\"es\",\"@id\":\"https:\\\/\\\/www.electronicajnc.com\\\/web\\\/producto\\\/shield-multifuncion-hy-m302-9-en-1\\\/#primaryimage\",\"url\":\"https:\\\/\\\/www.electronicajnc.com\\\/web\\\/wp-content\\\/uploads\\\/2024\\\/05\\\/SHIELD-9-EN-1-1.jpg\",\"contentUrl\":\"https:\\\/\\\/www.electronicajnc.com\\\/web\\\/wp-content\\\/uploads\\\/2024\\\/05\\\/SHIELD-9-EN-1-1.jpg\",\"width\":909,\"height\":792,\"caption\":\"Shield Multifunci\u00f3n HY-M302 9 en 1\"},{\"@type\":\"BreadcrumbList\",\"@id\":\"https:\\\/\\\/www.electronicajnc.com\\\/web\\\/producto\\\/shield-multifuncion-hy-m302-9-en-1\\\/#breadcrumb\",\"itemListElement\":[{\"@type\":\"ListItem\",\"position\":1,\"name\":\"Portada\",\"item\":\"https:\\\/\\\/www.electronicajnc.com\\\/web\\\/\"},{\"@type\":\"ListItem\",\"position\":2,\"name\":\"TIENDA\",\"item\":\"https:\\\/\\\/www.electronicajnc.com\\\/web\\\/tienda\\\/\"},{\"@type\":\"ListItem\",\"position\":3,\"name\":\"Shield Arduino Multifunci\u00f3n 9 en 1\"}]},{\"@type\":\"WebSite\",\"@id\":\"https:\\\/\\\/www.electronicajnc.com\\\/web\\\/#website\",\"url\":\"https:\\\/\\\/www.electronicajnc.com\\\/web\\\/\",\"name\":\"Electronica JNC\",\"description\":\"Robotica Tecnologia Mecatronica en Ecuador\",\"publisher\":{\"@id\":\"https:\\\/\\\/www.electronicajnc.com\\\/web\\\/#organization\"},\"potentialAction\":[{\"@type\":\"SearchAction\",\"target\":{\"@type\":\"EntryPoint\",\"urlTemplate\":\"https:\\\/\\\/www.electronicajnc.com\\\/web\\\/?s={search_term_string}\"},\"query-input\":{\"@type\":\"PropertyValueSpecification\",\"valueRequired\":true,\"valueName\":\"search_term_string\"}}],\"inLanguage\":\"es\"},{\"@type\":\"Organization\",\"@id\":\"https:\\\/\\\/www.electronicajnc.com\\\/web\\\/#organization\",\"name\":\"Electronica JNC\",\"url\":\"https:\\\/\\\/www.electronicajnc.com\\\/web\\\/\",\"logo\":{\"@type\":\"ImageObject\",\"inLanguage\":\"es\",\"@id\":\"https:\\\/\\\/www.electronicajnc.com\\\/web\\\/#\\\/schema\\\/logo\\\/image\\\/\",\"url\":\"https:\\\/\\\/www.electronicajnc.com\\\/web\\\/wp-content\\\/uploads\\\/2023\\\/06\\\/nuevo-logo.jpg\",\"contentUrl\":\"https:\\\/\\\/www.electronicajnc.com\\\/web\\\/wp-content\\\/uploads\\\/2023\\\/06\\\/nuevo-logo.jpg\",\"width\":1256,\"height\":612,\"caption\":\"Electronica JNC\"},\"image\":{\"@id\":\"https:\\\/\\\/www.electronicajnc.com\\\/web\\\/#\\\/schema\\\/logo\\\/image\\\/\"}}]}<\/script>\n<!-- \/ Yoast SEO plugin. -->","yoast_head_json":{"title":"Shield Arduino Multifunci\u00f3n 9 en 1 - Electronica JNC","description":"Shield Multifunci\u00f3n HY-M302 9 en 1 es una placa de expansi\u00f3n para Arduino. Puede detectar y realizar varias funciones ideal para proyectos.","robots":{"index":"index","follow":"follow","max-snippet":"max-snippet:-1","max-image-preview":"max-image-preview:large","max-video-preview":"max-video-preview:-1"},"canonical":"https:\/\/www.electronicajnc.com\/web\/producto\/shield-multifuncion-hy-m302-9-en-1\/","og_locale":"es_ES","og_type":"article","og_title":"Shield Arduino Multifunci\u00f3n 9 en 1 - Electronica JNC","og_description":"Shield Multifunci\u00f3n HY-M302 9 en 1 es una placa de expansi\u00f3n para Arduino. Puede detectar y realizar varias funciones ideal para proyectos.","og_url":"https:\/\/www.electronicajnc.com\/web\/producto\/shield-multifuncion-hy-m302-9-en-1\/","og_site_name":"Electronica JNC","article_modified_time":"2024-05-06T17:01:26+00:00","og_image":[{"width":909,"height":792,"url":"https:\/\/www.electronicajnc.com\/web\/wp-content\/uploads\/2024\/05\/SHIELD-9-EN-1-1.jpg","type":"image\/jpeg"}],"twitter_card":"summary_large_image","twitter_misc":{"Tiempo de lectura":"4 minutos"},"schema":{"@context":"https:\/\/schema.org","@graph":[{"@type":"WebPage","@id":"https:\/\/www.electronicajnc.com\/web\/producto\/shield-multifuncion-hy-m302-9-en-1\/","url":"https:\/\/www.electronicajnc.com\/web\/producto\/shield-multifuncion-hy-m302-9-en-1\/","name":"Shield Arduino Multifunci\u00f3n 9 en 1 - Electronica JNC","isPartOf":{"@id":"https:\/\/www.electronicajnc.com\/web\/#website"},"primaryImageOfPage":{"@id":"https:\/\/www.electronicajnc.com\/web\/producto\/shield-multifuncion-hy-m302-9-en-1\/#primaryimage"},"image":{"@id":"https:\/\/www.electronicajnc.com\/web\/producto\/shield-multifuncion-hy-m302-9-en-1\/#primaryimage"},"thumbnailUrl":"https:\/\/www.electronicajnc.com\/web\/wp-content\/uploads\/2024\/05\/SHIELD-9-EN-1-1.jpg","datePublished":"2024-05-02T23:18:31+00:00","dateModified":"2024-05-06T17:01:26+00:00","description":"Shield Multifunci\u00f3n HY-M302 9 en 1 es una placa de expansi\u00f3n para Arduino. Puede detectar y realizar varias funciones ideal para proyectos.","breadcrumb":{"@id":"https:\/\/www.electronicajnc.com\/web\/producto\/shield-multifuncion-hy-m302-9-en-1\/#breadcrumb"},"inLanguage":"es","potentialAction":[{"@type":"ReadAction","target":["https:\/\/www.electronicajnc.com\/web\/producto\/shield-multifuncion-hy-m302-9-en-1\/"]}]},{"@type":"ImageObject","inLanguage":"es","@id":"https:\/\/www.electronicajnc.com\/web\/producto\/shield-multifuncion-hy-m302-9-en-1\/#primaryimage","url":"https:\/\/www.electronicajnc.com\/web\/wp-content\/uploads\/2024\/05\/SHIELD-9-EN-1-1.jpg","contentUrl":"https:\/\/www.electronicajnc.com\/web\/wp-content\/uploads\/2024\/05\/SHIELD-9-EN-1-1.jpg","width":909,"height":792,"caption":"Shield Multifunci\u00f3n HY-M302 9 en 1"},{"@type":"BreadcrumbList","@id":"https:\/\/www.electronicajnc.com\/web\/producto\/shield-multifuncion-hy-m302-9-en-1\/#breadcrumb","itemListElement":[{"@type":"ListItem","position":1,"name":"Portada","item":"https:\/\/www.electronicajnc.com\/web\/"},{"@type":"ListItem","position":2,"name":"TIENDA","item":"https:\/\/www.electronicajnc.com\/web\/tienda\/"},{"@type":"ListItem","position":3,"name":"Shield Arduino Multifunci\u00f3n 9 en 1"}]},{"@type":"WebSite","@id":"https:\/\/www.electronicajnc.com\/web\/#website","url":"https:\/\/www.electronicajnc.com\/web\/","name":"Electronica JNC","description":"Robotica Tecnologia Mecatronica en Ecuador","publisher":{"@id":"https:\/\/www.electronicajnc.com\/web\/#organization"},"potentialAction":[{"@type":"SearchAction","target":{"@type":"EntryPoint","urlTemplate":"https:\/\/www.electronicajnc.com\/web\/?s={search_term_string}"},"query-input":{"@type":"PropertyValueSpecification","valueRequired":true,"valueName":"search_term_string"}}],"inLanguage":"es"},{"@type":"Organization","@id":"https:\/\/www.electronicajnc.com\/web\/#organization","name":"Electronica JNC","url":"https:\/\/www.electronicajnc.com\/web\/","logo":{"@type":"ImageObject","inLanguage":"es","@id":"https:\/\/www.electronicajnc.com\/web\/#\/schema\/logo\/image\/","url":"https:\/\/www.electronicajnc.com\/web\/wp-content\/uploads\/2023\/06\/nuevo-logo.jpg","contentUrl":"https:\/\/www.electronicajnc.com\/web\/wp-content\/uploads\/2023\/06\/nuevo-logo.jpg","width":1256,"height":612,"caption":"Electronica JNC"},"image":{"@id":"https:\/\/www.electronicajnc.com\/web\/#\/schema\/logo\/image\/"}}]}},"_links":{"self":[{"href":"https:\/\/www.electronicajnc.com\/web\/wp-json\/wp\/v2\/product\/1531","targetHints":{"allow":["GET"]}}],"collection":[{"href":"https:\/\/www.electronicajnc.com\/web\/wp-json\/wp\/v2\/product"}],"about":[{"href":"https:\/\/www.electronicajnc.com\/web\/wp-json\/wp\/v2\/types\/product"}],"replies":[{"embeddable":true,"href":"https:\/\/www.electronicajnc.com\/web\/wp-json\/wp\/v2\/comments?post=1531"}],"wp:featuredmedia":[{"embeddable":true,"href":"https:\/\/www.electronicajnc.com\/web\/wp-json\/wp\/v2\/media\/1533"}],"wp:attachment":[{"href":"https:\/\/www.electronicajnc.com\/web\/wp-json\/wp\/v2\/media?parent=1531"}],"wp:term":[{"taxonomy":"product_brand","embeddable":true,"href":"https:\/\/www.electronicajnc.com\/web\/wp-json\/wp\/v2\/product_brand?post=1531"},{"taxonomy":"product_cat","embeddable":true,"href":"https:\/\/www.electronicajnc.com\/web\/wp-json\/wp\/v2\/product_cat?post=1531"},{"taxonomy":"product_tag","embeddable":true,"href":"https:\/\/www.electronicajnc.com\/web\/wp-json\/wp\/v2\/product_tag?post=1531"}],"curies":[{"name":"wp","href":"https:\/\/api.w.org\/{rel}","templated":true}]}}