{"id":1548,"date":"2024-05-21T17:31:22","date_gmt":"2024-05-21T17:31:22","guid":{"rendered":"https:\/\/www.electronicajnc.com\/web\/?post_type=product&#038;p=1548"},"modified":"2024-05-21T17:31:22","modified_gmt":"2024-05-21T17:31:22","slug":"mini-bomba-agua-12v-arduino-peceras-4l-min","status":"publish","type":"product","link":"https:\/\/www.electronicajnc.com\/web\/producto\/mini-bomba-agua-12v-arduino-peceras-4l-min\/","title":{"rendered":"Mini bomba agua 12v arduino peceras 4l-min"},"content":{"rendered":"<p>Mini bomba agua 12v arduino peceras 4l-min<\/p>\n<p>Mini Bomba de agua sumergible 12VDC 3m 240L\/h ideal para experimentar con sistemas de fluidos. La bomba es de tama\u00f1o reducido, de bajo consumo el\u00e9ctrico, silenciosa, dise\u00f1ada para trabajar sumergida y en modo continuo, su motor interno es de tipo sin escobillas (brushless) lo que asegura una larga vida \u00fatil sin necesidad de mantenimiento. Utilizado en aplicaciones como: riego automatizado, dosificaci\u00f3n, llenado de tanques(control de nivel), acuarios, refrigeraci\u00f3n por agua y m\u00e1s.<\/p>\n<h1 class=\"product_title entry-title\">Mini bomba agua 12v arduino peceras 4l-min<\/h1>\n<div class=\"ewa-rteLine\"><strong>Caracter\u00edsticas<\/strong><\/div>\n<div><\/div>\n<div class=\"ewa-rteLine\">Voltaje de operaci\u00f3n: 12V DC<\/div>\n<div class=\"ewa-rteLine\">Corriente m\u00e1xima: 350mA<\/div>\n<div class=\"ewa-rteLine\">Potencia: 4.8W<\/div>\n<div class=\"ewa-rteLine\">Caudal m\u00e1ximo: 240L\/H (4L\/min)<\/div>\n<div class=\"ewa-rteLine\">Columna de agua m\u00e1xima: 3 metros<\/div>\n<div class=\"ewa-rteLine\">Conexi\u00f3n tipo racor: 1\/4\u2033<\/div>\n<div class=\"ewa-rteLine\">Carcasa de pl\u00e1stico ABS negro<\/div>\n<div class=\"ewa-rteLine\">Eje de salida con sello est\u00e1tico para mejor protecci\u00f3n<\/div>\n<div class=\"ewa-rteLine\">Dise\u00f1o sumergible, a prueba de agua, IP68<\/div>\n<div class=\"ewa-rteLine\">Bajo ruido: &lt;40dB<\/div>\n<div class=\"ewa-rteLine\">motor brushless, im\u00e1n permanente, 2 fases<\/div>\n<div class=\"ewa-rteLine\">L\u00edquidos de trabajo: agua, aceite, gasolina<\/div>\n<div class=\"ewa-rteLine\">Temperatura del fluido: 60\u00b0C m\u00e1x.<\/div>\n<div class=\"ewa-rteLine\">Preparado para uso continuo<\/div>\n<div class=\"ewa-rteLine\">Tiempo de vida: 30000 horas<\/div>\n<div class=\"ewa-rteLine\">Dimensiones: 36*26*55 mm<\/div>\n<div class=\"ewa-rteLine\">Peso: 72 gramos<\/div>\n<div>\n<h2><b>\u00bfD\u00f3nde<\/b><strong>\u00a0conseguir ?<\/strong><\/h2>\n<\/div>\n<p>Puedes conseguir este producto y mucho mas en nuestra tienda de electr\u00f3nica \u201cElectr\u00f3nica JNC\u201d a un excelente precio, de igual manera puedes preguntar por otros productos que tenemos para ti y as\u00ed adquirirlos seg\u00fan tu necesidad para\u00a0 tus proyectos.<\/p>\n<p>Adem\u00e1s de vender realizamos todo tipo de proyectos de Rob\u00f3tica Electr\u00f3nica y de Programaci\u00f3n en Arduino-Raspberry, brindamos asesoramiento en la elaboraci\u00f3n de proyectos y personalizamos sus clases cuando deseas armar un robot.<\/p>\n<p>Somos importadores Directos de todo en Electr\u00f3nica y Rob\u00f3tica directamente desde los fabricantes, a los mejores precios del mercado.<\/p>\n<div class=\"x11i5rnm xat24cr x1mh8g0r x1vvkbs xtlvy1s x126k92a\">\n<div dir=\"auto\">SERVICIO PERSONALIZADO, APOYO TEORICO Y VENTA DE MATERIAL<\/div>\n<\/div>\n<div class=\"x11i5rnm xat24cr x1mh8g0r x1vvkbs xtlvy1s x126k92a\">\n<div dir=\"auto\">COTIZA CON NOSOTROS<\/div>\n<div dir=\"auto\">SERVICIO, EXPERIENCIA, CALIDAD Y CONFIANZA<\/div>\n<div dir=\"auto\">\u00abTodo lo que buscas en un solo lugar\u00bb<\/div>\n<\/div>\n<div dir=\"auto\"><\/div>\n<p><img decoding=\"async\" class=\"aligncenter\" src=\"https:\/\/images.ua.prom.st\/1494267654_1494267654.jpg?PImaGE_ID=1494267654\" \/><\/p>\n<p style=\"text-align: center;\">Realizar un pedido en la web o por \u00a0<a href=\"https:\/\/api.whatsapp.com\/send?phone=593958753126\" target=\"_blank\" rel=\"noopener\">WHATSAPP<\/a>.<\/p>\n<p><img decoding=\"async\" class=\"aligncenter\" src=\"https:\/\/images.ua.prom.st\/1494267867_1494267867.jpg?PImaGE_ID=1494267867\" \/><\/p>\n<p style=\"text-align: center;\">Consulta con un asesor\u00a0 todas tus inquietudes.<\/p>\n<p><img decoding=\"async\" class=\"aligncenter\" src=\"https:\/\/images.ua.prom.st\/1494266627_1494266627.jpg?PImaGE_ID=1494266627\" \/><\/p>\n<p style=\"text-align: center;\">Pregunta las formas de pago.<\/p>\n<p><img decoding=\"async\" class=\"aligncenter\" src=\"https:\/\/images.ua.prom.st\/1494267985_1494267985.jpg?PImaGE_ID=1494267985\" \/><\/p>\n<p style=\"text-align: center;\">Tu pedido llega a la puerta de tu casa.<\/p>\n<p>&nbsp;<\/p>\n<p><strong>\u00a1\u00a1 PREG\u00daNTANOS Sin compromiso !!!!<\/strong><\/p>\n<p>Puede retirar sus pedidos en nuestra\u00a0<a href=\"https:\/\/www.electronicajnc.com\/web\/contactos\" target=\"_blank\" rel=\"noopener\">TIENDA F\u00cdSICA<\/a>\u00a0o realizar sus pedidos\u00a0<a href=\"https:\/\/www.electronicajnc.com\/web\/mi-cuenta\" target=\"_blank\" rel=\"noopener\">ONLINE<\/a>\u00a0o por\u00a0<a href=\"https:\/\/api.whatsapp.com\/send?phone=593958753126\" target=\"_blank\" rel=\"noopener\">WHATSAPP<\/a>.<\/p>\n","protected":false},"excerpt":{"rendered":"<p>Esta bomba no tiene la funci\u00f3n de autoabsorci\u00f3n, necesita colocarla en el agua cuando se usa. &#8211; Por favor, \u00fasalo en agua limpia y la limpieza regular prolongar\u00e1 la vida \u00fatil. &#8211; Confirma que el voltaje suministrado es estable y requerido, no la utilices en l\u00edquidos inflamables o corrosivos. &#8211; Mejor temperatura de trabajo es de 0 a 95.0 \u00b0F- Corta la alimentaci\u00f3n cuando se instala, despega o limpia &#8211; Fuente de 9.8 ft ser alcanzado conectando una tuber\u00eda de agua con 9.8 ft de longitud, no incluida. La l\u00ednea roja es un poste positivo, la l\u00ednea negra es un polo negativo;<\/p>\n","protected":false},"featured_media":1549,"comment_status":"closed","ping_status":"closed","template":"","meta":{"saved_in_kubio":false,"_joinchat":[]},"product_brand":[],"product_cat":[309],"product_tag":[],"class_list":{"0":"post-1548","1":"product","2":"type-product","3":"status-publish","4":"has-post-thumbnail","6":"product_cat-componentes-electronicos","8":"first","9":"instock","10":"taxable","11":"shipping-taxable","12":"purchasable","13":"product-type-simple"},"yoast_head":"<!-- This site is optimized with the Yoast SEO plugin v27.4 - https:\/\/yoast.com\/product\/yoast-seo-wordpress\/ -->\n<title>Mini bomba agua 12v arduino peceras 4l-min - Electronica JNC<\/title>\n<meta name=\"description\" content=\"mini bomba agua 12v arduino peceras 4l min Esta bomba sumergible est\u00e1 dise\u00f1ada para fuentes confiables. Resistente al agua y el largo tiempo de trabajo\" \/>\n<meta name=\"robots\" content=\"index, follow, max-snippet:-1, max-image-preview:large, max-video-preview:-1\" \/>\n<link rel=\"canonical\" href=\"https:\/\/www.electronicajnc.com\/web\/producto\/mini-bomba-agua-12v-arduino-peceras-4l-min\/\" \/>\n<meta property=\"og:locale\" content=\"es_ES\" \/>\n<meta property=\"og:type\" content=\"article\" \/>\n<meta property=\"og:title\" content=\"Mini bomba agua 12v arduino peceras 4l-min - Electronica JNC\" \/>\n<meta property=\"og:description\" content=\"mini bomba agua 12v arduino peceras 4l min Esta bomba sumergible est\u00e1 dise\u00f1ada para fuentes confiables. Resistente al agua y el largo tiempo de trabajo\" \/>\n<meta property=\"og:url\" content=\"https:\/\/www.electronicajnc.com\/web\/producto\/mini-bomba-agua-12v-arduino-peceras-4l-min\/\" \/>\n<meta property=\"og:site_name\" content=\"Electronica JNC\" \/>\n<meta property=\"og:image\" content=\"https:\/\/www.electronicajnc.com\/web\/wp-content\/uploads\/2024\/05\/bomba-negra.jpg\" \/>\n\t<meta property=\"og:image:width\" content=\"1028\" \/>\n\t<meta property=\"og:image:height\" content=\"1115\" \/>\n\t<meta property=\"og:image:type\" content=\"image\/jpeg\" \/>\n<meta name=\"twitter:card\" content=\"summary_large_image\" \/>\n<meta name=\"twitter:label1\" content=\"Tiempo de lectura\" \/>\n\t<meta name=\"twitter:data1\" content=\"3 minutos\" \/>\n<script type=\"application\/ld+json\" class=\"yoast-schema-graph\">{\"@context\":\"https:\\\/\\\/schema.org\",\"@graph\":[{\"@type\":\"WebPage\",\"@id\":\"https:\\\/\\\/www.electronicajnc.com\\\/web\\\/producto\\\/mini-bomba-agua-12v-arduino-peceras-4l-min\\\/\",\"url\":\"https:\\\/\\\/www.electronicajnc.com\\\/web\\\/producto\\\/mini-bomba-agua-12v-arduino-peceras-4l-min\\\/\",\"name\":\"Mini bomba agua 12v arduino peceras 4l-min - Electronica JNC\",\"isPartOf\":{\"@id\":\"https:\\\/\\\/www.electronicajnc.com\\\/web\\\/#website\"},\"primaryImageOfPage\":{\"@id\":\"https:\\\/\\\/www.electronicajnc.com\\\/web\\\/producto\\\/mini-bomba-agua-12v-arduino-peceras-4l-min\\\/#primaryimage\"},\"image\":{\"@id\":\"https:\\\/\\\/www.electronicajnc.com\\\/web\\\/producto\\\/mini-bomba-agua-12v-arduino-peceras-4l-min\\\/#primaryimage\"},\"thumbnailUrl\":\"https:\\\/\\\/www.electronicajnc.com\\\/web\\\/wp-content\\\/uploads\\\/2024\\\/05\\\/bomba-negra.jpg\",\"datePublished\":\"2024-05-21T17:31:22+00:00\",\"description\":\"mini bomba agua 12v arduino peceras 4l min Esta bomba sumergible est\u00e1 dise\u00f1ada para fuentes confiables. Resistente al agua y el largo tiempo de trabajo\",\"breadcrumb\":{\"@id\":\"https:\\\/\\\/www.electronicajnc.com\\\/web\\\/producto\\\/mini-bomba-agua-12v-arduino-peceras-4l-min\\\/#breadcrumb\"},\"inLanguage\":\"es\",\"potentialAction\":[{\"@type\":\"ReadAction\",\"target\":[\"https:\\\/\\\/www.electronicajnc.com\\\/web\\\/producto\\\/mini-bomba-agua-12v-arduino-peceras-4l-min\\\/\"]}]},{\"@type\":\"ImageObject\",\"inLanguage\":\"es\",\"@id\":\"https:\\\/\\\/www.electronicajnc.com\\\/web\\\/producto\\\/mini-bomba-agua-12v-arduino-peceras-4l-min\\\/#primaryimage\",\"url\":\"https:\\\/\\\/www.electronicajnc.com\\\/web\\\/wp-content\\\/uploads\\\/2024\\\/05\\\/bomba-negra.jpg\",\"contentUrl\":\"https:\\\/\\\/www.electronicajnc.com\\\/web\\\/wp-content\\\/uploads\\\/2024\\\/05\\\/bomba-negra.jpg\",\"width\":1028,\"height\":1115,\"caption\":\"Mini bomba agua 12v arduino peceras 4l-min\"},{\"@type\":\"BreadcrumbList\",\"@id\":\"https:\\\/\\\/www.electronicajnc.com\\\/web\\\/producto\\\/mini-bomba-agua-12v-arduino-peceras-4l-min\\\/#breadcrumb\",\"itemListElement\":[{\"@type\":\"ListItem\",\"position\":1,\"name\":\"Portada\",\"item\":\"https:\\\/\\\/www.electronicajnc.com\\\/web\\\/\"},{\"@type\":\"ListItem\",\"position\":2,\"name\":\"TIENDA\",\"item\":\"https:\\\/\\\/www.electronicajnc.com\\\/web\\\/tienda\\\/\"},{\"@type\":\"ListItem\",\"position\":3,\"name\":\"Mini bomba agua 12v arduino peceras 4l-min\"}]},{\"@type\":\"WebSite\",\"@id\":\"https:\\\/\\\/www.electronicajnc.com\\\/web\\\/#website\",\"url\":\"https:\\\/\\\/www.electronicajnc.com\\\/web\\\/\",\"name\":\"Electronica JNC\",\"description\":\"Robotica Tecnologia Mecatronica en Ecuador\",\"publisher\":{\"@id\":\"https:\\\/\\\/www.electronicajnc.com\\\/web\\\/#organization\"},\"potentialAction\":[{\"@type\":\"SearchAction\",\"target\":{\"@type\":\"EntryPoint\",\"urlTemplate\":\"https:\\\/\\\/www.electronicajnc.com\\\/web\\\/?s={search_term_string}\"},\"query-input\":{\"@type\":\"PropertyValueSpecification\",\"valueRequired\":true,\"valueName\":\"search_term_string\"}}],\"inLanguage\":\"es\"},{\"@type\":\"Organization\",\"@id\":\"https:\\\/\\\/www.electronicajnc.com\\\/web\\\/#organization\",\"name\":\"Electronica JNC\",\"url\":\"https:\\\/\\\/www.electronicajnc.com\\\/web\\\/\",\"logo\":{\"@type\":\"ImageObject\",\"inLanguage\":\"es\",\"@id\":\"https:\\\/\\\/www.electronicajnc.com\\\/web\\\/#\\\/schema\\\/logo\\\/image\\\/\",\"url\":\"https:\\\/\\\/www.electronicajnc.com\\\/web\\\/wp-content\\\/uploads\\\/2023\\\/06\\\/nuevo-logo.jpg\",\"contentUrl\":\"https:\\\/\\\/www.electronicajnc.com\\\/web\\\/wp-content\\\/uploads\\\/2023\\\/06\\\/nuevo-logo.jpg\",\"width\":1256,\"height\":612,\"caption\":\"Electronica JNC\"},\"image\":{\"@id\":\"https:\\\/\\\/www.electronicajnc.com\\\/web\\\/#\\\/schema\\\/logo\\\/image\\\/\"}}]}<\/script>\n<!-- \/ Yoast SEO plugin. -->","yoast_head_json":{"title":"Mini bomba agua 12v arduino peceras 4l-min - Electronica JNC","description":"mini bomba agua 12v arduino peceras 4l min Esta bomba sumergible est\u00e1 dise\u00f1ada para fuentes confiables. Resistente al agua y el largo tiempo de trabajo","robots":{"index":"index","follow":"follow","max-snippet":"max-snippet:-1","max-image-preview":"max-image-preview:large","max-video-preview":"max-video-preview:-1"},"canonical":"https:\/\/www.electronicajnc.com\/web\/producto\/mini-bomba-agua-12v-arduino-peceras-4l-min\/","og_locale":"es_ES","og_type":"article","og_title":"Mini bomba agua 12v arduino peceras 4l-min - Electronica JNC","og_description":"mini bomba agua 12v arduino peceras 4l min Esta bomba sumergible est\u00e1 dise\u00f1ada para fuentes confiables. Resistente al agua y el largo tiempo de trabajo","og_url":"https:\/\/www.electronicajnc.com\/web\/producto\/mini-bomba-agua-12v-arduino-peceras-4l-min\/","og_site_name":"Electronica JNC","og_image":[{"width":1028,"height":1115,"url":"https:\/\/www.electronicajnc.com\/web\/wp-content\/uploads\/2024\/05\/bomba-negra.jpg","type":"image\/jpeg"}],"twitter_card":"summary_large_image","twitter_misc":{"Tiempo de lectura":"3 minutos"},"schema":{"@context":"https:\/\/schema.org","@graph":[{"@type":"WebPage","@id":"https:\/\/www.electronicajnc.com\/web\/producto\/mini-bomba-agua-12v-arduino-peceras-4l-min\/","url":"https:\/\/www.electronicajnc.com\/web\/producto\/mini-bomba-agua-12v-arduino-peceras-4l-min\/","name":"Mini bomba agua 12v arduino peceras 4l-min - Electronica JNC","isPartOf":{"@id":"https:\/\/www.electronicajnc.com\/web\/#website"},"primaryImageOfPage":{"@id":"https:\/\/www.electronicajnc.com\/web\/producto\/mini-bomba-agua-12v-arduino-peceras-4l-min\/#primaryimage"},"image":{"@id":"https:\/\/www.electronicajnc.com\/web\/producto\/mini-bomba-agua-12v-arduino-peceras-4l-min\/#primaryimage"},"thumbnailUrl":"https:\/\/www.electronicajnc.com\/web\/wp-content\/uploads\/2024\/05\/bomba-negra.jpg","datePublished":"2024-05-21T17:31:22+00:00","description":"mini bomba agua 12v arduino peceras 4l min Esta bomba sumergible est\u00e1 dise\u00f1ada para fuentes confiables. Resistente al agua y el largo tiempo de trabajo","breadcrumb":{"@id":"https:\/\/www.electronicajnc.com\/web\/producto\/mini-bomba-agua-12v-arduino-peceras-4l-min\/#breadcrumb"},"inLanguage":"es","potentialAction":[{"@type":"ReadAction","target":["https:\/\/www.electronicajnc.com\/web\/producto\/mini-bomba-agua-12v-arduino-peceras-4l-min\/"]}]},{"@type":"ImageObject","inLanguage":"es","@id":"https:\/\/www.electronicajnc.com\/web\/producto\/mini-bomba-agua-12v-arduino-peceras-4l-min\/#primaryimage","url":"https:\/\/www.electronicajnc.com\/web\/wp-content\/uploads\/2024\/05\/bomba-negra.jpg","contentUrl":"https:\/\/www.electronicajnc.com\/web\/wp-content\/uploads\/2024\/05\/bomba-negra.jpg","width":1028,"height":1115,"caption":"Mini bomba agua 12v arduino peceras 4l-min"},{"@type":"BreadcrumbList","@id":"https:\/\/www.electronicajnc.com\/web\/producto\/mini-bomba-agua-12v-arduino-peceras-4l-min\/#breadcrumb","itemListElement":[{"@type":"ListItem","position":1,"name":"Portada","item":"https:\/\/www.electronicajnc.com\/web\/"},{"@type":"ListItem","position":2,"name":"TIENDA","item":"https:\/\/www.electronicajnc.com\/web\/tienda\/"},{"@type":"ListItem","position":3,"name":"Mini bomba agua 12v arduino peceras 4l-min"}]},{"@type":"WebSite","@id":"https:\/\/www.electronicajnc.com\/web\/#website","url":"https:\/\/www.electronicajnc.com\/web\/","name":"Electronica JNC","description":"Robotica Tecnologia Mecatronica en Ecuador","publisher":{"@id":"https:\/\/www.electronicajnc.com\/web\/#organization"},"potentialAction":[{"@type":"SearchAction","target":{"@type":"EntryPoint","urlTemplate":"https:\/\/www.electronicajnc.com\/web\/?s={search_term_string}"},"query-input":{"@type":"PropertyValueSpecification","valueRequired":true,"valueName":"search_term_string"}}],"inLanguage":"es"},{"@type":"Organization","@id":"https:\/\/www.electronicajnc.com\/web\/#organization","name":"Electronica JNC","url":"https:\/\/www.electronicajnc.com\/web\/","logo":{"@type":"ImageObject","inLanguage":"es","@id":"https:\/\/www.electronicajnc.com\/web\/#\/schema\/logo\/image\/","url":"https:\/\/www.electronicajnc.com\/web\/wp-content\/uploads\/2023\/06\/nuevo-logo.jpg","contentUrl":"https:\/\/www.electronicajnc.com\/web\/wp-content\/uploads\/2023\/06\/nuevo-logo.jpg","width":1256,"height":612,"caption":"Electronica JNC"},"image":{"@id":"https:\/\/www.electronicajnc.com\/web\/#\/schema\/logo\/image\/"}}]}},"_links":{"self":[{"href":"https:\/\/www.electronicajnc.com\/web\/wp-json\/wp\/v2\/product\/1548","targetHints":{"allow":["GET"]}}],"collection":[{"href":"https:\/\/www.electronicajnc.com\/web\/wp-json\/wp\/v2\/product"}],"about":[{"href":"https:\/\/www.electronicajnc.com\/web\/wp-json\/wp\/v2\/types\/product"}],"replies":[{"embeddable":true,"href":"https:\/\/www.electronicajnc.com\/web\/wp-json\/wp\/v2\/comments?post=1548"}],"wp:featuredmedia":[{"embeddable":true,"href":"https:\/\/www.electronicajnc.com\/web\/wp-json\/wp\/v2\/media\/1549"}],"wp:attachment":[{"href":"https:\/\/www.electronicajnc.com\/web\/wp-json\/wp\/v2\/media?parent=1548"}],"wp:term":[{"taxonomy":"product_brand","embeddable":true,"href":"https:\/\/www.electronicajnc.com\/web\/wp-json\/wp\/v2\/product_brand?post=1548"},{"taxonomy":"product_cat","embeddable":true,"href":"https:\/\/www.electronicajnc.com\/web\/wp-json\/wp\/v2\/product_cat?post=1548"},{"taxonomy":"product_tag","embeddable":true,"href":"https:\/\/www.electronicajnc.com\/web\/wp-json\/wp\/v2\/product_tag?post=1548"}],"curies":[{"name":"wp","href":"https:\/\/api.w.org\/{rel}","templated":true}]}}