{"id":1563,"date":"2024-05-29T15:34:58","date_gmt":"2024-05-29T15:34:58","guid":{"rendered":"https:\/\/www.electronicajnc.com\/web\/?post_type=product&#038;p=1563"},"modified":"2024-06-27T16:53:40","modified_gmt":"2024-06-27T16:53:40","slug":"modulo-de-relay-de-5v-de-4-canales","status":"publish","type":"product","link":"https:\/\/www.electronicajnc.com\/web\/producto\/modulo-de-relay-de-5v-de-4-canales\/","title":{"rendered":"M\u00f3dulo de relay de 5V de 4 canales"},"content":{"rendered":"<p id=\"productName\" class=\"productGeneral\">M\u00f3dulo de relay de 5V de 4 canales.<\/p>\n<p>Modulo de relevadores (reles) para conmutacion de cargas de potencia. Los contactos de los relevadores estan dise\u00f1ados para conmutar cargas de hasta 10A y 250VAC (30VDC). Las entradas de control se encuentran aisladas con optoacopladores para minimizar el ruido percibido por el circuito de control mientras se realiza la conmutacion de la carga. La se\u00f1al de control puede provenir de cualquier circuito de control TTL o CMOS como puede ser un microcontrolador. Este modulo es ideal para conmutar cargas de corriente alterna conectadas a la red electrica. Soporta todos los microcontroladores, aplicaciones en zonas industriales, control del PLC, entre otros. Este modulo es capaz de controlar varios equipamientos de alta corriente durante un tiempo prolongado. Puede ser controlado por muchos microcontroladores como Arduino, 8051, AVR, PIC, DSP, ARM, MSP430, TTL.<\/p>\n<h1 id=\"productName\" class=\"productGeneral\">M\u00f3dulo de relay de 5V de 4 canales.<\/h1>\n<p><strong>Especificaciones:<\/strong><\/p>\n<ul>\n<li>4 canales independientes protegidos con optoacopladores<\/li>\n<li>4 Rel\u00e9s<\/li>\n<li>El voltaje de la bobina del rel\u00e9 es de 5 VDC<\/li>\n<li>Led indicador para cada canal (enciende cuando la bobina del rel\u00e9 esta activa)<\/li>\n<li>Activado mediante corriente: el circuito de control debe proveer una corriente de 15 a 20 mA<\/li>\n<li>Terminales de conexi\u00f3n de tornillo (clemas)<\/li>\n<li>Terminales de entrada de se\u00f1al l\u00f3gica con headers macho.<\/li>\n<li>Medidas 10 x 8 x 6 cm<\/li>\n<\/ul>\n<div>\n<h2><b>\u00bfD\u00f3nde<\/b><strong>\u00a0conseguir ?<\/strong><\/h2>\n<\/div>\n<p>Puedes conseguir este producto y mucho mas en nuestra tienda de electr\u00f3nica \u201cElectr\u00f3nica JNC\u201d a un excelente precio, de igual manera puedes preguntar por otros productos que tenemos para ti y as\u00ed adquirirlos seg\u00fan tu necesidad para\u00a0 tus proyectos.<\/p>\n<p>Adem\u00e1s de vender realizamos todo tipo de proyectos de Rob\u00f3tica Electr\u00f3nica y de Programaci\u00f3n en Arduino-Raspberry, brindamos asesoramiento en la elaboraci\u00f3n de proyectos y personalizamos sus clases cuando deseas armar un robot.<\/p>\n<p>Somos importadores Directos de todo en Electr\u00f3nica y Rob\u00f3tica directamente desde los fabricantes, a los mejores precios del mercado.<\/p>\n<div class=\"x11i5rnm xat24cr x1mh8g0r x1vvkbs xtlvy1s x126k92a\">\n<div dir=\"auto\">SERVICIO PERSONALIZADO, APOYO TEORICO Y VENTA DE MATERIAL<\/div>\n<\/div>\n<div class=\"x11i5rnm xat24cr x1mh8g0r x1vvkbs xtlvy1s x126k92a\">\n<div dir=\"auto\">COTIZA CON NOSOTROS<\/div>\n<div dir=\"auto\">SERVICIO, EXPERIENCIA, CALIDAD Y CONFIANZA<\/div>\n<div dir=\"auto\">\u00abTodo lo que buscas en un solo lugar\u00bb<\/div>\n<\/div>\n<div dir=\"auto\"><\/div>\n<p><img decoding=\"async\" class=\"aligncenter\" src=\"https:\/\/images.ua.prom.st\/1494267654_1494267654.jpg?PImaGE_ID=1494267654\" \/><\/p>\n<p style=\"text-align: center;\">Realizar un pedido en la web o por \u00a0<a href=\"https:\/\/api.whatsapp.com\/send?phone=593958753126\" target=\"_blank\" rel=\"noopener\">WHATSAPP<\/a>.<\/p>\n<p><img decoding=\"async\" class=\"aligncenter\" src=\"https:\/\/images.ua.prom.st\/1494267867_1494267867.jpg?PImaGE_ID=1494267867\" \/><\/p>\n<p style=\"text-align: center;\">Consulta con un asesor\u00a0 todas tus inquietudes.<\/p>\n<p><img decoding=\"async\" class=\"aligncenter\" src=\"https:\/\/images.ua.prom.st\/1494266627_1494266627.jpg?PImaGE_ID=1494266627\" \/><\/p>\n<p style=\"text-align: center;\">Pregunta las formas de pago.<\/p>\n<p><img decoding=\"async\" class=\"aligncenter\" src=\"https:\/\/images.ua.prom.st\/1494267985_1494267985.jpg?PImaGE_ID=1494267985\" \/><\/p>\n<p style=\"text-align: center;\">Tu pedido llega a la puerta de tu casa.<\/p>\n<p>&nbsp;<\/p>\n<p><strong>\u00a1\u00a1 PREG\u00daNTANOS Sin compromiso !!!!<\/strong><\/p>\n<p>Puede retirar sus pedidos en nuestra\u00a0<a href=\"https:\/\/www.electronicajnc.com\/web\/contactos\" target=\"_blank\" rel=\"noopener\">TIENDA F\u00cdSICA<\/a>\u00a0o realizar sus pedidos\u00a0<a href=\"https:\/\/www.electronicajnc.com\/web\/mi-cuenta\" target=\"_blank\" rel=\"noopener\">ONLINE<\/a>\u00a0o por\u00a0<a href=\"https:\/\/api.whatsapp.com\/send?phone=593958753126\" target=\"_blank\" rel=\"noopener\">WHATSAPP<\/a>.<\/p>\n","protected":false},"excerpt":{"rendered":"<p>M\u00f3dulo de relay de 5V de 4 canales. Modulo de relevadores (reles) para conmutacion de cargas de potencia. Los contactos de los relevadores estan dise\u00f1ados para conmutar cargas de hasta 10A y 250VAC (30VDC). Las entradas de control se encuentran aisladas con optoacopladores para minimizar el ruido percibido por el circuito de control mientras se [&hellip;]<\/p>\n","protected":false},"featured_media":1564,"comment_status":"closed","ping_status":"closed","template":"","meta":{"saved_in_kubio":false,"_joinchat":[]},"product_brand":[],"product_cat":[21],"product_tag":[600,1031,1039,1040],"class_list":{"0":"post-1563","1":"product","2":"type-product","3":"status-publish","4":"has-post-thumbnail","6":"product_cat-modulos_sensores","7":"product_tag-regulador-de-voltaje","8":"product_tag-rele","9":"product_tag-rele-5v","10":"product_tag-rele-optoacoplado","12":"first","13":"instock","14":"taxable","15":"shipping-taxable","16":"purchasable","17":"product-type-simple"},"yoast_head":"<!-- This site is optimized with the Yoast SEO plugin v27.4 - https:\/\/yoast.com\/product\/yoast-seo-wordpress\/ -->\n<title>M\u00f3dulo de relay de 5V de 4 canales - Electronica JNC<\/title>\n<meta name=\"description\" content=\"M\u00f3dulo de relay de 5V de 4 canales. Cada canal es controlado por una entrada TTL, la cual puede ser f\u00e1cilmente controlada por una placa Arduino.\" \/>\n<meta name=\"robots\" content=\"index, follow, max-snippet:-1, max-image-preview:large, max-video-preview:-1\" \/>\n<link rel=\"canonical\" href=\"https:\/\/www.electronicajnc.com\/web\/producto\/modulo-de-relay-de-5v-de-4-canales\/\" \/>\n<meta property=\"og:locale\" content=\"es_ES\" \/>\n<meta property=\"og:type\" content=\"article\" \/>\n<meta property=\"og:title\" content=\"M\u00f3dulo de relay de 5V de 4 canales - Electronica JNC\" \/>\n<meta property=\"og:description\" content=\"M\u00f3dulo de relay de 5V de 4 canales. Cada canal es controlado por una entrada TTL, la cual puede ser f\u00e1cilmente controlada por una placa Arduino.\" \/>\n<meta property=\"og:url\" content=\"https:\/\/www.electronicajnc.com\/web\/producto\/modulo-de-relay-de-5v-de-4-canales\/\" \/>\n<meta property=\"og:site_name\" content=\"Electronica JNC\" \/>\n<meta property=\"article:modified_time\" content=\"2024-06-27T16:53:40+00:00\" \/>\n<meta property=\"og:image\" content=\"https:\/\/www.electronicajnc.com\/web\/wp-content\/uploads\/2024\/05\/rele-4-canales.jpg\" \/>\n\t<meta property=\"og:image:width\" content=\"1028\" \/>\n\t<meta property=\"og:image:height\" content=\"993\" \/>\n\t<meta property=\"og:image:type\" content=\"image\/jpeg\" \/>\n<meta name=\"twitter:card\" content=\"summary_large_image\" \/>\n<meta name=\"twitter:label1\" content=\"Tiempo de lectura\" \/>\n\t<meta name=\"twitter:data1\" content=\"3 minutos\" \/>\n<script type=\"application\/ld+json\" class=\"yoast-schema-graph\">{\"@context\":\"https:\\\/\\\/schema.org\",\"@graph\":[{\"@type\":\"WebPage\",\"@id\":\"https:\\\/\\\/www.electronicajnc.com\\\/web\\\/producto\\\/modulo-de-relay-de-5v-de-4-canales\\\/\",\"url\":\"https:\\\/\\\/www.electronicajnc.com\\\/web\\\/producto\\\/modulo-de-relay-de-5v-de-4-canales\\\/\",\"name\":\"M\u00f3dulo de relay de 5V de 4 canales - Electronica JNC\",\"isPartOf\":{\"@id\":\"https:\\\/\\\/www.electronicajnc.com\\\/web\\\/#website\"},\"primaryImageOfPage\":{\"@id\":\"https:\\\/\\\/www.electronicajnc.com\\\/web\\\/producto\\\/modulo-de-relay-de-5v-de-4-canales\\\/#primaryimage\"},\"image\":{\"@id\":\"https:\\\/\\\/www.electronicajnc.com\\\/web\\\/producto\\\/modulo-de-relay-de-5v-de-4-canales\\\/#primaryimage\"},\"thumbnailUrl\":\"https:\\\/\\\/www.electronicajnc.com\\\/web\\\/wp-content\\\/uploads\\\/2024\\\/05\\\/rele-4-canales.jpg\",\"datePublished\":\"2024-05-29T15:34:58+00:00\",\"dateModified\":\"2024-06-27T16:53:40+00:00\",\"description\":\"M\u00f3dulo de relay de 5V de 4 canales. Cada canal es controlado por una entrada TTL, la cual puede ser f\u00e1cilmente controlada por una placa Arduino.\",\"breadcrumb\":{\"@id\":\"https:\\\/\\\/www.electronicajnc.com\\\/web\\\/producto\\\/modulo-de-relay-de-5v-de-4-canales\\\/#breadcrumb\"},\"inLanguage\":\"es\",\"potentialAction\":[{\"@type\":\"ReadAction\",\"target\":[\"https:\\\/\\\/www.electronicajnc.com\\\/web\\\/producto\\\/modulo-de-relay-de-5v-de-4-canales\\\/\"]}]},{\"@type\":\"ImageObject\",\"inLanguage\":\"es\",\"@id\":\"https:\\\/\\\/www.electronicajnc.com\\\/web\\\/producto\\\/modulo-de-relay-de-5v-de-4-canales\\\/#primaryimage\",\"url\":\"https:\\\/\\\/www.electronicajnc.com\\\/web\\\/wp-content\\\/uploads\\\/2024\\\/05\\\/rele-4-canales.jpg\",\"contentUrl\":\"https:\\\/\\\/www.electronicajnc.com\\\/web\\\/wp-content\\\/uploads\\\/2024\\\/05\\\/rele-4-canales.jpg\",\"width\":1028,\"height\":993,\"caption\":\"M\u00f3dulo de 4 rel\u00e9s con optoacoplador\"},{\"@type\":\"BreadcrumbList\",\"@id\":\"https:\\\/\\\/www.electronicajnc.com\\\/web\\\/producto\\\/modulo-de-relay-de-5v-de-4-canales\\\/#breadcrumb\",\"itemListElement\":[{\"@type\":\"ListItem\",\"position\":1,\"name\":\"Portada\",\"item\":\"https:\\\/\\\/www.electronicajnc.com\\\/web\\\/\"},{\"@type\":\"ListItem\",\"position\":2,\"name\":\"TIENDA\",\"item\":\"https:\\\/\\\/www.electronicajnc.com\\\/web\\\/tienda\\\/\"},{\"@type\":\"ListItem\",\"position\":3,\"name\":\"M\u00f3dulo de relay de 5V de 4 canales\"}]},{\"@type\":\"WebSite\",\"@id\":\"https:\\\/\\\/www.electronicajnc.com\\\/web\\\/#website\",\"url\":\"https:\\\/\\\/www.electronicajnc.com\\\/web\\\/\",\"name\":\"Electronica JNC\",\"description\":\"Robotica Tecnologia Mecatronica en Ecuador\",\"publisher\":{\"@id\":\"https:\\\/\\\/www.electronicajnc.com\\\/web\\\/#organization\"},\"potentialAction\":[{\"@type\":\"SearchAction\",\"target\":{\"@type\":\"EntryPoint\",\"urlTemplate\":\"https:\\\/\\\/www.electronicajnc.com\\\/web\\\/?s={search_term_string}\"},\"query-input\":{\"@type\":\"PropertyValueSpecification\",\"valueRequired\":true,\"valueName\":\"search_term_string\"}}],\"inLanguage\":\"es\"},{\"@type\":\"Organization\",\"@id\":\"https:\\\/\\\/www.electronicajnc.com\\\/web\\\/#organization\",\"name\":\"Electronica JNC\",\"url\":\"https:\\\/\\\/www.electronicajnc.com\\\/web\\\/\",\"logo\":{\"@type\":\"ImageObject\",\"inLanguage\":\"es\",\"@id\":\"https:\\\/\\\/www.electronicajnc.com\\\/web\\\/#\\\/schema\\\/logo\\\/image\\\/\",\"url\":\"https:\\\/\\\/www.electronicajnc.com\\\/web\\\/wp-content\\\/uploads\\\/2023\\\/06\\\/nuevo-logo.jpg\",\"contentUrl\":\"https:\\\/\\\/www.electronicajnc.com\\\/web\\\/wp-content\\\/uploads\\\/2023\\\/06\\\/nuevo-logo.jpg\",\"width\":1256,\"height\":612,\"caption\":\"Electronica JNC\"},\"image\":{\"@id\":\"https:\\\/\\\/www.electronicajnc.com\\\/web\\\/#\\\/schema\\\/logo\\\/image\\\/\"}}]}<\/script>\n<!-- \/ Yoast SEO plugin. -->","yoast_head_json":{"title":"M\u00f3dulo de relay de 5V de 4 canales - Electronica JNC","description":"M\u00f3dulo de relay de 5V de 4 canales. Cada canal es controlado por una entrada TTL, la cual puede ser f\u00e1cilmente controlada por una placa Arduino.","robots":{"index":"index","follow":"follow","max-snippet":"max-snippet:-1","max-image-preview":"max-image-preview:large","max-video-preview":"max-video-preview:-1"},"canonical":"https:\/\/www.electronicajnc.com\/web\/producto\/modulo-de-relay-de-5v-de-4-canales\/","og_locale":"es_ES","og_type":"article","og_title":"M\u00f3dulo de relay de 5V de 4 canales - Electronica JNC","og_description":"M\u00f3dulo de relay de 5V de 4 canales. Cada canal es controlado por una entrada TTL, la cual puede ser f\u00e1cilmente controlada por una placa Arduino.","og_url":"https:\/\/www.electronicajnc.com\/web\/producto\/modulo-de-relay-de-5v-de-4-canales\/","og_site_name":"Electronica JNC","article_modified_time":"2024-06-27T16:53:40+00:00","og_image":[{"width":1028,"height":993,"url":"https:\/\/www.electronicajnc.com\/web\/wp-content\/uploads\/2024\/05\/rele-4-canales.jpg","type":"image\/jpeg"}],"twitter_card":"summary_large_image","twitter_misc":{"Tiempo de lectura":"3 minutos"},"schema":{"@context":"https:\/\/schema.org","@graph":[{"@type":"WebPage","@id":"https:\/\/www.electronicajnc.com\/web\/producto\/modulo-de-relay-de-5v-de-4-canales\/","url":"https:\/\/www.electronicajnc.com\/web\/producto\/modulo-de-relay-de-5v-de-4-canales\/","name":"M\u00f3dulo de relay de 5V de 4 canales - Electronica JNC","isPartOf":{"@id":"https:\/\/www.electronicajnc.com\/web\/#website"},"primaryImageOfPage":{"@id":"https:\/\/www.electronicajnc.com\/web\/producto\/modulo-de-relay-de-5v-de-4-canales\/#primaryimage"},"image":{"@id":"https:\/\/www.electronicajnc.com\/web\/producto\/modulo-de-relay-de-5v-de-4-canales\/#primaryimage"},"thumbnailUrl":"https:\/\/www.electronicajnc.com\/web\/wp-content\/uploads\/2024\/05\/rele-4-canales.jpg","datePublished":"2024-05-29T15:34:58+00:00","dateModified":"2024-06-27T16:53:40+00:00","description":"M\u00f3dulo de relay de 5V de 4 canales. Cada canal es controlado por una entrada TTL, la cual puede ser f\u00e1cilmente controlada por una placa Arduino.","breadcrumb":{"@id":"https:\/\/www.electronicajnc.com\/web\/producto\/modulo-de-relay-de-5v-de-4-canales\/#breadcrumb"},"inLanguage":"es","potentialAction":[{"@type":"ReadAction","target":["https:\/\/www.electronicajnc.com\/web\/producto\/modulo-de-relay-de-5v-de-4-canales\/"]}]},{"@type":"ImageObject","inLanguage":"es","@id":"https:\/\/www.electronicajnc.com\/web\/producto\/modulo-de-relay-de-5v-de-4-canales\/#primaryimage","url":"https:\/\/www.electronicajnc.com\/web\/wp-content\/uploads\/2024\/05\/rele-4-canales.jpg","contentUrl":"https:\/\/www.electronicajnc.com\/web\/wp-content\/uploads\/2024\/05\/rele-4-canales.jpg","width":1028,"height":993,"caption":"M\u00f3dulo de 4 rel\u00e9s con optoacoplador"},{"@type":"BreadcrumbList","@id":"https:\/\/www.electronicajnc.com\/web\/producto\/modulo-de-relay-de-5v-de-4-canales\/#breadcrumb","itemListElement":[{"@type":"ListItem","position":1,"name":"Portada","item":"https:\/\/www.electronicajnc.com\/web\/"},{"@type":"ListItem","position":2,"name":"TIENDA","item":"https:\/\/www.electronicajnc.com\/web\/tienda\/"},{"@type":"ListItem","position":3,"name":"M\u00f3dulo de relay de 5V de 4 canales"}]},{"@type":"WebSite","@id":"https:\/\/www.electronicajnc.com\/web\/#website","url":"https:\/\/www.electronicajnc.com\/web\/","name":"Electronica JNC","description":"Robotica Tecnologia Mecatronica en Ecuador","publisher":{"@id":"https:\/\/www.electronicajnc.com\/web\/#organization"},"potentialAction":[{"@type":"SearchAction","target":{"@type":"EntryPoint","urlTemplate":"https:\/\/www.electronicajnc.com\/web\/?s={search_term_string}"},"query-input":{"@type":"PropertyValueSpecification","valueRequired":true,"valueName":"search_term_string"}}],"inLanguage":"es"},{"@type":"Organization","@id":"https:\/\/www.electronicajnc.com\/web\/#organization","name":"Electronica JNC","url":"https:\/\/www.electronicajnc.com\/web\/","logo":{"@type":"ImageObject","inLanguage":"es","@id":"https:\/\/www.electronicajnc.com\/web\/#\/schema\/logo\/image\/","url":"https:\/\/www.electronicajnc.com\/web\/wp-content\/uploads\/2023\/06\/nuevo-logo.jpg","contentUrl":"https:\/\/www.electronicajnc.com\/web\/wp-content\/uploads\/2023\/06\/nuevo-logo.jpg","width":1256,"height":612,"caption":"Electronica JNC"},"image":{"@id":"https:\/\/www.electronicajnc.com\/web\/#\/schema\/logo\/image\/"}}]}},"_links":{"self":[{"href":"https:\/\/www.electronicajnc.com\/web\/wp-json\/wp\/v2\/product\/1563","targetHints":{"allow":["GET"]}}],"collection":[{"href":"https:\/\/www.electronicajnc.com\/web\/wp-json\/wp\/v2\/product"}],"about":[{"href":"https:\/\/www.electronicajnc.com\/web\/wp-json\/wp\/v2\/types\/product"}],"replies":[{"embeddable":true,"href":"https:\/\/www.electronicajnc.com\/web\/wp-json\/wp\/v2\/comments?post=1563"}],"wp:featuredmedia":[{"embeddable":true,"href":"https:\/\/www.electronicajnc.com\/web\/wp-json\/wp\/v2\/media\/1564"}],"wp:attachment":[{"href":"https:\/\/www.electronicajnc.com\/web\/wp-json\/wp\/v2\/media?parent=1563"}],"wp:term":[{"taxonomy":"product_brand","embeddable":true,"href":"https:\/\/www.electronicajnc.com\/web\/wp-json\/wp\/v2\/product_brand?post=1563"},{"taxonomy":"product_cat","embeddable":true,"href":"https:\/\/www.electronicajnc.com\/web\/wp-json\/wp\/v2\/product_cat?post=1563"},{"taxonomy":"product_tag","embeddable":true,"href":"https:\/\/www.electronicajnc.com\/web\/wp-json\/wp\/v2\/product_tag?post=1563"}],"curies":[{"name":"wp","href":"https:\/\/api.w.org\/{rel}","templated":true}]}}