{"id":1608,"date":"2024-06-26T00:45:43","date_gmt":"2024-06-26T00:45:43","guid":{"rendered":"https:\/\/www.electronicajnc.com\/web\/?post_type=product&#038;p=1608"},"modified":"2024-06-26T01:07:11","modified_gmt":"2024-06-26T01:07:11","slug":"pickit-3-programador-con-cables-dupont-usb-interface-icsp","status":"publish","type":"product","link":"https:\/\/www.electronicajnc.com\/web\/producto\/pickit-3-programador-con-cables-dupont-usb-interface-icsp\/","title":{"rendered":"PICkit 3 Programador con Cables Dupont \/ USB Interface ICSP"},"content":{"rendered":"<p class=\"product-title product_title entry-title\">PICkit 3 Programador con Cables Dupont \/ USB Interface ICSP<\/p>\n<p>El programador PICkit 3 es un dispositivo de hardware utilizado para programar y depurar microcontroladores de la familia PIC (Peripheral Interface Controller) fabricados por Microchip. Permite cargar firmware (programas) en el microcontrolador y tambi\u00e9n se puede utilizar para depurar programas en tiempo real, lo que facilita el desarrollo y la depuraci\u00f3n de software para sistemas embebidos basados en microcontroladores PIC. Incluye<strong>:<\/strong><\/p>\n<ul>\n<li>PICkit 3<\/li>\n<li>Cable USB<\/li>\n<li>Cable Dupont largo MM<\/li>\n<li>Adaptador universal<\/li>\n<\/ul>\n<p>El programador PICkit 3 tiene varias funciones esenciales:<\/p>\n<ul>\n<li><strong>Programaci\u00f3n:<\/strong>\u00a0Permite cargar el c\u00f3digo de firmware generado en un microcontrolador PIC para que funcione seg\u00fan las especificaciones del proyecto.<\/li>\n<li><strong>Depuraci\u00f3n:<\/strong>\u00a0Facilita la depuraci\u00f3n de programas en tiempo real, lo que significa que puedes rastrear y solucionar problemas en el c\u00f3digo mientras el microcontrolador est\u00e1 en funcionamiento.<\/li>\n<li><strong>Configuraci\u00f3n de registros:<\/strong>\u00a0Permite configurar los registros del microcontrolador, lo que es fundamental para ajustar su comportamiento.<\/li>\n<\/ul>\n<h1 class=\"product-title product_title entry-title\">PICkit 3 Programador con Cables Dupont \/ USB Interface ICSP<\/h1>\n<div>\n<h2><b>\u00bfD\u00f3nde<\/b><strong>\u00a0conseguir ?<\/strong><\/h2>\n<\/div>\n<p>Puedes conseguir este producto y mucho mas en nuestra tienda de electr\u00f3nica \u201cElectr\u00f3nica JNC\u201d a un excelente precio, de igual manera puedes preguntar por otros productos que tenemos para ti y as\u00ed adquirirlos seg\u00fan tu necesidad para\u00a0 tus proyectos.<\/p>\n<p>Adem\u00e1s de vender realizamos todo tipo de proyectos de Rob\u00f3tica Electr\u00f3nica y de Programaci\u00f3n en Arduino-Raspberry, brindamos asesoramiento en la elaboraci\u00f3n de proyectos y personalizamos sus clases cuando deseas armar un robot.<\/p>\n<p>Somos importadores Directos de todo en Electr\u00f3nica y Rob\u00f3tica directamente desde los fabricantes, a los mejores precios del mercado.<\/p>\n<div class=\"x11i5rnm xat24cr x1mh8g0r x1vvkbs xtlvy1s x126k92a\">\n<div dir=\"auto\">SERVICIO PERSONALIZADO, APOYO TEORICO Y VENTA DE MATERIAL<\/div>\n<\/div>\n<div class=\"x11i5rnm xat24cr x1mh8g0r x1vvkbs xtlvy1s x126k92a\">\n<div dir=\"auto\">COTIZA CON NOSOTROS<\/div>\n<div dir=\"auto\">SERVICIO, EXPERIENCIA, CALIDAD Y CONFIANZA<\/div>\n<div dir=\"auto\">\u00abTodo lo que buscas en un solo lugar\u00bb<\/div>\n<\/div>\n<div dir=\"auto\"><\/div>\n<p><img decoding=\"async\" class=\"aligncenter\" src=\"https:\/\/images.ua.prom.st\/1494267654_1494267654.jpg?PImaGE_ID=1494267654\" \/><\/p>\n<p style=\"text-align: center;\">Realizar un pedido en la web o por \u00a0<a href=\"https:\/\/api.whatsapp.com\/send?phone=593958753126\" target=\"_blank\" rel=\"noopener\">WHATSAPP<\/a>.<\/p>\n<p><img decoding=\"async\" class=\"aligncenter\" src=\"https:\/\/images.ua.prom.st\/1494267867_1494267867.jpg?PImaGE_ID=1494267867\" \/><\/p>\n<p style=\"text-align: center;\">Consulta con un asesor\u00a0 todas tus inquietudes.<\/p>\n<p><img decoding=\"async\" class=\"aligncenter\" src=\"https:\/\/images.ua.prom.st\/1494266627_1494266627.jpg?PImaGE_ID=1494266627\" \/><\/p>\n<p style=\"text-align: center;\">Pregunta las formas de pago.<\/p>\n<p><img decoding=\"async\" class=\"aligncenter\" src=\"https:\/\/images.ua.prom.st\/1494267985_1494267985.jpg?PImaGE_ID=1494267985\" \/><\/p>\n<p style=\"text-align: center;\">Tu pedido llega a la puerta de tu casa.<\/p>\n<p>&nbsp;<\/p>\n<p><strong>\u00a1\u00a1 PREG\u00daNTANOS Sin compromiso !!!!<\/strong><\/p>\n<p>Puede retirar sus pedidos en nuestra\u00a0<a href=\"https:\/\/www.electronicajnc.com\/web\/contactos\" target=\"_blank\" rel=\"noopener\">TIENDA F\u00cdSICA<\/a>\u00a0o realizar sus pedidos\u00a0<a href=\"https:\/\/www.electronicajnc.com\/web\/mi-cuenta\" target=\"_blank\" rel=\"noopener\">ONLINE<\/a>\u00a0o por\u00a0<a href=\"https:\/\/api.whatsapp.com\/send?phone=593958753126\" target=\"_blank\" rel=\"noopener\">WHATSAPP<\/a>.<\/p>\n<p>&nbsp;<\/p>\n","protected":false},"excerpt":{"rendered":"<p>PICkit 3 Programador con Cables Dupont \/ USB Interface ICSP El programador PICkit 3 es un dispositivo de hardware utilizado para programar y depurar microcontroladores de la familia PIC (Peripheral Interface Controller) fabricados por Microchip. Permite cargar firmware (programas) en el microcontrolador y tambi\u00e9n se puede utilizar para depurar programas en tiempo real, lo que [&hellip;]<\/p>\n","protected":false},"featured_media":1609,"comment_status":"closed","ping_status":"closed","template":"","meta":{"saved_in_kubio":false,"_joinchat":[]},"product_brand":[],"product_cat":[70,15],"product_tag":[1088,195,1089,278,1000,1090,227,1091,1092,32,852,1093,520],"class_list":{"0":"post-1608","1":"product","2":"type-product","3":"status-publish","4":"has-post-thumbnail","6":"product_cat-electronica_herramientas","7":"product_cat-sin-categorizar","8":"product_tag-12mbits","9":"product_tag-5v","10":"product_tag-depuracion","11":"product_tag-kit","12":"product_tag-microchip","13":"product_tag-mplab","14":"product_tag-pic","15":"product_tag-pickit","16":"product_tag-pickit-3","17":"product_tag-programacion","18":"product_tag-programador","19":"product_tag-programadores","20":"product_tag-usb","22":"first","23":"instock","24":"taxable","25":"shipping-taxable","26":"product-type-simple"},"yoast_head":"<!-- This site is optimized with the Yoast SEO plugin v27.5 - https:\/\/yoast.com\/product\/yoast-seo-wordpress\/ -->\n<title>PICkit 3 Programador con Cables Dupont \/ USB Interface ICSP - Electronica JNC<\/title>\n<meta name=\"description\" content=\"PICkit 3 Programador con Cables Dupont \/ USB Interface ICSP Permite cargar firmware (programas) en el microcontrolador en tiempo real\" \/>\n<meta name=\"robots\" content=\"index, follow, max-snippet:-1, max-image-preview:large, max-video-preview:-1\" \/>\n<link rel=\"canonical\" href=\"https:\/\/www.electronicajnc.com\/web\/producto\/pickit-3-programador-con-cables-dupont-usb-interface-icsp\/\" \/>\n<meta property=\"og:locale\" content=\"es_ES\" \/>\n<meta property=\"og:type\" content=\"article\" \/>\n<meta property=\"og:title\" content=\"PICkit 3 Programador con Cables Dupont \/ USB Interface ICSP - Electronica JNC\" \/>\n<meta property=\"og:description\" content=\"PICkit 3 Programador con Cables Dupont \/ USB Interface ICSP Permite cargar firmware (programas) en el microcontrolador en tiempo real\" \/>\n<meta property=\"og:url\" content=\"https:\/\/www.electronicajnc.com\/web\/producto\/pickit-3-programador-con-cables-dupont-usb-interface-icsp\/\" \/>\n<meta property=\"og:site_name\" content=\"Electronica JNC\" \/>\n<meta property=\"article:modified_time\" content=\"2024-06-26T01:07:11+00:00\" \/>\n<meta property=\"og:image\" content=\"https:\/\/www.electronicajnc.com\/web\/wp-content\/uploads\/2024\/06\/pickit-3.jpg\" \/>\n\t<meta property=\"og:image:width\" content=\"1028\" \/>\n\t<meta property=\"og:image:height\" content=\"1115\" \/>\n\t<meta property=\"og:image:type\" content=\"image\/jpeg\" \/>\n<meta name=\"twitter:card\" content=\"summary_large_image\" \/>\n<meta name=\"twitter:label1\" content=\"Tiempo de lectura\" \/>\n\t<meta name=\"twitter:data1\" content=\"3 minutos\" \/>\n<script type=\"application\/ld+json\" class=\"yoast-schema-graph\">{\"@context\":\"https:\\\/\\\/schema.org\",\"@graph\":[{\"@type\":\"WebPage\",\"@id\":\"https:\\\/\\\/www.electronicajnc.com\\\/web\\\/producto\\\/pickit-3-programador-con-cables-dupont-usb-interface-icsp\\\/\",\"url\":\"https:\\\/\\\/www.electronicajnc.com\\\/web\\\/producto\\\/pickit-3-programador-con-cables-dupont-usb-interface-icsp\\\/\",\"name\":\"PICkit 3 Programador con Cables Dupont \\\/ USB Interface ICSP - Electronica JNC\",\"isPartOf\":{\"@id\":\"https:\\\/\\\/www.electronicajnc.com\\\/web\\\/#website\"},\"primaryImageOfPage\":{\"@id\":\"https:\\\/\\\/www.electronicajnc.com\\\/web\\\/producto\\\/pickit-3-programador-con-cables-dupont-usb-interface-icsp\\\/#primaryimage\"},\"image\":{\"@id\":\"https:\\\/\\\/www.electronicajnc.com\\\/web\\\/producto\\\/pickit-3-programador-con-cables-dupont-usb-interface-icsp\\\/#primaryimage\"},\"thumbnailUrl\":\"https:\\\/\\\/www.electronicajnc.com\\\/web\\\/wp-content\\\/uploads\\\/2024\\\/06\\\/pickit-3.jpg\",\"datePublished\":\"2024-06-26T00:45:43+00:00\",\"dateModified\":\"2024-06-26T01:07:11+00:00\",\"description\":\"PICkit 3 Programador con Cables Dupont \\\/ USB Interface ICSP Permite cargar firmware (programas) en el microcontrolador en tiempo real\",\"breadcrumb\":{\"@id\":\"https:\\\/\\\/www.electronicajnc.com\\\/web\\\/producto\\\/pickit-3-programador-con-cables-dupont-usb-interface-icsp\\\/#breadcrumb\"},\"inLanguage\":\"es\",\"potentialAction\":[{\"@type\":\"ReadAction\",\"target\":[\"https:\\\/\\\/www.electronicajnc.com\\\/web\\\/producto\\\/pickit-3-programador-con-cables-dupont-usb-interface-icsp\\\/\"]}]},{\"@type\":\"ImageObject\",\"inLanguage\":\"es\",\"@id\":\"https:\\\/\\\/www.electronicajnc.com\\\/web\\\/producto\\\/pickit-3-programador-con-cables-dupont-usb-interface-icsp\\\/#primaryimage\",\"url\":\"https:\\\/\\\/www.electronicajnc.com\\\/web\\\/wp-content\\\/uploads\\\/2024\\\/06\\\/pickit-3.jpg\",\"contentUrl\":\"https:\\\/\\\/www.electronicajnc.com\\\/web\\\/wp-content\\\/uploads\\\/2024\\\/06\\\/pickit-3.jpg\",\"width\":1028,\"height\":1115,\"caption\":\"Programador Grabador de pic Pickit 3 Kit Microchip\"},{\"@type\":\"BreadcrumbList\",\"@id\":\"https:\\\/\\\/www.electronicajnc.com\\\/web\\\/producto\\\/pickit-3-programador-con-cables-dupont-usb-interface-icsp\\\/#breadcrumb\",\"itemListElement\":[{\"@type\":\"ListItem\",\"position\":1,\"name\":\"Portada\",\"item\":\"https:\\\/\\\/www.electronicajnc.com\\\/web\\\/\"},{\"@type\":\"ListItem\",\"position\":2,\"name\":\"TIENDA\",\"item\":\"https:\\\/\\\/www.electronicajnc.com\\\/web\\\/tienda\\\/\"},{\"@type\":\"ListItem\",\"position\":3,\"name\":\"PICkit 3 Programador con Cables Dupont \\\/ USB Interface ICSP\"}]},{\"@type\":\"WebSite\",\"@id\":\"https:\\\/\\\/www.electronicajnc.com\\\/web\\\/#website\",\"url\":\"https:\\\/\\\/www.electronicajnc.com\\\/web\\\/\",\"name\":\"Electronica JNC\",\"description\":\"Robotica Tecnologia Mecatronica en Ecuador\",\"publisher\":{\"@id\":\"https:\\\/\\\/www.electronicajnc.com\\\/web\\\/#organization\"},\"potentialAction\":[{\"@type\":\"SearchAction\",\"target\":{\"@type\":\"EntryPoint\",\"urlTemplate\":\"https:\\\/\\\/www.electronicajnc.com\\\/web\\\/?s={search_term_string}\"},\"query-input\":{\"@type\":\"PropertyValueSpecification\",\"valueRequired\":true,\"valueName\":\"search_term_string\"}}],\"inLanguage\":\"es\"},{\"@type\":\"Organization\",\"@id\":\"https:\\\/\\\/www.electronicajnc.com\\\/web\\\/#organization\",\"name\":\"Electronica JNC\",\"url\":\"https:\\\/\\\/www.electronicajnc.com\\\/web\\\/\",\"logo\":{\"@type\":\"ImageObject\",\"inLanguage\":\"es\",\"@id\":\"https:\\\/\\\/www.electronicajnc.com\\\/web\\\/#\\\/schema\\\/logo\\\/image\\\/\",\"url\":\"https:\\\/\\\/www.electronicajnc.com\\\/web\\\/wp-content\\\/uploads\\\/2023\\\/06\\\/nuevo-logo.jpg\",\"contentUrl\":\"https:\\\/\\\/www.electronicajnc.com\\\/web\\\/wp-content\\\/uploads\\\/2023\\\/06\\\/nuevo-logo.jpg\",\"width\":1256,\"height\":612,\"caption\":\"Electronica JNC\"},\"image\":{\"@id\":\"https:\\\/\\\/www.electronicajnc.com\\\/web\\\/#\\\/schema\\\/logo\\\/image\\\/\"}}]}<\/script>\n<!-- \/ Yoast SEO plugin. -->","yoast_head_json":{"title":"PICkit 3 Programador con Cables Dupont \/ USB Interface ICSP - Electronica JNC","description":"PICkit 3 Programador con Cables Dupont \/ USB Interface ICSP Permite cargar firmware (programas) en el microcontrolador en tiempo real","robots":{"index":"index","follow":"follow","max-snippet":"max-snippet:-1","max-image-preview":"max-image-preview:large","max-video-preview":"max-video-preview:-1"},"canonical":"https:\/\/www.electronicajnc.com\/web\/producto\/pickit-3-programador-con-cables-dupont-usb-interface-icsp\/","og_locale":"es_ES","og_type":"article","og_title":"PICkit 3 Programador con Cables Dupont \/ USB Interface ICSP - Electronica JNC","og_description":"PICkit 3 Programador con Cables Dupont \/ USB Interface ICSP Permite cargar firmware (programas) en el microcontrolador en tiempo real","og_url":"https:\/\/www.electronicajnc.com\/web\/producto\/pickit-3-programador-con-cables-dupont-usb-interface-icsp\/","og_site_name":"Electronica JNC","article_modified_time":"2024-06-26T01:07:11+00:00","og_image":[{"width":1028,"height":1115,"url":"https:\/\/www.electronicajnc.com\/web\/wp-content\/uploads\/2024\/06\/pickit-3.jpg","type":"image\/jpeg"}],"twitter_card":"summary_large_image","twitter_misc":{"Tiempo de lectura":"3 minutos"},"schema":{"@context":"https:\/\/schema.org","@graph":[{"@type":"WebPage","@id":"https:\/\/www.electronicajnc.com\/web\/producto\/pickit-3-programador-con-cables-dupont-usb-interface-icsp\/","url":"https:\/\/www.electronicajnc.com\/web\/producto\/pickit-3-programador-con-cables-dupont-usb-interface-icsp\/","name":"PICkit 3 Programador con Cables Dupont \/ USB Interface ICSP - Electronica JNC","isPartOf":{"@id":"https:\/\/www.electronicajnc.com\/web\/#website"},"primaryImageOfPage":{"@id":"https:\/\/www.electronicajnc.com\/web\/producto\/pickit-3-programador-con-cables-dupont-usb-interface-icsp\/#primaryimage"},"image":{"@id":"https:\/\/www.electronicajnc.com\/web\/producto\/pickit-3-programador-con-cables-dupont-usb-interface-icsp\/#primaryimage"},"thumbnailUrl":"https:\/\/www.electronicajnc.com\/web\/wp-content\/uploads\/2024\/06\/pickit-3.jpg","datePublished":"2024-06-26T00:45:43+00:00","dateModified":"2024-06-26T01:07:11+00:00","description":"PICkit 3 Programador con Cables Dupont \/ USB Interface ICSP Permite cargar firmware (programas) en el microcontrolador en tiempo real","breadcrumb":{"@id":"https:\/\/www.electronicajnc.com\/web\/producto\/pickit-3-programador-con-cables-dupont-usb-interface-icsp\/#breadcrumb"},"inLanguage":"es","potentialAction":[{"@type":"ReadAction","target":["https:\/\/www.electronicajnc.com\/web\/producto\/pickit-3-programador-con-cables-dupont-usb-interface-icsp\/"]}]},{"@type":"ImageObject","inLanguage":"es","@id":"https:\/\/www.electronicajnc.com\/web\/producto\/pickit-3-programador-con-cables-dupont-usb-interface-icsp\/#primaryimage","url":"https:\/\/www.electronicajnc.com\/web\/wp-content\/uploads\/2024\/06\/pickit-3.jpg","contentUrl":"https:\/\/www.electronicajnc.com\/web\/wp-content\/uploads\/2024\/06\/pickit-3.jpg","width":1028,"height":1115,"caption":"Programador Grabador de pic Pickit 3 Kit Microchip"},{"@type":"BreadcrumbList","@id":"https:\/\/www.electronicajnc.com\/web\/producto\/pickit-3-programador-con-cables-dupont-usb-interface-icsp\/#breadcrumb","itemListElement":[{"@type":"ListItem","position":1,"name":"Portada","item":"https:\/\/www.electronicajnc.com\/web\/"},{"@type":"ListItem","position":2,"name":"TIENDA","item":"https:\/\/www.electronicajnc.com\/web\/tienda\/"},{"@type":"ListItem","position":3,"name":"PICkit 3 Programador con Cables Dupont \/ USB Interface ICSP"}]},{"@type":"WebSite","@id":"https:\/\/www.electronicajnc.com\/web\/#website","url":"https:\/\/www.electronicajnc.com\/web\/","name":"Electronica JNC","description":"Robotica Tecnologia Mecatronica en Ecuador","publisher":{"@id":"https:\/\/www.electronicajnc.com\/web\/#organization"},"potentialAction":[{"@type":"SearchAction","target":{"@type":"EntryPoint","urlTemplate":"https:\/\/www.electronicajnc.com\/web\/?s={search_term_string}"},"query-input":{"@type":"PropertyValueSpecification","valueRequired":true,"valueName":"search_term_string"}}],"inLanguage":"es"},{"@type":"Organization","@id":"https:\/\/www.electronicajnc.com\/web\/#organization","name":"Electronica JNC","url":"https:\/\/www.electronicajnc.com\/web\/","logo":{"@type":"ImageObject","inLanguage":"es","@id":"https:\/\/www.electronicajnc.com\/web\/#\/schema\/logo\/image\/","url":"https:\/\/www.electronicajnc.com\/web\/wp-content\/uploads\/2023\/06\/nuevo-logo.jpg","contentUrl":"https:\/\/www.electronicajnc.com\/web\/wp-content\/uploads\/2023\/06\/nuevo-logo.jpg","width":1256,"height":612,"caption":"Electronica JNC"},"image":{"@id":"https:\/\/www.electronicajnc.com\/web\/#\/schema\/logo\/image\/"}}]}},"_links":{"self":[{"href":"https:\/\/www.electronicajnc.com\/web\/wp-json\/wp\/v2\/product\/1608","targetHints":{"allow":["GET"]}}],"collection":[{"href":"https:\/\/www.electronicajnc.com\/web\/wp-json\/wp\/v2\/product"}],"about":[{"href":"https:\/\/www.electronicajnc.com\/web\/wp-json\/wp\/v2\/types\/product"}],"replies":[{"embeddable":true,"href":"https:\/\/www.electronicajnc.com\/web\/wp-json\/wp\/v2\/comments?post=1608"}],"wp:featuredmedia":[{"embeddable":true,"href":"https:\/\/www.electronicajnc.com\/web\/wp-json\/wp\/v2\/media\/1609"}],"wp:attachment":[{"href":"https:\/\/www.electronicajnc.com\/web\/wp-json\/wp\/v2\/media?parent=1608"}],"wp:term":[{"taxonomy":"product_brand","embeddable":true,"href":"https:\/\/www.electronicajnc.com\/web\/wp-json\/wp\/v2\/product_brand?post=1608"},{"taxonomy":"product_cat","embeddable":true,"href":"https:\/\/www.electronicajnc.com\/web\/wp-json\/wp\/v2\/product_cat?post=1608"},{"taxonomy":"product_tag","embeddable":true,"href":"https:\/\/www.electronicajnc.com\/web\/wp-json\/wp\/v2\/product_tag?post=1608"}],"curies":[{"name":"wp","href":"https:\/\/api.w.org\/{rel}","templated":true}]}}