{"id":1611,"date":"2024-06-26T21:29:52","date_gmt":"2024-06-26T21:29:52","guid":{"rendered":"https:\/\/www.electronicajnc.com\/web\/?post_type=product&#038;p=1611"},"modified":"2024-06-26T21:29:52","modified_gmt":"2024-06-26T21:29:52","slug":"broche-conector-para-bateria-9v-con-plug-dc","status":"publish","type":"product","link":"https:\/\/www.electronicajnc.com\/web\/producto\/broche-conector-para-bateria-9v-con-plug-dc\/","title":{"rendered":"BROCHE CONECTOR PARA BATERIA 9V CON PLUG DC"},"content":{"rendered":"<p class=\"product_title entry-title\">BROCHE CONECTOR PARA BATERIA 9V CON PLUG DC<\/p>\n<p>El\u00a0<b>Broche tipo T para Bater\u00eda 9V con Plug<\/b>\u00a0(o tambi\u00e9n llamado adaptador de pilas) te permite conectar directamente una bater\u00eda de 9V (cuadrada) a la toma de alimentaci\u00f3n(jack) de una tarjeta de Arduino. Tambi\u00e9n, es una forma pr\u00e1ctica de alimentar tus circuitos de pruebas cuando tengas que mantenerlo alejado de la conexi\u00f3n el\u00e9ctrica.<\/p>\n<p>La alimentaci\u00f3n de voltaje es indispensable en todo los proyectos de electr\u00f3nica, en caso del Arduino lo mas com\u00fan es utilizar el puerto USB para cuando se este programando, pero para las pruebas \u00abin situ\u00bb es mas practico utilizar una fuente de voltaje independiente como las bateria 9v.<\/p>\n<p>El conector plug proporciona una conexi\u00f3n segura y fiable entre la bater\u00eda y el dispositivo, evitando desconexiones accidentales.<\/p>\n<p>Permiten utilizar bater\u00edas 9V en dispositivos port\u00e1tiles y electr\u00f3nica de consumo, como juguetes y radios.<\/p>\n<p>El Cable para Bater\u00eda de 9V con Broche Ideal para facilitar la conexi\u00f3n de cualquier prototipo o circuito electr\u00f3nico.<\/p>\n<h1 class=\"product_title entry-title\">BROCHE CONECTOR PARA BATERIA 9V CON PLUG DC<\/h1>\n<div>\n<h2><b>\u00bfD\u00f3nde<\/b><strong>\u00a0conseguir ?<\/strong><\/h2>\n<\/div>\n<p>Puedes conseguir este producto y mucho mas en nuestra tienda de electr\u00f3nica \u201cElectr\u00f3nica JNC\u201d a un excelente precio, de igual manera puedes preguntar por otros productos que tenemos para ti y as\u00ed adquirirlos seg\u00fan tu necesidad para\u00a0 tus proyectos.<\/p>\n<p>Adem\u00e1s de vender realizamos todo tipo de proyectos de Rob\u00f3tica Electr\u00f3nica y de Programaci\u00f3n en Arduino-Raspberry, brindamos asesoramiento en la elaboraci\u00f3n de proyectos y personalizamos sus clases cuando deseas armar un robot.<\/p>\n<p>Somos importadores Directos de todo en Electr\u00f3nica y Rob\u00f3tica directamente desde los fabricantes, a los mejores precios del mercado.<\/p>\n<div class=\"x11i5rnm xat24cr x1mh8g0r x1vvkbs xtlvy1s x126k92a\">\n<div dir=\"auto\">SERVICIO PERSONALIZADO, APOYO TEORICO Y VENTA DE MATERIAL<\/div>\n<\/div>\n<div class=\"x11i5rnm xat24cr x1mh8g0r x1vvkbs xtlvy1s x126k92a\">\n<div dir=\"auto\">COTIZA CON NOSOTROS<\/div>\n<div dir=\"auto\">SERVICIO, EXPERIENCIA, CALIDAD Y CONFIANZA<\/div>\n<div dir=\"auto\">\u00abTodo lo que buscas en un solo lugar\u00bb<\/div>\n<\/div>\n<div dir=\"auto\"><\/div>\n<p><img decoding=\"async\" class=\"aligncenter\" src=\"https:\/\/images.ua.prom.st\/1494267654_1494267654.jpg?PImaGE_ID=1494267654\" \/><\/p>\n<p style=\"text-align: center;\">Realizar un pedido en la web o por \u00a0<a href=\"https:\/\/api.whatsapp.com\/send?phone=593958753126\" target=\"_blank\" rel=\"noopener\">WHATSAPP<\/a>.<\/p>\n<p><img decoding=\"async\" class=\"aligncenter\" src=\"https:\/\/images.ua.prom.st\/1494267867_1494267867.jpg?PImaGE_ID=1494267867\" \/><\/p>\n<p style=\"text-align: center;\">Consulta con un asesor\u00a0 todas tus inquietudes.<\/p>\n<p><img decoding=\"async\" class=\"aligncenter\" src=\"https:\/\/images.ua.prom.st\/1494266627_1494266627.jpg?PImaGE_ID=1494266627\" \/><\/p>\n<p style=\"text-align: center;\">Pregunta las formas de pago.<\/p>\n<p><img decoding=\"async\" class=\"aligncenter\" src=\"https:\/\/images.ua.prom.st\/1494267985_1494267985.jpg?PImaGE_ID=1494267985\" \/><\/p>\n<p style=\"text-align: center;\">Tu pedido llega a la puerta de tu casa.<\/p>\n<p>&nbsp;<\/p>\n<p><strong>\u00a1\u00a1 PREG\u00daNTANOS Sin compromiso !!!!<\/strong><\/p>\n<p>Puede retirar sus pedidos en nuestra\u00a0<a href=\"https:\/\/www.electronicajnc.com\/web\/contactos\" target=\"_blank\" rel=\"noopener\">TIENDA F\u00cdSICA<\/a>\u00a0o realizar sus pedidos\u00a0<a href=\"https:\/\/www.electronicajnc.com\/web\/mi-cuenta\" target=\"_blank\" rel=\"noopener\">ONLINE<\/a>\u00a0o por\u00a0<a href=\"https:\/\/api.whatsapp.com\/send?phone=593958753126\" target=\"_blank\" rel=\"noopener\">WHATSAPP<\/a>.<\/p>\n","protected":false},"excerpt":{"rendered":"<p>BROCHE CONECTOR PARA BATERIA 9V CON PLUG DC El\u00a0Broche tipo T para Bater\u00eda 9V con Plug\u00a0(o tambi\u00e9n llamado adaptador de pilas) te permite conectar directamente una bater\u00eda de 9V (cuadrada) a la toma de alimentaci\u00f3n(jack) de una tarjeta de Arduino. Tambi\u00e9n, es una forma pr\u00e1ctica de alimentar tus circuitos de pruebas cuando tengas que mantenerlo [&hellip;]<\/p>\n","protected":false},"featured_media":1612,"comment_status":"closed","ping_status":"closed","template":"","meta":{"saved_in_kubio":false,"_joinchat":[]},"product_brand":[],"product_cat":[309],"product_tag":[205,953,1094,1096,1011,1097,1095,955],"class_list":{"0":"post-1611","1":"product","2":"type-product","3":"status-publish","4":"has-post-thumbnail","6":"product_cat-componentes-electronicos","7":"product_tag-9v","8":"product_tag-bateria","9":"product_tag-broche","10":"product_tag-broche-conector-para-bateria-9v-con-plug-dc","11":"product_tag-cable","12":"product_tag-cable-para-bateria-de-9v-con-broche","13":"product_tag-conector","14":"product_tag-pila","16":"first","17":"instock","18":"taxable","19":"shipping-taxable","20":"purchasable","21":"product-type-simple"},"yoast_head":"<!-- This site is optimized with the Yoast SEO plugin v27.5 - https:\/\/yoast.com\/product\/yoast-seo-wordpress\/ -->\n<title>BROCHE CONECTOR PARA BATERIA 9V CON PLUG DC - Electronica JNC<\/title>\n<meta name=\"description\" content=\"BROCHE CONECTOR PARA BATERIA 9V CON PLUG DC proporciona una conexi\u00f3n segura y fiable entre la bater\u00eda y el dispositivo, evitando desconexiones accidentales.\" \/>\n<meta name=\"robots\" content=\"index, follow, max-snippet:-1, max-image-preview:large, max-video-preview:-1\" \/>\n<link rel=\"canonical\" href=\"https:\/\/www.electronicajnc.com\/web\/producto\/broche-conector-para-bateria-9v-con-plug-dc\/\" \/>\n<meta property=\"og:locale\" content=\"es_ES\" \/>\n<meta property=\"og:type\" content=\"article\" \/>\n<meta property=\"og:title\" content=\"BROCHE CONECTOR PARA BATERIA 9V CON PLUG DC - Electronica JNC\" \/>\n<meta property=\"og:description\" content=\"BROCHE CONECTOR PARA BATERIA 9V CON PLUG DC proporciona una conexi\u00f3n segura y fiable entre la bater\u00eda y el dispositivo, evitando desconexiones accidentales.\" \/>\n<meta property=\"og:url\" content=\"https:\/\/www.electronicajnc.com\/web\/producto\/broche-conector-para-bateria-9v-con-plug-dc\/\" \/>\n<meta property=\"og:site_name\" content=\"Electronica JNC\" \/>\n<meta property=\"og:image\" content=\"https:\/\/www.electronicajnc.com\/web\/wp-content\/uploads\/2024\/06\/broche-con-plug.jpg\" \/>\n\t<meta property=\"og:image:width\" content=\"1028\" \/>\n\t<meta property=\"og:image:height\" content=\"1115\" \/>\n\t<meta property=\"og:image:type\" content=\"image\/jpeg\" \/>\n<meta name=\"twitter:card\" content=\"summary_large_image\" \/>\n<meta name=\"twitter:label1\" content=\"Tiempo de lectura\" \/>\n\t<meta name=\"twitter:data1\" content=\"3 minutos\" \/>\n<script type=\"application\/ld+json\" class=\"yoast-schema-graph\">{\"@context\":\"https:\\\/\\\/schema.org\",\"@graph\":[{\"@type\":\"WebPage\",\"@id\":\"https:\\\/\\\/www.electronicajnc.com\\\/web\\\/producto\\\/broche-conector-para-bateria-9v-con-plug-dc\\\/\",\"url\":\"https:\\\/\\\/www.electronicajnc.com\\\/web\\\/producto\\\/broche-conector-para-bateria-9v-con-plug-dc\\\/\",\"name\":\"BROCHE CONECTOR PARA BATERIA 9V CON PLUG DC - Electronica JNC\",\"isPartOf\":{\"@id\":\"https:\\\/\\\/www.electronicajnc.com\\\/web\\\/#website\"},\"primaryImageOfPage\":{\"@id\":\"https:\\\/\\\/www.electronicajnc.com\\\/web\\\/producto\\\/broche-conector-para-bateria-9v-con-plug-dc\\\/#primaryimage\"},\"image\":{\"@id\":\"https:\\\/\\\/www.electronicajnc.com\\\/web\\\/producto\\\/broche-conector-para-bateria-9v-con-plug-dc\\\/#primaryimage\"},\"thumbnailUrl\":\"https:\\\/\\\/www.electronicajnc.com\\\/web\\\/wp-content\\\/uploads\\\/2024\\\/06\\\/broche-con-plug.jpg\",\"datePublished\":\"2024-06-26T21:29:52+00:00\",\"description\":\"BROCHE CONECTOR PARA BATERIA 9V CON PLUG DC proporciona una conexi\u00f3n segura y fiable entre la bater\u00eda y el dispositivo, evitando desconexiones accidentales.\",\"breadcrumb\":{\"@id\":\"https:\\\/\\\/www.electronicajnc.com\\\/web\\\/producto\\\/broche-conector-para-bateria-9v-con-plug-dc\\\/#breadcrumb\"},\"inLanguage\":\"es\",\"potentialAction\":[{\"@type\":\"ReadAction\",\"target\":[\"https:\\\/\\\/www.electronicajnc.com\\\/web\\\/producto\\\/broche-conector-para-bateria-9v-con-plug-dc\\\/\"]}]},{\"@type\":\"ImageObject\",\"inLanguage\":\"es\",\"@id\":\"https:\\\/\\\/www.electronicajnc.com\\\/web\\\/producto\\\/broche-conector-para-bateria-9v-con-plug-dc\\\/#primaryimage\",\"url\":\"https:\\\/\\\/www.electronicajnc.com\\\/web\\\/wp-content\\\/uploads\\\/2024\\\/06\\\/broche-con-plug.jpg\",\"contentUrl\":\"https:\\\/\\\/www.electronicajnc.com\\\/web\\\/wp-content\\\/uploads\\\/2024\\\/06\\\/broche-con-plug.jpg\",\"width\":1028,\"height\":1115,\"caption\":\"BROCHE CONECTOR PARA BATERIA 9V CON PLUG DC\"},{\"@type\":\"BreadcrumbList\",\"@id\":\"https:\\\/\\\/www.electronicajnc.com\\\/web\\\/producto\\\/broche-conector-para-bateria-9v-con-plug-dc\\\/#breadcrumb\",\"itemListElement\":[{\"@type\":\"ListItem\",\"position\":1,\"name\":\"Portada\",\"item\":\"https:\\\/\\\/www.electronicajnc.com\\\/web\\\/\"},{\"@type\":\"ListItem\",\"position\":2,\"name\":\"TIENDA\",\"item\":\"https:\\\/\\\/www.electronicajnc.com\\\/web\\\/tienda\\\/\"},{\"@type\":\"ListItem\",\"position\":3,\"name\":\"BROCHE CONECTOR PARA BATERIA 9V CON PLUG DC\"}]},{\"@type\":\"WebSite\",\"@id\":\"https:\\\/\\\/www.electronicajnc.com\\\/web\\\/#website\",\"url\":\"https:\\\/\\\/www.electronicajnc.com\\\/web\\\/\",\"name\":\"Electronica JNC\",\"description\":\"Robotica Tecnologia Mecatronica en Ecuador\",\"publisher\":{\"@id\":\"https:\\\/\\\/www.electronicajnc.com\\\/web\\\/#organization\"},\"potentialAction\":[{\"@type\":\"SearchAction\",\"target\":{\"@type\":\"EntryPoint\",\"urlTemplate\":\"https:\\\/\\\/www.electronicajnc.com\\\/web\\\/?s={search_term_string}\"},\"query-input\":{\"@type\":\"PropertyValueSpecification\",\"valueRequired\":true,\"valueName\":\"search_term_string\"}}],\"inLanguage\":\"es\"},{\"@type\":\"Organization\",\"@id\":\"https:\\\/\\\/www.electronicajnc.com\\\/web\\\/#organization\",\"name\":\"Electronica JNC\",\"url\":\"https:\\\/\\\/www.electronicajnc.com\\\/web\\\/\",\"logo\":{\"@type\":\"ImageObject\",\"inLanguage\":\"es\",\"@id\":\"https:\\\/\\\/www.electronicajnc.com\\\/web\\\/#\\\/schema\\\/logo\\\/image\\\/\",\"url\":\"https:\\\/\\\/www.electronicajnc.com\\\/web\\\/wp-content\\\/uploads\\\/2023\\\/06\\\/nuevo-logo.jpg\",\"contentUrl\":\"https:\\\/\\\/www.electronicajnc.com\\\/web\\\/wp-content\\\/uploads\\\/2023\\\/06\\\/nuevo-logo.jpg\",\"width\":1256,\"height\":612,\"caption\":\"Electronica JNC\"},\"image\":{\"@id\":\"https:\\\/\\\/www.electronicajnc.com\\\/web\\\/#\\\/schema\\\/logo\\\/image\\\/\"}}]}<\/script>\n<!-- \/ Yoast SEO plugin. -->","yoast_head_json":{"title":"BROCHE CONECTOR PARA BATERIA 9V CON PLUG DC - Electronica JNC","description":"BROCHE CONECTOR PARA BATERIA 9V CON PLUG DC proporciona una conexi\u00f3n segura y fiable entre la bater\u00eda y el dispositivo, evitando desconexiones accidentales.","robots":{"index":"index","follow":"follow","max-snippet":"max-snippet:-1","max-image-preview":"max-image-preview:large","max-video-preview":"max-video-preview:-1"},"canonical":"https:\/\/www.electronicajnc.com\/web\/producto\/broche-conector-para-bateria-9v-con-plug-dc\/","og_locale":"es_ES","og_type":"article","og_title":"BROCHE CONECTOR PARA BATERIA 9V CON PLUG DC - Electronica JNC","og_description":"BROCHE CONECTOR PARA BATERIA 9V CON PLUG DC proporciona una conexi\u00f3n segura y fiable entre la bater\u00eda y el dispositivo, evitando desconexiones accidentales.","og_url":"https:\/\/www.electronicajnc.com\/web\/producto\/broche-conector-para-bateria-9v-con-plug-dc\/","og_site_name":"Electronica JNC","og_image":[{"width":1028,"height":1115,"url":"https:\/\/www.electronicajnc.com\/web\/wp-content\/uploads\/2024\/06\/broche-con-plug.jpg","type":"image\/jpeg"}],"twitter_card":"summary_large_image","twitter_misc":{"Tiempo de lectura":"3 minutos"},"schema":{"@context":"https:\/\/schema.org","@graph":[{"@type":"WebPage","@id":"https:\/\/www.electronicajnc.com\/web\/producto\/broche-conector-para-bateria-9v-con-plug-dc\/","url":"https:\/\/www.electronicajnc.com\/web\/producto\/broche-conector-para-bateria-9v-con-plug-dc\/","name":"BROCHE CONECTOR PARA BATERIA 9V CON PLUG DC - Electronica JNC","isPartOf":{"@id":"https:\/\/www.electronicajnc.com\/web\/#website"},"primaryImageOfPage":{"@id":"https:\/\/www.electronicajnc.com\/web\/producto\/broche-conector-para-bateria-9v-con-plug-dc\/#primaryimage"},"image":{"@id":"https:\/\/www.electronicajnc.com\/web\/producto\/broche-conector-para-bateria-9v-con-plug-dc\/#primaryimage"},"thumbnailUrl":"https:\/\/www.electronicajnc.com\/web\/wp-content\/uploads\/2024\/06\/broche-con-plug.jpg","datePublished":"2024-06-26T21:29:52+00:00","description":"BROCHE CONECTOR PARA BATERIA 9V CON PLUG DC proporciona una conexi\u00f3n segura y fiable entre la bater\u00eda y el dispositivo, evitando desconexiones accidentales.","breadcrumb":{"@id":"https:\/\/www.electronicajnc.com\/web\/producto\/broche-conector-para-bateria-9v-con-plug-dc\/#breadcrumb"},"inLanguage":"es","potentialAction":[{"@type":"ReadAction","target":["https:\/\/www.electronicajnc.com\/web\/producto\/broche-conector-para-bateria-9v-con-plug-dc\/"]}]},{"@type":"ImageObject","inLanguage":"es","@id":"https:\/\/www.electronicajnc.com\/web\/producto\/broche-conector-para-bateria-9v-con-plug-dc\/#primaryimage","url":"https:\/\/www.electronicajnc.com\/web\/wp-content\/uploads\/2024\/06\/broche-con-plug.jpg","contentUrl":"https:\/\/www.electronicajnc.com\/web\/wp-content\/uploads\/2024\/06\/broche-con-plug.jpg","width":1028,"height":1115,"caption":"BROCHE CONECTOR PARA BATERIA 9V CON PLUG DC"},{"@type":"BreadcrumbList","@id":"https:\/\/www.electronicajnc.com\/web\/producto\/broche-conector-para-bateria-9v-con-plug-dc\/#breadcrumb","itemListElement":[{"@type":"ListItem","position":1,"name":"Portada","item":"https:\/\/www.electronicajnc.com\/web\/"},{"@type":"ListItem","position":2,"name":"TIENDA","item":"https:\/\/www.electronicajnc.com\/web\/tienda\/"},{"@type":"ListItem","position":3,"name":"BROCHE CONECTOR PARA BATERIA 9V CON PLUG DC"}]},{"@type":"WebSite","@id":"https:\/\/www.electronicajnc.com\/web\/#website","url":"https:\/\/www.electronicajnc.com\/web\/","name":"Electronica JNC","description":"Robotica Tecnologia Mecatronica en Ecuador","publisher":{"@id":"https:\/\/www.electronicajnc.com\/web\/#organization"},"potentialAction":[{"@type":"SearchAction","target":{"@type":"EntryPoint","urlTemplate":"https:\/\/www.electronicajnc.com\/web\/?s={search_term_string}"},"query-input":{"@type":"PropertyValueSpecification","valueRequired":true,"valueName":"search_term_string"}}],"inLanguage":"es"},{"@type":"Organization","@id":"https:\/\/www.electronicajnc.com\/web\/#organization","name":"Electronica JNC","url":"https:\/\/www.electronicajnc.com\/web\/","logo":{"@type":"ImageObject","inLanguage":"es","@id":"https:\/\/www.electronicajnc.com\/web\/#\/schema\/logo\/image\/","url":"https:\/\/www.electronicajnc.com\/web\/wp-content\/uploads\/2023\/06\/nuevo-logo.jpg","contentUrl":"https:\/\/www.electronicajnc.com\/web\/wp-content\/uploads\/2023\/06\/nuevo-logo.jpg","width":1256,"height":612,"caption":"Electronica JNC"},"image":{"@id":"https:\/\/www.electronicajnc.com\/web\/#\/schema\/logo\/image\/"}}]}},"_links":{"self":[{"href":"https:\/\/www.electronicajnc.com\/web\/wp-json\/wp\/v2\/product\/1611","targetHints":{"allow":["GET"]}}],"collection":[{"href":"https:\/\/www.electronicajnc.com\/web\/wp-json\/wp\/v2\/product"}],"about":[{"href":"https:\/\/www.electronicajnc.com\/web\/wp-json\/wp\/v2\/types\/product"}],"replies":[{"embeddable":true,"href":"https:\/\/www.electronicajnc.com\/web\/wp-json\/wp\/v2\/comments?post=1611"}],"wp:featuredmedia":[{"embeddable":true,"href":"https:\/\/www.electronicajnc.com\/web\/wp-json\/wp\/v2\/media\/1612"}],"wp:attachment":[{"href":"https:\/\/www.electronicajnc.com\/web\/wp-json\/wp\/v2\/media?parent=1611"}],"wp:term":[{"taxonomy":"product_brand","embeddable":true,"href":"https:\/\/www.electronicajnc.com\/web\/wp-json\/wp\/v2\/product_brand?post=1611"},{"taxonomy":"product_cat","embeddable":true,"href":"https:\/\/www.electronicajnc.com\/web\/wp-json\/wp\/v2\/product_cat?post=1611"},{"taxonomy":"product_tag","embeddable":true,"href":"https:\/\/www.electronicajnc.com\/web\/wp-json\/wp\/v2\/product_tag?post=1611"}],"curies":[{"name":"wp","href":"https:\/\/api.w.org\/{rel}","templated":true}]}}