{"id":1716,"date":"2024-08-14T17:46:26","date_gmt":"2024-08-14T17:46:26","guid":{"rendered":"https:\/\/www.electronicajnc.com\/web\/?post_type=product&#038;p=1716"},"modified":"2024-08-14T17:49:49","modified_gmt":"2024-08-14T17:49:49","slug":"modulo-ethernet-enc28j60","status":"publish","type":"product","link":"https:\/\/www.electronicajnc.com\/web\/producto\/modulo-ethernet-enc28j60\/","title":{"rendered":"M\u00d3DULO ETHERNET ENC28J60"},"content":{"rendered":"<p class=\"product_title entry-title\">M\u00d3DULO ETHERNET ENC28J60<\/p>\n<p>El m\u00f3dulo Ethernet ENC28J60 utiliza el chip ENC28J60 (microchip), posee las caracter\u00edsticas ideales para manejar los requisitos del protocolo red.<\/p>\n<p>El m\u00f3dulo\u00a0de red se comunica con la placa tipo Arduino mediante el protocolo SPI, \u00a0es ideal para proyectos con Arduino, Pic, AVR, STM32.<\/p>\n<p>El m\u00f3dulo\u00a0Ethernet ENC28J60 es compatible con las placas Arduino UNO y MEGA<\/p>\n<p>Ethernet se ha convertido en un est\u00e1ndar de comunicaci\u00f3n omnipresente que se utiliza para interactuar con dispositivos tan diversos como ordenadores, osciloscopios y mult\u00edmetros de banco. Su versatilidad y alta velocidad lo convierten en el m\u00e9todo preferido de transferencia de informaci\u00f3n entre dispositivos. El\u00a0<strong>m\u00f3dulo Ethernet ENC28J60<\/strong> lleva las ventajas de Ethernet a cualquier microcontrolador\u00a0con un perif\u00e9rico SPI.<\/p>\n<h1 class=\"product_title entry-title\">M\u00d3DULO ETHERNET ENC28J60<\/h1>\n<ul>\n<li>Chip: ENC28J60 Microchip<\/li>\n<li>Conector: 10Base-T<\/li>\n<li>Alimentaci\u00f3n: \u00a03.3V<\/li>\n<li>Interfaz: SPI<\/li>\n<li>Velocidad: 25Mhz<\/li>\n<li>Diodo LED de estado<\/li>\n<li>Transformador de red Hanrun<\/li>\n<li>Network Interface board HR911105A<\/li>\n<li>Temperatura de funcionamiento: -40\u00baC a +85\u00baC<\/li>\n<li>Dimensiones : 55x 35x 16 mm<\/li>\n<\/ul>\n<div>\n<h2><b>\u00bfD\u00f3nde<\/b><strong>\u00a0conseguir ?<\/strong><\/h2>\n<\/div>\n<p>Puedes conseguir este producto y mucho mas en nuestra tienda de electr\u00f3nica \u201cElectr\u00f3nica JNC\u201d a un excelente precio, de igual manera puedes preguntar por otros productos que tenemos para ti y as\u00ed adquirirlos seg\u00fan tu necesidad para\u00a0 tus proyectos.<\/p>\n<p>Adem\u00e1s de vender realizamos todo tipo de proyectos de Rob\u00f3tica Electr\u00f3nica y de Programaci\u00f3n compatible con\u00a0 Arduino-Raspberry, brindamos asesoramiento en la elaboraci\u00f3n de proyectos y personalizamos sus clases cuando deseas armar un robot.<\/p>\n<p>Somos importadores Directos de todo en Electr\u00f3nica y Rob\u00f3tica directamente desde los fabricantes, a los mejores precios del mercado.<\/p>\n<div class=\"x11i5rnm xat24cr x1mh8g0r x1vvkbs xtlvy1s x126k92a\">\n<div dir=\"auto\">SERVICIO PERSONALIZADO, APOYO TEORICO Y VENTA DE MATERIAL<\/div>\n<\/div>\n<div class=\"x11i5rnm xat24cr x1mh8g0r x1vvkbs xtlvy1s x126k92a\">\n<div dir=\"auto\">COTIZA CON NOSOTROS<\/div>\n<div dir=\"auto\">SERVICIO, EXPERIENCIA, CALIDAD Y CONFIANZA<\/div>\n<div dir=\"auto\">\u00abTodo lo que buscas en un solo lugar\u00bb<\/div>\n<\/div>\n<div dir=\"auto\"><\/div>\n<p><img decoding=\"async\" class=\"aligncenter\" src=\"https:\/\/images.ua.prom.st\/1494267654_1494267654.jpg?PImaGE_ID=1494267654\" \/><\/p>\n<p style=\"text-align: center;\">Realizar un pedido en la web o por \u00a0<a href=\"https:\/\/api.whatsapp.com\/send?phone=593958753126\" target=\"_blank\" rel=\"noopener\">WHATSAPP<\/a>.<\/p>\n<p><img decoding=\"async\" class=\"aligncenter\" src=\"https:\/\/images.ua.prom.st\/1494267867_1494267867.jpg?PImaGE_ID=1494267867\" \/><\/p>\n<p style=\"text-align: center;\">Consulta con un asesor\u00a0 todas tus inquietudes.<\/p>\n<p><img decoding=\"async\" class=\"aligncenter\" src=\"https:\/\/images.ua.prom.st\/1494266627_1494266627.jpg?PImaGE_ID=1494266627\" \/><\/p>\n<p style=\"text-align: center;\">Pregunta las formas de pago.<\/p>\n<p><img decoding=\"async\" class=\"aligncenter\" src=\"https:\/\/images.ua.prom.st\/1494267985_1494267985.jpg?PImaGE_ID=1494267985\" \/><\/p>\n<p style=\"text-align: center;\">Tu pedido llega a la puerta de tu casa.<\/p>\n<p>&nbsp;<\/p>\n<p><strong>\u00a1\u00a1 PREG\u00daNTANOS Sin compromiso !!!!<\/strong><\/p>\n<p>Puede retirar sus pedidos en nuestra\u00a0<a href=\"https:\/\/www.electronicajnc.com\/web\/contactos\" target=\"_blank\" rel=\"noopener\">TIENDA F\u00cdSICA<\/a>\u00a0o realizar sus pedidos\u00a0<a href=\"https:\/\/www.electronicajnc.com\/web\/mi-cuenta\" target=\"_blank\" rel=\"noopener\">ONLINE<\/a>\u00a0o por\u00a0<a href=\"https:\/\/api.whatsapp.com\/send?phone=593958753126\" target=\"_blank\" rel=\"noopener\">WHATSAPP<\/a>.<\/p>\n","protected":false},"excerpt":{"rendered":"<p>M\u00d3DULO ETHERNET ENC28J60 El m\u00f3dulo Ethernet ENC28J60 utiliza el chip ENC28J60 (microchip), posee las caracter\u00edsticas ideales para manejar los requisitos del protocolo red. El m\u00f3dulo\u00a0de red se comunica con la placa tipo Arduino mediante el protocolo SPI, \u00a0es ideal para proyectos con Arduino, Pic, AVR, STM32. El m\u00f3dulo\u00a0Ethernet ENC28J60 es compatible con las placas Arduino [&hellip;]<\/p>\n","protected":false},"featured_media":1717,"comment_status":"closed","ping_status":"closed","template":"","meta":{"saved_in_kubio":false,"_joinchat":[]},"product_brand":[],"product_cat":[21],"product_tag":[1131,1132,1018,274,1133,1134,1135,742,1136,743,769,180,1137,746,1138,1139,946,791,1140,1141,858,1142],"class_list":{"0":"post-1716","1":"product","2":"type-product","3":"status-publish","4":"has-post-thumbnail","6":"product_cat-modulos_sensores","7":"product_tag-10base-t","8":"product_tag-25-mhz","9":"product_tag-comunicacion","10":"product_tag-control","11":"product_tag-datos","12":"product_tag-duplex","13":"product_tag-enc28j60","14":"product_tag-ethernet","15":"product_tag-hr911105a","16":"product_tag-internet","17":"product_tag-iot","18":"product_tag-mini","19":"product_tag-opc","20":"product_tag-red","21":"product_tag-redes","22":"product_tag-remota","23":"product_tag-remoto","24":"product_tag-rj45","25":"product_tag-senal","26":"product_tag-server","27":"product_tag-spi","28":"product_tag-tcp-ip","30":"first","31":"instock","32":"taxable","33":"shipping-taxable","34":"purchasable","35":"product-type-simple"},"yoast_head":"<!-- This site is optimized with the Yoast SEO plugin v27.4 - https:\/\/yoast.com\/product\/yoast-seo-wordpress\/ -->\n<title>M\u00d3DULO ETHERNET ENC28J60 - Electronica JNC<\/title>\n<meta name=\"description\" content=\"M\u00d3DULO ETHERNET ENC28J60 \u00a0de red se comunica con la placa tipo Arduino mediante el protocolo SPI, \u00a0es ideal para proyectos con Arduino, Pic, AVR, STM32.\" \/>\n<meta name=\"robots\" content=\"index, follow, max-snippet:-1, max-image-preview:large, max-video-preview:-1\" \/>\n<link rel=\"canonical\" href=\"https:\/\/www.electronicajnc.com\/web\/producto\/modulo-ethernet-enc28j60\/\" \/>\n<meta property=\"og:locale\" content=\"es_ES\" \/>\n<meta property=\"og:type\" content=\"article\" \/>\n<meta property=\"og:title\" content=\"M\u00d3DULO ETHERNET ENC28J60 - Electronica JNC\" \/>\n<meta property=\"og:description\" content=\"M\u00d3DULO ETHERNET ENC28J60 \u00a0de red se comunica con la placa tipo Arduino mediante el protocolo SPI, \u00a0es ideal para proyectos con Arduino, Pic, AVR, STM32.\" \/>\n<meta property=\"og:url\" content=\"https:\/\/www.electronicajnc.com\/web\/producto\/modulo-ethernet-enc28j60\/\" \/>\n<meta property=\"og:site_name\" content=\"Electronica JNC\" \/>\n<meta property=\"article:modified_time\" content=\"2024-08-14T17:49:49+00:00\" \/>\n<meta property=\"og:image\" content=\"https:\/\/www.electronicajnc.com\/web\/wp-content\/uploads\/2024\/08\/28j60.jpg\" \/>\n\t<meta property=\"og:image:width\" content=\"1028\" \/>\n\t<meta property=\"og:image:height\" content=\"1115\" \/>\n\t<meta property=\"og:image:type\" content=\"image\/jpeg\" \/>\n<meta name=\"twitter:card\" content=\"summary_large_image\" \/>\n<meta name=\"twitter:label1\" content=\"Tiempo de lectura\" \/>\n\t<meta name=\"twitter:data1\" content=\"3 minutos\" \/>\n<script type=\"application\/ld+json\" class=\"yoast-schema-graph\">{\"@context\":\"https:\\\/\\\/schema.org\",\"@graph\":[{\"@type\":\"WebPage\",\"@id\":\"https:\\\/\\\/www.electronicajnc.com\\\/web\\\/producto\\\/modulo-ethernet-enc28j60\\\/\",\"url\":\"https:\\\/\\\/www.electronicajnc.com\\\/web\\\/producto\\\/modulo-ethernet-enc28j60\\\/\",\"name\":\"M\u00d3DULO ETHERNET ENC28J60 - Electronica JNC\",\"isPartOf\":{\"@id\":\"https:\\\/\\\/www.electronicajnc.com\\\/web\\\/#website\"},\"primaryImageOfPage\":{\"@id\":\"https:\\\/\\\/www.electronicajnc.com\\\/web\\\/producto\\\/modulo-ethernet-enc28j60\\\/#primaryimage\"},\"image\":{\"@id\":\"https:\\\/\\\/www.electronicajnc.com\\\/web\\\/producto\\\/modulo-ethernet-enc28j60\\\/#primaryimage\"},\"thumbnailUrl\":\"https:\\\/\\\/www.electronicajnc.com\\\/web\\\/wp-content\\\/uploads\\\/2024\\\/08\\\/28j60.jpg\",\"datePublished\":\"2024-08-14T17:46:26+00:00\",\"dateModified\":\"2024-08-14T17:49:49+00:00\",\"description\":\"M\u00d3DULO ETHERNET ENC28J60 \u00a0de red se comunica con la placa tipo Arduino mediante el protocolo SPI, \u00a0es ideal para proyectos con Arduino, Pic, AVR, STM32.\",\"breadcrumb\":{\"@id\":\"https:\\\/\\\/www.electronicajnc.com\\\/web\\\/producto\\\/modulo-ethernet-enc28j60\\\/#breadcrumb\"},\"inLanguage\":\"es\",\"potentialAction\":[{\"@type\":\"ReadAction\",\"target\":[\"https:\\\/\\\/www.electronicajnc.com\\\/web\\\/producto\\\/modulo-ethernet-enc28j60\\\/\"]}]},{\"@type\":\"ImageObject\",\"inLanguage\":\"es\",\"@id\":\"https:\\\/\\\/www.electronicajnc.com\\\/web\\\/producto\\\/modulo-ethernet-enc28j60\\\/#primaryimage\",\"url\":\"https:\\\/\\\/www.electronicajnc.com\\\/web\\\/wp-content\\\/uploads\\\/2024\\\/08\\\/28j60.jpg\",\"contentUrl\":\"https:\\\/\\\/www.electronicajnc.com\\\/web\\\/wp-content\\\/uploads\\\/2024\\\/08\\\/28j60.jpg\",\"width\":1028,\"height\":1115,\"caption\":\"M\u00d3DULO ETHERNET ENC28J60\"},{\"@type\":\"BreadcrumbList\",\"@id\":\"https:\\\/\\\/www.electronicajnc.com\\\/web\\\/producto\\\/modulo-ethernet-enc28j60\\\/#breadcrumb\",\"itemListElement\":[{\"@type\":\"ListItem\",\"position\":1,\"name\":\"Portada\",\"item\":\"https:\\\/\\\/www.electronicajnc.com\\\/web\\\/\"},{\"@type\":\"ListItem\",\"position\":2,\"name\":\"TIENDA\",\"item\":\"https:\\\/\\\/www.electronicajnc.com\\\/web\\\/tienda\\\/\"},{\"@type\":\"ListItem\",\"position\":3,\"name\":\"M\u00d3DULO ETHERNET ENC28J60\"}]},{\"@type\":\"WebSite\",\"@id\":\"https:\\\/\\\/www.electronicajnc.com\\\/web\\\/#website\",\"url\":\"https:\\\/\\\/www.electronicajnc.com\\\/web\\\/\",\"name\":\"Electronica JNC\",\"description\":\"Robotica Tecnologia Mecatronica en Ecuador\",\"publisher\":{\"@id\":\"https:\\\/\\\/www.electronicajnc.com\\\/web\\\/#organization\"},\"potentialAction\":[{\"@type\":\"SearchAction\",\"target\":{\"@type\":\"EntryPoint\",\"urlTemplate\":\"https:\\\/\\\/www.electronicajnc.com\\\/web\\\/?s={search_term_string}\"},\"query-input\":{\"@type\":\"PropertyValueSpecification\",\"valueRequired\":true,\"valueName\":\"search_term_string\"}}],\"inLanguage\":\"es\"},{\"@type\":\"Organization\",\"@id\":\"https:\\\/\\\/www.electronicajnc.com\\\/web\\\/#organization\",\"name\":\"Electronica JNC\",\"url\":\"https:\\\/\\\/www.electronicajnc.com\\\/web\\\/\",\"logo\":{\"@type\":\"ImageObject\",\"inLanguage\":\"es\",\"@id\":\"https:\\\/\\\/www.electronicajnc.com\\\/web\\\/#\\\/schema\\\/logo\\\/image\\\/\",\"url\":\"https:\\\/\\\/www.electronicajnc.com\\\/web\\\/wp-content\\\/uploads\\\/2023\\\/06\\\/nuevo-logo.jpg\",\"contentUrl\":\"https:\\\/\\\/www.electronicajnc.com\\\/web\\\/wp-content\\\/uploads\\\/2023\\\/06\\\/nuevo-logo.jpg\",\"width\":1256,\"height\":612,\"caption\":\"Electronica JNC\"},\"image\":{\"@id\":\"https:\\\/\\\/www.electronicajnc.com\\\/web\\\/#\\\/schema\\\/logo\\\/image\\\/\"}}]}<\/script>\n<!-- \/ Yoast SEO plugin. -->","yoast_head_json":{"title":"M\u00d3DULO ETHERNET ENC28J60 - Electronica JNC","description":"M\u00d3DULO ETHERNET ENC28J60 \u00a0de red se comunica con la placa tipo Arduino mediante el protocolo SPI, \u00a0es ideal para proyectos con Arduino, Pic, AVR, STM32.","robots":{"index":"index","follow":"follow","max-snippet":"max-snippet:-1","max-image-preview":"max-image-preview:large","max-video-preview":"max-video-preview:-1"},"canonical":"https:\/\/www.electronicajnc.com\/web\/producto\/modulo-ethernet-enc28j60\/","og_locale":"es_ES","og_type":"article","og_title":"M\u00d3DULO ETHERNET ENC28J60 - Electronica JNC","og_description":"M\u00d3DULO ETHERNET ENC28J60 \u00a0de red se comunica con la placa tipo Arduino mediante el protocolo SPI, \u00a0es ideal para proyectos con Arduino, Pic, AVR, STM32.","og_url":"https:\/\/www.electronicajnc.com\/web\/producto\/modulo-ethernet-enc28j60\/","og_site_name":"Electronica JNC","article_modified_time":"2024-08-14T17:49:49+00:00","og_image":[{"width":1028,"height":1115,"url":"https:\/\/www.electronicajnc.com\/web\/wp-content\/uploads\/2024\/08\/28j60.jpg","type":"image\/jpeg"}],"twitter_card":"summary_large_image","twitter_misc":{"Tiempo de lectura":"3 minutos"},"schema":{"@context":"https:\/\/schema.org","@graph":[{"@type":"WebPage","@id":"https:\/\/www.electronicajnc.com\/web\/producto\/modulo-ethernet-enc28j60\/","url":"https:\/\/www.electronicajnc.com\/web\/producto\/modulo-ethernet-enc28j60\/","name":"M\u00d3DULO ETHERNET ENC28J60 - Electronica JNC","isPartOf":{"@id":"https:\/\/www.electronicajnc.com\/web\/#website"},"primaryImageOfPage":{"@id":"https:\/\/www.electronicajnc.com\/web\/producto\/modulo-ethernet-enc28j60\/#primaryimage"},"image":{"@id":"https:\/\/www.electronicajnc.com\/web\/producto\/modulo-ethernet-enc28j60\/#primaryimage"},"thumbnailUrl":"https:\/\/www.electronicajnc.com\/web\/wp-content\/uploads\/2024\/08\/28j60.jpg","datePublished":"2024-08-14T17:46:26+00:00","dateModified":"2024-08-14T17:49:49+00:00","description":"M\u00d3DULO ETHERNET ENC28J60 \u00a0de red se comunica con la placa tipo Arduino mediante el protocolo SPI, \u00a0es ideal para proyectos con Arduino, Pic, AVR, STM32.","breadcrumb":{"@id":"https:\/\/www.electronicajnc.com\/web\/producto\/modulo-ethernet-enc28j60\/#breadcrumb"},"inLanguage":"es","potentialAction":[{"@type":"ReadAction","target":["https:\/\/www.electronicajnc.com\/web\/producto\/modulo-ethernet-enc28j60\/"]}]},{"@type":"ImageObject","inLanguage":"es","@id":"https:\/\/www.electronicajnc.com\/web\/producto\/modulo-ethernet-enc28j60\/#primaryimage","url":"https:\/\/www.electronicajnc.com\/web\/wp-content\/uploads\/2024\/08\/28j60.jpg","contentUrl":"https:\/\/www.electronicajnc.com\/web\/wp-content\/uploads\/2024\/08\/28j60.jpg","width":1028,"height":1115,"caption":"M\u00d3DULO ETHERNET ENC28J60"},{"@type":"BreadcrumbList","@id":"https:\/\/www.electronicajnc.com\/web\/producto\/modulo-ethernet-enc28j60\/#breadcrumb","itemListElement":[{"@type":"ListItem","position":1,"name":"Portada","item":"https:\/\/www.electronicajnc.com\/web\/"},{"@type":"ListItem","position":2,"name":"TIENDA","item":"https:\/\/www.electronicajnc.com\/web\/tienda\/"},{"@type":"ListItem","position":3,"name":"M\u00d3DULO ETHERNET ENC28J60"}]},{"@type":"WebSite","@id":"https:\/\/www.electronicajnc.com\/web\/#website","url":"https:\/\/www.electronicajnc.com\/web\/","name":"Electronica JNC","description":"Robotica Tecnologia Mecatronica en Ecuador","publisher":{"@id":"https:\/\/www.electronicajnc.com\/web\/#organization"},"potentialAction":[{"@type":"SearchAction","target":{"@type":"EntryPoint","urlTemplate":"https:\/\/www.electronicajnc.com\/web\/?s={search_term_string}"},"query-input":{"@type":"PropertyValueSpecification","valueRequired":true,"valueName":"search_term_string"}}],"inLanguage":"es"},{"@type":"Organization","@id":"https:\/\/www.electronicajnc.com\/web\/#organization","name":"Electronica JNC","url":"https:\/\/www.electronicajnc.com\/web\/","logo":{"@type":"ImageObject","inLanguage":"es","@id":"https:\/\/www.electronicajnc.com\/web\/#\/schema\/logo\/image\/","url":"https:\/\/www.electronicajnc.com\/web\/wp-content\/uploads\/2023\/06\/nuevo-logo.jpg","contentUrl":"https:\/\/www.electronicajnc.com\/web\/wp-content\/uploads\/2023\/06\/nuevo-logo.jpg","width":1256,"height":612,"caption":"Electronica JNC"},"image":{"@id":"https:\/\/www.electronicajnc.com\/web\/#\/schema\/logo\/image\/"}}]}},"_links":{"self":[{"href":"https:\/\/www.electronicajnc.com\/web\/wp-json\/wp\/v2\/product\/1716","targetHints":{"allow":["GET"]}}],"collection":[{"href":"https:\/\/www.electronicajnc.com\/web\/wp-json\/wp\/v2\/product"}],"about":[{"href":"https:\/\/www.electronicajnc.com\/web\/wp-json\/wp\/v2\/types\/product"}],"replies":[{"embeddable":true,"href":"https:\/\/www.electronicajnc.com\/web\/wp-json\/wp\/v2\/comments?post=1716"}],"wp:featuredmedia":[{"embeddable":true,"href":"https:\/\/www.electronicajnc.com\/web\/wp-json\/wp\/v2\/media\/1717"}],"wp:attachment":[{"href":"https:\/\/www.electronicajnc.com\/web\/wp-json\/wp\/v2\/media?parent=1716"}],"wp:term":[{"taxonomy":"product_brand","embeddable":true,"href":"https:\/\/www.electronicajnc.com\/web\/wp-json\/wp\/v2\/product_brand?post=1716"},{"taxonomy":"product_cat","embeddable":true,"href":"https:\/\/www.electronicajnc.com\/web\/wp-json\/wp\/v2\/product_cat?post=1716"},{"taxonomy":"product_tag","embeddable":true,"href":"https:\/\/www.electronicajnc.com\/web\/wp-json\/wp\/v2\/product_tag?post=1716"}],"curies":[{"name":"wp","href":"https:\/\/api.w.org\/{rel}","templated":true}]}}