{"id":1718,"date":"2024-08-14T18:06:38","date_gmt":"2024-08-14T18:06:38","guid":{"rendered":"https:\/\/www.electronicajnc.com\/web\/?post_type=product&#038;p=1718"},"modified":"2024-08-14T18:15:17","modified_gmt":"2024-08-14T18:15:17","slug":"stm32f103c8t6-arm-stm32","status":"publish","type":"product","link":"https:\/\/www.electronicajnc.com\/web\/producto\/stm32f103c8t6-arm-stm32\/","title":{"rendered":"STM32F103C8T6 ARM STM32"},"content":{"rendered":"<p class=\"product_title entry-title\">STM32F103C8T6 ARM STM32<\/p>\n<div align=\"justify\">\n<p>Tarjeta STM32 es una placa desarrollo llamada Blue Pill, es de bajo costo que\u00a0 incorpora el n\u00facleo RISC de 32 bits ARM\u00aeCortex-M3 de alto rendimiento, esta tarjeta es adecuada para iniciar proyectos\u00a0 sobre el microcontrolador STM32. Viene con terminales header\u00b4s macho \u2013 macho que podr\u00e1s soldar tu mismo.<\/p>\n<p>STM32F103C8T6 es un microcontrolador muy potente y con CPU de 32 bits, puede superar f\u00e1cilmente a Arduino UNO en rendimiento. Para programar esta placa tienes que utilizar un programador ST -LINK V2<strong>\u00a0\u00a0<\/strong>ya que esta placa no lo incorpora un programador, necesita de un externo, hay distintas formas de programarlo ya sea con IDE de STM32 Utility o incluso con Arduino IDE.<\/p>\n<\/div>\n<h1 class=\"product_title entry-title\">STM32F103C8T6 ARM STM32<\/h1>\n<p><strong>Caracter\u00edsticas:<\/strong><\/p>\n<ul>\n<li>ARM\u00ae32 bits Cortex\u00ae-M3 CPU Core.<\/li>\n<li>Frecuencia m\u00e1xima de 72 MHz, 1.25 DMIPS \/ MHz.<\/li>\n<li>64 o 128 K bytes de memoria flash.<\/li>\n<li>20 K bytes de SRAM.<\/li>\n<li>Suministro de aplicaciones de 2.0 a 3.6 V y E \/ S.<\/li>\n<li>Oscilador de cristal de 4 a 16 MHz.<\/li>\n<li>RC interno con ajuste de f\u00e1brica de 8 MHz.<\/li>\n<li>RC interno de 40 kHz.<\/li>\n<li>PLL para el reloj de la CPU.<\/li>\n<li>Oscilador de 32 kHz para RTC con calibraci\u00f3n.<\/li>\n<li>2 x 12 bits, convertidores A \/ D de 1\u03bcs (hasta 16 canales).<\/li>\n<li>Controlador DMA de 7 canales.<\/li>\n<li>Perif\u00e9ricos soportados: temporizadores, ADC, SPIs, I2Cs y USARTs.<\/li>\n<li>7 temporizadores.<\/li>\n<li>Hasta 2 x interfaces I2C (SMBus \/ PMBus).<\/li>\n<li>Hasta 3 USARTs (interfaz ISO 7816, LIN, capacidad IrDA, control de m\u00f3dem).<\/li>\n<li>Hasta 2 SPIs (18 Mbit \/ s).<\/li>\n<li>Interfaz CAN (2.0B Activo).<\/li>\n<li>Interfaz USB 2.0 de alta velocidad.<\/li>\n<li>Unidad de c\u00e1lculo CRC, ID \u00fanica de 96 bits.<\/li>\n<\/ul>\n<div>\n<h2><b>\u00bfD\u00f3nde<\/b><strong>\u00a0conseguir ?<\/strong><\/h2>\n<\/div>\n<p>Puedes conseguir este producto y mucho mas en nuestra tienda de electr\u00f3nica \u201cElectr\u00f3nica JNC\u201d a un excelente precio, de igual manera puedes preguntar por otros productos que tenemos para ti y as\u00ed adquirirlos seg\u00fan tu necesidad para\u00a0 tus proyectos.<\/p>\n<p>Adem\u00e1s de vender realizamos todo tipo de proyectos de Rob\u00f3tica Electr\u00f3nica y de Programaci\u00f3n compatible con\u00a0 Arduino-Raspberry, brindamos asesoramiento en la elaboraci\u00f3n de proyectos y personalizamos sus clases cuando deseas armar un robot.<\/p>\n<p>Somos importadores Directos de todo en Electr\u00f3nica y Rob\u00f3tica directamente desde los fabricantes, a los mejores precios del mercado.<\/p>\n<div class=\"x11i5rnm xat24cr x1mh8g0r x1vvkbs xtlvy1s x126k92a\">\n<div dir=\"auto\">SERVICIO PERSONALIZADO, APOYO TEORICO Y VENTA DE MATERIAL<\/div>\n<\/div>\n<div class=\"x11i5rnm xat24cr x1mh8g0r x1vvkbs xtlvy1s x126k92a\">\n<div dir=\"auto\">COTIZA CON NOSOTROS<\/div>\n<div dir=\"auto\">SERVICIO, EXPERIENCIA, CALIDAD Y CONFIANZA<\/div>\n<div dir=\"auto\">\u00abTodo lo que buscas en un solo lugar\u00bb<\/div>\n<\/div>\n<div dir=\"auto\"><\/div>\n<p><img decoding=\"async\" class=\"aligncenter\" src=\"https:\/\/images.ua.prom.st\/1494267654_1494267654.jpg?PImaGE_ID=1494267654\" \/><\/p>\n<p style=\"text-align: center;\">Realizar un pedido en la web o por \u00a0<a href=\"https:\/\/api.whatsapp.com\/send?phone=593958753126\" target=\"_blank\" rel=\"noopener\">WHATSAPP<\/a>.<\/p>\n<p><img decoding=\"async\" class=\"aligncenter\" src=\"https:\/\/images.ua.prom.st\/1494267867_1494267867.jpg?PImaGE_ID=1494267867\" \/><\/p>\n<p style=\"text-align: center;\">Consulta con un asesor\u00a0 todas tus inquietudes.<\/p>\n<p><img decoding=\"async\" class=\"aligncenter\" src=\"https:\/\/images.ua.prom.st\/1494266627_1494266627.jpg?PImaGE_ID=1494266627\" \/><\/p>\n<p style=\"text-align: center;\">Pregunta las formas de pago.<\/p>\n<p><img decoding=\"async\" class=\"aligncenter\" src=\"https:\/\/images.ua.prom.st\/1494267985_1494267985.jpg?PImaGE_ID=1494267985\" \/><\/p>\n<p style=\"text-align: center;\">Tu pedido llega a la puerta de tu casa.<\/p>\n<p>&nbsp;<\/p>\n<p><strong>\u00a1\u00a1 PREG\u00daNTANOS Sin compromiso !!!!<\/strong><\/p>\n<p>Puede retirar sus pedidos en nuestra\u00a0<a href=\"https:\/\/www.electronicajnc.com\/web\/contactos\" target=\"_blank\" rel=\"noopener\">TIENDA F\u00cdSICA<\/a>\u00a0o realizar sus pedidos\u00a0<a href=\"https:\/\/www.electronicajnc.com\/web\/mi-cuenta\" target=\"_blank\" rel=\"noopener\">ONLINE<\/a>\u00a0o por\u00a0<a href=\"https:\/\/api.whatsapp.com\/send?phone=593958753126\" target=\"_blank\" rel=\"noopener\">WHATSAPP<\/a>.<\/p>\n","protected":false},"excerpt":{"rendered":"<p>STM32F103C8T6 ARM STM32 Tarjeta STM32 es una placa desarrollo llamada Blue Pill, es de bajo costo que\u00a0 incorpora el n\u00facleo RISC de 32 bits ARM\u00aeCortex-M3 de alto rendimiento, esta tarjeta es adecuada para iniciar proyectos\u00a0 sobre el microcontrolador STM32. Viene con terminales header\u00b4s macho \u2013 macho que podr\u00e1s soldar tu mismo. STM32F103C8T6 es un microcontrolador [&hellip;]<\/p>\n","protected":false},"featured_media":1719,"comment_status":"closed","ping_status":"closed","template":"","meta":{"saved_in_kubio":false,"_joinchat":[]},"product_brand":[],"product_cat":[21],"product_tag":[1143,196,1144,1145,1146,1147,148,1148,1149,322],"class_list":{"0":"post-1718","1":"product","2":"type-product","3":"status-publish","4":"has-post-thumbnail","6":"product_cat-modulos_sensores","7":"product_tag-ar1576","8":"product_tag-arduino","9":"product_tag-arduino-stm32","10":"product_tag-cortex","11":"product_tag-cortex-m3","12":"product_tag-m3","13":"product_tag-placa","14":"product_tag-stm32","15":"product_tag-stm32f103c8t6","16":"product_tag-tarjeta","18":"first","19":"instock","20":"taxable","21":"shipping-taxable","22":"purchasable","23":"product-type-simple"},"yoast_head":"<!-- This site is optimized with the Yoast SEO plugin v27.4 - https:\/\/yoast.com\/product\/yoast-seo-wordpress\/ -->\n<title>STM32F103C8T6 ARM STM32 - Electronica JNC<\/title>\n<meta name=\"description\" content=\"STM32F103C8T6 ARM STM32 es una placa desarrollo llamada Blue Pill, de bajo costo que incorpora el n\u00facleo RISC de 32 bits ARM\u00aeCortex-M3 de alto rendimiento\" \/>\n<meta name=\"robots\" content=\"index, follow, max-snippet:-1, max-image-preview:large, max-video-preview:-1\" \/>\n<link rel=\"canonical\" href=\"https:\/\/www.electronicajnc.com\/web\/producto\/stm32f103c8t6-arm-stm32\/\" \/>\n<meta property=\"og:locale\" content=\"es_ES\" \/>\n<meta property=\"og:type\" content=\"article\" \/>\n<meta property=\"og:title\" content=\"STM32F103C8T6 ARM STM32 - Electronica JNC\" \/>\n<meta property=\"og:description\" content=\"STM32F103C8T6 ARM STM32 es una placa desarrollo llamada Blue Pill, de bajo costo que incorpora el n\u00facleo RISC de 32 bits ARM\u00aeCortex-M3 de alto rendimiento\" \/>\n<meta property=\"og:url\" content=\"https:\/\/www.electronicajnc.com\/web\/producto\/stm32f103c8t6-arm-stm32\/\" \/>\n<meta property=\"og:site_name\" content=\"Electronica JNC\" \/>\n<meta property=\"article:modified_time\" content=\"2024-08-14T18:15:17+00:00\" \/>\n<meta property=\"og:image\" content=\"https:\/\/www.electronicajnc.com\/web\/wp-content\/uploads\/2024\/08\/stm32.jpg\" \/>\n\t<meta property=\"og:image:width\" content=\"1028\" \/>\n\t<meta property=\"og:image:height\" content=\"1115\" \/>\n\t<meta property=\"og:image:type\" content=\"image\/jpeg\" \/>\n<meta name=\"twitter:card\" content=\"summary_large_image\" \/>\n<meta name=\"twitter:label1\" content=\"Tiempo de lectura\" \/>\n\t<meta name=\"twitter:data1\" content=\"3 minutos\" \/>\n<script type=\"application\/ld+json\" class=\"yoast-schema-graph\">{\"@context\":\"https:\\\/\\\/schema.org\",\"@graph\":[{\"@type\":\"WebPage\",\"@id\":\"https:\\\/\\\/www.electronicajnc.com\\\/web\\\/producto\\\/stm32f103c8t6-arm-stm32\\\/\",\"url\":\"https:\\\/\\\/www.electronicajnc.com\\\/web\\\/producto\\\/stm32f103c8t6-arm-stm32\\\/\",\"name\":\"STM32F103C8T6 ARM STM32 - Electronica JNC\",\"isPartOf\":{\"@id\":\"https:\\\/\\\/www.electronicajnc.com\\\/web\\\/#website\"},\"primaryImageOfPage\":{\"@id\":\"https:\\\/\\\/www.electronicajnc.com\\\/web\\\/producto\\\/stm32f103c8t6-arm-stm32\\\/#primaryimage\"},\"image\":{\"@id\":\"https:\\\/\\\/www.electronicajnc.com\\\/web\\\/producto\\\/stm32f103c8t6-arm-stm32\\\/#primaryimage\"},\"thumbnailUrl\":\"https:\\\/\\\/www.electronicajnc.com\\\/web\\\/wp-content\\\/uploads\\\/2024\\\/08\\\/stm32.jpg\",\"datePublished\":\"2024-08-14T18:06:38+00:00\",\"dateModified\":\"2024-08-14T18:15:17+00:00\",\"description\":\"STM32F103C8T6 ARM STM32 es una placa desarrollo llamada Blue Pill, de bajo costo que incorpora el n\u00facleo RISC de 32 bits ARM\u00aeCortex-M3 de alto rendimiento\",\"breadcrumb\":{\"@id\":\"https:\\\/\\\/www.electronicajnc.com\\\/web\\\/producto\\\/stm32f103c8t6-arm-stm32\\\/#breadcrumb\"},\"inLanguage\":\"es\",\"potentialAction\":[{\"@type\":\"ReadAction\",\"target\":[\"https:\\\/\\\/www.electronicajnc.com\\\/web\\\/producto\\\/stm32f103c8t6-arm-stm32\\\/\"]}]},{\"@type\":\"ImageObject\",\"inLanguage\":\"es\",\"@id\":\"https:\\\/\\\/www.electronicajnc.com\\\/web\\\/producto\\\/stm32f103c8t6-arm-stm32\\\/#primaryimage\",\"url\":\"https:\\\/\\\/www.electronicajnc.com\\\/web\\\/wp-content\\\/uploads\\\/2024\\\/08\\\/stm32.jpg\",\"contentUrl\":\"https:\\\/\\\/www.electronicajnc.com\\\/web\\\/wp-content\\\/uploads\\\/2024\\\/08\\\/stm32.jpg\",\"width\":1028,\"height\":1115,\"caption\":\"STM32F103C8T6 ARM STM32\"},{\"@type\":\"BreadcrumbList\",\"@id\":\"https:\\\/\\\/www.electronicajnc.com\\\/web\\\/producto\\\/stm32f103c8t6-arm-stm32\\\/#breadcrumb\",\"itemListElement\":[{\"@type\":\"ListItem\",\"position\":1,\"name\":\"Portada\",\"item\":\"https:\\\/\\\/www.electronicajnc.com\\\/web\\\/\"},{\"@type\":\"ListItem\",\"position\":2,\"name\":\"TIENDA\",\"item\":\"https:\\\/\\\/www.electronicajnc.com\\\/web\\\/tienda\\\/\"},{\"@type\":\"ListItem\",\"position\":3,\"name\":\"STM32F103C8T6 ARM STM32\"}]},{\"@type\":\"WebSite\",\"@id\":\"https:\\\/\\\/www.electronicajnc.com\\\/web\\\/#website\",\"url\":\"https:\\\/\\\/www.electronicajnc.com\\\/web\\\/\",\"name\":\"Electronica JNC\",\"description\":\"Robotica Tecnologia Mecatronica en Ecuador\",\"publisher\":{\"@id\":\"https:\\\/\\\/www.electronicajnc.com\\\/web\\\/#organization\"},\"potentialAction\":[{\"@type\":\"SearchAction\",\"target\":{\"@type\":\"EntryPoint\",\"urlTemplate\":\"https:\\\/\\\/www.electronicajnc.com\\\/web\\\/?s={search_term_string}\"},\"query-input\":{\"@type\":\"PropertyValueSpecification\",\"valueRequired\":true,\"valueName\":\"search_term_string\"}}],\"inLanguage\":\"es\"},{\"@type\":\"Organization\",\"@id\":\"https:\\\/\\\/www.electronicajnc.com\\\/web\\\/#organization\",\"name\":\"Electronica JNC\",\"url\":\"https:\\\/\\\/www.electronicajnc.com\\\/web\\\/\",\"logo\":{\"@type\":\"ImageObject\",\"inLanguage\":\"es\",\"@id\":\"https:\\\/\\\/www.electronicajnc.com\\\/web\\\/#\\\/schema\\\/logo\\\/image\\\/\",\"url\":\"https:\\\/\\\/www.electronicajnc.com\\\/web\\\/wp-content\\\/uploads\\\/2023\\\/06\\\/nuevo-logo.jpg\",\"contentUrl\":\"https:\\\/\\\/www.electronicajnc.com\\\/web\\\/wp-content\\\/uploads\\\/2023\\\/06\\\/nuevo-logo.jpg\",\"width\":1256,\"height\":612,\"caption\":\"Electronica JNC\"},\"image\":{\"@id\":\"https:\\\/\\\/www.electronicajnc.com\\\/web\\\/#\\\/schema\\\/logo\\\/image\\\/\"}}]}<\/script>\n<!-- \/ Yoast SEO plugin. -->","yoast_head_json":{"title":"STM32F103C8T6 ARM STM32 - Electronica JNC","description":"STM32F103C8T6 ARM STM32 es una placa desarrollo llamada Blue Pill, de bajo costo que incorpora el n\u00facleo RISC de 32 bits ARM\u00aeCortex-M3 de alto rendimiento","robots":{"index":"index","follow":"follow","max-snippet":"max-snippet:-1","max-image-preview":"max-image-preview:large","max-video-preview":"max-video-preview:-1"},"canonical":"https:\/\/www.electronicajnc.com\/web\/producto\/stm32f103c8t6-arm-stm32\/","og_locale":"es_ES","og_type":"article","og_title":"STM32F103C8T6 ARM STM32 - Electronica JNC","og_description":"STM32F103C8T6 ARM STM32 es una placa desarrollo llamada Blue Pill, de bajo costo que incorpora el n\u00facleo RISC de 32 bits ARM\u00aeCortex-M3 de alto rendimiento","og_url":"https:\/\/www.electronicajnc.com\/web\/producto\/stm32f103c8t6-arm-stm32\/","og_site_name":"Electronica JNC","article_modified_time":"2024-08-14T18:15:17+00:00","og_image":[{"width":1028,"height":1115,"url":"https:\/\/www.electronicajnc.com\/web\/wp-content\/uploads\/2024\/08\/stm32.jpg","type":"image\/jpeg"}],"twitter_card":"summary_large_image","twitter_misc":{"Tiempo de lectura":"3 minutos"},"schema":{"@context":"https:\/\/schema.org","@graph":[{"@type":"WebPage","@id":"https:\/\/www.electronicajnc.com\/web\/producto\/stm32f103c8t6-arm-stm32\/","url":"https:\/\/www.electronicajnc.com\/web\/producto\/stm32f103c8t6-arm-stm32\/","name":"STM32F103C8T6 ARM STM32 - Electronica JNC","isPartOf":{"@id":"https:\/\/www.electronicajnc.com\/web\/#website"},"primaryImageOfPage":{"@id":"https:\/\/www.electronicajnc.com\/web\/producto\/stm32f103c8t6-arm-stm32\/#primaryimage"},"image":{"@id":"https:\/\/www.electronicajnc.com\/web\/producto\/stm32f103c8t6-arm-stm32\/#primaryimage"},"thumbnailUrl":"https:\/\/www.electronicajnc.com\/web\/wp-content\/uploads\/2024\/08\/stm32.jpg","datePublished":"2024-08-14T18:06:38+00:00","dateModified":"2024-08-14T18:15:17+00:00","description":"STM32F103C8T6 ARM STM32 es una placa desarrollo llamada Blue Pill, de bajo costo que incorpora el n\u00facleo RISC de 32 bits ARM\u00aeCortex-M3 de alto rendimiento","breadcrumb":{"@id":"https:\/\/www.electronicajnc.com\/web\/producto\/stm32f103c8t6-arm-stm32\/#breadcrumb"},"inLanguage":"es","potentialAction":[{"@type":"ReadAction","target":["https:\/\/www.electronicajnc.com\/web\/producto\/stm32f103c8t6-arm-stm32\/"]}]},{"@type":"ImageObject","inLanguage":"es","@id":"https:\/\/www.electronicajnc.com\/web\/producto\/stm32f103c8t6-arm-stm32\/#primaryimage","url":"https:\/\/www.electronicajnc.com\/web\/wp-content\/uploads\/2024\/08\/stm32.jpg","contentUrl":"https:\/\/www.electronicajnc.com\/web\/wp-content\/uploads\/2024\/08\/stm32.jpg","width":1028,"height":1115,"caption":"STM32F103C8T6 ARM STM32"},{"@type":"BreadcrumbList","@id":"https:\/\/www.electronicajnc.com\/web\/producto\/stm32f103c8t6-arm-stm32\/#breadcrumb","itemListElement":[{"@type":"ListItem","position":1,"name":"Portada","item":"https:\/\/www.electronicajnc.com\/web\/"},{"@type":"ListItem","position":2,"name":"TIENDA","item":"https:\/\/www.electronicajnc.com\/web\/tienda\/"},{"@type":"ListItem","position":3,"name":"STM32F103C8T6 ARM STM32"}]},{"@type":"WebSite","@id":"https:\/\/www.electronicajnc.com\/web\/#website","url":"https:\/\/www.electronicajnc.com\/web\/","name":"Electronica JNC","description":"Robotica Tecnologia Mecatronica en Ecuador","publisher":{"@id":"https:\/\/www.electronicajnc.com\/web\/#organization"},"potentialAction":[{"@type":"SearchAction","target":{"@type":"EntryPoint","urlTemplate":"https:\/\/www.electronicajnc.com\/web\/?s={search_term_string}"},"query-input":{"@type":"PropertyValueSpecification","valueRequired":true,"valueName":"search_term_string"}}],"inLanguage":"es"},{"@type":"Organization","@id":"https:\/\/www.electronicajnc.com\/web\/#organization","name":"Electronica JNC","url":"https:\/\/www.electronicajnc.com\/web\/","logo":{"@type":"ImageObject","inLanguage":"es","@id":"https:\/\/www.electronicajnc.com\/web\/#\/schema\/logo\/image\/","url":"https:\/\/www.electronicajnc.com\/web\/wp-content\/uploads\/2023\/06\/nuevo-logo.jpg","contentUrl":"https:\/\/www.electronicajnc.com\/web\/wp-content\/uploads\/2023\/06\/nuevo-logo.jpg","width":1256,"height":612,"caption":"Electronica JNC"},"image":{"@id":"https:\/\/www.electronicajnc.com\/web\/#\/schema\/logo\/image\/"}}]}},"_links":{"self":[{"href":"https:\/\/www.electronicajnc.com\/web\/wp-json\/wp\/v2\/product\/1718","targetHints":{"allow":["GET"]}}],"collection":[{"href":"https:\/\/www.electronicajnc.com\/web\/wp-json\/wp\/v2\/product"}],"about":[{"href":"https:\/\/www.electronicajnc.com\/web\/wp-json\/wp\/v2\/types\/product"}],"replies":[{"embeddable":true,"href":"https:\/\/www.electronicajnc.com\/web\/wp-json\/wp\/v2\/comments?post=1718"}],"wp:featuredmedia":[{"embeddable":true,"href":"https:\/\/www.electronicajnc.com\/web\/wp-json\/wp\/v2\/media\/1719"}],"wp:attachment":[{"href":"https:\/\/www.electronicajnc.com\/web\/wp-json\/wp\/v2\/media?parent=1718"}],"wp:term":[{"taxonomy":"product_brand","embeddable":true,"href":"https:\/\/www.electronicajnc.com\/web\/wp-json\/wp\/v2\/product_brand?post=1718"},{"taxonomy":"product_cat","embeddable":true,"href":"https:\/\/www.electronicajnc.com\/web\/wp-json\/wp\/v2\/product_cat?post=1718"},{"taxonomy":"product_tag","embeddable":true,"href":"https:\/\/www.electronicajnc.com\/web\/wp-json\/wp\/v2\/product_tag?post=1718"}],"curies":[{"name":"wp","href":"https:\/\/api.w.org\/{rel}","templated":true}]}}