{"id":1727,"date":"2024-08-14T21:43:18","date_gmt":"2024-08-14T21:43:18","guid":{"rendered":"https:\/\/www.electronicajnc.com\/web\/?post_type=product&#038;p=1727"},"modified":"2024-08-14T21:48:00","modified_gmt":"2024-08-14T21:48:00","slug":"microcontrolador-atmega-328p-dip-28pin","status":"publish","type":"product","link":"https:\/\/www.electronicajnc.com\/web\/producto\/microcontrolador-atmega-328p-dip-28pin\/","title":{"rendered":"Microcontrolador Atmega 328p Dip 28pin"},"content":{"rendered":"<p class=\"product_title entry-title\">Microcontrolador Atmega 328p Dip 28pin<\/p>\n<p>El Microcontrolador ATMEGA328P-PU cuenta con 8 bits de alto desempe\u00f1o combina memoria flash ISP de 32 kB con capacidades de lectura mientras realiza escritura, RAM de 2 kB, 23 l\u00edneas de E\/S, con convertidor A\/D de 6 canales y 10 bits, temporizador de vigilancia (watchdog) programable con oscilador interno y cinco modos de ahorro de energ\u00eda seleccionables por software. Un remplazo alternativo com\u00fan al ATmega328 es el ATmega328P.<\/p>\n<p>Microcontrolador ATmega328P-PU pregrabado con el gestor de arranque (bootloader) de Arduino Uno (16 MHz) para usar en proyectos\u00a0 con Arduino en un protoboard, para dejarlos funcionando de manera permanente sin tener que adquirir una board Arduino adicional, para contar con un segundo Arduino, o para reemplazar un microcontrolador da\u00f1ado en la tarjeta Arduino Uno.<\/p>\n<h1 class=\"product_title entry-title\">Microcontrolador Atmega 328p Dip 28pin<\/h1>\n<p><strong>Caracter\u00edsticas:<\/strong><\/p>\n<ul>\n<li>Rango de voltaje de funcionamiento: 3.3 V a 5 V.<\/li>\n<li>Entrada tolerante de 5.5V (solo pines digitales).<\/li>\n<li>Microcontrolador arquitectura de 8 bits.<\/li>\n<li>Hasta 14 pines I\/O digitales disponibles.<\/li>\n<li>Hasta 6 entradas an\u00e1logas (ADC de 10 Bits).<\/li>\n<li>Memoria de programa flash de 32 kB.<\/li>\n<li>SRAM de 2 kB.<\/li>\n<li>EEPROM de datos de 1 kB.<\/li>\n<li>Velocidad max. de la CPU 16 MIPS.<\/li>\n<li>Reloj de 16 MHz.<\/li>\n<li>2 timers\/contadores\/comparadores de 8 bits.<\/li>\n<li>1 timer\/contador\/comparador\/Captura de 16 bits.<\/li>\n<li>6 canales PWM.<\/li>\n<\/ul>\n<div>\n<h2><b>\u00bfD\u00f3nde<\/b><strong>\u00a0conseguir ?<\/strong><\/h2>\n<\/div>\n<p>Puedes conseguir este producto y mucho mas en nuestra tienda de electr\u00f3nica \u201cElectr\u00f3nica JNC\u201d a un excelente precio, de igual manera puedes preguntar por otros productos que tenemos para ti y as\u00ed adquirirlos seg\u00fan tu necesidad para\u00a0 tus proyectos.<\/p>\n<p>Adem\u00e1s de vender realizamos todo tipo de proyectos de Rob\u00f3tica Electr\u00f3nica y de Programaci\u00f3n compatible con\u00a0 Arduino-Raspberry, brindamos asesoramiento en la elaboraci\u00f3n de proyectos y personalizamos sus clases cuando deseas armar un robot.<\/p>\n<p>Somos importadores Directos de todo en Electr\u00f3nica y Rob\u00f3tica directamente desde los fabricantes, a los mejores precios del mercado.<\/p>\n<div class=\"x11i5rnm xat24cr x1mh8g0r x1vvkbs xtlvy1s x126k92a\">\n<div dir=\"auto\">SERVICIO PERSONALIZADO, APOYO TEORICO Y VENTA DE MATERIAL<\/div>\n<\/div>\n<div class=\"x11i5rnm xat24cr x1mh8g0r x1vvkbs xtlvy1s x126k92a\">\n<div dir=\"auto\">COTIZA CON NOSOTROS<\/div>\n<div dir=\"auto\">SERVICIO, EXPERIENCIA, CALIDAD Y CONFIANZA<\/div>\n<div dir=\"auto\">\u00abTodo lo que buscas en un solo lugar\u00bb<\/div>\n<\/div>\n<div dir=\"auto\"><\/div>\n<p><img decoding=\"async\" class=\"aligncenter\" src=\"https:\/\/images.ua.prom.st\/1494267654_1494267654.jpg?PImaGE_ID=1494267654\" \/><\/p>\n<p style=\"text-align: center;\">Realizar un pedido en la web o por \u00a0<a href=\"https:\/\/api.whatsapp.com\/send?phone=593958753126\" target=\"_blank\" rel=\"noopener\">WHATSAPP<\/a>.<\/p>\n<p><img decoding=\"async\" class=\"aligncenter\" src=\"https:\/\/images.ua.prom.st\/1494267867_1494267867.jpg?PImaGE_ID=1494267867\" \/><\/p>\n<p style=\"text-align: center;\">Consulta con un asesor\u00a0 todas tus inquietudes.<\/p>\n<p><img decoding=\"async\" class=\"aligncenter\" src=\"https:\/\/images.ua.prom.st\/1494266627_1494266627.jpg?PImaGE_ID=1494266627\" \/><\/p>\n<p style=\"text-align: center;\">Pregunta las formas de pago.<\/p>\n<p><img decoding=\"async\" class=\"aligncenter\" src=\"https:\/\/images.ua.prom.st\/1494267985_1494267985.jpg?PImaGE_ID=1494267985\" \/><\/p>\n<p style=\"text-align: center;\">Tu pedido llega a la puerta de tu casa.<\/p>\n<p>&nbsp;<\/p>\n<p><strong>\u00a1\u00a1 PREG\u00daNTANOS Sin compromiso !!!!<\/strong><\/p>\n<p>Puede retirar sus pedidos en nuestra\u00a0<a href=\"https:\/\/www.electronicajnc.com\/web\/contactos\" target=\"_blank\" rel=\"noopener\">TIENDA F\u00cdSICA<\/a>\u00a0o realizar sus pedidos\u00a0<a href=\"https:\/\/www.electronicajnc.com\/web\/mi-cuenta\" target=\"_blank\" rel=\"noopener\">ONLINE<\/a>\u00a0o por\u00a0<a href=\"https:\/\/api.whatsapp.com\/send?phone=593958753126\" target=\"_blank\" rel=\"noopener\">WHATSAPP<\/a>.<\/p>\n","protected":false},"excerpt":{"rendered":"<p>Microcontrolador Atmega 328p Dip 28pin El Microcontrolador ATMEGA328P-PU cuenta con 8 bits de alto desempe\u00f1o combina memoria flash ISP de 32 kB con capacidades de lectura mientras realiza escritura, RAM de 2 kB, 23 l\u00edneas de E\/S, con convertidor A\/D de 6 canales y 10 bits, temporizador de vigilancia (watchdog) programable con oscilador interno y [&hellip;]<\/p>\n","protected":false},"featured_media":1728,"comment_status":"closed","ping_status":"closed","template":"","meta":{"saved_in_kubio":false,"_joinchat":[]},"product_brand":[],"product_cat":[309],"product_tag":[1170,1171,1172,1173,1174,1175,307,318,1176],"class_list":{"0":"post-1727","1":"product","2":"type-product","3":"status-publish","4":"has-post-thumbnail","6":"product_cat-componentes-electronicos","7":"product_tag-328p","8":"product_tag-ar0660","9":"product_tag-atmega","10":"product_tag-atmega328p","11":"product_tag-atmega328p-atmel","12":"product_tag-atmega328p-pu","13":"product_tag-atmel","14":"product_tag-microcontrolador","15":"product_tag-microcontrolador-atmega328p-atmel","17":"first","18":"instock","19":"taxable","20":"shipping-taxable","21":"purchasable","22":"product-type-simple"},"yoast_head":"<!-- This site is optimized with the Yoast SEO plugin v27.4 - https:\/\/yoast.com\/product\/yoast-seo-wordpress\/ -->\n<title>Microcontrolador Atmega 328p Dip 28pin - Electronica JNC<\/title>\n<meta name=\"description\" content=\"Microcontrolador Atmega 328p Dip 28pin El Microcontrolador ATMEGA328P se puede ocupar para diferentes proyectos de electr\u00f3nica, rob\u00f3tica y mecatr\u00f3nica.\" \/>\n<meta name=\"robots\" content=\"index, follow, max-snippet:-1, max-image-preview:large, max-video-preview:-1\" \/>\n<link rel=\"canonical\" href=\"https:\/\/www.electronicajnc.com\/web\/producto\/microcontrolador-atmega-328p-dip-28pin\/\" \/>\n<meta property=\"og:locale\" content=\"es_ES\" \/>\n<meta property=\"og:type\" content=\"article\" \/>\n<meta property=\"og:title\" content=\"Microcontrolador Atmega 328p Dip 28pin - Electronica JNC\" \/>\n<meta property=\"og:description\" content=\"Microcontrolador Atmega 328p Dip 28pin El Microcontrolador ATMEGA328P se puede ocupar para diferentes proyectos de electr\u00f3nica, rob\u00f3tica y mecatr\u00f3nica.\" \/>\n<meta property=\"og:url\" content=\"https:\/\/www.electronicajnc.com\/web\/producto\/microcontrolador-atmega-328p-dip-28pin\/\" \/>\n<meta property=\"og:site_name\" content=\"Electronica JNC\" \/>\n<meta property=\"article:modified_time\" content=\"2024-08-14T21:48:00+00:00\" \/>\n<meta property=\"og:image\" content=\"https:\/\/www.electronicajnc.com\/web\/wp-content\/uploads\/2024\/08\/ATMEGA.jpg\" \/>\n\t<meta property=\"og:image:width\" content=\"1028\" \/>\n\t<meta property=\"og:image:height\" content=\"1115\" \/>\n\t<meta property=\"og:image:type\" content=\"image\/jpeg\" \/>\n<meta name=\"twitter:card\" content=\"summary_large_image\" \/>\n<meta name=\"twitter:label1\" content=\"Tiempo de lectura\" \/>\n\t<meta name=\"twitter:data1\" content=\"3 minutos\" \/>\n<script type=\"application\/ld+json\" class=\"yoast-schema-graph\">{\"@context\":\"https:\\\/\\\/schema.org\",\"@graph\":[{\"@type\":\"WebPage\",\"@id\":\"https:\\\/\\\/www.electronicajnc.com\\\/web\\\/producto\\\/microcontrolador-atmega-328p-dip-28pin\\\/\",\"url\":\"https:\\\/\\\/www.electronicajnc.com\\\/web\\\/producto\\\/microcontrolador-atmega-328p-dip-28pin\\\/\",\"name\":\"Microcontrolador Atmega 328p Dip 28pin - Electronica JNC\",\"isPartOf\":{\"@id\":\"https:\\\/\\\/www.electronicajnc.com\\\/web\\\/#website\"},\"primaryImageOfPage\":{\"@id\":\"https:\\\/\\\/www.electronicajnc.com\\\/web\\\/producto\\\/microcontrolador-atmega-328p-dip-28pin\\\/#primaryimage\"},\"image\":{\"@id\":\"https:\\\/\\\/www.electronicajnc.com\\\/web\\\/producto\\\/microcontrolador-atmega-328p-dip-28pin\\\/#primaryimage\"},\"thumbnailUrl\":\"https:\\\/\\\/www.electronicajnc.com\\\/web\\\/wp-content\\\/uploads\\\/2024\\\/08\\\/ATMEGA.jpg\",\"datePublished\":\"2024-08-14T21:43:18+00:00\",\"dateModified\":\"2024-08-14T21:48:00+00:00\",\"description\":\"Microcontrolador Atmega 328p Dip 28pin El Microcontrolador ATMEGA328P se puede ocupar para diferentes proyectos de electr\u00f3nica, rob\u00f3tica y mecatr\u00f3nica.\",\"breadcrumb\":{\"@id\":\"https:\\\/\\\/www.electronicajnc.com\\\/web\\\/producto\\\/microcontrolador-atmega-328p-dip-28pin\\\/#breadcrumb\"},\"inLanguage\":\"es\",\"potentialAction\":[{\"@type\":\"ReadAction\",\"target\":[\"https:\\\/\\\/www.electronicajnc.com\\\/web\\\/producto\\\/microcontrolador-atmega-328p-dip-28pin\\\/\"]}]},{\"@type\":\"ImageObject\",\"inLanguage\":\"es\",\"@id\":\"https:\\\/\\\/www.electronicajnc.com\\\/web\\\/producto\\\/microcontrolador-atmega-328p-dip-28pin\\\/#primaryimage\",\"url\":\"https:\\\/\\\/www.electronicajnc.com\\\/web\\\/wp-content\\\/uploads\\\/2024\\\/08\\\/ATMEGA.jpg\",\"contentUrl\":\"https:\\\/\\\/www.electronicajnc.com\\\/web\\\/wp-content\\\/uploads\\\/2024\\\/08\\\/ATMEGA.jpg\",\"width\":1028,\"height\":1115,\"caption\":\"Atmega328 Atmega328p-pu Dip28\"},{\"@type\":\"BreadcrumbList\",\"@id\":\"https:\\\/\\\/www.electronicajnc.com\\\/web\\\/producto\\\/microcontrolador-atmega-328p-dip-28pin\\\/#breadcrumb\",\"itemListElement\":[{\"@type\":\"ListItem\",\"position\":1,\"name\":\"Portada\",\"item\":\"https:\\\/\\\/www.electronicajnc.com\\\/web\\\/\"},{\"@type\":\"ListItem\",\"position\":2,\"name\":\"TIENDA\",\"item\":\"https:\\\/\\\/www.electronicajnc.com\\\/web\\\/tienda\\\/\"},{\"@type\":\"ListItem\",\"position\":3,\"name\":\"Microcontrolador Atmega 328p Dip 28pin\"}]},{\"@type\":\"WebSite\",\"@id\":\"https:\\\/\\\/www.electronicajnc.com\\\/web\\\/#website\",\"url\":\"https:\\\/\\\/www.electronicajnc.com\\\/web\\\/\",\"name\":\"Electronica JNC\",\"description\":\"Robotica Tecnologia Mecatronica en Ecuador\",\"publisher\":{\"@id\":\"https:\\\/\\\/www.electronicajnc.com\\\/web\\\/#organization\"},\"potentialAction\":[{\"@type\":\"SearchAction\",\"target\":{\"@type\":\"EntryPoint\",\"urlTemplate\":\"https:\\\/\\\/www.electronicajnc.com\\\/web\\\/?s={search_term_string}\"},\"query-input\":{\"@type\":\"PropertyValueSpecification\",\"valueRequired\":true,\"valueName\":\"search_term_string\"}}],\"inLanguage\":\"es\"},{\"@type\":\"Organization\",\"@id\":\"https:\\\/\\\/www.electronicajnc.com\\\/web\\\/#organization\",\"name\":\"Electronica JNC\",\"url\":\"https:\\\/\\\/www.electronicajnc.com\\\/web\\\/\",\"logo\":{\"@type\":\"ImageObject\",\"inLanguage\":\"es\",\"@id\":\"https:\\\/\\\/www.electronicajnc.com\\\/web\\\/#\\\/schema\\\/logo\\\/image\\\/\",\"url\":\"https:\\\/\\\/www.electronicajnc.com\\\/web\\\/wp-content\\\/uploads\\\/2023\\\/06\\\/nuevo-logo.jpg\",\"contentUrl\":\"https:\\\/\\\/www.electronicajnc.com\\\/web\\\/wp-content\\\/uploads\\\/2023\\\/06\\\/nuevo-logo.jpg\",\"width\":1256,\"height\":612,\"caption\":\"Electronica JNC\"},\"image\":{\"@id\":\"https:\\\/\\\/www.electronicajnc.com\\\/web\\\/#\\\/schema\\\/logo\\\/image\\\/\"}}]}<\/script>\n<!-- \/ Yoast SEO plugin. -->","yoast_head_json":{"title":"Microcontrolador Atmega 328p Dip 28pin - Electronica JNC","description":"Microcontrolador Atmega 328p Dip 28pin El Microcontrolador ATMEGA328P se puede ocupar para diferentes proyectos de electr\u00f3nica, rob\u00f3tica y mecatr\u00f3nica.","robots":{"index":"index","follow":"follow","max-snippet":"max-snippet:-1","max-image-preview":"max-image-preview:large","max-video-preview":"max-video-preview:-1"},"canonical":"https:\/\/www.electronicajnc.com\/web\/producto\/microcontrolador-atmega-328p-dip-28pin\/","og_locale":"es_ES","og_type":"article","og_title":"Microcontrolador Atmega 328p Dip 28pin - Electronica JNC","og_description":"Microcontrolador Atmega 328p Dip 28pin El Microcontrolador ATMEGA328P se puede ocupar para diferentes proyectos de electr\u00f3nica, rob\u00f3tica y mecatr\u00f3nica.","og_url":"https:\/\/www.electronicajnc.com\/web\/producto\/microcontrolador-atmega-328p-dip-28pin\/","og_site_name":"Electronica JNC","article_modified_time":"2024-08-14T21:48:00+00:00","og_image":[{"width":1028,"height":1115,"url":"https:\/\/www.electronicajnc.com\/web\/wp-content\/uploads\/2024\/08\/ATMEGA.jpg","type":"image\/jpeg"}],"twitter_card":"summary_large_image","twitter_misc":{"Tiempo de lectura":"3 minutos"},"schema":{"@context":"https:\/\/schema.org","@graph":[{"@type":"WebPage","@id":"https:\/\/www.electronicajnc.com\/web\/producto\/microcontrolador-atmega-328p-dip-28pin\/","url":"https:\/\/www.electronicajnc.com\/web\/producto\/microcontrolador-atmega-328p-dip-28pin\/","name":"Microcontrolador Atmega 328p Dip 28pin - Electronica JNC","isPartOf":{"@id":"https:\/\/www.electronicajnc.com\/web\/#website"},"primaryImageOfPage":{"@id":"https:\/\/www.electronicajnc.com\/web\/producto\/microcontrolador-atmega-328p-dip-28pin\/#primaryimage"},"image":{"@id":"https:\/\/www.electronicajnc.com\/web\/producto\/microcontrolador-atmega-328p-dip-28pin\/#primaryimage"},"thumbnailUrl":"https:\/\/www.electronicajnc.com\/web\/wp-content\/uploads\/2024\/08\/ATMEGA.jpg","datePublished":"2024-08-14T21:43:18+00:00","dateModified":"2024-08-14T21:48:00+00:00","description":"Microcontrolador Atmega 328p Dip 28pin El Microcontrolador ATMEGA328P se puede ocupar para diferentes proyectos de electr\u00f3nica, rob\u00f3tica y mecatr\u00f3nica.","breadcrumb":{"@id":"https:\/\/www.electronicajnc.com\/web\/producto\/microcontrolador-atmega-328p-dip-28pin\/#breadcrumb"},"inLanguage":"es","potentialAction":[{"@type":"ReadAction","target":["https:\/\/www.electronicajnc.com\/web\/producto\/microcontrolador-atmega-328p-dip-28pin\/"]}]},{"@type":"ImageObject","inLanguage":"es","@id":"https:\/\/www.electronicajnc.com\/web\/producto\/microcontrolador-atmega-328p-dip-28pin\/#primaryimage","url":"https:\/\/www.electronicajnc.com\/web\/wp-content\/uploads\/2024\/08\/ATMEGA.jpg","contentUrl":"https:\/\/www.electronicajnc.com\/web\/wp-content\/uploads\/2024\/08\/ATMEGA.jpg","width":1028,"height":1115,"caption":"Atmega328 Atmega328p-pu Dip28"},{"@type":"BreadcrumbList","@id":"https:\/\/www.electronicajnc.com\/web\/producto\/microcontrolador-atmega-328p-dip-28pin\/#breadcrumb","itemListElement":[{"@type":"ListItem","position":1,"name":"Portada","item":"https:\/\/www.electronicajnc.com\/web\/"},{"@type":"ListItem","position":2,"name":"TIENDA","item":"https:\/\/www.electronicajnc.com\/web\/tienda\/"},{"@type":"ListItem","position":3,"name":"Microcontrolador Atmega 328p Dip 28pin"}]},{"@type":"WebSite","@id":"https:\/\/www.electronicajnc.com\/web\/#website","url":"https:\/\/www.electronicajnc.com\/web\/","name":"Electronica JNC","description":"Robotica Tecnologia Mecatronica en Ecuador","publisher":{"@id":"https:\/\/www.electronicajnc.com\/web\/#organization"},"potentialAction":[{"@type":"SearchAction","target":{"@type":"EntryPoint","urlTemplate":"https:\/\/www.electronicajnc.com\/web\/?s={search_term_string}"},"query-input":{"@type":"PropertyValueSpecification","valueRequired":true,"valueName":"search_term_string"}}],"inLanguage":"es"},{"@type":"Organization","@id":"https:\/\/www.electronicajnc.com\/web\/#organization","name":"Electronica JNC","url":"https:\/\/www.electronicajnc.com\/web\/","logo":{"@type":"ImageObject","inLanguage":"es","@id":"https:\/\/www.electronicajnc.com\/web\/#\/schema\/logo\/image\/","url":"https:\/\/www.electronicajnc.com\/web\/wp-content\/uploads\/2023\/06\/nuevo-logo.jpg","contentUrl":"https:\/\/www.electronicajnc.com\/web\/wp-content\/uploads\/2023\/06\/nuevo-logo.jpg","width":1256,"height":612,"caption":"Electronica JNC"},"image":{"@id":"https:\/\/www.electronicajnc.com\/web\/#\/schema\/logo\/image\/"}}]}},"_links":{"self":[{"href":"https:\/\/www.electronicajnc.com\/web\/wp-json\/wp\/v2\/product\/1727","targetHints":{"allow":["GET"]}}],"collection":[{"href":"https:\/\/www.electronicajnc.com\/web\/wp-json\/wp\/v2\/product"}],"about":[{"href":"https:\/\/www.electronicajnc.com\/web\/wp-json\/wp\/v2\/types\/product"}],"replies":[{"embeddable":true,"href":"https:\/\/www.electronicajnc.com\/web\/wp-json\/wp\/v2\/comments?post=1727"}],"wp:featuredmedia":[{"embeddable":true,"href":"https:\/\/www.electronicajnc.com\/web\/wp-json\/wp\/v2\/media\/1728"}],"wp:attachment":[{"href":"https:\/\/www.electronicajnc.com\/web\/wp-json\/wp\/v2\/media?parent=1727"}],"wp:term":[{"taxonomy":"product_brand","embeddable":true,"href":"https:\/\/www.electronicajnc.com\/web\/wp-json\/wp\/v2\/product_brand?post=1727"},{"taxonomy":"product_cat","embeddable":true,"href":"https:\/\/www.electronicajnc.com\/web\/wp-json\/wp\/v2\/product_cat?post=1727"},{"taxonomy":"product_tag","embeddable":true,"href":"https:\/\/www.electronicajnc.com\/web\/wp-json\/wp\/v2\/product_tag?post=1727"}],"curies":[{"name":"wp","href":"https:\/\/api.w.org\/{rel}","templated":true}]}}