{"id":1730,"date":"2024-08-14T22:01:10","date_gmt":"2024-08-14T22:01:10","guid":{"rendered":"https:\/\/www.electronicajnc.com\/web\/?post_type=product&#038;p=1730"},"modified":"2024-08-14T22:20:42","modified_gmt":"2024-08-14T22:20:42","slug":"mini-motor-de-dron-7x16mm-cccw-2pcs","status":"publish","type":"product","link":"https:\/\/www.electronicajnc.com\/web\/producto\/mini-motor-de-dron-7x16mm-cccw-2pcs\/","title":{"rendered":"Mini Motor de Dron 7x16mm CC+CW 2pcs"},"content":{"rendered":"<p>Mini Motor de Dron 7x16mm CC+CW 2pcs<\/p>\n<p>Los motores CC o CD (corriente continua o corriente directa) sin n\u00facleo a comparaci\u00f3n de otros motores, sustituyen el n\u00facleo de hierro por embobinados, provocando que el motor sea m\u00e1s ligero y compacto. Las H\u00e9lices con Motor CC sin n\u00facleo pueden trabajar en un rango de 3.7 V a 4.2 V y con corrientes entre 0.08 A a 0.1 A.<\/p>\n<p>Los motores de DC de bajo consume de corriente son de alta velocidad son utilizados para realizar proyectos como barcos, helic\u00f3pteros y drones, la alta velocidad ayuda al desplazamiento y eso gracias a sus altas capacidades en las revoluciones, puesto que este es un motor de DC de 15000 RPM.<\/p>\n<h1>Mini Motor de Dron 7x16mm CC+CW 2pcs<\/h1>\n<p><span id=\"tl_2\" data-spm-anchor-id=\"a2g0o.detail.1000023.i0.2721L0ikL0ikVq\">1. Modelo: 0716 Mini 7mm * 16mm Motor sin n\u00facleo<\/span><\/p>\n<p><span id=\"tl_3\">2. Di\u00e1metro del motor: 7mm<\/span><\/p>\n<p><span id=\"tl_4\">3. Longitud del motor: 16mm<\/span><\/p>\n<p><span id=\"tl_5\">4. Di\u00e1metro del eje de salida: 0,8mm<\/span><\/p>\n<p><span id=\"tl_6\">5. Longitud del eje de salida: 4,5mm<\/span><\/p>\n<p><span id=\"tl_7\">6. Voltaje: DC 3,7 V<\/span><\/p>\n<p><span id=\"tl_8\" data-spm-anchor-id=\"a2g0o.detail.1000023.i1.2721L0ikL0ikVq\">7. Corriente sin carga: 80mA<\/span><\/p>\n<p><span id=\"tl_9\">8. Velocidad sin carga: 40000RPM<\/span><\/p>\n<p><span id=\"tl_10\">9. Peso: 3G<\/span><\/p>\n<p><span id=\"tl_11\">10. Longitud del cable: 45mm<\/span><\/p>\n<p><strong id=\"tl_12\">Lista de embalaje<\/strong><\/p>\n<p><span id=\"tl_13\">Motor x 2 piezas<\/span><\/p>\n<div>\n<h2><b>\u00bfD\u00f3nde<\/b><strong>\u00a0conseguir ?<\/strong><\/h2>\n<\/div>\n<p>Puedes conseguir este producto y mucho mas en nuestra tienda de electr\u00f3nica \u201cElectr\u00f3nica JNC\u201d a un excelente precio, de igual manera puedes preguntar por otros productos que tenemos para ti y as\u00ed adquirirlos seg\u00fan tu necesidad para\u00a0 tus proyectos.<\/p>\n<p>Adem\u00e1s de vender realizamos todo tipo de proyectos de Rob\u00f3tica Electr\u00f3nica y de Programaci\u00f3n compatible con\u00a0 Arduino-Raspberry, brindamos asesoramiento en la elaboraci\u00f3n de proyectos y personalizamos sus clases cuando deseas armar un robot.<\/p>\n<p>Somos importadores Directos de todo en Electr\u00f3nica y Rob\u00f3tica directamente desde los fabricantes, a los mejores precios del mercado.<\/p>\n<div class=\"x11i5rnm xat24cr x1mh8g0r x1vvkbs xtlvy1s x126k92a\">\n<div dir=\"auto\">SERVICIO PERSONALIZADO, APOYO TEORICO Y VENTA DE MATERIAL<\/div>\n<\/div>\n<div class=\"x11i5rnm xat24cr x1mh8g0r x1vvkbs xtlvy1s x126k92a\">\n<div dir=\"auto\">COTIZA CON NOSOTROS<\/div>\n<div dir=\"auto\">SERVICIO, EXPERIENCIA, CALIDAD Y CONFIANZA<\/div>\n<div dir=\"auto\">\u00abTodo lo que buscas en un solo lugar\u00bb<\/div>\n<\/div>\n<div dir=\"auto\"><\/div>\n<p><img decoding=\"async\" class=\"aligncenter\" src=\"https:\/\/images.ua.prom.st\/1494267654_1494267654.jpg?PImaGE_ID=1494267654\" \/><\/p>\n<p style=\"text-align: center;\">Realizar un pedido en la web o por \u00a0<a href=\"https:\/\/api.whatsapp.com\/send?phone=593958753126\" target=\"_blank\" rel=\"noopener\">WHATSAPP<\/a>.<\/p>\n<p><img decoding=\"async\" class=\"aligncenter\" src=\"https:\/\/images.ua.prom.st\/1494267867_1494267867.jpg?PImaGE_ID=1494267867\" \/><\/p>\n<p style=\"text-align: center;\">Consulta con un asesor\u00a0 todas tus inquietudes.<\/p>\n<p><img decoding=\"async\" class=\"aligncenter\" src=\"https:\/\/images.ua.prom.st\/1494266627_1494266627.jpg?PImaGE_ID=1494266627\" \/><\/p>\n<p style=\"text-align: center;\">Pregunta las formas de pago.<\/p>\n<p><img decoding=\"async\" class=\"aligncenter\" src=\"https:\/\/images.ua.prom.st\/1494267985_1494267985.jpg?PImaGE_ID=1494267985\" \/><\/p>\n<p style=\"text-align: center;\">Tu pedido llega a la puerta de tu casa.<\/p>\n<p>&nbsp;<\/p>\n<p><strong>\u00a1\u00a1 PREG\u00daNTANOS Sin compromiso !!!!<\/strong><\/p>\n<p>Puede retirar sus pedidos en nuestra\u00a0<a href=\"https:\/\/www.electronicajnc.com\/web\/contactos\" target=\"_blank\" rel=\"noopener\">TIENDA F\u00cdSICA<\/a>\u00a0o realizar sus pedidos\u00a0<a href=\"https:\/\/www.electronicajnc.com\/web\/mi-cuenta\" target=\"_blank\" rel=\"noopener\">ONLINE<\/a>\u00a0o por\u00a0<a href=\"https:\/\/api.whatsapp.com\/send?phone=593958753126\" target=\"_blank\" rel=\"noopener\">WHATSAPP<\/a>.<\/p>\n","protected":false},"excerpt":{"rendered":"<p>Mini Motor de Dron 7x16mm CC+CW 2pcs Los motores CC o CD (corriente continua o corriente directa) sin n\u00facleo a comparaci\u00f3n de otros motores, sustituyen el n\u00facleo de hierro por embobinados, provocando que el motor sea m\u00e1s ligero y compacto. Las H\u00e9lices con Motor CC sin n\u00facleo pueden trabajar en un rango de 3.7 V [&hellip;]<\/p>\n","protected":false},"featured_media":1731,"comment_status":"closed","ping_status":"closed","template":"","meta":{"saved_in_kubio":false,"_joinchat":[]},"product_brand":[],"product_cat":[309],"product_tag":[1178,1179,1180,1181,1182,1177,555,1183,1184],"class_list":{"0":"post-1730","1":"product","2":"type-product","3":"status-publish","4":"has-post-thumbnail","6":"product_cat-componentes-electronicos","7":"product_tag-3-7v","8":"product_tag-4-2v","9":"product_tag-ar3473","10":"product_tag-drones","11":"product_tag-helices","12":"product_tag-mini-motor-de-dron-7x16mm-716-cccw-2pcs","13":"product_tag-motor","14":"product_tag-motor-cc","15":"product_tag-motor-sin-nucleo","17":"first","18":"instock","19":"taxable","20":"shipping-taxable","21":"purchasable","22":"product-type-simple"},"yoast_head":"<!-- This site is optimized with the Yoast SEO plugin v27.5 - https:\/\/yoast.com\/product\/yoast-seo-wordpress\/ -->\n<title>Mini Motor de Dron 7x16mm CC+CW 2pcs - Electronica JNC<\/title>\n<meta name=\"description\" content=\"Mini Motor de Dron 7x16mm ayuda al desplazamiento y eso gracias a sus altas capacidades en las revoluciones, puesto que este es un motor de DC de 15000 RPM.\" \/>\n<meta name=\"robots\" content=\"index, follow, max-snippet:-1, max-image-preview:large, max-video-preview:-1\" \/>\n<link rel=\"canonical\" href=\"https:\/\/www.electronicajnc.com\/web\/producto\/mini-motor-de-dron-7x16mm-cccw-2pcs\/\" \/>\n<meta property=\"og:locale\" content=\"es_ES\" \/>\n<meta property=\"og:type\" content=\"article\" \/>\n<meta property=\"og:title\" content=\"Mini Motor de Dron 7x16mm CC+CW 2pcs - Electronica JNC\" \/>\n<meta property=\"og:description\" content=\"Mini Motor de Dron 7x16mm ayuda al desplazamiento y eso gracias a sus altas capacidades en las revoluciones, puesto que este es un motor de DC de 15000 RPM.\" \/>\n<meta property=\"og:url\" content=\"https:\/\/www.electronicajnc.com\/web\/producto\/mini-motor-de-dron-7x16mm-cccw-2pcs\/\" \/>\n<meta property=\"og:site_name\" content=\"Electronica JNC\" \/>\n<meta property=\"article:modified_time\" content=\"2024-08-14T22:20:42+00:00\" \/>\n<meta property=\"og:image\" content=\"https:\/\/www.electronicajnc.com\/web\/wp-content\/uploads\/2024\/08\/motor-de-drone.jpg\" \/>\n\t<meta property=\"og:image:width\" content=\"1028\" \/>\n\t<meta property=\"og:image:height\" content=\"1115\" \/>\n\t<meta property=\"og:image:type\" content=\"image\/jpeg\" \/>\n<meta name=\"twitter:card\" content=\"summary_large_image\" \/>\n<meta name=\"twitter:label1\" content=\"Tiempo de lectura\" \/>\n\t<meta name=\"twitter:data1\" content=\"3 minutos\" \/>\n<script type=\"application\/ld+json\" class=\"yoast-schema-graph\">{\"@context\":\"https:\\\/\\\/schema.org\",\"@graph\":[{\"@type\":\"WebPage\",\"@id\":\"https:\\\/\\\/www.electronicajnc.com\\\/web\\\/producto\\\/mini-motor-de-dron-7x16mm-cccw-2pcs\\\/\",\"url\":\"https:\\\/\\\/www.electronicajnc.com\\\/web\\\/producto\\\/mini-motor-de-dron-7x16mm-cccw-2pcs\\\/\",\"name\":\"Mini Motor de Dron 7x16mm CC+CW 2pcs - Electronica JNC\",\"isPartOf\":{\"@id\":\"https:\\\/\\\/www.electronicajnc.com\\\/web\\\/#website\"},\"primaryImageOfPage\":{\"@id\":\"https:\\\/\\\/www.electronicajnc.com\\\/web\\\/producto\\\/mini-motor-de-dron-7x16mm-cccw-2pcs\\\/#primaryimage\"},\"image\":{\"@id\":\"https:\\\/\\\/www.electronicajnc.com\\\/web\\\/producto\\\/mini-motor-de-dron-7x16mm-cccw-2pcs\\\/#primaryimage\"},\"thumbnailUrl\":\"https:\\\/\\\/www.electronicajnc.com\\\/web\\\/wp-content\\\/uploads\\\/2024\\\/08\\\/motor-de-drone.jpg\",\"datePublished\":\"2024-08-14T22:01:10+00:00\",\"dateModified\":\"2024-08-14T22:20:42+00:00\",\"description\":\"Mini Motor de Dron 7x16mm ayuda al desplazamiento y eso gracias a sus altas capacidades en las revoluciones, puesto que este es un motor de DC de 15000 RPM.\",\"breadcrumb\":{\"@id\":\"https:\\\/\\\/www.electronicajnc.com\\\/web\\\/producto\\\/mini-motor-de-dron-7x16mm-cccw-2pcs\\\/#breadcrumb\"},\"inLanguage\":\"es\",\"potentialAction\":[{\"@type\":\"ReadAction\",\"target\":[\"https:\\\/\\\/www.electronicajnc.com\\\/web\\\/producto\\\/mini-motor-de-dron-7x16mm-cccw-2pcs\\\/\"]}]},{\"@type\":\"ImageObject\",\"inLanguage\":\"es\",\"@id\":\"https:\\\/\\\/www.electronicajnc.com\\\/web\\\/producto\\\/mini-motor-de-dron-7x16mm-cccw-2pcs\\\/#primaryimage\",\"url\":\"https:\\\/\\\/www.electronicajnc.com\\\/web\\\/wp-content\\\/uploads\\\/2024\\\/08\\\/motor-de-drone.jpg\",\"contentUrl\":\"https:\\\/\\\/www.electronicajnc.com\\\/web\\\/wp-content\\\/uploads\\\/2024\\\/08\\\/motor-de-drone.jpg\",\"width\":1028,\"height\":1115,\"caption\":\"Mini Motor de Dron 7x16mm 716 CC+CW 2pcs\"},{\"@type\":\"BreadcrumbList\",\"@id\":\"https:\\\/\\\/www.electronicajnc.com\\\/web\\\/producto\\\/mini-motor-de-dron-7x16mm-cccw-2pcs\\\/#breadcrumb\",\"itemListElement\":[{\"@type\":\"ListItem\",\"position\":1,\"name\":\"Portada\",\"item\":\"https:\\\/\\\/www.electronicajnc.com\\\/web\\\/\"},{\"@type\":\"ListItem\",\"position\":2,\"name\":\"TIENDA\",\"item\":\"https:\\\/\\\/www.electronicajnc.com\\\/web\\\/tienda\\\/\"},{\"@type\":\"ListItem\",\"position\":3,\"name\":\"Mini Motor de Dron 7x16mm CC+CW 2pcs\"}]},{\"@type\":\"WebSite\",\"@id\":\"https:\\\/\\\/www.electronicajnc.com\\\/web\\\/#website\",\"url\":\"https:\\\/\\\/www.electronicajnc.com\\\/web\\\/\",\"name\":\"Electronica JNC\",\"description\":\"Robotica Tecnologia Mecatronica en Ecuador\",\"publisher\":{\"@id\":\"https:\\\/\\\/www.electronicajnc.com\\\/web\\\/#organization\"},\"potentialAction\":[{\"@type\":\"SearchAction\",\"target\":{\"@type\":\"EntryPoint\",\"urlTemplate\":\"https:\\\/\\\/www.electronicajnc.com\\\/web\\\/?s={search_term_string}\"},\"query-input\":{\"@type\":\"PropertyValueSpecification\",\"valueRequired\":true,\"valueName\":\"search_term_string\"}}],\"inLanguage\":\"es\"},{\"@type\":\"Organization\",\"@id\":\"https:\\\/\\\/www.electronicajnc.com\\\/web\\\/#organization\",\"name\":\"Electronica JNC\",\"url\":\"https:\\\/\\\/www.electronicajnc.com\\\/web\\\/\",\"logo\":{\"@type\":\"ImageObject\",\"inLanguage\":\"es\",\"@id\":\"https:\\\/\\\/www.electronicajnc.com\\\/web\\\/#\\\/schema\\\/logo\\\/image\\\/\",\"url\":\"https:\\\/\\\/www.electronicajnc.com\\\/web\\\/wp-content\\\/uploads\\\/2023\\\/06\\\/nuevo-logo.jpg\",\"contentUrl\":\"https:\\\/\\\/www.electronicajnc.com\\\/web\\\/wp-content\\\/uploads\\\/2023\\\/06\\\/nuevo-logo.jpg\",\"width\":1256,\"height\":612,\"caption\":\"Electronica JNC\"},\"image\":{\"@id\":\"https:\\\/\\\/www.electronicajnc.com\\\/web\\\/#\\\/schema\\\/logo\\\/image\\\/\"}}]}<\/script>\n<!-- \/ Yoast SEO plugin. -->","yoast_head_json":{"title":"Mini Motor de Dron 7x16mm CC+CW 2pcs - Electronica JNC","description":"Mini Motor de Dron 7x16mm ayuda al desplazamiento y eso gracias a sus altas capacidades en las revoluciones, puesto que este es un motor de DC de 15000 RPM.","robots":{"index":"index","follow":"follow","max-snippet":"max-snippet:-1","max-image-preview":"max-image-preview:large","max-video-preview":"max-video-preview:-1"},"canonical":"https:\/\/www.electronicajnc.com\/web\/producto\/mini-motor-de-dron-7x16mm-cccw-2pcs\/","og_locale":"es_ES","og_type":"article","og_title":"Mini Motor de Dron 7x16mm CC+CW 2pcs - Electronica JNC","og_description":"Mini Motor de Dron 7x16mm ayuda al desplazamiento y eso gracias a sus altas capacidades en las revoluciones, puesto que este es un motor de DC de 15000 RPM.","og_url":"https:\/\/www.electronicajnc.com\/web\/producto\/mini-motor-de-dron-7x16mm-cccw-2pcs\/","og_site_name":"Electronica JNC","article_modified_time":"2024-08-14T22:20:42+00:00","og_image":[{"width":1028,"height":1115,"url":"https:\/\/www.electronicajnc.com\/web\/wp-content\/uploads\/2024\/08\/motor-de-drone.jpg","type":"image\/jpeg"}],"twitter_card":"summary_large_image","twitter_misc":{"Tiempo de lectura":"3 minutos"},"schema":{"@context":"https:\/\/schema.org","@graph":[{"@type":"WebPage","@id":"https:\/\/www.electronicajnc.com\/web\/producto\/mini-motor-de-dron-7x16mm-cccw-2pcs\/","url":"https:\/\/www.electronicajnc.com\/web\/producto\/mini-motor-de-dron-7x16mm-cccw-2pcs\/","name":"Mini Motor de Dron 7x16mm CC+CW 2pcs - Electronica JNC","isPartOf":{"@id":"https:\/\/www.electronicajnc.com\/web\/#website"},"primaryImageOfPage":{"@id":"https:\/\/www.electronicajnc.com\/web\/producto\/mini-motor-de-dron-7x16mm-cccw-2pcs\/#primaryimage"},"image":{"@id":"https:\/\/www.electronicajnc.com\/web\/producto\/mini-motor-de-dron-7x16mm-cccw-2pcs\/#primaryimage"},"thumbnailUrl":"https:\/\/www.electronicajnc.com\/web\/wp-content\/uploads\/2024\/08\/motor-de-drone.jpg","datePublished":"2024-08-14T22:01:10+00:00","dateModified":"2024-08-14T22:20:42+00:00","description":"Mini Motor de Dron 7x16mm ayuda al desplazamiento y eso gracias a sus altas capacidades en las revoluciones, puesto que este es un motor de DC de 15000 RPM.","breadcrumb":{"@id":"https:\/\/www.electronicajnc.com\/web\/producto\/mini-motor-de-dron-7x16mm-cccw-2pcs\/#breadcrumb"},"inLanguage":"es","potentialAction":[{"@type":"ReadAction","target":["https:\/\/www.electronicajnc.com\/web\/producto\/mini-motor-de-dron-7x16mm-cccw-2pcs\/"]}]},{"@type":"ImageObject","inLanguage":"es","@id":"https:\/\/www.electronicajnc.com\/web\/producto\/mini-motor-de-dron-7x16mm-cccw-2pcs\/#primaryimage","url":"https:\/\/www.electronicajnc.com\/web\/wp-content\/uploads\/2024\/08\/motor-de-drone.jpg","contentUrl":"https:\/\/www.electronicajnc.com\/web\/wp-content\/uploads\/2024\/08\/motor-de-drone.jpg","width":1028,"height":1115,"caption":"Mini Motor de Dron 7x16mm 716 CC+CW 2pcs"},{"@type":"BreadcrumbList","@id":"https:\/\/www.electronicajnc.com\/web\/producto\/mini-motor-de-dron-7x16mm-cccw-2pcs\/#breadcrumb","itemListElement":[{"@type":"ListItem","position":1,"name":"Portada","item":"https:\/\/www.electronicajnc.com\/web\/"},{"@type":"ListItem","position":2,"name":"TIENDA","item":"https:\/\/www.electronicajnc.com\/web\/tienda\/"},{"@type":"ListItem","position":3,"name":"Mini Motor de Dron 7x16mm CC+CW 2pcs"}]},{"@type":"WebSite","@id":"https:\/\/www.electronicajnc.com\/web\/#website","url":"https:\/\/www.electronicajnc.com\/web\/","name":"Electronica JNC","description":"Robotica Tecnologia Mecatronica en Ecuador","publisher":{"@id":"https:\/\/www.electronicajnc.com\/web\/#organization"},"potentialAction":[{"@type":"SearchAction","target":{"@type":"EntryPoint","urlTemplate":"https:\/\/www.electronicajnc.com\/web\/?s={search_term_string}"},"query-input":{"@type":"PropertyValueSpecification","valueRequired":true,"valueName":"search_term_string"}}],"inLanguage":"es"},{"@type":"Organization","@id":"https:\/\/www.electronicajnc.com\/web\/#organization","name":"Electronica JNC","url":"https:\/\/www.electronicajnc.com\/web\/","logo":{"@type":"ImageObject","inLanguage":"es","@id":"https:\/\/www.electronicajnc.com\/web\/#\/schema\/logo\/image\/","url":"https:\/\/www.electronicajnc.com\/web\/wp-content\/uploads\/2023\/06\/nuevo-logo.jpg","contentUrl":"https:\/\/www.electronicajnc.com\/web\/wp-content\/uploads\/2023\/06\/nuevo-logo.jpg","width":1256,"height":612,"caption":"Electronica JNC"},"image":{"@id":"https:\/\/www.electronicajnc.com\/web\/#\/schema\/logo\/image\/"}}]}},"_links":{"self":[{"href":"https:\/\/www.electronicajnc.com\/web\/wp-json\/wp\/v2\/product\/1730","targetHints":{"allow":["GET"]}}],"collection":[{"href":"https:\/\/www.electronicajnc.com\/web\/wp-json\/wp\/v2\/product"}],"about":[{"href":"https:\/\/www.electronicajnc.com\/web\/wp-json\/wp\/v2\/types\/product"}],"replies":[{"embeddable":true,"href":"https:\/\/www.electronicajnc.com\/web\/wp-json\/wp\/v2\/comments?post=1730"}],"wp:featuredmedia":[{"embeddable":true,"href":"https:\/\/www.electronicajnc.com\/web\/wp-json\/wp\/v2\/media\/1731"}],"wp:attachment":[{"href":"https:\/\/www.electronicajnc.com\/web\/wp-json\/wp\/v2\/media?parent=1730"}],"wp:term":[{"taxonomy":"product_brand","embeddable":true,"href":"https:\/\/www.electronicajnc.com\/web\/wp-json\/wp\/v2\/product_brand?post=1730"},{"taxonomy":"product_cat","embeddable":true,"href":"https:\/\/www.electronicajnc.com\/web\/wp-json\/wp\/v2\/product_cat?post=1730"},{"taxonomy":"product_tag","embeddable":true,"href":"https:\/\/www.electronicajnc.com\/web\/wp-json\/wp\/v2\/product_tag?post=1730"}],"curies":[{"name":"wp","href":"https:\/\/api.w.org\/{rel}","templated":true}]}}