{"id":1733,"date":"2024-08-14T23:57:35","date_gmt":"2024-08-14T23:57:35","guid":{"rendered":"https:\/\/www.electronicajnc.com\/web\/?post_type=product&#038;p=1733"},"modified":"2024-09-04T22:35:46","modified_gmt":"2024-09-04T22:35:46","slug":"motor-caja-reductora-modelo-25ga-370-12v-400rpm-con-encoder","status":"publish","type":"product","link":"https:\/\/www.electronicajnc.com\/web\/producto\/motor-caja-reductora-modelo-25ga-370-12v-400rpm-con-encoder\/","title":{"rendered":"Motor Caja Reductora Modelo 25GA-370 12V 400RPM CON ENCODER"},"content":{"rendered":"<p class=\"product_title entry-title\">Motor Caja Reductora Modelo 25GA-370 12V 400RPM CON ENCODER<\/p>\n<p>Este motorreductor es ideal para construir robots y proyecto exigentes donde la fuerza y velocidad son un factor clave.<br \/>\nCuenta con un motor DC de 12V de alta potencia, una caja de engranes de 400RPM, cuyo di\u00e1metro es de 25mm y con un eje de salida en forma de \u00abD\u00bb de 4mm de di\u00e1metro.<br \/>\nAdem\u00e1s cuenta con un\u00a0decodificador en cuadratura o encoder efecto hall que le facilita la lectura\u00a0de los pulsos por revoluci\u00f3n.<\/p>\n<p>Cuenta con un motor DC de 12V de alta potencia, una caja de engranes de 400RPM, cuyo di\u00e1metro es de 25mm y con un eje de salida en forma de \u00abD\u00bb de 4mm de di\u00e1metro.<\/p>\n<h1 class=\"product_title entry-title\">Motor Caja Reductora Modelo 25GA-370 12V 400RPM CON ENCODER<\/h1>\n<h2>Especificaciones<\/h2>\n<ul>\n<li>Tensi\u00f3n de funcionamiento: 12V.<\/li>\n<li>Velocidad sin carga: 400 RPM.<\/li>\n<li>Corriente de funcionamiento: Sin carga 50mA, Pico 1.2A<\/li>\n<li>Torque: 1.6 kg-cm.<\/li>\n<li>Relaci\u00f3n de engranaje: 21:1.<\/li>\n<li>Peso: 88 g.<\/li>\n<li>Resoluci\u00f3n del encoder (Hall): 231PPR<\/li>\n<li>Longitud del cable: 20 cm.<\/li>\n<\/ul>\n<div>\n<h2><b>\u00bfD\u00f3nde<\/b><strong>\u00a0conseguir ?<\/strong><\/h2>\n<\/div>\n<p>Puedes conseguir este producto y mucho mas en nuestra tienda de electr\u00f3nica \u201cElectr\u00f3nica JNC\u201d a un excelente precio, de igual manera puedes preguntar por otros productos que tenemos para ti y as\u00ed adquirirlos seg\u00fan tu necesidad para\u00a0 tus proyectos.<\/p>\n<p>Adem\u00e1s de vender realizamos todo tipo de proyectos de Rob\u00f3tica Electr\u00f3nica y de Programaci\u00f3n compatible con\u00a0 Arduino-Raspberry, brindamos asesoramiento en la elaboraci\u00f3n de proyectos y personalizamos sus clases cuando deseas armar un robot.<\/p>\n<p>Somos importadores Directos de todo en Electr\u00f3nica y Rob\u00f3tica directamente desde los fabricantes, a los mejores precios del mercado.<\/p>\n<div class=\"x11i5rnm xat24cr x1mh8g0r x1vvkbs xtlvy1s x126k92a\">\n<div dir=\"auto\">SERVICIO PERSONALIZADO, APOYO TEORICO Y VENTA DE MATERIAL<\/div>\n<\/div>\n<div class=\"x11i5rnm xat24cr x1mh8g0r x1vvkbs xtlvy1s x126k92a\">\n<div dir=\"auto\">COTIZA CON NOSOTROS<\/div>\n<div dir=\"auto\">SERVICIO, EXPERIENCIA, CALIDAD Y CONFIANZA<\/div>\n<div dir=\"auto\">\u00abTodo lo que buscas en un solo lugar\u00bb<\/div>\n<\/div>\n<div dir=\"auto\"><\/div>\n<p><img decoding=\"async\" class=\"aligncenter\" src=\"https:\/\/images.ua.prom.st\/1494267654_1494267654.jpg?PImaGE_ID=1494267654\" \/><\/p>\n<p style=\"text-align: center;\">Realizar un pedido en la web o por \u00a0<a href=\"https:\/\/api.whatsapp.com\/send?phone=593958753126\" target=\"_blank\" rel=\"noopener\">WHATSAPP<\/a>.<\/p>\n<p><img decoding=\"async\" class=\"aligncenter\" src=\"https:\/\/images.ua.prom.st\/1494267867_1494267867.jpg?PImaGE_ID=1494267867\" \/><\/p>\n<p style=\"text-align: center;\">Consulta con un asesor\u00a0 todas tus inquietudes.<\/p>\n<p><img decoding=\"async\" class=\"aligncenter\" src=\"https:\/\/images.ua.prom.st\/1494266627_1494266627.jpg?PImaGE_ID=1494266627\" \/><\/p>\n<p style=\"text-align: center;\">Pregunta las formas de pago.<\/p>\n<p><img decoding=\"async\" class=\"aligncenter\" src=\"https:\/\/images.ua.prom.st\/1494267985_1494267985.jpg?PImaGE_ID=1494267985\" \/><\/p>\n<p style=\"text-align: center;\">Tu pedido llega a la puerta de tu casa.<\/p>\n<p>&nbsp;<\/p>\n<p><strong>\u00a1\u00a1 PREG\u00daNTANOS Sin compromiso !!!!<\/strong><\/p>\n<p>Puede retirar sus pedidos en nuestra\u00a0<a href=\"https:\/\/www.electronicajnc.com\/web\/contactos\" target=\"_blank\" rel=\"noopener\">TIENDA F\u00cdSICA<\/a>\u00a0o realizar sus pedidos\u00a0<a href=\"https:\/\/www.electronicajnc.com\/web\/mi-cuenta\" target=\"_blank\" rel=\"noopener\">ONLINE<\/a>\u00a0o por\u00a0<a href=\"https:\/\/api.whatsapp.com\/send?phone=593958753126\" target=\"_blank\" rel=\"noopener\">WHATSAPP<\/a>.<\/p>\n","protected":false},"excerpt":{"rendered":"<p>Motor Caja Reductora Modelo 25GA-370 12V 400RPM CON ENCODER Este motorreductor es ideal para construir robots y proyecto exigentes donde la fuerza y velocidad son un factor clave. Cuenta con un motor DC de 12V de alta potencia, una caja de engranes de 400RPM, cuyo di\u00e1metro es de 25mm y con un eje de salida [&hellip;]<\/p>\n","protected":false},"featured_media":1735,"comment_status":"closed","ping_status":"closed","template":"","meta":{"saved_in_kubio":false,"_joinchat":[]},"product_brand":[],"product_cat":[309],"product_tag":[46,1116,609,610,555,1186,611,1185,613,80,31],"class_list":{"0":"post-1733","1":"product","2":"type-product","3":"status-publish","4":"has-post-thumbnail","6":"product_cat-componentes-electronicos","7":"product_tag-electronica","8":"product_tag-encoder","9":"product_tag-micro","10":"product_tag-micromotor","11":"product_tag-motor","12":"product_tag-motor-caja-reductora","13":"product_tag-motorreductor","14":"product_tag-pololu","15":"product_tag-reductor","16":"product_tag-robot","17":"product_tag-robotica","19":"first","20":"instock","21":"taxable","22":"shipping-taxable","23":"purchasable","24":"product-type-simple"},"yoast_head":"<!-- This site is optimized with the Yoast SEO plugin v27.4 - https:\/\/yoast.com\/product\/yoast-seo-wordpress\/ -->\n<title>Motor Caja Reductora Modelo 25GA-370 12V 400RPM CON ENCODER - Electronica JNC<\/title>\n<meta name=\"description\" content=\"Motor Caja Reductora Modelo 25GA-370 12V 400RPM CON ENCODER ideal para construir robots proyecto exigentes donde la fuerza y velocidad son un factor clave.\" \/>\n<meta name=\"robots\" content=\"index, follow, max-snippet:-1, max-image-preview:large, max-video-preview:-1\" \/>\n<link rel=\"canonical\" href=\"https:\/\/www.electronicajnc.com\/web\/producto\/motor-caja-reductora-modelo-25ga-370-12v-400rpm-con-encoder\/\" \/>\n<meta property=\"og:locale\" content=\"es_ES\" \/>\n<meta property=\"og:type\" content=\"article\" \/>\n<meta property=\"og:title\" content=\"Motor Caja Reductora Modelo 25GA-370 12V 400RPM CON ENCODER - Electronica JNC\" \/>\n<meta property=\"og:description\" content=\"Motor Caja Reductora Modelo 25GA-370 12V 400RPM CON ENCODER ideal para construir robots proyecto exigentes donde la fuerza y velocidad son un factor clave.\" \/>\n<meta property=\"og:url\" content=\"https:\/\/www.electronicajnc.com\/web\/producto\/motor-caja-reductora-modelo-25ga-370-12v-400rpm-con-encoder\/\" \/>\n<meta property=\"og:site_name\" content=\"Electronica JNC\" \/>\n<meta property=\"article:modified_time\" content=\"2024-09-04T22:35:46+00:00\" \/>\n<meta property=\"og:image\" content=\"https:\/\/www.electronicajnc.com\/web\/wp-content\/uploads\/2024\/08\/MOTOR-CON-ENCODER.jpg\" \/>\n\t<meta property=\"og:image:width\" content=\"1028\" \/>\n\t<meta property=\"og:image:height\" content=\"1115\" \/>\n\t<meta property=\"og:image:type\" content=\"image\/jpeg\" \/>\n<meta name=\"twitter:card\" content=\"summary_large_image\" \/>\n<meta name=\"twitter:label1\" content=\"Tiempo de lectura\" \/>\n\t<meta name=\"twitter:data1\" content=\"3 minutos\" \/>\n<script type=\"application\/ld+json\" class=\"yoast-schema-graph\">{\"@context\":\"https:\\\/\\\/schema.org\",\"@graph\":[{\"@type\":\"WebPage\",\"@id\":\"https:\\\/\\\/www.electronicajnc.com\\\/web\\\/producto\\\/motor-caja-reductora-modelo-25ga-370-12v-400rpm-con-encoder\\\/\",\"url\":\"https:\\\/\\\/www.electronicajnc.com\\\/web\\\/producto\\\/motor-caja-reductora-modelo-25ga-370-12v-400rpm-con-encoder\\\/\",\"name\":\"Motor Caja Reductora Modelo 25GA-370 12V 400RPM CON ENCODER - Electronica JNC\",\"isPartOf\":{\"@id\":\"https:\\\/\\\/www.electronicajnc.com\\\/web\\\/#website\"},\"primaryImageOfPage\":{\"@id\":\"https:\\\/\\\/www.electronicajnc.com\\\/web\\\/producto\\\/motor-caja-reductora-modelo-25ga-370-12v-400rpm-con-encoder\\\/#primaryimage\"},\"image\":{\"@id\":\"https:\\\/\\\/www.electronicajnc.com\\\/web\\\/producto\\\/motor-caja-reductora-modelo-25ga-370-12v-400rpm-con-encoder\\\/#primaryimage\"},\"thumbnailUrl\":\"https:\\\/\\\/www.electronicajnc.com\\\/web\\\/wp-content\\\/uploads\\\/2024\\\/08\\\/MOTOR-CON-ENCODER.jpg\",\"datePublished\":\"2024-08-14T23:57:35+00:00\",\"dateModified\":\"2024-09-04T22:35:46+00:00\",\"description\":\"Motor Caja Reductora Modelo 25GA-370 12V 400RPM CON ENCODER ideal para construir robots proyecto exigentes donde la fuerza y velocidad son un factor clave.\",\"breadcrumb\":{\"@id\":\"https:\\\/\\\/www.electronicajnc.com\\\/web\\\/producto\\\/motor-caja-reductora-modelo-25ga-370-12v-400rpm-con-encoder\\\/#breadcrumb\"},\"inLanguage\":\"es\",\"potentialAction\":[{\"@type\":\"ReadAction\",\"target\":[\"https:\\\/\\\/www.electronicajnc.com\\\/web\\\/producto\\\/motor-caja-reductora-modelo-25ga-370-12v-400rpm-con-encoder\\\/\"]}]},{\"@type\":\"ImageObject\",\"inLanguage\":\"es\",\"@id\":\"https:\\\/\\\/www.electronicajnc.com\\\/web\\\/producto\\\/motor-caja-reductora-modelo-25ga-370-12v-400rpm-con-encoder\\\/#primaryimage\",\"url\":\"https:\\\/\\\/www.electronicajnc.com\\\/web\\\/wp-content\\\/uploads\\\/2024\\\/08\\\/MOTOR-CON-ENCODER.jpg\",\"contentUrl\":\"https:\\\/\\\/www.electronicajnc.com\\\/web\\\/wp-content\\\/uploads\\\/2024\\\/08\\\/MOTOR-CON-ENCODER.jpg\",\"width\":1028,\"height\":1115,\"caption\":\"Motor Caja Reductora Modelo 25GA-370 12V 400RPM CON ENCODER\"},{\"@type\":\"BreadcrumbList\",\"@id\":\"https:\\\/\\\/www.electronicajnc.com\\\/web\\\/producto\\\/motor-caja-reductora-modelo-25ga-370-12v-400rpm-con-encoder\\\/#breadcrumb\",\"itemListElement\":[{\"@type\":\"ListItem\",\"position\":1,\"name\":\"Portada\",\"item\":\"https:\\\/\\\/www.electronicajnc.com\\\/web\\\/\"},{\"@type\":\"ListItem\",\"position\":2,\"name\":\"TIENDA\",\"item\":\"https:\\\/\\\/www.electronicajnc.com\\\/web\\\/tienda\\\/\"},{\"@type\":\"ListItem\",\"position\":3,\"name\":\"Motor Caja Reductora Modelo 25GA-370 12V 400RPM CON ENCODER\"}]},{\"@type\":\"WebSite\",\"@id\":\"https:\\\/\\\/www.electronicajnc.com\\\/web\\\/#website\",\"url\":\"https:\\\/\\\/www.electronicajnc.com\\\/web\\\/\",\"name\":\"Electronica JNC\",\"description\":\"Robotica Tecnologia Mecatronica en Ecuador\",\"publisher\":{\"@id\":\"https:\\\/\\\/www.electronicajnc.com\\\/web\\\/#organization\"},\"potentialAction\":[{\"@type\":\"SearchAction\",\"target\":{\"@type\":\"EntryPoint\",\"urlTemplate\":\"https:\\\/\\\/www.electronicajnc.com\\\/web\\\/?s={search_term_string}\"},\"query-input\":{\"@type\":\"PropertyValueSpecification\",\"valueRequired\":true,\"valueName\":\"search_term_string\"}}],\"inLanguage\":\"es\"},{\"@type\":\"Organization\",\"@id\":\"https:\\\/\\\/www.electronicajnc.com\\\/web\\\/#organization\",\"name\":\"Electronica JNC\",\"url\":\"https:\\\/\\\/www.electronicajnc.com\\\/web\\\/\",\"logo\":{\"@type\":\"ImageObject\",\"inLanguage\":\"es\",\"@id\":\"https:\\\/\\\/www.electronicajnc.com\\\/web\\\/#\\\/schema\\\/logo\\\/image\\\/\",\"url\":\"https:\\\/\\\/www.electronicajnc.com\\\/web\\\/wp-content\\\/uploads\\\/2023\\\/06\\\/nuevo-logo.jpg\",\"contentUrl\":\"https:\\\/\\\/www.electronicajnc.com\\\/web\\\/wp-content\\\/uploads\\\/2023\\\/06\\\/nuevo-logo.jpg\",\"width\":1256,\"height\":612,\"caption\":\"Electronica JNC\"},\"image\":{\"@id\":\"https:\\\/\\\/www.electronicajnc.com\\\/web\\\/#\\\/schema\\\/logo\\\/image\\\/\"}}]}<\/script>\n<!-- \/ Yoast SEO plugin. -->","yoast_head_json":{"title":"Motor Caja Reductora Modelo 25GA-370 12V 400RPM CON ENCODER - Electronica JNC","description":"Motor Caja Reductora Modelo 25GA-370 12V 400RPM CON ENCODER ideal para construir robots proyecto exigentes donde la fuerza y velocidad son un factor clave.","robots":{"index":"index","follow":"follow","max-snippet":"max-snippet:-1","max-image-preview":"max-image-preview:large","max-video-preview":"max-video-preview:-1"},"canonical":"https:\/\/www.electronicajnc.com\/web\/producto\/motor-caja-reductora-modelo-25ga-370-12v-400rpm-con-encoder\/","og_locale":"es_ES","og_type":"article","og_title":"Motor Caja Reductora Modelo 25GA-370 12V 400RPM CON ENCODER - Electronica JNC","og_description":"Motor Caja Reductora Modelo 25GA-370 12V 400RPM CON ENCODER ideal para construir robots proyecto exigentes donde la fuerza y velocidad son un factor clave.","og_url":"https:\/\/www.electronicajnc.com\/web\/producto\/motor-caja-reductora-modelo-25ga-370-12v-400rpm-con-encoder\/","og_site_name":"Electronica JNC","article_modified_time":"2024-09-04T22:35:46+00:00","og_image":[{"width":1028,"height":1115,"url":"https:\/\/www.electronicajnc.com\/web\/wp-content\/uploads\/2024\/08\/MOTOR-CON-ENCODER.jpg","type":"image\/jpeg"}],"twitter_card":"summary_large_image","twitter_misc":{"Tiempo de lectura":"3 minutos"},"schema":{"@context":"https:\/\/schema.org","@graph":[{"@type":"WebPage","@id":"https:\/\/www.electronicajnc.com\/web\/producto\/motor-caja-reductora-modelo-25ga-370-12v-400rpm-con-encoder\/","url":"https:\/\/www.electronicajnc.com\/web\/producto\/motor-caja-reductora-modelo-25ga-370-12v-400rpm-con-encoder\/","name":"Motor Caja Reductora Modelo 25GA-370 12V 400RPM CON ENCODER - Electronica JNC","isPartOf":{"@id":"https:\/\/www.electronicajnc.com\/web\/#website"},"primaryImageOfPage":{"@id":"https:\/\/www.electronicajnc.com\/web\/producto\/motor-caja-reductora-modelo-25ga-370-12v-400rpm-con-encoder\/#primaryimage"},"image":{"@id":"https:\/\/www.electronicajnc.com\/web\/producto\/motor-caja-reductora-modelo-25ga-370-12v-400rpm-con-encoder\/#primaryimage"},"thumbnailUrl":"https:\/\/www.electronicajnc.com\/web\/wp-content\/uploads\/2024\/08\/MOTOR-CON-ENCODER.jpg","datePublished":"2024-08-14T23:57:35+00:00","dateModified":"2024-09-04T22:35:46+00:00","description":"Motor Caja Reductora Modelo 25GA-370 12V 400RPM CON ENCODER ideal para construir robots proyecto exigentes donde la fuerza y velocidad son un factor clave.","breadcrumb":{"@id":"https:\/\/www.electronicajnc.com\/web\/producto\/motor-caja-reductora-modelo-25ga-370-12v-400rpm-con-encoder\/#breadcrumb"},"inLanguage":"es","potentialAction":[{"@type":"ReadAction","target":["https:\/\/www.electronicajnc.com\/web\/producto\/motor-caja-reductora-modelo-25ga-370-12v-400rpm-con-encoder\/"]}]},{"@type":"ImageObject","inLanguage":"es","@id":"https:\/\/www.electronicajnc.com\/web\/producto\/motor-caja-reductora-modelo-25ga-370-12v-400rpm-con-encoder\/#primaryimage","url":"https:\/\/www.electronicajnc.com\/web\/wp-content\/uploads\/2024\/08\/MOTOR-CON-ENCODER.jpg","contentUrl":"https:\/\/www.electronicajnc.com\/web\/wp-content\/uploads\/2024\/08\/MOTOR-CON-ENCODER.jpg","width":1028,"height":1115,"caption":"Motor Caja Reductora Modelo 25GA-370 12V 400RPM CON ENCODER"},{"@type":"BreadcrumbList","@id":"https:\/\/www.electronicajnc.com\/web\/producto\/motor-caja-reductora-modelo-25ga-370-12v-400rpm-con-encoder\/#breadcrumb","itemListElement":[{"@type":"ListItem","position":1,"name":"Portada","item":"https:\/\/www.electronicajnc.com\/web\/"},{"@type":"ListItem","position":2,"name":"TIENDA","item":"https:\/\/www.electronicajnc.com\/web\/tienda\/"},{"@type":"ListItem","position":3,"name":"Motor Caja Reductora Modelo 25GA-370 12V 400RPM CON ENCODER"}]},{"@type":"WebSite","@id":"https:\/\/www.electronicajnc.com\/web\/#website","url":"https:\/\/www.electronicajnc.com\/web\/","name":"Electronica JNC","description":"Robotica Tecnologia Mecatronica en Ecuador","publisher":{"@id":"https:\/\/www.electronicajnc.com\/web\/#organization"},"potentialAction":[{"@type":"SearchAction","target":{"@type":"EntryPoint","urlTemplate":"https:\/\/www.electronicajnc.com\/web\/?s={search_term_string}"},"query-input":{"@type":"PropertyValueSpecification","valueRequired":true,"valueName":"search_term_string"}}],"inLanguage":"es"},{"@type":"Organization","@id":"https:\/\/www.electronicajnc.com\/web\/#organization","name":"Electronica JNC","url":"https:\/\/www.electronicajnc.com\/web\/","logo":{"@type":"ImageObject","inLanguage":"es","@id":"https:\/\/www.electronicajnc.com\/web\/#\/schema\/logo\/image\/","url":"https:\/\/www.electronicajnc.com\/web\/wp-content\/uploads\/2023\/06\/nuevo-logo.jpg","contentUrl":"https:\/\/www.electronicajnc.com\/web\/wp-content\/uploads\/2023\/06\/nuevo-logo.jpg","width":1256,"height":612,"caption":"Electronica JNC"},"image":{"@id":"https:\/\/www.electronicajnc.com\/web\/#\/schema\/logo\/image\/"}}]}},"_links":{"self":[{"href":"https:\/\/www.electronicajnc.com\/web\/wp-json\/wp\/v2\/product\/1733","targetHints":{"allow":["GET"]}}],"collection":[{"href":"https:\/\/www.electronicajnc.com\/web\/wp-json\/wp\/v2\/product"}],"about":[{"href":"https:\/\/www.electronicajnc.com\/web\/wp-json\/wp\/v2\/types\/product"}],"replies":[{"embeddable":true,"href":"https:\/\/www.electronicajnc.com\/web\/wp-json\/wp\/v2\/comments?post=1733"}],"wp:featuredmedia":[{"embeddable":true,"href":"https:\/\/www.electronicajnc.com\/web\/wp-json\/wp\/v2\/media\/1735"}],"wp:attachment":[{"href":"https:\/\/www.electronicajnc.com\/web\/wp-json\/wp\/v2\/media?parent=1733"}],"wp:term":[{"taxonomy":"product_brand","embeddable":true,"href":"https:\/\/www.electronicajnc.com\/web\/wp-json\/wp\/v2\/product_brand?post=1733"},{"taxonomy":"product_cat","embeddable":true,"href":"https:\/\/www.electronicajnc.com\/web\/wp-json\/wp\/v2\/product_cat?post=1733"},{"taxonomy":"product_tag","embeddable":true,"href":"https:\/\/www.electronicajnc.com\/web\/wp-json\/wp\/v2\/product_tag?post=1733"}],"curies":[{"name":"wp","href":"https:\/\/api.w.org\/{rel}","templated":true}]}}