{"id":1751,"date":"2024-09-18T15:26:01","date_gmt":"2024-09-18T15:26:01","guid":{"rendered":"https:\/\/www.electronicajnc.com\/web\/?post_type=product&#038;p=1751"},"modified":"2025-01-20T23:31:08","modified_gmt":"2025-01-20T23:31:08","slug":"multimetro-digital-lcd-xl830l","status":"publish","type":"product","link":"https:\/\/www.electronicajnc.com\/web\/producto\/multimetro-digital-lcd-xl830l\/","title":{"rendered":"Mult\u00edmetro Digital LCD \u2014 XL830L"},"content":{"rendered":"<p class=\"product_title entry-title elementor-heading-title elementor-size-default\">Mult\u00edmetro Digital LCD \u2014 XL830L<\/p>\n<p>Este es un mult\u00edmetro digital de mano que le permite la medici\u00f3n de voltaje DC y AC, corriente continua, resistencia, diodo y transistor. Es tan f\u00e1cil de operar, eficiente y pr\u00e1ctico al mostrar las lecturas en la pantalla LCD.\u00a0Se puede usar para revisar todo tipo de placas de circuito as\u00ed como para cualquier tipo de uso (desde proyecto escolares y ense\u00f1anza hasta herramienta de electricista).<\/p>\n<h1 class=\"product_title entry-title elementor-heading-title elementor-size-default\">Mult\u00edmetro Digital LCD \u2014 XL830L<\/h1>\n<ul>\n<li>Modelo: XL830L<\/li>\n<li>Dise\u00f1o port\u00e1til y compacto:\n<ul>\n<li>Dimensiones:\u00a0138mmX 69mm X 31mm<\/li>\n<li>Peso aproximado: 240g<\/li>\n<li>Pantalla LCD, recuentos 1999, actualizaciones 2-3 \/ seg<\/li>\n<\/ul>\n<\/li>\n<li>Prueba de ensamblaje de diodos \/ Prueba de uni\u00f3n de transistor P-N \/ Prueba de transistor HFE<\/li>\n<li>Prueba de continuidad con sonido de zumbador en el circuito<\/li>\n<li>Indicaci\u00f3n de bajo voltaje de la bater\u00eda:\u00a0 -\/+ en pantalla<\/li>\n<li>Bot\u00f3n de Retenci\u00f3n de datos<\/li>\n<li>Voltaje:\n<ul>\n<li>DC: 200mV \/ 2V \/ 20V \/ 200V +- 0.5%, 600V +- 0.8%<\/li>\n<li>AC: 200 V \/ 600 V +- 1.2%<\/li>\n<\/ul>\n<\/li>\n<li>Corriente DC: 200\u03bcA, 2mA, 20mA +- 1%, 200mA +- 1.5%, 10A +- 3%<\/li>\n<li>Resistencia: 200Ohms, 2KOhms, 20KOhms, 200KOhms, 2MOhms + \u2013 0.8%<\/li>\n<li>Temperatura:\n<ul>\n<li>funcionamiento: -0C a 40C<\/li>\n<li>almacenamiento: -10 a 50 grados Celsius<\/li>\n<\/ul>\n<\/li>\n<li>Indicaci\u00f3n de polaridad: \u00ab-\u00bb se muestra para la polaridad negativa<\/li>\n<li>Protecci\u00f3n de fusibles F 200mA \/ 250V<\/li>\n<li>CAT II600V<\/li>\n<li>Requiere una bater\u00eda de 9V (no incluida)<\/li>\n<\/ul>\n<div>\n<h2><b>\u00bfD\u00f3nde<\/b><strong>\u00a0conseguir ?<\/strong><\/h2>\n<\/div>\n<p>Puedes conseguir este producto y mucho mas en nuestra tienda de electr\u00f3nica \u201cElectr\u00f3nica JNC\u201d a un excelente precio, de igual manera puedes preguntar por otros productos que tenemos para ti y as\u00ed adquirirlos seg\u00fan tu necesidad para\u00a0 tus proyectos.<\/p>\n<p>Adem\u00e1s de vender realizamos todo tipo de proyectos de Rob\u00f3tica Electr\u00f3nica y de Programaci\u00f3n compatible con\u00a0 Arduino-Raspberry, brindamos asesoramiento en la elaboraci\u00f3n de proyectos y personalizamos sus clases cuando deseas armar un robot.<\/p>\n<p>Somos importadores Directos de todo en Electr\u00f3nica y Rob\u00f3tica directamente desde los fabricantes, a los mejores precios del mercado.<\/p>\n<div class=\"x11i5rnm xat24cr x1mh8g0r x1vvkbs xtlvy1s x126k92a\">\n<div dir=\"auto\">SERVICIO PERSONALIZADO, APOYO TEORICO Y VENTA DE MATERIAL<\/div>\n<\/div>\n<div class=\"x11i5rnm xat24cr x1mh8g0r x1vvkbs xtlvy1s x126k92a\">\n<div dir=\"auto\">COTIZA CON NOSOTROS<\/div>\n<div dir=\"auto\">SERVICIO, EXPERIENCIA, CALIDAD Y CONFIANZA<\/div>\n<div dir=\"auto\">\u00abTodo lo que buscas en un solo lugar\u00bb<\/div>\n<\/div>\n<div dir=\"auto\"><\/div>\n<p><img decoding=\"async\" class=\"aligncenter\" src=\"https:\/\/images.ua.prom.st\/1494267654_1494267654.jpg?PImaGE_ID=1494267654\" \/><\/p>\n<p style=\"text-align: center;\">Realizar un pedido en la web o por \u00a0<a href=\"https:\/\/api.whatsapp.com\/send?phone=593958753126\" target=\"_blank\" rel=\"noopener\">WHATSAPP<\/a>.<\/p>\n<p><img decoding=\"async\" class=\"aligncenter\" src=\"https:\/\/images.ua.prom.st\/1494267867_1494267867.jpg?PImaGE_ID=1494267867\" \/><\/p>\n<p style=\"text-align: center;\">Consulta con un asesor\u00a0 todas tus inquietudes.<\/p>\n<p><img decoding=\"async\" class=\"aligncenter\" src=\"https:\/\/images.ua.prom.st\/1494266627_1494266627.jpg?PImaGE_ID=1494266627\" \/><\/p>\n<p style=\"text-align: center;\">Pregunta las formas de pago.<\/p>\n<p><img decoding=\"async\" class=\"aligncenter\" src=\"https:\/\/images.ua.prom.st\/1494267985_1494267985.jpg?PImaGE_ID=1494267985\" \/><\/p>\n<p style=\"text-align: center;\">Tu pedido llega a la puerta de tu casa.<\/p>\n<p>&nbsp;<\/p>\n<p><strong>\u00a1\u00a1 PREG\u00daNTANOS Sin compromiso !!!!<\/strong><\/p>\n<p>Puede retirar sus pedidos en nuestra\u00a0<a href=\"https:\/\/www.electronicajnc.com\/web\/contactos\" target=\"_blank\" rel=\"noopener\">TIENDA F\u00cdSICA<\/a>\u00a0o realizar sus pedidos\u00a0<a href=\"https:\/\/www.electronicajnc.com\/web\/mi-cuenta\" target=\"_blank\" rel=\"noopener\">ONLINE<\/a>\u00a0o por\u00a0<a href=\"https:\/\/api.whatsapp.com\/send?phone=593958753126\" target=\"_blank\" rel=\"noopener\">WHATSAPP<\/a>.<\/p>\n<p>&nbsp;<\/p>\n","protected":false},"excerpt":{"rendered":"<p>Mult\u00edmetro Digital LCD \u2014 XL830L Este es un mult\u00edmetro digital de mano que le permite la medici\u00f3n de voltaje DC y AC, corriente continua, resistencia, diodo y transistor. Es tan f\u00e1cil de operar, eficiente y pr\u00e1ctico al mostrar las lecturas en la pantalla LCD.\u00a0Se puede usar para revisar todo tipo de placas de circuito as\u00ed [&hellip;]<\/p>\n","protected":false},"featured_media":1752,"comment_status":"closed","ping_status":"closed","template":"","meta":{"saved_in_kubio":false,"_joinchat":[]},"product_brand":[],"product_cat":[70],"product_tag":[645,1191,38],"class_list":{"0":"post-1751","1":"product","2":"type-product","3":"status-publish","4":"has-post-thumbnail","6":"product_cat-electronica_herramientas","7":"product_tag-herramientas","8":"product_tag-instrumentos-de-medicion","9":"product_tag-multimetros","11":"first","12":"instock","13":"taxable","14":"shipping-taxable","15":"purchasable","16":"product-type-simple"},"yoast_head":"<!-- This site is optimized with the Yoast SEO plugin v27.4 - https:\/\/yoast.com\/product\/yoast-seo-wordpress\/ -->\n<title>Mult\u00edmetro Digital LCD \u2014 XL830L - Electronica JNC<\/title>\n<meta name=\"description\" content=\"Mult\u00edmetro Digital LCD \u2014 XL830L que le permite la medici\u00f3n de voltaje DC y AC, corriente continua, resistencia, diodo y transistor\" \/>\n<meta name=\"robots\" content=\"index, follow, max-snippet:-1, max-image-preview:large, max-video-preview:-1\" \/>\n<link rel=\"canonical\" href=\"https:\/\/www.electronicajnc.com\/web\/producto\/multimetro-digital-lcd-xl830l\/\" \/>\n<meta property=\"og:locale\" content=\"es_ES\" \/>\n<meta property=\"og:type\" content=\"article\" \/>\n<meta property=\"og:title\" content=\"Mult\u00edmetro Digital LCD \u2014 XL830L - Electronica JNC\" \/>\n<meta property=\"og:description\" content=\"Mult\u00edmetro Digital LCD \u2014 XL830L que le permite la medici\u00f3n de voltaje DC y AC, corriente continua, resistencia, diodo y transistor\" \/>\n<meta property=\"og:url\" content=\"https:\/\/www.electronicajnc.com\/web\/producto\/multimetro-digital-lcd-xl830l\/\" \/>\n<meta property=\"og:site_name\" content=\"Electronica JNC\" \/>\n<meta property=\"article:modified_time\" content=\"2025-01-20T23:31:08+00:00\" \/>\n<meta property=\"og:image\" content=\"https:\/\/www.electronicajnc.com\/web\/wp-content\/uploads\/2024\/09\/mult-amarillo.png\" \/>\n\t<meta property=\"og:image:width\" content=\"1019\" \/>\n\t<meta property=\"og:image:height\" content=\"1041\" \/>\n\t<meta property=\"og:image:type\" content=\"image\/png\" \/>\n<meta name=\"twitter:card\" content=\"summary_large_image\" \/>\n<meta name=\"twitter:label1\" content=\"Tiempo de lectura\" \/>\n\t<meta name=\"twitter:data1\" content=\"3 minutos\" \/>\n<script type=\"application\/ld+json\" class=\"yoast-schema-graph\">{\"@context\":\"https:\\\/\\\/schema.org\",\"@graph\":[{\"@type\":\"WebPage\",\"@id\":\"https:\\\/\\\/www.electronicajnc.com\\\/web\\\/producto\\\/multimetro-digital-lcd-xl830l\\\/\",\"url\":\"https:\\\/\\\/www.electronicajnc.com\\\/web\\\/producto\\\/multimetro-digital-lcd-xl830l\\\/\",\"name\":\"Mult\u00edmetro Digital LCD \u2014 XL830L - Electronica JNC\",\"isPartOf\":{\"@id\":\"https:\\\/\\\/www.electronicajnc.com\\\/web\\\/#website\"},\"primaryImageOfPage\":{\"@id\":\"https:\\\/\\\/www.electronicajnc.com\\\/web\\\/producto\\\/multimetro-digital-lcd-xl830l\\\/#primaryimage\"},\"image\":{\"@id\":\"https:\\\/\\\/www.electronicajnc.com\\\/web\\\/producto\\\/multimetro-digital-lcd-xl830l\\\/#primaryimage\"},\"thumbnailUrl\":\"https:\\\/\\\/www.electronicajnc.com\\\/web\\\/wp-content\\\/uploads\\\/2024\\\/09\\\/mult-amarillo.png\",\"datePublished\":\"2024-09-18T15:26:01+00:00\",\"dateModified\":\"2025-01-20T23:31:08+00:00\",\"description\":\"Mult\u00edmetro Digital LCD \u2014 XL830L que le permite la medici\u00f3n de voltaje DC y AC, corriente continua, resistencia, diodo y transistor\",\"breadcrumb\":{\"@id\":\"https:\\\/\\\/www.electronicajnc.com\\\/web\\\/producto\\\/multimetro-digital-lcd-xl830l\\\/#breadcrumb\"},\"inLanguage\":\"es\",\"potentialAction\":[{\"@type\":\"ReadAction\",\"target\":[\"https:\\\/\\\/www.electronicajnc.com\\\/web\\\/producto\\\/multimetro-digital-lcd-xl830l\\\/\"]}]},{\"@type\":\"ImageObject\",\"inLanguage\":\"es\",\"@id\":\"https:\\\/\\\/www.electronicajnc.com\\\/web\\\/producto\\\/multimetro-digital-lcd-xl830l\\\/#primaryimage\",\"url\":\"https:\\\/\\\/www.electronicajnc.com\\\/web\\\/wp-content\\\/uploads\\\/2024\\\/09\\\/mult-amarillo.png\",\"contentUrl\":\"https:\\\/\\\/www.electronicajnc.com\\\/web\\\/wp-content\\\/uploads\\\/2024\\\/09\\\/mult-amarillo.png\",\"width\":1019,\"height\":1041},{\"@type\":\"BreadcrumbList\",\"@id\":\"https:\\\/\\\/www.electronicajnc.com\\\/web\\\/producto\\\/multimetro-digital-lcd-xl830l\\\/#breadcrumb\",\"itemListElement\":[{\"@type\":\"ListItem\",\"position\":1,\"name\":\"Portada\",\"item\":\"https:\\\/\\\/www.electronicajnc.com\\\/web\\\/\"},{\"@type\":\"ListItem\",\"position\":2,\"name\":\"TIENDA\",\"item\":\"https:\\\/\\\/www.electronicajnc.com\\\/web\\\/tienda\\\/\"},{\"@type\":\"ListItem\",\"position\":3,\"name\":\"Mult\u00edmetro Digital LCD \u2014 XL830L\"}]},{\"@type\":\"WebSite\",\"@id\":\"https:\\\/\\\/www.electronicajnc.com\\\/web\\\/#website\",\"url\":\"https:\\\/\\\/www.electronicajnc.com\\\/web\\\/\",\"name\":\"Electronica JNC\",\"description\":\"Robotica Tecnologia Mecatronica en Ecuador\",\"publisher\":{\"@id\":\"https:\\\/\\\/www.electronicajnc.com\\\/web\\\/#organization\"},\"potentialAction\":[{\"@type\":\"SearchAction\",\"target\":{\"@type\":\"EntryPoint\",\"urlTemplate\":\"https:\\\/\\\/www.electronicajnc.com\\\/web\\\/?s={search_term_string}\"},\"query-input\":{\"@type\":\"PropertyValueSpecification\",\"valueRequired\":true,\"valueName\":\"search_term_string\"}}],\"inLanguage\":\"es\"},{\"@type\":\"Organization\",\"@id\":\"https:\\\/\\\/www.electronicajnc.com\\\/web\\\/#organization\",\"name\":\"Electronica JNC\",\"url\":\"https:\\\/\\\/www.electronicajnc.com\\\/web\\\/\",\"logo\":{\"@type\":\"ImageObject\",\"inLanguage\":\"es\",\"@id\":\"https:\\\/\\\/www.electronicajnc.com\\\/web\\\/#\\\/schema\\\/logo\\\/image\\\/\",\"url\":\"https:\\\/\\\/www.electronicajnc.com\\\/web\\\/wp-content\\\/uploads\\\/2023\\\/06\\\/nuevo-logo.jpg\",\"contentUrl\":\"https:\\\/\\\/www.electronicajnc.com\\\/web\\\/wp-content\\\/uploads\\\/2023\\\/06\\\/nuevo-logo.jpg\",\"width\":1256,\"height\":612,\"caption\":\"Electronica JNC\"},\"image\":{\"@id\":\"https:\\\/\\\/www.electronicajnc.com\\\/web\\\/#\\\/schema\\\/logo\\\/image\\\/\"}}]}<\/script>\n<!-- \/ Yoast SEO plugin. -->","yoast_head_json":{"title":"Mult\u00edmetro Digital LCD \u2014 XL830L - Electronica JNC","description":"Mult\u00edmetro Digital LCD \u2014 XL830L que le permite la medici\u00f3n de voltaje DC y AC, corriente continua, resistencia, diodo y transistor","robots":{"index":"index","follow":"follow","max-snippet":"max-snippet:-1","max-image-preview":"max-image-preview:large","max-video-preview":"max-video-preview:-1"},"canonical":"https:\/\/www.electronicajnc.com\/web\/producto\/multimetro-digital-lcd-xl830l\/","og_locale":"es_ES","og_type":"article","og_title":"Mult\u00edmetro Digital LCD \u2014 XL830L - Electronica JNC","og_description":"Mult\u00edmetro Digital LCD \u2014 XL830L que le permite la medici\u00f3n de voltaje DC y AC, corriente continua, resistencia, diodo y transistor","og_url":"https:\/\/www.electronicajnc.com\/web\/producto\/multimetro-digital-lcd-xl830l\/","og_site_name":"Electronica JNC","article_modified_time":"2025-01-20T23:31:08+00:00","og_image":[{"width":1019,"height":1041,"url":"https:\/\/www.electronicajnc.com\/web\/wp-content\/uploads\/2024\/09\/mult-amarillo.png","type":"image\/png"}],"twitter_card":"summary_large_image","twitter_misc":{"Tiempo de lectura":"3 minutos"},"schema":{"@context":"https:\/\/schema.org","@graph":[{"@type":"WebPage","@id":"https:\/\/www.electronicajnc.com\/web\/producto\/multimetro-digital-lcd-xl830l\/","url":"https:\/\/www.electronicajnc.com\/web\/producto\/multimetro-digital-lcd-xl830l\/","name":"Mult\u00edmetro Digital LCD \u2014 XL830L - Electronica JNC","isPartOf":{"@id":"https:\/\/www.electronicajnc.com\/web\/#website"},"primaryImageOfPage":{"@id":"https:\/\/www.electronicajnc.com\/web\/producto\/multimetro-digital-lcd-xl830l\/#primaryimage"},"image":{"@id":"https:\/\/www.electronicajnc.com\/web\/producto\/multimetro-digital-lcd-xl830l\/#primaryimage"},"thumbnailUrl":"https:\/\/www.electronicajnc.com\/web\/wp-content\/uploads\/2024\/09\/mult-amarillo.png","datePublished":"2024-09-18T15:26:01+00:00","dateModified":"2025-01-20T23:31:08+00:00","description":"Mult\u00edmetro Digital LCD \u2014 XL830L que le permite la medici\u00f3n de voltaje DC y AC, corriente continua, resistencia, diodo y transistor","breadcrumb":{"@id":"https:\/\/www.electronicajnc.com\/web\/producto\/multimetro-digital-lcd-xl830l\/#breadcrumb"},"inLanguage":"es","potentialAction":[{"@type":"ReadAction","target":["https:\/\/www.electronicajnc.com\/web\/producto\/multimetro-digital-lcd-xl830l\/"]}]},{"@type":"ImageObject","inLanguage":"es","@id":"https:\/\/www.electronicajnc.com\/web\/producto\/multimetro-digital-lcd-xl830l\/#primaryimage","url":"https:\/\/www.electronicajnc.com\/web\/wp-content\/uploads\/2024\/09\/mult-amarillo.png","contentUrl":"https:\/\/www.electronicajnc.com\/web\/wp-content\/uploads\/2024\/09\/mult-amarillo.png","width":1019,"height":1041},{"@type":"BreadcrumbList","@id":"https:\/\/www.electronicajnc.com\/web\/producto\/multimetro-digital-lcd-xl830l\/#breadcrumb","itemListElement":[{"@type":"ListItem","position":1,"name":"Portada","item":"https:\/\/www.electronicajnc.com\/web\/"},{"@type":"ListItem","position":2,"name":"TIENDA","item":"https:\/\/www.electronicajnc.com\/web\/tienda\/"},{"@type":"ListItem","position":3,"name":"Mult\u00edmetro Digital LCD \u2014 XL830L"}]},{"@type":"WebSite","@id":"https:\/\/www.electronicajnc.com\/web\/#website","url":"https:\/\/www.electronicajnc.com\/web\/","name":"Electronica JNC","description":"Robotica Tecnologia Mecatronica en Ecuador","publisher":{"@id":"https:\/\/www.electronicajnc.com\/web\/#organization"},"potentialAction":[{"@type":"SearchAction","target":{"@type":"EntryPoint","urlTemplate":"https:\/\/www.electronicajnc.com\/web\/?s={search_term_string}"},"query-input":{"@type":"PropertyValueSpecification","valueRequired":true,"valueName":"search_term_string"}}],"inLanguage":"es"},{"@type":"Organization","@id":"https:\/\/www.electronicajnc.com\/web\/#organization","name":"Electronica JNC","url":"https:\/\/www.electronicajnc.com\/web\/","logo":{"@type":"ImageObject","inLanguage":"es","@id":"https:\/\/www.electronicajnc.com\/web\/#\/schema\/logo\/image\/","url":"https:\/\/www.electronicajnc.com\/web\/wp-content\/uploads\/2023\/06\/nuevo-logo.jpg","contentUrl":"https:\/\/www.electronicajnc.com\/web\/wp-content\/uploads\/2023\/06\/nuevo-logo.jpg","width":1256,"height":612,"caption":"Electronica JNC"},"image":{"@id":"https:\/\/www.electronicajnc.com\/web\/#\/schema\/logo\/image\/"}}]}},"_links":{"self":[{"href":"https:\/\/www.electronicajnc.com\/web\/wp-json\/wp\/v2\/product\/1751","targetHints":{"allow":["GET"]}}],"collection":[{"href":"https:\/\/www.electronicajnc.com\/web\/wp-json\/wp\/v2\/product"}],"about":[{"href":"https:\/\/www.electronicajnc.com\/web\/wp-json\/wp\/v2\/types\/product"}],"replies":[{"embeddable":true,"href":"https:\/\/www.electronicajnc.com\/web\/wp-json\/wp\/v2\/comments?post=1751"}],"wp:featuredmedia":[{"embeddable":true,"href":"https:\/\/www.electronicajnc.com\/web\/wp-json\/wp\/v2\/media\/1752"}],"wp:attachment":[{"href":"https:\/\/www.electronicajnc.com\/web\/wp-json\/wp\/v2\/media?parent=1751"}],"wp:term":[{"taxonomy":"product_brand","embeddable":true,"href":"https:\/\/www.electronicajnc.com\/web\/wp-json\/wp\/v2\/product_brand?post=1751"},{"taxonomy":"product_cat","embeddable":true,"href":"https:\/\/www.electronicajnc.com\/web\/wp-json\/wp\/v2\/product_cat?post=1751"},{"taxonomy":"product_tag","embeddable":true,"href":"https:\/\/www.electronicajnc.com\/web\/wp-json\/wp\/v2\/product_tag?post=1751"}],"curies":[{"name":"wp","href":"https:\/\/api.w.org\/{rel}","templated":true}]}}