{"id":1779,"date":"2024-10-01T22:10:16","date_gmt":"2024-10-01T22:10:16","guid":{"rendered":"https:\/\/www.electronicajnc.com\/web\/?post_type=product&#038;p=1779"},"modified":"2024-10-01T22:11:05","modified_gmt":"2024-10-01T22:11:05","slug":"conector-10cm-bateria-9v-con-plug","status":"publish","type":"product","link":"https:\/\/www.electronicajnc.com\/web\/producto\/conector-10cm-bateria-9v-con-plug\/","title":{"rendered":"Conector 10cm Bater\u00eda 9V con Plug"},"content":{"rendered":"<p>Conector 10cm Bater\u00eda 9V con Plug<\/p>\n<p>El conector para bater\u00eda Arduino permite conectar directamente una bater\u00eda de 9 volts (cuadrada) a la toma de alimentaci\u00f3n (jack) de una tarjeta Arduino. Es una forma pr\u00e1ctica de alimentar tus circuitos para pruebas, donde un puerto USB o una toma el\u00e9ctrica no estar\u00e1 disponible, por ejemplo, mientras le ense\u00f1as al profesor tus circuitos o mientras realizas pruebas con un m\u00f3dulo de radio frecuencia.<\/p>\n<p>Recomendamos este producto para uso temporal del arduino, ya que las bater\u00edas cuadradas no son famosas por tener una gran capacidad ni densidad de energ\u00eda, lo cual har\u00eda que se agotaran r\u00e1pidamente si se dejan conectadas de forma indefinida.<\/p>\n<h1 class=\"product_title entry-title\">Conector 10cm Bater\u00eda 9V con Plug<\/h1>\n<p>Se puede usar para energizar (alimentar) cualquier dispositivo, como Arduino UNO y otras placas, que necesiten un voltaje de 9V DC y que tenga un conector de barril montado.<\/p>\n<p><b>Caracter\u00edsticas:\u00a0<\/b><\/p>\n<ul>\n<li>Para bater\u00eda de 9V<\/li>\n<li>Conector plug DC de 5,5 mm di\u00e1metro externo x 2.1 mm diametro interno<\/li>\n<li>Cable:10 cm aprox.<\/li>\n<li>Compatible con Arduino: UNO, MEGA2560, MEGA2560 ADK, Leonardo y DUE<\/li>\n<\/ul>\n<div>\n<h2><b>\u00bfD\u00f3nde<\/b><strong>\u00a0conseguir ?<\/strong><\/h2>\n<\/div>\n<p>Puedes conseguir este producto y mucho mas en nuestra tienda de electr\u00f3nica \u201cElectr\u00f3nica JNC\u201d a un excelente precio, de igual manera puedes preguntar por otros productos que tenemos para ti y as\u00ed adquirirlos seg\u00fan tu necesidad para\u00a0 tus proyectos.<\/p>\n<p>Adem\u00e1s de vender realizamos todo tipo de proyectos de Rob\u00f3tica Electr\u00f3nica y de Programaci\u00f3n compatible con\u00a0 Arduino-Raspberry, brindamos asesoramiento en la elaboraci\u00f3n de proyectos y personalizamos sus clases cuando deseas armar un robot.<\/p>\n<p>Somos importadores Directos de todo en Electr\u00f3nica y Rob\u00f3tica directamente desde los fabricantes, a los mejores precios del mercado.<\/p>\n<div class=\"x11i5rnm xat24cr x1mh8g0r x1vvkbs xtlvy1s x126k92a\">\n<div dir=\"auto\">SERVICIO PERSONALIZADO, APOYO TEORICO Y VENTA DE MATERIAL<\/div>\n<\/div>\n<div class=\"x11i5rnm xat24cr x1mh8g0r x1vvkbs xtlvy1s x126k92a\">\n<div dir=\"auto\">COTIZA CON NOSOTROS<\/div>\n<div dir=\"auto\">SERVICIO, EXPERIENCIA, CALIDAD Y CONFIANZA<\/div>\n<div dir=\"auto\">\u00abTodo lo que buscas en un solo lugar\u00bb<\/div>\n<\/div>\n<div dir=\"auto\"><\/div>\n<p><img decoding=\"async\" class=\"aligncenter\" src=\"https:\/\/images.ua.prom.st\/1494267654_1494267654.jpg?PImaGE_ID=1494267654\" \/><\/p>\n<p style=\"text-align: center;\">Realizar un pedido en la web o por \u00a0<a href=\"https:\/\/api.whatsapp.com\/send?phone=593958753126\" target=\"_blank\" rel=\"noopener\">WHATSAPP<\/a>.<\/p>\n<p><img decoding=\"async\" class=\"aligncenter\" src=\"https:\/\/images.ua.prom.st\/1494267867_1494267867.jpg?PImaGE_ID=1494267867\" \/><\/p>\n<p style=\"text-align: center;\">Consulta con un asesor\u00a0 todas tus inquietudes.<\/p>\n<p><img decoding=\"async\" class=\"aligncenter\" src=\"https:\/\/images.ua.prom.st\/1494266627_1494266627.jpg?PImaGE_ID=1494266627\" \/><\/p>\n<p style=\"text-align: center;\">Pregunta las formas de pago.<\/p>\n<p><img decoding=\"async\" class=\"aligncenter\" src=\"https:\/\/images.ua.prom.st\/1494267985_1494267985.jpg?PImaGE_ID=1494267985\" \/><\/p>\n<p style=\"text-align: center;\">Tu pedido llega a la puerta de tu casa.<\/p>\n<p>&nbsp;<\/p>\n<p><strong>\u00a1\u00a1 PREG\u00daNTANOS Sin compromiso !!!!<\/strong><\/p>\n<p>Puede retirar sus pedidos en nuestra\u00a0<a href=\"https:\/\/www.electronicajnc.com\/web\/contactos\" target=\"_blank\" rel=\"noopener\">TIENDA F\u00cdSICA<\/a>\u00a0o realizar sus pedidos\u00a0<a href=\"https:\/\/www.electronicajnc.com\/web\/mi-cuenta\" target=\"_blank\" rel=\"noopener\">ONLINE<\/a>\u00a0o por\u00a0<a href=\"https:\/\/api.whatsapp.com\/send?phone=593958753126\" target=\"_blank\" rel=\"noopener\">WHATSAPP<\/a>.<\/p>\n<p>&nbsp;<\/p>\n","protected":false},"excerpt":{"rendered":"<p>Conector 10cm Bater\u00eda 9V con Plug El conector para bater\u00eda Arduino permite conectar directamente una bater\u00eda de 9 volts (cuadrada) a la toma de alimentaci\u00f3n (jack) de una tarjeta Arduino. Es una forma pr\u00e1ctica de alimentar tus circuitos para pruebas, donde un puerto USB o una toma el\u00e9ctrica no estar\u00e1 disponible, por ejemplo, mientras le [&hellip;]<\/p>\n","protected":false},"featured_media":1780,"comment_status":"closed","ping_status":"closed","template":"","meta":{"saved_in_kubio":false,"_joinchat":[]},"product_brand":[],"product_cat":[309],"product_tag":[205,196,44,439,1099],"class_list":{"0":"post-1779","1":"product","2":"type-product","3":"status-publish","4":"has-post-thumbnail","6":"product_cat-componentes-electronicos","7":"product_tag-9v","8":"product_tag-arduino","9":"product_tag-arduino-mega","10":"product_tag-arduino-uno","11":"product_tag-bateria-9v","13":"first","14":"instock","15":"taxable","16":"shipping-taxable","17":"purchasable","18":"product-type-simple"},"yoast_head":"<!-- This site is optimized with the Yoast SEO plugin v27.4 - https:\/\/yoast.com\/product\/yoast-seo-wordpress\/ -->\n<title>Conector 10cm Bater\u00eda 9V con Plug - Electronica JNC<\/title>\n<meta name=\"description\" content=\"Conector 10cm Bater\u00eda 9V con Plug permite conectar directamente una bater\u00eda de 9 volts (cuadrada) al jack de alimentaci\u00f3n de las placas compatibles.\" \/>\n<meta name=\"robots\" content=\"index, follow, max-snippet:-1, max-image-preview:large, max-video-preview:-1\" \/>\n<link rel=\"canonical\" href=\"https:\/\/www.electronicajnc.com\/web\/producto\/conector-10cm-bateria-9v-con-plug\/\" \/>\n<meta property=\"og:locale\" content=\"es_ES\" \/>\n<meta property=\"og:type\" content=\"article\" \/>\n<meta property=\"og:title\" content=\"Conector 10cm Bater\u00eda 9V con Plug - Electronica JNC\" \/>\n<meta property=\"og:description\" content=\"Conector 10cm Bater\u00eda 9V con Plug permite conectar directamente una bater\u00eda de 9 volts (cuadrada) al jack de alimentaci\u00f3n de las placas compatibles.\" \/>\n<meta property=\"og:url\" content=\"https:\/\/www.electronicajnc.com\/web\/producto\/conector-10cm-bateria-9v-con-plug\/\" \/>\n<meta property=\"og:site_name\" content=\"Electronica JNC\" \/>\n<meta property=\"article:modified_time\" content=\"2024-10-01T22:11:05+00:00\" \/>\n<meta property=\"og:image\" content=\"https:\/\/www.electronicajnc.com\/web\/wp-content\/uploads\/2024\/10\/conector-arduino.jpg\" \/>\n\t<meta property=\"og:image:width\" content=\"1028\" \/>\n\t<meta property=\"og:image:height\" content=\"1115\" \/>\n\t<meta property=\"og:image:type\" content=\"image\/jpeg\" \/>\n<meta name=\"twitter:card\" content=\"summary_large_image\" \/>\n<meta name=\"twitter:label1\" content=\"Tiempo de lectura\" \/>\n\t<meta name=\"twitter:data1\" content=\"3 minutos\" \/>\n<script type=\"application\/ld+json\" class=\"yoast-schema-graph\">{\"@context\":\"https:\\\/\\\/schema.org\",\"@graph\":[{\"@type\":\"WebPage\",\"@id\":\"https:\\\/\\\/www.electronicajnc.com\\\/web\\\/producto\\\/conector-10cm-bateria-9v-con-plug\\\/\",\"url\":\"https:\\\/\\\/www.electronicajnc.com\\\/web\\\/producto\\\/conector-10cm-bateria-9v-con-plug\\\/\",\"name\":\"Conector 10cm Bater\u00eda 9V con Plug - Electronica JNC\",\"isPartOf\":{\"@id\":\"https:\\\/\\\/www.electronicajnc.com\\\/web\\\/#website\"},\"primaryImageOfPage\":{\"@id\":\"https:\\\/\\\/www.electronicajnc.com\\\/web\\\/producto\\\/conector-10cm-bateria-9v-con-plug\\\/#primaryimage\"},\"image\":{\"@id\":\"https:\\\/\\\/www.electronicajnc.com\\\/web\\\/producto\\\/conector-10cm-bateria-9v-con-plug\\\/#primaryimage\"},\"thumbnailUrl\":\"https:\\\/\\\/www.electronicajnc.com\\\/web\\\/wp-content\\\/uploads\\\/2024\\\/10\\\/conector-arduino.jpg\",\"datePublished\":\"2024-10-01T22:10:16+00:00\",\"dateModified\":\"2024-10-01T22:11:05+00:00\",\"description\":\"Conector 10cm Bater\u00eda 9V con Plug permite conectar directamente una bater\u00eda de 9 volts (cuadrada) al jack de alimentaci\u00f3n de las placas compatibles.\",\"breadcrumb\":{\"@id\":\"https:\\\/\\\/www.electronicajnc.com\\\/web\\\/producto\\\/conector-10cm-bateria-9v-con-plug\\\/#breadcrumb\"},\"inLanguage\":\"es\",\"potentialAction\":[{\"@type\":\"ReadAction\",\"target\":[\"https:\\\/\\\/www.electronicajnc.com\\\/web\\\/producto\\\/conector-10cm-bateria-9v-con-plug\\\/\"]}]},{\"@type\":\"ImageObject\",\"inLanguage\":\"es\",\"@id\":\"https:\\\/\\\/www.electronicajnc.com\\\/web\\\/producto\\\/conector-10cm-bateria-9v-con-plug\\\/#primaryimage\",\"url\":\"https:\\\/\\\/www.electronicajnc.com\\\/web\\\/wp-content\\\/uploads\\\/2024\\\/10\\\/conector-arduino.jpg\",\"contentUrl\":\"https:\\\/\\\/www.electronicajnc.com\\\/web\\\/wp-content\\\/uploads\\\/2024\\\/10\\\/conector-arduino.jpg\",\"width\":1028,\"height\":1115,\"caption\":\"Conector 10cm Bater\u00eda 9V con Plug\"},{\"@type\":\"BreadcrumbList\",\"@id\":\"https:\\\/\\\/www.electronicajnc.com\\\/web\\\/producto\\\/conector-10cm-bateria-9v-con-plug\\\/#breadcrumb\",\"itemListElement\":[{\"@type\":\"ListItem\",\"position\":1,\"name\":\"Portada\",\"item\":\"https:\\\/\\\/www.electronicajnc.com\\\/web\\\/\"},{\"@type\":\"ListItem\",\"position\":2,\"name\":\"TIENDA\",\"item\":\"https:\\\/\\\/www.electronicajnc.com\\\/web\\\/tienda\\\/\"},{\"@type\":\"ListItem\",\"position\":3,\"name\":\"Conector 10cm Bater\u00eda 9V con Plug\"}]},{\"@type\":\"WebSite\",\"@id\":\"https:\\\/\\\/www.electronicajnc.com\\\/web\\\/#website\",\"url\":\"https:\\\/\\\/www.electronicajnc.com\\\/web\\\/\",\"name\":\"Electronica JNC\",\"description\":\"Robotica Tecnologia Mecatronica en Ecuador\",\"publisher\":{\"@id\":\"https:\\\/\\\/www.electronicajnc.com\\\/web\\\/#organization\"},\"potentialAction\":[{\"@type\":\"SearchAction\",\"target\":{\"@type\":\"EntryPoint\",\"urlTemplate\":\"https:\\\/\\\/www.electronicajnc.com\\\/web\\\/?s={search_term_string}\"},\"query-input\":{\"@type\":\"PropertyValueSpecification\",\"valueRequired\":true,\"valueName\":\"search_term_string\"}}],\"inLanguage\":\"es\"},{\"@type\":\"Organization\",\"@id\":\"https:\\\/\\\/www.electronicajnc.com\\\/web\\\/#organization\",\"name\":\"Electronica JNC\",\"url\":\"https:\\\/\\\/www.electronicajnc.com\\\/web\\\/\",\"logo\":{\"@type\":\"ImageObject\",\"inLanguage\":\"es\",\"@id\":\"https:\\\/\\\/www.electronicajnc.com\\\/web\\\/#\\\/schema\\\/logo\\\/image\\\/\",\"url\":\"https:\\\/\\\/www.electronicajnc.com\\\/web\\\/wp-content\\\/uploads\\\/2023\\\/06\\\/nuevo-logo.jpg\",\"contentUrl\":\"https:\\\/\\\/www.electronicajnc.com\\\/web\\\/wp-content\\\/uploads\\\/2023\\\/06\\\/nuevo-logo.jpg\",\"width\":1256,\"height\":612,\"caption\":\"Electronica JNC\"},\"image\":{\"@id\":\"https:\\\/\\\/www.electronicajnc.com\\\/web\\\/#\\\/schema\\\/logo\\\/image\\\/\"}}]}<\/script>\n<!-- \/ Yoast SEO plugin. -->","yoast_head_json":{"title":"Conector 10cm Bater\u00eda 9V con Plug - Electronica JNC","description":"Conector 10cm Bater\u00eda 9V con Plug permite conectar directamente una bater\u00eda de 9 volts (cuadrada) al jack de alimentaci\u00f3n de las placas compatibles.","robots":{"index":"index","follow":"follow","max-snippet":"max-snippet:-1","max-image-preview":"max-image-preview:large","max-video-preview":"max-video-preview:-1"},"canonical":"https:\/\/www.electronicajnc.com\/web\/producto\/conector-10cm-bateria-9v-con-plug\/","og_locale":"es_ES","og_type":"article","og_title":"Conector 10cm Bater\u00eda 9V con Plug - Electronica JNC","og_description":"Conector 10cm Bater\u00eda 9V con Plug permite conectar directamente una bater\u00eda de 9 volts (cuadrada) al jack de alimentaci\u00f3n de las placas compatibles.","og_url":"https:\/\/www.electronicajnc.com\/web\/producto\/conector-10cm-bateria-9v-con-plug\/","og_site_name":"Electronica JNC","article_modified_time":"2024-10-01T22:11:05+00:00","og_image":[{"width":1028,"height":1115,"url":"https:\/\/www.electronicajnc.com\/web\/wp-content\/uploads\/2024\/10\/conector-arduino.jpg","type":"image\/jpeg"}],"twitter_card":"summary_large_image","twitter_misc":{"Tiempo de lectura":"3 minutos"},"schema":{"@context":"https:\/\/schema.org","@graph":[{"@type":"WebPage","@id":"https:\/\/www.electronicajnc.com\/web\/producto\/conector-10cm-bateria-9v-con-plug\/","url":"https:\/\/www.electronicajnc.com\/web\/producto\/conector-10cm-bateria-9v-con-plug\/","name":"Conector 10cm Bater\u00eda 9V con Plug - Electronica JNC","isPartOf":{"@id":"https:\/\/www.electronicajnc.com\/web\/#website"},"primaryImageOfPage":{"@id":"https:\/\/www.electronicajnc.com\/web\/producto\/conector-10cm-bateria-9v-con-plug\/#primaryimage"},"image":{"@id":"https:\/\/www.electronicajnc.com\/web\/producto\/conector-10cm-bateria-9v-con-plug\/#primaryimage"},"thumbnailUrl":"https:\/\/www.electronicajnc.com\/web\/wp-content\/uploads\/2024\/10\/conector-arduino.jpg","datePublished":"2024-10-01T22:10:16+00:00","dateModified":"2024-10-01T22:11:05+00:00","description":"Conector 10cm Bater\u00eda 9V con Plug permite conectar directamente una bater\u00eda de 9 volts (cuadrada) al jack de alimentaci\u00f3n de las placas compatibles.","breadcrumb":{"@id":"https:\/\/www.electronicajnc.com\/web\/producto\/conector-10cm-bateria-9v-con-plug\/#breadcrumb"},"inLanguage":"es","potentialAction":[{"@type":"ReadAction","target":["https:\/\/www.electronicajnc.com\/web\/producto\/conector-10cm-bateria-9v-con-plug\/"]}]},{"@type":"ImageObject","inLanguage":"es","@id":"https:\/\/www.electronicajnc.com\/web\/producto\/conector-10cm-bateria-9v-con-plug\/#primaryimage","url":"https:\/\/www.electronicajnc.com\/web\/wp-content\/uploads\/2024\/10\/conector-arduino.jpg","contentUrl":"https:\/\/www.electronicajnc.com\/web\/wp-content\/uploads\/2024\/10\/conector-arduino.jpg","width":1028,"height":1115,"caption":"Conector 10cm Bater\u00eda 9V con Plug"},{"@type":"BreadcrumbList","@id":"https:\/\/www.electronicajnc.com\/web\/producto\/conector-10cm-bateria-9v-con-plug\/#breadcrumb","itemListElement":[{"@type":"ListItem","position":1,"name":"Portada","item":"https:\/\/www.electronicajnc.com\/web\/"},{"@type":"ListItem","position":2,"name":"TIENDA","item":"https:\/\/www.electronicajnc.com\/web\/tienda\/"},{"@type":"ListItem","position":3,"name":"Conector 10cm Bater\u00eda 9V con Plug"}]},{"@type":"WebSite","@id":"https:\/\/www.electronicajnc.com\/web\/#website","url":"https:\/\/www.electronicajnc.com\/web\/","name":"Electronica JNC","description":"Robotica Tecnologia Mecatronica en Ecuador","publisher":{"@id":"https:\/\/www.electronicajnc.com\/web\/#organization"},"potentialAction":[{"@type":"SearchAction","target":{"@type":"EntryPoint","urlTemplate":"https:\/\/www.electronicajnc.com\/web\/?s={search_term_string}"},"query-input":{"@type":"PropertyValueSpecification","valueRequired":true,"valueName":"search_term_string"}}],"inLanguage":"es"},{"@type":"Organization","@id":"https:\/\/www.electronicajnc.com\/web\/#organization","name":"Electronica JNC","url":"https:\/\/www.electronicajnc.com\/web\/","logo":{"@type":"ImageObject","inLanguage":"es","@id":"https:\/\/www.electronicajnc.com\/web\/#\/schema\/logo\/image\/","url":"https:\/\/www.electronicajnc.com\/web\/wp-content\/uploads\/2023\/06\/nuevo-logo.jpg","contentUrl":"https:\/\/www.electronicajnc.com\/web\/wp-content\/uploads\/2023\/06\/nuevo-logo.jpg","width":1256,"height":612,"caption":"Electronica JNC"},"image":{"@id":"https:\/\/www.electronicajnc.com\/web\/#\/schema\/logo\/image\/"}}]}},"_links":{"self":[{"href":"https:\/\/www.electronicajnc.com\/web\/wp-json\/wp\/v2\/product\/1779","targetHints":{"allow":["GET"]}}],"collection":[{"href":"https:\/\/www.electronicajnc.com\/web\/wp-json\/wp\/v2\/product"}],"about":[{"href":"https:\/\/www.electronicajnc.com\/web\/wp-json\/wp\/v2\/types\/product"}],"replies":[{"embeddable":true,"href":"https:\/\/www.electronicajnc.com\/web\/wp-json\/wp\/v2\/comments?post=1779"}],"wp:featuredmedia":[{"embeddable":true,"href":"https:\/\/www.electronicajnc.com\/web\/wp-json\/wp\/v2\/media\/1780"}],"wp:attachment":[{"href":"https:\/\/www.electronicajnc.com\/web\/wp-json\/wp\/v2\/media?parent=1779"}],"wp:term":[{"taxonomy":"product_brand","embeddable":true,"href":"https:\/\/www.electronicajnc.com\/web\/wp-json\/wp\/v2\/product_brand?post=1779"},{"taxonomy":"product_cat","embeddable":true,"href":"https:\/\/www.electronicajnc.com\/web\/wp-json\/wp\/v2\/product_cat?post=1779"},{"taxonomy":"product_tag","embeddable":true,"href":"https:\/\/www.electronicajnc.com\/web\/wp-json\/wp\/v2\/product_tag?post=1779"}],"curies":[{"name":"wp","href":"https:\/\/api.w.org\/{rel}","templated":true}]}}