{"id":1799,"date":"2024-10-07T21:34:14","date_gmt":"2024-10-07T21:34:14","guid":{"rendered":"https:\/\/www.electronicajnc.com\/web\/?post_type=product&#038;p=1799"},"modified":"2024-10-07T21:34:36","modified_gmt":"2024-10-07T21:34:36","slug":"driver-mosfet-de-alta-velocidad-icl7667","status":"publish","type":"product","link":"https:\/\/www.electronicajnc.com\/web\/producto\/driver-mosfet-de-alta-velocidad-icl7667\/","title":{"rendered":"Driver Mosfet de alta velocidad ICL7667"},"content":{"rendered":"<p>Driver Mosfet de alta velocidad ICL7667<\/p>\n<p>El ICL7667 es un circuito integrado controlador dual monol\u00edtico de alta velocidad dise\u00f1ado para convertir se\u00f1ales de nivel TTL en salidas de alta corriente a voltajes de hasta 15V.<\/p>\n<p>Con una variaci\u00f3n de voltaje de salida de solo milivoltios menos que el voltaje de suministro y un voltaje de suministro m\u00e1ximo de 15 V, el ICL7667 es muy adecuado para impulsar MOSFET de potencia en convertidores de potencia de modo conmutado de alta frecuencia. Las salidas de alta corriente del ICL7667 minimizan las p\u00e9rdidas de potencia en los MOSFET de potencia al cargar y descargar r\u00e1pidamente la capacitancia de la puerta.<\/p>\n<h2>Driver Mosfet de alta velocidad ICL7667<\/h2>\n<p>Bajo consumo de energ\u00eda: 4 mW con entradas bajas: 20 mW con entradas altas<br \/>\nControlador de potencia compatible con entrada TTL \/ CMOS-ROUT = 7<br \/>\nInterfaz directa con circuitos integrados de control PWM comunes<\/p>\n<p>Tiempos de subida y bajada m\u00e1s r\u00e1pidos: 30 ns con carga de 1000pF<br \/>\nAmplio rango de voltaje de suministro de 15 V: V + = + 4,5 V a + 15 V- V- = -15 V a tierra (0 V)<br \/>\nPin equivalente a DS0026 \/ DS0056; TSC426<br \/>\nAplicaciones: Fuentes de alimentaci\u00f3n conmutadas, convertidores CC \/ CC, controladores de motor<\/p>\n<div>\n<h2><b>\u00bfD\u00f3nde<\/b><strong>\u00a0conseguir ?<\/strong><\/h2>\n<\/div>\n<p>Puedes conseguir este producto y mucho mas en nuestra tienda de electr\u00f3nica \u201cElectr\u00f3nica JNC\u201d a un excelente precio, de igual manera puedes preguntar por otros productos que tenemos para ti y as\u00ed adquirirlos seg\u00fan tu necesidad para\u00a0 tus proyectos.<\/p>\n<p>Adem\u00e1s de vender realizamos todo tipo de proyectos de Rob\u00f3tica Electr\u00f3nica y de Programaci\u00f3n compatible con\u00a0 Arduino-Raspberry, brindamos asesoramiento en la elaboraci\u00f3n de proyectos y personalizamos sus clases cuando deseas armar un robot.<\/p>\n<p>Somos importadores Directos de todo en Electr\u00f3nica y Rob\u00f3tica directamente desde los fabricantes, a los mejores precios del mercado.<\/p>\n<div class=\"x11i5rnm xat24cr x1mh8g0r x1vvkbs xtlvy1s x126k92a\">\n<div dir=\"auto\">SERVICIO PERSONALIZADO, APOYO TE\u00d3RICO Y VENTA DE MATERIAL<\/div>\n<\/div>\n<div class=\"x11i5rnm xat24cr x1mh8g0r x1vvkbs xtlvy1s x126k92a\">\n<div dir=\"auto\">COTIZA CON NOSOTROS<\/div>\n<div dir=\"auto\">SERVICIO, EXPERIENCIA, CALIDAD Y CONFIANZA<\/div>\n<div dir=\"auto\">\u00abTodo lo que buscas en un solo lugar\u00bb<\/div>\n<\/div>\n<div dir=\"auto\"><\/div>\n<p><img decoding=\"async\" class=\"aligncenter\" src=\"https:\/\/images.ua.prom.st\/1494267654_1494267654.jpg?PImaGE_ID=1494267654\" \/><\/p>\n<p style=\"text-align: center;\">Realizar un pedido en la web o por \u00a0<a href=\"https:\/\/api.whatsapp.com\/send?phone=593958753126\" target=\"_blank\" rel=\"noopener\">WHATSAPP<\/a>.<\/p>\n<p><img decoding=\"async\" class=\"aligncenter\" src=\"https:\/\/images.ua.prom.st\/1494267867_1494267867.jpg?PImaGE_ID=1494267867\" \/><\/p>\n<p style=\"text-align: center;\">Consulta con un asesor\u00a0 todas tus inquietudes.<\/p>\n<p><img decoding=\"async\" class=\"aligncenter\" src=\"https:\/\/images.ua.prom.st\/1494266627_1494266627.jpg?PImaGE_ID=1494266627\" \/><\/p>\n<p style=\"text-align: center;\">Pregunta las formas de pago.<\/p>\n<p><img decoding=\"async\" class=\"aligncenter\" src=\"https:\/\/images.ua.prom.st\/1494267985_1494267985.jpg?PImaGE_ID=1494267985\" \/><\/p>\n<p style=\"text-align: center;\">Tu pedido llega a la puerta de tu casa.<\/p>\n<p>&nbsp;<\/p>\n<p><strong>\u00a1\u00a1 PREG\u00daNTANOS Sin compromiso !!!!<\/strong><\/p>\n<p>Puede retirar sus pedidos en nuestra\u00a0<a href=\"https:\/\/www.electronicajnc.com\/web\/contactos\" target=\"_blank\" rel=\"noopener\">TIENDA F\u00cdSICA<\/a>\u00a0o realizar sus pedidos\u00a0<a href=\"https:\/\/www.electronicajnc.com\/web\/mi-cuenta\" target=\"_blank\" rel=\"noopener\">ONLINE<\/a>\u00a0o por\u00a0<a href=\"https:\/\/api.whatsapp.com\/send?phone=593958753126\" target=\"_blank\" rel=\"noopener\">WHATSAPP<\/a>.<\/p>\n<p>&nbsp;<\/p>\n","protected":false},"excerpt":{"rendered":"<p>Driver Mosfet de alta velocidad ICL7667 El ICL7667 es un circuito integrado controlador dual monol\u00edtico de alta velocidad dise\u00f1ado para convertir se\u00f1ales de nivel TTL en salidas de alta corriente a voltajes de hasta 15V. Con una variaci\u00f3n de voltaje de salida de solo milivoltios menos que el voltaje de suministro y un voltaje de [&hellip;]<\/p>\n","protected":false},"featured_media":1800,"comment_status":"closed","ping_status":"closed","template":"","meta":{"saved_in_kubio":false,"_joinchat":[]},"product_brand":[],"product_cat":[309],"product_tag":[1240,362,375,736,1037],"class_list":{"0":"post-1799","1":"product","2":"type-product","3":"status-publish","4":"has-post-thumbnail","6":"product_cat-componentes-electronicos","7":"product_tag-74ls00","8":"product_tag-ci","9":"product_tag-circuitos-integrados","10":"product_tag-compuertas","11":"product_tag-compuertas-logicas","13":"first","14":"instock","15":"taxable","16":"shipping-taxable","17":"purchasable","18":"product-type-simple"},"yoast_head":"<!-- This site is optimized with the Yoast SEO plugin v27.4 - https:\/\/yoast.com\/product\/yoast-seo-wordpress\/ -->\n<title>Driver Mosfet de alta velocidad ICL7667 - Electronica JNC<\/title>\n<meta name=\"description\" content=\"Driver Mosfet de alta velocidad ICL7667 es un controlador dual monol\u00edtico de alta velocidad dise\u00f1ado para convertir se\u00f1ales de nivel TTL en salidas de alta\" \/>\n<meta name=\"robots\" content=\"index, follow, max-snippet:-1, max-image-preview:large, max-video-preview:-1\" \/>\n<link rel=\"canonical\" href=\"https:\/\/www.electronicajnc.com\/web\/producto\/driver-mosfet-de-alta-velocidad-icl7667\/\" \/>\n<meta property=\"og:locale\" content=\"es_ES\" \/>\n<meta property=\"og:type\" content=\"article\" \/>\n<meta property=\"og:title\" content=\"Driver Mosfet de alta velocidad ICL7667 - Electronica JNC\" \/>\n<meta property=\"og:description\" content=\"Driver Mosfet de alta velocidad ICL7667 es un controlador dual monol\u00edtico de alta velocidad dise\u00f1ado para convertir se\u00f1ales de nivel TTL en salidas de alta\" \/>\n<meta property=\"og:url\" content=\"https:\/\/www.electronicajnc.com\/web\/producto\/driver-mosfet-de-alta-velocidad-icl7667\/\" \/>\n<meta property=\"og:site_name\" content=\"Electronica JNC\" \/>\n<meta property=\"article:modified_time\" content=\"2024-10-07T21:34:36+00:00\" \/>\n<meta property=\"og:image\" content=\"https:\/\/www.electronicajnc.com\/web\/wp-content\/uploads\/2024\/10\/icl-7667.jpg\" \/>\n\t<meta property=\"og:image:width\" content=\"1028\" \/>\n\t<meta property=\"og:image:height\" content=\"1115\" \/>\n\t<meta property=\"og:image:type\" content=\"image\/jpeg\" \/>\n<meta name=\"twitter:card\" content=\"summary_large_image\" \/>\n<meta name=\"twitter:label1\" content=\"Tiempo de lectura\" \/>\n\t<meta name=\"twitter:data1\" content=\"3 minutos\" \/>\n<script type=\"application\/ld+json\" class=\"yoast-schema-graph\">{\"@context\":\"https:\\\/\\\/schema.org\",\"@graph\":[{\"@type\":\"WebPage\",\"@id\":\"https:\\\/\\\/www.electronicajnc.com\\\/web\\\/producto\\\/driver-mosfet-de-alta-velocidad-icl7667\\\/\",\"url\":\"https:\\\/\\\/www.electronicajnc.com\\\/web\\\/producto\\\/driver-mosfet-de-alta-velocidad-icl7667\\\/\",\"name\":\"Driver Mosfet de alta velocidad ICL7667 - Electronica JNC\",\"isPartOf\":{\"@id\":\"https:\\\/\\\/www.electronicajnc.com\\\/web\\\/#website\"},\"primaryImageOfPage\":{\"@id\":\"https:\\\/\\\/www.electronicajnc.com\\\/web\\\/producto\\\/driver-mosfet-de-alta-velocidad-icl7667\\\/#primaryimage\"},\"image\":{\"@id\":\"https:\\\/\\\/www.electronicajnc.com\\\/web\\\/producto\\\/driver-mosfet-de-alta-velocidad-icl7667\\\/#primaryimage\"},\"thumbnailUrl\":\"https:\\\/\\\/www.electronicajnc.com\\\/web\\\/wp-content\\\/uploads\\\/2024\\\/10\\\/icl-7667.jpg\",\"datePublished\":\"2024-10-07T21:34:14+00:00\",\"dateModified\":\"2024-10-07T21:34:36+00:00\",\"description\":\"Driver Mosfet de alta velocidad ICL7667 es un controlador dual monol\u00edtico de alta velocidad dise\u00f1ado para convertir se\u00f1ales de nivel TTL en salidas de alta\",\"breadcrumb\":{\"@id\":\"https:\\\/\\\/www.electronicajnc.com\\\/web\\\/producto\\\/driver-mosfet-de-alta-velocidad-icl7667\\\/#breadcrumb\"},\"inLanguage\":\"es\",\"potentialAction\":[{\"@type\":\"ReadAction\",\"target\":[\"https:\\\/\\\/www.electronicajnc.com\\\/web\\\/producto\\\/driver-mosfet-de-alta-velocidad-icl7667\\\/\"]}]},{\"@type\":\"ImageObject\",\"inLanguage\":\"es\",\"@id\":\"https:\\\/\\\/www.electronicajnc.com\\\/web\\\/producto\\\/driver-mosfet-de-alta-velocidad-icl7667\\\/#primaryimage\",\"url\":\"https:\\\/\\\/www.electronicajnc.com\\\/web\\\/wp-content\\\/uploads\\\/2024\\\/10\\\/icl-7667.jpg\",\"contentUrl\":\"https:\\\/\\\/www.electronicajnc.com\\\/web\\\/wp-content\\\/uploads\\\/2024\\\/10\\\/icl-7667.jpg\",\"width\":1028,\"height\":1115,\"caption\":\"ICL7667 dual\"},{\"@type\":\"BreadcrumbList\",\"@id\":\"https:\\\/\\\/www.electronicajnc.com\\\/web\\\/producto\\\/driver-mosfet-de-alta-velocidad-icl7667\\\/#breadcrumb\",\"itemListElement\":[{\"@type\":\"ListItem\",\"position\":1,\"name\":\"Portada\",\"item\":\"https:\\\/\\\/www.electronicajnc.com\\\/web\\\/\"},{\"@type\":\"ListItem\",\"position\":2,\"name\":\"TIENDA\",\"item\":\"https:\\\/\\\/www.electronicajnc.com\\\/web\\\/tienda\\\/\"},{\"@type\":\"ListItem\",\"position\":3,\"name\":\"Driver Mosfet de alta velocidad ICL7667\"}]},{\"@type\":\"WebSite\",\"@id\":\"https:\\\/\\\/www.electronicajnc.com\\\/web\\\/#website\",\"url\":\"https:\\\/\\\/www.electronicajnc.com\\\/web\\\/\",\"name\":\"Electronica JNC\",\"description\":\"Robotica Tecnologia Mecatronica en Ecuador\",\"publisher\":{\"@id\":\"https:\\\/\\\/www.electronicajnc.com\\\/web\\\/#organization\"},\"potentialAction\":[{\"@type\":\"SearchAction\",\"target\":{\"@type\":\"EntryPoint\",\"urlTemplate\":\"https:\\\/\\\/www.electronicajnc.com\\\/web\\\/?s={search_term_string}\"},\"query-input\":{\"@type\":\"PropertyValueSpecification\",\"valueRequired\":true,\"valueName\":\"search_term_string\"}}],\"inLanguage\":\"es\"},{\"@type\":\"Organization\",\"@id\":\"https:\\\/\\\/www.electronicajnc.com\\\/web\\\/#organization\",\"name\":\"Electronica JNC\",\"url\":\"https:\\\/\\\/www.electronicajnc.com\\\/web\\\/\",\"logo\":{\"@type\":\"ImageObject\",\"inLanguage\":\"es\",\"@id\":\"https:\\\/\\\/www.electronicajnc.com\\\/web\\\/#\\\/schema\\\/logo\\\/image\\\/\",\"url\":\"https:\\\/\\\/www.electronicajnc.com\\\/web\\\/wp-content\\\/uploads\\\/2023\\\/06\\\/nuevo-logo.jpg\",\"contentUrl\":\"https:\\\/\\\/www.electronicajnc.com\\\/web\\\/wp-content\\\/uploads\\\/2023\\\/06\\\/nuevo-logo.jpg\",\"width\":1256,\"height\":612,\"caption\":\"Electronica JNC\"},\"image\":{\"@id\":\"https:\\\/\\\/www.electronicajnc.com\\\/web\\\/#\\\/schema\\\/logo\\\/image\\\/\"}}]}<\/script>\n<!-- \/ Yoast SEO plugin. -->","yoast_head_json":{"title":"Driver Mosfet de alta velocidad ICL7667 - Electronica JNC","description":"Driver Mosfet de alta velocidad ICL7667 es un controlador dual monol\u00edtico de alta velocidad dise\u00f1ado para convertir se\u00f1ales de nivel TTL en salidas de alta","robots":{"index":"index","follow":"follow","max-snippet":"max-snippet:-1","max-image-preview":"max-image-preview:large","max-video-preview":"max-video-preview:-1"},"canonical":"https:\/\/www.electronicajnc.com\/web\/producto\/driver-mosfet-de-alta-velocidad-icl7667\/","og_locale":"es_ES","og_type":"article","og_title":"Driver Mosfet de alta velocidad ICL7667 - Electronica JNC","og_description":"Driver Mosfet de alta velocidad ICL7667 es un controlador dual monol\u00edtico de alta velocidad dise\u00f1ado para convertir se\u00f1ales de nivel TTL en salidas de alta","og_url":"https:\/\/www.electronicajnc.com\/web\/producto\/driver-mosfet-de-alta-velocidad-icl7667\/","og_site_name":"Electronica JNC","article_modified_time":"2024-10-07T21:34:36+00:00","og_image":[{"width":1028,"height":1115,"url":"https:\/\/www.electronicajnc.com\/web\/wp-content\/uploads\/2024\/10\/icl-7667.jpg","type":"image\/jpeg"}],"twitter_card":"summary_large_image","twitter_misc":{"Tiempo de lectura":"3 minutos"},"schema":{"@context":"https:\/\/schema.org","@graph":[{"@type":"WebPage","@id":"https:\/\/www.electronicajnc.com\/web\/producto\/driver-mosfet-de-alta-velocidad-icl7667\/","url":"https:\/\/www.electronicajnc.com\/web\/producto\/driver-mosfet-de-alta-velocidad-icl7667\/","name":"Driver Mosfet de alta velocidad ICL7667 - Electronica JNC","isPartOf":{"@id":"https:\/\/www.electronicajnc.com\/web\/#website"},"primaryImageOfPage":{"@id":"https:\/\/www.electronicajnc.com\/web\/producto\/driver-mosfet-de-alta-velocidad-icl7667\/#primaryimage"},"image":{"@id":"https:\/\/www.electronicajnc.com\/web\/producto\/driver-mosfet-de-alta-velocidad-icl7667\/#primaryimage"},"thumbnailUrl":"https:\/\/www.electronicajnc.com\/web\/wp-content\/uploads\/2024\/10\/icl-7667.jpg","datePublished":"2024-10-07T21:34:14+00:00","dateModified":"2024-10-07T21:34:36+00:00","description":"Driver Mosfet de alta velocidad ICL7667 es un controlador dual monol\u00edtico de alta velocidad dise\u00f1ado para convertir se\u00f1ales de nivel TTL en salidas de alta","breadcrumb":{"@id":"https:\/\/www.electronicajnc.com\/web\/producto\/driver-mosfet-de-alta-velocidad-icl7667\/#breadcrumb"},"inLanguage":"es","potentialAction":[{"@type":"ReadAction","target":["https:\/\/www.electronicajnc.com\/web\/producto\/driver-mosfet-de-alta-velocidad-icl7667\/"]}]},{"@type":"ImageObject","inLanguage":"es","@id":"https:\/\/www.electronicajnc.com\/web\/producto\/driver-mosfet-de-alta-velocidad-icl7667\/#primaryimage","url":"https:\/\/www.electronicajnc.com\/web\/wp-content\/uploads\/2024\/10\/icl-7667.jpg","contentUrl":"https:\/\/www.electronicajnc.com\/web\/wp-content\/uploads\/2024\/10\/icl-7667.jpg","width":1028,"height":1115,"caption":"ICL7667 dual"},{"@type":"BreadcrumbList","@id":"https:\/\/www.electronicajnc.com\/web\/producto\/driver-mosfet-de-alta-velocidad-icl7667\/#breadcrumb","itemListElement":[{"@type":"ListItem","position":1,"name":"Portada","item":"https:\/\/www.electronicajnc.com\/web\/"},{"@type":"ListItem","position":2,"name":"TIENDA","item":"https:\/\/www.electronicajnc.com\/web\/tienda\/"},{"@type":"ListItem","position":3,"name":"Driver Mosfet de alta velocidad ICL7667"}]},{"@type":"WebSite","@id":"https:\/\/www.electronicajnc.com\/web\/#website","url":"https:\/\/www.electronicajnc.com\/web\/","name":"Electronica JNC","description":"Robotica Tecnologia Mecatronica en Ecuador","publisher":{"@id":"https:\/\/www.electronicajnc.com\/web\/#organization"},"potentialAction":[{"@type":"SearchAction","target":{"@type":"EntryPoint","urlTemplate":"https:\/\/www.electronicajnc.com\/web\/?s={search_term_string}"},"query-input":{"@type":"PropertyValueSpecification","valueRequired":true,"valueName":"search_term_string"}}],"inLanguage":"es"},{"@type":"Organization","@id":"https:\/\/www.electronicajnc.com\/web\/#organization","name":"Electronica JNC","url":"https:\/\/www.electronicajnc.com\/web\/","logo":{"@type":"ImageObject","inLanguage":"es","@id":"https:\/\/www.electronicajnc.com\/web\/#\/schema\/logo\/image\/","url":"https:\/\/www.electronicajnc.com\/web\/wp-content\/uploads\/2023\/06\/nuevo-logo.jpg","contentUrl":"https:\/\/www.electronicajnc.com\/web\/wp-content\/uploads\/2023\/06\/nuevo-logo.jpg","width":1256,"height":612,"caption":"Electronica JNC"},"image":{"@id":"https:\/\/www.electronicajnc.com\/web\/#\/schema\/logo\/image\/"}}]}},"_links":{"self":[{"href":"https:\/\/www.electronicajnc.com\/web\/wp-json\/wp\/v2\/product\/1799","targetHints":{"allow":["GET"]}}],"collection":[{"href":"https:\/\/www.electronicajnc.com\/web\/wp-json\/wp\/v2\/product"}],"about":[{"href":"https:\/\/www.electronicajnc.com\/web\/wp-json\/wp\/v2\/types\/product"}],"replies":[{"embeddable":true,"href":"https:\/\/www.electronicajnc.com\/web\/wp-json\/wp\/v2\/comments?post=1799"}],"wp:featuredmedia":[{"embeddable":true,"href":"https:\/\/www.electronicajnc.com\/web\/wp-json\/wp\/v2\/media\/1800"}],"wp:attachment":[{"href":"https:\/\/www.electronicajnc.com\/web\/wp-json\/wp\/v2\/media?parent=1799"}],"wp:term":[{"taxonomy":"product_brand","embeddable":true,"href":"https:\/\/www.electronicajnc.com\/web\/wp-json\/wp\/v2\/product_brand?post=1799"},{"taxonomy":"product_cat","embeddable":true,"href":"https:\/\/www.electronicajnc.com\/web\/wp-json\/wp\/v2\/product_cat?post=1799"},{"taxonomy":"product_tag","embeddable":true,"href":"https:\/\/www.electronicajnc.com\/web\/wp-json\/wp\/v2\/product_tag?post=1799"}],"curies":[{"name":"wp","href":"https:\/\/api.w.org\/{rel}","templated":true}]}}