{"id":1852,"date":"2024-10-14T21:09:19","date_gmt":"2024-10-14T21:09:19","guid":{"rendered":"https:\/\/www.electronicajnc.com\/web\/?post_type=product&#038;p=1852"},"modified":"2024-10-14T21:27:22","modified_gmt":"2024-10-14T21:27:22","slug":"resistencia-de-10-mohm-1m-ohm-1-2w-1","status":"publish","type":"product","link":"https:\/\/www.electronicajnc.com\/web\/producto\/resistencia-de-10-mohm-1m-ohm-1-2w-1\/","title":{"rendered":"Resistencia de 10 mohm \u2013 1M Ohm 1\/2W 1%"},"content":{"rendered":"<p>Resistencia de 10 mohm \u2013 1M Ohm 1\/2W 1%<\/p>\n<p>Resistencias 1\/2W, disponibles en distintos valores desde 1\u03a9 hasta 1M\u03a9, estas resistencias se adhiere una cubierta de carb\u00f3n a la barra magn\u00e9tica o al tubo de cer\u00e1mica, formando una capa de cristales de cubierta de carbono en la superficie, al ajustar el grosor se puede cambiar al valor de resistencia requerido.<\/p>\n<p>Las resistencias son componentes pasivos que se utilizan para oponer resistencia al flujo de corriente en un punto dado, su magnitud de resistencia depende de su cantidad de Ohms [\u03a9] y mientras menor sea\u00a0 el valor de la resistencia, mayor ser\u00e1 el flujo de los electrones. Los valores de potencia m\u00e1s comunes de las resistencias son: 1\/4, 1\/2, 1 watt, una caracter\u00edstica de las resistencias es que a mayor tama\u00f1o de valor de potencia, habr\u00e1 una mayor capacidad de disipaci\u00f3n de calor.<\/p>\n<p>Algunos de los usos comunes de resistores son:<\/p>\n<ul>\n<li>Reducir amperaje.<\/li>\n<li>Divisores de tensi\u00f3n.<\/li>\n<li>Calefacci\u00f3n, entre otros.<\/li>\n<\/ul>\n<h1>Resistencia de 10 mohm \u2013 1M Ohm 1\/2W 1%<\/h1>\n<div>\n<h2><b>\u00bfD\u00f3nde<\/b><strong>\u00a0conseguir ?<\/strong><\/h2>\n<\/div>\n<p>Puedes conseguir este producto y mucho mas en nuestra tienda de electr\u00f3nica \u201cElectr\u00f3nica JNC\u201d a un excelente precio, de igual manera puedes preguntar por otros productos que tenemos para ti y as\u00ed adquirirlos seg\u00fan tu necesidad para\u00a0 tus proyectos.<\/p>\n<p>Adem\u00e1s de vender realizamos todo tipo de proyectos de Rob\u00f3tica Electr\u00f3nica y de Programaci\u00f3n compatible con\u00a0 Arduino-Raspberry, brindamos asesoramiento en la elaboraci\u00f3n de proyectos y personalizamos sus clases cuando deseas armar un robot.<\/p>\n<p>Somos importadores Directos de todo en Electr\u00f3nica y Rob\u00f3tica directamente desde los fabricantes, a los mejores precios del mercado.<\/p>\n<div class=\"x11i5rnm xat24cr x1mh8g0r x1vvkbs xtlvy1s x126k92a\">\n<div dir=\"auto\">SERVICIO PERSONALIZADO, APOYO TEORICO Y VENTA DE MATERIAL<\/div>\n<\/div>\n<div class=\"x11i5rnm xat24cr x1mh8g0r x1vvkbs xtlvy1s x126k92a\">\n<div dir=\"auto\">COTIZA CON NOSOTROS<\/div>\n<div dir=\"auto\">SERVICIO, EXPERIENCIA, CALIDAD Y CONFIANZA<\/div>\n<div dir=\"auto\">\u00abTodo lo que buscas en un solo lugar\u00bb<\/div>\n<\/div>\n<div dir=\"auto\"><\/div>\n<p><img decoding=\"async\" class=\"aligncenter\" src=\"https:\/\/images.ua.prom.st\/1494267654_1494267654.jpg?PImaGE_ID=1494267654\" \/><\/p>\n<p style=\"text-align: center;\">Realizar un pedido en la web o por \u00a0<a href=\"https:\/\/api.whatsapp.com\/send?phone=593958753126\" target=\"_blank\" rel=\"noopener\">WHATSAPP<\/a>.<\/p>\n<p><img decoding=\"async\" class=\"aligncenter\" src=\"https:\/\/images.ua.prom.st\/1494267867_1494267867.jpg?PImaGE_ID=1494267867\" \/><\/p>\n<p style=\"text-align: center;\">Consulta con un asesor\u00a0 todas tus inquietudes.<\/p>\n<p><img decoding=\"async\" class=\"aligncenter\" src=\"https:\/\/images.ua.prom.st\/1494266627_1494266627.jpg?PImaGE_ID=1494266627\" \/><\/p>\n<p style=\"text-align: center;\">Pregunta las formas de pago.<\/p>\n<p><img decoding=\"async\" class=\"aligncenter\" src=\"https:\/\/images.ua.prom.st\/1494267985_1494267985.jpg?PImaGE_ID=1494267985\" \/><\/p>\n<p style=\"text-align: center;\">Tu pedido llega a la puerta de tu casa.<\/p>\n<p>&nbsp;<\/p>\n<p><strong>\u00a1\u00a1 PREG\u00daNTANOS Sin compromiso !!!!<\/strong><\/p>\n<p>Puede retirar sus pedidos en nuestra\u00a0<a href=\"https:\/\/www.electronicajnc.com\/web\/contactos\" target=\"_blank\" rel=\"noopener\">TIENDA F\u00cdSICA<\/a>\u00a0o realizar sus pedidos\u00a0<a href=\"https:\/\/www.electronicajnc.com\/web\/mi-cuenta\" target=\"_blank\" rel=\"noopener\">ONLINE<\/a>\u00a0o por\u00a0<a href=\"https:\/\/api.whatsapp.com\/send?phone=593958753126\" target=\"_blank\" rel=\"noopener\">WHATSAPP<\/a>.<\/p>\n<p>&nbsp;<\/p>\n","protected":false},"excerpt":{"rendered":"<p>Resistencia de 10 mohm \u2013 1M Ohm 1\/2W 1% Resistencias 1\/2W, disponibles en distintos valores desde 1\u03a9 hasta 1M\u03a9, estas resistencias se adhiere una cubierta de carb\u00f3n a la barra magn\u00e9tica o al tubo de cer\u00e1mica, formando una capa de cristales de cubierta de carbono en la superficie, al ajustar el grosor se puede cambiar [&hellip;]<\/p>\n","protected":false},"featured_media":1853,"comment_status":"closed","ping_status":"closed","template":"","meta":{"saved_in_kubio":false,"_joinchat":[]},"product_brand":[],"product_cat":[309],"product_tag":[1312,1313,1314,1315,1316,1317,1318,1319,1320,1321,1322,1323,1324,1325,1326,1327,1328,1329,1330,1331,1332,1333,1334,1335,1336,1337,1338,1339,1340,1341,1342,1343,1344,1345,1346,1347,1348,1349,1350,1351,1352,1353,1354,1355,1356,1357,1358,1359,1360,1361,1362,1363,1364,1365,1366,1367,1368,1369,1370,1371,1372,1373,1374,1375,1376,1377,1378,1379,1380,1381,1382,1383,1384,1385,1386,1387,1388,1389,1390,1391,1392,1393,1394,1395,1396,1311,1052,49,1397,1398],"class_list":{"0":"post-1852","1":"product","2":"type-product","3":"status-publish","4":"has-post-thumbnail","6":"product_cat-componentes-electronicos","7":"product_tag-1-ohm","8":"product_tag-1-2k","9":"product_tag-1-5k","10":"product_tag-1-5m","11":"product_tag-1-8k","12":"product_tag-10-ohm","13":"product_tag-100-ohm","14":"product_tag-100k","15":"product_tag-10k","16":"product_tag-10m","17":"product_tag-120-ohm","18":"product_tag-120k","19":"product_tag-12k","20":"product_tag-15-ohm","21":"product_tag-150-ohm","22":"product_tag-150k","23":"product_tag-15k","24":"product_tag-180-ohm","25":"product_tag-180k","26":"product_tag-18k","27":"product_tag-1k","28":"product_tag-1m","29":"product_tag-2-2-ohm","30":"product_tag-2-2k","31":"product_tag-2-7k","32":"product_tag-200-ohm","33":"product_tag-200k","34":"product_tag-20k","35":"product_tag-22-ohm","36":"product_tag-220-ohm","37":"product_tag-220k","38":"product_tag-22k","39":"product_tag-27-ohm","40":"product_tag-270-ohm","41":"product_tag-270k","42":"product_tag-27k","43":"product_tag-2k","44":"product_tag-2m","45":"product_tag-3-3k","46":"product_tag-3-3m","47":"product_tag-3-9k","48":"product_tag-300k","49":"product_tag-33-ohm","50":"product_tag-330-ohm","51":"product_tag-330k","52":"product_tag-33k","53":"product_tag-39-ohm","54":"product_tag-390-ohm","55":"product_tag-390k","56":"product_tag-39k","57":"product_tag-3k","58":"product_tag-4-7-ohm","59":"product_tag-4-7k","60":"product_tag-4-7m","61":"product_tag-47-ohm","62":"product_tag-470-ohm","63":"product_tag-470k","64":"product_tag-47k","65":"product_tag-5-1k","66":"product_tag-5-6-ohm","67":"product_tag-5-6k","68":"product_tag-5-6m","69":"product_tag-510-ohm","70":"product_tag-510k","71":"product_tag-51k","72":"product_tag-56-ohm","73":"product_tag-560-ohm","74":"product_tag-560k","75":"product_tag-56k","76":"product_tag-6-8k","77":"product_tag-68-ohm","78":"product_tag-680-ohm","79":"product_tag-680k","80":"product_tag-68k","81":"product_tag-7-5-ohm","82":"product_tag-7-5k","83":"product_tag-75-ohm","84":"product_tag-750k","85":"product_tag-75k","86":"product_tag-8-2-ohm","87":"product_tag-8-2k","88":"product_tag-82-ohm","89":"product_tag-820-ohm","90":"product_tag-820k","91":"product_tag-82k","92":"product_tag-etiquetas-0-25w","93":"product_tag-resistencia","94":"product_tag-resistencias","95":"product_tag-resistor","96":"product_tag-resistores","98":"first","99":"instock","100":"taxable","101":"shipping-taxable","102":"purchasable","103":"product-type-simple"},"yoast_head":"<!-- This site is optimized with the Yoast SEO plugin v27.4 - https:\/\/yoast.com\/product\/yoast-seo-wordpress\/ -->\n<title>Resistencia de 10 mohm \u2013 1M Ohm 1\/2W 1% - Electronica JNC<\/title>\n<meta name=\"description\" content=\"Resistencia de 10 mohm \u2013 1M Ohm 1\/2W 1% Los resistores est\u00e1n hechos de materiales que resisten el flujo de electricidad cuando pasa a trav\u00e9s de ellos.\" \/>\n<meta name=\"robots\" content=\"index, follow, max-snippet:-1, max-image-preview:large, max-video-preview:-1\" \/>\n<link rel=\"canonical\" href=\"https:\/\/www.electronicajnc.com\/web\/producto\/resistencia-de-10-mohm-1m-ohm-1-2w-1\/\" \/>\n<meta property=\"og:locale\" content=\"es_ES\" \/>\n<meta property=\"og:type\" content=\"article\" \/>\n<meta property=\"og:title\" content=\"Resistencia de 10 mohm \u2013 1M Ohm 1\/2W 1% - Electronica JNC\" \/>\n<meta property=\"og:description\" content=\"Resistencia de 10 mohm \u2013 1M Ohm 1\/2W 1% Los resistores est\u00e1n hechos de materiales que resisten el flujo de electricidad cuando pasa a trav\u00e9s de ellos.\" \/>\n<meta property=\"og:url\" content=\"https:\/\/www.electronicajnc.com\/web\/producto\/resistencia-de-10-mohm-1m-ohm-1-2w-1\/\" \/>\n<meta property=\"og:site_name\" content=\"Electronica JNC\" \/>\n<meta property=\"article:modified_time\" content=\"2024-10-14T21:27:22+00:00\" \/>\n<meta property=\"og:image\" content=\"https:\/\/www.electronicajnc.com\/web\/wp-content\/uploads\/2024\/10\/RESISTENCIAS.jpg\" \/>\n\t<meta property=\"og:image:width\" content=\"1028\" \/>\n\t<meta property=\"og:image:height\" content=\"1115\" \/>\n\t<meta property=\"og:image:type\" content=\"image\/jpeg\" \/>\n<meta name=\"twitter:card\" content=\"summary_large_image\" \/>\n<meta name=\"twitter:label1\" content=\"Tiempo de lectura\" \/>\n\t<meta name=\"twitter:data1\" content=\"3 minutos\" \/>\n<script type=\"application\/ld+json\" class=\"yoast-schema-graph\">{\"@context\":\"https:\\\/\\\/schema.org\",\"@graph\":[{\"@type\":\"WebPage\",\"@id\":\"https:\\\/\\\/www.electronicajnc.com\\\/web\\\/producto\\\/resistencia-de-10-mohm-1m-ohm-1-2w-1\\\/\",\"url\":\"https:\\\/\\\/www.electronicajnc.com\\\/web\\\/producto\\\/resistencia-de-10-mohm-1m-ohm-1-2w-1\\\/\",\"name\":\"Resistencia de 10 mohm \u2013 1M Ohm 1\\\/2W 1% - Electronica JNC\",\"isPartOf\":{\"@id\":\"https:\\\/\\\/www.electronicajnc.com\\\/web\\\/#website\"},\"primaryImageOfPage\":{\"@id\":\"https:\\\/\\\/www.electronicajnc.com\\\/web\\\/producto\\\/resistencia-de-10-mohm-1m-ohm-1-2w-1\\\/#primaryimage\"},\"image\":{\"@id\":\"https:\\\/\\\/www.electronicajnc.com\\\/web\\\/producto\\\/resistencia-de-10-mohm-1m-ohm-1-2w-1\\\/#primaryimage\"},\"thumbnailUrl\":\"https:\\\/\\\/www.electronicajnc.com\\\/web\\\/wp-content\\\/uploads\\\/2024\\\/10\\\/RESISTENCIAS.jpg\",\"datePublished\":\"2024-10-14T21:09:19+00:00\",\"dateModified\":\"2024-10-14T21:27:22+00:00\",\"description\":\"Resistencia de 10 mohm \u2013 1M Ohm 1\\\/2W 1% Los resistores est\u00e1n hechos de materiales que resisten el flujo de electricidad cuando pasa a trav\u00e9s de ellos.\",\"breadcrumb\":{\"@id\":\"https:\\\/\\\/www.electronicajnc.com\\\/web\\\/producto\\\/resistencia-de-10-mohm-1m-ohm-1-2w-1\\\/#breadcrumb\"},\"inLanguage\":\"es\",\"potentialAction\":[{\"@type\":\"ReadAction\",\"target\":[\"https:\\\/\\\/www.electronicajnc.com\\\/web\\\/producto\\\/resistencia-de-10-mohm-1m-ohm-1-2w-1\\\/\"]}]},{\"@type\":\"ImageObject\",\"inLanguage\":\"es\",\"@id\":\"https:\\\/\\\/www.electronicajnc.com\\\/web\\\/producto\\\/resistencia-de-10-mohm-1m-ohm-1-2w-1\\\/#primaryimage\",\"url\":\"https:\\\/\\\/www.electronicajnc.com\\\/web\\\/wp-content\\\/uploads\\\/2024\\\/10\\\/RESISTENCIAS.jpg\",\"contentUrl\":\"https:\\\/\\\/www.electronicajnc.com\\\/web\\\/wp-content\\\/uploads\\\/2024\\\/10\\\/RESISTENCIAS.jpg\",\"width\":1028,\"height\":1115,\"caption\":\"RESISTENCIAS\"},{\"@type\":\"BreadcrumbList\",\"@id\":\"https:\\\/\\\/www.electronicajnc.com\\\/web\\\/producto\\\/resistencia-de-10-mohm-1m-ohm-1-2w-1\\\/#breadcrumb\",\"itemListElement\":[{\"@type\":\"ListItem\",\"position\":1,\"name\":\"Portada\",\"item\":\"https:\\\/\\\/www.electronicajnc.com\\\/web\\\/\"},{\"@type\":\"ListItem\",\"position\":2,\"name\":\"TIENDA\",\"item\":\"https:\\\/\\\/www.electronicajnc.com\\\/web\\\/tienda\\\/\"},{\"@type\":\"ListItem\",\"position\":3,\"name\":\"Resistencia de 10 mohm \u2013 1M Ohm 1\\\/2W 1%\"}]},{\"@type\":\"WebSite\",\"@id\":\"https:\\\/\\\/www.electronicajnc.com\\\/web\\\/#website\",\"url\":\"https:\\\/\\\/www.electronicajnc.com\\\/web\\\/\",\"name\":\"Electronica JNC\",\"description\":\"Robotica Tecnologia Mecatronica en Ecuador\",\"publisher\":{\"@id\":\"https:\\\/\\\/www.electronicajnc.com\\\/web\\\/#organization\"},\"potentialAction\":[{\"@type\":\"SearchAction\",\"target\":{\"@type\":\"EntryPoint\",\"urlTemplate\":\"https:\\\/\\\/www.electronicajnc.com\\\/web\\\/?s={search_term_string}\"},\"query-input\":{\"@type\":\"PropertyValueSpecification\",\"valueRequired\":true,\"valueName\":\"search_term_string\"}}],\"inLanguage\":\"es\"},{\"@type\":\"Organization\",\"@id\":\"https:\\\/\\\/www.electronicajnc.com\\\/web\\\/#organization\",\"name\":\"Electronica JNC\",\"url\":\"https:\\\/\\\/www.electronicajnc.com\\\/web\\\/\",\"logo\":{\"@type\":\"ImageObject\",\"inLanguage\":\"es\",\"@id\":\"https:\\\/\\\/www.electronicajnc.com\\\/web\\\/#\\\/schema\\\/logo\\\/image\\\/\",\"url\":\"https:\\\/\\\/www.electronicajnc.com\\\/web\\\/wp-content\\\/uploads\\\/2023\\\/06\\\/nuevo-logo.jpg\",\"contentUrl\":\"https:\\\/\\\/www.electronicajnc.com\\\/web\\\/wp-content\\\/uploads\\\/2023\\\/06\\\/nuevo-logo.jpg\",\"width\":1256,\"height\":612,\"caption\":\"Electronica JNC\"},\"image\":{\"@id\":\"https:\\\/\\\/www.electronicajnc.com\\\/web\\\/#\\\/schema\\\/logo\\\/image\\\/\"}}]}<\/script>\n<!-- \/ Yoast SEO plugin. -->","yoast_head_json":{"title":"Resistencia de 10 mohm \u2013 1M Ohm 1\/2W 1% - Electronica JNC","description":"Resistencia de 10 mohm \u2013 1M Ohm 1\/2W 1% Los resistores est\u00e1n hechos de materiales que resisten el flujo de electricidad cuando pasa a trav\u00e9s de ellos.","robots":{"index":"index","follow":"follow","max-snippet":"max-snippet:-1","max-image-preview":"max-image-preview:large","max-video-preview":"max-video-preview:-1"},"canonical":"https:\/\/www.electronicajnc.com\/web\/producto\/resistencia-de-10-mohm-1m-ohm-1-2w-1\/","og_locale":"es_ES","og_type":"article","og_title":"Resistencia de 10 mohm \u2013 1M Ohm 1\/2W 1% - Electronica JNC","og_description":"Resistencia de 10 mohm \u2013 1M Ohm 1\/2W 1% Los resistores est\u00e1n hechos de materiales que resisten el flujo de electricidad cuando pasa a trav\u00e9s de ellos.","og_url":"https:\/\/www.electronicajnc.com\/web\/producto\/resistencia-de-10-mohm-1m-ohm-1-2w-1\/","og_site_name":"Electronica JNC","article_modified_time":"2024-10-14T21:27:22+00:00","og_image":[{"width":1028,"height":1115,"url":"https:\/\/www.electronicajnc.com\/web\/wp-content\/uploads\/2024\/10\/RESISTENCIAS.jpg","type":"image\/jpeg"}],"twitter_card":"summary_large_image","twitter_misc":{"Tiempo de lectura":"3 minutos"},"schema":{"@context":"https:\/\/schema.org","@graph":[{"@type":"WebPage","@id":"https:\/\/www.electronicajnc.com\/web\/producto\/resistencia-de-10-mohm-1m-ohm-1-2w-1\/","url":"https:\/\/www.electronicajnc.com\/web\/producto\/resistencia-de-10-mohm-1m-ohm-1-2w-1\/","name":"Resistencia de 10 mohm \u2013 1M Ohm 1\/2W 1% - Electronica JNC","isPartOf":{"@id":"https:\/\/www.electronicajnc.com\/web\/#website"},"primaryImageOfPage":{"@id":"https:\/\/www.electronicajnc.com\/web\/producto\/resistencia-de-10-mohm-1m-ohm-1-2w-1\/#primaryimage"},"image":{"@id":"https:\/\/www.electronicajnc.com\/web\/producto\/resistencia-de-10-mohm-1m-ohm-1-2w-1\/#primaryimage"},"thumbnailUrl":"https:\/\/www.electronicajnc.com\/web\/wp-content\/uploads\/2024\/10\/RESISTENCIAS.jpg","datePublished":"2024-10-14T21:09:19+00:00","dateModified":"2024-10-14T21:27:22+00:00","description":"Resistencia de 10 mohm \u2013 1M Ohm 1\/2W 1% Los resistores est\u00e1n hechos de materiales que resisten el flujo de electricidad cuando pasa a trav\u00e9s de ellos.","breadcrumb":{"@id":"https:\/\/www.electronicajnc.com\/web\/producto\/resistencia-de-10-mohm-1m-ohm-1-2w-1\/#breadcrumb"},"inLanguage":"es","potentialAction":[{"@type":"ReadAction","target":["https:\/\/www.electronicajnc.com\/web\/producto\/resistencia-de-10-mohm-1m-ohm-1-2w-1\/"]}]},{"@type":"ImageObject","inLanguage":"es","@id":"https:\/\/www.electronicajnc.com\/web\/producto\/resistencia-de-10-mohm-1m-ohm-1-2w-1\/#primaryimage","url":"https:\/\/www.electronicajnc.com\/web\/wp-content\/uploads\/2024\/10\/RESISTENCIAS.jpg","contentUrl":"https:\/\/www.electronicajnc.com\/web\/wp-content\/uploads\/2024\/10\/RESISTENCIAS.jpg","width":1028,"height":1115,"caption":"RESISTENCIAS"},{"@type":"BreadcrumbList","@id":"https:\/\/www.electronicajnc.com\/web\/producto\/resistencia-de-10-mohm-1m-ohm-1-2w-1\/#breadcrumb","itemListElement":[{"@type":"ListItem","position":1,"name":"Portada","item":"https:\/\/www.electronicajnc.com\/web\/"},{"@type":"ListItem","position":2,"name":"TIENDA","item":"https:\/\/www.electronicajnc.com\/web\/tienda\/"},{"@type":"ListItem","position":3,"name":"Resistencia de 10 mohm \u2013 1M Ohm 1\/2W 1%"}]},{"@type":"WebSite","@id":"https:\/\/www.electronicajnc.com\/web\/#website","url":"https:\/\/www.electronicajnc.com\/web\/","name":"Electronica JNC","description":"Robotica Tecnologia Mecatronica en Ecuador","publisher":{"@id":"https:\/\/www.electronicajnc.com\/web\/#organization"},"potentialAction":[{"@type":"SearchAction","target":{"@type":"EntryPoint","urlTemplate":"https:\/\/www.electronicajnc.com\/web\/?s={search_term_string}"},"query-input":{"@type":"PropertyValueSpecification","valueRequired":true,"valueName":"search_term_string"}}],"inLanguage":"es"},{"@type":"Organization","@id":"https:\/\/www.electronicajnc.com\/web\/#organization","name":"Electronica JNC","url":"https:\/\/www.electronicajnc.com\/web\/","logo":{"@type":"ImageObject","inLanguage":"es","@id":"https:\/\/www.electronicajnc.com\/web\/#\/schema\/logo\/image\/","url":"https:\/\/www.electronicajnc.com\/web\/wp-content\/uploads\/2023\/06\/nuevo-logo.jpg","contentUrl":"https:\/\/www.electronicajnc.com\/web\/wp-content\/uploads\/2023\/06\/nuevo-logo.jpg","width":1256,"height":612,"caption":"Electronica JNC"},"image":{"@id":"https:\/\/www.electronicajnc.com\/web\/#\/schema\/logo\/image\/"}}]}},"_links":{"self":[{"href":"https:\/\/www.electronicajnc.com\/web\/wp-json\/wp\/v2\/product\/1852","targetHints":{"allow":["GET"]}}],"collection":[{"href":"https:\/\/www.electronicajnc.com\/web\/wp-json\/wp\/v2\/product"}],"about":[{"href":"https:\/\/www.electronicajnc.com\/web\/wp-json\/wp\/v2\/types\/product"}],"replies":[{"embeddable":true,"href":"https:\/\/www.electronicajnc.com\/web\/wp-json\/wp\/v2\/comments?post=1852"}],"wp:featuredmedia":[{"embeddable":true,"href":"https:\/\/www.electronicajnc.com\/web\/wp-json\/wp\/v2\/media\/1853"}],"wp:attachment":[{"href":"https:\/\/www.electronicajnc.com\/web\/wp-json\/wp\/v2\/media?parent=1852"}],"wp:term":[{"taxonomy":"product_brand","embeddable":true,"href":"https:\/\/www.electronicajnc.com\/web\/wp-json\/wp\/v2\/product_brand?post=1852"},{"taxonomy":"product_cat","embeddable":true,"href":"https:\/\/www.electronicajnc.com\/web\/wp-json\/wp\/v2\/product_cat?post=1852"},{"taxonomy":"product_tag","embeddable":true,"href":"https:\/\/www.electronicajnc.com\/web\/wp-json\/wp\/v2\/product_tag?post=1852"}],"curies":[{"name":"wp","href":"https:\/\/api.w.org\/{rel}","templated":true}]}}