{"id":1854,"date":"2024-10-15T22:42:38","date_gmt":"2024-10-15T22:42:38","guid":{"rendered":"https:\/\/www.electronicajnc.com\/web\/?post_type=product&#038;p=1854"},"modified":"2024-10-15T22:45:55","modified_gmt":"2024-10-15T22:45:55","slug":"bobina-inductora-tipo-resistencia-1-2w","status":"publish","type":"product","link":"https:\/\/www.electronicajnc.com\/web\/producto\/bobina-inductora-tipo-resistencia-1-2w\/","title":{"rendered":"Bobina Inductora Tipo Resistencia 1\/2w"},"content":{"rendered":"<p>Bobina Inductora Tipo Resistencia 1\/2w<\/p>\n<p>Un inductor, bobina o reactor es un componente pasivo de un circuito el\u00e9ctrico que, debido al fen\u00f3meno de la autoinducci\u00f3n, almacena energ\u00eda en forma de campo magn\u00e9tico<\/p>\n<h1>Bobina Inductora Tipo Resistencia 1\/2w<\/h1>\n<ul>\n<li>MODELO: 1 \u00b5H<\/li>\n<li>PRODUCTO: 1 \u00b5H BOBINA AXIAL TIPO RESISTENCIA 1\/2W 10%<\/li>\n<li>COLORES: CAFE; NEGRO; ORO; PLATA<\/li>\n<li>MARCA: GEN\u00c9RICO<\/li>\n<li>DIMENSIONES: Largo 10 mm; Ancho 4 mm<\/li>\n<\/ul>\n<p>Un inductor, bobina o reactor es un componente pasivo de un circuito el\u00e9ctrico que, debido al fen\u00f3meno de la autoinducci\u00f3n, almacena energ\u00eda en forma de campo magn\u00e9tico.<\/p>\n<p>La capacidad de un inductor se controla por cuatro factores: El n\u00famero de bobinas \u2013 Mas bobinas significan m\u00e1s inducci\u00f3n. El material que rodea a las bobinas (el n\u00facleo).<\/p>\n<p>El \u00e1rea y la secci\u00f3n de la bobina. Cuanto m\u00e1s \u00e1rea, m\u00e1s inductancia. La longitud de la bobina \u2013 una bobina corta significa bobinas m\u00e1s estrechas que se solapan, por lo que significa m\u00e1s redundancia.<\/p>\n<div>\n<h2><b>\u00bfD\u00f3nde<\/b><strong>\u00a0conseguir ?<\/strong><\/h2>\n<\/div>\n<p>Puedes conseguir este producto y mucho mas en nuestra tienda de electr\u00f3nica \u201cElectr\u00f3nica JNC\u201d a un excelente precio, de igual manera puedes preguntar por otros productos que tenemos para ti y as\u00ed adquirirlos seg\u00fan tu necesidad para\u00a0 tus proyectos.<\/p>\n<p>Adem\u00e1s de vender realizamos todo tipo de proyectos de Rob\u00f3tica Electr\u00f3nica y de Programaci\u00f3n compatible con\u00a0 Arduino-Raspberry, brindamos asesoramiento en la elaboraci\u00f3n de proyectos y personalizamos sus clases cuando deseas armar un robot.<\/p>\n<p>Somos importadores Directos de todo en Electr\u00f3nica y Rob\u00f3tica directamente desde los fabricantes, a los mejores precios del mercado.<\/p>\n<div class=\"x11i5rnm xat24cr x1mh8g0r x1vvkbs xtlvy1s x126k92a\">\n<div dir=\"auto\">SERVICIO PERSONALIZADO, APOYO TEORICO Y VENTA DE MATERIAL<\/div>\n<\/div>\n<div class=\"x11i5rnm xat24cr x1mh8g0r x1vvkbs xtlvy1s x126k92a\">\n<div dir=\"auto\">COTIZA CON NOSOTROS<\/div>\n<div dir=\"auto\">SERVICIO, EXPERIENCIA, CALIDAD Y CONFIANZA<\/div>\n<div dir=\"auto\">\u00abTodo lo que buscas en un solo lugar\u00bb<\/div>\n<\/div>\n<div dir=\"auto\"><\/div>\n<p><img decoding=\"async\" class=\"aligncenter\" src=\"https:\/\/images.ua.prom.st\/1494267654_1494267654.jpg?PImaGE_ID=1494267654\" \/><\/p>\n<p style=\"text-align: center;\">Realizar un pedido en la web o por \u00a0<a href=\"https:\/\/api.whatsapp.com\/send?phone=593958753126\" target=\"_blank\" rel=\"noopener\">WHATSAPP<\/a>.<\/p>\n<p><img decoding=\"async\" class=\"aligncenter\" src=\"https:\/\/images.ua.prom.st\/1494267867_1494267867.jpg?PImaGE_ID=1494267867\" \/><\/p>\n<p style=\"text-align: center;\">Consulta con un asesor\u00a0 todas tus inquietudes.<\/p>\n<p><img decoding=\"async\" class=\"aligncenter\" src=\"https:\/\/images.ua.prom.st\/1494266627_1494266627.jpg?PImaGE_ID=1494266627\" \/><\/p>\n<p style=\"text-align: center;\">Pregunta las formas de pago.<\/p>\n<p><img decoding=\"async\" class=\"aligncenter\" src=\"https:\/\/images.ua.prom.st\/1494267985_1494267985.jpg?PImaGE_ID=1494267985\" \/><\/p>\n<p style=\"text-align: center;\">Tu pedido llega a la puerta de tu casa.<\/p>\n<p>&nbsp;<\/p>\n<p><strong>\u00a1\u00a1 PREG\u00daNTANOS Sin compromiso !!!!<\/strong><\/p>\n<p>Puede retirar sus pedidos en nuestra\u00a0<a href=\"https:\/\/www.electronicajnc.com\/web\/contactos\" target=\"_blank\" rel=\"noopener\">TIENDA F\u00cdSICA<\/a>\u00a0o realizar sus pedidos\u00a0<a href=\"https:\/\/www.electronicajnc.com\/web\/mi-cuenta\" target=\"_blank\" rel=\"noopener\">ONLINE<\/a>\u00a0o por\u00a0<a href=\"https:\/\/api.whatsapp.com\/send?phone=593958753126\" target=\"_blank\" rel=\"noopener\">WHATSAPP<\/a>.<\/p>\n","protected":false},"excerpt":{"rendered":"<p>Bobina Inductora Tipo Resistencia 1\/2w Un inductor, bobina o reactor es un componente pasivo de un circuito el\u00e9ctrico que, debido al fen\u00f3meno de la autoinducci\u00f3n, almacena energ\u00eda en forma de campo magn\u00e9tico Bobina Inductora Tipo Resistencia 1\/2w MODELO: 1 \u00b5H PRODUCTO: 1 \u00b5H BOBINA AXIAL TIPO RESISTENCIA 1\/2W 10% COLORES: CAFE; NEGRO; ORO; PLATA MARCA: [&hellip;]<\/p>\n","protected":false},"featured_media":1856,"comment_status":"closed","ping_status":"closed","template":"","meta":{"saved_in_kubio":false,"_joinchat":[]},"product_brand":[],"product_cat":[309],"product_tag":[1399,1400,1401,1402,1403,1404,1405,1406,1407,1408,1409,1410,1411,1412,1195,1413,278],"class_list":{"0":"post-1854","1":"product","2":"type-product","3":"status-publish","4":"has-post-thumbnail","6":"product_cat-componentes-electronicos","7":"product_tag-100uh","8":"product_tag-10uh","9":"product_tag-150uh","10":"product_tag-1uh","11":"product_tag-2-2uh","12":"product_tag-220uh","13":"product_tag-22uh","14":"product_tag-3-3uh","15":"product_tag-330uh","16":"product_tag-33uh","17":"product_tag-4-7uh","18":"product_tag-470uh","19":"product_tag-47uh","20":"product_tag-6-8uh","21":"product_tag-bobina","22":"product_tag-inductor","23":"product_tag-kit","25":"first","26":"instock","27":"taxable","28":"shipping-taxable","29":"purchasable","30":"product-type-simple"},"yoast_head":"<!-- This site is optimized with the Yoast SEO plugin v27.5 - https:\/\/yoast.com\/product\/yoast-seo-wordpress\/ -->\n<title>Bobina Inductora Tipo Resistencia 1\/2w - Electronica JNC<\/title>\n<meta name=\"description\" content=\"Bobina Inductora Tipo Resistencia 1\/2w son utilizadas para baja corriente y baja potencia, son peque\u00f1os inductores con alta Q y baja capacidad distribuida\" \/>\n<meta name=\"robots\" content=\"index, follow, max-snippet:-1, max-image-preview:large, max-video-preview:-1\" \/>\n<link rel=\"canonical\" href=\"https:\/\/www.electronicajnc.com\/web\/producto\/bobina-inductora-tipo-resistencia-1-2w\/\" \/>\n<meta property=\"og:locale\" content=\"es_ES\" \/>\n<meta property=\"og:type\" content=\"article\" \/>\n<meta property=\"og:title\" content=\"Bobina Inductora Tipo Resistencia 1\/2w - Electronica JNC\" \/>\n<meta property=\"og:description\" content=\"Bobina Inductora Tipo Resistencia 1\/2w son utilizadas para baja corriente y baja potencia, son peque\u00f1os inductores con alta Q y baja capacidad distribuida\" \/>\n<meta property=\"og:url\" content=\"https:\/\/www.electronicajnc.com\/web\/producto\/bobina-inductora-tipo-resistencia-1-2w\/\" \/>\n<meta property=\"og:site_name\" content=\"Electronica JNC\" \/>\n<meta property=\"article:modified_time\" content=\"2024-10-15T22:45:55+00:00\" \/>\n<meta property=\"og:image\" content=\"https:\/\/www.electronicajnc.com\/web\/wp-content\/uploads\/2024\/10\/bobina.jpg\" \/>\n\t<meta property=\"og:image:width\" content=\"1028\" \/>\n\t<meta property=\"og:image:height\" content=\"1115\" \/>\n\t<meta property=\"og:image:type\" content=\"image\/jpeg\" \/>\n<meta name=\"twitter:card\" content=\"summary_large_image\" \/>\n<meta name=\"twitter:label1\" content=\"Tiempo de lectura\" \/>\n\t<meta name=\"twitter:data1\" content=\"3 minutos\" \/>\n<script type=\"application\/ld+json\" class=\"yoast-schema-graph\">{\"@context\":\"https:\\\/\\\/schema.org\",\"@graph\":[{\"@type\":\"WebPage\",\"@id\":\"https:\\\/\\\/www.electronicajnc.com\\\/web\\\/producto\\\/bobina-inductora-tipo-resistencia-1-2w\\\/\",\"url\":\"https:\\\/\\\/www.electronicajnc.com\\\/web\\\/producto\\\/bobina-inductora-tipo-resistencia-1-2w\\\/\",\"name\":\"Bobina Inductora Tipo Resistencia 1\\\/2w - Electronica JNC\",\"isPartOf\":{\"@id\":\"https:\\\/\\\/www.electronicajnc.com\\\/web\\\/#website\"},\"primaryImageOfPage\":{\"@id\":\"https:\\\/\\\/www.electronicajnc.com\\\/web\\\/producto\\\/bobina-inductora-tipo-resistencia-1-2w\\\/#primaryimage\"},\"image\":{\"@id\":\"https:\\\/\\\/www.electronicajnc.com\\\/web\\\/producto\\\/bobina-inductora-tipo-resistencia-1-2w\\\/#primaryimage\"},\"thumbnailUrl\":\"https:\\\/\\\/www.electronicajnc.com\\\/web\\\/wp-content\\\/uploads\\\/2024\\\/10\\\/bobina.jpg\",\"datePublished\":\"2024-10-15T22:42:38+00:00\",\"dateModified\":\"2024-10-15T22:45:55+00:00\",\"description\":\"Bobina Inductora Tipo Resistencia 1\\\/2w son utilizadas para baja corriente y baja potencia, son peque\u00f1os inductores con alta Q y baja capacidad distribuida\",\"breadcrumb\":{\"@id\":\"https:\\\/\\\/www.electronicajnc.com\\\/web\\\/producto\\\/bobina-inductora-tipo-resistencia-1-2w\\\/#breadcrumb\"},\"inLanguage\":\"es\",\"potentialAction\":[{\"@type\":\"ReadAction\",\"target\":[\"https:\\\/\\\/www.electronicajnc.com\\\/web\\\/producto\\\/bobina-inductora-tipo-resistencia-1-2w\\\/\"]}]},{\"@type\":\"ImageObject\",\"inLanguage\":\"es\",\"@id\":\"https:\\\/\\\/www.electronicajnc.com\\\/web\\\/producto\\\/bobina-inductora-tipo-resistencia-1-2w\\\/#primaryimage\",\"url\":\"https:\\\/\\\/www.electronicajnc.com\\\/web\\\/wp-content\\\/uploads\\\/2024\\\/10\\\/bobina.jpg\",\"contentUrl\":\"https:\\\/\\\/www.electronicajnc.com\\\/web\\\/wp-content\\\/uploads\\\/2024\\\/10\\\/bobina.jpg\",\"width\":1028,\"height\":1115,\"caption\":\"Bobina Inductora Tipo Resistencia\"},{\"@type\":\"BreadcrumbList\",\"@id\":\"https:\\\/\\\/www.electronicajnc.com\\\/web\\\/producto\\\/bobina-inductora-tipo-resistencia-1-2w\\\/#breadcrumb\",\"itemListElement\":[{\"@type\":\"ListItem\",\"position\":1,\"name\":\"Portada\",\"item\":\"https:\\\/\\\/www.electronicajnc.com\\\/web\\\/\"},{\"@type\":\"ListItem\",\"position\":2,\"name\":\"TIENDA\",\"item\":\"https:\\\/\\\/www.electronicajnc.com\\\/web\\\/tienda\\\/\"},{\"@type\":\"ListItem\",\"position\":3,\"name\":\"Bobina Inductora Tipo Resistencia 1\\\/2w\"}]},{\"@type\":\"WebSite\",\"@id\":\"https:\\\/\\\/www.electronicajnc.com\\\/web\\\/#website\",\"url\":\"https:\\\/\\\/www.electronicajnc.com\\\/web\\\/\",\"name\":\"Electronica JNC\",\"description\":\"Robotica Tecnologia Mecatronica en Ecuador\",\"publisher\":{\"@id\":\"https:\\\/\\\/www.electronicajnc.com\\\/web\\\/#organization\"},\"potentialAction\":[{\"@type\":\"SearchAction\",\"target\":{\"@type\":\"EntryPoint\",\"urlTemplate\":\"https:\\\/\\\/www.electronicajnc.com\\\/web\\\/?s={search_term_string}\"},\"query-input\":{\"@type\":\"PropertyValueSpecification\",\"valueRequired\":true,\"valueName\":\"search_term_string\"}}],\"inLanguage\":\"es\"},{\"@type\":\"Organization\",\"@id\":\"https:\\\/\\\/www.electronicajnc.com\\\/web\\\/#organization\",\"name\":\"Electronica JNC\",\"url\":\"https:\\\/\\\/www.electronicajnc.com\\\/web\\\/\",\"logo\":{\"@type\":\"ImageObject\",\"inLanguage\":\"es\",\"@id\":\"https:\\\/\\\/www.electronicajnc.com\\\/web\\\/#\\\/schema\\\/logo\\\/image\\\/\",\"url\":\"https:\\\/\\\/www.electronicajnc.com\\\/web\\\/wp-content\\\/uploads\\\/2023\\\/06\\\/nuevo-logo.jpg\",\"contentUrl\":\"https:\\\/\\\/www.electronicajnc.com\\\/web\\\/wp-content\\\/uploads\\\/2023\\\/06\\\/nuevo-logo.jpg\",\"width\":1256,\"height\":612,\"caption\":\"Electronica JNC\"},\"image\":{\"@id\":\"https:\\\/\\\/www.electronicajnc.com\\\/web\\\/#\\\/schema\\\/logo\\\/image\\\/\"}}]}<\/script>\n<!-- \/ Yoast SEO plugin. -->","yoast_head_json":{"title":"Bobina Inductora Tipo Resistencia 1\/2w - Electronica JNC","description":"Bobina Inductora Tipo Resistencia 1\/2w son utilizadas para baja corriente y baja potencia, son peque\u00f1os inductores con alta Q y baja capacidad distribuida","robots":{"index":"index","follow":"follow","max-snippet":"max-snippet:-1","max-image-preview":"max-image-preview:large","max-video-preview":"max-video-preview:-1"},"canonical":"https:\/\/www.electronicajnc.com\/web\/producto\/bobina-inductora-tipo-resistencia-1-2w\/","og_locale":"es_ES","og_type":"article","og_title":"Bobina Inductora Tipo Resistencia 1\/2w - Electronica JNC","og_description":"Bobina Inductora Tipo Resistencia 1\/2w son utilizadas para baja corriente y baja potencia, son peque\u00f1os inductores con alta Q y baja capacidad distribuida","og_url":"https:\/\/www.electronicajnc.com\/web\/producto\/bobina-inductora-tipo-resistencia-1-2w\/","og_site_name":"Electronica JNC","article_modified_time":"2024-10-15T22:45:55+00:00","og_image":[{"width":1028,"height":1115,"url":"https:\/\/www.electronicajnc.com\/web\/wp-content\/uploads\/2024\/10\/bobina.jpg","type":"image\/jpeg"}],"twitter_card":"summary_large_image","twitter_misc":{"Tiempo de lectura":"3 minutos"},"schema":{"@context":"https:\/\/schema.org","@graph":[{"@type":"WebPage","@id":"https:\/\/www.electronicajnc.com\/web\/producto\/bobina-inductora-tipo-resistencia-1-2w\/","url":"https:\/\/www.electronicajnc.com\/web\/producto\/bobina-inductora-tipo-resistencia-1-2w\/","name":"Bobina Inductora Tipo Resistencia 1\/2w - Electronica JNC","isPartOf":{"@id":"https:\/\/www.electronicajnc.com\/web\/#website"},"primaryImageOfPage":{"@id":"https:\/\/www.electronicajnc.com\/web\/producto\/bobina-inductora-tipo-resistencia-1-2w\/#primaryimage"},"image":{"@id":"https:\/\/www.electronicajnc.com\/web\/producto\/bobina-inductora-tipo-resistencia-1-2w\/#primaryimage"},"thumbnailUrl":"https:\/\/www.electronicajnc.com\/web\/wp-content\/uploads\/2024\/10\/bobina.jpg","datePublished":"2024-10-15T22:42:38+00:00","dateModified":"2024-10-15T22:45:55+00:00","description":"Bobina Inductora Tipo Resistencia 1\/2w son utilizadas para baja corriente y baja potencia, son peque\u00f1os inductores con alta Q y baja capacidad distribuida","breadcrumb":{"@id":"https:\/\/www.electronicajnc.com\/web\/producto\/bobina-inductora-tipo-resistencia-1-2w\/#breadcrumb"},"inLanguage":"es","potentialAction":[{"@type":"ReadAction","target":["https:\/\/www.electronicajnc.com\/web\/producto\/bobina-inductora-tipo-resistencia-1-2w\/"]}]},{"@type":"ImageObject","inLanguage":"es","@id":"https:\/\/www.electronicajnc.com\/web\/producto\/bobina-inductora-tipo-resistencia-1-2w\/#primaryimage","url":"https:\/\/www.electronicajnc.com\/web\/wp-content\/uploads\/2024\/10\/bobina.jpg","contentUrl":"https:\/\/www.electronicajnc.com\/web\/wp-content\/uploads\/2024\/10\/bobina.jpg","width":1028,"height":1115,"caption":"Bobina Inductora Tipo Resistencia"},{"@type":"BreadcrumbList","@id":"https:\/\/www.electronicajnc.com\/web\/producto\/bobina-inductora-tipo-resistencia-1-2w\/#breadcrumb","itemListElement":[{"@type":"ListItem","position":1,"name":"Portada","item":"https:\/\/www.electronicajnc.com\/web\/"},{"@type":"ListItem","position":2,"name":"TIENDA","item":"https:\/\/www.electronicajnc.com\/web\/tienda\/"},{"@type":"ListItem","position":3,"name":"Bobina Inductora Tipo Resistencia 1\/2w"}]},{"@type":"WebSite","@id":"https:\/\/www.electronicajnc.com\/web\/#website","url":"https:\/\/www.electronicajnc.com\/web\/","name":"Electronica JNC","description":"Robotica Tecnologia Mecatronica en Ecuador","publisher":{"@id":"https:\/\/www.electronicajnc.com\/web\/#organization"},"potentialAction":[{"@type":"SearchAction","target":{"@type":"EntryPoint","urlTemplate":"https:\/\/www.electronicajnc.com\/web\/?s={search_term_string}"},"query-input":{"@type":"PropertyValueSpecification","valueRequired":true,"valueName":"search_term_string"}}],"inLanguage":"es"},{"@type":"Organization","@id":"https:\/\/www.electronicajnc.com\/web\/#organization","name":"Electronica JNC","url":"https:\/\/www.electronicajnc.com\/web\/","logo":{"@type":"ImageObject","inLanguage":"es","@id":"https:\/\/www.electronicajnc.com\/web\/#\/schema\/logo\/image\/","url":"https:\/\/www.electronicajnc.com\/web\/wp-content\/uploads\/2023\/06\/nuevo-logo.jpg","contentUrl":"https:\/\/www.electronicajnc.com\/web\/wp-content\/uploads\/2023\/06\/nuevo-logo.jpg","width":1256,"height":612,"caption":"Electronica JNC"},"image":{"@id":"https:\/\/www.electronicajnc.com\/web\/#\/schema\/logo\/image\/"}}]}},"_links":{"self":[{"href":"https:\/\/www.electronicajnc.com\/web\/wp-json\/wp\/v2\/product\/1854","targetHints":{"allow":["GET"]}}],"collection":[{"href":"https:\/\/www.electronicajnc.com\/web\/wp-json\/wp\/v2\/product"}],"about":[{"href":"https:\/\/www.electronicajnc.com\/web\/wp-json\/wp\/v2\/types\/product"}],"replies":[{"embeddable":true,"href":"https:\/\/www.electronicajnc.com\/web\/wp-json\/wp\/v2\/comments?post=1854"}],"wp:featuredmedia":[{"embeddable":true,"href":"https:\/\/www.electronicajnc.com\/web\/wp-json\/wp\/v2\/media\/1856"}],"wp:attachment":[{"href":"https:\/\/www.electronicajnc.com\/web\/wp-json\/wp\/v2\/media?parent=1854"}],"wp:term":[{"taxonomy":"product_brand","embeddable":true,"href":"https:\/\/www.electronicajnc.com\/web\/wp-json\/wp\/v2\/product_brand?post=1854"},{"taxonomy":"product_cat","embeddable":true,"href":"https:\/\/www.electronicajnc.com\/web\/wp-json\/wp\/v2\/product_cat?post=1854"},{"taxonomy":"product_tag","embeddable":true,"href":"https:\/\/www.electronicajnc.com\/web\/wp-json\/wp\/v2\/product_tag?post=1854"}],"curies":[{"name":"wp","href":"https:\/\/api.w.org\/{rel}","templated":true}]}}