{"id":1861,"date":"2024-10-15T23:36:35","date_gmt":"2024-10-15T23:36:35","guid":{"rendered":"https:\/\/www.electronicajnc.com\/web\/?post_type=product&#038;p=1861"},"modified":"2026-01-06T22:46:15","modified_gmt":"2026-01-06T22:46:15","slug":"kit-dinamo-generador-de-energia-hidraulica-y-eolica","status":"publish","type":"product","link":"https:\/\/www.electronicajnc.com\/web\/producto\/kit-dinamo-generador-de-energia-hidraulica-y-eolica\/","title":{"rendered":"Kit dinamo generador de energ\u00eda hidr\u00e1ulica y e\u00f3lica"},"content":{"rendered":"<p>Kit dinamo generador de energ\u00eda hidr\u00e1ulica y e\u00f3lica<\/p>\n<p>PROYECTO EDUCATIVO para el aprendizaje de la energ\u00eda e\u00f3lica, hidr\u00e1ulica, mareomotriz (energ\u00eda de las mareas), el motor el\u00e9ctrico se utiliza como generador (d\u00ednamo). Las aspas captan movimiento pasa al generador y lo transforma en energ\u00eda que se ve reflejado en el diodo LED<\/p>\n<ul class=\"a-unordered-list a-vertical a-spacing-mini\">\n<li class=\"a-spacing-mini\"><span class=\"a-list-item\">Kit completo de modelo de aerogenerador en miniatura.<\/span><\/li>\n<li class=\"a-spacing-mini\"><span class=\"a-list-item\">La primera generaci\u00f3n de luces LED, el consumo de energ\u00eda LED requerido era lo suficientemente bajo como para encender los LED debajo del ventilador.<\/span><\/li>\n<li class=\"a-spacing-mini\"><span class=\"a-list-item\">Se puede utilizar como material did\u00e1ctico. Ideal para involucrar a estudiantes y ni\u00f1os.<\/span><\/li>\n<li class=\"a-spacing-mini\"><span class=\"a-list-item\">Debe ensamblar la turbina e\u00f3lica usted mismo mientras disfruta de la diversi\u00f3n del bricolaje.<\/span><\/li>\n<li class=\"a-spacing-mini\"><span class=\"a-list-item\">Se puede convertir 360 grados en cualquier \u00e1ngulo y se enfrentar\u00e1 autom\u00e1ticamente a la direcci\u00f3n del viento.<\/span><\/li>\n<\/ul>\n<h1>Kit dinamo generador de energ\u00eda hidr\u00e1ulica y e\u00f3lica<\/h1>\n<ul>\n<li><span data-spm-anchor-id=\"a2g0o.detail.1000023.i3.258a7e3dF30sgc\">Di\u00e1metro del Motor: 24.5mm<\/span><\/li>\n<li>Altura del Motor: 34.2mm<\/li>\n<li>Di\u00e1metro del eje del Motor:\u00a0 2mm<\/li>\n<li>Longitud del eje del Motor: 13,5mm<\/li>\n<li>Di\u00e1metro de la hoja: 100mm<\/li>\n<li>Apertura de la hoja: 1,95mm<\/li>\n<li data-spm-anchor-id=\"a2g0o.detail.1000023.i2.258a7e3dF30sgc\">Voltaje de salida:0.01 -5.5V<\/li>\n<li data-spm-anchor-id=\"a2g0o.detail.1000023.i1.258a7e3dF30sgc\">Corriente de salida: 0.01-100mA<\/li>\n<li><span data-spm-anchor-id=\"a2g0o.detail.1000023.i0.258a7e3dF30sgc\">Velocidad nominal: 100 \u2013 6000 rpm<\/span><\/li>\n<\/ul>\n<p><em><strong>EL KIT INCLUYE<\/strong><\/em><\/p>\n<ul>\n<li>1 diodo LED<\/li>\n<li>1 generador<\/li>\n<li>4 hojas (forman la h\u00e9lice)<\/li>\n<\/ul>\n<div>\n<h2><b>\u00bfD\u00f3nde<\/b><strong>\u00a0conseguir ?<\/strong><\/h2>\n<\/div>\n<p>Puedes conseguir este producto y mucho mas en nuestra tienda de electr\u00f3nica \u201cElectr\u00f3nica JNC\u201d a un excelente precio, de igual manera puedes preguntar por otros productos que tenemos para ti y as\u00ed adquirirlos seg\u00fan tu necesidad para\u00a0 tus proyectos.<\/p>\n<p>Adem\u00e1s de vender realizamos todo tipo de proyectos de Rob\u00f3tica Electr\u00f3nica y de Programaci\u00f3n compatible con\u00a0 Arduino-Raspberry, brindamos asesoramiento en la elaboraci\u00f3n de proyectos y personalizamos sus clases cuando deseas armar un robot.<\/p>\n<p>Somos importadores Directos de todo en Electr\u00f3nica y Rob\u00f3tica directamente desde los fabricantes, a los mejores precios del mercado.<\/p>\n<div class=\"x11i5rnm xat24cr x1mh8g0r x1vvkbs xtlvy1s x126k92a\">\n<div dir=\"auto\">SERVICIO PERSONALIZADO, APOYO TEORICO Y VENTA DE MATERIAL<\/div>\n<\/div>\n<div class=\"x11i5rnm xat24cr x1mh8g0r x1vvkbs xtlvy1s x126k92a\">\n<div dir=\"auto\">COTIZA CON NOSOTROS<\/div>\n<div dir=\"auto\">SERVICIO, EXPERIENCIA, CALIDAD Y CONFIANZA<\/div>\n<div dir=\"auto\">\u00abTodo lo que buscas en un solo lugar\u00bb<\/div>\n<\/div>\n<div dir=\"auto\"><\/div>\n<p><img decoding=\"async\" class=\"aligncenter\" src=\"https:\/\/images.ua.prom.st\/1494267654_1494267654.jpg?PImaGE_ID=1494267654\" \/><\/p>\n<p style=\"text-align: center;\">Realizar un pedido en la web o por \u00a0<a href=\"https:\/\/api.whatsapp.com\/send?phone=593958753126\" target=\"_blank\" rel=\"noopener\">WHATSAPP<\/a>.<\/p>\n<p><img decoding=\"async\" class=\"aligncenter\" src=\"https:\/\/images.ua.prom.st\/1494267867_1494267867.jpg?PImaGE_ID=1494267867\" \/><\/p>\n<p style=\"text-align: center;\">Consulta con un asesor\u00a0 todas tus inquietudes.<\/p>\n<p><img decoding=\"async\" class=\"aligncenter\" src=\"https:\/\/images.ua.prom.st\/1494266627_1494266627.jpg?PImaGE_ID=1494266627\" \/><\/p>\n<p style=\"text-align: center;\">Pregunta las formas de pago.<\/p>\n<p><img decoding=\"async\" class=\"aligncenter\" src=\"https:\/\/images.ua.prom.st\/1494267985_1494267985.jpg?PImaGE_ID=1494267985\" \/><\/p>\n<p style=\"text-align: center;\">Tu pedido llega a la puerta de tu casa.<\/p>\n<p>&nbsp;<\/p>\n<p><strong>\u00a1\u00a1 PREG\u00daNTANOS Sin compromiso !!!!<\/strong><\/p>\n<p>Puede retirar sus pedidos en nuestra\u00a0<a href=\"https:\/\/www.electronicajnc.com\/web\/contactos\" target=\"_blank\" rel=\"noopener\">TIENDA F\u00cdSICA<\/a>\u00a0o realizar sus pedidos\u00a0<a href=\"https:\/\/www.electronicajnc.com\/web\/mi-cuenta\" target=\"_blank\" rel=\"noopener\">ONLINE<\/a>\u00a0o por\u00a0<a href=\"https:\/\/api.whatsapp.com\/send?phone=593958753126\" target=\"_blank\" rel=\"noopener\">WHATSAPP<\/a>.<\/p>\n<p>&nbsp;<\/p>\n","protected":false},"excerpt":{"rendered":"<p>Kit dinamo generador de energ\u00eda hidr\u00e1ulica y e\u00f3lica PROYECTO EDUCATIVO para el aprendizaje de la energ\u00eda e\u00f3lica, hidr\u00e1ulica, mareomotriz (energ\u00eda de las mareas), el motor el\u00e9ctrico se utiliza como generador (d\u00ednamo). Las aspas captan movimiento pasa al generador y lo transforma en energ\u00eda que se ve reflejado en el diodo LED Kit completo de modelo [&hellip;]<\/p>\n","protected":false},"featured_media":1862,"comment_status":"closed","ping_status":"closed","template":"","meta":{"saved_in_kubio":false,"_joinchat":[]},"product_brand":[],"product_cat":[323],"product_tag":[1422,1221,1421,1420],"class_list":{"0":"post-1861","1":"product","2":"type-product","3":"status-publish","4":"has-post-thumbnail","6":"product_cat-kits-steam","7":"product_tag-energia-hidraulica-y-eolica","8":"product_tag-eolico","9":"product_tag-generador-eolico","10":"product_tag-luz","12":"first","13":"instock","14":"taxable","15":"shipping-taxable","16":"purchasable","17":"product-type-simple"},"yoast_head":"<!-- This site is optimized with the Yoast SEO plugin v27.4 - https:\/\/yoast.com\/product\/yoast-seo-wordpress\/ -->\n<title>Kit dinamo generador de energ\u00eda hidr\u00e1ulica y e\u00f3lica - Electronica JNC<\/title>\n<meta name=\"description\" content=\"Kit dinamo generador de energ\u00eda hidr\u00e1ulica y e\u00f3lica\" \/>\n<meta name=\"robots\" content=\"index, follow, max-snippet:-1, max-image-preview:large, max-video-preview:-1\" \/>\n<link rel=\"canonical\" href=\"https:\/\/www.electronicajnc.com\/web\/producto\/kit-dinamo-generador-de-energia-hidraulica-y-eolica\/\" \/>\n<meta property=\"og:locale\" content=\"es_ES\" \/>\n<meta property=\"og:type\" content=\"article\" \/>\n<meta property=\"og:title\" content=\"Kit dinamo generador de energ\u00eda hidr\u00e1ulica y e\u00f3lica - Electronica JNC\" \/>\n<meta property=\"og:description\" content=\"Kit dinamo generador de energ\u00eda hidr\u00e1ulica y e\u00f3lica\" \/>\n<meta property=\"og:url\" content=\"https:\/\/www.electronicajnc.com\/web\/producto\/kit-dinamo-generador-de-energia-hidraulica-y-eolica\/\" \/>\n<meta property=\"og:site_name\" content=\"Electronica JNC\" \/>\n<meta property=\"article:modified_time\" content=\"2026-01-06T22:46:15+00:00\" \/>\n<meta property=\"og:image\" content=\"https:\/\/www.electronicajnc.com\/web\/wp-content\/uploads\/2024\/10\/eolico.jpg\" \/>\n\t<meta property=\"og:image:width\" content=\"1028\" \/>\n\t<meta property=\"og:image:height\" content=\"1115\" \/>\n\t<meta property=\"og:image:type\" content=\"image\/jpeg\" \/>\n<meta name=\"twitter:card\" content=\"summary_large_image\" \/>\n<meta name=\"twitter:label1\" content=\"Tiempo de lectura\" \/>\n\t<meta name=\"twitter:data1\" content=\"3 minutos\" \/>\n<script type=\"application\/ld+json\" class=\"yoast-schema-graph\">{\"@context\":\"https:\\\/\\\/schema.org\",\"@graph\":[{\"@type\":\"WebPage\",\"@id\":\"https:\\\/\\\/www.electronicajnc.com\\\/web\\\/producto\\\/kit-dinamo-generador-de-energia-hidraulica-y-eolica\\\/\",\"url\":\"https:\\\/\\\/www.electronicajnc.com\\\/web\\\/producto\\\/kit-dinamo-generador-de-energia-hidraulica-y-eolica\\\/\",\"name\":\"Kit dinamo generador de energ\u00eda hidr\u00e1ulica y e\u00f3lica - Electronica JNC\",\"isPartOf\":{\"@id\":\"https:\\\/\\\/www.electronicajnc.com\\\/web\\\/#website\"},\"primaryImageOfPage\":{\"@id\":\"https:\\\/\\\/www.electronicajnc.com\\\/web\\\/producto\\\/kit-dinamo-generador-de-energia-hidraulica-y-eolica\\\/#primaryimage\"},\"image\":{\"@id\":\"https:\\\/\\\/www.electronicajnc.com\\\/web\\\/producto\\\/kit-dinamo-generador-de-energia-hidraulica-y-eolica\\\/#primaryimage\"},\"thumbnailUrl\":\"https:\\\/\\\/www.electronicajnc.com\\\/web\\\/wp-content\\\/uploads\\\/2024\\\/10\\\/eolico.jpg\",\"datePublished\":\"2024-10-15T23:36:35+00:00\",\"dateModified\":\"2026-01-06T22:46:15+00:00\",\"description\":\"Kit dinamo generador de energ\u00eda hidr\u00e1ulica y e\u00f3lica\",\"breadcrumb\":{\"@id\":\"https:\\\/\\\/www.electronicajnc.com\\\/web\\\/producto\\\/kit-dinamo-generador-de-energia-hidraulica-y-eolica\\\/#breadcrumb\"},\"inLanguage\":\"es\",\"potentialAction\":[{\"@type\":\"ReadAction\",\"target\":[\"https:\\\/\\\/www.electronicajnc.com\\\/web\\\/producto\\\/kit-dinamo-generador-de-energia-hidraulica-y-eolica\\\/\"]}]},{\"@type\":\"ImageObject\",\"inLanguage\":\"es\",\"@id\":\"https:\\\/\\\/www.electronicajnc.com\\\/web\\\/producto\\\/kit-dinamo-generador-de-energia-hidraulica-y-eolica\\\/#primaryimage\",\"url\":\"https:\\\/\\\/www.electronicajnc.com\\\/web\\\/wp-content\\\/uploads\\\/2024\\\/10\\\/eolico.jpg\",\"contentUrl\":\"https:\\\/\\\/www.electronicajnc.com\\\/web\\\/wp-content\\\/uploads\\\/2024\\\/10\\\/eolico.jpg\",\"width\":1028,\"height\":1115,\"caption\":\"Mini generador e\u00f3lico vertical\"},{\"@type\":\"BreadcrumbList\",\"@id\":\"https:\\\/\\\/www.electronicajnc.com\\\/web\\\/producto\\\/kit-dinamo-generador-de-energia-hidraulica-y-eolica\\\/#breadcrumb\",\"itemListElement\":[{\"@type\":\"ListItem\",\"position\":1,\"name\":\"Portada\",\"item\":\"https:\\\/\\\/www.electronicajnc.com\\\/web\\\/\"},{\"@type\":\"ListItem\",\"position\":2,\"name\":\"TIENDA\",\"item\":\"https:\\\/\\\/www.electronicajnc.com\\\/web\\\/tienda\\\/\"},{\"@type\":\"ListItem\",\"position\":3,\"name\":\"Kit dinamo generador de energ\u00eda hidr\u00e1ulica y e\u00f3lica\"}]},{\"@type\":\"WebSite\",\"@id\":\"https:\\\/\\\/www.electronicajnc.com\\\/web\\\/#website\",\"url\":\"https:\\\/\\\/www.electronicajnc.com\\\/web\\\/\",\"name\":\"Electronica JNC\",\"description\":\"Robotica Tecnologia Mecatronica en Ecuador\",\"publisher\":{\"@id\":\"https:\\\/\\\/www.electronicajnc.com\\\/web\\\/#organization\"},\"potentialAction\":[{\"@type\":\"SearchAction\",\"target\":{\"@type\":\"EntryPoint\",\"urlTemplate\":\"https:\\\/\\\/www.electronicajnc.com\\\/web\\\/?s={search_term_string}\"},\"query-input\":{\"@type\":\"PropertyValueSpecification\",\"valueRequired\":true,\"valueName\":\"search_term_string\"}}],\"inLanguage\":\"es\"},{\"@type\":\"Organization\",\"@id\":\"https:\\\/\\\/www.electronicajnc.com\\\/web\\\/#organization\",\"name\":\"Electronica JNC\",\"url\":\"https:\\\/\\\/www.electronicajnc.com\\\/web\\\/\",\"logo\":{\"@type\":\"ImageObject\",\"inLanguage\":\"es\",\"@id\":\"https:\\\/\\\/www.electronicajnc.com\\\/web\\\/#\\\/schema\\\/logo\\\/image\\\/\",\"url\":\"https:\\\/\\\/www.electronicajnc.com\\\/web\\\/wp-content\\\/uploads\\\/2023\\\/06\\\/nuevo-logo.jpg\",\"contentUrl\":\"https:\\\/\\\/www.electronicajnc.com\\\/web\\\/wp-content\\\/uploads\\\/2023\\\/06\\\/nuevo-logo.jpg\",\"width\":1256,\"height\":612,\"caption\":\"Electronica JNC\"},\"image\":{\"@id\":\"https:\\\/\\\/www.electronicajnc.com\\\/web\\\/#\\\/schema\\\/logo\\\/image\\\/\"}}]}<\/script>\n<!-- \/ Yoast SEO plugin. -->","yoast_head_json":{"title":"Kit dinamo generador de energ\u00eda hidr\u00e1ulica y e\u00f3lica - Electronica JNC","description":"Kit dinamo generador de energ\u00eda hidr\u00e1ulica y e\u00f3lica","robots":{"index":"index","follow":"follow","max-snippet":"max-snippet:-1","max-image-preview":"max-image-preview:large","max-video-preview":"max-video-preview:-1"},"canonical":"https:\/\/www.electronicajnc.com\/web\/producto\/kit-dinamo-generador-de-energia-hidraulica-y-eolica\/","og_locale":"es_ES","og_type":"article","og_title":"Kit dinamo generador de energ\u00eda hidr\u00e1ulica y e\u00f3lica - Electronica JNC","og_description":"Kit dinamo generador de energ\u00eda hidr\u00e1ulica y e\u00f3lica","og_url":"https:\/\/www.electronicajnc.com\/web\/producto\/kit-dinamo-generador-de-energia-hidraulica-y-eolica\/","og_site_name":"Electronica JNC","article_modified_time":"2026-01-06T22:46:15+00:00","og_image":[{"width":1028,"height":1115,"url":"https:\/\/www.electronicajnc.com\/web\/wp-content\/uploads\/2024\/10\/eolico.jpg","type":"image\/jpeg"}],"twitter_card":"summary_large_image","twitter_misc":{"Tiempo de lectura":"3 minutos"},"schema":{"@context":"https:\/\/schema.org","@graph":[{"@type":"WebPage","@id":"https:\/\/www.electronicajnc.com\/web\/producto\/kit-dinamo-generador-de-energia-hidraulica-y-eolica\/","url":"https:\/\/www.electronicajnc.com\/web\/producto\/kit-dinamo-generador-de-energia-hidraulica-y-eolica\/","name":"Kit dinamo generador de energ\u00eda hidr\u00e1ulica y e\u00f3lica - Electronica JNC","isPartOf":{"@id":"https:\/\/www.electronicajnc.com\/web\/#website"},"primaryImageOfPage":{"@id":"https:\/\/www.electronicajnc.com\/web\/producto\/kit-dinamo-generador-de-energia-hidraulica-y-eolica\/#primaryimage"},"image":{"@id":"https:\/\/www.electronicajnc.com\/web\/producto\/kit-dinamo-generador-de-energia-hidraulica-y-eolica\/#primaryimage"},"thumbnailUrl":"https:\/\/www.electronicajnc.com\/web\/wp-content\/uploads\/2024\/10\/eolico.jpg","datePublished":"2024-10-15T23:36:35+00:00","dateModified":"2026-01-06T22:46:15+00:00","description":"Kit dinamo generador de energ\u00eda hidr\u00e1ulica y e\u00f3lica","breadcrumb":{"@id":"https:\/\/www.electronicajnc.com\/web\/producto\/kit-dinamo-generador-de-energia-hidraulica-y-eolica\/#breadcrumb"},"inLanguage":"es","potentialAction":[{"@type":"ReadAction","target":["https:\/\/www.electronicajnc.com\/web\/producto\/kit-dinamo-generador-de-energia-hidraulica-y-eolica\/"]}]},{"@type":"ImageObject","inLanguage":"es","@id":"https:\/\/www.electronicajnc.com\/web\/producto\/kit-dinamo-generador-de-energia-hidraulica-y-eolica\/#primaryimage","url":"https:\/\/www.electronicajnc.com\/web\/wp-content\/uploads\/2024\/10\/eolico.jpg","contentUrl":"https:\/\/www.electronicajnc.com\/web\/wp-content\/uploads\/2024\/10\/eolico.jpg","width":1028,"height":1115,"caption":"Mini generador e\u00f3lico vertical"},{"@type":"BreadcrumbList","@id":"https:\/\/www.electronicajnc.com\/web\/producto\/kit-dinamo-generador-de-energia-hidraulica-y-eolica\/#breadcrumb","itemListElement":[{"@type":"ListItem","position":1,"name":"Portada","item":"https:\/\/www.electronicajnc.com\/web\/"},{"@type":"ListItem","position":2,"name":"TIENDA","item":"https:\/\/www.electronicajnc.com\/web\/tienda\/"},{"@type":"ListItem","position":3,"name":"Kit dinamo generador de energ\u00eda hidr\u00e1ulica y e\u00f3lica"}]},{"@type":"WebSite","@id":"https:\/\/www.electronicajnc.com\/web\/#website","url":"https:\/\/www.electronicajnc.com\/web\/","name":"Electronica JNC","description":"Robotica Tecnologia Mecatronica en Ecuador","publisher":{"@id":"https:\/\/www.electronicajnc.com\/web\/#organization"},"potentialAction":[{"@type":"SearchAction","target":{"@type":"EntryPoint","urlTemplate":"https:\/\/www.electronicajnc.com\/web\/?s={search_term_string}"},"query-input":{"@type":"PropertyValueSpecification","valueRequired":true,"valueName":"search_term_string"}}],"inLanguage":"es"},{"@type":"Organization","@id":"https:\/\/www.electronicajnc.com\/web\/#organization","name":"Electronica JNC","url":"https:\/\/www.electronicajnc.com\/web\/","logo":{"@type":"ImageObject","inLanguage":"es","@id":"https:\/\/www.electronicajnc.com\/web\/#\/schema\/logo\/image\/","url":"https:\/\/www.electronicajnc.com\/web\/wp-content\/uploads\/2023\/06\/nuevo-logo.jpg","contentUrl":"https:\/\/www.electronicajnc.com\/web\/wp-content\/uploads\/2023\/06\/nuevo-logo.jpg","width":1256,"height":612,"caption":"Electronica JNC"},"image":{"@id":"https:\/\/www.electronicajnc.com\/web\/#\/schema\/logo\/image\/"}}]}},"_links":{"self":[{"href":"https:\/\/www.electronicajnc.com\/web\/wp-json\/wp\/v2\/product\/1861","targetHints":{"allow":["GET"]}}],"collection":[{"href":"https:\/\/www.electronicajnc.com\/web\/wp-json\/wp\/v2\/product"}],"about":[{"href":"https:\/\/www.electronicajnc.com\/web\/wp-json\/wp\/v2\/types\/product"}],"replies":[{"embeddable":true,"href":"https:\/\/www.electronicajnc.com\/web\/wp-json\/wp\/v2\/comments?post=1861"}],"wp:featuredmedia":[{"embeddable":true,"href":"https:\/\/www.electronicajnc.com\/web\/wp-json\/wp\/v2\/media\/1862"}],"wp:attachment":[{"href":"https:\/\/www.electronicajnc.com\/web\/wp-json\/wp\/v2\/media?parent=1861"}],"wp:term":[{"taxonomy":"product_brand","embeddable":true,"href":"https:\/\/www.electronicajnc.com\/web\/wp-json\/wp\/v2\/product_brand?post=1861"},{"taxonomy":"product_cat","embeddable":true,"href":"https:\/\/www.electronicajnc.com\/web\/wp-json\/wp\/v2\/product_cat?post=1861"},{"taxonomy":"product_tag","embeddable":true,"href":"https:\/\/www.electronicajnc.com\/web\/wp-json\/wp\/v2\/product_tag?post=1861"}],"curies":[{"name":"wp","href":"https:\/\/api.w.org\/{rel}","templated":true}]}}