{"id":1898,"date":"2024-11-25T22:47:47","date_gmt":"2024-11-25T22:47:47","guid":{"rendered":"https:\/\/www.electronicajnc.com\/web\/?post_type=product&#038;p=1898"},"modified":"2025-04-23T22:47:33","modified_gmt":"2025-04-23T22:47:33","slug":"sensor-lector-de-huellas-biometrico-as608","status":"publish","type":"product","link":"https:\/\/www.electronicajnc.com\/web\/producto\/sensor-lector-de-huellas-biometrico-as608\/","title":{"rendered":"Sensor Lector De Huellas Biometrico AS608"},"content":{"rendered":"<p class=\"product_title entry-title\">Sensor Lector De Huellas Biometrico AS608<\/p>\n<p>&nbsp;<\/p>\n<p>El dispositivo tiene la capacidad de almacenar hasta 162 huellas dactilares en su memoria FLASH interna. El LED del dispositivo se ilumina cada que se encuentra tomando im\u00e1genes en busca de huellas digitales.<\/p>\n<p>El Sensor Huella As608 es un sensor biom\u00e9trico, permite realizar sistemas de procesamiento digital de im\u00e1genes de manera interna con un DSP (Procesador de Se\u00f1ales Digitales). Adem\u00e1s incluye capacidades de comparaci\u00f3n en base de datos y actualizaci\u00f3n de la misma. El dispositivo funciona con el protocolo serial, por lo que puede ser utilizado con cualquier microcontrolador o tarjeta de desarrollo.<\/p>\n<p>&nbsp;<\/p>\n<h1 class=\"product_title entry-title\">Sensor Lector De Huellas Biometrico AS608<\/h1>\n<p><strong>Caracter\u00edsticas:<\/strong><\/p>\n<ul>\n<li>Tipo: M\u00f3dulo de sensor de huellas dactilares \u00f3ptico<\/li>\n<li>Resoluci\u00f3n: 500 ppi (p\u00edxeles por pulgada)<\/li>\n<li>Dimensiones: 20 mm x 20 mm<\/li>\n<li>Interfaz: UART (Serial)<\/li>\n<li>Voltaje de operaci\u00f3n: 3.3V<\/li>\n<li>Consumo de corriente: 60 mA (m\u00e1ximo)<\/li>\n<li>Capacidad de almacenamiento: Hasta 100 huellas dactilares<\/li>\n<li>Tiempo de captura: Menos de 1 segundo<\/li>\n<li>Compatibilidad: Compatible con Arduino y Raspberry Pi<\/li>\n<li>Material: Pl\u00e1stico y vidrio<\/li>\n<\/ul>\n<div>\n<h2><b>\u00bfD\u00f3nde<\/b><strong>\u00a0conseguir ?<\/strong><\/h2>\n<\/div>\n<p>Puedes conseguir este producto y mucho mas en nuestra tienda de electr\u00f3nica \u201cElectr\u00f3nica JNC\u201d a un excelente precio, de igual manera puedes preguntar por otros productos que tenemos para ti y as\u00ed adquirirlos seg\u00fan tu necesidad para\u00a0 tus proyectos.<\/p>\n<p>Adem\u00e1s de vender realizamos todo tipo de proyectos de Rob\u00f3tica Electr\u00f3nica y de Programaci\u00f3n en Arduino-Raspberry, brindamos asesoramiento en la elaboraci\u00f3n de proyectos y personalizamos sus clases cuando deseas armar un robot.<\/p>\n<p>Somos importadores Directos de todo en Electr\u00f3nica y Rob\u00f3tica directamente desde los fabricantes, a los mejores precios del mercado.<\/p>\n<div class=\"x11i5rnm xat24cr x1mh8g0r x1vvkbs xtlvy1s x126k92a\">\n<div dir=\"auto\">SERVICIO PERSONALIZADO, APOYO TEORICO Y VENTA DE MATERIAL<\/div>\n<\/div>\n<div class=\"x11i5rnm xat24cr x1mh8g0r x1vvkbs xtlvy1s x126k92a\">\n<div dir=\"auto\">COTIZA CON NOSOTROS<\/div>\n<div dir=\"auto\">SERVICIO, EXPERIENCIA, CALIDAD Y CONFIANZA<\/div>\n<div dir=\"auto\">\u00abTodo lo que buscas en un solo lugar\u00bb<\/div>\n<\/div>\n<div dir=\"auto\"><\/div>\n<p><img decoding=\"async\" class=\"aligncenter\" src=\"https:\/\/images.ua.prom.st\/1494267654_1494267654.jpg?PImaGE_ID=1494267654\" \/><\/p>\n<p style=\"text-align: center;\">Realizar un pedido en la web o por \u00a0<a href=\"https:\/\/api.whatsapp.com\/send?phone=593958753126\" target=\"_blank\" rel=\"noopener\">WHATSAPP<\/a>.<\/p>\n<p><img decoding=\"async\" class=\"aligncenter\" src=\"https:\/\/images.ua.prom.st\/1494267867_1494267867.jpg?PImaGE_ID=1494267867\" \/><\/p>\n<p style=\"text-align: center;\">Consulta con un asesor\u00a0 todas tus inquietudes.<\/p>\n<p><img decoding=\"async\" class=\"aligncenter\" src=\"https:\/\/images.ua.prom.st\/1494266627_1494266627.jpg?PImaGE_ID=1494266627\" \/><\/p>\n<p style=\"text-align: center;\">Pregunta las formas de pago.<\/p>\n<p><img decoding=\"async\" class=\"aligncenter\" src=\"https:\/\/images.ua.prom.st\/1494267985_1494267985.jpg?PImaGE_ID=1494267985\" \/><\/p>\n<p style=\"text-align: center;\">Tu pedido llega a la puerta de tu casa.<\/p>\n<p>&nbsp;<\/p>\n<p><strong>\u00a1\u00a1 PREG\u00daNTANOS Sin compromiso !!!!<\/strong><\/p>\n<p>Puede retirar sus pedidos en nuestra\u00a0<a href=\"https:\/\/www.electronicajnc.com\/web\/contactos\" target=\"_blank\" rel=\"noopener\">TIENDA F\u00cdSICA<\/a>\u00a0o realizar sus pedidos\u00a0<a href=\"https:\/\/www.electronicajnc.com\/web\/mi-cuenta\" target=\"_blank\" rel=\"noopener\">ONLINE<\/a>\u00a0o por\u00a0<a href=\"https:\/\/api.whatsapp.com\/send?phone=593958753126\" target=\"_blank\" rel=\"noopener\">WHATSAPP<\/a>.<\/p>\n<p>&nbsp;<\/p>\n<p>&nbsp;<\/p>\n","protected":false},"excerpt":{"rendered":"<p>Sensor Lector De Huellas Biometrico AS608 &nbsp; El dispositivo tiene la capacidad de almacenar hasta 162 huellas dactilares en su memoria FLASH interna. El LED del dispositivo se ilumina cada que se encuentra tomando im\u00e1genes en busca de huellas digitales. El Sensor Huella As608 es un sensor biom\u00e9trico, permite realizar sistemas de procesamiento digital de [&hellip;]<\/p>\n","protected":false},"featured_media":1899,"comment_status":"closed","ping_status":"closed","template":"","meta":{"saved_in_kubio":false,"_joinchat":[]},"product_brand":[],"product_cat":[21,223],"product_tag":[1450,1451,1452,1453,470,1454,1455,1456,1457,1458,408,1459,1460,1461,1462],"class_list":{"0":"post-1898","1":"product","2":"type-product","3":"status-publish","4":"has-post-thumbnail","6":"product_cat-modulos_sensores","7":"product_cat-sensores","8":"product_tag-as","9":"product_tag-as608","10":"product_tag-as608-arduino","11":"product_tag-dactilar","12":"product_tag-digital","13":"product_tag-huella","14":"product_tag-identificador-de-huellas-dactilares","15":"product_tag-lector","16":"product_tag-lector-de-huella","17":"product_tag-lector-de-huella-digital","18":"product_tag-modulo","19":"product_tag-modulo-as608","20":"product_tag-sensor-huella-dactilar","21":"product_tag-tutorial-lector-de-huella","22":"product_tag-uno-r4-shields-sensores-actuadores","24":"first","25":"instock","26":"taxable","27":"shipping-taxable","28":"product-type-simple"},"yoast_head":"<!-- This site is optimized with the Yoast SEO plugin v27.6 - https:\/\/yoast.com\/product\/yoast-seo-wordpress\/ -->\n<title>Sensor Lector De Huellas Biometrico AS608 - Electronica JNC<\/title>\n<meta name=\"description\" content=\"Sensor Lector De Huellas Biometrico AS608 El dispositivo tiene la capacidad de almacenar hasta 162 huellas dactilares en su memoria FLASH interna.\" \/>\n<meta name=\"robots\" content=\"index, follow, max-snippet:-1, max-image-preview:large, max-video-preview:-1\" \/>\n<link rel=\"canonical\" href=\"https:\/\/www.electronicajnc.com\/web\/producto\/sensor-lector-de-huellas-biometrico-as608\/\" \/>\n<meta property=\"og:locale\" content=\"es_ES\" \/>\n<meta property=\"og:type\" content=\"article\" \/>\n<meta property=\"og:title\" content=\"Sensor Lector De Huellas Biometrico AS608 - Electronica JNC\" \/>\n<meta property=\"og:description\" content=\"Sensor Lector De Huellas Biometrico AS608 El dispositivo tiene la capacidad de almacenar hasta 162 huellas dactilares en su memoria FLASH interna.\" \/>\n<meta property=\"og:url\" content=\"https:\/\/www.electronicajnc.com\/web\/producto\/sensor-lector-de-huellas-biometrico-as608\/\" \/>\n<meta property=\"og:site_name\" content=\"Electronica JNC\" \/>\n<meta property=\"article:modified_time\" content=\"2025-04-23T22:47:33+00:00\" \/>\n<meta property=\"og:image\" content=\"https:\/\/www.electronicajnc.com\/web\/wp-content\/uploads\/2024\/11\/sensor-de-huella.jpg\" \/>\n\t<meta property=\"og:image:width\" content=\"1028\" \/>\n\t<meta property=\"og:image:height\" content=\"1115\" \/>\n\t<meta property=\"og:image:type\" content=\"image\/jpeg\" \/>\n<meta name=\"twitter:card\" content=\"summary_large_image\" \/>\n<meta name=\"twitter:label1\" content=\"Tiempo de lectura\" \/>\n\t<meta name=\"twitter:data1\" content=\"3 minutos\" \/>\n<script type=\"application\/ld+json\" class=\"yoast-schema-graph\">{\"@context\":\"https:\\\/\\\/schema.org\",\"@graph\":[{\"@type\":\"WebPage\",\"@id\":\"https:\\\/\\\/www.electronicajnc.com\\\/web\\\/producto\\\/sensor-lector-de-huellas-biometrico-as608\\\/\",\"url\":\"https:\\\/\\\/www.electronicajnc.com\\\/web\\\/producto\\\/sensor-lector-de-huellas-biometrico-as608\\\/\",\"name\":\"Sensor Lector De Huellas Biometrico AS608 - Electronica JNC\",\"isPartOf\":{\"@id\":\"https:\\\/\\\/www.electronicajnc.com\\\/web\\\/#website\"},\"primaryImageOfPage\":{\"@id\":\"https:\\\/\\\/www.electronicajnc.com\\\/web\\\/producto\\\/sensor-lector-de-huellas-biometrico-as608\\\/#primaryimage\"},\"image\":{\"@id\":\"https:\\\/\\\/www.electronicajnc.com\\\/web\\\/producto\\\/sensor-lector-de-huellas-biometrico-as608\\\/#primaryimage\"},\"thumbnailUrl\":\"https:\\\/\\\/www.electronicajnc.com\\\/web\\\/wp-content\\\/uploads\\\/2024\\\/11\\\/sensor-de-huella.jpg\",\"datePublished\":\"2024-11-25T22:47:47+00:00\",\"dateModified\":\"2025-04-23T22:47:33+00:00\",\"description\":\"Sensor Lector De Huellas Biometrico AS608 El dispositivo tiene la capacidad de almacenar hasta 162 huellas dactilares en su memoria FLASH interna.\",\"breadcrumb\":{\"@id\":\"https:\\\/\\\/www.electronicajnc.com\\\/web\\\/producto\\\/sensor-lector-de-huellas-biometrico-as608\\\/#breadcrumb\"},\"inLanguage\":\"es\",\"potentialAction\":[{\"@type\":\"ReadAction\",\"target\":[\"https:\\\/\\\/www.electronicajnc.com\\\/web\\\/producto\\\/sensor-lector-de-huellas-biometrico-as608\\\/\"]}]},{\"@type\":\"ImageObject\",\"inLanguage\":\"es\",\"@id\":\"https:\\\/\\\/www.electronicajnc.com\\\/web\\\/producto\\\/sensor-lector-de-huellas-biometrico-as608\\\/#primaryimage\",\"url\":\"https:\\\/\\\/www.electronicajnc.com\\\/web\\\/wp-content\\\/uploads\\\/2024\\\/11\\\/sensor-de-huella.jpg\",\"contentUrl\":\"https:\\\/\\\/www.electronicajnc.com\\\/web\\\/wp-content\\\/uploads\\\/2024\\\/11\\\/sensor-de-huella.jpg\",\"width\":1028,\"height\":1115,\"caption\":\"A\u00f1adir a la lista de deseos Lector Sensor Huella Dactilar Digital As608\"},{\"@type\":\"BreadcrumbList\",\"@id\":\"https:\\\/\\\/www.electronicajnc.com\\\/web\\\/producto\\\/sensor-lector-de-huellas-biometrico-as608\\\/#breadcrumb\",\"itemListElement\":[{\"@type\":\"ListItem\",\"position\":1,\"name\":\"Portada\",\"item\":\"https:\\\/\\\/www.electronicajnc.com\\\/web\\\/\"},{\"@type\":\"ListItem\",\"position\":2,\"name\":\"TIENDA\",\"item\":\"https:\\\/\\\/www.electronicajnc.com\\\/web\\\/tienda\\\/\"},{\"@type\":\"ListItem\",\"position\":3,\"name\":\"Sensor Lector De Huellas Biometrico AS608\"}]},{\"@type\":\"WebSite\",\"@id\":\"https:\\\/\\\/www.electronicajnc.com\\\/web\\\/#website\",\"url\":\"https:\\\/\\\/www.electronicajnc.com\\\/web\\\/\",\"name\":\"Electronica JNC\",\"description\":\"Robotica Tecnologia Mecatronica en Ecuador\",\"publisher\":{\"@id\":\"https:\\\/\\\/www.electronicajnc.com\\\/web\\\/#organization\"},\"potentialAction\":[{\"@type\":\"SearchAction\",\"target\":{\"@type\":\"EntryPoint\",\"urlTemplate\":\"https:\\\/\\\/www.electronicajnc.com\\\/web\\\/?s={search_term_string}\"},\"query-input\":{\"@type\":\"PropertyValueSpecification\",\"valueRequired\":true,\"valueName\":\"search_term_string\"}}],\"inLanguage\":\"es\"},{\"@type\":\"Organization\",\"@id\":\"https:\\\/\\\/www.electronicajnc.com\\\/web\\\/#organization\",\"name\":\"Electronica JNC\",\"url\":\"https:\\\/\\\/www.electronicajnc.com\\\/web\\\/\",\"logo\":{\"@type\":\"ImageObject\",\"inLanguage\":\"es\",\"@id\":\"https:\\\/\\\/www.electronicajnc.com\\\/web\\\/#\\\/schema\\\/logo\\\/image\\\/\",\"url\":\"https:\\\/\\\/www.electronicajnc.com\\\/web\\\/wp-content\\\/uploads\\\/2023\\\/06\\\/nuevo-logo.jpg\",\"contentUrl\":\"https:\\\/\\\/www.electronicajnc.com\\\/web\\\/wp-content\\\/uploads\\\/2023\\\/06\\\/nuevo-logo.jpg\",\"width\":1256,\"height\":612,\"caption\":\"Electronica JNC\"},\"image\":{\"@id\":\"https:\\\/\\\/www.electronicajnc.com\\\/web\\\/#\\\/schema\\\/logo\\\/image\\\/\"}}]}<\/script>\n<!-- \/ Yoast SEO plugin. -->","yoast_head_json":{"title":"Sensor Lector De Huellas Biometrico AS608 - Electronica JNC","description":"Sensor Lector De Huellas Biometrico AS608 El dispositivo tiene la capacidad de almacenar hasta 162 huellas dactilares en su memoria FLASH interna.","robots":{"index":"index","follow":"follow","max-snippet":"max-snippet:-1","max-image-preview":"max-image-preview:large","max-video-preview":"max-video-preview:-1"},"canonical":"https:\/\/www.electronicajnc.com\/web\/producto\/sensor-lector-de-huellas-biometrico-as608\/","og_locale":"es_ES","og_type":"article","og_title":"Sensor Lector De Huellas Biometrico AS608 - Electronica JNC","og_description":"Sensor Lector De Huellas Biometrico AS608 El dispositivo tiene la capacidad de almacenar hasta 162 huellas dactilares en su memoria FLASH interna.","og_url":"https:\/\/www.electronicajnc.com\/web\/producto\/sensor-lector-de-huellas-biometrico-as608\/","og_site_name":"Electronica JNC","article_modified_time":"2025-04-23T22:47:33+00:00","og_image":[{"width":1028,"height":1115,"url":"https:\/\/www.electronicajnc.com\/web\/wp-content\/uploads\/2024\/11\/sensor-de-huella.jpg","type":"image\/jpeg"}],"twitter_card":"summary_large_image","twitter_misc":{"Tiempo de lectura":"3 minutos"},"schema":{"@context":"https:\/\/schema.org","@graph":[{"@type":"WebPage","@id":"https:\/\/www.electronicajnc.com\/web\/producto\/sensor-lector-de-huellas-biometrico-as608\/","url":"https:\/\/www.electronicajnc.com\/web\/producto\/sensor-lector-de-huellas-biometrico-as608\/","name":"Sensor Lector De Huellas Biometrico AS608 - Electronica JNC","isPartOf":{"@id":"https:\/\/www.electronicajnc.com\/web\/#website"},"primaryImageOfPage":{"@id":"https:\/\/www.electronicajnc.com\/web\/producto\/sensor-lector-de-huellas-biometrico-as608\/#primaryimage"},"image":{"@id":"https:\/\/www.electronicajnc.com\/web\/producto\/sensor-lector-de-huellas-biometrico-as608\/#primaryimage"},"thumbnailUrl":"https:\/\/www.electronicajnc.com\/web\/wp-content\/uploads\/2024\/11\/sensor-de-huella.jpg","datePublished":"2024-11-25T22:47:47+00:00","dateModified":"2025-04-23T22:47:33+00:00","description":"Sensor Lector De Huellas Biometrico AS608 El dispositivo tiene la capacidad de almacenar hasta 162 huellas dactilares en su memoria FLASH interna.","breadcrumb":{"@id":"https:\/\/www.electronicajnc.com\/web\/producto\/sensor-lector-de-huellas-biometrico-as608\/#breadcrumb"},"inLanguage":"es","potentialAction":[{"@type":"ReadAction","target":["https:\/\/www.electronicajnc.com\/web\/producto\/sensor-lector-de-huellas-biometrico-as608\/"]}]},{"@type":"ImageObject","inLanguage":"es","@id":"https:\/\/www.electronicajnc.com\/web\/producto\/sensor-lector-de-huellas-biometrico-as608\/#primaryimage","url":"https:\/\/www.electronicajnc.com\/web\/wp-content\/uploads\/2024\/11\/sensor-de-huella.jpg","contentUrl":"https:\/\/www.electronicajnc.com\/web\/wp-content\/uploads\/2024\/11\/sensor-de-huella.jpg","width":1028,"height":1115,"caption":"A\u00f1adir a la lista de deseos Lector Sensor Huella Dactilar Digital As608"},{"@type":"BreadcrumbList","@id":"https:\/\/www.electronicajnc.com\/web\/producto\/sensor-lector-de-huellas-biometrico-as608\/#breadcrumb","itemListElement":[{"@type":"ListItem","position":1,"name":"Portada","item":"https:\/\/www.electronicajnc.com\/web\/"},{"@type":"ListItem","position":2,"name":"TIENDA","item":"https:\/\/www.electronicajnc.com\/web\/tienda\/"},{"@type":"ListItem","position":3,"name":"Sensor Lector De Huellas Biometrico AS608"}]},{"@type":"WebSite","@id":"https:\/\/www.electronicajnc.com\/web\/#website","url":"https:\/\/www.electronicajnc.com\/web\/","name":"Electronica JNC","description":"Robotica Tecnologia Mecatronica en Ecuador","publisher":{"@id":"https:\/\/www.electronicajnc.com\/web\/#organization"},"potentialAction":[{"@type":"SearchAction","target":{"@type":"EntryPoint","urlTemplate":"https:\/\/www.electronicajnc.com\/web\/?s={search_term_string}"},"query-input":{"@type":"PropertyValueSpecification","valueRequired":true,"valueName":"search_term_string"}}],"inLanguage":"es"},{"@type":"Organization","@id":"https:\/\/www.electronicajnc.com\/web\/#organization","name":"Electronica JNC","url":"https:\/\/www.electronicajnc.com\/web\/","logo":{"@type":"ImageObject","inLanguage":"es","@id":"https:\/\/www.electronicajnc.com\/web\/#\/schema\/logo\/image\/","url":"https:\/\/www.electronicajnc.com\/web\/wp-content\/uploads\/2023\/06\/nuevo-logo.jpg","contentUrl":"https:\/\/www.electronicajnc.com\/web\/wp-content\/uploads\/2023\/06\/nuevo-logo.jpg","width":1256,"height":612,"caption":"Electronica JNC"},"image":{"@id":"https:\/\/www.electronicajnc.com\/web\/#\/schema\/logo\/image\/"}}]}},"_links":{"self":[{"href":"https:\/\/www.electronicajnc.com\/web\/wp-json\/wp\/v2\/product\/1898","targetHints":{"allow":["GET"]}}],"collection":[{"href":"https:\/\/www.electronicajnc.com\/web\/wp-json\/wp\/v2\/product"}],"about":[{"href":"https:\/\/www.electronicajnc.com\/web\/wp-json\/wp\/v2\/types\/product"}],"replies":[{"embeddable":true,"href":"https:\/\/www.electronicajnc.com\/web\/wp-json\/wp\/v2\/comments?post=1898"}],"wp:featuredmedia":[{"embeddable":true,"href":"https:\/\/www.electronicajnc.com\/web\/wp-json\/wp\/v2\/media\/1899"}],"wp:attachment":[{"href":"https:\/\/www.electronicajnc.com\/web\/wp-json\/wp\/v2\/media?parent=1898"}],"wp:term":[{"taxonomy":"product_brand","embeddable":true,"href":"https:\/\/www.electronicajnc.com\/web\/wp-json\/wp\/v2\/product_brand?post=1898"},{"taxonomy":"product_cat","embeddable":true,"href":"https:\/\/www.electronicajnc.com\/web\/wp-json\/wp\/v2\/product_cat?post=1898"},{"taxonomy":"product_tag","embeddable":true,"href":"https:\/\/www.electronicajnc.com\/web\/wp-json\/wp\/v2\/product_tag?post=1898"}],"curies":[{"name":"wp","href":"https:\/\/api.w.org\/{rel}","templated":true}]}}